{"id":10240,"date":"2022-10-04T18:10:53","date_gmt":"2022-10-04T16:10:53","guid":{"rendered":"https:\/\/www.bulkgenetics.com\/weisses-karamell-cbd\/"},"modified":"2024-10-08T01:09:03","modified_gmt":"2024-10-07T23:09:03","slug":"white-caramel-cbd","status":"publish","type":"product","link":"https:\/\/bulkgenetics.com\/de\/white-caramel-cbd\/","title":{"rendered":"White Caramel CBD"},"content":{"rendered":"","protected":false},"excerpt":{"rendered":"<p>White Caramel CBD ist eine einfache und widerstandsf\u00e4hige Pflanze. Sie ist das Ergebnis der Kombination einer Selektion von Cream Caramel, von der sie den k\u00f6stlichen Geschmack und das Aroma von S\u00fc\u00dfigkeiten geerbt hat, mit einer Indica mit hohem CBD-Gehalt. Seine H\u00f6he ist mittelgro\u00df, zwischen 2 und 2,5 m. Sie wird sehr fr\u00fch, gegen Ende September, geerntet. Seine Knospen sind spektakul\u00e4r, steinhart, \u00fcberm\u00e4\u00dfig harzig und haben einen sehr s\u00fc\u00dfen und appetitlichen Geruch. Die Wirkung des hohen Cannabidiol-Gehalts ist auf der mentalen Ebene mild, aber auf der k\u00f6rperlichen Ebene intensiv und bewirkt Entspannung ohne jegliche Blockaden.<\/p>\n","protected":false},"featured_media":9203,"comment_status":"open","ping_status":"closed","template":"","meta":{"_acf_changed":false,"inline_featured_image":false,"_uag_custom_page_level_css":""},"product_brand":[],"product_cat":[1123],"product_tag":[],"class_list":{"0":"post-10240","1":"product","2":"type-product","3":"status-publish","4":"has-post-thumbnail","6":"product_cat-cbd-bulk-samen","8":"first","9":"instock","10":"taxable","11":"shipping-taxable","12":"purchasable","13":"product-type-simple"},"acf":[],"uagb_featured_image_src":{"full":["https:\/\/bulkgenetics.com\/wp-content\/uploads\/2022\/10\/White-Caramel-CBD.jpg",1600,1600,false],"thumbnail":["https:\/\/bulkgenetics.com\/wp-content\/uploads\/2022\/10\/White-Caramel-CBD-150x150.jpg",150,150,true],"medium":["https:\/\/bulkgenetics.com\/wp-content\/uploads\/2022\/10\/White-Caramel-CBD-300x300.jpg",300,300,true],"medium_large":["https:\/\/bulkgenetics.com\/wp-content\/uploads\/2022\/10\/White-Caramel-CBD-768x768.jpg",768,768,true],"large":["https:\/\/bulkgenetics.com\/wp-content\/uploads\/2022\/10\/White-Caramel-CBD-1024x1024.jpg",1024,1024,true],"1536x1536":["https:\/\/bulkgenetics.com\/wp-content\/uploads\/2022\/10\/White-Caramel-CBD-1536x1536.jpg",1536,1536,true],"2048x2048":["https:\/\/bulkgenetics.com\/wp-content\/uploads\/2022\/10\/White-Caramel-CBD.jpg",1600,1600,false],"commercegurus-pdp-large":["https:\/\/bulkgenetics.com\/wp-content\/uploads\/2022\/10\/White-Caramel-CBD-990x990.jpg",990,990,true],"commercegurus-plp-mobile":["https:\/\/bulkgenetics.com\/wp-content\/uploads\/2022\/10\/White-Caramel-CBD-441x441.jpg",441,441,true],"cgkit_image_swatch":["https:\/\/bulkgenetics.com\/wp-content\/uploads\/2022\/10\/White-Caramel-CBD-100x100.jpg",100,100,true],"woocommerce_thumbnail":["https:\/\/bulkgenetics.com\/wp-content\/uploads\/2022\/10\/White-Caramel-CBD-300x300.jpg",300,300,true],"woocommerce_single":["https:\/\/bulkgenetics.com\/wp-content\/uploads\/2022\/10\/White-Caramel-CBD-800x800.jpg",800,800,true],"woocommerce_gallery_thumbnail":["https:\/\/bulkgenetics.com\/wp-content\/uploads\/2022\/10\/White-Caramel-CBD-150x150.jpg",150,150,true],"dgwt-wcas-product-suggestion":["https:\/\/bulkgenetics.com\/wp-content\/uploads\/2022\/10\/White-Caramel-CBD-64x64.jpg",64,64,true]},"uagb_author_info":{"display_name":"Chris","author_link":"https:\/\/bulkgenetics.com\/de\/author\/"},"uagb_comment_info":0,"uagb_excerpt":"White Caramel CBD ist eine einfache und widerstandsf\u00e4hige Pflanze. Sie ist das Ergebnis der Kombination einer Selektion von Cream Caramel, von der sie den k\u00f6stlichen Geschmack und das Aroma von S\u00fc\u00dfigkeiten geerbt hat, mit einer Indica mit hohem CBD-Gehalt. Seine H\u00f6he ist mittelgro\u00df, zwischen 2 und 2,5 m. Sie wird sehr fr\u00fch, gegen Ende September,&hellip;","_links":{"self":[{"href":"https:\/\/bulkgenetics.com\/de\/wp-json\/wp\/v2\/product\/10240","targetHints":{"allow":["GET"]}}],"collection":[{"href":"https:\/\/bulkgenetics.com\/de\/wp-json\/wp\/v2\/product"}],"about":[{"href":"https:\/\/bulkgenetics.com\/de\/wp-json\/wp\/v2\/types\/product"}],"replies":[{"embeddable":true,"href":"https:\/\/bulkgenetics.com\/de\/wp-json\/wp\/v2\/comments?post=10240"}],"wp:featuredmedia":[{"embeddable":true,"href":"https:\/\/bulkgenetics.com\/de\/wp-json\/wp\/v2\/media\/9203"}],"wp:attachment":[{"href":"https:\/\/bulkgenetics.com\/de\/wp-json\/wp\/v2\/media?parent=10240"}],"wp:term":[{"taxonomy":"product_brand","embeddable":true,"href":"https:\/\/bulkgenetics.com\/de\/wp-json\/wp\/v2\/product_brand?post=10240"},{"taxonomy":"product_cat","embeddable":true,"href":"https:\/\/bulkgenetics.com\/de\/wp-json\/wp\/v2\/product_cat?post=10240"},{"taxonomy":"product_tag","embeddable":true,"href":"https:\/\/bulkgenetics.com\/de\/wp-json\/wp\/v2\/product_tag?post=10240"}],"curies":[{"name":"wp","href":"https:\/\/api.w.org\/{rel}","templated":true}]}}