{"id":10241,"date":"2022-10-04T18:10:20","date_gmt":"2022-10-04T16:10:20","guid":{"rendered":"https:\/\/www.bulkgenetics.com\/weisses-karamell\/"},"modified":"2024-10-08T01:09:03","modified_gmt":"2024-10-07T23:09:03","slug":"white-caramel","status":"publish","type":"product","link":"https:\/\/bulkgenetics.com\/de\/white-caramel\/","title":{"rendered":"White Caramel"},"content":{"rendered":"\n<p>Die <strong>White Caramel<\/strong> ist ein Cannabissorte, die dich vom ersten Moment an begeistern wird. Diese genetische Wunder stammt aus einer Selektion der ber\u00fchmten <strong>Cream Caramel<\/strong>, eine der ikonischsten Sorten der spanischen Samenbank <strong>Sweet Seeds<\/strong>. Die Urspr\u00fcnge dieses Juwels gehen auf eine sorgf\u00e4ltige Kombination von <strong>Blue Black<\/strong>, <strong>Maple Leaf Indica<\/strong> von <strong>Sensi Seeds<\/strong> und <strong>White Rhino<\/strong> von <strong>Greenhouse<\/strong> zur\u00fcck.<\/p>\n\n\n\n<p>Diese Pflanze hat eine typische Indica-Struktur, \u00e4hnlich einem Weihnachtsbaum. Sie ist kompakt, robust und w\u00e4chst vom ersten Tag an mit beeindruckender Vitalit\u00e4t. Die Buds sind ein echtes Spektakel, extrem kompakt und bedeckt mit einer so dicken Harzschicht, dass sie wie M\u00e4rchenjuwelen aussehen. Die Farben reichen von tiefem Gr\u00fcn bis zu purpurroten T\u00f6nen, verziert mit orangefarbenen Stempeln, die wunderbar mit dem gl\u00e4nzenden Harz kontrastieren.<\/p>\n\n\n\n<h2 class=\"wp-block-heading\">Geschmack und Wirkung<\/h2>\n\n\n\n<p>Das Aroma der <strong>White Caramel<\/strong> ist einfach himmlisch. Wenn du ein Glas dieser Sorte \u00f6ffnest, wirst du von einer s\u00fc\u00dfen, karamelligen Mischung begr\u00fc\u00dft, die dich in einen S\u00fc\u00dfwarenladen versetzt. Dieses Geschmacksprofil ist nicht nur s\u00fc\u00df, sondern hat auch einen erdigen und waldigen Hintergrund, eine Erbschaft ihrer <a href=\"https:\/\/bulkgenetics.com\/de\/blueberry\/\"><strong>Blueberry<\/strong><\/a> Gene. Jeder Zug ist ein sensorisches Erlebnis, das zitrusartige Anfangsnoten mit einem s\u00fc\u00dfen und erdigen Abgang kombiniert und einen karamelligen Nachgeschmack auf der Zunge hinterl\u00e4sst.<\/p>\n\n\n\n<p>Beim Konsum der White Caramel lassen die Effekte nicht lange auf sich warten. Diese Sorte ist bekannt f\u00fcr ihre starke Indica-Wirkung, die eine tiefe k\u00f6rperliche und geistige Entspannung hervorruft. Ideal zum Abschalten nach einem langen Tag, l\u00e4sst sie dich auf dem Sofa liegen oder f\u00fchrt dich direkt ins Bett f\u00fcr einen erholsamen Schlaf. Mit einem <strong>THC-Gehalt von 15% bis 20%<\/strong> bietet sie einen starken, aber handhabbaren Rausch, der ein Gef\u00fchl von Gl\u00fcck und Wohlbefinden erzeugt. Zudem hat sie einen <strong>niedrigen CBD-Gehalt von weniger als 1%<\/strong>, was ihre therapeutischen Effekte erg\u00e4nzt und sie ideal f\u00fcr die Behandlung von leichten Schmerzen und Stress macht.<\/p>\n\n\n\n<h3 class=\"wp-block-heading\">Terpene von White Caramel<\/h3>\n\n\n\n<p>Das Terpenprofil der <strong>White Caramel<\/strong> ist eine Symphonie aus Aromen und therapeutischen Vorteilen. Diese Sorte enth\u00e4lt Terpene wie <strong>Alpha-Pinen, Limonen und Linalool<\/strong>, die jeweils ihre eigenen einzigartigen Eigenschaften zum Gesamterlebnis beitragen.<\/p>\n\n\n\n<p>Das <strong>Alpha-Pinen<\/strong>, bekannt f\u00fcr seinen frischen Kiefernduft, wirkt als nat\u00fcrlicher Energiespender, hilft M\u00fcdigkeit zu reduzieren und die Konzentration zu verbessern. Es ist perfekt f\u00fcr die Momente, in denen du einen zus\u00e4tzlichen Schub brauchst, ohne dich \u00fcberw\u00e4ltigt zu f\u00fchlen.<\/p>\n\n\n\n<p>Das <strong>Limonen<\/strong> mit seinem erfrischenden Zitrusduft hebt nicht nur die Stimmung, sondern hat auch stressabbauende Eigenschaften. Dieses Terpen ist ideal f\u00fcr diejenigen, die eine Auszeit vom t\u00e4glichen Stress und eine Dosis Gl\u00fcck suchen.<\/p>\n\n\n\n<p>Schlie\u00dflich bringt das <strong>Linalool<\/strong> einen blumigen und beruhigenden Touch in das Profil der White Caramel. Dieses Terpen ist bekannt f\u00fcr seine beruhigenden Effekte und seine F\u00e4higkeit, Angstzust\u00e4nde und Muskelkr\u00e4mpfe zu lindern, und rundet so ein robustes und ausgewogenes therapeutisches Profil ab.<\/p>\n\n\n\n<h2 class=\"wp-block-heading\">Ertrag und Bl\u00fctezeit<\/h2>\n\n\n\n<p>Die <strong>White Caramel<\/strong> ist eine Sorte, die nicht nur durch ihren Geschmack und ihre Wirkung besticht, sondern auch durch ihre gro\u00dfz\u00fcgige Produktion. Sowohl Anf\u00e4nger als auch erfahrene Grower finden in dieser Sorte eine zuverl\u00e4ssige Partnerin f\u00fcr reichliche und qualitativ hochwertige Ernten.<\/p>\n\n\n\n<p>Beim <strong>Indoor-Anbau<\/strong> hat die White Caramel eine Bl\u00fctezeit von <strong>8 bis 9 Wochen<\/strong>. W\u00e4hrend dieser Zeit erreichen die Pflanzen ihr volles Potenzial und produzieren zwischen <strong>450 und 550 Gramm pro Quadratmeter<\/strong>. Sie ist perfekt f\u00fcr SOG (Sea of Green) Anbaumethoden geeignet, da sie die Produktion auf dicke Colas konzentrieren kann. Um die Produktion zu maximieren, empfiehlt es sich, eine s\u00e4ulenf\u00f6rmig wachsende Mutterpflanze zu w\u00e4hlen und T\u00f6pfe mit maximal 3 Litern zu verwenden.<\/p>\n\n\n\n<p>Beim <strong>Outdoor-Anbau<\/strong> zeigt die White Caramel ihre wahre St\u00e4rke. Wenn du den Anbau zu Beginn des Fr\u00fchlings startest, erreichen die Pflanzen eine H\u00f6he von etwa 2 Metern. Die Bl\u00fctezeit im Freien beginnt in der Regel ab der zweiten Julih\u00e4lfte bis Anfang August, und die Ernte kann zwischen <strong>Ende September und Anfang Oktober<\/strong> erfolgen. Unter diesen Bedingungen kannst du mit einer Produktion von <strong>600 bis 800 Gramm pro Pflanze<\/strong> rechnen, abh\u00e4ngig von Gr\u00f6\u00dfe und Klima. Bei optimalen Bedingungen k\u00f6nnen die Ertr\u00e4ge sogar bis zu <strong>900 Gramm pro Pflanze<\/strong> erreichen.<\/p>\n\n\n\n<h2 class=\"wp-block-heading\">Wie man White Caramel anbaut<\/h2>\n\n\n\n<p>Die <strong>White Caramel<\/strong> ist eine Sorte, die wir aufgrund ihrer einfachen Anbaubarkeit und Robustheit sehr empfehlen. Sie erfordert keine gro\u00dfen Vorkenntnisse und ist daher perfekt f\u00fcr Anf\u00e4nger geeignet. Im Folgenden geben wir unsere Tipps, um die besten Ergebnisse zu erzielen.<\/p>\n\n\n\n<h3 class=\"wp-block-heading\">Schwierigkeitsgrad des Anbaus<\/h3>\n\n\n\n<p>White Caramel ist eine sehr einfach zu kultivierende Sorte. Ihr gro\u00dfes Wachstumspotenzial und ihre schnelle Entwicklung ab dem ersten Tag machen sie zur idealen Wahl f\u00fcr diejenigen, die eine unkomplizierte Anbauweise suchen. Sie ben\u00f6tigt keine besonderen Pflegeanforderungen und ihre robuste Struktur gew\u00e4hrleistet eine erfolgreiche Ernte mit minimalem Aufwand.<\/p>\n\n\n\n<h3 class=\"wp-block-heading\">Klima und Anbaubedingungen<\/h3>\n\n\n\n<p>Diese Sorte passt sich gut an verschiedene Klimazonen an, bevorzugt jedoch gem\u00e4\u00dfigte und sonnige Bedingungen. Im Freien k\u00f6nnen die Pflanzen bis zu 2 Meter hoch werden, wenn sie ab dem fr\u00fchen Fr\u00fchling kultiviert werden. Im Innenbereich ist es wichtig, die Tagestemperaturen zwischen <strong>20\u00b0C und 27\u00b0C<\/strong> und die Nachttemperaturen etwas k\u00fchler zu halten. Au\u00dferdem ist es wichtig, die Luftfeuchtigkeit zu kontrollieren, indem man sie w\u00e4hrend der vegetativen Phase zwischen <strong>55% und 60%<\/strong> h\u00e4lt und w\u00e4hrend der Bl\u00fctezeit auf etwa <strong>40%<\/strong> senkt, um Schimmelprobleme zu vermeiden.<\/p>\n\n\n\n<h3 class=\"wp-block-heading\">Resistenz gegen Sch\u00e4dlinge und Krankheiten<\/h3>\n\n\n\n<p>White Caramel zeichnet sich durch ihre Widerstandsf\u00e4higkeit gegen\u00fcber Sch\u00e4dlingen und Krankheiten aus. Ihre kompakte und robuste Struktur macht sie weniger anf\u00e4llig f\u00fcr Angriffe von gew\u00f6hnlichen Sch\u00e4dlingen und sie vertr\u00e4gt gut widrige Bedingungen. Es ist jedoch immer ratsam, wachsam zu bleiben und vorbeugende Ma\u00dfnahmen zu ergreifen, um eine gesunde Ernte zu gew\u00e4hrleisten.<\/p>\n\n\n\n<div style=\"height:50px\" aria-hidden=\"true\" class=\"wp-block-spacer uag-hide-mob\"><\/div>\n\n\n\n<div class=\"wp-block-columns is-layout-flex wp-container-core-columns-is-layout-28f84493 wp-block-columns-is-layout-flex\">\n<div class=\"wp-block-column is-layout-flow wp-block-column-is-layout-flow\">\n<p class=\"has-text-align-center has-medium-font-size\"><strong>Was wir m\u00f6gen<\/strong><\/p>\n\n\n\n<ul class=\"wp-block-list\">\n<li>Einfach zu kultivieren und widerstandsf\u00e4hig.<\/li>\n\n\n\n<li>S\u00fc\u00dfer und karamelliger Geschmack.<\/li>\n\n\n\n<li>Hohe Ertr\u00e4ge sowohl im Innen- als auch im Au\u00dfenbereich.<\/li>\n\n\n\n<li>Entspannende und therapeutische Wirkungen.<\/li>\n<\/ul>\n<\/div>\n\n\n\n<div class=\"wp-block-column is-layout-flow wp-block-column-is-layout-flow\">\n<p class=\"has-text-align-center has-medium-font-size\"><strong>Was uns weniger gef\u00e4llt<\/strong><\/p>\n\n\n\n<ul class=\"wp-block-list\">\n<li>W\u00e4hrend der Bl\u00fcte sehr geruchsintensiv, erfordert m\u00f6glicherweise Geruchskontrollsysteme.<\/li>\n\n\n\n<li>Erfordert Feuchtigkeitskontrolle, um Schimmelprobleme zu vermeiden.<\/li>\n<\/ul>\n<\/div>\n<\/div>\n\n\n\n<div style=\"height:50px\" aria-hidden=\"true\" class=\"wp-block-spacer uag-hide-mob\"><\/div>\n\n\n\n<h2 class=\"wp-block-heading\">H\u00e4ufig gestellte Fragen<\/h2>\n\n\n\n<p>Im Folgenden findest du die Antworten auf die h\u00e4ufigsten Fragen von Growern, die an diesen g\u00fcnstigen Gro\u00dfhandelssamen interessiert sind:<\/p>\n\n\n<div id=\"rank-math-faq\" class=\"rank-math-block\">\n<div class=\"rank-math-list \">\n<div id=\"faq-question-1663029074962\" class=\"rank-math-list-item\">\n<h3 class=\"rank-math-question \">Ist White Caramel Sativa oder Indica?<\/h3>\n<div class=\"rank-math-answer \">\n\n<p>White Caramel ist \u00fcberwiegend eine Indica-Sorte. Indica-Sorten zeichnen sich durch ihre entspannende und sedierende Wirkung aus, ideal f\u00fcr den Abend oder zur Linderung von Stress und Schmerzen. Im Gegensatz dazu haben Sativa-Sorten meist eine belebendere und zerebrale Wirkung, die sich gut f\u00fcr Tagesaktivit\u00e4ten eignet. White Caramel kombiniert das Beste ihrer Indica-Elternteile, um ein tiefes Entspannungserlebnis zu bieten.<\/p>\n\n<\/div>\n<\/div>\n<div id=\"faq-question-1721741173627\" class=\"rank-math-list-item\">\n<h3 class=\"rank-math-question \">Welche Kreuzung ist White Caramel?<\/h3>\n<div class=\"rank-math-answer \">\n\n<p>White Caramel ist das Ergebnis einer sorgf\u00e4ltigen Kreuzung zwischen <strong>Blue Black<\/strong>, <strong>Maple Leaf Indica<\/strong> und <strong>White Rhino<\/strong>. Diese Kombination von Genetiken sorgt f\u00fcr eine robuste und einfach zu kultivierende Pflanze, deren Geschmack und Wirkung jeden Grower und Konsumenten begeistern.<\/p>\n\n<\/div>\n<\/div>\n<div id=\"faq-question-1721741205994\" class=\"rank-math-list-item\">\n<h3 class=\"rank-math-question \">Wann beginnt die Bl\u00fctezeit von White Caramel?<\/h3>\n<div class=\"rank-math-answer \">\n\n<p>Im Freien beginnt die Bl\u00fctezeit von White Caramel normalerweise in der zweiten Julih\u00e4lfte und dauert bis Anfang August. Es ist eine schnell bl\u00fchende Pflanze, die sich ideal f\u00fcr verschiedene Klimazonen eignet.<\/p>\n\n<\/div>\n<\/div>\n<div id=\"faq-question-1721741206906\" class=\"rank-math-list-item\">\n<h3 class=\"rank-math-question \">Wann wird White Caramel geerntet?<\/h3>\n<div class=\"rank-math-answer \">\n\n<p>White Caramel ist eine Sorte mit relativ kurzer Bl\u00fctezeit und kann im Freien zwischen Ende September und Anfang Oktober geerntet werden. Im Innenbereich ist sie nach etwa 8-9 Wochen nach der Umstellung auf den Bl\u00fctezyklus bereit f\u00fcr die Ernte.<\/p>\n\n<\/div>\n<\/div>\n<div id=\"faq-question-1721741246177\" class=\"rank-math-list-item\">\n<h3 class=\"rank-math-question \">Wie wird White Caramel angebaut?<\/h3>\n<div class=\"rank-math-answer \">\n\n<p>White Caramel ist eine einfach zu kultivierende Pflanze, die sich sowohl f\u00fcr Innen- als auch Au\u00dfenanbau eignet. Im Innenbereich empfehlen wir Techniken wie SOG (Sea of Green), um die Produktion zu maximieren. Im Freien ist es ideal, den Anbau Anfang Fr\u00fchling zu beginnen, damit die Pflanze ihre maximale H\u00f6he und Produktion erreichen kann.<\/p>\n\n<\/div>\n<\/div>\n<div id=\"faq-question-1721741250408\" class=\"rank-math-list-item\">\n<h3 class=\"rank-math-question \">Wie schmeckt White Caramel?<\/h3>\n<div class=\"rank-math-answer \">\n\n<p>Der Geschmack von White Caramel ist eine k\u00f6stliche Kombination aus S\u00fc\u00dfe und Erdigkeit, mit Karamellnoten, die an einen S\u00fc\u00dfwarenladen erinnern. Ihr Aroma ist ebenso s\u00fc\u00df und karamellig, mit einem erdigen Hintergrund, der von ihren Blueberry-Genen stammt.<\/p>\n\n<\/div>\n<\/div>\n<div id=\"faq-question-1721741252201\" class=\"rank-math-list-item\">\n<h3 class=\"rank-math-question \">Wie hoch ist der Cannabinoidgehalt von White Caramel?<\/h3>\n<div class=\"rank-math-answer \">\n\n<p>White Caramel hat einen THC-Gehalt, der zwischen <strong>15% und 20%<\/strong> variiert, was eine potente und entspannende Wirkung garantiert. Ihr CBD-Gehalt ist niedrig, in der Regel unter <strong>1%<\/strong>, was ihre therapeutischen Effekte erg\u00e4nzt, ohne die THC-Wirkung zu mindern.<\/p>\n\n<\/div>\n<\/div>\n<div id=\"faq-question-1721741253697\" class=\"rank-math-list-item\">\n<h3 class=\"rank-math-question \">Welche Wirkungen hat White Caramel?<\/h3>\n<div class=\"rank-math-answer \">\n\n<p>White Caramel ist bekannt f\u00fcr ihre entspannenden und beruhigenden Wirkungen. Sie ist ideal, um nach einem langen Tag abzuschalten, dich auf dem Sofa zu entspannen oder zu einem erholsamen Schlaf zu f\u00fchren. Sie ist auch wirksam bei der Behandlung von leichten Schmerzen und Stress und sorgt f\u00fcr ein Gef\u00fchl von Gl\u00fcck und Wohlbefinden.<\/p>\n\n<\/div>\n<\/div>\n<\/div>\n<\/div>\n","protected":false},"excerpt":{"rendered":"<p><b>White Caramel<\/b> bietet ein einfaches Anbauerlebnis und eine reiche Ernte mit <strong>dichten und harzigen Buds<\/strong>. Genie\u00dfe ihren <strong>s\u00fc\u00dfen und karamelligen Geschmack<\/strong> und entspanne dich tief mit ihrer <strong>starken Indica-Wirkung<\/strong>. Ideal f\u00fcr alle, die Qualit\u00e4t und Einfachheit in einer einzigen Sorte suchen.<\/p>\n","protected":false},"featured_media":26448,"comment_status":"open","ping_status":"closed","template":"","meta":{"_acf_changed":false,"inline_featured_image":false,"_uag_custom_page_level_css":""},"product_brand":[],"product_cat":[1097],"product_tag":[],"class_list":{"0":"post-10241","1":"product","2":"type-product","3":"status-publish","4":"has-post-thumbnail","6":"product_cat-feminisierte-cannabis-samen","8":"first","9":"instock","10":"taxable","11":"shipping-taxable","12":"purchasable","13":"product-type-simple"},"acf":[],"uagb_featured_image_src":{"full":["https:\/\/bulkgenetics.com\/wp-content\/uploads\/2022\/10\/white-caramel-strain-feminized-cannabis-seeds.jpg",1600,1600,false],"thumbnail":["https:\/\/bulkgenetics.com\/wp-content\/uploads\/2022\/10\/white-caramel-strain-feminized-cannabis-seeds-150x150.jpg",150,150,true],"medium":["https:\/\/bulkgenetics.com\/wp-content\/uploads\/2022\/10\/white-caramel-strain-feminized-cannabis-seeds-300x300.jpg",300,300,true],"medium_large":["https:\/\/bulkgenetics.com\/wp-content\/uploads\/2022\/10\/white-caramel-strain-feminized-cannabis-seeds-768x768.jpg",768,768,true],"large":["https:\/\/bulkgenetics.com\/wp-content\/uploads\/2022\/10\/white-caramel-strain-feminized-cannabis-seeds-1024x1024.jpg",1024,1024,true],"1536x1536":["https:\/\/bulkgenetics.com\/wp-content\/uploads\/2022\/10\/white-caramel-strain-feminized-cannabis-seeds-1536x1536.jpg",1536,1536,true],"2048x2048":["https:\/\/bulkgenetics.com\/wp-content\/uploads\/2022\/10\/white-caramel-strain-feminized-cannabis-seeds.jpg",1600,1600,false],"commercegurus-pdp-large":["https:\/\/bulkgenetics.com\/wp-content\/uploads\/2022\/10\/white-caramel-strain-feminized-cannabis-seeds-990x990.jpg",990,990,true],"commercegurus-plp-mobile":["https:\/\/bulkgenetics.com\/wp-content\/uploads\/2022\/10\/white-caramel-strain-feminized-cannabis-seeds-441x441.jpg",441,441,true],"cgkit_image_swatch":["https:\/\/bulkgenetics.com\/wp-content\/uploads\/2022\/10\/white-caramel-strain-feminized-cannabis-seeds-100x100.jpg",100,100,true],"woocommerce_thumbnail":["https:\/\/bulkgenetics.com\/wp-content\/uploads\/2022\/10\/white-caramel-strain-feminized-cannabis-seeds-300x300.jpg",300,300,true],"woocommerce_single":["https:\/\/bulkgenetics.com\/wp-content\/uploads\/2022\/10\/white-caramel-strain-feminized-cannabis-seeds-800x800.jpg",800,800,true],"woocommerce_gallery_thumbnail":["https:\/\/bulkgenetics.com\/wp-content\/uploads\/2022\/10\/white-caramel-strain-feminized-cannabis-seeds-150x150.jpg",150,150,true],"dgwt-wcas-product-suggestion":["https:\/\/bulkgenetics.com\/wp-content\/uploads\/2022\/10\/white-caramel-strain-feminized-cannabis-seeds-64x64.jpg",64,64,true]},"uagb_author_info":{"display_name":"Bruno Crespo","author_link":"https:\/\/bulkgenetics.com\/de\/author\/"},"uagb_comment_info":0,"uagb_excerpt":"White Caramel bietet ein einfaches Anbauerlebnis und eine reiche Ernte mit dichten und harzigen Buds. Genie\u00dfe ihren s\u00fc\u00dfen und karamelligen Geschmack und entspanne dich tief mit ihrer starken Indica-Wirkung. Ideal f\u00fcr alle, die Qualit\u00e4t und Einfachheit in einer einzigen Sorte suchen.","_links":{"self":[{"href":"https:\/\/bulkgenetics.com\/de\/wp-json\/wp\/v2\/product\/10241","targetHints":{"allow":["GET"]}}],"collection":[{"href":"https:\/\/bulkgenetics.com\/de\/wp-json\/wp\/v2\/product"}],"about":[{"href":"https:\/\/bulkgenetics.com\/de\/wp-json\/wp\/v2\/types\/product"}],"replies":[{"embeddable":true,"href":"https:\/\/bulkgenetics.com\/de\/wp-json\/wp\/v2\/comments?post=10241"}],"wp:featuredmedia":[{"embeddable":true,"href":"https:\/\/bulkgenetics.com\/de\/wp-json\/wp\/v2\/media\/26448"}],"wp:attachment":[{"href":"https:\/\/bulkgenetics.com\/de\/wp-json\/wp\/v2\/media?parent=10241"}],"wp:term":[{"taxonomy":"product_brand","embeddable":true,"href":"https:\/\/bulkgenetics.com\/de\/wp-json\/wp\/v2\/product_brand?post=10241"},{"taxonomy":"product_cat","embeddable":true,"href":"https:\/\/bulkgenetics.com\/de\/wp-json\/wp\/v2\/product_cat?post=10241"},{"taxonomy":"product_tag","embeddable":true,"href":"https:\/\/bulkgenetics.com\/de\/wp-json\/wp\/v2\/product_tag?post=10241"}],"curies":[{"name":"wp","href":"https:\/\/api.w.org\/{rel}","templated":true}]}}