{"id":10242,"date":"2022-10-04T18:11:31","date_gmt":"2022-10-04T16:11:31","guid":{"rendered":"https:\/\/www.bulkgenetics.com\/weisses-karamell-schnelle-version\/"},"modified":"2024-10-08T01:09:03","modified_gmt":"2024-10-07T23:09:03","slug":"caramel-fast-version","status":"publish","type":"product","link":"https:\/\/bulkgenetics.com\/de\/caramel-fast-version\/","title":{"rendered":"Caramel Fast Version"},"content":{"rendered":"\n<p><strong>Caramel Fast Version<\/strong> ist eine feminisierte Marihuanasorte mit <strong>sehr schneller Bl\u00fctezeit<\/strong>. Es ist eine \u00fcberwiegend Indica-dominante Sorte, die Z\u00fcchter in Gebieten mit sehr kurzen Sommern begeistern wird.<\/p>\n\n\n\n<p>Es handelt sich um eine Version unserer <a href=\"https:\/\/bulkgenetics.com\/es\/white-caramel\/\"><strong>Caramel<\/strong><\/a>, eine Auswahl von Cream Caramel von Sweet Seeds, die sich durch ihre S\u00fc\u00dfe, Produktion und starke Wirkungen auszeichnet. Durch die Kombination mit einer Ruderalis erbt die erste Generation nicht das autoflowering Gen, sondern verk\u00fcrzt einfach die Bl\u00fctezeit.<\/p>\n\n\n\n<h2 class=\"wp-block-heading\">Wie man Caramel Fast Version anbaut<\/h2>\n\n\n\n<p>Es ist eine sehr einfache Pflanze, die elegant und schnell w\u00e4chst. Mit minimaler Pflege sind immer beeindruckende Ernten garantiert.<\/p>\n\n\n\n<p><strong>Im Freien<\/strong> bleibt sie recht unauff\u00e4llig mit einer H\u00f6he von <strong>2-2,5 Metern<\/strong>. Ihre Struktur ist kompakt, mit dicken \u00c4sten, die sich mit riesigen Knospen f\u00fcllen werden.<\/p>\n\n\n\n<p>Die <strong>Bl\u00fctezeit ist sehr kurz und die Ernte erfolgt Mitte September,<\/strong> weit bevor die ersten Herbstregen die Bl\u00fcten besch\u00e4digen k\u00f6nnen.<\/p>\n\n\n\n<p><strong>Im Innenbereich<\/strong> bleibt sie gedrungen und streckt sich nicht zu sehr. Die produktivsten Anbauten werden im SOG aus kleinen Stecklingen erzielt, wenn man eine gute Mutter mit mehr s\u00e4ulenf\u00f6rmigem Wachstum ausw\u00e4hlt.<\/p>\n\n\n\n<p>Nachdem der Lichtzyklus auf Bl\u00fcte umgestellt wurde, vergehen nur <strong>45-50 Tage, bevor man die klebrigen Bl\u00fcten ernten kann,<\/strong> die du dir vorstellen kannst.<\/p>\n\n\n\n<h2 class=\"wp-block-heading\">Eigenschaften von Caramel Fast Version<\/h2>\n\n\n\n<p>Die Ertr\u00e4ge sind sehr hoch, bis zu <strong>800 Gramm pro Pflanze<\/strong> im Freien. Innen k\u00f6nnen mit einem 300-350 W LED-Panel bis zu <strong>550 Gramm pro Quadratmeter<\/strong> erzielt werden.<\/p>\n\n\n\n<p>Die Knospen sind wundersch\u00f6n. Neben ihrer Gr\u00f6\u00dfe und H\u00e4rte wie Steine, sind sie vollst\u00e4ndig mit einer dicken Schicht Harz bedeckt. Sie ist sehr geeignet f\u00fcr die Herstellung des k\u00f6stlichsten Haschischs.<\/p>\n\n\n\n<p>Ihr <strong>Geschmack und Aroma<\/strong> sind ein Spektakel. Sie hat sehr s\u00fc\u00dfe Noten wie S\u00fc\u00dfigkeiten, die sich mit Zitrusnoten, Zypressen und einem erdigen Akzent vermischen.<\/p>\n\n\n\n<p>Was die <strong>Effekte<\/strong> angeht, mach es dir bequem, um eine intensive Entspannung zu genie\u00dfen, die dich in eine Welt f\u00fchrt, in der nur Gl\u00fcck existiert. Ideal, um sich nach einem harten Tag zu entspannen.<\/p>\n\n\n\n<div style=\"height:50px\" aria-hidden=\"true\" class=\"wp-block-spacer uag-hide-mob\"><\/div>\n\n\n\n<div class=\"wp-block-columns is-layout-flex wp-container-core-columns-is-layout-28f84493 wp-block-columns-is-layout-flex\">\n<div class=\"wp-block-column is-layout-flow wp-block-column-is-layout-flow\">\n<p class=\"has-text-align-center has-medium-font-size\"><strong>Was wir am meisten m\u00f6gen<\/strong><\/p>\n\n\n\n<ul class=\"wp-block-list\">\n<li>Sehr einfach anzubauen.<\/li>\n\n\n\n<li>Hohe Produktion.<\/li>\n\n\n\n<li>S\u00fc\u00dfer Geschmack nach S\u00fc\u00dfigkeiten.<\/li>\n\n\n\n<li>Sehr entspannende und gl\u00fcckliche Wirkungen.<\/li>\n\n\n\n<li>Der Preis.<\/li>\n<\/ul>\n<\/div>\n\n\n\n<div class=\"wp-block-column is-layout-flow wp-block-column-is-layout-flow\">\n<p class=\"has-text-align-center has-medium-font-size\"><strong>Was wir am wenigsten m\u00f6gen<\/strong><\/p>\n\n\n\n<ul class=\"wp-block-list\">\n<li>W\u00e4hrend der Bl\u00fcte ziemlich geruchsintensiv.<\/li>\n<\/ul>\n<\/div>\n<\/div>\n\n\n\n<div style=\"height:50px\" aria-hidden=\"true\" class=\"wp-block-spacer uag-hide-mob\"><\/div>\n\n\n\n<h2 class=\"wp-block-heading\">H\u00e4ufig gestellte Fragen<\/h2>\n\n\n\n<p>Im Folgenden beantworten wir die h\u00e4ufigsten Fragen, die uns von Anbauern zu diesen feminisierten Bulk-Samen gestellt werden:<\/p>\n\n\n<div id=\"rank-math-faq\" class=\"rank-math-block\">\n<div class=\"rank-math-list \">\n<div id=\"faq-question-1663029074962\" class=\"rank-math-list-item\">\n<h3 class=\"rank-math-question \">Wann beginnt die Caramel Fast Version im Freien zu bl\u00fchen?<\/h3>\n<div class=\"rank-math-answer \">\n\n<p>Die Bl\u00fcte beginnt zwischen Ende Juli und Anfang August.<\/p>\n\n<\/div>\n<\/div>\n<div id=\"faq-question-1663029159933\" class=\"rank-math-list-item\">\n<h3 class=\"rank-math-question \">Wann sollte man eine Caramel Fast Version im Freien schneiden?<\/h3>\n<div class=\"rank-math-answer \">\n\n<p>Es ist eine sehr schnell bl\u00fchende Sorte, die Mitte September geerntet wird.<\/p>\n\n<\/div>\n<\/div>\n<div id=\"faq-question-1663029165861\" class=\"rank-math-list-item\">\n<h3 class=\"rank-math-question \">Wie z\u00fcchtet man eine feminisierte Caramel Fast Version?<\/h3>\n<div class=\"rank-math-answer \">\n\n<p>Es ist eine sehr einfache Marihuana-Pflanze, die eine ziemlich diskrete H\u00f6he beh\u00e4lt. Sie passt sich jedem Klima an.<\/p>\n\n<\/div>\n<\/div>\n<div id=\"faq-question-1666780029954\" class=\"rank-math-list-item\">\n<h3 class=\"rank-math-question \">Welche Wirkungen hat die Caramel Fast Version im Bulk?<\/h3>\n<div class=\"rank-math-answer \">\n\n<p>Die Wirkungen sind entspannend und gl\u00fccklich, ideal zum Genie\u00dfen am Abend oder nach einem harten Tag.<\/p>\n\n<\/div>\n<\/div>\n<\/div>\n<\/div>","protected":false},"excerpt":{"rendered":"<p>Caramel Fast Version ist eine super schnell bl\u00fchende Sorte von nur 7 Wochen. Dies ist eine Version von Cream Caramel, einem k\u00f6stlichen Indica-dominanten Hybriden, von dem sie ihren k\u00f6stlichen Geschmack nach s\u00fc\u00dfen Geleebohnen geerbt hat. Sie ist au\u00dferdem sehr einfach anzubauen und sehr dankbar. Seine Knospen sind immer gro\u00df, kompakt und mit einer dicken, salbungsvollen Schicht aus wei\u00dfem Harz bedeckt. Die Wirkung ist haupts\u00e4chlich entspannend, ideal um den Tag zu beenden und alle Sorgen zu vergessen.<\/p>\n","protected":false},"featured_media":23873,"comment_status":"open","ping_status":"closed","template":"","meta":{"_acf_changed":false,"inline_featured_image":false,"_uag_custom_page_level_css":""},"product_brand":[],"product_cat":[3569],"product_tag":[],"class_list":{"0":"post-10242","1":"product","2":"type-product","3":"status-publish","4":"has-post-thumbnail","6":"product_cat-fast-version-seeds","8":"first","9":"instock","10":"taxable","11":"shipping-taxable","12":"purchasable","13":"product-type-simple"},"acf":[],"uagb_featured_image_src":{"full":["https:\/\/bulkgenetics.com\/wp-content\/uploads\/2022\/10\/caramel-fast-version.jpg",1600,1600,false],"thumbnail":["https:\/\/bulkgenetics.com\/wp-content\/uploads\/2022\/10\/caramel-fast-version-150x150.jpg",150,150,true],"medium":["https:\/\/bulkgenetics.com\/wp-content\/uploads\/2022\/10\/caramel-fast-version-300x300.jpg",300,300,true],"medium_large":["https:\/\/bulkgenetics.com\/wp-content\/uploads\/2022\/10\/caramel-fast-version-768x768.jpg",768,768,true],"large":["https:\/\/bulkgenetics.com\/wp-content\/uploads\/2022\/10\/caramel-fast-version-1024x1024.jpg",1024,1024,true],"1536x1536":["https:\/\/bulkgenetics.com\/wp-content\/uploads\/2022\/10\/caramel-fast-version-1536x1536.jpg",1536,1536,true],"2048x2048":["https:\/\/bulkgenetics.com\/wp-content\/uploads\/2022\/10\/caramel-fast-version.jpg",1600,1600,false],"commercegurus-pdp-large":["https:\/\/bulkgenetics.com\/wp-content\/uploads\/2022\/10\/caramel-fast-version-990x990.jpg",990,990,true],"commercegurus-plp-mobile":["https:\/\/bulkgenetics.com\/wp-content\/uploads\/2022\/10\/caramel-fast-version-441x441.jpg",441,441,true],"cgkit_image_swatch":["https:\/\/bulkgenetics.com\/wp-content\/uploads\/2022\/10\/caramel-fast-version-100x100.jpg",100,100,true],"woocommerce_thumbnail":["https:\/\/bulkgenetics.com\/wp-content\/uploads\/2022\/10\/caramel-fast-version-300x300.jpg",300,300,true],"woocommerce_single":["https:\/\/bulkgenetics.com\/wp-content\/uploads\/2022\/10\/caramel-fast-version-800x800.jpg",800,800,true],"woocommerce_gallery_thumbnail":["https:\/\/bulkgenetics.com\/wp-content\/uploads\/2022\/10\/caramel-fast-version-150x150.jpg",150,150,true],"dgwt-wcas-product-suggestion":["https:\/\/bulkgenetics.com\/wp-content\/uploads\/2022\/10\/caramel-fast-version-64x64.jpg",64,64,true]},"uagb_author_info":{"display_name":"\u00c1ngel Flores","author_link":"https:\/\/bulkgenetics.com\/de\/author\/"},"uagb_comment_info":0,"uagb_excerpt":"Caramel Fast Version ist eine super schnell bl\u00fchende Sorte von nur 7 Wochen. Dies ist eine Version von Cream Caramel, einem k\u00f6stlichen Indica-dominanten Hybriden, von dem sie ihren k\u00f6stlichen Geschmack nach s\u00fc\u00dfen Geleebohnen geerbt hat. Sie ist au\u00dferdem sehr einfach anzubauen und sehr dankbar. Seine Knospen sind immer gro\u00df, kompakt und mit einer dicken, salbungsvollen&hellip;","_links":{"self":[{"href":"https:\/\/bulkgenetics.com\/de\/wp-json\/wp\/v2\/product\/10242","targetHints":{"allow":["GET"]}}],"collection":[{"href":"https:\/\/bulkgenetics.com\/de\/wp-json\/wp\/v2\/product"}],"about":[{"href":"https:\/\/bulkgenetics.com\/de\/wp-json\/wp\/v2\/types\/product"}],"replies":[{"embeddable":true,"href":"https:\/\/bulkgenetics.com\/de\/wp-json\/wp\/v2\/comments?post=10242"}],"wp:featuredmedia":[{"embeddable":true,"href":"https:\/\/bulkgenetics.com\/de\/wp-json\/wp\/v2\/media\/23873"}],"wp:attachment":[{"href":"https:\/\/bulkgenetics.com\/de\/wp-json\/wp\/v2\/media?parent=10242"}],"wp:term":[{"taxonomy":"product_brand","embeddable":true,"href":"https:\/\/bulkgenetics.com\/de\/wp-json\/wp\/v2\/product_brand?post=10242"},{"taxonomy":"product_cat","embeddable":true,"href":"https:\/\/bulkgenetics.com\/de\/wp-json\/wp\/v2\/product_cat?post=10242"},{"taxonomy":"product_tag","embeddable":true,"href":"https:\/\/bulkgenetics.com\/de\/wp-json\/wp\/v2\/product_tag?post=10242"}],"curies":[{"name":"wp","href":"https:\/\/api.w.org\/{rel}","templated":true}]}}