{"id":10258,"date":"2022-10-05T10:46:59","date_gmt":"2022-10-05T08:46:59","guid":{"rendered":"https:\/\/www.bulkgenetics.com\/amnesie-regelmaessig\/"},"modified":"2024-10-08T01:09:02","modified_gmt":"2024-10-07T23:09:02","slug":"amnesia-regular","status":"publish","type":"product","link":"https:\/\/bulkgenetics.com\/de\/amnesia-regular\/","title":{"rendered":"Amnesia Regul\u00e4r"},"content":{"rendered":"","protected":false},"excerpt":{"rendered":"<p>Amnesia Regular ist eine sehr Sativa-dominante Sorte, die als eine der besten Haze-Hybriden der Geschichte gilt. Sie ist eine pflegeleichte Pflanze, die im Freien bis zu 3 m hoch wird und eine durchschnittliche Bl\u00fctezeit von 10-12 Wochen hat. Die Ertr\u00e4ge sind ihrer Gr\u00f6\u00dfe angemessen, monstr\u00f6s. Sie produziert gro\u00dfe harzhaltige Knospen mit einem scharfen, w\u00fcrzigen und fruchtigen Aroma und Geschmack. Die Wirkung ist sehr stark und intensiv, sie wird deine Batterien zu jeder Tageszeit aufladen und ein breites, unvermeidliches L\u00e4cheln wird dein Gesicht erhellen.<\/p>\n","protected":false},"featured_media":8998,"comment_status":"open","ping_status":"closed","template":"","meta":{"_acf_changed":false,"inline_featured_image":false,"_uag_custom_page_level_css":""},"product_brand":[],"product_cat":[2490],"product_tag":[],"class_list":{"0":"post-10258","1":"product","2":"type-product","3":"status-publish","4":"has-post-thumbnail","6":"product_cat-lose-regulare-samen","8":"first","9":"instock","10":"taxable","11":"shipping-taxable","12":"purchasable","13":"product-type-simple"},"acf":[],"uagb_featured_image_src":{"full":["https:\/\/bulkgenetics.com\/wp-content\/uploads\/2022\/09\/Amnesia.jpg",1600,1600,false],"thumbnail":["https:\/\/bulkgenetics.com\/wp-content\/uploads\/2022\/09\/Amnesia-150x150.jpg",150,150,true],"medium":["https:\/\/bulkgenetics.com\/wp-content\/uploads\/2022\/09\/Amnesia-300x300.jpg",300,300,true],"medium_large":["https:\/\/bulkgenetics.com\/wp-content\/uploads\/2022\/09\/Amnesia-768x768.jpg",768,768,true],"large":["https:\/\/bulkgenetics.com\/wp-content\/uploads\/2022\/09\/Amnesia-1024x1024.jpg",1024,1024,true],"1536x1536":["https:\/\/bulkgenetics.com\/wp-content\/uploads\/2022\/09\/Amnesia-1536x1536.jpg",1536,1536,true],"2048x2048":["https:\/\/bulkgenetics.com\/wp-content\/uploads\/2022\/09\/Amnesia.jpg",1600,1600,false],"commercegurus-pdp-large":["https:\/\/bulkgenetics.com\/wp-content\/uploads\/2022\/09\/Amnesia-990x990.jpg",990,990,true],"commercegurus-plp-mobile":["https:\/\/bulkgenetics.com\/wp-content\/uploads\/2022\/09\/Amnesia-441x441.jpg",441,441,true],"cgkit_image_swatch":["https:\/\/bulkgenetics.com\/wp-content\/uploads\/2022\/09\/Amnesia-100x100.jpg",100,100,true],"woocommerce_thumbnail":["https:\/\/bulkgenetics.com\/wp-content\/uploads\/2022\/09\/Amnesia-300x300.jpg",300,300,true],"woocommerce_single":["https:\/\/bulkgenetics.com\/wp-content\/uploads\/2022\/09\/Amnesia-800x800.jpg",800,800,true],"woocommerce_gallery_thumbnail":["https:\/\/bulkgenetics.com\/wp-content\/uploads\/2022\/09\/Amnesia-150x150.jpg",150,150,true],"dgwt-wcas-product-suggestion":["https:\/\/bulkgenetics.com\/wp-content\/uploads\/2022\/09\/Amnesia-64x64.jpg",64,64,true]},"uagb_author_info":{"display_name":"Chris","author_link":"https:\/\/bulkgenetics.com\/de\/author\/"},"uagb_comment_info":0,"uagb_excerpt":"Amnesia Regular ist eine sehr Sativa-dominante Sorte, die als eine der besten Haze-Hybriden der Geschichte gilt. Sie ist eine pflegeleichte Pflanze, die im Freien bis zu 3 m hoch wird und eine durchschnittliche Bl\u00fctezeit von 10-12 Wochen hat. Die Ertr\u00e4ge sind ihrer Gr\u00f6\u00dfe angemessen, monstr\u00f6s. Sie produziert gro\u00dfe harzhaltige Knospen mit einem scharfen, w\u00fcrzigen und&hellip;","_links":{"self":[{"href":"https:\/\/bulkgenetics.com\/de\/wp-json\/wp\/v2\/product\/10258","targetHints":{"allow":["GET"]}}],"collection":[{"href":"https:\/\/bulkgenetics.com\/de\/wp-json\/wp\/v2\/product"}],"about":[{"href":"https:\/\/bulkgenetics.com\/de\/wp-json\/wp\/v2\/types\/product"}],"replies":[{"embeddable":true,"href":"https:\/\/bulkgenetics.com\/de\/wp-json\/wp\/v2\/comments?post=10258"}],"wp:featuredmedia":[{"embeddable":true,"href":"https:\/\/bulkgenetics.com\/de\/wp-json\/wp\/v2\/media\/8998"}],"wp:attachment":[{"href":"https:\/\/bulkgenetics.com\/de\/wp-json\/wp\/v2\/media?parent=10258"}],"wp:term":[{"taxonomy":"product_brand","embeddable":true,"href":"https:\/\/bulkgenetics.com\/de\/wp-json\/wp\/v2\/product_brand?post=10258"},{"taxonomy":"product_cat","embeddable":true,"href":"https:\/\/bulkgenetics.com\/de\/wp-json\/wp\/v2\/product_cat?post=10258"},{"taxonomy":"product_tag","embeddable":true,"href":"https:\/\/bulkgenetics.com\/de\/wp-json\/wp\/v2\/product_tag?post=10258"}],"curies":[{"name":"wp","href":"https:\/\/api.w.org\/{rel}","templated":true}]}}