{"id":10259,"date":"2022-10-05T10:47:17","date_gmt":"2022-10-05T08:47:17","guid":{"rendered":"https:\/\/www.bulkgenetics.com\/big-bud-regular\/"},"modified":"2024-10-08T01:09:02","modified_gmt":"2024-10-07T23:09:02","slug":"big-bud-regular","status":"publish","type":"product","link":"https:\/\/bulkgenetics.com\/de\/big-bud-regular\/","title":{"rendered":"Big Bud Regul\u00e4r"},"content":{"rendered":"","protected":false},"excerpt":{"rendered":"<p>Big Bud Regular ist eine sehr robuste Sorte, die ohne viel Pflege erstklassige Ernten garantiert. Es ist eine ber\u00fchmte niederl\u00e4ndische Genetik, der Vorl\u00e4ufer der Critical Mass. Mit einer durchschnittlichen Gr\u00f6\u00dfe von 2-2,5 Metern hat sie eine sehr kurze Bl\u00fctezeit von etwa 8 Wochen. Sie produziert riesige Knospen, kompakt wie Felsen und megaresin\u00f6s. Ein k\u00f6stlich w\u00fcrziger und fruchtiger Rauch wird dich in tiefe Entspannung wiegen. Sie ist ideal zum Einschlafen.<\/p>\n","protected":false},"featured_media":9143,"comment_status":"open","ping_status":"closed","template":"","meta":{"_acf_changed":false,"inline_featured_image":false,"_uag_custom_page_level_css":""},"product_brand":[],"product_cat":[2490],"product_tag":[],"class_list":{"0":"post-10259","1":"product","2":"type-product","3":"status-publish","4":"has-post-thumbnail","6":"product_cat-lose-regulare-samen","8":"first","9":"instock","10":"taxable","11":"shipping-taxable","12":"purchasable","13":"product-type-simple"},"acf":[],"uagb_featured_image_src":{"full":["https:\/\/bulkgenetics.com\/wp-content\/uploads\/2022\/10\/Big-Bud.jpg",1600,1600,false],"thumbnail":["https:\/\/bulkgenetics.com\/wp-content\/uploads\/2022\/10\/Big-Bud-150x150.jpg",150,150,true],"medium":["https:\/\/bulkgenetics.com\/wp-content\/uploads\/2022\/10\/Big-Bud-300x300.jpg",300,300,true],"medium_large":["https:\/\/bulkgenetics.com\/wp-content\/uploads\/2022\/10\/Big-Bud-768x768.jpg",768,768,true],"large":["https:\/\/bulkgenetics.com\/wp-content\/uploads\/2022\/10\/Big-Bud-1024x1024.jpg",1024,1024,true],"1536x1536":["https:\/\/bulkgenetics.com\/wp-content\/uploads\/2022\/10\/Big-Bud-1536x1536.jpg",1536,1536,true],"2048x2048":["https:\/\/bulkgenetics.com\/wp-content\/uploads\/2022\/10\/Big-Bud.jpg",1600,1600,false],"commercegurus-pdp-large":["https:\/\/bulkgenetics.com\/wp-content\/uploads\/2022\/10\/Big-Bud-990x990.jpg",990,990,true],"commercegurus-plp-mobile":["https:\/\/bulkgenetics.com\/wp-content\/uploads\/2022\/10\/Big-Bud-441x441.jpg",441,441,true],"cgkit_image_swatch":["https:\/\/bulkgenetics.com\/wp-content\/uploads\/2022\/10\/Big-Bud-100x100.jpg",100,100,true],"woocommerce_thumbnail":["https:\/\/bulkgenetics.com\/wp-content\/uploads\/2022\/10\/Big-Bud-300x300.jpg",300,300,true],"woocommerce_single":["https:\/\/bulkgenetics.com\/wp-content\/uploads\/2022\/10\/Big-Bud-800x800.jpg",800,800,true],"woocommerce_gallery_thumbnail":["https:\/\/bulkgenetics.com\/wp-content\/uploads\/2022\/10\/Big-Bud-150x150.jpg",150,150,true],"dgwt-wcas-product-suggestion":["https:\/\/bulkgenetics.com\/wp-content\/uploads\/2022\/10\/Big-Bud-64x64.jpg",64,64,true]},"uagb_author_info":{"display_name":"Chris","author_link":"https:\/\/bulkgenetics.com\/de\/author\/"},"uagb_comment_info":0,"uagb_excerpt":"Big Bud Regular ist eine sehr robuste Sorte, die ohne viel Pflege erstklassige Ernten garantiert. Es ist eine ber\u00fchmte niederl\u00e4ndische Genetik, der Vorl\u00e4ufer der Critical Mass. Mit einer durchschnittlichen Gr\u00f6\u00dfe von 2-2,5 Metern hat sie eine sehr kurze Bl\u00fctezeit von etwa 8 Wochen. Sie produziert riesige Knospen, kompakt wie Felsen und megaresin\u00f6s. Ein k\u00f6stlich w\u00fcrziger&hellip;","_links":{"self":[{"href":"https:\/\/bulkgenetics.com\/de\/wp-json\/wp\/v2\/product\/10259","targetHints":{"allow":["GET"]}}],"collection":[{"href":"https:\/\/bulkgenetics.com\/de\/wp-json\/wp\/v2\/product"}],"about":[{"href":"https:\/\/bulkgenetics.com\/de\/wp-json\/wp\/v2\/types\/product"}],"replies":[{"embeddable":true,"href":"https:\/\/bulkgenetics.com\/de\/wp-json\/wp\/v2\/comments?post=10259"}],"wp:featuredmedia":[{"embeddable":true,"href":"https:\/\/bulkgenetics.com\/de\/wp-json\/wp\/v2\/media\/9143"}],"wp:attachment":[{"href":"https:\/\/bulkgenetics.com\/de\/wp-json\/wp\/v2\/media?parent=10259"}],"wp:term":[{"taxonomy":"product_brand","embeddable":true,"href":"https:\/\/bulkgenetics.com\/de\/wp-json\/wp\/v2\/product_brand?post=10259"},{"taxonomy":"product_cat","embeddable":true,"href":"https:\/\/bulkgenetics.com\/de\/wp-json\/wp\/v2\/product_cat?post=10259"},{"taxonomy":"product_tag","embeddable":true,"href":"https:\/\/bulkgenetics.com\/de\/wp-json\/wp\/v2\/product_tag?post=10259"}],"curies":[{"name":"wp","href":"https:\/\/api.w.org\/{rel}","templated":true}]}}