{"id":10260,"date":"2022-10-04T18:13:04","date_gmt":"2022-10-04T16:13:04","guid":{"rendered":"https:\/\/www.bulkgenetics.com\/mandarine-karamell-schnelle-version\/"},"modified":"2025-10-28T20:32:08","modified_gmt":"2025-10-28T19:32:08","slug":"mandarine-caramel-fast-version","status":"publish","type":"product","link":"https:\/\/bulkgenetics.com\/de\/mandarine-caramel-fast-version\/","title":{"rendered":"Mandarine Caramel Fast Version"},"content":{"rendered":"","protected":false},"excerpt":{"rendered":"<p>Mandarine Caramel Fast Version ist eine leicht anbaubare und widerstandsf\u00e4hige Sorte. Sie hat eine superschnelle Bl\u00fctezeit und wird Anfang September geerntet, was sie perfekt f\u00fcr Gebiete mit kurzen Sommern macht. Sie bildet eine lange und dichte Spitze mit riesigen Knospen auch an den unteren Zweigen, sehr harzig und mit einem k\u00f6stlichen Aroma von s\u00fc\u00dfer Mandarine, das sie von ihren Diesel-Vorfahren geerbt hat. Die Wirkungen sind sehr ausgewogen zwischen k\u00f6rperlich und geistig. Nach einem energiegeladenen Start folgt eine sehr angenehme und sehr fr\u00f6hliche Entspannung.<\/p>\n","protected":false},"featured_media":11803,"comment_status":"open","ping_status":"closed","template":"","meta":{"_acf_changed":false,"inline_featured_image":false,"_uag_custom_page_level_css":""},"product_brand":[],"product_cat":[3569],"product_tag":[],"class_list":{"0":"post-10260","1":"product","2":"type-product","3":"status-publish","4":"has-post-thumbnail","6":"product_cat-fast-version-seeds","8":"first","9":"instock","10":"taxable","11":"shipping-taxable","12":"purchasable","13":"product-type-simple"},"acf":[],"uagb_featured_image_src":{"full":["https:\/\/bulkgenetics.com\/wp-content\/uploads\/2022\/10\/Mandarine-caramel-fast-version.jpg",1600,1600,false],"thumbnail":["https:\/\/bulkgenetics.com\/wp-content\/uploads\/2022\/10\/Mandarine-caramel-fast-version-150x150.jpg",150,150,true],"medium":["https:\/\/bulkgenetics.com\/wp-content\/uploads\/2022\/10\/Mandarine-caramel-fast-version-300x300.jpg",300,300,true],"medium_large":["https:\/\/bulkgenetics.com\/wp-content\/uploads\/2022\/10\/Mandarine-caramel-fast-version-768x768.jpg",768,768,true],"large":["https:\/\/bulkgenetics.com\/wp-content\/uploads\/2022\/10\/Mandarine-caramel-fast-version-1024x1024.jpg",1024,1024,true],"1536x1536":["https:\/\/bulkgenetics.com\/wp-content\/uploads\/2022\/10\/Mandarine-caramel-fast-version-1536x1536.jpg",1536,1536,true],"2048x2048":["https:\/\/bulkgenetics.com\/wp-content\/uploads\/2022\/10\/Mandarine-caramel-fast-version.jpg",1600,1600,false],"commercegurus-pdp-large":["https:\/\/bulkgenetics.com\/wp-content\/uploads\/2022\/10\/Mandarine-caramel-fast-version-990x990.jpg",990,990,true],"commercegurus-plp-mobile":["https:\/\/bulkgenetics.com\/wp-content\/uploads\/2022\/10\/Mandarine-caramel-fast-version-441x441.jpg",441,441,true],"cgkit_image_swatch":["https:\/\/bulkgenetics.com\/wp-content\/uploads\/2022\/10\/Mandarine-caramel-fast-version-100x100.jpg",100,100,true],"woocommerce_thumbnail":["https:\/\/bulkgenetics.com\/wp-content\/uploads\/2022\/10\/Mandarine-caramel-fast-version-300x300.jpg",300,300,true],"woocommerce_single":["https:\/\/bulkgenetics.com\/wp-content\/uploads\/2022\/10\/Mandarine-caramel-fast-version-800x800.jpg",800,800,true],"woocommerce_gallery_thumbnail":["https:\/\/bulkgenetics.com\/wp-content\/uploads\/2022\/10\/Mandarine-caramel-fast-version-150x150.jpg",150,150,true],"dgwt-wcas-product-suggestion":["https:\/\/bulkgenetics.com\/wp-content\/uploads\/2022\/10\/Mandarine-caramel-fast-version-64x64.jpg",64,64,true]},"uagb_author_info":{"display_name":"\u00c1ngel Flores","author_link":"https:\/\/bulkgenetics.com\/de\/author\/"},"uagb_comment_info":3,"uagb_excerpt":"Mandarine Caramel Fast Version ist eine leicht anbaubare und widerstandsf\u00e4hige Sorte. Sie hat eine superschnelle Bl\u00fctezeit und wird Anfang September geerntet, was sie perfekt f\u00fcr Gebiete mit kurzen Sommern macht. Sie bildet eine lange und dichte Spitze mit riesigen Knospen auch an den unteren Zweigen, sehr harzig und mit einem k\u00f6stlichen Aroma von s\u00fc\u00dfer Mandarine,&hellip;","_links":{"self":[{"href":"https:\/\/bulkgenetics.com\/de\/wp-json\/wp\/v2\/product\/10260","targetHints":{"allow":["GET"]}}],"collection":[{"href":"https:\/\/bulkgenetics.com\/de\/wp-json\/wp\/v2\/product"}],"about":[{"href":"https:\/\/bulkgenetics.com\/de\/wp-json\/wp\/v2\/types\/product"}],"replies":[{"embeddable":true,"href":"https:\/\/bulkgenetics.com\/de\/wp-json\/wp\/v2\/comments?post=10260"}],"wp:featuredmedia":[{"embeddable":true,"href":"https:\/\/bulkgenetics.com\/de\/wp-json\/wp\/v2\/media\/11803"}],"wp:attachment":[{"href":"https:\/\/bulkgenetics.com\/de\/wp-json\/wp\/v2\/media?parent=10260"}],"wp:term":[{"taxonomy":"product_brand","embeddable":true,"href":"https:\/\/bulkgenetics.com\/de\/wp-json\/wp\/v2\/product_brand?post=10260"},{"taxonomy":"product_cat","embeddable":true,"href":"https:\/\/bulkgenetics.com\/de\/wp-json\/wp\/v2\/product_cat?post=10260"},{"taxonomy":"product_tag","embeddable":true,"href":"https:\/\/bulkgenetics.com\/de\/wp-json\/wp\/v2\/product_tag?post=10260"}],"curies":[{"name":"wp","href":"https:\/\/api.w.org\/{rel}","templated":true}]}}