{"id":10261,"date":"2022-10-05T10:47:45","date_gmt":"2022-10-05T08:47:45","guid":{"rendered":"https:\/\/www.bulkgenetics.com\/heidelbeere-normal\/"},"modified":"2024-10-08T01:09:02","modified_gmt":"2024-10-07T23:09:02","slug":"blueberry-regular","status":"publish","type":"product","link":"https:\/\/bulkgenetics.com\/de\/blueberry-regular\/","title":{"rendered":"Blueberry Regul\u00e4r"},"content":{"rendered":"","protected":false},"excerpt":{"rendered":"<p>Blueberry Regular ist eine der leckersten Sorten, die es je gab. Sie ist ein indicadominierter Hybrid, der Genetik aus Thailand und Afghanistan kombiniert. Sie hat eine durchschnittliche Gr\u00f6\u00dfe von 2 Metern und eine kurze Bl\u00fctezeit von nur 8 Wochen. Die Ertr\u00e4ge sind durchschnittlich, aber die Qualit\u00e4t der Knospen macht das mehr als wett. Sie sind megahart und steinhart und haben wundersch\u00f6ne Blaut\u00f6ne. Der Geschmack ist ein Spektakel, sehr ausgepr\u00e4gte Heidelbeere. Die Wirkung ist zu jeder Tageszeit belebend und energetisierend.<\/p>\n","protected":false},"featured_media":9103,"comment_status":"open","ping_status":"closed","template":"","meta":{"_acf_changed":false,"inline_featured_image":false,"_uag_custom_page_level_css":""},"product_brand":[],"product_cat":[2490],"product_tag":[],"class_list":{"0":"post-10261","1":"product","2":"type-product","3":"status-publish","4":"has-post-thumbnail","6":"product_cat-lose-regulare-samen","8":"first","9":"instock","10":"taxable","11":"shipping-taxable","12":"purchasable","13":"product-type-simple"},"acf":[],"uagb_featured_image_src":{"full":["https:\/\/bulkgenetics.com\/wp-content\/uploads\/2022\/09\/Blueberry.jpg",1600,1600,false],"thumbnail":["https:\/\/bulkgenetics.com\/wp-content\/uploads\/2022\/09\/Blueberry-150x150.jpg",150,150,true],"medium":["https:\/\/bulkgenetics.com\/wp-content\/uploads\/2022\/09\/Blueberry-300x300.jpg",300,300,true],"medium_large":["https:\/\/bulkgenetics.com\/wp-content\/uploads\/2022\/09\/Blueberry-768x768.jpg",768,768,true],"large":["https:\/\/bulkgenetics.com\/wp-content\/uploads\/2022\/09\/Blueberry-1024x1024.jpg",1024,1024,true],"1536x1536":["https:\/\/bulkgenetics.com\/wp-content\/uploads\/2022\/09\/Blueberry-1536x1536.jpg",1536,1536,true],"2048x2048":["https:\/\/bulkgenetics.com\/wp-content\/uploads\/2022\/09\/Blueberry.jpg",1600,1600,false],"commercegurus-pdp-large":["https:\/\/bulkgenetics.com\/wp-content\/uploads\/2022\/09\/Blueberry-990x990.jpg",990,990,true],"commercegurus-plp-mobile":["https:\/\/bulkgenetics.com\/wp-content\/uploads\/2022\/09\/Blueberry-441x441.jpg",441,441,true],"cgkit_image_swatch":["https:\/\/bulkgenetics.com\/wp-content\/uploads\/2022\/09\/Blueberry-100x100.jpg",100,100,true],"woocommerce_thumbnail":["https:\/\/bulkgenetics.com\/wp-content\/uploads\/2022\/09\/Blueberry-300x300.jpg",300,300,true],"woocommerce_single":["https:\/\/bulkgenetics.com\/wp-content\/uploads\/2022\/09\/Blueberry-800x800.jpg",800,800,true],"woocommerce_gallery_thumbnail":["https:\/\/bulkgenetics.com\/wp-content\/uploads\/2022\/09\/Blueberry-150x150.jpg",150,150,true],"dgwt-wcas-product-suggestion":["https:\/\/bulkgenetics.com\/wp-content\/uploads\/2022\/09\/Blueberry-64x64.jpg",64,64,true]},"uagb_author_info":{"display_name":"Chris","author_link":"https:\/\/bulkgenetics.com\/de\/author\/"},"uagb_comment_info":1,"uagb_excerpt":"Blueberry Regular ist eine der leckersten Sorten, die es je gab. Sie ist ein indicadominierter Hybrid, der Genetik aus Thailand und Afghanistan kombiniert. Sie hat eine durchschnittliche Gr\u00f6\u00dfe von 2 Metern und eine kurze Bl\u00fctezeit von nur 8 Wochen. Die Ertr\u00e4ge sind durchschnittlich, aber die Qualit\u00e4t der Knospen macht das mehr als wett. Sie sind&hellip;","_links":{"self":[{"href":"https:\/\/bulkgenetics.com\/de\/wp-json\/wp\/v2\/product\/10261","targetHints":{"allow":["GET"]}}],"collection":[{"href":"https:\/\/bulkgenetics.com\/de\/wp-json\/wp\/v2\/product"}],"about":[{"href":"https:\/\/bulkgenetics.com\/de\/wp-json\/wp\/v2\/types\/product"}],"replies":[{"embeddable":true,"href":"https:\/\/bulkgenetics.com\/de\/wp-json\/wp\/v2\/comments?post=10261"}],"wp:featuredmedia":[{"embeddable":true,"href":"https:\/\/bulkgenetics.com\/de\/wp-json\/wp\/v2\/media\/9103"}],"wp:attachment":[{"href":"https:\/\/bulkgenetics.com\/de\/wp-json\/wp\/v2\/media?parent=10261"}],"wp:term":[{"taxonomy":"product_brand","embeddable":true,"href":"https:\/\/bulkgenetics.com\/de\/wp-json\/wp\/v2\/product_brand?post=10261"},{"taxonomy":"product_cat","embeddable":true,"href":"https:\/\/bulkgenetics.com\/de\/wp-json\/wp\/v2\/product_cat?post=10261"},{"taxonomy":"product_tag","embeddable":true,"href":"https:\/\/bulkgenetics.com\/de\/wp-json\/wp\/v2\/product_tag?post=10261"}],"curies":[{"name":"wp","href":"https:\/\/api.w.org\/{rel}","templated":true}]}}