{"id":10279,"date":"2022-10-05T10:48:12","date_gmt":"2022-10-05T08:48:12","guid":{"rendered":"https:\/\/www.bulkgenetics.com\/kritisch-regelmaessig\/"},"modified":"2024-10-08T01:09:01","modified_gmt":"2024-10-07T23:09:01","slug":"critical-regular","status":"publish","type":"product","link":"https:\/\/bulkgenetics.com\/de\/critical-regular\/","title":{"rendered":"Critical Regul\u00e4r"},"content":{"rendered":"","protected":false},"excerpt":{"rendered":"<p>Critical Regular ist eine indicadominierte Sorte, eine Kreuzung zwischen dem Critical Mass Bilbo Klon und einem Critical Mass Mann. Sie ist eine der am weitesten verbreiteten Pflanzen, die sowohl von Anf\u00e4ngern als auch von Veteranen angebaut wird, weil sie so stabil, einfach und ertragreich ist. Sie wird durchschnittlich 2-2,5 Meter hoch und hat biegsame \u00c4ste, die sich mit gro\u00dfen, faustharten, mega-klebrigen Knospen f\u00fcllen. Die Bl\u00fctezeit ist sehr kurz, die Ernte erfolgt in etwa 45-55 Tagen. Das fruchtige, zitrusartige Aroma und der Geschmack wecken die Geschmacksknospen, unmittelbar gefolgt von einem starken zerebralen Schlag. Nach und nach taucht der K\u00f6rper in einen Abgrund von Ruhe und Entspannung ein.<\/p>\n","protected":false},"featured_media":9153,"comment_status":"open","ping_status":"closed","template":"","meta":{"_acf_changed":false,"inline_featured_image":false,"_uag_custom_page_level_css":""},"product_brand":[],"product_cat":[2490],"product_tag":[],"class_list":{"0":"post-10279","1":"product","2":"type-product","3":"status-publish","4":"has-post-thumbnail","6":"product_cat-lose-regulare-samen","8":"first","9":"instock","10":"taxable","11":"shipping-taxable","12":"purchasable","13":"product-type-simple"},"acf":[],"uagb_featured_image_src":{"full":["https:\/\/bulkgenetics.com\/wp-content\/uploads\/2022\/10\/Critical.jpg",1600,1600,false],"thumbnail":["https:\/\/bulkgenetics.com\/wp-content\/uploads\/2022\/10\/Critical-150x150.jpg",150,150,true],"medium":["https:\/\/bulkgenetics.com\/wp-content\/uploads\/2022\/10\/Critical-300x300.jpg",300,300,true],"medium_large":["https:\/\/bulkgenetics.com\/wp-content\/uploads\/2022\/10\/Critical-768x768.jpg",768,768,true],"large":["https:\/\/bulkgenetics.com\/wp-content\/uploads\/2022\/10\/Critical-1024x1024.jpg",1024,1024,true],"1536x1536":["https:\/\/bulkgenetics.com\/wp-content\/uploads\/2022\/10\/Critical-1536x1536.jpg",1536,1536,true],"2048x2048":["https:\/\/bulkgenetics.com\/wp-content\/uploads\/2022\/10\/Critical.jpg",1600,1600,false],"commercegurus-pdp-large":["https:\/\/bulkgenetics.com\/wp-content\/uploads\/2022\/10\/Critical-990x990.jpg",990,990,true],"commercegurus-plp-mobile":["https:\/\/bulkgenetics.com\/wp-content\/uploads\/2022\/10\/Critical-441x441.jpg",441,441,true],"cgkit_image_swatch":["https:\/\/bulkgenetics.com\/wp-content\/uploads\/2022\/10\/Critical-100x100.jpg",100,100,true],"woocommerce_thumbnail":["https:\/\/bulkgenetics.com\/wp-content\/uploads\/2022\/10\/Critical-300x300.jpg",300,300,true],"woocommerce_single":["https:\/\/bulkgenetics.com\/wp-content\/uploads\/2022\/10\/Critical-800x800.jpg",800,800,true],"woocommerce_gallery_thumbnail":["https:\/\/bulkgenetics.com\/wp-content\/uploads\/2022\/10\/Critical-150x150.jpg",150,150,true],"dgwt-wcas-product-suggestion":["https:\/\/bulkgenetics.com\/wp-content\/uploads\/2022\/10\/Critical-64x64.jpg",64,64,true]},"uagb_author_info":{"display_name":"Chris","author_link":"https:\/\/bulkgenetics.com\/de\/author\/"},"uagb_comment_info":0,"uagb_excerpt":"Critical Regular ist eine indicadominierte Sorte, eine Kreuzung zwischen dem Critical Mass Bilbo Klon und einem Critical Mass Mann. Sie ist eine der am weitesten verbreiteten Pflanzen, die sowohl von Anf\u00e4ngern als auch von Veteranen angebaut wird, weil sie so stabil, einfach und ertragreich ist. Sie wird durchschnittlich 2-2,5 Meter hoch und hat biegsame \u00c4ste,&hellip;","_links":{"self":[{"href":"https:\/\/bulkgenetics.com\/de\/wp-json\/wp\/v2\/product\/10279","targetHints":{"allow":["GET"]}}],"collection":[{"href":"https:\/\/bulkgenetics.com\/de\/wp-json\/wp\/v2\/product"}],"about":[{"href":"https:\/\/bulkgenetics.com\/de\/wp-json\/wp\/v2\/types\/product"}],"replies":[{"embeddable":true,"href":"https:\/\/bulkgenetics.com\/de\/wp-json\/wp\/v2\/comments?post=10279"}],"wp:featuredmedia":[{"embeddable":true,"href":"https:\/\/bulkgenetics.com\/de\/wp-json\/wp\/v2\/media\/9153"}],"wp:attachment":[{"href":"https:\/\/bulkgenetics.com\/de\/wp-json\/wp\/v2\/media?parent=10279"}],"wp:term":[{"taxonomy":"product_brand","embeddable":true,"href":"https:\/\/bulkgenetics.com\/de\/wp-json\/wp\/v2\/product_brand?post=10279"},{"taxonomy":"product_cat","embeddable":true,"href":"https:\/\/bulkgenetics.com\/de\/wp-json\/wp\/v2\/product_cat?post=10279"},{"taxonomy":"product_tag","embeddable":true,"href":"https:\/\/bulkgenetics.com\/de\/wp-json\/wp\/v2\/product_tag?post=10279"}],"curies":[{"name":"wp","href":"https:\/\/api.w.org\/{rel}","templated":true}]}}