{"id":10281,"date":"2022-10-05T10:52:51","date_gmt":"2022-10-05T08:52:51","guid":{"rendered":"https:\/\/www.bulkgenetics.com\/jack-herer-regelmaessig\/"},"modified":"2024-10-08T01:09:01","modified_gmt":"2024-10-07T23:09:01","slug":"jack-herer-regular","status":"publish","type":"product","link":"https:\/\/bulkgenetics.com\/de\/jack-herer-regular\/","title":{"rendered":"Jack Herer Regul\u00e4r"},"content":{"rendered":"","protected":false},"excerpt":{"rendered":"<p>Jack Herer Regular ist eine Sativa-dominante Sorte und eine der meistverkauften und preisgekr\u00f6nten Sorten von Sensi Seeds. Sie ist ein Hybrid, der Skunk, Haze und Northern Lights #5 kombiniert, sehr einfach anzubauen und in den H\u00e4nden eines jeden Growers widerstandsf\u00e4hig. Sie wird 2,5-3 Meter hoch und hat eine mittlere Bl\u00fctezeit von 10-12 Wochen. Die Knospen sind spektakul\u00e4r, sowohl wegen ihrer Gr\u00f6\u00dfe als auch wegen ihrer H\u00e4rte und Geschmeidigkeit. Ein holl\u00e4ndischer Rauch der alten Schule mit einem Hauch von Gew\u00fcrzen und Kiefernholz wird den Konsumenten f\u00fcr lange Stunden mit Energie, Freude und Kreativit\u00e4t erf\u00fcllen.<\/p>\n","protected":false},"featured_media":9158,"comment_status":"open","ping_status":"closed","template":"","meta":{"_acf_changed":false,"inline_featured_image":false,"_uag_custom_page_level_css":""},"product_brand":[],"product_cat":[2490],"product_tag":[],"class_list":{"0":"post-10281","1":"product","2":"type-product","3":"status-publish","4":"has-post-thumbnail","6":"product_cat-lose-regulare-samen","8":"first","9":"instock","10":"taxable","11":"shipping-taxable","12":"purchasable","13":"product-type-simple"},"acf":[],"uagb_featured_image_src":{"full":["https:\/\/bulkgenetics.com\/wp-content\/uploads\/2022\/10\/Jack-Herer.jpg",1600,1600,false],"thumbnail":["https:\/\/bulkgenetics.com\/wp-content\/uploads\/2022\/10\/Jack-Herer-150x150.jpg",150,150,true],"medium":["https:\/\/bulkgenetics.com\/wp-content\/uploads\/2022\/10\/Jack-Herer-300x300.jpg",300,300,true],"medium_large":["https:\/\/bulkgenetics.com\/wp-content\/uploads\/2022\/10\/Jack-Herer-768x768.jpg",768,768,true],"large":["https:\/\/bulkgenetics.com\/wp-content\/uploads\/2022\/10\/Jack-Herer-1024x1024.jpg",1024,1024,true],"1536x1536":["https:\/\/bulkgenetics.com\/wp-content\/uploads\/2022\/10\/Jack-Herer-1536x1536.jpg",1536,1536,true],"2048x2048":["https:\/\/bulkgenetics.com\/wp-content\/uploads\/2022\/10\/Jack-Herer.jpg",1600,1600,false],"commercegurus-pdp-large":["https:\/\/bulkgenetics.com\/wp-content\/uploads\/2022\/10\/Jack-Herer-990x990.jpg",990,990,true],"commercegurus-plp-mobile":["https:\/\/bulkgenetics.com\/wp-content\/uploads\/2022\/10\/Jack-Herer-441x441.jpg",441,441,true],"cgkit_image_swatch":["https:\/\/bulkgenetics.com\/wp-content\/uploads\/2022\/10\/Jack-Herer-100x100.jpg",100,100,true],"woocommerce_thumbnail":["https:\/\/bulkgenetics.com\/wp-content\/uploads\/2022\/10\/Jack-Herer-300x300.jpg",300,300,true],"woocommerce_single":["https:\/\/bulkgenetics.com\/wp-content\/uploads\/2022\/10\/Jack-Herer-800x800.jpg",800,800,true],"woocommerce_gallery_thumbnail":["https:\/\/bulkgenetics.com\/wp-content\/uploads\/2022\/10\/Jack-Herer-150x150.jpg",150,150,true],"dgwt-wcas-product-suggestion":["https:\/\/bulkgenetics.com\/wp-content\/uploads\/2022\/10\/Jack-Herer-64x64.jpg",64,64,true]},"uagb_author_info":{"display_name":"Chris","author_link":"https:\/\/bulkgenetics.com\/de\/author\/"},"uagb_comment_info":1,"uagb_excerpt":"Jack Herer Regular ist eine Sativa-dominante Sorte und eine der meistverkauften und preisgekr\u00f6nten Sorten von Sensi Seeds. Sie ist ein Hybrid, der Skunk, Haze und Northern Lights #5 kombiniert, sehr einfach anzubauen und in den H\u00e4nden eines jeden Growers widerstandsf\u00e4hig. Sie wird 2,5-3 Meter hoch und hat eine mittlere Bl\u00fctezeit von 10-12 Wochen. Die Knospen&hellip;","_links":{"self":[{"href":"https:\/\/bulkgenetics.com\/de\/wp-json\/wp\/v2\/product\/10281","targetHints":{"allow":["GET"]}}],"collection":[{"href":"https:\/\/bulkgenetics.com\/de\/wp-json\/wp\/v2\/product"}],"about":[{"href":"https:\/\/bulkgenetics.com\/de\/wp-json\/wp\/v2\/types\/product"}],"replies":[{"embeddable":true,"href":"https:\/\/bulkgenetics.com\/de\/wp-json\/wp\/v2\/comments?post=10281"}],"wp:featuredmedia":[{"embeddable":true,"href":"https:\/\/bulkgenetics.com\/de\/wp-json\/wp\/v2\/media\/9158"}],"wp:attachment":[{"href":"https:\/\/bulkgenetics.com\/de\/wp-json\/wp\/v2\/media?parent=10281"}],"wp:term":[{"taxonomy":"product_brand","embeddable":true,"href":"https:\/\/bulkgenetics.com\/de\/wp-json\/wp\/v2\/product_brand?post=10281"},{"taxonomy":"product_cat","embeddable":true,"href":"https:\/\/bulkgenetics.com\/de\/wp-json\/wp\/v2\/product_cat?post=10281"},{"taxonomy":"product_tag","embeddable":true,"href":"https:\/\/bulkgenetics.com\/de\/wp-json\/wp\/v2\/product_tag?post=10281"}],"curies":[{"name":"wp","href":"https:\/\/api.w.org\/{rel}","templated":true}]}}