{"id":13445,"date":"2022-10-04T13:25:36","date_gmt":"2022-10-04T11:25:36","guid":{"rendered":"https:\/\/bulkgenetics.com\/critical-2-0-auto\/"},"modified":"2025-01-27T11:28:29","modified_gmt":"2025-01-27T10:28:29","slug":"critical-2-0-auto","status":"publish","type":"product","link":"https:\/\/bulkgenetics.com\/de\/critical-2-0-auto\/","title":{"rendered":"Critical 2.0 Auto"},"content":{"rendered":"\n<p><strong>Critical 2.0 Auto<\/strong> ist eine der am meisten angebauten <strong>autoflowering Marihuana-Sorten<\/strong> der Welt. Der Grund daf\u00fcr ist, neben der Qualit\u00e4t, die Einfachheit. En manos de cualquier cultivador ofrecer\u00e1 siempre unas enormes cosechas en muy poco tiempo.<\/p>\n\n\n\n<h2 class=\"wp-block-heading\">Welche Genetik ist Critical 2.0 Auto?<\/h2>\n\n\n\n<p>Um diese Sorte zu entwickeln, haben wir die beste Auswahl der <strong><a href=\"https:\/\/bulkgenetics.com\/de\/critical-2-0\/\">Critical 2.0<\/a><\/strong> von Dinafem mit einer Ruderalis kombiniert, die die gesamte Wachstumszeit auf ein Maximum reduziert und den ganzen Charme ihrer Critical-Mutter, einer indicadominierten Kreuzung aus <strong>Skunk und Afhgani<\/strong>, beibeh\u00e4lt.<\/p>\n\n\n\n<h2 class=\"wp-block-heading\">Wie man w\u00e4chst Critical 2.0 Auto<\/h2>\n\n\n\n<p>Es ist eines der einfachsten und widerstandsf\u00e4higsten Autos, ideal f\u00fcr Anf\u00e4nger, die ein gutes Ergebnis ohne \u00fcberm\u00e4\u00dfige Sorgfalt erzielen wollen. Mit einer H\u00f6he <strong>von 100-130 cm<\/strong> ist sie sehr unauff\u00e4llig und ideal f\u00fcr den Anbau auf Balkonen oder Terrassen.<\/p>\n\n\n\n<p>Wie jede andere autoflowering Sorte, ist es gut, wenn sie vom ersten Tag an in einem gro\u00dfen Topf angebaut wird. Auf diese Weise kann die Pflanze wachsen, ohne dass es zum Absterben kommt, wie es manchmal nach dem Umpflanzen der Fall ist, und sie wird die gr\u00f6\u00dftm\u00f6gliche H\u00f6he erreichen.<\/p>\n\n\n\n<p>Der Lebenszyklus ist sehr kurz und die Ernte erfolgt in nur <strong>8-9 Wochen<\/strong> nach der Keimung der Samen. Jeder Landwirt kann w\u00e4hrend der Fr\u00fchjahrs- und Sommermonate bis zu 3 aufeinanderfolgende Ernten einfahren.<\/p>\n\n\n\n<h2 class=\"wp-block-heading\">Eigenschaften de Critical 2.0 Auto<\/h2>\n\n\n\n<p>Die Leistung ist sehr hoch und liegt weit \u00fcber dem Durchschnitt. Im Freien k\u00f6nnen Sie mit bis zu <strong>300 Gramm bei den gr\u00f6\u00dften Pflanzen rechnen<\/strong>. In Innenr\u00e4umen und mit einer 300-350-W-LED-Leuchte liegt der Ertrag bei bis zu <strong>600 Gramm pro m\u00b2<\/strong>.<\/p>\n\n\n\n<p>Die Knospen sind gro\u00df und sehr kompakt. Sie werden zu langen Schw\u00e4nzen zusammengef\u00fcgt, die sich sehr leicht manik\u00fcren lassen. Jeder Liebhaber von Extraktionen wird sich \u00fcber die gro\u00dfe Menge an Harz freuen, die sie produziert.<\/p>\n\n\n\n<p>Das <strong>Aroma und der Geschmack<\/strong> sind k\u00f6stlich und klassisch-kritisch. Er hat klare Zitrus- und s\u00fc\u00dfe Noten und einen <em>skunkigen<\/em> Hintergrund mit Ankl\u00e4ngen von Haschisch und Tee.<\/p>\n\n\n\n<p>Die <strong>Auswirkungen<\/strong> sind gewaltig. Sie werden eine warme Umarmung sp\u00fcren, die Sie mit Gl\u00fccksgef\u00fchlen und entspannenden Empfindungen erf\u00fcllt und Sie schlie\u00dflich in einen tiefen und erholsamen Schlaf fallen l\u00e4sst. Perfekt zum Rauchen am Abend nach einem anstrengenden Tag.<\/p>\n\n\n\n<div class=\"wp-block-columns is-layout-flex wp-container-core-columns-is-layout-28f84493 wp-block-columns-is-layout-flex\">\n<div class=\"wp-block-column is-layout-flow wp-block-column-is-layout-flow\">\n<p class=\"has-text-align-center has-medium-font-size\"><strong>Was wir am meisten m\u00f6gen<\/strong><\/p>\n\n\n\n<ul class=\"wp-block-list\">\n<li>Sehr einfach zu z\u00fcchten.<\/li>\n\n\n\n<li>XXL-Produktion.<\/li>\n\n\n\n<li>Ernte in nur 8-9 Wochen.<\/li>\n\n\n\n<li>Sehr entspannende Wirkung.<\/li>\n\n\n\n<li>Sein Preis.<\/li>\n<\/ul>\n<\/div>\n\n\n\n<div class=\"wp-block-column is-layout-flow wp-block-column-is-layout-flow\">\n<p class=\"has-text-align-center has-medium-font-size\"><strong>Was wir am wenigsten m\u00f6gen<\/strong><\/p>\n\n\n\n<ul class=\"wp-block-list\">\n<li>In der Bl\u00fctezeit duftet sie sehr gut.<\/li>\n<\/ul>\n<\/div>\n<\/div>\n\n\n\n<div style=\"height:50px\" aria-hidden=\"true\" class=\"wp-block-spacer uag-hide-mob\"><\/div>\n\n\n\n<h2 class=\"wp-block-heading\">H\u00e4ufig gestellte Fragen<\/h2>\n\n\n\n<p>A continuaci\u00f3n encontrar\u00e1s la respuesta a las preguntas m\u00e1s comunes que nos hacen los cultivadores interesados en estas semillas autoflorecientes a granel:<\/p>\n\n\n<div id=\"rank-math-faq\" class=\"rank-math-block\">\n<div class=\"rank-math-list \">\n<div id=\"faq-question-1663029074962\" class=\"rank-math-list-item\">\n<h3 class=\"rank-math-question \">\u00bfCu\u00e1ndo empieza a florecer Critical 2.0 Auto?<\/h3>\n<div class=\"rank-math-answer \">\n\n<p>Etwa 3-4 Wochen nach der Keimung beginnen die Pflanzen zu bl\u00fchen.<\/p>\n\n<\/div>\n<\/div>\n<div id=\"faq-question-1663029159933\" class=\"rank-math-list-item\">\n<h3 class=\"rank-math-question \">\u00bfCu\u00e1nto se tarda en cosechar una Critical 2.0 Auto desde su germinaci\u00f3n?<\/h3>\n<div class=\"rank-math-answer \">\n\n<p>Es una variedad de cannabis muy r\u00e1pida que se cosecha en un total de 8-9 semanas. In den Fr\u00fchjahrs- und Sommermonaten k\u00f6nnen bis zu 3 aufeinanderfolgende Ernten eingebracht werden.<\/p>\n\n<\/div>\n<\/div>\n<div id=\"faq-question-1663029165861\" class=\"rank-math-list-item\">\n<h3 class=\"rank-math-question \">Wie z\u00fcchte ich eine feminisierte Critical 2.0 Auto?<\/h3>\n<div class=\"rank-math-answer \">\n\n<p>Critical 2.0 Auto ist eine sehr pflegeleichte und widerstandsf\u00e4hige Pflanze. Die Anbauer entscheiden sich h\u00e4ufig daf\u00fcr, von Anfang an einen gro\u00dfen Topf zu verwenden. Auf diese Weise wird das typische verk\u00fcmmerte Wachstum nach dem Umpflanzen vermieden und es entstehen die gr\u00f6\u00dften und produktivsten Exemplare.<\/p>\n\n<\/div>\n<\/div>\n<div id=\"faq-question-1666780029954\" class=\"rank-math-list-item\">\n<h3 class=\"rank-math-question \">Was sind die Auswirkungen von Critical 2.0 Auto in bulk?<\/h3>\n<div class=\"rank-math-answer \">\n\n<p>Critical 2.0 Auto hat starke Auswirkungen. Der Beginn ist eher euphorisch, aber die entspannenden und schl\u00e4frigen Empfindungen werden schnell kommen. Es ist ideal, um es nachts zu genie\u00dfen<\/p>\n\n<\/div>\n<\/div>\n<div id=\"faq-question-1683627222585\" class=\"rank-math-list-item\">\n<h3 class=\"rank-math-question \">Wie viel Gramm bringt eine Critical 2.0 Auto?<\/h3>\n<div class=\"rank-math-answer \">\n\n<p>Im Innenbereich k\u00f6nnen die Ertr\u00e4ge von Crvitical 2.0 Auto mit bis zu 600 Gramm pro m\u00b2 bei einer 300-350W LED mit vielen feminisierten Sorten mithalten. Im Freien k\u00f6nnen die gr\u00f6\u00dften Pflanzen bis zu 300 Gramm wiegen.<\/p>\n\n<\/div>\n<\/div>\n<div id=\"faq-question-1683627223904\" class=\"rank-math-list-item\">\n<h3 class=\"rank-math-question \">Ist Critical 2.0 Auto die produktivste Autoflowering?<\/h3>\n<div class=\"rank-math-answer \">\n\n<p>Critical 2.0 Auto geh\u00f6rt zweifelsohne zu den 5 produktivsten autoflowering Sorten der Gegenwart. Im Innen- und Au\u00dfenbereich \u00fcbertrifft sie viele feminisierte Sorten sowohl beim Ertrag pro m\u00b2 als auch beim Ertrag\/H\u00f6he.<\/p>\n\n<\/div>\n<\/div>\n<\/div>\n<\/div>\n\n\n<figure class=\"wp-block-embed aligncenter is-type-video is-provider-youtube wp-block-embed-youtube wp-embed-aspect-16-9 wp-has-aspect-ratio\"><div class=\"wp-block-embed__wrapper\">\n<div class=\"video-container\"><iframe loading=\"lazy\" title=\"Critical+ 2 0 Auto Ganjalapse\" width=\"1170\" height=\"658\" src=\"https:\/\/www.youtube.com\/embed\/rau-I0FYu_A?feature=oembed\" frameborder=\"0\" allow=\"accelerometer; autoplay; clipboard-write; encrypted-media; gyroscope; picture-in-picture; web-share\" allowfullscreen><\/iframe><\/div>\n<\/div><figcaption class=\"wp-element-caption\">Unser Critical 2.0 Auto basiert auf dem Critical + 2.0 Auto von Dinafem.<\/figcaption><\/figure>\n","protected":false},"excerpt":{"rendered":"<p>Critical 2.0 Auto ist eine der am h\u00e4ufigsten angebauten autoflowering Sorten. Es ist eine indicadominierte Sorte, die alles hat und nie entt\u00e4uscht. Er erreicht eine dezente H\u00f6he von 130 cm und ist damit f\u00fcr Terrassen und Balkone geeignet. Nach der Keimung wird sie in einer Rekordzeit von 8-9 Wochen geerntet. Die Knospen sind faustgro\u00df und steinhart und mit einer dicken Schicht aus gl\u00e4nzendem, klebrigem Harz bedeckt. Ein s\u00fc\u00dfer, zitrusartiger Rauch wird Ihre Sinne wecken, gefolgt von einem starken Zug, der intensive Entspannung und Schl\u00e4frigkeit hervorruft.<\/p>\n","protected":false},"featured_media":29991,"comment_status":"open","ping_status":"closed","template":"","meta":{"_acf_changed":false,"inline_featured_image":false,"_uag_custom_page_level_css":""},"product_brand":[],"product_cat":[2114],"product_tag":[],"class_list":{"0":"post-13445","1":"product","2":"type-product","3":"status-publish","4":"has-post-thumbnail","6":"product_cat-autoflowering-cannabis-samen","8":"first","9":"instock","10":"taxable","11":"shipping-taxable","12":"purchasable","13":"product-type-simple"},"acf":[],"uagb_featured_image_src":{"full":["https:\/\/bulkgenetics.com\/wp-content\/uploads\/2022\/10\/critical-2-0-auto-autoflower-cannabis-seeds.jpg",1600,1600,false],"thumbnail":["https:\/\/bulkgenetics.com\/wp-content\/uploads\/2022\/10\/critical-2-0-auto-autoflower-cannabis-seeds-150x150.jpg",150,150,true],"medium":["https:\/\/bulkgenetics.com\/wp-content\/uploads\/2022\/10\/critical-2-0-auto-autoflower-cannabis-seeds-300x300.jpg",300,300,true],"medium_large":["https:\/\/bulkgenetics.com\/wp-content\/uploads\/2022\/10\/critical-2-0-auto-autoflower-cannabis-seeds-768x768.jpg",768,768,true],"large":["https:\/\/bulkgenetics.com\/wp-content\/uploads\/2022\/10\/critical-2-0-auto-autoflower-cannabis-seeds-1024x1024.jpg",1024,1024,true],"1536x1536":["https:\/\/bulkgenetics.com\/wp-content\/uploads\/2022\/10\/critical-2-0-auto-autoflower-cannabis-seeds-1536x1536.jpg",1536,1536,true],"2048x2048":["https:\/\/bulkgenetics.com\/wp-content\/uploads\/2022\/10\/critical-2-0-auto-autoflower-cannabis-seeds.jpg",1600,1600,false],"commercegurus-pdp-large":["https:\/\/bulkgenetics.com\/wp-content\/uploads\/2022\/10\/critical-2-0-auto-autoflower-cannabis-seeds-990x990.jpg",990,990,true],"commercegurus-plp-mobile":["https:\/\/bulkgenetics.com\/wp-content\/uploads\/2022\/10\/critical-2-0-auto-autoflower-cannabis-seeds-441x441.jpg",441,441,true],"cgkit_image_swatch":["https:\/\/bulkgenetics.com\/wp-content\/uploads\/2022\/10\/critical-2-0-auto-autoflower-cannabis-seeds-100x100.jpg",100,100,true],"woocommerce_thumbnail":["https:\/\/bulkgenetics.com\/wp-content\/uploads\/2022\/10\/critical-2-0-auto-autoflower-cannabis-seeds-300x300.jpg",300,300,true],"woocommerce_single":["https:\/\/bulkgenetics.com\/wp-content\/uploads\/2022\/10\/critical-2-0-auto-autoflower-cannabis-seeds-800x800.jpg",800,800,true],"woocommerce_gallery_thumbnail":["https:\/\/bulkgenetics.com\/wp-content\/uploads\/2022\/10\/critical-2-0-auto-autoflower-cannabis-seeds-150x150.jpg",150,150,true],"dgwt-wcas-product-suggestion":["https:\/\/bulkgenetics.com\/wp-content\/uploads\/2022\/10\/critical-2-0-auto-autoflower-cannabis-seeds-64x64.jpg",64,64,true]},"uagb_author_info":{"display_name":"\u00c1ngel Flores","author_link":"https:\/\/bulkgenetics.com\/de\/author\/"},"uagb_comment_info":2,"uagb_excerpt":"Critical 2.0 Auto ist eine der am h\u00e4ufigsten angebauten autoflowering Sorten. Es ist eine indicadominierte Sorte, die alles hat und nie entt\u00e4uscht. Er erreicht eine dezente H\u00f6he von 130 cm und ist damit f\u00fcr Terrassen und Balkone geeignet. Nach der Keimung wird sie in einer Rekordzeit von 8-9 Wochen geerntet. Die Knospen sind faustgro\u00df und&hellip;","_links":{"self":[{"href":"https:\/\/bulkgenetics.com\/de\/wp-json\/wp\/v2\/product\/13445","targetHints":{"allow":["GET"]}}],"collection":[{"href":"https:\/\/bulkgenetics.com\/de\/wp-json\/wp\/v2\/product"}],"about":[{"href":"https:\/\/bulkgenetics.com\/de\/wp-json\/wp\/v2\/types\/product"}],"replies":[{"embeddable":true,"href":"https:\/\/bulkgenetics.com\/de\/wp-json\/wp\/v2\/comments?post=13445"}],"wp:featuredmedia":[{"embeddable":true,"href":"https:\/\/bulkgenetics.com\/de\/wp-json\/wp\/v2\/media\/29991"}],"wp:attachment":[{"href":"https:\/\/bulkgenetics.com\/de\/wp-json\/wp\/v2\/media?parent=13445"}],"wp:term":[{"taxonomy":"product_brand","embeddable":true,"href":"https:\/\/bulkgenetics.com\/de\/wp-json\/wp\/v2\/product_brand?post=13445"},{"taxonomy":"product_cat","embeddable":true,"href":"https:\/\/bulkgenetics.com\/de\/wp-json\/wp\/v2\/product_cat?post=13445"},{"taxonomy":"product_tag","embeddable":true,"href":"https:\/\/bulkgenetics.com\/de\/wp-json\/wp\/v2\/product_tag?post=13445"}],"curies":[{"name":"wp","href":"https:\/\/api.w.org\/{rel}","templated":true}]}}