{"id":13617,"date":"2023-01-17T10:19:33","date_gmt":"2023-01-17T09:19:33","guid":{"rendered":"https:\/\/bulkgenetics.com\/?post_type=product&#038;p=13617"},"modified":"2024-10-08T01:08:58","modified_gmt":"2024-10-07T23:08:58","slug":"sour-tangie","status":"publish","type":"product","link":"https:\/\/bulkgenetics.com\/de\/sour-tangie\/","title":{"rendered":"Sour Tangie"},"content":{"rendered":"\n<p><strong>Sour Tangie<\/strong> ist eine Sorte, die das Beste aus klassischer und moderner Genetik vereint. Dieses Wunderwerk ist das Ergebnis der Kreuzung der legend\u00e4ren <strong><a href=\"https:\/\/bulkgenetics.com\/de\/sour-diesel\/\">East Coast Sour Diesel<\/a><\/strong> mit der k\u00f6stlichen <strong>Tangie<\/strong>, wodurch ein sativadominanter Hybrid entstand, der weltweit Herzen erobert hat. Seit ihrer Einf\u00fchrung hat <strong>Sour Tangie<\/strong> sowohl Z\u00fcchter als auch Nutzer mit ihrem einzigartigen Terpenprofil und ihrem starken THC-Gehalt begeistert.<\/p>\n\n\n\n<p>Diese Pflanze besticht durch ihre robuste Struktur und ihr kr\u00e4ftiges Wachstum. Sie kann beeindruckende H\u00f6hen von bis zu 3 Metern erreichen und entwickelt lange, dicke Zweige, die am Ende der Bl\u00fctezeit St\u00fctzen ben\u00f6tigen, um zu verhindern, dass sie unter dem Gewicht ihrer dichten Bl\u00fcten brechen.<\/p>\n\n\n\n<p>Die Buds sind wirklich etwas Besonderes. Sie sind gro\u00df, klebrig und hart wie Steine und verstr\u00f6men ein verlockendes Aroma, das Zitrus- und Orangennoten von ihrer Mutter Tangie mit einem klassischen Diesel-Hauch von Sour Diesel kombiniert.<\/p>\n\n\n\n<h2 class=\"wp-block-heading\">Geschmack und Wirkung<\/h2>\n\n\n\n<p>Das Aroma und der Geschmack von <strong>Sour Tangie<\/strong> sind wirklich unvergesslich. Beim \u00d6ffnen eines Glases dieser Buds wirst du von einem starken und k\u00f6stlichen Zitrusduft begr\u00fc\u00dft, gemischt mit Orangennoten und einem unverkennbaren Diesel-Hauch, geerbt von ihrer Sour Diesel-Abstammung. Das Rauchen von <strong>Sour Tangie<\/strong> ist ein sensorisches Erlebnis, bei dem sich der Geschmack von Orange und Zitrone mit einem anhaltenden Diesel-Nachgeschmack auf dem Gaumen verbindet.<\/p>\n\n\n\n<p>Was die Wirkung angeht, ist <strong>Sour Tangie<\/strong> daf\u00fcr bekannt, einen energiegeladenen und fr\u00f6hlichen High zu liefern. Nutzer berichten, dass sie sich fokussierter, gl\u00fccklicher und voller Energie f\u00fchlen, was sie zu einer idealen Wahl f\u00fcr den Tag macht. Ihr THC-Gehalt liegt zwischen 15% und 20%, was eine betr\u00e4chtliche Potenz bietet, die deine Stimmung heben und deine Produktivit\u00e4t steigern kann. Mit einem niedrigen CBD-Gehalt von weniger als 1% sind die psychoaktiven Effekte st\u00e4rker ausgepr\u00e4gt und bieten ein belebendes und revitalisierendes Erlebnis.<\/p>\n\n\n\n<h3 class=\"wp-block-heading\">Terpene von Sour Tangie<\/h3>\n\n\n\n<p>Die Terpene sind die Verbindungen, die f\u00fcr die einzigartigen Aromen und Geschm\u00e4cker jeder Cannabissorte verantwortlich sind, und <strong>Sour Tangie<\/strong> bildet da keine Ausnahme. Das dominante Terpen in dieser Sorte ist <strong>Myrcen<\/strong>, das ein krautiges und erdiges Aroma verleiht, dicht gefolgt von <strong>Caryophyllen<\/strong>, das eine w\u00fcrzige und pfeffrige Note hinzuf\u00fcgt, und <strong>Limonen<\/strong>, das die Zitrus- und Orangennoten verst\u00e4rkt.<\/p>\n\n\n\n<p>Diese Terpene tragen nicht nur zum Aroma- und Geschmacksprofil von <strong>Sour Tangie<\/strong> bei, sondern verst\u00e4rken auch ihre Wirkungen. <strong>Myrcen<\/strong> ist bekannt f\u00fcr seine entspannenden Eigenschaften und kann helfen, Stress und Angst zu reduzieren. <strong>Caryophyllen<\/strong> hat entz\u00fcndungshemmende Eigenschaften und kann bei der Schmerzlinderung hilfreich sein. Schlie\u00dflich ist <strong>Limonen<\/strong> bekannt f\u00fcr seine F\u00e4higkeit, die Stimmung zu verbessern und ein Gef\u00fchl des Wohlbefindens zu vermitteln.<\/p>\n\n\n\n<p>Dank dieser einzigartigen Kombination von Terpenen bietet <strong>Sour Tangie<\/strong> nicht nur ein au\u00dfergew\u00f6hnliches Aroma- und Geschmackserlebnis, sondern auch eine Reihe von therapeutischen Vorteilen, die dein allgemeines Wohlbefinden verbessern k\u00f6nnen.<\/p>\n\n\n\n<h2 class=\"wp-block-heading\">Ertrag und Bl\u00fctezeit<\/h2>\n\n\n\n<p><strong>Sour Tangie<\/strong> wird nicht nur f\u00fcr ihren Geschmack und ihre Wirkung gesch\u00e4tzt, sondern auch f\u00fcr ihre beeindruckende Produktionskapazit\u00e4t. In Innenr\u00e4umen kann diese Sorte zwischen 500 und 600 Gramm pro Quadratmeter produzieren, besonders wenn sie unter 300-350W LED-Lichtern angebaut wird. Im Freien k\u00f6nnen die Pflanzen noch h\u00f6here Ertr\u00e4ge erzielen und unter optimalen Bedingungen leicht 900 Gramm pro Pflanze erreichen.<\/p>\n\n\n\n<p>Die Bl\u00fctezeit ist f\u00fcr eine sativadominante Sorte relativ kurz. In Innenr\u00e4umen sind die Pflanzen nach der Umstellung auf den Bl\u00fctezyklus in etwa 9-10 Wochen erntereif. W\u00e4hrend dieser Phase ist der Geruch sehr intensiv, daher wird empfohlen, einen guten Kohlefilter zu installieren, um Probleme zu vermeiden.<\/p>\n\n\n\n<p>Im Freien beginnt die Bl\u00fctezeit in der ersten Augusth\u00e4lfte und erstreckt sich bis Mitte Oktober. Sie bevorzugt trockene Herbstklimate wie das Mittelmeerklima, wo Regen die wertvollen Buds nicht gef\u00e4hrdet. Mit diesen Eigenschaften sind <strong>Sour Tangie seeds<\/strong> eine ausgezeichnete Wahl f\u00fcr Z\u00fcchter, die eine robuste, produktive und schnell bl\u00fchende Pflanze suchen.<\/p>\n\n\n\n<h2 class=\"wp-block-heading\">Wie man Sour Tangie anbaut<\/h2>\n\n\n\n<p>Der Anbau von <strong>Sour Tangie<\/strong> ist \u00fcberraschend einfach, was sie zu einer gro\u00dfartigen Option sowohl f\u00fcr Anf\u00e4nger als auch f\u00fcr erfahrene Z\u00fcchter macht. Diese Sorte ist bekannt f\u00fcr ihre Widerstandsf\u00e4higkeit und Stabilit\u00e4t, was die Handhabung unter verschiedenen Anbaubedingungen erleichtert.<\/p>\n\n\n\n<p>Was die Anbaubedingungen betrifft, bevorzugt sie warme und trockene Klimazonen. Im Freien gedeiht sie in Regionen mit trockenen Herbsten, wie dem Mittelmeerklima, wo Regen nicht die Entwicklung ihrer Buds beeintr\u00e4chtigt. In Innenr\u00e4umen ist es wichtig, ihr expansives Wachstum durch Techniken wie SCROG oder regelm\u00e4\u00dfiges Beschneiden zu kontrollieren, um ihre Gr\u00f6\u00dfe handhabbar zu halten.<\/p>\n\n\n\n<p>Einer der gro\u00dfen Vorteile von <strong>Sour Tangie<\/strong> ist ihre bemerkenswerte Widerstandsf\u00e4higkeit gegen\u00fcber Sch\u00e4dlingen und Krankheiten. Diese Robustheit macht sie zu einer zuverl\u00e4ssigen Option f\u00fcr Z\u00fcchter, die den Einsatz von Pestiziden und anderen Chemikalien minimieren m\u00f6chten. Au\u00dferdem ist sie eine sehr stabile Pflanze, die gut auf Schwankungen in den Anbaubedingungen reagiert, was sie noch zug\u00e4nglicher f\u00fcr Z\u00fcchter aller Erfahrungsstufen macht.<\/p>\n\n\n\n<div style=\"height:50px\" aria-hidden=\"true\" class=\"wp-block-spacer uag-hide-mob\"><\/div>\n\n\n\n<div class=\"wp-block-columns is-layout-flex wp-container-core-columns-is-layout-28f84493 wp-block-columns-is-layout-flex\">\n<div class=\"wp-block-column is-layout-flow wp-block-column-is-layout-flow\">\n<p class=\"has-text-align-center has-medium-font-size\"><strong>Was wir am meisten m\u00f6gen<\/strong><\/p>\n\n\n\n<ul class=\"wp-block-list\">\n<li>Sehr einfach anzubauen.<\/li>\n\n\n\n<li>Hoher Ertrag.<\/li>\n\n\n\n<li>Orangen- und Dieselgeschmack.<\/li>\n\n\n\n<li>Energiegeladene und fr\u00f6hliche Wirkung.<\/li>\n<\/ul>\n<\/div>\n\n\n\n<div class=\"wp-block-column is-layout-flow wp-block-column-is-layout-flow\">\n<p class=\"has-text-align-center has-medium-font-size\"><strong>Was uns weniger gef\u00e4llt<\/strong><\/p>\n\n\n\n<ul class=\"wp-block-list\">\n<li>W\u00e4hrend der Bl\u00fcte riecht sie ziemlich stark.<\/li>\n<\/ul>\n<\/div>\n<\/div>\n\n\n\n<div style=\"height:50px\" aria-hidden=\"true\" class=\"wp-block-spacer uag-hide-mob\"><\/div>\n\n\n\n<h2 class=\"wp-block-heading\">H\u00e4ufig gestellte Fragen<\/h2>\n\n\n\n<p>Im Folgenden findest du die Antworten auf die h\u00e4ufigsten Fragen, die Z\u00fcchter zu diesen g\u00fcnstigen Gro\u00dfhandels-Samen stellen:<\/p>\n\n\n<div id=\"rank-math-faq\" class=\"rank-math-block\">\n<div class=\"rank-math-list \">\n<div id=\"faq-question-1663029074962\" class=\"rank-math-list-item\">\n<h3 class=\"rank-math-question \">Ist Sour Tangie sativa oder indica?<\/h3>\n<div class=\"rank-math-answer \">\n\n<p><strong>Sour Tangie<\/strong> ist \u00fcberwiegend eine sativadominierte Sorte mit 80% Sativa- und 20% Indica-Genetik. Sativa-Sorten neigen dazu, energetische und stimulierende Effekte zu bieten, perfekt f\u00fcr den Tagesgebrauch, w\u00e4hrend Indica-Sorten eher entspannende und sedierende Effekte haben, ideal f\u00fcr die Nacht.<\/p>\n\n<\/div>\n<\/div>\n<div id=\"faq-question-1721809361319\" class=\"rank-math-list-item\">\n<h3 class=\"rank-math-question \">Welche Kreuzung ist Sour Tangie?<\/h3>\n<div class=\"rank-math-answer \">\n\n<p><strong>Sour Tangie<\/strong> ist eine Kreuzung zwischen <strong>East Coast Sour Diesel<\/strong> und <strong>Tangie<\/strong>. Diese Kombination bietet ein einzigartiges Geschmacksprofil und potente Effekte.<\/p>\n\n<\/div>\n<\/div>\n<div id=\"faq-question-1721809362648\" class=\"rank-math-list-item\">\n<h3 class=\"rank-math-question \">Wann beginnt die Bl\u00fctezeit von Sour Tangie?<\/h3>\n<div class=\"rank-math-answer \">\n\n<p>Die Bl\u00fctezeit von <strong>Sour Tangie<\/strong> im Freien beginnt in der ersten Augusth\u00e4lfte, abh\u00e4ngig von der Anbau-Region.<\/p>\n\n<\/div>\n<\/div>\n<div id=\"faq-question-1721809363579\" class=\"rank-math-list-item\">\n<h3 class=\"rank-math-question \">Wann wird Sour Tangie geerntet?<\/h3>\n<div class=\"rank-math-answer \">\n\n<p>Im Freien wird <strong>Sour Tangie<\/strong> Mitte Oktober geerntet. In Innenr\u00e4umen sind die Pflanzen etwa 9-10 Wochen nach der Umstellung auf den Bl\u00fctezyklus erntereif.<\/p>\n\n<\/div>\n<\/div>\n<div id=\"faq-question-1721809365219\" class=\"rank-math-list-item\">\n<h3 class=\"rank-math-question \">Wie baut man Sour Tangie an?<\/h3>\n<div class=\"rank-math-answer \">\n\n<p><strong>Sour Tangie<\/strong> ist eine sehr robuste und einfach anzubauende Pflanze. Sie bevorzugt warme und trockene Klimazonen, und im Innenbereich wird empfohlen, Techniken wie SCROG zu verwenden, um ihr expansives Wachstum zu kontrollieren. Es ist auch ratsam, organische D\u00fcngemittel zu verwenden, um den Geschmack und das Aroma der Buds zu verbessern.<\/p>\n\n<\/div>\n<\/div>\n<div id=\"faq-question-1721809366176\" class=\"rank-math-list-item\">\n<h3 class=\"rank-math-question \">Wie schmeckt Sour Tangie?<\/h3>\n<div class=\"rank-math-answer \">\n\n<p>Der Geschmack von <strong>Sour Tangie<\/strong> ist eine k\u00f6stliche Mischung aus Zitrusfr\u00fcchten und Orange mit einem Hauch von Diesel. Dieses Geschmacksprofil macht jeden Zug zu einem einzigartigen und angenehmen Erlebnis.<\/p>\n\n<\/div>\n<\/div>\n<div id=\"faq-question-1721809367604\" class=\"rank-math-list-item\">\n<h3 class=\"rank-math-question \">Wie hoch ist der Cannabinoidgehalt von Sour Tangie?<\/h3>\n<div class=\"rank-math-answer \">\n\n<p>Die Buds von <strong>Sour Tangie<\/strong> enthalten einen THC-Gehalt von 15% bis 20%, w\u00e4hrend der CBD-Gehalt niedrig ist, weniger als 1%.<\/p>\n\n<\/div>\n<\/div>\n<div id=\"faq-question-1721809369462\" class=\"rank-math-list-item\">\n<h3 class=\"rank-math-question \">Welche Effekte hat Sour Tangie?<\/h3>\n<div class=\"rank-math-answer \">\n\n<p>Die Effekte von <strong>Sour Tangie<\/strong> sind energetisch, fr\u00f6hlich und stimulierend. Sie bietet ein starkes High, das dich fokussiert und gl\u00fccklich h\u00e4lt, ideal zu jeder Tageszeit.<\/p>\n\n<\/div>\n<\/div>\n<\/div>\n<\/div>","protected":false},"excerpt":{"rendered":"<p><b>Sour Tangie<\/b> wird dein Leben mit <strong>Energie und Gl\u00fcck<\/strong> erf\u00fcllen. Mit einem unvergleichlichen Zitrusgeschmack und einer beeindruckenden Produktion ist diese Sorte ideal f\u00fcr Z\u00fcchter aller Erfahrungsstufen. Erlebe einen <strong>starken und revitalisierenden High<\/strong>, perfekt f\u00fcr jede Tageszeit.<\/p>\n","protected":false},"featured_media":13580,"comment_status":"open","ping_status":"closed","template":"","meta":{"_acf_changed":false,"inline_featured_image":false,"_uag_custom_page_level_css":""},"product_brand":[],"product_cat":[1097],"product_tag":[],"class_list":{"0":"post-13617","1":"product","2":"type-product","3":"status-publish","4":"has-post-thumbnail","6":"product_cat-feminisierte-cannabis-samen","8":"first","9":"instock","10":"taxable","11":"shipping-taxable","12":"purchasable","13":"product-type-simple"},"acf":[],"uagb_featured_image_src":{"full":["https:\/\/bulkgenetics.com\/wp-content\/uploads\/2023\/01\/sour-tangie-bulk-1.jpg",1600,1600,false],"thumbnail":["https:\/\/bulkgenetics.com\/wp-content\/uploads\/2023\/01\/sour-tangie-bulk-1-150x150.jpg",150,150,true],"medium":["https:\/\/bulkgenetics.com\/wp-content\/uploads\/2023\/01\/sour-tangie-bulk-1-300x300.jpg",300,300,true],"medium_large":["https:\/\/bulkgenetics.com\/wp-content\/uploads\/2023\/01\/sour-tangie-bulk-1-768x768.jpg",768,768,true],"large":["https:\/\/bulkgenetics.com\/wp-content\/uploads\/2023\/01\/sour-tangie-bulk-1-1024x1024.jpg",1024,1024,true],"1536x1536":["https:\/\/bulkgenetics.com\/wp-content\/uploads\/2023\/01\/sour-tangie-bulk-1-1536x1536.jpg",1536,1536,true],"2048x2048":["https:\/\/bulkgenetics.com\/wp-content\/uploads\/2023\/01\/sour-tangie-bulk-1.jpg",1600,1600,false],"commercegurus-pdp-large":["https:\/\/bulkgenetics.com\/wp-content\/uploads\/2023\/01\/sour-tangie-bulk-1-990x990.jpg",990,990,true],"commercegurus-plp-mobile":["https:\/\/bulkgenetics.com\/wp-content\/uploads\/2023\/01\/sour-tangie-bulk-1-441x441.jpg",441,441,true],"cgkit_image_swatch":["https:\/\/bulkgenetics.com\/wp-content\/uploads\/2023\/01\/sour-tangie-bulk-1-100x100.jpg",100,100,true],"woocommerce_thumbnail":["https:\/\/bulkgenetics.com\/wp-content\/uploads\/2023\/01\/sour-tangie-bulk-1-300x300.jpg",300,300,true],"woocommerce_single":["https:\/\/bulkgenetics.com\/wp-content\/uploads\/2023\/01\/sour-tangie-bulk-1-800x800.jpg",800,800,true],"woocommerce_gallery_thumbnail":["https:\/\/bulkgenetics.com\/wp-content\/uploads\/2023\/01\/sour-tangie-bulk-1-150x150.jpg",150,150,true],"dgwt-wcas-product-suggestion":["https:\/\/bulkgenetics.com\/wp-content\/uploads\/2023\/01\/sour-tangie-bulk-1-64x64.jpg",64,64,true]},"uagb_author_info":{"display_name":"Bruno Crespo","author_link":"https:\/\/bulkgenetics.com\/de\/author\/"},"uagb_comment_info":1,"uagb_excerpt":"Sour Tangie wird dein Leben mit Energie und Gl\u00fcck erf\u00fcllen. Mit einem unvergleichlichen Zitrusgeschmack und einer beeindruckenden Produktion ist diese Sorte ideal f\u00fcr Z\u00fcchter aller Erfahrungsstufen. Erlebe einen starken und revitalisierenden High, perfekt f\u00fcr jede Tageszeit.","_links":{"self":[{"href":"https:\/\/bulkgenetics.com\/de\/wp-json\/wp\/v2\/product\/13617","targetHints":{"allow":["GET"]}}],"collection":[{"href":"https:\/\/bulkgenetics.com\/de\/wp-json\/wp\/v2\/product"}],"about":[{"href":"https:\/\/bulkgenetics.com\/de\/wp-json\/wp\/v2\/types\/product"}],"replies":[{"embeddable":true,"href":"https:\/\/bulkgenetics.com\/de\/wp-json\/wp\/v2\/comments?post=13617"}],"wp:featuredmedia":[{"embeddable":true,"href":"https:\/\/bulkgenetics.com\/de\/wp-json\/wp\/v2\/media\/13580"}],"wp:attachment":[{"href":"https:\/\/bulkgenetics.com\/de\/wp-json\/wp\/v2\/media?parent=13617"}],"wp:term":[{"taxonomy":"product_brand","embeddable":true,"href":"https:\/\/bulkgenetics.com\/de\/wp-json\/wp\/v2\/product_brand?post=13617"},{"taxonomy":"product_cat","embeddable":true,"href":"https:\/\/bulkgenetics.com\/de\/wp-json\/wp\/v2\/product_cat?post=13617"},{"taxonomy":"product_tag","embeddable":true,"href":"https:\/\/bulkgenetics.com\/de\/wp-json\/wp\/v2\/product_tag?post=13617"}],"curies":[{"name":"wp","href":"https:\/\/api.w.org\/{rel}","templated":true}]}}