{"id":13996,"date":"2023-01-31T17:01:55","date_gmt":"2023-01-31T16:01:55","guid":{"rendered":"https:\/\/bulkgenetics.com\/?post_type=product&#038;p=13996"},"modified":"2024-10-08T01:08:57","modified_gmt":"2024-10-07T23:08:57","slug":"forbidden-fruit","status":"publish","type":"product","link":"https:\/\/bulkgenetics.com\/de\/forbidden-fruit\/","title":{"rendered":"Forbidden Fruit"},"content":{"rendered":"\n<p><strong>Forbidden Fruit<\/strong> ist eine Strain, die dich ab dem ersten Moment auf eine sensorische Reise mitnimmt. Entstanden aus der k\u00f6stlichen Kreuzung von <strong><a href=\"https:\/\/bulkgenetics.com\/de\/cherry-pie\/\">Cherry Pie<\/a><\/strong> und <strong>Tangie<\/strong>, hat diese Sorte schnell an Popularit\u00e4t gewonnen, besonders in den USA, dank ihres unvergleichlichen Geschmacks und ihrer starken Wirkungen.<\/p>\n\n\n\n<p>Diese genetische Kombination hat zu einem perfekten <strong>Indica\/Sativa<\/strong>-Hybriden gef\u00fchrt. Sie w\u00e4chst schnell und kr\u00e4ftig, besonders im Freien, wo sie bis zu 3 Meter hoch werden kann. Ihre langen und dicken \u00c4ste sind in der Lage, das Gewicht ihrer beeindruckenden Bl\u00fcten zu tragen.<\/p>\n\n\n\n<p>Die Buds sind eine Wucht. Dicht und hart wie Steine, pr\u00e4sentieren sie eine dunkelgr\u00fcne Farbe mit sp\u00e4rlichen orangefarbenen Haaren und einer dicken Schicht Trichome, die intensiv gl\u00e4nzen. Diese Buds sind so auff\u00e4llig, dass sie wie aus einem Traum erscheinen, und sie sind nicht nur sch\u00f6n anzusehen.<\/p>\n\n\n\n<h2 class=\"wp-block-heading\">Geschmack und Wirkung<\/h2>\n\n\n\n<p><strong>Forbidden Fruit<\/strong> bietet einen Geschmack und ein Aroma, die einfach unwiderstehlich sind. Beim Konsum bemerkst du einen sanften und frischen Geschmack mit fruchtigen Noten von s\u00fc\u00dfer Zitrone und Ankl\u00e4ngen von Beeren und Kiefer. Das Aroma ist ebenso s\u00fc\u00df, mit Kiefernuancen, die durch Beeren-, Zitronen- und Erdnoten erg\u00e4nzt werden, was ein komplettes sensorisches Erlebnis schafft.<\/p>\n\n\n\n<p>Mit einem THC-Gehalt, der zwischen 23% und 26% liegt, liefert Forbidden Fruit sehr starke Wirkungen, die sogar f\u00fcr die tolerantesten Nutzer zu intensiv sein k\u00f6nnen. Beim Konsum wirst du ein euphorisches Hoch erleben, das deine Stimmung hebt und dich gl\u00fccklich und zufrieden macht. Dieses anf\u00e4ngliche Gef\u00fchl wird von einer tiefen k\u00f6rperlichen Entspannung abgel\u00f6st, die dich vollkommen relaxed zur\u00fcckl\u00e4sst, ideal f\u00fcr Momente der Ruhe und Entspannung.<\/p>\n\n\n\n<p>Zus\u00e4tzlich hat Forbidden Fruit einen niedrigen CBD-Gehalt, unter 1%, was sie perfekt f\u00fcr diejenigen macht, die starke Effekte ohne die milderen medizinischen Eigenschaften suchen, die mit hohen CBD-Werten verbunden sind.<\/p>\n\n\n\n<h3 class=\"wp-block-heading\">Terpene von Forbidden Fruit<\/h3>\n\n\n\n<p>Die Terpene in <strong>Forbidden Fruit<\/strong> sind verantwortlich f\u00fcr ihre einzigartigen Aromen und Geschm\u00e4cker sowie f\u00fcr viele ihrer therapeutischen Wirkungen. Zu den herausragendsten Terpenen geh\u00f6ren <strong>Limonen<\/strong>, das eine zitrusartige Note hinzuf\u00fcgt und die Stimmung verbessert; <strong>Myrcen<\/strong>, das beruhigende Eigenschaften hat und zur tiefen Entspannung beitr\u00e4gt; und <strong>Caryophyllen<\/strong>, bekannt f\u00fcr seine F\u00e4higkeit, Stress zu lindern und Schmerzen zu reduzieren.<\/p>\n\n\n\n<p>Andere Terpene, die in Forbidden Fruit enthalten sind, umfassen <strong>Alpha-Pinen<\/strong>, das ein Kiefernaroma bietet und entz\u00fcndungshemmende Wirkungen hat, sowie <strong>Linalool<\/strong>, das eine florale Note hinzuf\u00fcgt und bei der Bek\u00e4mpfung von Angst und Stress helfen kann.<\/p>\n\n\n\n<p>Diese Terpene bereichern nicht nur das sensorische Erlebnis beim Konsum von Forbidden Fruit, sondern verst\u00e4rken auch ihre therapeutischen Vorteile, wodurch diese Strain eine ideale Wahl f\u00fcr diejenigen ist, die ein komplettes und zufriedenstellendes Erlebnis suchen.<\/p>\n\n\n\n<h2 class=\"wp-block-heading\">Ertrag und Bl\u00fctezeit<\/h2>\n\n\n\n<p>Forbidden Fruit zeichnet sich nicht nur durch ihre Wirkungen und Geschm\u00e4cker aus, sondern auch durch ihre beeindruckende Ertragskapazit\u00e4t. Im Innenanbau kann diese Strain zwischen <strong>17,5 und 21 Unzen pro Quadratmeter<\/strong> liefern, besonders wenn Techniken wie <strong>ScrOG<\/strong> verwendet werden, um das Licht und den verf\u00fcgbaren Raum zu maximieren. Die Bl\u00fctezeit im Innenbereich ist relativ schnell und dauert etwa <strong>63 Tage<\/strong> nach der \u00c4nderung des Lichtzyklus.<\/p>\n\n\n\n<p>Im Freien kann Forbidden Fruit beeindruckende H\u00f6hen von bis zu <strong>3 Metern<\/strong> erreichen und noch reichhaltigere Ernten produzieren. Z\u00fcchter k\u00f6nnen Ertr\u00e4ge von <strong>24,5 bis 31,5 Unzen pro Pflanze<\/strong> erwarten, sofern die Anbaubedingungen optimal sind. Die Erntezeit im Freien liegt normalerweise Mitte Oktober, was sie ideal f\u00fcr Klimazonen mit langen Sommern und milden Herbsten macht.<\/p>\n\n\n\n<h2 class=\"wp-block-heading\">Wie man Forbidden Fruit anbaut<\/h2>\n\n\n\n<p>Forbidden Fruit ist eine Strain, die wir sowohl Anf\u00e4ngern als auch erfahrenen Growern aufgrund ihrer einfachen Anbauweise empfehlen. Sie ben\u00f6tigt keine besondere Pflege, was sie ideal f\u00fcr diejenigen macht, die eine pflegeleichte Pflanze suchen.<\/p>\n\n\n\n<p>Um die besten Ergebnisse zu erzielen, ist es wichtig, das richtige Klima zu bieten. Forbidden Fruit gedeiht in warmen, mediterranen Klimazonen mit vielen Sonnenstunden. Sie ist jedoch auch ziemlich widerstandsf\u00e4hig und kann sich gut an weniger ideale Bedingungen anpassen, solange sie mit einem hochwertigen Substrat und den richtigen N\u00e4hrstoffen versorgt wird.<\/p>\n\n\n\n<p>Ein gro\u00dfer Vorteil von Forbidden Fruit ist ihre Resistenz gegen Sch\u00e4dlinge und Krankheiten. Diese Eigenschaft macht sie zu einer sicheren Wahl f\u00fcr diejenigen, die die Risiken w\u00e4hrend des Anbaus minimieren m\u00f6chten.<\/p>\n\n\n\n<div style=\"height:50px\" aria-hidden=\"true\" class=\"wp-block-spacer uag-hide-mob\"><\/div>\n\n\n\n<div class=\"wp-block-columns is-layout-flex wp-container-core-columns-is-layout-28f84493 wp-block-columns-is-layout-flex\">\n<div class=\"wp-block-column is-layout-flow wp-block-column-is-layout-flow\">\n<p class=\"has-text-align-center has-medium-font-size\"><strong>Was wir lieben<\/strong><\/p>\n\n\n\n<ul class=\"wp-block-list\">\n<li>Sehr einfach anzubauen.<\/li>\n\n\n\n<li>Hohe Ertr\u00e4ge sowohl im Innen- als auch im Au\u00dfenbereich.<\/li>\n\n\n\n<li>K\u00f6stlicher Geschmack und sehr starke Wirkungen.<\/li>\n\n\n\n<li>Hohe Resistenz gegen Sch\u00e4dlinge und Krankheiten.<\/li>\n<\/ul>\n<\/div>\n\n\n\n<div class=\"wp-block-column is-layout-flow wp-block-column-is-layout-flow\">\n<p class=\"has-text-align-center has-medium-font-size\"><strong>Was uns weniger gef\u00e4llt<\/strong><\/p>\n\n\n\n<ul class=\"wp-block-list\">\n<li>W\u00e4hrend der Bl\u00fctephase sehr geruchsintensiv.<\/li>\n\n\n\n<li>Die Wirkungen k\u00f6nnen f\u00fcr Nutzer mit geringer Toleranz zu stark sein.<\/li>\n<\/ul>\n<\/div>\n<\/div>\n\n\n\n<div style=\"height:50px\" aria-hidden=\"true\" class=\"wp-block-spacer uag-hide-mob\"><\/div>\n\n\n\n<h2 class=\"wp-block-heading\">H\u00e4ufig gestellte Fragen<\/h2>\n\n\n\n<p>Im Folgenden findest du die Antworten auf die h\u00e4ufigsten Fragen, die Grower zu dieser Sorte haben:<\/p>\n\n\n<div id=\"rank-math-faq\" class=\"rank-math-block\">\n<div class=\"rank-math-list \">\n<div id=\"faq-question-1666780029954\" class=\"rank-math-list-item\">\n<h3 class=\"rank-math-question \">Ist Forbidden Fruit Sativa oder Indica?<\/h3>\n<div class=\"rank-math-answer \">\n\n<p>Forbidden Fruit ist ein Indica-dominanter Hybrid. Ungef\u00e4hr 70% Indica und 30% Sativa. Indica-Sorten bieten typischerweise eine tiefe k\u00f6rperliche Entspannung und sind ideal f\u00fcr den n\u00e4chtlichen Gebrauch, w\u00e4hrend Sativas eher einen energetischen und euphorischen Effekt haben, perfekt f\u00fcr den Tag. Forbidden Fruit kombiniert das Beste aus beiden Welten und bietet ein ausgewogenes Erlebnis.<\/p>\n\n<\/div>\n<\/div>\n<div id=\"faq-question-1721816522141\" class=\"rank-math-list-item\">\n<h3 class=\"rank-math-question \">Welche Kreuzung ist Forbidden Fruit?<\/h3>\n<div class=\"rank-math-answer \">\n\n<p>Forbidden Fruit ist das Ergebnis der Kreuzung von Cherry Pie und Tangie. Diese genetische Kombination verleiht ihr ihren k\u00f6stlichen Geschmack und ihre starken Effekte.<\/p>\n\n<\/div>\n<\/div>\n<div id=\"faq-question-1663029074962\" class=\"rank-math-list-item\">\n<h3 class=\"rank-math-question \">Wann beginnt Forbidden Fruit im Freien zu bl\u00fchen?<\/h3>\n<div class=\"rank-math-answer \">\n\n<p>Im Freien beginnt die Bl\u00fcte von Forbidden Fruit in der ersten Augusth\u00e4lfte, abh\u00e4ngig von der Anbaulage.<\/p>\n\n<\/div>\n<\/div>\n<div id=\"faq-question-1663029159933\" class=\"rank-math-list-item\">\n<h3 class=\"rank-math-question \">Wann erntet man Forbidden Fruit im Freien?<\/h3>\n<div class=\"rank-math-answer \">\n\n<p>Forbidden Fruit wird im Freien von Anfang bis Mitte Oktober geerntet, was sie zu einer relativ schnell bl\u00fchenden Sorte macht.<\/p>\n\n<\/div>\n<\/div>\n<div id=\"faq-question-1663029165861\" class=\"rank-math-list-item\">\n<h3 class=\"rank-math-question \">Wie baut man feminisierte Forbidden Fruit an?<\/h3>\n<div class=\"rank-math-answer \">\n\n<p>Forbidden Fruit ist sowohl im Innen- als auch im Au\u00dfenbereich sehr einfach anzubauen. Sie ben\u00f6tigt keine besondere Pflege, obwohl ein hochwertiges Substrat und viele Sonnenstunden f\u00fcr die besten Ergebnisse empfohlen werden.<\/p>\n\n<\/div>\n<\/div>\n<div id=\"faq-question-1721816523904\" class=\"rank-math-list-item\">\n<h3 class=\"rank-math-question \">Wie schmeckt Forbidden Fruit?<\/h3>\n<div class=\"rank-math-answer \">\n\n<p>Forbidden Fruit hat einen sanften und frischen Geschmack mit fruchtigen Noten von s\u00fc\u00dfer Zitrone, Beeren und Kiefer. Ihr Aroma ist ebenso s\u00fc\u00df, mit Kiefernuancen, die durch Beeren-, Zitronen- und Erdnoten erg\u00e4nzt werden.<\/p>\n\n<\/div>\n<\/div>\n<div id=\"faq-question-1721816525340\" class=\"rank-math-list-item\">\n<h3 class=\"rank-math-question \">Was ist der Cannabinoidgehalt von Forbidden Fruit?<\/h3>\n<div class=\"rank-math-answer \">\n\n<p>Forbidden Fruit hat einen hohen THC-Gehalt, der zwischen 23% und 26% variiert, w\u00e4hrend der CBD-Gehalt niedrig ist, unter 1%.<\/p>\n\n<\/div>\n<\/div>\n<div id=\"faq-question-1721816527044\" class=\"rank-math-list-item\">\n<h3 class=\"rank-math-question \">Welche Effekte hat Forbidden Fruit?<\/h3>\n<div class=\"rank-math-answer \">\n\n<p>Die Effekte von Forbidden Fruit sind sehr stark. Sie beginnt mit einer Euphorie, die die Stimmung hebt, gefolgt von einer tiefen k\u00f6rperlichen Entspannung, die dich auf die Couch fesseln kann. Sie ist ideal f\u00fcr Momente der Ruhe und Entspannung.<\/p>\n\n<\/div>\n<\/div>\n<\/div>\n<\/div>","protected":false},"excerpt":{"rendered":"<p><b>Forbidden Fruit<\/b> bietet eine perfekte Kombination aus <strong>fruchtigem Geschmack und starken Effekten<\/strong>. Mit hohen THC-Werten von <strong>23-26%<\/strong> garantiert diese Strain ein <strong>euphorisches und tief entspannendes Erlebnis<\/strong>. Ideal f\u00fcr Anf\u00e4nger und erfahrene Grower, produziert sie m\u00fchelos reiche Ernten und ist \u00e4u\u00dferst robust.<\/p>\n","protected":false},"featured_media":27019,"comment_status":"open","ping_status":"closed","template":"","meta":{"_acf_changed":false,"inline_featured_image":false,"_uag_custom_page_level_css":""},"product_brand":[],"product_cat":[1097],"product_tag":[],"class_list":{"0":"post-13996","1":"product","2":"type-product","3":"status-publish","4":"has-post-thumbnail","6":"product_cat-feminisierte-cannabis-samen","8":"first","9":"instock","10":"taxable","11":"shipping-taxable","12":"purchasable","13":"product-type-simple"},"acf":[],"uagb_featured_image_src":{"full":["https:\/\/bulkgenetics.com\/wp-content\/uploads\/2023\/01\/forbidden-fruit-strain-feminized-cannabis-seeds.jpg",1600,1600,false],"thumbnail":["https:\/\/bulkgenetics.com\/wp-content\/uploads\/2023\/01\/forbidden-fruit-strain-feminized-cannabis-seeds-150x150.jpg",150,150,true],"medium":["https:\/\/bulkgenetics.com\/wp-content\/uploads\/2023\/01\/forbidden-fruit-strain-feminized-cannabis-seeds-300x300.jpg",300,300,true],"medium_large":["https:\/\/bulkgenetics.com\/wp-content\/uploads\/2023\/01\/forbidden-fruit-strain-feminized-cannabis-seeds-768x768.jpg",768,768,true],"large":["https:\/\/bulkgenetics.com\/wp-content\/uploads\/2023\/01\/forbidden-fruit-strain-feminized-cannabis-seeds-1024x1024.jpg",1024,1024,true],"1536x1536":["https:\/\/bulkgenetics.com\/wp-content\/uploads\/2023\/01\/forbidden-fruit-strain-feminized-cannabis-seeds-1536x1536.jpg",1536,1536,true],"2048x2048":["https:\/\/bulkgenetics.com\/wp-content\/uploads\/2023\/01\/forbidden-fruit-strain-feminized-cannabis-seeds.jpg",1600,1600,false],"commercegurus-pdp-large":["https:\/\/bulkgenetics.com\/wp-content\/uploads\/2023\/01\/forbidden-fruit-strain-feminized-cannabis-seeds-990x990.jpg",990,990,true],"commercegurus-plp-mobile":["https:\/\/bulkgenetics.com\/wp-content\/uploads\/2023\/01\/forbidden-fruit-strain-feminized-cannabis-seeds-441x441.jpg",441,441,true],"cgkit_image_swatch":["https:\/\/bulkgenetics.com\/wp-content\/uploads\/2023\/01\/forbidden-fruit-strain-feminized-cannabis-seeds-100x100.jpg",100,100,true],"woocommerce_thumbnail":["https:\/\/bulkgenetics.com\/wp-content\/uploads\/2023\/01\/forbidden-fruit-strain-feminized-cannabis-seeds-300x300.jpg",300,300,true],"woocommerce_single":["https:\/\/bulkgenetics.com\/wp-content\/uploads\/2023\/01\/forbidden-fruit-strain-feminized-cannabis-seeds-800x800.jpg",800,800,true],"woocommerce_gallery_thumbnail":["https:\/\/bulkgenetics.com\/wp-content\/uploads\/2023\/01\/forbidden-fruit-strain-feminized-cannabis-seeds-150x150.jpg",150,150,true],"dgwt-wcas-product-suggestion":["https:\/\/bulkgenetics.com\/wp-content\/uploads\/2023\/01\/forbidden-fruit-strain-feminized-cannabis-seeds-64x64.jpg",64,64,true]},"uagb_author_info":{"display_name":"Bruno Crespo","author_link":"https:\/\/bulkgenetics.com\/de\/author\/"},"uagb_comment_info":0,"uagb_excerpt":"Forbidden Fruit bietet eine perfekte Kombination aus fruchtigem Geschmack und starken Effekten. Mit hohen THC-Werten von 23-26% garantiert diese Strain ein euphorisches und tief entspannendes Erlebnis. Ideal f\u00fcr Anf\u00e4nger und erfahrene Grower, produziert sie m\u00fchelos reiche Ernten und ist \u00e4u\u00dferst robust.","_links":{"self":[{"href":"https:\/\/bulkgenetics.com\/de\/wp-json\/wp\/v2\/product\/13996","targetHints":{"allow":["GET"]}}],"collection":[{"href":"https:\/\/bulkgenetics.com\/de\/wp-json\/wp\/v2\/product"}],"about":[{"href":"https:\/\/bulkgenetics.com\/de\/wp-json\/wp\/v2\/types\/product"}],"replies":[{"embeddable":true,"href":"https:\/\/bulkgenetics.com\/de\/wp-json\/wp\/v2\/comments?post=13996"}],"wp:featuredmedia":[{"embeddable":true,"href":"https:\/\/bulkgenetics.com\/de\/wp-json\/wp\/v2\/media\/27019"}],"wp:attachment":[{"href":"https:\/\/bulkgenetics.com\/de\/wp-json\/wp\/v2\/media?parent=13996"}],"wp:term":[{"taxonomy":"product_brand","embeddable":true,"href":"https:\/\/bulkgenetics.com\/de\/wp-json\/wp\/v2\/product_brand?post=13996"},{"taxonomy":"product_cat","embeddable":true,"href":"https:\/\/bulkgenetics.com\/de\/wp-json\/wp\/v2\/product_cat?post=13996"},{"taxonomy":"product_tag","embeddable":true,"href":"https:\/\/bulkgenetics.com\/de\/wp-json\/wp\/v2\/product_tag?post=13996"}],"curies":[{"name":"wp","href":"https:\/\/api.w.org\/{rel}","templated":true}]}}