{"id":14769,"date":"2023-02-14T10:25:34","date_gmt":"2023-02-14T09:25:34","guid":{"rendered":"https:\/\/bulkgenetics.com\/?post_type=product&#038;p=14769"},"modified":"2024-10-08T01:08:57","modified_gmt":"2024-10-07T23:08:57","slug":"alien-rock-candy","status":"publish","type":"product","link":"https:\/\/bulkgenetics.com\/de\/alien-rock-candy\/","title":{"rendered":"Alien Rock Candy"},"content":{"rendered":"\n<p><strong>Alien Rock Candy<\/strong> ist ein Cannabis-Strain, der sich dank seiner au\u00dfergew\u00f6hnlichen Genetik in der Welt der Cannabissamen hervorhebt. Diese Sorte ist das Ergebnis der Kreuzung einer <strong><a href=\"https:\/\/bulkgenetics.com\/de\/sour-diesel\/\">Sour Dubble<\/a><\/strong> und einer <strong><a href=\"https:\/\/bulkgenetics.com\/de\/tahoe-og\/\">Tahoe Alien<\/a><\/strong>, was ihr ein perfektes Gleichgewicht zwischen ihren Indica- und Sativa-Eigenschaften verleiht. Entwickelt von den Experten bei Alien Genetics, hat sich diese Sorte sowohl bei Z\u00fcchtern als auch bei Konsumenten einen besonderen Platz im Herzen erobert.<\/p>\n\n\n\n<p>Die Pflanze zeigt eine robuste und kr\u00e4ftige Morphologie, mit einer Struktur, die das Beste ihrer Elternteile vereint. Sie entwickelt sich zu einer buschigen und stark verzweigten Form, was sie ideal f\u00fcr verschiedene Anbaumethoden macht. Ihre Bl\u00e4tter sind breit und intensiv gr\u00fcn, typisch f\u00fcr indica-dominante Strains.<\/p>\n\n\n\n<p>Die Buds von Alien Rock Candy sind ein wahrer Augenschmaus. Gro\u00df und dicht, sind diese Buds von einer dicken Schicht harziger Trichome bedeckt, die ihnen ein fast kristallines Aussehen verleihen, als w\u00e4ren sie mit einer feinen Schicht Schnee bedeckt. Die gr\u00fcnen T\u00f6ne der Buds werden durch die leuchtend orangenen Pistillen hervorgehoben, was einen beeindruckenden visuellen Kontrast schafft.<\/p>\n\n\n\n<h2 class=\"wp-block-heading\">Geschmack und Wirkung<\/h2>\n\n\n\n<p>Alien Rock Candy ist nicht nur ein Genuss f\u00fcrs Auge, sondern auch f\u00fcr die Geschmacks- und Geruchssinne. Ihre Buds verstr\u00f6men ein intensives und k\u00f6stliches Aroma, dominiert von sauren Noten von Limette und Zitrone, mit s\u00fc\u00dfen Untert\u00f6nen, die manche als \u00e4hnlich wie das Getr\u00e4nk Sprite beschreiben. Beim Konsum entt\u00e4uscht ihr Geschmack nicht und bietet eine Mischung aus zitrischen und s\u00fc\u00dfen Noten, die den Gaumen erfreut.<\/p>\n\n\n\n<p>Der THC-Gehalt von Alien Rock Candy ist bemerkenswert hoch und erreicht Werte von bis zu <strong>24%<\/strong>. Dieser potente Cannabinoid garantiert starke und lang anhaltende Effekte, die mit einem Gef\u00fchl von Euphorie und Energie beginnen, bevor sie sich in eine tiefe Entspannung und schlie\u00dflich in Schl\u00e4frigkeit verwandeln. Sie ist perfekt f\u00fcr diejenigen, die eine ausgewogene Wirkung suchen, die eine stimulierende Aufw\u00e4rtsbewegung mit einer entspannenden Abw\u00e4rtsbewegung kombiniert. Der CBD-Gehalt hingegen ist niedrig, unter <strong>1%<\/strong>, was sie ideal f\u00fcr diejenigen macht, die die psychoaktiven Effekte von THC bevorzugen.<\/p>\n\n\n\n<h3 class=\"wp-block-heading\">Terpene von Alien Rock Candy<\/h3>\n\n\n\n<p>Die Terpene von Alien Rock Candy sind verantwortlich f\u00fcr ihr aromatisches Profil und ihre einzigartigen Effekte. Die hervorstechendsten sind:<\/p>\n\n\n\n<ul class=\"wp-block-list\">\n<li><strong>Myrcen:<\/strong> Dieses Terpen verleiht ein krautiges und erdiges Aroma. Es ist bekannt f\u00fcr seine beruhigenden und entspannenden Eigenschaften und hilft, Schlaflosigkeit und Stress zu bek\u00e4mpfen.<\/li>\n\n\n\n<li><strong>Limonen:<\/strong> Mit einem charakteristischen Zitrusduft ist Limonen belebend und stimmungsaufhellend und hat zudem entz\u00fcndungshemmende und antioxidative Eigenschaften.<\/li>\n\n\n\n<li><strong>Caryophyllen:<\/strong> Dieses Terpen hat ein w\u00fcrziges und pfeffriges Aroma. Es ist einzigartig, da es direkt mit den Cannabinoid-Rezeptoren des K\u00f6rpers interagieren kann und entz\u00fcndungshemmende und schmerzlindernde Wirkungen bietet.<\/li>\n\n\n\n<li><strong>Pinene:<\/strong> Mit einem frischen Kiefernaroma ist Pinene bekannt f\u00fcr seine entz\u00fcndungshemmenden Eigenschaften und seine F\u00e4higkeit, das Ged\u00e4chtnis und die Konzentration zu verbessern.<\/li>\n<\/ul>\n\n\n\n<p>Diese Terpene bereichern nicht nur die sensorische Erfahrung von Alien Rock Candy, sondern bieten auch therapeutische Vorteile, wodurch dieser Strain sowohl f\u00fcr den Freizeit- als auch f\u00fcr den medizinischen Gebrauch vielseitig einsetzbar ist.<\/p>\n\n\n\n<h2 class=\"wp-block-heading\">Produktion und Bl\u00fctezeit<\/h2>\n\n\n\n<p>Alien Rock Candy ist ein Strain, der sowohl im Innen- als auch im Au\u00dfenbereich beeindruckende Ertr\u00e4ge bietet und jede Anbaumethode lohnenswert macht. Im Innenbereich ist dieser Strain perfekt f\u00fcr Anbautechniken wie SCROG geeignet, bei denen man mit wenigen Pflanzen in wenigen Wochen die gesamte Fl\u00e4che des Schranks abdecken kann. Mit einer 300-350 W LED-Leuchte k\u00f6nnen bis zu <strong>500 Gramm<\/strong> pro Quadratmeter spektakul\u00e4rer Buds erzielt werden. Die Bl\u00fctezeit im Innenbereich ist relativ kurz und betr\u00e4gt nur<strong> 7-8 Wochen<\/strong> ab der Umstellung des Lichtzyklus auf Bl\u00fcte.<\/p>\n\n\n\n<p>Auch im Freien zeigt dieser Strain sein volles Potenzial. Die Pflanzen k\u00f6nnen bis zu 2 Meter hoch werden, und unter optimalen Bedingungen sind Ertr\u00e4ge von <strong>700 bis 900 Gramm pro Pflanze<\/strong> m\u00f6glich. Die Ernte im Freien erfolgt in der Regel zwischen<strong> Ende September und Anfang Oktober<\/strong>, abh\u00e4ngig von der geografischen Lage und den spezifischen klimatischen Bedingungen.<\/p>\n\n\n\n<p>Diese Kombination aus hohem Ertrag und schneller Bl\u00fctezeit macht Alien Rock Candy zu einer au\u00dfergew\u00f6hnlichen Wahl f\u00fcr Z\u00fcchter, die ihren Ertrag maximieren m\u00f6chten, ohne dabei auf Qualit\u00e4t zu verzichten. Egal, ob du drinnen oder drau\u00dfen anbaust, dieser Strain wird dich nicht entt\u00e4uschen.<\/p>\n\n\n\n<h2 class=\"wp-block-heading\">Wie man Alien Rock Candy anbaut<\/h2>\n\n\n\n<p>Alien Rock Candy ist ein Strain, den wir sowohl Anf\u00e4ngern als auch erfahrenen Z\u00fcchtern empfehlen. Seine <strong>Anbauschwierigkeit<\/strong> ist gering, da er eine sehr robuste und leicht zu handhabende Pflanze ist. Sie w\u00e4chst kr\u00e4ftig und reagiert gut auf verschiedene Schnitt- und Trainingstechniken wie Topping und SCROG.<\/p>\n\n\n\n<p>Um die besten Ergebnisse zu erzielen, bevorzugt Alien Rock Candy ein <strong>warmes und sonniges Klima<\/strong>, \u00e4hnlich dem Mittelmeerraum. Im Innenbereich ist es wichtig, f\u00fcr eine gute Luftzirkulation zu sorgen und die Luftfeuchtigkeit zu kontrollieren, insbesondere w\u00e4hrend der Bl\u00fctephase, um Probleme mit Schimmel und Pilzen zu vermeiden. Dieser Strain passt sich auch gut an verschiedene Anbaumethoden an, einschlie\u00dflich Erde, Kokos und hydroponische Systeme.<\/p>\n\n\n\n<p>Ein weiteres herausragendes Merkmal ist die <strong>Widerstandsf\u00e4higkeit gegen Sch\u00e4dlinge und Krankheiten<\/strong>. Das macht sie ideal f\u00fcr diejenigen, die einen robusten Strain suchen, der nicht st\u00e4ndige Aufmerksamkeit erfordert. Es ist jedoch immer ratsam, eine angemessene \u00dcberwachung durchzuf\u00fchren und saubere Anbaupraktiken anzuwenden, um eine gesunde und reichhaltige Ernte zu gew\u00e4hrleisten.<\/p>\n\n\n\n<div style=\"height:50px\" aria-hidden=\"true\" class=\"wp-block-spacer uag-hide-mob\"><\/div>\n\n\n\n<div class=\"wp-block-columns is-layout-flex wp-container-core-columns-is-layout-28f84493 wp-block-columns-is-layout-flex\">\n<div class=\"wp-block-column is-layout-flow wp-block-column-is-layout-flow\">\n<p class=\"has-text-align-center has-medium-font-size\"><strong>Was uns am besten gef\u00e4llt<\/strong><\/p>\n\n\n\n<ul class=\"wp-block-list\">\n<li>Sehr einfach zu kultivieren, ideal f\u00fcr Anf\u00e4nger.<\/li>\n\n\n\n<li>Hoher Ertrag sowohl im Innen- als auch im Au\u00dfenbereich.<\/li>\n\n\n\n<li>K\u00f6stlicher Geschmack von Limette und Zitrone mit s\u00fc\u00dfen Untert\u00f6nen.<\/li>\n\n\n\n<li>Starke und ausgewogene Effekte, perfekt zum Entspannen.<\/li>\n\n\n\n<li>Hohe Widerstandsf\u00e4higkeit gegen Sch\u00e4dlinge und Krankheiten.<\/li>\n<\/ul>\n<\/div>\n\n\n\n<div class=\"wp-block-column is-layout-flow wp-block-column-is-layout-flow\">\n<p class=\"has-text-align-center has-medium-font-size\"><strong>Was uns weniger gef\u00e4llt<\/strong><\/p>\n\n\n\n<ul class=\"wp-block-list\">\n<li>Kann w\u00e4hrend der Bl\u00fctezeit ziemlich geruchsintensiv sein, was ein gutes Filtersystem im Innenbereich erfordert.<\/li>\n\n\n\n<li>Der CBD-Gehalt ist niedrig, was f\u00fcr diejenigen, die spezifische medizinische Effekte von CBD suchen, weniger ideal sein kann.<\/li>\n<\/ul>\n<\/div>\n<\/div>\n\n\n\n<div style=\"height:50px\" aria-hidden=\"true\" class=\"wp-block-spacer uag-hide-mob\"><\/div>\n\n\n\n<h2 class=\"wp-block-heading\">H\u00e4ufig gestellte Fragen<\/h2>\n\n\n\n<p>Im Folgenden findest du die Antworten auf die h\u00e4ufigsten Fragen, die Z\u00fcchter zu diesem Strain haben k\u00f6nnten:<\/p>\n\n\n<div id=\"rank-math-faq\" class=\"rank-math-block\">\n<div class=\"rank-math-list \">\n<div id=\"faq-question-1676366794372\" class=\"rank-math-list-item\">\n<h3 class=\"rank-math-question \">Ist Alien Rock Candy Sativa oder Indica?<\/h3>\n<div class=\"rank-math-answer \">\n\n<p>Alien Rock Candy ist eine \u00fcberwiegend Indica-dominante Sorte, mit 60% Indica- und 40% Sativa-Genetik. Indica-Sorten bieten meist entspannende und sedierende Effekte, ideal f\u00fcr den n\u00e4chtlichen Gebrauch, w\u00e4hrend Sativas eine energetisierende und zerebrale Erfahrung bieten, perfekt f\u00fcr den Tag.<\/p>\n\n<\/div>\n<\/div>\n<div id=\"faq-question-1721825895234\" class=\"rank-math-list-item\">\n<h3 class=\"rank-math-question \">Welche Kreuzung ist Alien Rock Candy?<\/h3>\n<div class=\"rank-math-answer \">\n\n<p>Alien Rock Candy ist das Ergebnis der Kreuzung zwischen Sour Dubble und Tahoe Alien und kombiniert das Beste aus beiden Genetiken, um einen einzigartigen Strain mit einem au\u00dfergew\u00f6hnlichen Geschmacks- und Wirkungsprofil zu schaffen.<\/p>\n\n<\/div>\n<\/div>\n<div id=\"faq-question-1663029074962\" class=\"rank-math-list-item\">\n<h3 class=\"rank-math-question \">Wann beginnt die Bl\u00fctezeit von Alien Rock Candy im Freien?<\/h3>\n<div class=\"rank-math-answer \">\n\n<p>Die Bl\u00fctezeit von Alien Rock Candy im Freien beginnt in der Regel in der ersten Augusth\u00e4lfte, abh\u00e4ngig von der geografischen Breite und den spezifischen klimatischen Bedingungen.<\/p>\n\n<\/div>\n<\/div>\n<div id=\"faq-question-1663029159933\" class=\"rank-math-list-item\">\n<h3 class=\"rank-math-question \">Wann erntet man Alien Rock Candy im Freien?<\/h3>\n<div class=\"rank-math-answer \">\n\n<p>Alien Rock Candy ist eine Sorte mit schneller Bl\u00fctezeit, die im Freien zwischen Ende September und Anfang Oktober geerntet wird. Im Innenbereich betr\u00e4gt die Bl\u00fctezeit 7-8 Wochen ab der Umstellung auf den Bl\u00fctezyklus.<\/p>\n\n<\/div>\n<\/div>\n<div id=\"faq-question-1663029165861\" class=\"rank-math-list-item\">\n<h3 class=\"rank-math-question \">Wie baut man eine feminisierte Alien Rock Candy an?<\/h3>\n<div class=\"rank-math-answer \">\n\n<p>Alien Rock Candy ist eine leicht anzubauende Pflanze, die h\u00e4ufiges Beschneiden f\u00fcr eine buschige und stark verzweigte Struktur dankbar annimmt. Sie passt sich gut an verschiedene Anbaumedien an, einschlie\u00dflich Erde, Kokos und hydroponische Systeme. Sie bevorzugt ein warmes und sonniges Klima, \u00e4hnlich dem Mittelmeer, und ist widerstandsf\u00e4hig gegen Sch\u00e4dlinge und Krankheiten.<\/p>\n\n<\/div>\n<\/div>\n<div id=\"faq-question-1666780029954\" class=\"rank-math-list-item\">\n<h3 class=\"rank-math-question \">Welche Effekte hat Alien Rock Candy in gro\u00dfen Mengen?<\/h3>\n<div class=\"rank-math-answer \">\n\n<p>Die Effekte von Alien Rock Candy sind sehr stark und ausgewogen. Sie beginnt mit einem Gef\u00fchl von Euphorie und Energie, gefolgt von tiefer Entspannung und schlie\u00dflich Schl\u00e4frigkeit. Perfekt f\u00fcr diejenigen, die eine Wirkung suchen, die eine stimulierende Aufw\u00e4rtsbewegung mit einer entspannenden Abw\u00e4rtsbewegung kombiniert.<\/p>\n\n<\/div>\n<\/div>\n<div id=\"faq-question-1721825961383\" class=\"rank-math-list-item\">\n<h3 class=\"rank-math-question \">Wie schmeckt Alien Rock Candy?<\/h3>\n<div class=\"rank-math-answer \">\n\n<p>Alien Rock Candy bietet einen k\u00f6stlichen Geschmack von Limette und Zitrone mit s\u00fc\u00dfen Untert\u00f6nen, die von einigen als \u00e4hnlich wie das Getr\u00e4nk Sprite beschrieben werden. Ihr Aroma ist ebenso intensiv und angenehm, dominiert von zitrischen und s\u00fc\u00dfen Noten.<\/p>\n\n<\/div>\n<\/div>\n<div id=\"faq-question-1721825963251\" class=\"rank-math-list-item\">\n<h3 class=\"rank-math-question \">Wie hoch ist der Cannabinoidgehalt von Alien Rock Candy?<\/h3>\n<div class=\"rank-math-answer \">\n\n<p>Alien Rock Candy hat einen bemerkenswert hohen THC-Gehalt, der bis zu 24% erreicht. Der CBD-Gehalt ist niedrig, unter 1%, was sie ideal f\u00fcr diejenigen macht, die die psychoaktiven Effekte von THC bevorzugen.<\/p>\n\n<\/div>\n<\/div>\n<\/div>\n<\/div>\n","protected":false},"excerpt":{"rendered":"<p><b>Alien Rock Candy<\/b> ist die perfekte Wahl f\u00fcr diejenigen, die ein einfaches Anbauerlebnis und eine reiche Ernte suchen. Genie\u00dfe einen unvergleichlichen <strong>zitrus- und s\u00fc\u00dfen Geschmack<\/strong>, begleitet von <strong>starken und ausgewogenen Effekten<\/strong>, die sowohl Euphorie als auch tiefe Entspannung bieten. Ideal f\u00fcr Anf\u00e4nger und erfahrene Z\u00fcchter gleicherma\u00dfen.<\/p>\n","protected":false},"featured_media":26972,"comment_status":"open","ping_status":"closed","template":"","meta":{"_acf_changed":false,"inline_featured_image":false,"_uag_custom_page_level_css":""},"product_brand":[],"product_cat":[1097],"product_tag":[],"class_list":{"0":"post-14769","1":"product","2":"type-product","3":"status-publish","4":"has-post-thumbnail","6":"product_cat-feminisierte-cannabis-samen","8":"first","9":"instock","10":"taxable","11":"shipping-taxable","12":"purchasable","13":"product-type-simple"},"acf":[],"uagb_featured_image_src":{"full":["https:\/\/bulkgenetics.com\/wp-content\/uploads\/2023\/02\/alien-rock-candy-strain-feminized-cannabis-seeds.jpg",1600,1600,false],"thumbnail":["https:\/\/bulkgenetics.com\/wp-content\/uploads\/2023\/02\/alien-rock-candy-strain-feminized-cannabis-seeds-150x150.jpg",150,150,true],"medium":["https:\/\/bulkgenetics.com\/wp-content\/uploads\/2023\/02\/alien-rock-candy-strain-feminized-cannabis-seeds-300x300.jpg",300,300,true],"medium_large":["https:\/\/bulkgenetics.com\/wp-content\/uploads\/2023\/02\/alien-rock-candy-strain-feminized-cannabis-seeds-768x768.jpg",768,768,true],"large":["https:\/\/bulkgenetics.com\/wp-content\/uploads\/2023\/02\/alien-rock-candy-strain-feminized-cannabis-seeds-1024x1024.jpg",1024,1024,true],"1536x1536":["https:\/\/bulkgenetics.com\/wp-content\/uploads\/2023\/02\/alien-rock-candy-strain-feminized-cannabis-seeds-1536x1536.jpg",1536,1536,true],"2048x2048":["https:\/\/bulkgenetics.com\/wp-content\/uploads\/2023\/02\/alien-rock-candy-strain-feminized-cannabis-seeds.jpg",1600,1600,false],"commercegurus-pdp-large":["https:\/\/bulkgenetics.com\/wp-content\/uploads\/2023\/02\/alien-rock-candy-strain-feminized-cannabis-seeds-990x990.jpg",990,990,true],"commercegurus-plp-mobile":["https:\/\/bulkgenetics.com\/wp-content\/uploads\/2023\/02\/alien-rock-candy-strain-feminized-cannabis-seeds-441x441.jpg",441,441,true],"cgkit_image_swatch":["https:\/\/bulkgenetics.com\/wp-content\/uploads\/2023\/02\/alien-rock-candy-strain-feminized-cannabis-seeds-100x100.jpg",100,100,true],"woocommerce_thumbnail":["https:\/\/bulkgenetics.com\/wp-content\/uploads\/2023\/02\/alien-rock-candy-strain-feminized-cannabis-seeds-300x300.jpg",300,300,true],"woocommerce_single":["https:\/\/bulkgenetics.com\/wp-content\/uploads\/2023\/02\/alien-rock-candy-strain-feminized-cannabis-seeds-800x800.jpg",800,800,true],"woocommerce_gallery_thumbnail":["https:\/\/bulkgenetics.com\/wp-content\/uploads\/2023\/02\/alien-rock-candy-strain-feminized-cannabis-seeds-150x150.jpg",150,150,true],"dgwt-wcas-product-suggestion":["https:\/\/bulkgenetics.com\/wp-content\/uploads\/2023\/02\/alien-rock-candy-strain-feminized-cannabis-seeds-64x64.jpg",64,64,true]},"uagb_author_info":{"display_name":"Bruno Crespo","author_link":"https:\/\/bulkgenetics.com\/de\/author\/"},"uagb_comment_info":2,"uagb_excerpt":"Alien Rock Candy ist die perfekte Wahl f\u00fcr diejenigen, die ein einfaches Anbauerlebnis und eine reiche Ernte suchen. Genie\u00dfe einen unvergleichlichen zitrus- und s\u00fc\u00dfen Geschmack, begleitet von starken und ausgewogenen Effekten, die sowohl Euphorie als auch tiefe Entspannung bieten. Ideal f\u00fcr Anf\u00e4nger und erfahrene Z\u00fcchter gleicherma\u00dfen.","_links":{"self":[{"href":"https:\/\/bulkgenetics.com\/de\/wp-json\/wp\/v2\/product\/14769","targetHints":{"allow":["GET"]}}],"collection":[{"href":"https:\/\/bulkgenetics.com\/de\/wp-json\/wp\/v2\/product"}],"about":[{"href":"https:\/\/bulkgenetics.com\/de\/wp-json\/wp\/v2\/types\/product"}],"replies":[{"embeddable":true,"href":"https:\/\/bulkgenetics.com\/de\/wp-json\/wp\/v2\/comments?post=14769"}],"wp:featuredmedia":[{"embeddable":true,"href":"https:\/\/bulkgenetics.com\/de\/wp-json\/wp\/v2\/media\/26972"}],"wp:attachment":[{"href":"https:\/\/bulkgenetics.com\/de\/wp-json\/wp\/v2\/media?parent=14769"}],"wp:term":[{"taxonomy":"product_brand","embeddable":true,"href":"https:\/\/bulkgenetics.com\/de\/wp-json\/wp\/v2\/product_brand?post=14769"},{"taxonomy":"product_cat","embeddable":true,"href":"https:\/\/bulkgenetics.com\/de\/wp-json\/wp\/v2\/product_cat?post=14769"},{"taxonomy":"product_tag","embeddable":true,"href":"https:\/\/bulkgenetics.com\/de\/wp-json\/wp\/v2\/product_tag?post=14769"}],"curies":[{"name":"wp","href":"https:\/\/api.w.org\/{rel}","templated":true}]}}