{"id":14795,"date":"2023-02-14T12:42:11","date_gmt":"2023-02-14T11:42:11","guid":{"rendered":"https:\/\/bulkgenetics.com\/?post_type=product&#038;p=14795"},"modified":"2024-10-08T01:08:56","modified_gmt":"2024-10-07T23:08:56","slug":"deimos-auto","status":"publish","type":"product","link":"https:\/\/bulkgenetics.com\/de\/deimos-auto\/","title":{"rendered":"Deimos Auto"},"content":{"rendered":"\n<p><strong>Deimos Auto<\/strong> ist eine der am meisten angebauten autoflowering Sorten der Welt, die f\u00fcr ihre Zuverl\u00e4ssigkeit und hohen Ertr\u00e4ge bekannt ist. Niemand wird seinem Charme widerstehen k\u00f6nnen, denn er ist einfach perfekt.<\/p>\n\n\n\n<p>Diese Sorte ist eines der Flaggschiffe von Budha Seeds. Sie ist sehr Indica-dominant und ist das Ergebnis von viel Z\u00fcchtungsarbeit aus <a href=\"https:\/\/bulkgenetics.com\/de\/northern-lights\/\"><strong>Northern Lights<\/strong><\/a> und einer <strong>Ruderalis<\/strong>-Sorte. Nach st\u00e4ndigen Selektionen auf der Suche nach den verzweigtesten Ph\u00e4notypen und 7 Generationen sp\u00e4ter ist diese Pflanze geboren und \u00fcberrascht die Z\u00fcchter immer wieder aufs Neue.<\/p>\n\n\n\n<h2 class=\"wp-block-heading\">Wie man Deimos Auto anbaut<\/h2>\n\n\n\n<p>Wie jede andere Autoflowering, Deimos Bulk-Samen sch\u00e4tzen lange und sehr sonnige Tage oder eine Photoperiode von 18\/6, wenn im Freien angebaut.<\/p>\n\n\n\n<p>Um ihn so gro\u00df wie m\u00f6glich zu machen, empfehlen wir, von Anfang an einen gro\u00dfen Topf von etwa 20 Litern zu verwenden. So k\u00f6nnen die Pflanzen ohne Unterbrechung bis zum Beginn der Bl\u00fcte wachsen, ohne die typische Unterbrechung, die nach dem Umpflanzen auftritt. Im Innenbereich k\u00f6nnen kleinere T\u00f6pfe verwendet werden, um eine Dichte von 9 Pflanzen pro m\u00b2 Anbaufl\u00e4che zu erreichen.<\/p>\n\n\n\n<p>Nach der Keimung ben\u00f6tigt Deimos Auto <strong>nur 70-75 Tage, um erntereif zu sein<\/strong>. Da sie so schnell w\u00e4chst, ist es m\u00f6glich, w\u00e4hrend der Freilandsaison zwei aufeinanderfolgende Ernten anzubauen. In Gebieten mit einem trockenen Fr\u00fchherbst k\u00f6nnen sogar drei Kulturen angebaut werden.<\/p>\n\n\n\n<h2 class=\"wp-block-heading\">Merkmale von Deimos Auto<\/h2>\n\n\n\n<p>Eine der herausragenden Eigenschaften dieser Sorte ist ihr hoher Ertrag. Sie hat eine gro\u00dfe zentrale Knospe, die von Satellitenknospen umgeben ist, die ebenfalls sehr dick und hart sind. Die Menge des Harzes macht es auch sehr geeignet f\u00fcr alle Arten von Extraktionen.<\/p>\n\n\n\n<p>Der <strong>Geschmack<\/strong> ist sehr intensiv und hat die honigartigen Noten seiner Mutter Northern Lights geerbt. Das <strong>Aroma<\/strong> ist auch w\u00e4hrend der Bl\u00fctephase eher dezent.<\/p>\n\n\n\n<p>Los <strong>efectos <\/strong>son especialmente relajantes e introspectivos. Er ist ideal zum Lesen oder zum Anschauen eines Films. In hohen Dosen erzeugt es eine fast k\u00f6rperblockierende Wirkung, w\u00e4hrend es gleichzeitig ein gro\u00dfes geistiges Gl\u00fccksgef\u00fchl vermittelt.<\/p>\n\n\n\n<p>Die Ertr\u00e4ge, die Deimos Auto in loser Sch\u00fcttung bietet, sind in Anbetracht ihrer diskreten Gr\u00f6\u00dfe spektakul\u00e4r. Im Freien k\u00f6nnen Pflanzen, die bis zu einem Meter hoch werden, bis zu <strong>125 Gramm<\/strong> einbringen. In Innenr\u00e4umen und mit einer 300-350W-LED-Leuchte erreichen Sie mehr als <strong>500 Gramm pro m\u00b2<\/strong>.<\/p>\n\n\n\n<div style=\"height:50px\" aria-hidden=\"true\" class=\"wp-block-spacer uag-hide-mob\"><\/div>\n\n\n\n<div class=\"wp-block-columns is-layout-flex wp-container-core-columns-is-layout-28f84493 wp-block-columns-is-layout-flex\">\n<div class=\"wp-block-column is-layout-flow wp-block-column-is-layout-flow\">\n<p class=\"has-text-align-center has-medium-font-size\"><strong>Was wir am meisten m\u00f6gen<\/strong><\/p>\n\n\n\n<ul class=\"wp-block-list\">\n<li>Sehr einfach zu z\u00fcchten.<\/li>\n\n\n\n<li>Sehr hohe Produktion.<\/li>\n\n\n\n<li>Sie wird in nur 75 Tagen geerntet.<\/li>\n\n\n\n<li>Sehr entspannende und gl\u00fcckliche Effekte.<\/li>\n\n\n\n<li>Sein Preis.<\/li>\n<\/ul>\n<\/div>\n\n\n\n<div class=\"wp-block-column is-layout-flow wp-block-column-is-layout-flow\">\n<p class=\"has-text-align-center has-medium-font-size\"><strong>Was wir am wenigsten m\u00f6gen<\/strong><\/p>\n\n\n\n<ul class=\"wp-block-list\">\n<li>Stark narkotisierende Wirkung bei hohen Dosen.<\/li>\n<\/ul>\n<\/div>\n<\/div>\n\n\n\n<div style=\"height:50px\" aria-hidden=\"true\" class=\"wp-block-spacer uag-hide-mob\"><\/div>\n\n\n\n<h2 class=\"wp-block-heading\">H\u00e4ufig gestellte Fragen<\/h2>\n\n\n\n<p>Hier finden Sie die Antworten auf die am h\u00e4ufigsten gestellten Fragen von Z\u00fcchtern, die sich f\u00fcr diese preiswerten Samen interessieren:<\/p>\n\n\n<div id=\"rank-math-faq\" class=\"rank-math-block\">\n<div class=\"rank-math-list \">\n<div id=\"faq-question-1663029074962\" class=\"rank-math-list-item\">\n<h3 class=\"rank-math-question \">Wie lange ist die gesamte Anbauzeit eines Deimos Auto?<\/h3>\n<div class=\"rank-math-answer \">\n\n<p>Vom Keimling an wird diese Sorte in insgesamt 75 Tagen geerntet. Einige Ph\u00e4notypen sind sogar noch schneller.<\/p>\n\n<\/div>\n<\/div>\n<div id=\"faq-question-1663029159933\" class=\"rank-math-list-item\">\n<h3 class=\"rank-math-question \">Wie z\u00fcchte ich eine feminisierte Deimos Auto?<\/h3>\n<div class=\"rank-math-answer \">\n\n<p>Sie ist eine sehr pflegeleichte und dankbare Pflanze. Verwenden Sie einen gro\u00dfen Topf und vermeiden Sie das Umpflanzen. Dadurch erreicht sie ihre gr\u00f6\u00dfte H\u00f6he vor Beginn der Bl\u00fctephase.<\/p>\n\n<\/div>\n<\/div>\n<div id=\"faq-question-1663029165861\" class=\"rank-math-list-item\">\n<h3 class=\"rank-math-question \">Wie viel Produktion liefert ein Deimos Auto?<\/h3>\n<div class=\"rank-math-answer \">\n\n<p>Der Ertrag im Freien betr\u00e4gt bis zu 125 Gramm bei den gr\u00f6\u00dften Pflanzen. In Innenr\u00e4umen werden mit einer 300-W-LED etwa 500 Gramm pro m\u00b2 erreicht.<\/p>\n\n<\/div>\n<\/div>\n<div id=\"faq-question-1666780029954\" class=\"rank-math-list-item\">\n<h3 class=\"rank-math-question \">Was sind die Merkmale von Deimos Auto in loser Sch\u00fcttung?<\/h3>\n<div class=\"rank-math-answer \">\n\n<p>Es handelt sich um eine sehr einfache Pflanze, die eine gro\u00dfe zentrale Knospe und zahlreiche Satellitenknospen von ausgezeichneter Gr\u00f6\u00dfe hervorbringt. In Innenr\u00e4umen hat sie auch einen eher unauff\u00e4lligen Geruch, so dass sie auch ohne Kohlefilter angebaut werden kann.<\/p>\n\n<\/div>\n<\/div>\n<\/div>\n<\/div>","protected":false},"excerpt":{"rendered":"<p>Deimos Auto ist eine der bekanntesten und am meisten angebauten autoflowering Sorten der Welt. Es handelt sich um eine Northern Lights x Ruderalis-Kreuzung, die sehr einfach zu z\u00fcchten und besonders ertragreich ist. Die sekund\u00e4ren Knospen sind gro\u00df und umgeben ein tierisches apical, sowohl im Volumen und in der Schicht von Harz, die es bedeckt. Die Wirkung ist sehr entspannend und introspektiv. Sie sind in der Lage, selbst den erfahrensten Experten auszuschalten.<\/p>\n","protected":false},"featured_media":14850,"comment_status":"open","ping_status":"closed","template":"","meta":{"_acf_changed":false,"inline_featured_image":false,"_uag_custom_page_level_css":""},"product_brand":[],"product_cat":[2114],"product_tag":[],"class_list":{"0":"post-14795","1":"product","2":"type-product","3":"status-publish","4":"has-post-thumbnail","6":"product_cat-autoflowering-cannabis-samen","8":"first","9":"instock","10":"taxable","11":"shipping-taxable","12":"purchasable","13":"product-type-simple"},"acf":[],"uagb_featured_image_src":{"full":["https:\/\/bulkgenetics.com\/wp-content\/uploads\/2023\/02\/Deimos-Auto.jpg",1600,1600,false],"thumbnail":["https:\/\/bulkgenetics.com\/wp-content\/uploads\/2023\/02\/Deimos-Auto-150x150.jpg",150,150,true],"medium":["https:\/\/bulkgenetics.com\/wp-content\/uploads\/2023\/02\/Deimos-Auto-300x300.jpg",300,300,true],"medium_large":["https:\/\/bulkgenetics.com\/wp-content\/uploads\/2023\/02\/Deimos-Auto-768x768.jpg",768,768,true],"large":["https:\/\/bulkgenetics.com\/wp-content\/uploads\/2023\/02\/Deimos-Auto-1024x1024.jpg",1024,1024,true],"1536x1536":["https:\/\/bulkgenetics.com\/wp-content\/uploads\/2023\/02\/Deimos-Auto-1536x1536.jpg",1536,1536,true],"2048x2048":["https:\/\/bulkgenetics.com\/wp-content\/uploads\/2023\/02\/Deimos-Auto.jpg",1600,1600,false],"commercegurus-pdp-large":["https:\/\/bulkgenetics.com\/wp-content\/uploads\/2023\/02\/Deimos-Auto-990x990.jpg",990,990,true],"commercegurus-plp-mobile":["https:\/\/bulkgenetics.com\/wp-content\/uploads\/2023\/02\/Deimos-Auto-441x441.jpg",441,441,true],"cgkit_image_swatch":["https:\/\/bulkgenetics.com\/wp-content\/uploads\/2023\/02\/Deimos-Auto-100x100.jpg",100,100,true],"woocommerce_thumbnail":["https:\/\/bulkgenetics.com\/wp-content\/uploads\/2023\/02\/Deimos-Auto-300x300.jpg",300,300,true],"woocommerce_single":["https:\/\/bulkgenetics.com\/wp-content\/uploads\/2023\/02\/Deimos-Auto-800x800.jpg",800,800,true],"woocommerce_gallery_thumbnail":["https:\/\/bulkgenetics.com\/wp-content\/uploads\/2023\/02\/Deimos-Auto-150x150.jpg",150,150,true],"dgwt-wcas-product-suggestion":["https:\/\/bulkgenetics.com\/wp-content\/uploads\/2023\/02\/Deimos-Auto-64x64.jpg",64,64,true]},"uagb_author_info":{"display_name":"\u00c1ngel Flores","author_link":"https:\/\/bulkgenetics.com\/de\/author\/"},"uagb_comment_info":0,"uagb_excerpt":"Deimos Auto ist eine der bekanntesten und am meisten angebauten autoflowering Sorten der Welt. Es handelt sich um eine Northern Lights x Ruderalis-Kreuzung, die sehr einfach zu z\u00fcchten und besonders ertragreich ist. Die sekund\u00e4ren Knospen sind gro\u00df und umgeben ein tierisches apical, sowohl im Volumen und in der Schicht von Harz, die es bedeckt. Die&hellip;","_links":{"self":[{"href":"https:\/\/bulkgenetics.com\/de\/wp-json\/wp\/v2\/product\/14795","targetHints":{"allow":["GET"]}}],"collection":[{"href":"https:\/\/bulkgenetics.com\/de\/wp-json\/wp\/v2\/product"}],"about":[{"href":"https:\/\/bulkgenetics.com\/de\/wp-json\/wp\/v2\/types\/product"}],"replies":[{"embeddable":true,"href":"https:\/\/bulkgenetics.com\/de\/wp-json\/wp\/v2\/comments?post=14795"}],"wp:featuredmedia":[{"embeddable":true,"href":"https:\/\/bulkgenetics.com\/de\/wp-json\/wp\/v2\/media\/14850"}],"wp:attachment":[{"href":"https:\/\/bulkgenetics.com\/de\/wp-json\/wp\/v2\/media?parent=14795"}],"wp:term":[{"taxonomy":"product_brand","embeddable":true,"href":"https:\/\/bulkgenetics.com\/de\/wp-json\/wp\/v2\/product_brand?post=14795"},{"taxonomy":"product_cat","embeddable":true,"href":"https:\/\/bulkgenetics.com\/de\/wp-json\/wp\/v2\/product_cat?post=14795"},{"taxonomy":"product_tag","embeddable":true,"href":"https:\/\/bulkgenetics.com\/de\/wp-json\/wp\/v2\/product_tag?post=14795"}],"curies":[{"name":"wp","href":"https:\/\/api.w.org\/{rel}","templated":true}]}}