{"id":15507,"date":"2023-03-07T11:20:38","date_gmt":"2023-03-07T10:20:38","guid":{"rendered":"https:\/\/bulkgenetics.com\/?post_type=product&#038;p=15507"},"modified":"2024-10-08T01:08:55","modified_gmt":"2024-10-07T23:08:55","slug":"black-zkittlez-wood-fast-version","status":"publish","type":"product","link":"https:\/\/bulkgenetics.com\/de\/black-zkittlez-wood-fast-version\/","title":{"rendered":"Black Zkittlez Wood Fast Version"},"content":{"rendered":"\n<p><strong>Black Zkittlez Wood Fast Version<\/strong> ist eine der neuesten schnell bl\u00fchenden Sorten in unserem Katalog. Und doch sind wir \u00fcberzeugt, dass es bald zu den Favoriten unserer Kunden geh\u00f6ren wird.<\/p>\n\n\n\n<p>F\u00fcr ihre Entwicklung haben wir eine Auswahl von <strong>Zkittles Wood<\/strong>, Genetik aus einer <a href=\"https:\/\/bulkgenetics.com\/de\/zkittlez\/\"><strong>Zkittlez<\/strong><\/a> x <strong>Kirkwood<\/strong>-Kreuzung, die f\u00fcr ihren k\u00f6stlichen Geschmack und ihre starke Wirkung bekannt ist, mit unserer <strong>Black Domina Auto<\/strong> kombiniert. Das Ergebnis dieser ersten Kreuzung ist ein F1-Hybrid, der das Autoflowering-Gen nicht geerbt hat, sondern lediglich die Bl\u00fctezeit verk\u00fcrzt.<\/p>\n\n\n\n<h2 class=\"wp-block-heading\">Wie man w\u00e4chst <strong>Black Zkittlez Wood Fast Version<\/strong><\/h2>\n\n\n\n<p>Dies ist eine einfache Sorte, die in den H\u00e4nden eines jeden Z\u00fcchters ihr Bestes geben wird. Wenn Ihr Klima es zul\u00e4sst, beginnen Sie mit der Kultivierung im zeitigen Fr\u00fchjahr und Sie erhalten <strong>gro\u00dfe Pflanzen von 2-2,5 Metern<\/strong> H\u00f6he, die fast so breit wie hoch sind. <\/p>\n\n\n\n<p>Die Bl\u00fctezeit ist so schnell, dass Sie noch vor den ersten Regenf\u00e4llen im Herbst geerntet haben werden. Im Allgemeinen wird sie <strong>Mitte September geschnitten<\/strong>, bei einigen Ph\u00e4notypen sogar noch schneller.<\/p>\n\n\n\n<p>In <strong>Innenr\u00e4umen<\/strong> ist sie sehr ertr\u00e4glich und verursacht keine H\u00f6henprobleme. Wir empfehlen eine Dichte von h\u00f6chstens <strong>9 Pflanzen pro m\u00b2<\/strong> und einen R\u00fcckschnitt an der Spitze, um die Anzahl der K\u00f6pfe zu erh\u00f6hen.<\/p>\n\n\n\n<p>Ab dem Zeitpunkt, an dem die Photoperiode ge\u00e4ndert wird, betr\u00e4gt die Bl\u00fctezeit nur <strong>noch 50-55 Tage<\/strong>. Sie werden erstaunt sein, wie schnell die Blumen fett werden.<\/p>\n\n\n\n<h2 class=\"wp-block-heading\">Merkmale von <strong>Black Zkittlez Wood Fast Version<\/strong><\/h2>\n\n\n\n<p>Die Knospen machen optisch etwas her. Sie sind nicht nur gro\u00df, sondern auch extrem hart und mit einer dichten Schicht aus wei\u00dfem Harz \u00fcberzogen, die Sie in Erstaunen versetzen wird.<\/p>\n\n\n\n<p>Die Ertr\u00e4ge der gr\u00f6\u00dferen Freilandpflanzen sind mit bis zu <strong>800 Gramm<\/strong> sehr hoch. Und in Innenr\u00e4umen kann man mit einer 300-350-W-LED-Gl\u00fchbirne bis zu <strong>550 Gramm pro m\u00b2<\/strong> aussto\u00dfen.<\/p>\n\n\n\n<p>Komplexe <strong>Aromen und Geschmacksrichtungen<\/strong>. Es gibt eine gro\u00dfartige Mischung aus fruchtigen, bonbonartigen Noten, mit Zitrusnoten und einem Hintergrund von Haschisch, das von seinen afghanischen Genen geerbt wurde.<\/p>\n\n\n\n<p>Die <strong>Wirkungen<\/strong> bringen Sie in einen freudigen Zustand der geistigen und k\u00f6rperlichen Entspannung. Es ist die perfekte Abwechslung, um nach einem anstrengenden Tag zu entspannen.<\/p>\n\n\n\n<div style=\"height:50px\" aria-hidden=\"true\" class=\"wp-block-spacer uag-hide-mob\"><\/div>\n\n\n\n<div class=\"wp-block-columns is-layout-flex wp-container-core-columns-is-layout-28f84493 wp-block-columns-is-layout-flex\">\n<div class=\"wp-block-column is-layout-flow wp-block-column-is-layout-flow\">\n<p class=\"has-text-align-center has-medium-font-size\"><strong>Was wir am meisten m\u00f6gen<\/strong><\/p>\n\n\n\n<ul class=\"wp-block-list\">\n<li>Sehr einfach zu z\u00fcchten.<\/li>\n\n\n\n<li>Hohe Produktion.<\/li>\n\n\n\n<li>Sehr schnell bl\u00fchend.<\/li>\n\n\n\n<li>Sehr entspannende Wirkung.<\/li>\n\n\n\n<li>Sein Preis.<\/li>\n<\/ul>\n<\/div>\n\n\n\n<div class=\"wp-block-column is-layout-flow wp-block-column-is-layout-flow\">\n<p class=\"has-text-align-center has-medium-font-size\"><strong>Was wir am wenigsten m\u00f6gen<\/strong><\/p>\n\n\n\n<ul class=\"wp-block-list\">\n<li>In der Bl\u00fctezeit duftet sie sehr stark.<\/li>\n<\/ul>\n<\/div>\n<\/div>\n\n\n\n<div style=\"height:50px\" aria-hidden=\"true\" class=\"wp-block-spacer uag-hide-mob\"><\/div>\n\n\n\n<h2 class=\"wp-block-heading\">H\u00e4ufig gestellte Fragen<\/h2>\n\n\n\n<p>Im Folgenden findest du die Antworten auf die am h\u00e4ufigsten gestellten Fragen von Z\u00fcchtern, die an dieser Sorte interessiert sind:<\/p>\n\n\n<div id=\"rank-math-faq\" class=\"rank-math-block\">\n<div class=\"rank-math-list \">\n<div id=\"faq-question-1663029074962\" class=\"rank-math-list-item\">\n<h3 class=\"rank-math-question \">Black Zkittlez Wood Fast Version ist es Indica oder Sativa?<\/h3>\n<div class=\"rank-math-answer \">\n\n<p>Sie hat eine starke Indica-Dominanz. Es ist ein Hybrid Black Domina Auto (100% Indica) x Zkittlez Wood (80% Indica \/ 20% Sativa).<\/p>\n\n<\/div>\n<\/div>\n<div id=\"faq-question-1663029159933\" class=\"rank-math-list-item\">\n<h3 class=\"rank-math-question \">Wie lange dauert es, bis ein Black Zkittlez Wood Fast Version?<\/h3>\n<div class=\"rank-math-answer \">\n\n<p>Es handelt sich um eine schnell bl\u00fchende Sorte, die Mitte September geerntet wird, bei einigen Ph\u00e4notypen sogar noch schneller.<\/p>\n\n<\/div>\n<\/div>\n<div id=\"faq-question-1663029165861\" class=\"rank-math-list-item\">\n<h3 class=\"rank-math-question \">Wie viel Produktion braucht ein Black Zkittlez Wood Fast Version?<\/h3>\n<div class=\"rank-math-answer \">\n\n<p>Im Freien betr\u00e4gt der Ertrag bis zu 800 Gramm pro Pflanze bei den gr\u00f6\u00dferen Sorten. In Innenr\u00e4umen k\u00f6nnen mit einer guten LED-Lampe bis zu 550 Gramm pro m\u00b2 erreicht werden.<\/p>\n\n<\/div>\n<\/div>\n<div id=\"faq-question-1666780029954\" class=\"rank-math-list-item\">\n<h3 class=\"rank-math-question \">Wie z\u00fcchte ich eine Black Zkittlez Wood F1?<\/h3>\n<div class=\"rank-math-answer \">\n\n<p>Sie ist eine sehr pflegeleichte Pflanze, die f\u00fcr organische D\u00fcngemittel dankbar ist. Dadurch wird ein intensiverer und ausgepr\u00e4gterer Geschmack erreicht, der eine seiner gro\u00dfen Eigenschaften ist.<\/p>\n\n<\/div>\n<\/div>\n<div id=\"faq-question-1678188710560\" class=\"rank-math-list-item\">\n<h3 class=\"rank-math-question \">Was sind die Merkmale von Black Zkittlez Wood Fast Version in loser Sch\u00fcttung?<\/h3>\n<div class=\"rank-math-answer \">\n\n<p>Es ist eine einfache Sorte in den H\u00e4nden eines jeden Z\u00fcchters, vor allem f\u00fcr diejenigen, die f\u00fcr die schnellste Bl\u00fcte suchen. Die Knospen haben ein einzigartiges Aroma und einen einzigartigen Geschmack. Und seine Wirkung wird Sie umhauen.<\/p>\n\n<\/div>\n<\/div>\n<\/div>\n<\/div>","protected":false},"excerpt":{"rendered":"<p>Black Zkittlez Wood Fast Version ist eine stark indicadominierte Sorte, die Sie mit ihrer schnellen Bl\u00fctezeit und Potenz umhauen wird. Sie ist auch eine sehr einfach zu z\u00fcchtende Pflanze, sowohl im Innen- als auch im Au\u00dfenbereich. Die Knospen sind gro\u00df, steinhart und haben ein Aroma, das Sie lieben werden.<\/p>\n","protected":false},"featured_media":15535,"comment_status":"open","ping_status":"closed","template":"","meta":{"_acf_changed":false,"inline_featured_image":false,"_uag_custom_page_level_css":""},"product_brand":[],"product_cat":[3569],"product_tag":[],"class_list":{"0":"post-15507","1":"product","2":"type-product","3":"status-publish","4":"has-post-thumbnail","6":"product_cat-fast-version-seeds","8":"first","9":"outofstock","10":"taxable","11":"shipping-taxable","12":"purchasable","13":"product-type-simple"},"acf":[],"uagb_featured_image_src":{"full":["https:\/\/bulkgenetics.com\/wp-content\/uploads\/2023\/03\/Black-Zkittlez-Wood-Fast-Version.jpg",1600,1600,false],"thumbnail":["https:\/\/bulkgenetics.com\/wp-content\/uploads\/2023\/03\/Black-Zkittlez-Wood-Fast-Version-150x150.jpg",150,150,true],"medium":["https:\/\/bulkgenetics.com\/wp-content\/uploads\/2023\/03\/Black-Zkittlez-Wood-Fast-Version-300x300.jpg",300,300,true],"medium_large":["https:\/\/bulkgenetics.com\/wp-content\/uploads\/2023\/03\/Black-Zkittlez-Wood-Fast-Version-768x768.jpg",768,768,true],"large":["https:\/\/bulkgenetics.com\/wp-content\/uploads\/2023\/03\/Black-Zkittlez-Wood-Fast-Version-1024x1024.jpg",1024,1024,true],"1536x1536":["https:\/\/bulkgenetics.com\/wp-content\/uploads\/2023\/03\/Black-Zkittlez-Wood-Fast-Version-1536x1536.jpg",1536,1536,true],"2048x2048":["https:\/\/bulkgenetics.com\/wp-content\/uploads\/2023\/03\/Black-Zkittlez-Wood-Fast-Version.jpg",1600,1600,false],"commercegurus-pdp-large":["https:\/\/bulkgenetics.com\/wp-content\/uploads\/2023\/03\/Black-Zkittlez-Wood-Fast-Version-990x990.jpg",990,990,true],"commercegurus-plp-mobile":["https:\/\/bulkgenetics.com\/wp-content\/uploads\/2023\/03\/Black-Zkittlez-Wood-Fast-Version-441x441.jpg",441,441,true],"cgkit_image_swatch":["https:\/\/bulkgenetics.com\/wp-content\/uploads\/2023\/03\/Black-Zkittlez-Wood-Fast-Version-100x100.jpg",100,100,true],"woocommerce_thumbnail":["https:\/\/bulkgenetics.com\/wp-content\/uploads\/2023\/03\/Black-Zkittlez-Wood-Fast-Version-300x300.jpg",300,300,true],"woocommerce_single":["https:\/\/bulkgenetics.com\/wp-content\/uploads\/2023\/03\/Black-Zkittlez-Wood-Fast-Version-800x800.jpg",800,800,true],"woocommerce_gallery_thumbnail":["https:\/\/bulkgenetics.com\/wp-content\/uploads\/2023\/03\/Black-Zkittlez-Wood-Fast-Version-150x150.jpg",150,150,true],"dgwt-wcas-product-suggestion":["https:\/\/bulkgenetics.com\/wp-content\/uploads\/2023\/03\/Black-Zkittlez-Wood-Fast-Version-64x64.jpg",64,64,true]},"uagb_author_info":{"display_name":"\u00c1ngel Flores","author_link":"https:\/\/bulkgenetics.com\/de\/author\/"},"uagb_comment_info":0,"uagb_excerpt":"Black Zkittlez Wood Fast Version ist eine stark indicadominierte Sorte, die Sie mit ihrer schnellen Bl\u00fctezeit und Potenz umhauen wird. Sie ist auch eine sehr einfach zu z\u00fcchtende Pflanze, sowohl im Innen- als auch im Au\u00dfenbereich. Die Knospen sind gro\u00df, steinhart und haben ein Aroma, das Sie lieben werden.","_links":{"self":[{"href":"https:\/\/bulkgenetics.com\/de\/wp-json\/wp\/v2\/product\/15507","targetHints":{"allow":["GET"]}}],"collection":[{"href":"https:\/\/bulkgenetics.com\/de\/wp-json\/wp\/v2\/product"}],"about":[{"href":"https:\/\/bulkgenetics.com\/de\/wp-json\/wp\/v2\/types\/product"}],"replies":[{"embeddable":true,"href":"https:\/\/bulkgenetics.com\/de\/wp-json\/wp\/v2\/comments?post=15507"}],"wp:featuredmedia":[{"embeddable":true,"href":"https:\/\/bulkgenetics.com\/de\/wp-json\/wp\/v2\/media\/15535"}],"wp:attachment":[{"href":"https:\/\/bulkgenetics.com\/de\/wp-json\/wp\/v2\/media?parent=15507"}],"wp:term":[{"taxonomy":"product_brand","embeddable":true,"href":"https:\/\/bulkgenetics.com\/de\/wp-json\/wp\/v2\/product_brand?post=15507"},{"taxonomy":"product_cat","embeddable":true,"href":"https:\/\/bulkgenetics.com\/de\/wp-json\/wp\/v2\/product_cat?post=15507"},{"taxonomy":"product_tag","embeddable":true,"href":"https:\/\/bulkgenetics.com\/de\/wp-json\/wp\/v2\/product_tag?post=15507"}],"curies":[{"name":"wp","href":"https:\/\/api.w.org\/{rel}","templated":true}]}}