{"id":15538,"date":"2023-03-06T16:26:49","date_gmt":"2023-03-06T15:26:49","guid":{"rendered":"https:\/\/bulkgenetics.com\/?post_type=product&#038;p=15538"},"modified":"2025-12-30T22:30:11","modified_gmt":"2025-12-30T21:30:11","slug":"cherry-cookies","status":"publish","type":"product","link":"https:\/\/bulkgenetics.com\/de\/cherry-cookies\/","title":{"rendered":"Cherry Cookies"},"content":{"rendered":"\n<p><strong>Cherry Cookies<\/strong> ist eine Cannabissorte, die das Herz vieler Z\u00fcchter und Cannabisliebhaber erobert hat. Diese genetische Meisterleistung ist das Ergebnis der Kreuzung zweier Legenden: <strong><a href=\"https:\/\/bulkgenetics.com\/de\/girl-scout-cookies\/\"><strong>Girl Scout Cookies<\/strong><\/a><\/strong> und <strong><a href=\"https:\/\/bulkgenetics.com\/de\/cherry-pie\/\"><strong>Cherry Pie<\/strong><\/a><\/strong>. Seit ihrem Erscheinen hat sich Cherry Cookies zu einem der begehrtesten Hybriden entwickelt, bekannt f\u00fcr ihre Potenz und ihre beeindruckende Harzproduktion, die dich sprachlos machen wird.<\/p>\n\n\n\n<p><strong>Cherry Cookies Strain<\/strong> kombiniert das Beste ihrer Elternsorten. Sie erbt die St\u00e4rke und den reichen Harzgehalt der Girl Scout Cookies, w\u00e4hrend Cherry Pie ihr au\u00dfergew\u00f6hnliches Aroma und ihren fruchtigen Geschmack beisteuert, der dich vom ersten Moment an verzaubern wird. Diese genetische Mischung hat eine ausgewogene Sorte hervorgebracht, mit etwa 50% Indica- und 50% Sativa-Genen. Das Beste aus beiden Welten.<\/p>\n\n\n\n<p>Dies ist eine robuste und kr\u00e4ftige Pflanze, die mit einer typischen Indica-Struktur w\u00e4chst, aber dank ihres Sativa-Erbes gr\u00f6\u00dfer wird. Die Buds sind der Wahnsinn. Sie sind gro\u00df, dicht und steinhart, bedeckt mit einer dicken Schicht Harz, die ihnen ein gl\u00e4nzendes und attraktives Aussehen verleiht. Ihre Farben variieren von einem intensiven Gr\u00fcn bis hin zu violetten T\u00f6nen, wenn sie bei k\u00e4lteren Temperaturen angebaut werden, erg\u00e4nzt durch lebendige orangefarbene Pistillen.<\/p>\n\n\n\n<h2 class=\"wp-block-heading\">Geschmack und Wirkung<\/h2>\n\n\n\n<p>Das Aroma und der Geschmack von <strong>Cherry Cookies<\/strong> sind einfach unwiderstehlich. Schon beim ersten Riechen wirst du in einen Kirschgarten mit einem s\u00fc\u00dfen und fruchtigen Touch versetzt. Die Keksnoten der Girl Scout Cookies vermischen sich perfekt mit den fruchtigen Noten der Cherry Pie und schaffen eine einzigartige sensorische Erfahrung, die ihrem Namen alle Ehre macht. Bei jedem Zug genie\u00dft du eine Mischung aus s\u00fc\u00dfen und beerigen Aromen, die deinen Gaumen in Ekstase versetzen.<\/p>\n\n\n\n<p>Der THC-Gehalt liegt zwischen 20% und 25%, was einen starken und langanhaltenden Rausch garantiert. Der CBD-Gehalt hingegen ist niedrig, mit weniger als 1%, was diese Sorte zu einer perfekten Wahl f\u00fcr diejenigen macht, die eine intensive psychoaktive Erfahrung suchen. Die Wirkung ist kr\u00e4ftig: Nach ein paar Z\u00fcgen wirst du einen Energieschub sp\u00fcren, der dich gl\u00fccklich, gut gelaunt und sehr konzentriert h\u00e4lt. Ideal f\u00fcr jede Tageszeit, bietet sie eine ausgewogene Mischung aus Entspannung und Euphorie, ohne dich an die Couch zu fesseln.<\/p>\n\n\n\n<h3 class=\"wp-block-heading\">Terpene der Cherry Cookies<\/h3>\n\n\n\n<p>Terpene sind die Verbindungen, die f\u00fcr die einzigartigen Aromen und Geschm\u00e4cker jeder Cannabissorte verantwortlich sind. Das Hauptterpen in dieser Sorte ist <strong>Caryophyllen<\/strong>, bekannt f\u00fcr sein pfeffriges Aroma und seine entz\u00fcndungshemmenden Eigenschaften. Dieses Terpen tr\u00e4gt zum charakteristischen w\u00fcrzigen und leicht scharfen Geschmack bei, der die S\u00fc\u00dfe der anderen Verbindungen ausbalanciert.<\/p>\n\n\n\n<p>Ein weiteres hervorstechendes Terpen ist <strong>Limonen<\/strong>, das dem Aromaprofil eine erfrischende Zitrusnote verleiht. Dieses Terpen ist bekannt f\u00fcr seine stimmungsaufhellenden Wirkungen und seine antioxidativen Eigenschaften. Schlie\u00dflich f\u00fcgt <strong>Humulen<\/strong> mit seinem erdigen und kr\u00e4uterartigen Aroma dem Bouquet dieser Sorte Tiefe hinzu und ist bekannt f\u00fcr seine entz\u00fcndungshemmenden und appetitz\u00fcgelnden Wirkungen.<\/p>\n\n\n\n<p>Zusammen bereichern diese Terpene nicht nur den Geschmack und das Aroma, sondern verst\u00e4rken auch die therapeutischen Wirkungen und bieten ein vollst\u00e4ndiges und zufriedenstellendes Konsumerlebnis.<\/p>\n\n\n\n<h2 class=\"wp-block-heading\">Ertrag und Bl\u00fctezeit<\/h2>\n\n\n\n<p>Die <strong>Cherry Cookies Strain<\/strong> wird nicht nur wegen ihres Geschmacks und ihrer Wirkung hoch gesch\u00e4tzt, sondern auch wegen ihrer beeindruckenden Ertr\u00e4ge. In Innenr\u00e4umen kann diese Sorte zwischen 500 und 600 Gramm pro Quadratmeter produzieren, vorausgesetzt, sie erh\u00e4lt die richtige Beleuchtung, idealerweise mit 300-350 Watt LED-Lampen. Die Bl\u00fctezeit im Innenbereich ist relativ kurz, nur 60 Tage nach der Umstellung der Photoperiode.<\/p>\n\n\n\n<p>Im Freien entwickelt sich <strong>Cherry Cookies<\/strong> pr\u00e4chtig und erreicht bis zu 2,5 Meter H\u00f6he, wenn sie in sonnigen Klimazonen und guter Erde angebaut wird. Die Ertr\u00e4ge im Freien k\u00f6nnen noch beeindruckender sein, mit bis zu 700 bis 900 Gramm pro Pflanze. Die Bl\u00fctezeit ist schnell, was es erm\u00f6glicht, zwischen Ende September und Anfang Oktober zu ernten, sogar in Klimazonen mit k\u00fcrzeren Sommern.<\/p>\n\n\n\n<p>Egal, ob du sie drinnen oder drau\u00dfen anbaust, <strong>Cherry Cookies<\/strong> wird dich mit einer reichlichen und hochwertigen Ernte belohnen. Ihre Widerstandsf\u00e4higkeit und einfache Kultivierung machen sie zu einer idealen Wahl f\u00fcr sowohl unerfahrene als auch erfahrene Z\u00fcchter.<\/p>\n\n\n\n<h2 class=\"wp-block-heading\">Wie man Cherry Cookies anbaut<\/h2>\n\n\n\n<p>Der Anbau von <strong>Cherry Cookies<\/strong> ist eine lohnende und zug\u00e4ngliche Erfahrung f\u00fcr alle. Diese Sorte ist f\u00fcr ihre einfache Kultivierung bekannt, was sie zu einer ausgezeichneten Wahl f\u00fcr Anf\u00e4nger und erfahrene Z\u00fcchter macht. Cherry Cookies passt sich gut an eine Vielzahl von Anbaubedingungen an und ist sehr widerstandsf\u00e4hig und dankbar in nahezu jedem Umfeld.<\/p>\n\n\n\n<p>Das ideale Klima f\u00fcr Cherry Cookies ist sonnig und warm. Im Freien gedeiht sie in mediterranen Klimazonen, wo sie das Sonnenlicht optimal nutzen und ihr volles H\u00f6hen- und Ertragspotential erreichen kann. Im Innenbereich wird empfohlen, eine konstante Temperatur zwischen 21\u00b0C und 26\u00b0C zu halten und die Luftfeuchtigkeit zu kontrollieren, um Schimmel- und Pilzprobleme zu vermeiden.<\/p>\n\n\n\n<p>Einer der gr\u00f6\u00dften Vorteile des Anbaus von <strong>Cherry Cookies<\/strong> ist ihre Resistenz gegen Sch\u00e4dlinge und Krankheiten. Diese Sorte ist robust und kann widrige Bedingungen besser als viele andere Sorten \u00fcberstehen. Dennoch ist es immer ratsam, auf m\u00f6gliche Befallssituationen zu achten und vorbeugende Ma\u00dfnahmen zu ergreifen, um die Pflanzen gesund zu halten.<\/p>\n\n\n\n<div style=\"height:50px\" aria-hidden=\"true\" class=\"wp-block-spacer uag-hide-mob\"><\/div>\n\n\n\n<div class=\"wp-block-columns is-layout-flex wp-container-core-columns-is-layout-28f84493 wp-block-columns-is-layout-flex\">\n<div class=\"wp-block-column is-layout-flow wp-block-column-is-layout-flow\">\n<p class=\"has-text-align-center has-medium-font-size\"><strong>Was wir am meisten m\u00f6gen<\/strong><\/p>\n\n\n\n<ul class=\"wp-block-list\">\n<li>Sehr einfach anzubauen.<\/li>\n\n\n\n<li>Hohe Ertr\u00e4ge.<\/li>\n\n\n\n<li>S\u00fc\u00dfer und beeriger Geschmack.<\/li>\n\n\n\n<li>Sehr fr\u00f6hliche Effekte.<\/li>\n\n\n\n<li>Widerstandsf\u00e4higkeit gegen Sch\u00e4dlinge und Krankheiten.<\/li>\n<\/ul>\n<\/div>\n\n\n\n<div class=\"wp-block-column is-layout-flow wp-block-column-is-layout-flow\">\n<p class=\"has-text-align-center has-medium-font-size\"><strong>Was uns weniger gef\u00e4llt<\/strong><\/p>\n\n\n\n<ul class=\"wp-block-list\">\n<li>Starker Geruch w\u00e4hrend der Bl\u00fcte.<\/li>\n\n\n\n<li>Ben\u00f6tigt Feuchtigkeitskontrolle im Innenbereich.<\/li>\n<\/ul>\n<\/div>\n<\/div>\n\n\n\n<div style=\"height:50px\" aria-hidden=\"true\" class=\"wp-block-spacer uag-hide-mob\"><\/div>\n\n\n\n<h2 class=\"wp-block-heading\">H\u00e4ufig gestellte Fragen<\/h2>\n\n\n\n<p>Im Folgenden findest du die Antworten auf die h\u00e4ufigsten Fragen, die von Z\u00fcchtern zu dieser Sorte gestellt werden:<\/p>\n\n\n<div id=\"rank-math-faq\" class=\"rank-math-block\">\n<div class=\"rank-math-list \">\n<div id=\"faq-question-1663029074962\" class=\"rank-math-list-item\">\n<h3 class=\"rank-math-question \">Ist Cherry Cookies eine Sativa oder Indica?<\/h3>\n<div class=\"rank-math-answer \">\n\n<p><strong>Cherry Cookies<\/strong> ist eine Hybridsorte mit etwa 50% Indica- und 50% Sativa-Genen. Diese Kombination bietet das Beste aus beiden Welten: tiefe k\u00f6rperliche Entspannung und mentale Euphorie. Indica-Sorten sind bekannt f\u00fcr ihre entspannende und sedierende Wirkung, ideal f\u00fcr die Nacht, w\u00e4hrend Sativas einen energetischen und zerebralen Rausch bieten, perfekt f\u00fcr den Tag.<\/p>\n\n<\/div>\n<\/div>\n<div id=\"faq-question-1663029159933\" class=\"rank-math-list-item\">\n<h3 class=\"rank-math-question \">Welche Kreuzung ist Cherry Cookies?<\/h3>\n<div class=\"rank-math-answer \">\n\n<p>Cherry Cookies ist das Ergebnis der Kreuzung zweier legend\u00e4rer Sorten: <strong>Girl Scout Cookies<\/strong> und <strong>Cherry Pie<\/strong>. Diese genetische Mischung bietet eine au\u00dfergew\u00f6hnliche Potenz und ein einzigartiges Geschmacksprofil, das sie unter anderen Hybridsorten hervorhebt.<\/p>\n\n<\/div>\n<\/div>\n<div id=\"faq-question-1663029165861\" class=\"rank-math-list-item\">\n<h3 class=\"rank-math-question \">Wann beginnt die Bl\u00fctezeit von Cherry Cookies?<\/h3>\n<div class=\"rank-math-answer \">\n\n<p>Die Bl\u00fctezeit von <strong>Cherry Cookies<\/strong> beginnt, wenn in Innenr\u00e4umen der Photoperiode-Zyklus von Wachstum auf Bl\u00fcte umgestellt wird. Dieser Wechsel initiiert die Entwicklung der Buds und dauert in der Regel etwa 60 Tage.<\/p>\n\n<\/div>\n<\/div>\n<div id=\"faq-question-1666780029954\" class=\"rank-math-list-item\">\n<h3 class=\"rank-math-question \">Wie baut man Cherry Cookies an?<\/h3>\n<div class=\"rank-math-answer \">\n\n<p><strong>Cherry Cookies<\/strong> ist eine leicht zu z\u00fcchtende Pflanze, sowohl drinnen als auch drau\u00dfen. Sie ben\u00f6tigt ein warmes und sonniges Klima, um im Freien ihr volles Potenzial zu erreichen, w\u00e4hrend im Innenbereich eine konstante Temperatur und eine kontrollierte Luftfeuchtigkeit empfohlen wird. Es ist eine widerstandsf\u00e4hige Sorte gegen Sch\u00e4dlinge und Krankheiten, was den Anbau erleichtert.<\/p>\n\n<\/div>\n<\/div>\n<div id=\"faq-question-1678116776728\" class=\"rank-math-list-item\">\n<h3 class=\"rank-math-question \">Wie schmeckt Cherry Cookies?<\/h3>\n<div class=\"rank-math-answer \">\n\n<p>Der Geschmack von <strong>Cherry Cookies<\/strong> ist eine k\u00f6stliche Mischung aus S\u00fc\u00dfe und fruchtigen Noten. Die Keksnoten der Girl Scout Cookies verbinden sich mit den Beeren- und Kirschnoten der Cherry Pie und schaffen ein einzigartiges und sehr angenehmes Geschmackserlebnis.<\/p>\n\n<\/div>\n<\/div>\n<div id=\"faq-question-1721830022532\" class=\"rank-math-list-item\">\n<h3 class=\"rank-math-question \">Wie hoch ist der Cannabinoidgehalt von Cherry Cookies?<\/h3>\n<div class=\"rank-math-answer \">\n\n<p><strong>Cherry Cookies<\/strong> hat einen THC-Gehalt, der zwischen 20% und 25% liegt, was einen starken und langanhaltenden Rausch bietet. Der CBD-Gehalt ist niedrig, mit weniger als 1%, was diese Sorte ideal f\u00fcr diejenigen macht, die ein intensives psychoaktives Erlebnis suchen.<\/p>\n\n<\/div>\n<\/div>\n<div id=\"faq-question-1721830024368\" class=\"rank-math-list-item\">\n<h3 class=\"rank-math-question \">Welche Wirkung hat Cherry Cookies?<\/h3>\n<div class=\"rank-math-answer \">\n\n<p>Die Wirkung von <strong>Cherry Cookies<\/strong> ist kraftvoll und ausgewogen. Nach ein paar Z\u00fcgen wirst du einen Energieschub sp\u00fcren, der dich gl\u00fccklich, gut gelaunt und sehr konzentriert h\u00e4lt. Ideal f\u00fcr jede Tageszeit bietet sie eine ausgewogene Mischung aus Entspannung und Euphorie, ohne dich an die Couch zu fesseln.<\/p>\n\n<\/div>\n<\/div>\n<\/div>\n<\/div>","protected":false},"excerpt":{"rendered":"<p><b>Cherry Cookies<\/b> bietet eine einfache Anbauerfahrung mit hohen Ertr\u00e4gen und Sch\u00e4dlingsresistenz. Genie\u00dfe ihren <strong>s\u00fc\u00dfen Beerengeschmack und die stimmungsaufhellenden, energetisierenden Effekte<\/strong>. Ideal f\u00fcr jede Tageszeit, ist diese Hybridsorte perfekt f\u00fcr Z\u00fcchter und Konsumenten, die <strong>Qualit\u00e4t und Potenz<\/strong> suchen.<\/p>\n","protected":false},"featured_media":16361,"comment_status":"open","ping_status":"closed","template":"","meta":{"_acf_changed":false,"inline_featured_image":false,"_uag_custom_page_level_css":""},"product_brand":[],"product_cat":[1097],"product_tag":[],"class_list":{"0":"post-15538","1":"product","2":"type-product","3":"status-publish","4":"has-post-thumbnail","6":"product_cat-feminisierte-cannabis-samen","8":"first","9":"outofstock","10":"taxable","11":"shipping-taxable","12":"purchasable","13":"product-type-simple"},"acf":[],"uagb_featured_image_src":{"full":["https:\/\/bulkgenetics.com\/wp-content\/uploads\/2023\/03\/Cherry-Cookies-1.jpg",1600,1600,false],"thumbnail":["https:\/\/bulkgenetics.com\/wp-content\/uploads\/2023\/03\/Cherry-Cookies-1-150x150.jpg",150,150,true],"medium":["https:\/\/bulkgenetics.com\/wp-content\/uploads\/2023\/03\/Cherry-Cookies-1-300x300.jpg",300,300,true],"medium_large":["https:\/\/bulkgenetics.com\/wp-content\/uploads\/2023\/03\/Cherry-Cookies-1-768x768.jpg",768,768,true],"large":["https:\/\/bulkgenetics.com\/wp-content\/uploads\/2023\/03\/Cherry-Cookies-1-1024x1024.jpg",1024,1024,true],"1536x1536":["https:\/\/bulkgenetics.com\/wp-content\/uploads\/2023\/03\/Cherry-Cookies-1-1536x1536.jpg",1536,1536,true],"2048x2048":["https:\/\/bulkgenetics.com\/wp-content\/uploads\/2023\/03\/Cherry-Cookies-1.jpg",1600,1600,false],"commercegurus-pdp-large":["https:\/\/bulkgenetics.com\/wp-content\/uploads\/2023\/03\/Cherry-Cookies-1-990x990.jpg",990,990,true],"commercegurus-plp-mobile":["https:\/\/bulkgenetics.com\/wp-content\/uploads\/2023\/03\/Cherry-Cookies-1-441x441.jpg",441,441,true],"cgkit_image_swatch":["https:\/\/bulkgenetics.com\/wp-content\/uploads\/2023\/03\/Cherry-Cookies-1-100x100.jpg",100,100,true],"woocommerce_thumbnail":["https:\/\/bulkgenetics.com\/wp-content\/uploads\/2023\/03\/Cherry-Cookies-1-300x300.jpg",300,300,true],"woocommerce_single":["https:\/\/bulkgenetics.com\/wp-content\/uploads\/2023\/03\/Cherry-Cookies-1-800x800.jpg",800,800,true],"woocommerce_gallery_thumbnail":["https:\/\/bulkgenetics.com\/wp-content\/uploads\/2023\/03\/Cherry-Cookies-1-150x150.jpg",150,150,true],"dgwt-wcas-product-suggestion":["https:\/\/bulkgenetics.com\/wp-content\/uploads\/2023\/03\/Cherry-Cookies-1-64x64.jpg",64,64,true]},"uagb_author_info":{"display_name":"Bruno Crespo","author_link":"https:\/\/bulkgenetics.com\/de\/author\/"},"uagb_comment_info":1,"uagb_excerpt":"Cherry Cookies bietet eine einfache Anbauerfahrung mit hohen Ertr\u00e4gen und Sch\u00e4dlingsresistenz. Genie\u00dfe ihren s\u00fc\u00dfen Beerengeschmack und die stimmungsaufhellenden, energetisierenden Effekte. Ideal f\u00fcr jede Tageszeit, ist diese Hybridsorte perfekt f\u00fcr Z\u00fcchter und Konsumenten, die Qualit\u00e4t und Potenz suchen.","_links":{"self":[{"href":"https:\/\/bulkgenetics.com\/de\/wp-json\/wp\/v2\/product\/15538","targetHints":{"allow":["GET"]}}],"collection":[{"href":"https:\/\/bulkgenetics.com\/de\/wp-json\/wp\/v2\/product"}],"about":[{"href":"https:\/\/bulkgenetics.com\/de\/wp-json\/wp\/v2\/types\/product"}],"replies":[{"embeddable":true,"href":"https:\/\/bulkgenetics.com\/de\/wp-json\/wp\/v2\/comments?post=15538"}],"wp:featuredmedia":[{"embeddable":true,"href":"https:\/\/bulkgenetics.com\/de\/wp-json\/wp\/v2\/media\/16361"}],"wp:attachment":[{"href":"https:\/\/bulkgenetics.com\/de\/wp-json\/wp\/v2\/media?parent=15538"}],"wp:term":[{"taxonomy":"product_brand","embeddable":true,"href":"https:\/\/bulkgenetics.com\/de\/wp-json\/wp\/v2\/product_brand?post=15538"},{"taxonomy":"product_cat","embeddable":true,"href":"https:\/\/bulkgenetics.com\/de\/wp-json\/wp\/v2\/product_cat?post=15538"},{"taxonomy":"product_tag","embeddable":true,"href":"https:\/\/bulkgenetics.com\/de\/wp-json\/wp\/v2\/product_tag?post=15538"}],"curies":[{"name":"wp","href":"https:\/\/api.w.org\/{rel}","templated":true}]}}