{"id":15565,"date":"2023-03-07T09:16:34","date_gmt":"2023-03-07T08:16:34","guid":{"rendered":"https:\/\/bulkgenetics.com\/?post_type=product&#038;p=15565"},"modified":"2025-05-26T23:45:27","modified_gmt":"2025-05-26T21:45:27","slug":"gelato-mint-xxl-auto","status":"publish","type":"product","link":"https:\/\/bulkgenetics.com\/de\/gelato-mint-xxl-auto\/","title":{"rendered":"Gelato Mint XXL Auto"},"content":{"rendered":"\n<p><strong>Gelato Mint XXL Auto<\/strong> ist eine autoflowering Sorte, von der wir \u00fcberzeugt sind, dass sie Sie \u00fcberraschen wird. Sie ist ein komplexer 3-Wege-Hybrid, der die amerikanischen Sorten <a href=\"https:\/\/bulkgenetics.com\/de\/gelato-33\/\"><strong>Gelato<\/strong><\/a>, <a href=\"https:\/\/bulkgenetics.com\/de\/sherbet\/\"><strong>Sunset Sherbet<\/strong><\/a> und <strong><a href=\"https:\/\/bulkgenetics.com\/de\/girl-scout-cookies\/\">Girl Scout Cookies Thin Mints<\/a><\/strong> kombiniert. <\/p>\n\n\n\n<p>Diese Kreuzung, die so gute Bewertungen und Kommentare auf Websites wie Leafly hat, haben wir f\u00fcr 3 Generationen mit einer riesigen Autoflowering kombiniert, von der sie ihre gro\u00dfe Gr\u00f6\u00dfe erbt. Das Ergebnis ist eine Sorte von \u00fcberdurchschnittlicher Produktion und enormer Qualit\u00e4t.<\/p>\n\n\n\n<h2 class=\"wp-block-heading\">Wie man w\u00e4chst Gelato Mint XXL Auto<\/h2>\n\n\n\n<p>Jede autoflowering Sorte sch\u00e4tzt es, wenn sie von Anfang an in einem gro\u00dfen Topf angebaut wird. Beachten Sie, dass diese Sorten eine sehr kurze Wachstumszeit haben und in <strong>3-4 Wochen zu bl\u00fchen beginnen<\/strong>.<\/p>\n\n\n\n<p>W\u00e4hrend dieser Zeit sollten die Pflanzen ohne Unterbrechung wachsen und die gr\u00f6\u00dftm\u00f6gliche Gr\u00f6\u00dfe erreichen. Eine einfache Transplantation bedeutet einen Wachstumsstopp f\u00fcr einige Tage, weshalb die Transplantation bei dieser Art von Genetik nicht empfohlen wird.<\/p>\n\n\n\n<p>Unter den besten Bedingungen erreicht sie eine H\u00f6he von <strong>130 cm und hat<\/strong> eine robuste, verzweigte Struktur. Sie hat einen gro\u00dfen apikalen Ast und zahlreiche Satelliten\u00e4ste, die w\u00e4hrend der Bl\u00fctezeit unter ihrem Gewicht nachgeben.<\/p>\n\n\n\n<p>Von der Keimung der Samen bis zur Ernte vergehen insgesamt <strong>60-65 Tage<\/strong>. Im Freien ist es m\u00f6glich, in den Fr\u00fchlings- und Sommermonaten bis zu 3 aufeinanderfolgende Ernten zu erzielen. Wenn Sie nur Platz f\u00fcr eine Pflanze haben, k\u00f6nnen Sie bis zu 3 Pflanzen hintereinander setzen.<\/p>\n\n\n\n<h2 class=\"wp-block-heading\">Merkmale von Gelato Mint XXL Auto<\/h2>\n\n\n\n<p>Auffallend sind die farbenfrohen Knospen, die zu dunkelvioletten T\u00f6nen neigen, mit vielen intensiv orangefarbenen Haaren und einer dicken, wei\u00dfen, gl\u00e4nzenden Schicht aus gl\u00e4nzendem Harz. <\/p>\n\n\n\n<p>Pflanzen, die im Freien eine gr\u00f6\u00dfere Gr\u00f6\u00dfe erreichen, haben einen Ertrag von bis zu <strong>120 Gramm<\/strong>. In Innenr\u00e4umen, bei einer Dichte von 9 Pflanzen pro m\u00b2, werden <strong>550 Gramm<\/strong> mit einer 300-350 W LED erreicht.<\/p>\n\n\n\n<p>Der <strong>Geschmack<\/strong> kann als s\u00fc\u00df, cremig und besonders fruchtig beschrieben werden. Ein Hauch von Birne, Mango und Heidelbeeren ist zu sp\u00fcren.<\/p>\n\n\n\n<p>Die <strong>Wirkung<\/strong> ist stark und bewirkt eine sofortige und intensive Entspannung. Bei hoher Dosierung werden Sie in einen tiefen, erholsamen Schlaf fallen.<\/p>\n\n\n\n<div style=\"height:50px\" aria-hidden=\"true\" class=\"wp-block-spacer uag-hide-mob\"><\/div>\n\n\n\n<div class=\"wp-block-columns is-layout-flex wp-container-core-columns-is-layout-28f84493 wp-block-columns-is-layout-flex\">\n<div class=\"wp-block-column is-layout-flow wp-block-column-is-layout-flow\">\n<p class=\"has-text-align-center has-medium-font-size\"><strong>Was wir am meisten m\u00f6gen<\/strong><\/p>\n\n\n\n<ul class=\"wp-block-list\">\n<li>Sehr einfach zu z\u00fcchten.<\/li>\n\n\n\n<li>XXL-Produktion.<\/li>\n\n\n\n<li>Ernte in nur 60-65 Tagen.<\/li>\n\n\n\n<li>Sehr entspannende Wirkung.<\/li>\n\n\n\n<li>Sein Geschmack.<\/li>\n<\/ul>\n<\/div>\n\n\n\n<div class=\"wp-block-column is-layout-flow wp-block-column-is-layout-flow\">\n<p class=\"has-text-align-center has-medium-font-size\"><strong>Was wir am wenigsten m\u00f6gen<\/strong><\/p>\n\n\n\n<ul class=\"wp-block-list\">\n<li>In der Bl\u00fctezeit duftet sie sehr gut.<\/li>\n<\/ul>\n<\/div>\n<\/div>\n\n\n\n<div style=\"height:50px\" aria-hidden=\"true\" class=\"wp-block-spacer uag-hide-mob\"><\/div>\n\n\n\n<h2 class=\"wp-block-heading\">H\u00e4ufig gestellte Fragen<\/h2>\n\n\n\n<p>Im Folgenden findest du die Antworten auf die am h\u00e4ufigsten gestellten Fragen von Z\u00fcchtern, die sich f\u00fcr diese Genetik interessieren:<\/p>\n\n\n<div id=\"rank-math-faq\" class=\"rank-math-block\">\n<div class=\"rank-math-list \">\n<div id=\"faq-question-1663029074962\" class=\"rank-math-list-item\">\n<h3 class=\"rank-math-question \">Wie lange dauert es, Gelato Mint XXL Auto von der Keimung an zu z\u00fcchten?<\/h3>\n<div class=\"rank-math-answer \">\n\n<p>Nach der Keimung des Saatguts wird Gelato Mint XXL Auto in insgesamt 60-65 Tagen geerntet.<\/p>\n\n<\/div>\n<\/div>\n<div id=\"faq-question-1663029159933\" class=\"rank-math-list-item\">\n<h3 class=\"rank-math-question \">Wie viel Ertrag bringt ein Gelato Mint XXL Auto?<\/h3>\n<div class=\"rank-math-answer \">\n\n<p>Im Freien erreichen die gr\u00f6\u00dften Pflanzen 130 Gramm. In Innenr\u00e4umen k\u00f6nnen bei Verwendung einer 300-350-W-LED-Leuchte bis zu 550 Gramm pro m\u00b2 geerntet werden.<\/p>\n\n<\/div>\n<\/div>\n<div id=\"faq-question-1663029165861\" class=\"rank-math-list-item\">\n<h3 class=\"rank-math-question \">Wie baut man eine Gelato Mint XXL Autoflowering an?<\/h3>\n<div class=\"rank-math-answer \">\n\n<p>Es ist eine sehr einfache Sorte, die vom ersten Tag an einen gro\u00dfen Topf mit einem guten Substrat sch\u00e4tzt. Dadurch k\u00f6nnen sie gr\u00f6\u00dfer werden und h\u00f6here Ertr\u00e4ge erzielen.<\/p>\n\n<\/div>\n<\/div>\n<div id=\"faq-question-1666780029954\" class=\"rank-math-list-item\">\n<h3 class=\"rank-math-question \">Was sind die Merkmale von Gelato Mint XXL Auto in loser Sch\u00fcttung?<\/h3>\n<div class=\"rank-math-answer \">\n\n<p>Es ist eine einfache Pflanze, die eine erstklassige Ernte garantiert. Sie produziert gro\u00dfe Knospen, die sich bei milden Temperaturen violett f\u00e4rben. Die Wirkung ist sehr entspannend und ideal f\u00fcr den sp\u00e4ten Abend.<\/p>\n\n<\/div>\n<\/div>\n<\/div>\n<\/div>","protected":false},"excerpt":{"rendered":"<p>Gelato Mint XXL Auto ist eine riesige Autoflowering, die Sie \u00fcberraschen wird. Sie ist sehr einfach zu z\u00fcchten und besonders dankbar. Man muss sich nicht viel M\u00fche geben, um beeindruckende Knospen zu bekommen. Sie sind nicht nur gro\u00df, sondern auch violett gef\u00e4rbt, mit vielen orangefarbenen Haaren und einer dichten Schicht gl\u00e4nzender Kristalle bedeckt.<\/p>\n","protected":false},"featured_media":15516,"comment_status":"open","ping_status":"closed","template":"","meta":{"_acf_changed":false,"inline_featured_image":false,"_uag_custom_page_level_css":""},"product_brand":[],"product_cat":[2114],"product_tag":[],"class_list":{"0":"post-15565","1":"product","2":"type-product","3":"status-publish","4":"has-post-thumbnail","6":"product_cat-autoflowering-cannabis-samen","8":"first","9":"outofstock","10":"taxable","11":"shipping-taxable","12":"purchasable","13":"product-type-simple"},"acf":[],"uagb_featured_image_src":{"full":["https:\/\/bulkgenetics.com\/wp-content\/uploads\/2023\/03\/Gelato-Mint-XXL-Auto.jpg",1600,1600,false],"thumbnail":["https:\/\/bulkgenetics.com\/wp-content\/uploads\/2023\/03\/Gelato-Mint-XXL-Auto-150x150.jpg",150,150,true],"medium":["https:\/\/bulkgenetics.com\/wp-content\/uploads\/2023\/03\/Gelato-Mint-XXL-Auto-300x300.jpg",300,300,true],"medium_large":["https:\/\/bulkgenetics.com\/wp-content\/uploads\/2023\/03\/Gelato-Mint-XXL-Auto-768x768.jpg",768,768,true],"large":["https:\/\/bulkgenetics.com\/wp-content\/uploads\/2023\/03\/Gelato-Mint-XXL-Auto-1024x1024.jpg",1024,1024,true],"1536x1536":["https:\/\/bulkgenetics.com\/wp-content\/uploads\/2023\/03\/Gelato-Mint-XXL-Auto-1536x1536.jpg",1536,1536,true],"2048x2048":["https:\/\/bulkgenetics.com\/wp-content\/uploads\/2023\/03\/Gelato-Mint-XXL-Auto.jpg",1600,1600,false],"commercegurus-pdp-large":["https:\/\/bulkgenetics.com\/wp-content\/uploads\/2023\/03\/Gelato-Mint-XXL-Auto-990x990.jpg",990,990,true],"commercegurus-plp-mobile":["https:\/\/bulkgenetics.com\/wp-content\/uploads\/2023\/03\/Gelato-Mint-XXL-Auto-441x441.jpg",441,441,true],"cgkit_image_swatch":["https:\/\/bulkgenetics.com\/wp-content\/uploads\/2023\/03\/Gelato-Mint-XXL-Auto-100x100.jpg",100,100,true],"woocommerce_thumbnail":["https:\/\/bulkgenetics.com\/wp-content\/uploads\/2023\/03\/Gelato-Mint-XXL-Auto-300x300.jpg",300,300,true],"woocommerce_single":["https:\/\/bulkgenetics.com\/wp-content\/uploads\/2023\/03\/Gelato-Mint-XXL-Auto-800x800.jpg",800,800,true],"woocommerce_gallery_thumbnail":["https:\/\/bulkgenetics.com\/wp-content\/uploads\/2023\/03\/Gelato-Mint-XXL-Auto-150x150.jpg",150,150,true],"dgwt-wcas-product-suggestion":["https:\/\/bulkgenetics.com\/wp-content\/uploads\/2023\/03\/Gelato-Mint-XXL-Auto-64x64.jpg",64,64,true]},"uagb_author_info":{"display_name":"\u00c1ngel Flores","author_link":"https:\/\/bulkgenetics.com\/de\/author\/"},"uagb_comment_info":2,"uagb_excerpt":"Gelato Mint XXL Auto ist eine riesige Autoflowering, die Sie \u00fcberraschen wird. Sie ist sehr einfach zu z\u00fcchten und besonders dankbar. Man muss sich nicht viel M\u00fche geben, um beeindruckende Knospen zu bekommen. Sie sind nicht nur gro\u00df, sondern auch violett gef\u00e4rbt, mit vielen orangefarbenen Haaren und einer dichten Schicht gl\u00e4nzender Kristalle bedeckt.","_links":{"self":[{"href":"https:\/\/bulkgenetics.com\/de\/wp-json\/wp\/v2\/product\/15565","targetHints":{"allow":["GET"]}}],"collection":[{"href":"https:\/\/bulkgenetics.com\/de\/wp-json\/wp\/v2\/product"}],"about":[{"href":"https:\/\/bulkgenetics.com\/de\/wp-json\/wp\/v2\/types\/product"}],"replies":[{"embeddable":true,"href":"https:\/\/bulkgenetics.com\/de\/wp-json\/wp\/v2\/comments?post=15565"}],"wp:featuredmedia":[{"embeddable":true,"href":"https:\/\/bulkgenetics.com\/de\/wp-json\/wp\/v2\/media\/15516"}],"wp:attachment":[{"href":"https:\/\/bulkgenetics.com\/de\/wp-json\/wp\/v2\/media?parent=15565"}],"wp:term":[{"taxonomy":"product_brand","embeddable":true,"href":"https:\/\/bulkgenetics.com\/de\/wp-json\/wp\/v2\/product_brand?post=15565"},{"taxonomy":"product_cat","embeddable":true,"href":"https:\/\/bulkgenetics.com\/de\/wp-json\/wp\/v2\/product_cat?post=15565"},{"taxonomy":"product_tag","embeddable":true,"href":"https:\/\/bulkgenetics.com\/de\/wp-json\/wp\/v2\/product_tag?post=15565"}],"curies":[{"name":"wp","href":"https:\/\/api.w.org\/{rel}","templated":true}]}}