{"id":16084,"date":"2023-03-28T09:21:05","date_gmt":"2023-03-28T07:21:05","guid":{"rendered":"https:\/\/bulkgenetics.com\/?post_type=product&#038;p=16084"},"modified":"2024-10-08T01:08:55","modified_gmt":"2024-10-07T23:08:55","slug":"auto-cbd-gorilla-glue","status":"publish","type":"product","link":"https:\/\/bulkgenetics.com\/de\/auto-cbd-gorilla-glue\/","title":{"rendered":"Auto CBD Gorilla Glue"},"content":{"rendered":"\n<p>Wir stellen <strong>Auto CBD Gorilla Glue<\/strong> vor, das komplette Gegenteil des ber\u00fchmten amerikanischen <a href=\"https:\/\/bulkgenetics.com\/de\/gorilla-glue-4\/\">Gorilla Glue #4<\/a>. Letztere ist eine der Sorten mit dem h\u00f6chsten THC-Gehalt, w\u00e4hrend die andere kaum THC, aber einen hohen CBD-Gehalt aufweist.<\/p>\n\n\n\n<p>F\u00fcr ihre Entwicklung haben wir den urspr\u00fcnglichen <a href=\"https:\/\/bulkgenetics.com\/de\/gorilla-glue-4\/\">Gorilla Glue #4<\/a> -Klon mit einer Ruderalis CBD kombiniert, von der sie das Autoflowering-Gen und den hohen Cannabidiol-Anteil geerbt hat. Das Ergebnis ist eine medizinische Sorte mit einem spektakul\u00e4ren THC:CBD-Verh\u00e4ltnis von etwa 1:40 &#8211; 1:50, mit nur <strong>0,17-0,27% THC<\/strong> und <strong>12-14% CBD<\/strong>.<\/p>\n\n\n\n<h2 class=\"wp-block-heading\">Wie man w\u00e4chst Auto CBD Gorilla Glue<\/h2>\n\n\n\n<p>Wie bei jeder autoflowering Genetik werden die besten Ertr\u00e4ge erzielt, wenn man vom ersten Tag an mindestens einen 20-Liter-Topf verwendet. <strong>Umtopfen ist nicht zu empfehlen<\/strong>, da es Stress bedeutet und viele Pflanzen darauf reagieren, indem sie ihr Wachstum f\u00fcr ein paar Tage einstellen. Bei diesem Sortentyp mit einer so kurzen Vegetationsphase macht sich die Verlangsamung des Wachstums um ein paar Tage in der Endh\u00f6he und auch in der Produktion bemerkbar.<\/p>\n\n\n\n<p>Sie ist sehr einfach zu kultivieren und mit einer <strong>durchschnittlichen Gr\u00f6\u00dfe von 100 cm<\/strong> sehr unauff\u00e4llig, ideal f\u00fcr Terrassen oder Balkone, ohne aufzufallen.<\/p>\n\n\n\n<p>Etwa 3-4 Wochen nach der Geburt der Pflanze beginnt die Bl\u00fctephase. Und <strong>in insgesamt 65 Tagen k\u00f6nnen Sie ernten<\/strong>. Weil es so schnell geht, ist es m\u00f6glich, in den Fr\u00fchlings- und Sommermonaten bis zu 3 aufeinanderfolgende Ernten einzufahren.<\/p>\n\n\n\n<h2 class=\"wp-block-heading\">Merkmale von Auto CBD Gorilla Glue<\/h2>\n\n\n\n<p>Die Knospen sind gro\u00df und steinhart. Die Menge des Harzes ist auch erstaunlich, es ist ein Bonbon f\u00fcr alle Extraktionsliebhaber.<\/p>\n\n\n\n<p>Die <strong>Aromen und Geschm\u00e4cker<\/strong> sind denen ihrer Mutter Gorilla treu. Man sp\u00fcrt die zitronigen, kiefernartigen und erdigen Noten, mit einem sehr appetitlichen Unterton von Kaffee und Schokolade.<\/p>\n\n\n\n<p>Die <strong>psychoaktive Wirkung ist gleich null<\/strong>, da CBD die Wirkung von THC aufhebt. Es erzeugt ein sehr angenehmes, entspannendes und wohltuendes Gef\u00fchl, das die Aktivit\u00e4t nicht behindert.<\/p>\n\n\n\n<p>Die <strong>Produktion<\/strong> ist hoch und \u00fcberdurchschnittlich. Die Pflanzen, die im Freien eine gr\u00f6\u00dfere Gr\u00f6\u00dfe erreichen, erreichen <strong>120 Gramm<\/strong>. In Innenr\u00e4umen und mit einer 300-350-W-LED-Lampe kann jeder <strong>450-550 Gramm pro m\u00b2<\/strong> erreichen.<\/p>\n\n\n\n<div style=\"height:50px\" aria-hidden=\"true\" class=\"wp-block-spacer uag-hide-mob\"><\/div>\n\n\n\n<div class=\"wp-block-columns is-layout-flex wp-container-core-columns-is-layout-28f84493 wp-block-columns-is-layout-flex\">\n<div class=\"wp-block-column is-layout-flow wp-block-column-is-layout-flow\">\n<p class=\"has-text-align-center has-medium-font-size\"><strong>Was wir am meisten m\u00f6gen<\/strong><\/p>\n\n\n\n<ul class=\"wp-block-list\">\n<li>Sehr einfach zu z\u00fcchten.<\/li>\n\n\n\n<li>XXL-Produktion.<\/li>\n\n\n\n<li>Sie wird in nur 65 Tagen geerntet.<\/li>\n\n\n\n<li>Keine psychoaktiven Wirkungen<\/li>\n\n\n\n<li>Sein Preis.<\/li>\n<\/ul>\n<\/div>\n\n\n\n<div class=\"wp-block-column is-layout-flow wp-block-column-is-layout-flow\">\n<p class=\"has-text-align-center has-medium-font-size\"><strong>Was wir am wenigsten m\u00f6gen<\/strong><\/p>\n\n\n\n<ul class=\"wp-block-list\">\n<li>In der Bl\u00fctezeit duftet sie sehr gut.<\/li>\n<\/ul>\n<\/div>\n<\/div>\n\n\n\n<div style=\"height:50px\" aria-hidden=\"true\" class=\"wp-block-spacer uag-hide-mob\"><\/div>\n\n\n\n<h2 class=\"wp-block-heading\">H\u00e4ufig gestellte Fragen<\/h2>\n\n\n\n<p>Im Folgenden findest du die Antworten auf die am h\u00e4ufigsten gestellten Fragen von Z\u00fcchtern, die sich f\u00fcr diese Genetik interessieren:<\/p>\n\n\n<div id=\"rank-math-faq\" class=\"rank-math-block\">\n<div class=\"rank-math-list \">\n<div id=\"faq-question-1663029074962\" class=\"rank-math-list-item\">\n<h3 class=\"rank-math-question \">Wann beginnt die Bl\u00fctezeit von Auto CBD Gorilla Glue?<\/h3>\n<div class=\"rank-math-answer \">\n\n<p>Nach dem Keimen der Samen dauert es 3 bis 4 Wochen, bis die Pflanzen zu bl\u00fchen beginnen.<\/p>\n\n<\/div>\n<\/div>\n<div id=\"faq-question-1663029159933\" class=\"rank-math-list-item\">\n<h3 class=\"rank-math-question \">Wie lange dauert es, Gorilla Glue Auto CBD nach der Keimung zu ernten?<\/h3>\n<div class=\"rank-math-answer \">\n\n<p>Insgesamt kann diese autoflowering Sorte innerhalb von 65 Tagen nach der Keimung geerntet werden.<\/p>\n\n<\/div>\n<\/div>\n<div id=\"faq-question-1663029165861\" class=\"rank-math-list-item\">\n<h3 class=\"rank-math-question \">Wie baut man eine feminisierte Auto CBD Gorilla Glue an?<\/h3>\n<div class=\"rank-math-answer \">\n\n<p>Sie ist sehr einfach und anspruchslos. Verwenden Sie vom ersten Tag an mindestens einen 20-Liter-Topf, um die gr\u00f6\u00dften und produktivsten Pflanzen zu erhalten.<\/p>\n\n<\/div>\n<\/div>\n<div id=\"faq-question-1666780029954\" class=\"rank-math-list-item\">\n<h3 class=\"rank-math-question \">Was sind die Auswirkungen von Auto CBD Gorilla Glue in gro\u00dfen Mengen?<\/h3>\n<div class=\"rank-math-answer \">\n\n<p>Die psychoaktive Wirkung ist aufgrund des sehr geringen THC-Gehalts gleich null. Es erzeugt ein Gef\u00fchl der leichten Entspannung und ein sehr angenehmes k\u00f6rperliches und geistiges Wohlbefinden.<\/p>\n\n<\/div>\n<\/div>\n<\/div>\n<\/div>","protected":false},"excerpt":{"rendered":"<p>Auto CBD Gorilla Glue ist die schnellste und medizinischste Version der legend\u00e4ren amerikanischen Sorte. Es ist eine einfache, anspruchslose und sehr diskrete Pflanze, die eine gro\u00dfe Ernte von gro\u00dfen, harten und klebrigen Knospen garantiert. Es hat keine psychoaktiven Wirkungen, da es praktisch kein THC enth\u00e4lt. Andererseits ist der CBD- oder Cannabidiolgehalt sehr hoch.<\/p>\n","protected":false},"featured_media":16094,"comment_status":"open","ping_status":"closed","template":"","meta":{"_acf_changed":false,"inline_featured_image":false,"_uag_custom_page_level_css":""},"product_brand":[],"product_cat":[2114],"product_tag":[],"class_list":{"0":"post-16084","1":"product","2":"type-product","3":"status-publish","4":"has-post-thumbnail","6":"product_cat-autoflowering-cannabis-samen","8":"first","9":"instock","10":"taxable","11":"shipping-taxable","12":"purchasable","13":"product-type-simple"},"acf":[],"uagb_featured_image_src":{"full":["https:\/\/bulkgenetics.com\/wp-content\/uploads\/2023\/03\/auto_cbd_gorilla_glue__1_.jpg",1600,1600,false],"thumbnail":["https:\/\/bulkgenetics.com\/wp-content\/uploads\/2023\/03\/auto_cbd_gorilla_glue__1_-150x150.jpg",150,150,true],"medium":["https:\/\/bulkgenetics.com\/wp-content\/uploads\/2023\/03\/auto_cbd_gorilla_glue__1_-300x300.jpg",300,300,true],"medium_large":["https:\/\/bulkgenetics.com\/wp-content\/uploads\/2023\/03\/auto_cbd_gorilla_glue__1_-768x768.jpg",768,768,true],"large":["https:\/\/bulkgenetics.com\/wp-content\/uploads\/2023\/03\/auto_cbd_gorilla_glue__1_-1024x1024.jpg",1024,1024,true],"1536x1536":["https:\/\/bulkgenetics.com\/wp-content\/uploads\/2023\/03\/auto_cbd_gorilla_glue__1_-1536x1536.jpg",1536,1536,true],"2048x2048":["https:\/\/bulkgenetics.com\/wp-content\/uploads\/2023\/03\/auto_cbd_gorilla_glue__1_.jpg",1600,1600,false],"commercegurus-pdp-large":["https:\/\/bulkgenetics.com\/wp-content\/uploads\/2023\/03\/auto_cbd_gorilla_glue__1_-990x990.jpg",990,990,true],"commercegurus-plp-mobile":["https:\/\/bulkgenetics.com\/wp-content\/uploads\/2023\/03\/auto_cbd_gorilla_glue__1_-441x441.jpg",441,441,true],"cgkit_image_swatch":["https:\/\/bulkgenetics.com\/wp-content\/uploads\/2023\/03\/auto_cbd_gorilla_glue__1_-100x100.jpg",100,100,true],"woocommerce_thumbnail":["https:\/\/bulkgenetics.com\/wp-content\/uploads\/2023\/03\/auto_cbd_gorilla_glue__1_-300x300.jpg",300,300,true],"woocommerce_single":["https:\/\/bulkgenetics.com\/wp-content\/uploads\/2023\/03\/auto_cbd_gorilla_glue__1_-800x800.jpg",800,800,true],"woocommerce_gallery_thumbnail":["https:\/\/bulkgenetics.com\/wp-content\/uploads\/2023\/03\/auto_cbd_gorilla_glue__1_-150x150.jpg",150,150,true],"dgwt-wcas-product-suggestion":["https:\/\/bulkgenetics.com\/wp-content\/uploads\/2023\/03\/auto_cbd_gorilla_glue__1_-64x64.jpg",64,64,true]},"uagb_author_info":{"display_name":"J\u00e9r\u00f4me","author_link":"https:\/\/bulkgenetics.com\/de\/author\/"},"uagb_comment_info":0,"uagb_excerpt":"Auto CBD Gorilla Glue ist die schnellste und medizinischste Version der legend\u00e4ren amerikanischen Sorte. Es ist eine einfache, anspruchslose und sehr diskrete Pflanze, die eine gro\u00dfe Ernte von gro\u00dfen, harten und klebrigen Knospen garantiert. Es hat keine psychoaktiven Wirkungen, da es praktisch kein THC enth\u00e4lt. Andererseits ist der CBD- oder Cannabidiolgehalt sehr hoch.","_links":{"self":[{"href":"https:\/\/bulkgenetics.com\/de\/wp-json\/wp\/v2\/product\/16084","targetHints":{"allow":["GET"]}}],"collection":[{"href":"https:\/\/bulkgenetics.com\/de\/wp-json\/wp\/v2\/product"}],"about":[{"href":"https:\/\/bulkgenetics.com\/de\/wp-json\/wp\/v2\/types\/product"}],"replies":[{"embeddable":true,"href":"https:\/\/bulkgenetics.com\/de\/wp-json\/wp\/v2\/comments?post=16084"}],"wp:featuredmedia":[{"embeddable":true,"href":"https:\/\/bulkgenetics.com\/de\/wp-json\/wp\/v2\/media\/16094"}],"wp:attachment":[{"href":"https:\/\/bulkgenetics.com\/de\/wp-json\/wp\/v2\/media?parent=16084"}],"wp:term":[{"taxonomy":"product_brand","embeddable":true,"href":"https:\/\/bulkgenetics.com\/de\/wp-json\/wp\/v2\/product_brand?post=16084"},{"taxonomy":"product_cat","embeddable":true,"href":"https:\/\/bulkgenetics.com\/de\/wp-json\/wp\/v2\/product_cat?post=16084"},{"taxonomy":"product_tag","embeddable":true,"href":"https:\/\/bulkgenetics.com\/de\/wp-json\/wp\/v2\/product_tag?post=16084"}],"curies":[{"name":"wp","href":"https:\/\/api.w.org\/{rel}","templated":true}]}}