{"id":16156,"date":"2023-03-27T16:07:33","date_gmt":"2023-03-27T14:07:33","guid":{"rendered":"https:\/\/bulkgenetics.com\/?post_type=product&#038;p=16156"},"modified":"2024-10-08T01:08:55","modified_gmt":"2024-10-07T23:08:55","slug":"cbd-grapefruit","status":"publish","type":"product","link":"https:\/\/bulkgenetics.com\/de\/cbd-grapefruit\/","title":{"rendered":"CBD Grapefruit"},"content":{"rendered":"\n<p><strong>CBD Grapefruit <\/strong>es ist eine Sorte von CBD-Marihuana mit kaum THC, die Sie lieben werden, wenn Sie nach den Vorteilen von Cannabidiol suchen, da seine psychoaktiven Wirkungen praktisch gleich Null sind.<\/p>\n\n\n\n<p>F\u00fcr ihre Entwicklung kombinieren wir unsere Auswahl an Grapefruit (<a href=\"https:\/\/bulkgenetics.com\/de\/cinderella-99\/\">Cinderella 99<\/a> x Thai) mit einer Genetik mit hohem CBD-Gehalt, die wir geheim halten. Von der <a href=\"http:\/\/bulkgenetics.com\/de\/grapefruit\/\">Grapefruit<\/a> erbt es seinen k\u00f6stlichen s\u00fc\u00dfen und fruchtigen Geschmack, w\u00e4hrend es von der CBD-Mutter einen Cannabidiolgehalt von 20-24% erbt!<\/p>\n\n\n\n<h2 class=\"wp-block-heading\">Wie man CBD Grapefruit anbaut<\/h2>\n\n\n\n<p>Dies ist eine einfache Pflanze in den H\u00e4nden eines jeden Z\u00fcchters. Aufgrund ihrer Sativa-Dominanz w\u00e4chst sie sofort kr\u00e4ftig, ist aber gleichzeitig sehr leicht zu kontrollieren.<\/p>\n\n\n\n<p>Wenn Ihr Klima es im Freien zul\u00e4sst und Sie einen echten Baum w\u00fcnschen, keimt er im zeitigen Fr\u00fchjahr und wird manchmal 3 Meter hoch. Ihre Struktur ist typisch f\u00fcr die Tanne, aber sie sch\u00e4tzt auch einen Belag, um die Entwicklung von Neben\u00e4sten zu beg\u00fcnstigen.<\/p>\n\n\n\n<p>Sie bevorzugt warmes Klima mit trockenem Herbstanfang, da sie Mitte Oktober geerntet wird.<\/p>\n\n\n\n<p>Im Innenbereich ist sie sogar in der Wachstumsphase eine duftende Sorte, daher empfehlen wir Ihnen, ein gutes Anti-Geruchssystem zu verwenden.<\/p>\n\n\n\n<p>Sobald die Photoperiode auf die Bl\u00fcte reduziert ist, tritt eine starke Streckung auf. Wenn die Pflanzen nicht beschnitten werden, wird eine Vegetationsperiode von nicht mehr als 4 Wochen empfohlen.<\/p>\n\n\n\n<p>Wenn die Pflanzen nicht beschnitten werden, wird eine Vegetationsperiode von nicht mehr als 4 Wochen empfohlen.<\/p>\n\n\n\n<h2 class=\"wp-block-heading\">Eigenschaften von CBD Grapefruit<\/h2>\n\n\n\n<p>Die Knospen sind gro\u00df, kompakt und sehr harzig. Es ist die perfekte Sorte, um jede Art von Extrakt herzustellen, da es eine gro\u00dfe Ausbeute hat, ideal f\u00fcr die Herstellung von Tinkturen.<\/p>\n\n\n\n<p>Das Aroma und der Geschmack erinnern sehr an ihre Mutter Grapefruit, mit deutlichen s\u00fc\u00dfen Noten wie reife Ananas und saure Grapefruit.<\/p>\n\n\n\n<p>Die psychoaktiven Wirkungen sind null. Stattdessen sorgt es f\u00fcr einen Zustand der Entspannung, des Wohlbefindens, der geistigen Klarheit und teilweise auch f\u00fcr ein wenig Schlaf. <\/p>\n\n\n\n<div style=\"height:50px\" aria-hidden=\"true\" class=\"wp-block-spacer uag-hide-mob\"><\/div>\n\n\n\n<div class=\"wp-block-columns is-layout-flex wp-container-core-columns-is-layout-28f84493 wp-block-columns-is-layout-flex\">\n<div class=\"wp-block-column is-layout-flow wp-block-column-is-layout-flow\">\n<p class=\"has-text-align-center has-medium-font-size\"><strong>Was wir am meisten m\u00f6gen<\/strong><\/p>\n\n\n\n<ul class=\"wp-block-list\">\n<li>Sehr einfach zu z\u00fcchten.<\/li>\n\n\n\n<li>Hohe Produktion.<\/li>\n\n\n\n<li>Tropischer Geschmack.<\/li>\n\n\n\n<li>Hochgradig therapeutische Wirkung.<\/li>\n\n\n\n<li>Sein Preis.<\/li>\n<\/ul>\n<\/div>\n\n\n\n<div class=\"wp-block-column is-layout-flow wp-block-column-is-layout-flow\">\n<p class=\"has-text-align-center has-medium-font-size\"><strong>Was wir am wenigsten m\u00f6gen<\/strong><\/p>\n\n\n\n<ul class=\"wp-block-list\">\n<li>Es ist keine Sorte, die f\u00fcr diejenigen empfohlen wird, die nach psychoaktiven Wirkungen suchen.<\/li>\n<\/ul>\n<\/div>\n<\/div>\n\n\n\n<div style=\"height:50px\" aria-hidden=\"true\" class=\"wp-block-spacer uag-hide-mob\"><\/div>\n\n\n\n<h2 class=\"wp-block-heading\">H\u00e4ufig gestellte Fragen<\/h2>\n\n\n\n<p>Im Folgenden findest du die Antworten auf die am h\u00e4ufigsten gestellten Fragen von Z\u00fcchtern, die an dieser Sorte interessiert sind:<\/p>\n\n\n<div id=\"rank-math-faq\" class=\"rank-math-block\">\n<div class=\"rank-math-list \">\n<div id=\"faq-question-1663029074962\" class=\"rank-math-list-item\">\n<h3 class=\"rank-math-question \">Wann beginnt die CBD Grapefruit im Freien zu bl\u00fchen?<\/h3>\n<div class=\"rank-math-answer \">\n\n<p>Je nach Breitengrad beginnt die Bl\u00fcte in der ersten Augusth\u00e4lfte.<\/p>\n\n<\/div>\n<\/div>\n<div id=\"faq-question-1663029159933\" class=\"rank-math-list-item\">\n<h3 class=\"rank-math-question \">Wann sollte man eine CBD Grapefruit im Freien schneiden?<\/h3>\n<div class=\"rank-math-answer \">\n\n<p>Es handelt sich um eine schnell bl\u00fchende Sorte, sterben Mitte Oktober geerntet WIRD.<\/p>\n\n<\/div>\n<\/div>\n<div id=\"faq-question-1663029165861\" class=\"rank-math-list-item\">\n<h3 class=\"rank-math-question \">Wie baut man eine feminisierte CBD Grapefruit an?<\/h3>\n<div class=\"rank-math-answer \">\n\n<p>Es ist eine Pflanze, die trotz ihrer Sativa-Dominanz eine mittlere H\u00f6he beibeh\u00e4lt und sehr einfach drinnen und drau\u00dfen anzubauen ist.<\/p>\n\n<\/div>\n<\/div>\n<div id=\"faq-question-1666780029954\" class=\"rank-math-list-item\">\n<h3 class=\"rank-math-question \">Was sind die Wirkungen von CBD Grapefruit in loser Sch\u00fcttung?<\/h3>\n<div class=\"rank-math-answer \">\n\n<p>Die Auswirkungen sind auf k\u00f6rperlicher Ebene entspannend und auf mentaler Ebene praktisch nicht vorhanden. Sie h\u00e4lt den Geist klar und behindert keine Aktivit\u00e4t.<\/p>\n\n<\/div>\n<\/div>\n<\/div>\n<\/div>","protected":false},"excerpt":{"rendered":"<p>Wir pr\u00e4sentieren Ihnen CBD Grapefruit, eine CBD-Sorte ohne THC, da sie niemals 0,9 % \u00fcberschreitet. Stattdessen steigen die CBD-Werte auf bis zu 24 %. Dieses Verh\u00e4ltnis von mindestens 1:25 macht sie zu einer perfekten Option f\u00fcr Z\u00fcchter, die eine therapeutische Pflanze ohne die typischen psychoaktiven Wirkungen von Marihuana suchen. Auch sein Geschmack wird Sie zum Verlieben bringen!<\/p>\n","protected":false},"featured_media":16719,"comment_status":"open","ping_status":"closed","template":"","meta":{"_acf_changed":false,"inline_featured_image":false,"_uag_custom_page_level_css":""},"product_brand":[],"product_cat":[1097],"product_tag":[],"class_list":{"0":"post-16156","1":"product","2":"type-product","3":"status-publish","4":"has-post-thumbnail","6":"product_cat-feminisierte-cannabis-samen","8":"first","9":"instock","10":"taxable","11":"shipping-taxable","12":"purchasable","13":"product-type-simple"},"acf":[],"uagb_featured_image_src":{"full":["https:\/\/bulkgenetics.com\/wp-content\/uploads\/2023\/03\/CBD-Grapefruit.jpg",1600,1600,false],"thumbnail":["https:\/\/bulkgenetics.com\/wp-content\/uploads\/2023\/03\/CBD-Grapefruit-150x150.jpg",150,150,true],"medium":["https:\/\/bulkgenetics.com\/wp-content\/uploads\/2023\/03\/CBD-Grapefruit-300x300.jpg",300,300,true],"medium_large":["https:\/\/bulkgenetics.com\/wp-content\/uploads\/2023\/03\/CBD-Grapefruit-768x768.jpg",768,768,true],"large":["https:\/\/bulkgenetics.com\/wp-content\/uploads\/2023\/03\/CBD-Grapefruit-1024x1024.jpg",1024,1024,true],"1536x1536":["https:\/\/bulkgenetics.com\/wp-content\/uploads\/2023\/03\/CBD-Grapefruit-1536x1536.jpg",1536,1536,true],"2048x2048":["https:\/\/bulkgenetics.com\/wp-content\/uploads\/2023\/03\/CBD-Grapefruit.jpg",1600,1600,false],"commercegurus-pdp-large":["https:\/\/bulkgenetics.com\/wp-content\/uploads\/2023\/03\/CBD-Grapefruit-990x990.jpg",990,990,true],"commercegurus-plp-mobile":["https:\/\/bulkgenetics.com\/wp-content\/uploads\/2023\/03\/CBD-Grapefruit-441x441.jpg",441,441,true],"cgkit_image_swatch":["https:\/\/bulkgenetics.com\/wp-content\/uploads\/2023\/03\/CBD-Grapefruit-100x100.jpg",100,100,true],"woocommerce_thumbnail":["https:\/\/bulkgenetics.com\/wp-content\/uploads\/2023\/03\/CBD-Grapefruit-300x300.jpg",300,300,true],"woocommerce_single":["https:\/\/bulkgenetics.com\/wp-content\/uploads\/2023\/03\/CBD-Grapefruit-800x800.jpg",800,800,true],"woocommerce_gallery_thumbnail":["https:\/\/bulkgenetics.com\/wp-content\/uploads\/2023\/03\/CBD-Grapefruit-150x150.jpg",150,150,true],"dgwt-wcas-product-suggestion":["https:\/\/bulkgenetics.com\/wp-content\/uploads\/2023\/03\/CBD-Grapefruit-64x64.jpg",64,64,true]},"uagb_author_info":{"display_name":"\u00c1ngel Flores","author_link":"https:\/\/bulkgenetics.com\/de\/author\/"},"uagb_comment_info":0,"uagb_excerpt":"Wir pr\u00e4sentieren Ihnen CBD Grapefruit, eine CBD-Sorte ohne THC, da sie niemals 0,9 % \u00fcberschreitet. Stattdessen steigen die CBD-Werte auf bis zu 24 %. Dieses Verh\u00e4ltnis von mindestens 1:25 macht sie zu einer perfekten Option f\u00fcr Z\u00fcchter, die eine therapeutische Pflanze ohne die typischen psychoaktiven Wirkungen von Marihuana suchen. Auch sein Geschmack wird Sie zum&hellip;","_links":{"self":[{"href":"https:\/\/bulkgenetics.com\/de\/wp-json\/wp\/v2\/product\/16156","targetHints":{"allow":["GET"]}}],"collection":[{"href":"https:\/\/bulkgenetics.com\/de\/wp-json\/wp\/v2\/product"}],"about":[{"href":"https:\/\/bulkgenetics.com\/de\/wp-json\/wp\/v2\/types\/product"}],"replies":[{"embeddable":true,"href":"https:\/\/bulkgenetics.com\/de\/wp-json\/wp\/v2\/comments?post=16156"}],"wp:featuredmedia":[{"embeddable":true,"href":"https:\/\/bulkgenetics.com\/de\/wp-json\/wp\/v2\/media\/16719"}],"wp:attachment":[{"href":"https:\/\/bulkgenetics.com\/de\/wp-json\/wp\/v2\/media?parent=16156"}],"wp:term":[{"taxonomy":"product_brand","embeddable":true,"href":"https:\/\/bulkgenetics.com\/de\/wp-json\/wp\/v2\/product_brand?post=16156"},{"taxonomy":"product_cat","embeddable":true,"href":"https:\/\/bulkgenetics.com\/de\/wp-json\/wp\/v2\/product_cat?post=16156"},{"taxonomy":"product_tag","embeddable":true,"href":"https:\/\/bulkgenetics.com\/de\/wp-json\/wp\/v2\/product_tag?post=16156"}],"curies":[{"name":"wp","href":"https:\/\/api.w.org\/{rel}","templated":true}]}}