{"id":16210,"date":"2023-03-28T08:54:06","date_gmt":"2023-03-28T06:54:06","guid":{"rendered":"https:\/\/bulkgenetics.com\/?post_type=product&#038;p=16210"},"modified":"2024-10-08T01:08:55","modified_gmt":"2024-10-07T23:08:55","slug":"cbd-swiss-chocolate","status":"publish","type":"product","link":"https:\/\/bulkgenetics.com\/de\/cbd-swiss-chocolate\/","title":{"rendered":"CBD Swiss Chocolate"},"content":{"rendered":"\n<p><strong>CBD Swiss Chocolate<\/strong> ist eine unserer neuen Sorten, die reich an Cannabidiol ist und praktisch kein THC enth\u00e4lt, da der Gehalt an diesem Cannabinoid <strong>unter 0,25 % liegt<\/strong>. Es ist perfekt f\u00fcr alle, die die Vorteile von CBD nutzen wollen, aber ohne die typischen psychoaktiven Wirkungen von Marihuana.<\/p>\n\n\n\n<p>F\u00fcr seine Entwicklung haben wir mit Genetik begonnen, die uns vor mehr als 20 Jahren in die H\u00e4nde fiel. Seine Herkunft ist ungewiss, doch scheint er vom Kush abzustammen. Sein intensiver Schokoladengeschmack hat uns veranlasst, ihn <strong>Swiss Chocolate<\/strong> zu nennen. Unsere Mutter mit h\u00f6herem CBD-Gehalt war das andere Schl\u00fcsselelement, und wir konnten erreichen, dass die Nachkommenschaft stabile und sehr, sehr niedrige THC-Werte aufweist.<\/p>\n\n\n\n<h2 class=\"wp-block-heading\">Wie man w\u00e4chst CBD Swiss Chocolate<\/h2>\n\n\n\n<p>Es handelt sich um eine leicht zu z\u00fcchtende Sorte f\u00fcr den Innen- und Au\u00dfenbereich, die sehr w\u00fcchsig ist und eine typische Fichtenstruktur aufweist, bei der zahlreiche Satelliten\u00e4ste um eine gro\u00dfe Spitze kreisen.<\/p>\n\n\n\n<p>Im <strong>Freien<\/strong> erreicht sie, wenn sie im zeitigen Fr\u00fchjahr gekeimt ist, eine <strong>gro\u00dfe H\u00f6he von 2,5-3 Metern<\/strong>, mit gro\u00dfen Bl\u00e4ttern und mittleren Internodien.<\/p>\n\n\n\n<p>Die Bl\u00fctezeit ist kurz und kann in der <strong>ersten Oktoberh\u00e4lfte<\/strong> geerntet werden. Einige Ph\u00e4notypen sind sogar noch schneller und werden bereits Ende September fertig sein.<\/p>\n\n\n\n<p>Im <strong>Innenbereich<\/strong> passt sie sich jeder Anbautechnik an, insbesondere dem SOG-Anbau, wenn eine s\u00e4ulenf\u00f6rmige und weniger verzweigte Mutterpflanze gew\u00e4hlt wird.<\/p>\n\n\n\n<p>Wenn die Bl\u00fcte beginnt, wird der Geruch sehr stechend. Wenn Sie Probleme vermeiden wollen, sollten Sie einen guten Kohlefilter installieren. Ab der Umstellung der Photoperiode wird sie in etwa <strong>8-9 Wochen<\/strong> geerntet werden.<\/p>\n\n\n\n<h2 class=\"wp-block-heading\">Merkmale von CBD Swiss Chocolate<\/h2>\n\n\n\n<p>Die Knospen sind gro\u00df, steinhart und mega-harzig. Jeder Extraktionsenthusiast wird es genie\u00dfen, das k\u00f6stlichste Haschisch oder BHO herzustellen.<\/p>\n\n\n\n<p>Aroma und Geschmack entsprechen der Schweizer Schokolade, mit intensiven Schokoladennoten und einem erdigen, zitrusartigen Unterton.<\/p>\n\n\n\n<p>Der CBD-Gehalt liegt immer um die 15%, w\u00e4hrend der THC-Gehalt zwischen 0,20% und 0,25% liegt. Die psychoaktiven Wirkungen sind nicht vorhanden, aber es <strong>verursacht ein Gef\u00fchl der Entspannung<\/strong> und des Wohlbefindens, das jede Art von Aktivit\u00e4t nicht verhindert.<\/p>\n\n\n\n<p>Die Ertr\u00e4ge sind sehr hoch, bei gr\u00f6\u00dferen Pflanzen kann man mit bis zu <strong>900 Gramm<\/strong> rechnen. In Innenr\u00e4umen wird es nicht schwer sein, mit einer 300-350-W-LED-Leuchte etwa <strong>550 Gramm pro m\u00b2<\/strong> zu erreichen.<\/p>\n\n\n\n<div style=\"height:50px\" aria-hidden=\"true\" class=\"wp-block-spacer uag-hide-mob\"><\/div>\n\n\n\n<div class=\"wp-block-columns is-layout-flex wp-container-core-columns-is-layout-28f84493 wp-block-columns-is-layout-flex\">\n<div class=\"wp-block-column is-layout-flow wp-block-column-is-layout-flow\">\n<p class=\"has-text-align-center has-medium-font-size\"><strong>Was wir am meisten m\u00f6gen<\/strong><\/p>\n\n\n\n<ul class=\"wp-block-list\">\n<li>Sehr einfach zu z\u00fcchten.<\/li>\n\n\n\n<li>Hohe Produktion.<\/li>\n\n\n\n<li>Spektakul\u00e4rer Geschmack.<\/li>\n\n\n\n<li>Hochgradig therapeutische Wirkung.<\/li>\n\n\n\n<li>Sein Preis.<\/li>\n<\/ul>\n<\/div>\n\n\n\n<div class=\"wp-block-column is-layout-flow wp-block-column-is-layout-flow\">\n<p class=\"has-text-align-center has-medium-font-size\"><strong>Was wir am wenigsten m\u00f6gen<\/strong><\/p>\n\n\n\n<ul class=\"wp-block-list\">\n<li>Es ist keine Sorte, die f\u00fcr diejenigen empfohlen wird, die psychoaktive Effekte suchen.<\/li>\n<\/ul>\n<\/div>\n<\/div>\n\n\n\n<div style=\"height:50px\" aria-hidden=\"true\" class=\"wp-block-spacer uag-hide-mob\"><\/div>\n\n\n\n<h2 class=\"wp-block-heading\">H\u00e4ufig gestellte Fragen<\/h2>\n\n\n\n<p>Im Folgenden finden Sie die Antworten auf die am h\u00e4ufigsten gestellten Fragen von Z\u00fcchtern, die an dieser THC-freien CBD-Sorte interessiert sind:<\/p>\n\n\n<div id=\"rank-math-faq\" class=\"rank-math-block\">\n<div class=\"rank-math-list \">\n<div id=\"faq-question-1663029074962\" class=\"rank-math-list-item\">\n<h3 class=\"rank-math-question \">Wann beginnt die CBD Swiss Chocolated im Freien zu bl\u00fchen?<\/h3>\n<div class=\"rank-math-answer \">\n\n<p>Je nach Breitengrad beginnt die Bl\u00fcte in der ersten Augusth\u00e4lfte.<\/p>\n\n<\/div>\n<\/div>\n<div id=\"faq-question-1663029159933\" class=\"rank-math-list-item\">\n<h3 class=\"rank-math-question \">Wann schneidet man eine CBD Swiss Chocolate im Freien?<\/h3>\n<div class=\"rank-math-answer \">\n\n<p>Es handelt sich um eine schnell bl\u00fchende Sorte, die in der ersten Oktoberh\u00e4lfte geerntet wird.<\/p>\n\n<\/div>\n<\/div>\n<div id=\"faq-question-1663029165861\" class=\"rank-math-list-item\">\n<h3 class=\"rank-math-question \">Wie baut man eine CBD Swiss Chocolate Feminised an?<\/h3>\n<div class=\"rank-math-answer \">\n\n<p>Die Pflanze ist sehr einfach im Innen- und Au\u00dfenbereich anzubauen. Obwohl sie ein sehr sonniges Klima bevorzugt, passt sie sich an jedes Gebiet an.<\/p>\n\n<\/div>\n<\/div>\n<div id=\"faq-question-1666780029954\" class=\"rank-math-list-item\">\n<h3 class=\"rank-math-question \">Welche Wirkung hat CBD Swiss Chocolate in grosser Menge?<\/h3>\n<div class=\"rank-math-answer \">\n\n<p>Die Auswirkungen sind auf k\u00f6rperlicher Ebene entspannend und auf mentaler Ebene praktisch nicht vorhanden. Sie h\u00e4lt den Geist klar und behindert keine Aktivit\u00e4t.<\/p>\n\n<\/div>\n<\/div>\n<\/div>\n<\/div>","protected":false},"excerpt":{"rendered":"<p>CBD Swiss Chocolate ist die perfekte Sorte f\u00fcr alle, die die Vorteile von Cannabidiol mit einem gro\u00dfartigen Geschmack suchen, aber ohne die typischen psychoaktiven Wirkungen von Marihuana. Es ist eine sehr einfach zu z\u00fcchtende, gro\u00dfe und produktive Sorte mit praktisch keinem THC. Sein Geschmack erinnert an Schweizer Schokolade, sehr raffiniert und f\u00fcllend am Gaumen.<\/p>\n","protected":false},"featured_media":16174,"comment_status":"open","ping_status":"closed","template":"","meta":{"_acf_changed":false,"inline_featured_image":false,"_uag_custom_page_level_css":""},"product_brand":[],"product_cat":[1097],"product_tag":[],"class_list":{"0":"post-16210","1":"product","2":"type-product","3":"status-publish","4":"has-post-thumbnail","6":"product_cat-feminisierte-cannabis-samen","8":"first","9":"instock","10":"taxable","11":"shipping-taxable","12":"purchasable","13":"product-type-simple"},"acf":[],"uagb_featured_image_src":{"full":["https:\/\/bulkgenetics.com\/wp-content\/uploads\/2023\/03\/swiss_chocolate_cbd_fem__1_.jpg",1600,1600,false],"thumbnail":["https:\/\/bulkgenetics.com\/wp-content\/uploads\/2023\/03\/swiss_chocolate_cbd_fem__1_-150x150.jpg",150,150,true],"medium":["https:\/\/bulkgenetics.com\/wp-content\/uploads\/2023\/03\/swiss_chocolate_cbd_fem__1_-300x300.jpg",300,300,true],"medium_large":["https:\/\/bulkgenetics.com\/wp-content\/uploads\/2023\/03\/swiss_chocolate_cbd_fem__1_-768x768.jpg",768,768,true],"large":["https:\/\/bulkgenetics.com\/wp-content\/uploads\/2023\/03\/swiss_chocolate_cbd_fem__1_-1024x1024.jpg",1024,1024,true],"1536x1536":["https:\/\/bulkgenetics.com\/wp-content\/uploads\/2023\/03\/swiss_chocolate_cbd_fem__1_-1536x1536.jpg",1536,1536,true],"2048x2048":["https:\/\/bulkgenetics.com\/wp-content\/uploads\/2023\/03\/swiss_chocolate_cbd_fem__1_.jpg",1600,1600,false],"commercegurus-pdp-large":["https:\/\/bulkgenetics.com\/wp-content\/uploads\/2023\/03\/swiss_chocolate_cbd_fem__1_-990x990.jpg",990,990,true],"commercegurus-plp-mobile":["https:\/\/bulkgenetics.com\/wp-content\/uploads\/2023\/03\/swiss_chocolate_cbd_fem__1_-441x441.jpg",441,441,true],"cgkit_image_swatch":["https:\/\/bulkgenetics.com\/wp-content\/uploads\/2023\/03\/swiss_chocolate_cbd_fem__1_-100x100.jpg",100,100,true],"woocommerce_thumbnail":["https:\/\/bulkgenetics.com\/wp-content\/uploads\/2023\/03\/swiss_chocolate_cbd_fem__1_-300x300.jpg",300,300,true],"woocommerce_single":["https:\/\/bulkgenetics.com\/wp-content\/uploads\/2023\/03\/swiss_chocolate_cbd_fem__1_-800x800.jpg",800,800,true],"woocommerce_gallery_thumbnail":["https:\/\/bulkgenetics.com\/wp-content\/uploads\/2023\/03\/swiss_chocolate_cbd_fem__1_-150x150.jpg",150,150,true],"dgwt-wcas-product-suggestion":["https:\/\/bulkgenetics.com\/wp-content\/uploads\/2023\/03\/swiss_chocolate_cbd_fem__1_-64x64.jpg",64,64,true]},"uagb_author_info":{"display_name":"\u00c1ngel Flores","author_link":"https:\/\/bulkgenetics.com\/de\/author\/"},"uagb_comment_info":0,"uagb_excerpt":"CBD Swiss Chocolate ist die perfekte Sorte f\u00fcr alle, die die Vorteile von Cannabidiol mit einem gro\u00dfartigen Geschmack suchen, aber ohne die typischen psychoaktiven Wirkungen von Marihuana. Es ist eine sehr einfach zu z\u00fcchtende, gro\u00dfe und produktive Sorte mit praktisch keinem THC. Sein Geschmack erinnert an Schweizer Schokolade, sehr raffiniert und f\u00fcllend am Gaumen.","_links":{"self":[{"href":"https:\/\/bulkgenetics.com\/de\/wp-json\/wp\/v2\/product\/16210","targetHints":{"allow":["GET"]}}],"collection":[{"href":"https:\/\/bulkgenetics.com\/de\/wp-json\/wp\/v2\/product"}],"about":[{"href":"https:\/\/bulkgenetics.com\/de\/wp-json\/wp\/v2\/types\/product"}],"replies":[{"embeddable":true,"href":"https:\/\/bulkgenetics.com\/de\/wp-json\/wp\/v2\/comments?post=16210"}],"wp:featuredmedia":[{"embeddable":true,"href":"https:\/\/bulkgenetics.com\/de\/wp-json\/wp\/v2\/media\/16174"}],"wp:attachment":[{"href":"https:\/\/bulkgenetics.com\/de\/wp-json\/wp\/v2\/media?parent=16210"}],"wp:term":[{"taxonomy":"product_brand","embeddable":true,"href":"https:\/\/bulkgenetics.com\/de\/wp-json\/wp\/v2\/product_brand?post=16210"},{"taxonomy":"product_cat","embeddable":true,"href":"https:\/\/bulkgenetics.com\/de\/wp-json\/wp\/v2\/product_cat?post=16210"},{"taxonomy":"product_tag","embeddable":true,"href":"https:\/\/bulkgenetics.com\/de\/wp-json\/wp\/v2\/product_tag?post=16210"}],"curies":[{"name":"wp","href":"https:\/\/api.w.org\/{rel}","templated":true}]}}