{"id":16657,"date":"2023-04-11T13:20:57","date_gmt":"2023-04-11T11:20:57","guid":{"rendered":"https:\/\/bulkgenetics.com\/?post_type=product&#038;p=16657"},"modified":"2024-10-08T01:08:54","modified_gmt":"2024-10-07T23:08:54","slug":"wedding-cake-auto","status":"publish","type":"product","link":"https:\/\/bulkgenetics.com\/de\/wedding-cake-auto\/","title":{"rendered":"Wedding Cake Auto"},"content":{"rendered":"\n<p><strong>Wedding Cake Auto<\/strong> ist unsere schnellste Version einer der angesagtesten amerikanischen Marihuana-Sorten der letzten Jahre, die auf Websites wie Leafly so gute Bewertungen erhalten hat und sogar von Banken wie Barney&#8217;s Farm adaptiert wurde.<\/p>\n\n\n\n<p>Sie erbt alle bemerkenswerten Eigenschaften ihrer Mutter <a href=\"https:\/\/bulkgenetics.com\/de\/wedding-cake\/\"><strong>Wedding Cake<\/strong><\/a>, aber in einer sehr diskreten Pflanze, die man in nur 80 Tagen ernten kann.<\/p>\n\n\n\n<h2 class=\"wp-block-heading\">Wie man Hochzeitstorte Auto anbaut<\/h2>\n\n\n\n<p>Wir empfehlen, vom ersten Tag an mindestens einen 20-Liter-Topf zu verwenden. Bei dieser Sorte, die eine so kurze Wachstumsphase hat, erreichen die Pflanzen, wenn sie wegen des Umpflanzens ihr Wachstum unterbrechen, nicht ihre volle Gr\u00f6\u00dfe.<\/p>\n\n\n\n<p>Auf diese Weise haben die Wurzeln gen\u00fcgend Platz, um sich ungehindert zu entwickeln, und die Pflanzen werden gr\u00f6\u00dfer und produktiver.<\/p>\n\n\n\n<p>Im Freien und unter guten Bedingungen wird sie eine H\u00f6he <strong>von 100-110 cm erreichen<\/strong>, mit einer typischen pyramidenf\u00f6rmigen Indica-Struktur.<\/p>\n\n\n\n<p>Ab dem Zeitpunkt, an dem die Samen keimen, dauert es <strong>insgesamt 80 Tage<\/strong>, um die spektakul\u00e4rsten Knospen zu ernten, die man sich vorstellen kann. Obwohl sie nicht die schnellste Autoflowering ist, ist es m\u00f6glich, zwei Ernten pro Saison im Freien zu erzielen.<\/p>\n\n\n\n<p>In Innenr\u00e4umen ist zu beachten, dass w\u00e4hrend der Bl\u00fctezeit die Ger\u00fcche sehr intensiv sind und ein guter Kohlefilter verwendet werden muss.<\/p>\n\n\n\n<h2 class=\"wp-block-heading\">Eigenschaften von Hochzeitstorte Auto<\/h2>\n\n\n\n<p>Wenn Sie ein Fan von Extrakten sind, werden Sie die Knospen dieser Massen-Cannabis-Sorte genie\u00dfen. Sie sind nicht nur gro\u00df, sondern \u00fcberraschen auch durch ihre H\u00e4rte und die dicke Harzschicht, die sie bedeckt.<\/p>\n\n\n\n<p>Das <strong>Aroma und der Geschmack<\/strong> erinnern, wie der Name schon vermuten l\u00e4sst, an eine Hochzeitstorte mit sehr s\u00fc\u00dfen und cremigen Vanillenoten.<\/p>\n\n\n\n<p>Mit <strong>22% THC<\/strong>, machen Sie sich bereit f\u00fcr eine Achterbahnfahrt von entspannenden und doch berauschenden Empfindungen. Viele Raucher sind sich einig, dass Rauchen die Beziehungen verbessert.<\/p>\n\n\n\n<p>Die Renditen sind hoch. Im Freien k\u00f6nnen Sie mit bis zu <strong>150 Gramm<\/strong> bei den gr\u00f6\u00dften Pflanzen rechnen. In Innenr\u00e4umen k\u00f6nnen mit einer 300-350-W-LED-Lampe bis zu <strong>550 Gramm pro m\u00b2<\/strong> geerntet werden.<\/p>\n\n\n\n<div style=\"height:50px\" aria-hidden=\"true\" class=\"wp-block-spacer uag-hide-mob\"><\/div>\n\n\n\n<div class=\"wp-block-columns is-layout-flex wp-container-core-columns-is-layout-28f84493 wp-block-columns-is-layout-flex\">\n<div class=\"wp-block-column is-layout-flow wp-block-column-is-layout-flow\">\n<p class=\"has-text-align-center has-medium-font-size\"><strong>Was wir am meisten m\u00f6gen<\/strong><\/p>\n\n\n\n<ul class=\"wp-block-list\">\n<li>Sehr einfach zu z\u00fcchten.<\/li>\n\n\n\n<li>Hohe Produktion.<\/li>\n\n\n\n<li>Sie wird in 80 Tagen geerntet.<\/li>\n\n\n\n<li>Sehr starke Effekte.<\/li>\n\n\n\n<li>Sein Preis.<\/li>\n<\/ul>\n<\/div>\n\n\n\n<div class=\"wp-block-column is-layout-flow wp-block-column-is-layout-flow\">\n<p class=\"has-text-align-center has-medium-font-size\"><strong>Was wir am wenigsten m\u00f6gen<\/strong><\/p>\n\n\n\n<ul class=\"wp-block-list\">\n<li>In der Bl\u00fctezeit duftet sie sehr gut.<\/li>\n<\/ul>\n<\/div>\n<\/div>\n\n\n\n<div style=\"height:50px\" aria-hidden=\"true\" class=\"wp-block-spacer uag-hide-mob\"><\/div>\n\n\n\n<h2 class=\"wp-block-heading\">H\u00e4ufig gestellte Fragen<\/h2>\n\n\n\n<p>Im Folgenden finden Sie die Antworten auf die am h\u00e4ufigsten gestellten Fragen von Z\u00fcchtern, die sich f\u00fcr diese Sorte interessieren:<\/p>\n\n\n<div id=\"rank-math-faq\" class=\"rank-math-block\">\n<div class=\"rank-math-list \">\n<div id=\"faq-question-1663029074962\" class=\"rank-math-list-item\">\n<h3 class=\"rank-math-question \">Wann beginnt die Bl\u00fctezeit von Wedding Cake Auto?<\/h3>\n<div class=\"rank-math-answer \">\n\n<p>Die Wachstumsperiode ist sehr kurz und die Pflanzen beginnen in etwa 25 Tagen nach der Keimung zu bl\u00fchen.<\/p>\n\n<\/div>\n<\/div>\n<div id=\"faq-question-1663029159933\" class=\"rank-math-list-item\">\n<h3 class=\"rank-math-question \">Wie lange dauert es, Wedding Cake Auto nach der Keimung zu ernten?<\/h3>\n<div class=\"rank-math-answer \">\n\n<p>Insgesamt ist diese Sorte innerhalb von 80 Tagen nach der Keimung des Saatguts erntereif.<\/p>\n\n<\/div>\n<\/div>\n<div id=\"faq-question-1663029165861\" class=\"rank-math-list-item\">\n<h3 class=\"rank-math-question \">Wie z\u00fcchtet man eine feminisierte Wedding Cake Auto?<\/h3>\n<div class=\"rank-math-answer \">\n\n<p>Verwenden Sie einen Topf von mindestens 20 Litern, damit die Pflanzen vor Beginn der Bl\u00fctezeit die gr\u00f6\u00dftm\u00f6gliche H\u00f6he erreichen.<\/p>\n\n<\/div>\n<\/div>\n<div id=\"faq-question-1666780029954\" class=\"rank-math-list-item\">\n<h3 class=\"rank-math-question \">Was sind die Auswirkungen von Wedding Cake Auto in bulk?<\/h3>\n<div class=\"rank-math-answer \">\n\n<p>Die Wirkung ist aufgrund des THC-Gehalts von 22% sehr stark. Es bewirkt eine starke geistige Entspannung und intensive geistige Erregung. Ideal f\u00fcr die Verbesserung von Beziehungen.<\/p>\n\n<\/div>\n<\/div>\n<\/div>\n<\/div>","protected":false},"excerpt":{"rendered":"<p>Wedding Cake Auto sind autoflowering Samen und die schnellste Version der legend\u00e4ren American Wedding Cake. Es ist eine einfache und schnelle Variante. Ihre Gr\u00f6\u00dfe ist diskret und in nur 80 Tagen nach der Keimung wird sie die beeindruckendsten Knospen hervorbringen, die man sich vorstellen kann. Sein s\u00fc\u00dflich-cremiger Geschmack und seine Megapotenz zeichnen ihn aus.<\/p>\n","protected":false},"featured_media":31497,"comment_status":"open","ping_status":"closed","template":"","meta":{"_acf_changed":false,"inline_featured_image":false,"_uag_custom_page_level_css":""},"product_brand":[],"product_cat":[2114],"product_tag":[],"class_list":{"0":"post-16657","1":"product","2":"type-product","3":"status-publish","4":"has-post-thumbnail","6":"product_cat-autoflowering-cannabis-samen","8":"first","9":"instock","10":"taxable","11":"shipping-taxable","12":"purchasable","13":"product-type-simple"},"acf":[],"uagb_featured_image_src":{"full":["https:\/\/bulkgenetics.com\/wp-content\/uploads\/2023\/04\/wedding-cake-auto-autoflowering-cannabis-seeds.jpg",1600,1600,false],"thumbnail":["https:\/\/bulkgenetics.com\/wp-content\/uploads\/2023\/04\/wedding-cake-auto-autoflowering-cannabis-seeds-150x150.jpg",150,150,true],"medium":["https:\/\/bulkgenetics.com\/wp-content\/uploads\/2023\/04\/wedding-cake-auto-autoflowering-cannabis-seeds-300x300.jpg",300,300,true],"medium_large":["https:\/\/bulkgenetics.com\/wp-content\/uploads\/2023\/04\/wedding-cake-auto-autoflowering-cannabis-seeds-768x768.jpg",768,768,true],"large":["https:\/\/bulkgenetics.com\/wp-content\/uploads\/2023\/04\/wedding-cake-auto-autoflowering-cannabis-seeds-1024x1024.jpg",1024,1024,true],"1536x1536":["https:\/\/bulkgenetics.com\/wp-content\/uploads\/2023\/04\/wedding-cake-auto-autoflowering-cannabis-seeds-1536x1536.jpg",1536,1536,true],"2048x2048":["https:\/\/bulkgenetics.com\/wp-content\/uploads\/2023\/04\/wedding-cake-auto-autoflowering-cannabis-seeds.jpg",1600,1600,false],"commercegurus-pdp-large":["https:\/\/bulkgenetics.com\/wp-content\/uploads\/2023\/04\/wedding-cake-auto-autoflowering-cannabis-seeds-990x990.jpg",990,990,true],"commercegurus-plp-mobile":["https:\/\/bulkgenetics.com\/wp-content\/uploads\/2023\/04\/wedding-cake-auto-autoflowering-cannabis-seeds-441x441.jpg",441,441,true],"cgkit_image_swatch":["https:\/\/bulkgenetics.com\/wp-content\/uploads\/2023\/04\/wedding-cake-auto-autoflowering-cannabis-seeds-100x100.jpg",100,100,true],"woocommerce_thumbnail":["https:\/\/bulkgenetics.com\/wp-content\/uploads\/2023\/04\/wedding-cake-auto-autoflowering-cannabis-seeds-300x300.jpg",300,300,true],"woocommerce_single":["https:\/\/bulkgenetics.com\/wp-content\/uploads\/2023\/04\/wedding-cake-auto-autoflowering-cannabis-seeds-800x800.jpg",800,800,true],"woocommerce_gallery_thumbnail":["https:\/\/bulkgenetics.com\/wp-content\/uploads\/2023\/04\/wedding-cake-auto-autoflowering-cannabis-seeds-150x150.jpg",150,150,true],"dgwt-wcas-product-suggestion":["https:\/\/bulkgenetics.com\/wp-content\/uploads\/2023\/04\/wedding-cake-auto-autoflowering-cannabis-seeds-64x64.jpg",64,64,true]},"uagb_author_info":{"display_name":"\u00c1ngel Flores","author_link":"https:\/\/bulkgenetics.com\/de\/author\/"},"uagb_comment_info":0,"uagb_excerpt":"Wedding Cake Auto sind autoflowering Samen und die schnellste Version der legend\u00e4ren American Wedding Cake. Es ist eine einfache und schnelle Variante. Ihre Gr\u00f6\u00dfe ist diskret und in nur 80 Tagen nach der Keimung wird sie die beeindruckendsten Knospen hervorbringen, die man sich vorstellen kann. Sein s\u00fc\u00dflich-cremiger Geschmack und seine Megapotenz zeichnen ihn aus.","_links":{"self":[{"href":"https:\/\/bulkgenetics.com\/de\/wp-json\/wp\/v2\/product\/16657","targetHints":{"allow":["GET"]}}],"collection":[{"href":"https:\/\/bulkgenetics.com\/de\/wp-json\/wp\/v2\/product"}],"about":[{"href":"https:\/\/bulkgenetics.com\/de\/wp-json\/wp\/v2\/types\/product"}],"replies":[{"embeddable":true,"href":"https:\/\/bulkgenetics.com\/de\/wp-json\/wp\/v2\/comments?post=16657"}],"wp:featuredmedia":[{"embeddable":true,"href":"https:\/\/bulkgenetics.com\/de\/wp-json\/wp\/v2\/media\/31497"}],"wp:attachment":[{"href":"https:\/\/bulkgenetics.com\/de\/wp-json\/wp\/v2\/media?parent=16657"}],"wp:term":[{"taxonomy":"product_brand","embeddable":true,"href":"https:\/\/bulkgenetics.com\/de\/wp-json\/wp\/v2\/product_brand?post=16657"},{"taxonomy":"product_cat","embeddable":true,"href":"https:\/\/bulkgenetics.com\/de\/wp-json\/wp\/v2\/product_cat?post=16657"},{"taxonomy":"product_tag","embeddable":true,"href":"https:\/\/bulkgenetics.com\/de\/wp-json\/wp\/v2\/product_tag?post=16657"}],"curies":[{"name":"wp","href":"https:\/\/api.w.org\/{rel}","templated":true}]}}