{"id":17021,"date":"2023-04-25T10:52:18","date_gmt":"2023-04-25T08:52:18","guid":{"rendered":"https:\/\/bulkgenetics.com\/?post_type=product&#038;p=17021"},"modified":"2025-12-29T10:16:25","modified_gmt":"2025-12-29T09:16:25","slug":"do-si-dos-auto","status":"publish","type":"product","link":"https:\/\/bulkgenetics.com\/de\/do-si-dos-auto\/","title":{"rendered":"Do Si Dos Auto"},"content":{"rendered":"\n<p>Wir stellen Ihnen <strong>Do Si Dos Auto<\/strong> vor, unsere neue autoflowering Sorte, die wir auf vielfachen Wunsch in unseren Katalog aufgenommen haben. In den letzten Jahren haben uns viele Kunden ermutigt, die schnellste Version dieses amerikanischen Klassikers zu bauen.<\/p>\n\n\n\n<p>F\u00fcr ihre Entwicklung haben wir \u00fcber 4 Generationen eine Ruderalis mit dem Eliteklon <a href=\"https:\/\/bulkgenetics.com\/de\/do-si-dos\/\"><strong>Do Si Dos<\/strong><\/a> kombiniert, der ein <strong><a href=\"https:\/\/bulkgenetics.com\/de\/girl-scout-cookies\/\">Girl Scout Cookies<\/a><\/strong> x <strong>Face-Off OG Kush<\/strong>-Hybrid ist. Banken wie Barney&#8217;s Farm, Kannabia, Greenhouse und andere bieten ihre eigenen Versionen an. Aber der Unterschied ist, dass unser Do Si Dos Auto in gro\u00dfen Mengen viel billiger ist.<\/p>\n\n\n\n<h2 class=\"wp-block-heading\">Wie man Do Si Dos Auto anbaut<\/h2>\n\n\n\n<p>Wie jede andere autoflowering Sorte, ist es gut, wenn sie von Anfang an in einem gro\u00dfen Topf von <strong>mindestens 20 Litern angebaut wird<\/strong>. Auf diese Weise w\u00e4chst sie ohne den manchmal nach der Verpflanzung auftretenden Wachstumsstillstand und kann die maximal m\u00f6gliche H\u00f6he erreichen.<\/p>\n\n\n\n<p>Ihre Gr\u00f6\u00dfe ist unauff\u00e4llig, da sie in der Regel nicht h\u00f6her als <strong>110 cm ist<\/strong>. Sie hat eine typische Indica-Struktur mit dicken Zweigen, die sich an den oberen Knoten verk\u00fcrzen und eine dichte zentrale Cola bilden. Im Innenbereich empfehlen wir eine Dichte von 9 Pflanzen pro m\u00b2 Anbaufl\u00e4che.<\/p>\n\n\n\n<p>Von der Keimung des Saatguts bis zur Ernte vergehen <strong>insgesamt 9 Wochen<\/strong>, bei einigen Ph\u00e4notypen sogar bis zu 10 Wochen. In diesem Stadium ist der Geruch sehr intensiv und wir raten Ihnen, einen guten Kohlefilter oder Ozonator zu verwenden, um Probleme mit den Nachbarn zu vermeiden.<\/p>\n\n\n\n<h2 class=\"wp-block-heading\">Merkmale von Do Si Dos Auto<\/h2>\n\n\n\n<p>Die Z\u00fcchter sind erstaunt, wie schnell die Knospen fett werden und sich mit einer klebrigen Harzschicht \u00fcberziehen. Sie ist eine sehr geeignete Sorte f\u00fcr die Herstellung aller Arten von Extrakten, da sie sehr ergiebig ist.<\/p>\n\n\n\n<p>Das Aroma und der Geschmack entsprechen dem ihrer Mutter, mit k\u00f6stlichen Noten von frisch gebackenem <strong>Zitronenkuchen<\/strong> und einem Hauch von Trauben, Haschisch und einem Diesel-Unterton, den sie von ihren OG Kush-Genen geerbt hat.<\/p>\n\n\n\n<p><strong>Die Wirkung ist sehr stark<\/strong>, selbst f\u00fcr die meisten THC-Toleranten. Der Beginn ist sehr ausgewogen zwischen k\u00f6rperlichen und zerebralen Empfindungen. Aber danach werden K\u00f6rper und Geist von einer intensiven Entspannung erfasst.<\/p>\n\n\n\n<p>Auch die Produktion wird Sie nicht entt\u00e4uschen. Im Freien k\u00f6nnen gr\u00f6\u00dfere Pflanzen bis zu <strong>150 Gramm<\/strong> erreichen. In Innenr\u00e4umen und mit einer 300-350-W-LED-Leuchte kann jeder einen Ertrag von bis zu <strong>500 Gramm pro m\u00b2<\/strong> erzielen.<\/p>\n\n\n\n<div style=\"height:50px\" aria-hidden=\"true\" class=\"wp-block-spacer uag-hide-mob\"><\/div>\n\n\n\n<div class=\"wp-block-columns is-layout-flex wp-container-core-columns-is-layout-28f84493 wp-block-columns-is-layout-flex\">\n<div class=\"wp-block-column is-layout-flow wp-block-column-is-layout-flow\">\n<p class=\"has-text-align-center has-medium-font-size\"><strong>Was wir am meisten m\u00f6gen<\/strong><\/p>\n\n\n\n<ul class=\"wp-block-list\">\n<li>Sehr einfach zu z\u00fcchten.<\/li>\n\n\n\n<li>Hohe Produktion.<\/li>\n\n\n\n<li>Ernte in nur 9 Wochen.<\/li>\n\n\n\n<li>Geschmack: Zitronenkuchen<\/li>\n\n\n\n<li>Sein Preis.<\/li>\n<\/ul>\n<\/div>\n\n\n\n<div class=\"wp-block-column is-layout-flow wp-block-column-is-layout-flow\">\n<p class=\"has-text-align-center has-medium-font-size\"><strong>Was wir am wenigsten m\u00f6gen<\/strong><\/p>\n\n\n\n<ul class=\"wp-block-list\">\n<li>In der Bl\u00fctezeit duftet sie sehr gut.<\/li>\n<\/ul>\n<\/div>\n<\/div>\n\n\n\n<div style=\"height:50px\" aria-hidden=\"true\" class=\"wp-block-spacer uag-hide-mob\"><\/div>\n\n\n\n<h2 class=\"wp-block-heading\">H\u00e4ufig gestellte Fragen<\/h2>\n\n\n\n<p>Im Folgenden findest du die Antworten auf die am h\u00e4ufigsten gestellten Fragen von Z\u00fcchtern, die sich f\u00fcr diese Genetik interessieren:<\/p>\n\n\n<div id=\"rank-math-faq\" class=\"rank-math-block\">\n<div class=\"rank-math-list \">\n<div id=\"faq-question-1663029074962\" class=\"rank-math-list-item\">\n<h3 class=\"rank-math-question \">Wann beginnt die Do Si Dos Auto zu bl\u00fchen?<\/h3>\n<div class=\"rank-math-answer \">\n\n<p>Die Wachstumsphase ist sehr kurz und nach etwa 3-4 Wochen nach der Keimung beginnen die Pflanzen zu bl\u00fchen.<\/p>\n\n<\/div>\n<\/div>\n<div id=\"faq-question-1663029159933\" class=\"rank-math-list-item\">\n<h3 class=\"rank-math-question \">Wie lange dauert es, eine Do Si Dos Auto nach der Keimung zu ernten?<\/h3>\n<div class=\"rank-math-answer \">\n\n<p>Die Erntezeit betr\u00e4gt insgesamt 9 Wochen ab der Keimung der Samen. Es ist eine sehr, sehr schnelle Sorte.<\/p>\n\n<\/div>\n<\/div>\n<div id=\"faq-question-1663029165861\" class=\"rank-math-list-item\">\n<h3 class=\"rank-math-question \">Wie z\u00fcchtet man eine feminisierte Do Si Dos Auto?<\/h3>\n<div class=\"rank-math-answer \">\n\n<p>Die G\u00e4rtner entscheiden sich oft von Anfang an f\u00fcr einen gro\u00dfen Topf, anstatt zu verpflanzen. Dadurch werden die Pflanzen gr\u00f6\u00dfer und ertragreicher.<\/p>\n\n<\/div>\n<\/div>\n<div id=\"faq-question-1666780029954\" class=\"rank-math-list-item\">\n<h3 class=\"rank-math-question \">Was sind die Auswirkungen von Do Si Dos Auto in gro\u00dfen Mengen?<\/h3>\n<div class=\"rank-math-answer \">\n\n<p>Die Auswirkungen sind sehr stark. Sie beginnt sehr ausgewogen und taucht dann in die tiefste geistige und k\u00f6rperliche Entspannung ein.<\/p>\n\n<\/div>\n<\/div>\n<\/div>\n<\/div>","protected":false},"excerpt":{"rendered":"<p>Do Si Dos Auto ist die schnellste Version des gro\u00dfen amerikanischen Klassikers. Sie ist eine diskrete autoflowering, einfach zu wachsen und sehr produktiv. Ihre Knospen sind gro\u00df, kompakt und besonders harzig, mit einem Aroma und Geschmack, der an eine s\u00fc\u00dfe Zitronentarte erinnert. Und Sie werden von seiner Wirkung \u00fcberrascht sein, die Ihnen gro\u00dfe Entspannung und Freude bereiten wird.<\/p>\n","protected":false},"featured_media":16979,"comment_status":"open","ping_status":"closed","template":"","meta":{"_acf_changed":false,"inline_featured_image":false,"_uag_custom_page_level_css":""},"product_brand":[],"product_cat":[2114],"product_tag":[],"class_list":{"0":"post-17021","1":"product","2":"type-product","3":"status-publish","4":"has-post-thumbnail","6":"product_cat-autoflowering-cannabis-samen","8":"first","9":"instock","10":"taxable","11":"shipping-taxable","12":"purchasable","13":"product-type-simple"},"acf":[],"uagb_featured_image_src":{"full":["https:\/\/bulkgenetics.com\/wp-content\/uploads\/2023\/04\/Do-Si-Dos-Auto.jpg",1600,1600,false],"thumbnail":["https:\/\/bulkgenetics.com\/wp-content\/uploads\/2023\/04\/Do-Si-Dos-Auto-150x150.jpg",150,150,true],"medium":["https:\/\/bulkgenetics.com\/wp-content\/uploads\/2023\/04\/Do-Si-Dos-Auto-300x300.jpg",300,300,true],"medium_large":["https:\/\/bulkgenetics.com\/wp-content\/uploads\/2023\/04\/Do-Si-Dos-Auto-768x768.jpg",768,768,true],"large":["https:\/\/bulkgenetics.com\/wp-content\/uploads\/2023\/04\/Do-Si-Dos-Auto-1024x1024.jpg",1024,1024,true],"1536x1536":["https:\/\/bulkgenetics.com\/wp-content\/uploads\/2023\/04\/Do-Si-Dos-Auto-1536x1536.jpg",1536,1536,true],"2048x2048":["https:\/\/bulkgenetics.com\/wp-content\/uploads\/2023\/04\/Do-Si-Dos-Auto.jpg",1600,1600,false],"commercegurus-pdp-large":["https:\/\/bulkgenetics.com\/wp-content\/uploads\/2023\/04\/Do-Si-Dos-Auto-990x990.jpg",990,990,true],"commercegurus-plp-mobile":["https:\/\/bulkgenetics.com\/wp-content\/uploads\/2023\/04\/Do-Si-Dos-Auto-441x441.jpg",441,441,true],"cgkit_image_swatch":["https:\/\/bulkgenetics.com\/wp-content\/uploads\/2023\/04\/Do-Si-Dos-Auto-100x100.jpg",100,100,true],"woocommerce_thumbnail":["https:\/\/bulkgenetics.com\/wp-content\/uploads\/2023\/04\/Do-Si-Dos-Auto-300x300.jpg",300,300,true],"woocommerce_single":["https:\/\/bulkgenetics.com\/wp-content\/uploads\/2023\/04\/Do-Si-Dos-Auto-800x800.jpg",800,800,true],"woocommerce_gallery_thumbnail":["https:\/\/bulkgenetics.com\/wp-content\/uploads\/2023\/04\/Do-Si-Dos-Auto-150x150.jpg",150,150,true],"dgwt-wcas-product-suggestion":["https:\/\/bulkgenetics.com\/wp-content\/uploads\/2023\/04\/Do-Si-Dos-Auto-64x64.jpg",64,64,true]},"uagb_author_info":{"display_name":"\u00c1ngel Flores","author_link":"https:\/\/bulkgenetics.com\/de\/author\/"},"uagb_comment_info":1,"uagb_excerpt":"Do Si Dos Auto ist die schnellste Version des gro\u00dfen amerikanischen Klassikers. Sie ist eine diskrete autoflowering, einfach zu wachsen und sehr produktiv. Ihre Knospen sind gro\u00df, kompakt und besonders harzig, mit einem Aroma und Geschmack, der an eine s\u00fc\u00dfe Zitronentarte erinnert. Und Sie werden von seiner Wirkung \u00fcberrascht sein, die Ihnen gro\u00dfe Entspannung und&hellip;","_links":{"self":[{"href":"https:\/\/bulkgenetics.com\/de\/wp-json\/wp\/v2\/product\/17021","targetHints":{"allow":["GET"]}}],"collection":[{"href":"https:\/\/bulkgenetics.com\/de\/wp-json\/wp\/v2\/product"}],"about":[{"href":"https:\/\/bulkgenetics.com\/de\/wp-json\/wp\/v2\/types\/product"}],"replies":[{"embeddable":true,"href":"https:\/\/bulkgenetics.com\/de\/wp-json\/wp\/v2\/comments?post=17021"}],"wp:featuredmedia":[{"embeddable":true,"href":"https:\/\/bulkgenetics.com\/de\/wp-json\/wp\/v2\/media\/16979"}],"wp:attachment":[{"href":"https:\/\/bulkgenetics.com\/de\/wp-json\/wp\/v2\/media?parent=17021"}],"wp:term":[{"taxonomy":"product_brand","embeddable":true,"href":"https:\/\/bulkgenetics.com\/de\/wp-json\/wp\/v2\/product_brand?post=17021"},{"taxonomy":"product_cat","embeddable":true,"href":"https:\/\/bulkgenetics.com\/de\/wp-json\/wp\/v2\/product_cat?post=17021"},{"taxonomy":"product_tag","embeddable":true,"href":"https:\/\/bulkgenetics.com\/de\/wp-json\/wp\/v2\/product_tag?post=17021"}],"curies":[{"name":"wp","href":"https:\/\/api.w.org\/{rel}","templated":true}]}}