{"id":17515,"date":"2023-05-09T08:57:58","date_gmt":"2023-05-09T06:57:58","guid":{"rendered":"https:\/\/bulkgenetics.com\/?post_type=product&#038;p=17515"},"modified":"2024-10-08T01:08:53","modified_gmt":"2024-10-07T23:08:53","slug":"zkittlez-lemon-haze-auto","status":"publish","type":"product","link":"https:\/\/bulkgenetics.com\/de\/zkittlez-lemon-haze-auto\/","title":{"rendered":"Zkittlez Lemon Haze Auto"},"content":{"rendered":"\n<p>Zkittlez Lemon Haze Auto ist eine autoflowering Cannabissorte, die zwei der repr\u00e4sentativsten Genetiken aus Europa und den Vereinigten Staaten vereint. Auf der einen Seite haben wir die <a href=\"https:\/\/bulkgenetics.com\/de\/super-lemon-haze\/\"><strong>Super Lemon Haze<\/strong><\/a> in ihrer Auto-Version, eine stark <strong>Sativa-dominante<\/strong> Kreuzung zwischen Super Silver Haze und Lemon Skunk. Andererseits die <strong><a href=\"https:\/\/bulkgenetics.com\/de\/zkittlez\/\">Zkittlez<\/a><\/strong>, eine Grape Ape\/Grapefruit-Hybride, die in den letzten Jahren sehr begehrt war.<\/p>\n\n\n\n<h2 class=\"wp-block-heading\">Wie man w\u00e4chst Zkittlez Lemon Haze Auto<\/h2>\n\n\n\n<p>Es handelt sich um eine einfache, schnell wachsende und sehr unauff\u00e4llige Pflanze. Ihre H\u00f6he <strong>\u00fcbersteigt in der Regel nicht 130 cm<\/strong>, ideal f\u00fcr den Anbau auf Balkonen, Terrassen oder kleinen G\u00e4rten, wo sie nicht die Aufmerksamkeit von Schaulustigen auf sich zieht.<\/p>\n\n\n\n<p>Wenn Sie die gr\u00f6\u00dften und ertragreichsten Pflanzen haben wollen, sollten Sie sich von Anfang an f\u00fcr einen gro\u00dfen Topf entscheiden. Auf diese Weise wachsen die Pflanzen ohne den manchmal nach dem Umpflanzen auftretenden Wachstumsstopp und erreichen ihre volle H\u00f6he.<\/p>\n\n\n\n<p>Seine Struktur ist elegant und hat die typische Form eines Weihnachtsbaums. Sie hat einen gro\u00dfen apikalen und sehr produktiven Satellitenzweig, der sich mit schweren Knospen f\u00fcllt.<\/p>\n\n\n\n<p>Ihr Zyklus ist so kurz, dass in den Fr\u00fchlings- und Sommermonaten bis zu 3 Kulturen im Freien angebaut werden k\u00f6nnen. Insgesamt dauert die <strong>Erntezeit etwa 65-70 Tage<\/strong> ab der Keimung der Samen.<\/p>\n\n\n\n<h2 class=\"wp-block-heading\">Merkmale von Zkittlez Lemon Haze Auto<\/h2>\n\n\n\n<p>Wenn Sie ein Fan von Extrakten sind, werden Sie die Knospen genie\u00dfen, die diese Bulk-Samen Ihnen bieten. Sie sind nicht nur gro\u00df, sondern auch extrem hart, mega-klebrig und sehr, sehr leicht zu manik\u00fcren.<\/p>\n\n\n\n<p>Pflanzen, die im Freien in die H\u00f6he wachsen, bieten unglaubliche Ertr\u00e4ge von bis zu <strong>130 Gramm<\/strong> pro Pflanze. Im Innenbereich k\u00f6nnen mit einer 300-350 W LED und einer Dichte von 9 Pflanzen pro m\u00b2 bis zu <strong>500 Gramm<\/strong> geerntet werden.<\/p>\n\n\n\n<p>El <strong>aroma y el sabor<\/strong> son deliciosos. Die Zitronen- und Limettennoten ihrer Mutter Super Lemon Haze mischen sich perfekt mit den Trauben-, Beeren- und Grapefruitnoten der Zkittlez.<\/p>\n\n\n\n<p>Die <strong>Wirkung<\/strong> ist stark und ausgewogen. Nach einem euphorischen Start, den sie von ihren Sativa-Genen geerbt hat, folgt eine intensive, gl\u00fcckliche und lang anhaltende Entspannung. Es ist eine sehr geeignete Genetik, um sie sp\u00e4t am Tag zu genie\u00dfen.<\/p>\n\n\n\n<div style=\"height:50px\" aria-hidden=\"true\" class=\"wp-block-spacer uag-hide-mob\"><\/div>\n\n\n\n<div class=\"wp-block-columns is-layout-flex wp-container-core-columns-is-layout-28f84493 wp-block-columns-is-layout-flex\">\n<div class=\"wp-block-column is-layout-flow wp-block-column-is-layout-flow\">\n<p class=\"has-text-align-center has-medium-font-size\"><strong>Was wir am meisten m\u00f6gen<\/strong><\/p>\n\n\n\n<ul class=\"wp-block-list\">\n<li>Sehr einfach zu z\u00fcchten.<\/li>\n\n\n\n<li>Hohe Produktion.<\/li>\n\n\n\n<li>Die Erntezeit betr\u00e4gt nur 65-70 Tage.<\/li>\n\n\n\n<li>Sehr starke und ausgewogene Effekte.<\/li>\n\n\n\n<li>Sein Preis.<\/li>\n<\/ul>\n<\/div>\n\n\n\n<div class=\"wp-block-column is-layout-flow wp-block-column-is-layout-flow\">\n<p class=\"has-text-align-center has-medium-font-size\"><strong>Was wir am wenigsten m\u00f6gen<\/strong><\/p>\n\n\n\n<ul class=\"wp-block-list\">\n<li>Sie duftet in der Bl\u00fctezeit.<\/li>\n<\/ul>\n<\/div>\n<\/div>\n\n\n\n<div style=\"height:50px\" aria-hidden=\"true\" class=\"wp-block-spacer uag-hide-mob\"><\/div>\n\n\n\n<h2 class=\"wp-block-heading\">H\u00e4ufig gestellte Fragen<\/h2>\n\n\n\n<p>Im Folgenden findest du die Antworten auf die am h\u00e4ufigsten gestellten Fragen von Z\u00fcchtern, die sich f\u00fcr diese Genetik interessieren:<\/p>\n\n\n<div id=\"rank-math-faq\" class=\"rank-math-block\">\n<div class=\"rank-math-list \">\n<div id=\"faq-question-1663029074962\" class=\"rank-math-list-item\">\n<h3 class=\"rank-math-question \">Wann beginnt die Bl\u00fctezeit von Zkittlez Lemon Haze Auto?<\/h3>\n<div class=\"rank-math-answer \">\n\n<p>Das Verhalten der autoflowering Sorten ist immer sehr \u00e4hnlich. Sie wachsen etwa 3-4 Wochen lang und beginnen dann unabh\u00e4ngig von der Anzahl der Tageslichtstunden zu bl\u00fchen.<\/p>\n\n<\/div>\n<\/div>\n<div id=\"faq-question-1663029159933\" class=\"rank-math-list-item\">\n<h3 class=\"rank-math-question \">Wie lange dauert es, eine Zkittlez Lemon Haze Auto nach der Keimung zu ernten?<\/h3>\n<div class=\"rank-math-answer \">\n\n<p>Von der Keimung der Samen bis zur Ernte von Zkittlez Lemon Haze Auto vergehen insgesamt 65-70 Tage. Sie ist so schnell, dass man im Freien bis zu 3 Ernten pro Saison einfahren kann.<\/p>\n\n<\/div>\n<\/div>\n<div id=\"faq-question-1663029165861\" class=\"rank-math-list-item\">\n<h3 class=\"rank-math-question \">Wie z\u00fcchte ich eine feminisierte Zkittlez Lemon Haze Auto?<\/h3>\n<div class=\"rank-math-answer \">\n\n<p>Wir empfehlen, vom ersten Tag an einen gro\u00dfen Topf zu verwenden. Auf diese Weise wachsen die Pflanzen ohne den typischen Stillstand, der nach dem Verpflanzen auftritt, und erreichen die maximal m\u00f6gliche H\u00f6he.<\/p>\n\n<\/div>\n<\/div>\n<div id=\"faq-question-1666780029954\" class=\"rank-math-list-item\">\n<h3 class=\"rank-math-question \">Was sind die Auswirkungen von Zkittlez Lemon Haze Auto in gro\u00dfen Mengen?<\/h3>\n<div class=\"rank-math-answer \">\n\n<p>Die Wirkung ist stark und ausgewogen. Es erzeugt ein starkes euphorisches Gef\u00fchl, das schnell in eine gl\u00fcckselige und extreme Entspannung \u00fcbergeht. Es ist die perfekte Sorte, um sie sp\u00e4t am Tag zu genie\u00dfen.<\/p>\n\n<\/div>\n<\/div>\n<\/div>\n<\/div>","protected":false},"excerpt":{"rendered":"<p>Zkittlez Lemon Haze Auto ist eine Marihuanasorte, die alles hat, wonach Sie suchen. Sie ist schnell, unauff\u00e4llig, sehr pflegeleicht und produktiv. Ihre Knospen sind nicht nur gro\u00df, sondern auch steinhart und sehr klebrig. Ihr k\u00f6stlicher fruchtiger Geschmack wird dich umhauen, w\u00e4hrend ihre extrem starke Wirkung dich auf einen Trip mitnimmt, den du lange nicht vergessen wirst.<\/p>\n","protected":false},"featured_media":30562,"comment_status":"open","ping_status":"closed","template":"","meta":{"_acf_changed":false,"inline_featured_image":false,"_uag_custom_page_level_css":""},"product_brand":[],"product_cat":[2114],"product_tag":[],"class_list":{"0":"post-17515","1":"product","2":"type-product","3":"status-publish","4":"has-post-thumbnail","6":"product_cat-autoflowering-cannabis-samen","8":"first","9":"instock","10":"taxable","11":"shipping-taxable","12":"purchasable","13":"product-type-simple"},"acf":[],"uagb_featured_image_src":{"full":["https:\/\/bulkgenetics.com\/wp-content\/uploads\/2023\/05\/zkittlez-lemon-haze-auto-autoflowering-cannabis-seeds.jpg",1600,1600,false],"thumbnail":["https:\/\/bulkgenetics.com\/wp-content\/uploads\/2023\/05\/zkittlez-lemon-haze-auto-autoflowering-cannabis-seeds-150x150.jpg",150,150,true],"medium":["https:\/\/bulkgenetics.com\/wp-content\/uploads\/2023\/05\/zkittlez-lemon-haze-auto-autoflowering-cannabis-seeds-300x300.jpg",300,300,true],"medium_large":["https:\/\/bulkgenetics.com\/wp-content\/uploads\/2023\/05\/zkittlez-lemon-haze-auto-autoflowering-cannabis-seeds-768x768.jpg",768,768,true],"large":["https:\/\/bulkgenetics.com\/wp-content\/uploads\/2023\/05\/zkittlez-lemon-haze-auto-autoflowering-cannabis-seeds-1024x1024.jpg",1024,1024,true],"1536x1536":["https:\/\/bulkgenetics.com\/wp-content\/uploads\/2023\/05\/zkittlez-lemon-haze-auto-autoflowering-cannabis-seeds-1536x1536.jpg",1536,1536,true],"2048x2048":["https:\/\/bulkgenetics.com\/wp-content\/uploads\/2023\/05\/zkittlez-lemon-haze-auto-autoflowering-cannabis-seeds.jpg",1600,1600,false],"commercegurus-pdp-large":["https:\/\/bulkgenetics.com\/wp-content\/uploads\/2023\/05\/zkittlez-lemon-haze-auto-autoflowering-cannabis-seeds-990x990.jpg",990,990,true],"commercegurus-plp-mobile":["https:\/\/bulkgenetics.com\/wp-content\/uploads\/2023\/05\/zkittlez-lemon-haze-auto-autoflowering-cannabis-seeds-441x441.jpg",441,441,true],"cgkit_image_swatch":["https:\/\/bulkgenetics.com\/wp-content\/uploads\/2023\/05\/zkittlez-lemon-haze-auto-autoflowering-cannabis-seeds-100x100.jpg",100,100,true],"woocommerce_thumbnail":["https:\/\/bulkgenetics.com\/wp-content\/uploads\/2023\/05\/zkittlez-lemon-haze-auto-autoflowering-cannabis-seeds-300x300.jpg",300,300,true],"woocommerce_single":["https:\/\/bulkgenetics.com\/wp-content\/uploads\/2023\/05\/zkittlez-lemon-haze-auto-autoflowering-cannabis-seeds-800x800.jpg",800,800,true],"woocommerce_gallery_thumbnail":["https:\/\/bulkgenetics.com\/wp-content\/uploads\/2023\/05\/zkittlez-lemon-haze-auto-autoflowering-cannabis-seeds-150x150.jpg",150,150,true],"dgwt-wcas-product-suggestion":["https:\/\/bulkgenetics.com\/wp-content\/uploads\/2023\/05\/zkittlez-lemon-haze-auto-autoflowering-cannabis-seeds-64x64.jpg",64,64,true]},"uagb_author_info":{"display_name":"\u00c1ngel Flores","author_link":"https:\/\/bulkgenetics.com\/de\/author\/"},"uagb_comment_info":0,"uagb_excerpt":"Zkittlez Lemon Haze Auto ist eine Marihuanasorte, die alles hat, wonach Sie suchen. Sie ist schnell, unauff\u00e4llig, sehr pflegeleicht und produktiv. Ihre Knospen sind nicht nur gro\u00df, sondern auch steinhart und sehr klebrig. Ihr k\u00f6stlicher fruchtiger Geschmack wird dich umhauen, w\u00e4hrend ihre extrem starke Wirkung dich auf einen Trip mitnimmt, den du lange nicht vergessen&hellip;","_links":{"self":[{"href":"https:\/\/bulkgenetics.com\/de\/wp-json\/wp\/v2\/product\/17515","targetHints":{"allow":["GET"]}}],"collection":[{"href":"https:\/\/bulkgenetics.com\/de\/wp-json\/wp\/v2\/product"}],"about":[{"href":"https:\/\/bulkgenetics.com\/de\/wp-json\/wp\/v2\/types\/product"}],"replies":[{"embeddable":true,"href":"https:\/\/bulkgenetics.com\/de\/wp-json\/wp\/v2\/comments?post=17515"}],"wp:featuredmedia":[{"embeddable":true,"href":"https:\/\/bulkgenetics.com\/de\/wp-json\/wp\/v2\/media\/30562"}],"wp:attachment":[{"href":"https:\/\/bulkgenetics.com\/de\/wp-json\/wp\/v2\/media?parent=17515"}],"wp:term":[{"taxonomy":"product_brand","embeddable":true,"href":"https:\/\/bulkgenetics.com\/de\/wp-json\/wp\/v2\/product_brand?post=17515"},{"taxonomy":"product_cat","embeddable":true,"href":"https:\/\/bulkgenetics.com\/de\/wp-json\/wp\/v2\/product_cat?post=17515"},{"taxonomy":"product_tag","embeddable":true,"href":"https:\/\/bulkgenetics.com\/de\/wp-json\/wp\/v2\/product_tag?post=17515"}],"curies":[{"name":"wp","href":"https:\/\/api.w.org\/{rel}","templated":true}]}}