{"id":17795,"date":"2023-05-22T10:22:07","date_gmt":"2023-05-22T08:22:07","guid":{"rendered":"https:\/\/bulkgenetics.com\/?post_type=product&#038;p=17795"},"modified":"2024-10-08T01:08:53","modified_gmt":"2024-10-07T23:08:53","slug":"purple-haze-auto","status":"publish","type":"product","link":"https:\/\/bulkgenetics.com\/de\/purple-haze-auto\/","title":{"rendered":"Purple Haze Auto"},"content":{"rendered":"\n<p><strong>Purple Haze Auto<\/strong> ist die autoflowering Version unserer <a href=\"https:\/\/bulkgenetics.com\/de\/purple-haze\/\"><strong>Purple Haze<\/strong><\/a>, einer sativadominierten Hybride, die wir aus einer echten Purple Haze entwickelt haben, einer Sorte, die in den sp\u00e4ten 1960er Jahren in den USA entstand und vor allem durch das Jimi Hendrix-Thema popul\u00e4r wurde. <\/p>\n\n\n\n<p>Um den ganzen Charme der bei weitem besten Sativa zu bewahren, haben wir sie zun\u00e4chst mit einer Indica-Genetik kombiniert, die ihre Haupteigenschaften beibeh\u00e4lt, sie aber leichter anzubauen macht und die Bl\u00fctezeit verk\u00fcrzt. Dieser Hybrid wurde \u00fcber mehrere Generationen mit einer Ruderalis-Linie gekreuzt, um das Autoflowering-Gen zu fixieren.<\/p>\n\n\n\n<p>Purple Haze Auto ist eine sehr beliebte Sorte, die von Banken wie Dinafem oder Original Sensible f\u00fcr die Entwicklung neuer Hybriden verwendet wird. Auf Websites wie Leafly, Seedfinder oder Grow Diaries kann sich jeder die hervorragenden Bewertungen ansehen und die Berichte von Z\u00fcchtern aus aller Welt lesen. <\/p>\n\n\n\n<h2 class=\"wp-block-heading\">Tipps f\u00fcr den Anbau von Purple Haze Auto<\/h2>\n\n\n\n<p>Wie jede andere autoflowering Sorte, sch\u00e4tzt Purple Haze Auto vom ersten Tag an ein gutes Substrat und einen gro\u00dfen Topf. Der Grund f\u00fcr die Vermeidung des Umpflanzens ist, dass die Wurzeln gen\u00fcgend Platz haben, um sich zu entwickeln, ohne dass es zu einem Bruch kommt, wie es manchmal nach einem Topfwechsel der Fall ist.<\/p>\n\n\n\n<p>Unter guten Bedingungen kann sie problemlos eine H\u00f6he von <strong>100-120 cm erreichen<\/strong>. Sie ist sehr unauff\u00e4llig und ideal f\u00fcr den Anbau auf Terrassen, Balkonen oder kleinen G\u00e4rten, wo sie nicht auff\u00e4llt. Seine Struktur ist typisch f\u00fcr einen Weihnachtsbaum, sehr elegant.<\/p>\n\n\n\n<p>Ihr Zyklus ist sehr schnell und in nur <strong>70 Tagen nach<\/strong> der Keimung k\u00f6nnen Sie ernten. Im Freien k\u00f6nnen in den Fr\u00fchlings-, Sommer- und fr\u00fchen Herbstmonaten bis zu 3 Ernten eingebracht werden.<\/p>\n\n\n\n<h2 class=\"wp-block-heading\">Merkmale von Purple Haze Auto<\/h2>\n\n\n\n<p>Wenn es um reiche Ernten geht, entt\u00e4uscht Purple Haze Auto nicht. Im Freien kann sie bei gr\u00f6\u00dferen Exemplaren beeindruckende Ertr\u00e4ge von bis zu 1<strong>20 Gramm pro Pflanze<\/strong> erzielen. Im Innenbereich kann ein erfahrener Z\u00fcchter mit einem 300-350-W-LED-Panel bis zu <strong>550 Gramm pro Quadratmeter erreichen<\/strong>.<\/p>\n\n\n\n<p>Die Knospen sind ein wahrer Augenschmaus. Sie sind dick, kompakt und neigen dazu, gegen Ende der Bl\u00fctezeit eine intensive violette Farbe anzunehmen. Au\u00dferdem sind sie mit Harz beladen, was sie ideal f\u00fcr Liebhaber von Extraktionen macht.<\/p>\n\n\n\n<h3 class=\"wp-block-heading\">Aromen und Geschmack<\/h3>\n\n\n\n<p>Purple Haze Auto wird Ihre Geschmacksknospen mit angenehm <strong>s\u00fc\u00dfen, zitrusartigen und w\u00fcrzigen Noten kitzeln<\/strong>, die sie von ihrer Purple Haze-Mutter geerbt hat, w\u00e4hrend ihre Indica-Abstammung w\u00fcrzige Untert\u00f6ne mitbringt, die dem Geschmack Komplexit\u00e4t verleihen.<\/p>\n\n\n\n<h3 class=\"wp-block-heading\">Auswirkungen<\/h3>\n\n\n\n<p>Machen Sie sich bereit f\u00fcr eine faszinierende Reise. Seine Wirkung ist <strong>stark und anregend<\/strong>. Sie werden von energiegeladenen und gl\u00fccklichen Gef\u00fchlen \u00fcberflutet, die Ihnen zu jeder Tageszeit einen Schub geben. Sie hat einen sanften und beruhigenden Entspannungseffekt, ohne Blockaden zu verursachen.<\/p>\n\n\n\n<div style=\"height:50px\" aria-hidden=\"true\" class=\"wp-block-spacer uag-hide-mob\"><\/div>\n\n\n\n<div class=\"wp-block-columns is-layout-flex wp-container-core-columns-is-layout-28f84493 wp-block-columns-is-layout-flex\">\n<div class=\"wp-block-column is-layout-flow wp-block-column-is-layout-flow\">\n<p class=\"has-text-align-center has-medium-font-size\"><strong>Was wir am meisten m\u00f6gen<\/strong><\/p>\n\n\n\n<ul class=\"wp-block-list\">\n<li>Sehr einfach zu z\u00fcchten.<\/li>\n\n\n\n<li>100% Purple Haze Geschmack.<\/li>\n\n\n\n<li>Sie wird in nur 70 Tagen geerntet.<\/li>\n\n\n\n<li>Ideal f\u00fcr jede Tageszeit.<\/li>\n\n\n\n<li>Sein Preis.<\/li>\n<\/ul>\n<\/div>\n\n\n\n<div class=\"wp-block-column is-layout-flow wp-block-column-is-layout-flow\">\n<p class=\"has-text-align-center has-medium-font-size\"><strong>Was wir am wenigsten m\u00f6gen<\/strong><\/p>\n\n\n\n<ul class=\"wp-block-list\">\n<li>Sie duftet in der Bl\u00fctezeit.<\/li>\n<\/ul>\n<\/div>\n<\/div>\n\n\n\n<div style=\"height:50px\" aria-hidden=\"true\" class=\"wp-block-spacer uag-hide-mob\"><\/div>\n\n\n\n<h2 class=\"wp-block-heading\">H\u00e4ufig gestellte Fragen<\/h2>\n\n\n\n<p>Im Folgenden findest du die Antworten auf die am h\u00e4ufigsten gestellten Fragen von Z\u00fcchtern, die sich f\u00fcr diese Genetik interessieren:<\/p>\n\n\n<div id=\"rank-math-faq\" class=\"rank-math-block\">\n<div class=\"rank-math-list \">\n<div id=\"faq-question-1663029074962\" class=\"rank-math-list-item\">\n<h3 class=\"rank-math-question \">Wann beginnt die Purple Haze Auto zu bl\u00fchen?<\/h3>\n<div class=\"rank-math-answer \">\n\n<p>Wenn Sie Purple Haze Auto anbauen, k\u00f6nnen Sie damit rechnen, dass sie etwa 3 bis 4 Wochen nach der Keimung zu bl\u00fchen beginnt. In dieser Zeit befindet sich die Pflanze in der vegetativen Phase, in der sie ihre Bl\u00e4tter und Zweige in Vorbereitung auf die Bl\u00fcte kr\u00e4ftig entwickelt.<\/p>\n\n<\/div>\n<\/div>\n<div id=\"faq-question-1663029159933\" class=\"rank-math-list-item\">\n<h3 class=\"rank-math-question \">Wie lange dauert es, Purple Haze Auto nach der Keimung zu ernten?<\/h3>\n<div class=\"rank-math-answer \">\n\n<p>Insgesamt dauert es etwa 70 Tage, bis die Purple Haze Auto geerntet werden kann, wenn man die 3-4 Wochen des Wachstums und die 6-7 Wochen der Bl\u00fctezeit mitz\u00e4hlt. Einige eher Sativa-dominante Ph\u00e4notypen k\u00f6nnen insgesamt 11-12 Wochen erreichen.<\/p>\n\n<\/div>\n<\/div>\n<div id=\"faq-question-1663029165861\" class=\"rank-math-list-item\">\n<h3 class=\"rank-math-question \">Wie z\u00fcchte ich eine feminisierte Purple Haze Auto?<\/h3>\n<div class=\"rank-math-answer \">\n\n<p>Purple Haze Auto ist eine sehr einfach anzubauende Sorte f\u00fcr den Au\u00dfen- und Innenbereich. Es ist ratsam, vom ersten Tag an einen Topf von mindestens 20 Litern zu verwenden, um ein Umpflanzen zu vermeiden.<\/p>\n\n<\/div>\n<\/div>\n<div id=\"faq-question-1666780029954\" class=\"rank-math-list-item\">\n<h3 class=\"rank-math-question \">Was sind die Auswirkungen von Purple Haze Auto in gro\u00dfen Mengen?<\/h3>\n<div class=\"rank-math-answer \">\n\n<p>Die Wirkung von Purple Haze Auto ist stark und erhebend. Sie werden von energiegeladenen und gl\u00fccklichen Gef\u00fchlen \u00fcberflutet, die Ihnen zu jeder Tageszeit einen Schub geben. Sie hat einen sanften und beruhigenden Entspannungseffekt, ohne Blockaden zu verursachen.<\/p>\n\n<\/div>\n<\/div>\n<\/div>\n<\/div>","protected":false},"excerpt":{"rendered":"<p>Entdecken Sie die Magie von Purple Haze Auto, der schnellsten und g\u00fcnstigsten Version der legend\u00e4ren Sorte, die in den 60er Jahren die Herzen der Cannabisliebhaber eroberte. Es ist eine diskrete und sehr einfach zu z\u00fcchtende Pflanze, die Sie mit ihren l\u00e4nglichen und gro\u00dfen Knospen mit sch\u00f6nen lila\/violetten Farben zum Verlieben bringen wird. Die Wirkung ist stark und der sofortige Rausch wird dich stundenlang in einem euphorischen Zustand halten.<\/p>\n","protected":false},"featured_media":17834,"comment_status":"open","ping_status":"closed","template":"","meta":{"_acf_changed":false,"inline_featured_image":false,"_uag_custom_page_level_css":""},"product_brand":[],"product_cat":[2114],"product_tag":[],"class_list":{"0":"post-17795","1":"product","2":"type-product","3":"status-publish","4":"has-post-thumbnail","6":"product_cat-autoflowering-cannabis-samen","8":"first","9":"instock","10":"taxable","11":"shipping-taxable","12":"purchasable","13":"product-type-simple"},"acf":[],"uagb_featured_image_src":{"full":["https:\/\/bulkgenetics.com\/wp-content\/uploads\/2023\/05\/Purple-Haze-Auto-1.jpg",1600,1600,false],"thumbnail":["https:\/\/bulkgenetics.com\/wp-content\/uploads\/2023\/05\/Purple-Haze-Auto-1-150x150.jpg",150,150,true],"medium":["https:\/\/bulkgenetics.com\/wp-content\/uploads\/2023\/05\/Purple-Haze-Auto-1-300x300.jpg",300,300,true],"medium_large":["https:\/\/bulkgenetics.com\/wp-content\/uploads\/2023\/05\/Purple-Haze-Auto-1-768x768.jpg",768,768,true],"large":["https:\/\/bulkgenetics.com\/wp-content\/uploads\/2023\/05\/Purple-Haze-Auto-1-1024x1024.jpg",1024,1024,true],"1536x1536":["https:\/\/bulkgenetics.com\/wp-content\/uploads\/2023\/05\/Purple-Haze-Auto-1-1536x1536.jpg",1536,1536,true],"2048x2048":["https:\/\/bulkgenetics.com\/wp-content\/uploads\/2023\/05\/Purple-Haze-Auto-1.jpg",1600,1600,false],"commercegurus-pdp-large":["https:\/\/bulkgenetics.com\/wp-content\/uploads\/2023\/05\/Purple-Haze-Auto-1-990x990.jpg",990,990,true],"commercegurus-plp-mobile":["https:\/\/bulkgenetics.com\/wp-content\/uploads\/2023\/05\/Purple-Haze-Auto-1-441x441.jpg",441,441,true],"cgkit_image_swatch":["https:\/\/bulkgenetics.com\/wp-content\/uploads\/2023\/05\/Purple-Haze-Auto-1-100x100.jpg",100,100,true],"woocommerce_thumbnail":["https:\/\/bulkgenetics.com\/wp-content\/uploads\/2023\/05\/Purple-Haze-Auto-1-300x300.jpg",300,300,true],"woocommerce_single":["https:\/\/bulkgenetics.com\/wp-content\/uploads\/2023\/05\/Purple-Haze-Auto-1-800x800.jpg",800,800,true],"woocommerce_gallery_thumbnail":["https:\/\/bulkgenetics.com\/wp-content\/uploads\/2023\/05\/Purple-Haze-Auto-1-150x150.jpg",150,150,true],"dgwt-wcas-product-suggestion":["https:\/\/bulkgenetics.com\/wp-content\/uploads\/2023\/05\/Purple-Haze-Auto-1-64x64.jpg",64,64,true]},"uagb_author_info":{"display_name":"\u00c1ngel Flores","author_link":"https:\/\/bulkgenetics.com\/de\/author\/"},"uagb_comment_info":0,"uagb_excerpt":"Entdecken Sie die Magie von Purple Haze Auto, der schnellsten und g\u00fcnstigsten Version der legend\u00e4ren Sorte, die in den 60er Jahren die Herzen der Cannabisliebhaber eroberte. Es ist eine diskrete und sehr einfach zu z\u00fcchtende Pflanze, die Sie mit ihren l\u00e4nglichen und gro\u00dfen Knospen mit sch\u00f6nen lila\/violetten Farben zum Verlieben bringen wird. Die Wirkung ist&hellip;","_links":{"self":[{"href":"https:\/\/bulkgenetics.com\/de\/wp-json\/wp\/v2\/product\/17795","targetHints":{"allow":["GET"]}}],"collection":[{"href":"https:\/\/bulkgenetics.com\/de\/wp-json\/wp\/v2\/product"}],"about":[{"href":"https:\/\/bulkgenetics.com\/de\/wp-json\/wp\/v2\/types\/product"}],"replies":[{"embeddable":true,"href":"https:\/\/bulkgenetics.com\/de\/wp-json\/wp\/v2\/comments?post=17795"}],"wp:featuredmedia":[{"embeddable":true,"href":"https:\/\/bulkgenetics.com\/de\/wp-json\/wp\/v2\/media\/17834"}],"wp:attachment":[{"href":"https:\/\/bulkgenetics.com\/de\/wp-json\/wp\/v2\/media?parent=17795"}],"wp:term":[{"taxonomy":"product_brand","embeddable":true,"href":"https:\/\/bulkgenetics.com\/de\/wp-json\/wp\/v2\/product_brand?post=17795"},{"taxonomy":"product_cat","embeddable":true,"href":"https:\/\/bulkgenetics.com\/de\/wp-json\/wp\/v2\/product_cat?post=17795"},{"taxonomy":"product_tag","embeddable":true,"href":"https:\/\/bulkgenetics.com\/de\/wp-json\/wp\/v2\/product_tag?post=17795"}],"curies":[{"name":"wp","href":"https:\/\/api.w.org\/{rel}","templated":true}]}}