{"id":17824,"date":"2023-05-22T12:42:52","date_gmt":"2023-05-22T10:42:52","guid":{"rendered":"https:\/\/bulkgenetics.com\/?post_type=product&#038;p=17824"},"modified":"2024-10-08T01:08:53","modified_gmt":"2024-10-07T23:08:53","slug":"matanuska","status":"publish","type":"product","link":"https:\/\/bulkgenetics.com\/de\/matanuska\/","title":{"rendered":"Matanuska"},"content":{"rendered":"\n<p>Matanuska ist eine legend\u00e4re Strain, bekannt f\u00fcr ihren Ursprung im fruchtbaren Matanuska-Tal in Alaska. Diese Sorte, auch bekannt als Matanuska Thunderfuck, wurde in den 70er Jahren durch die Kreuzung einer Sativa aus Nordkalifornien mit einer russischen Ruderalis erschaffen, um dann mit Genetik einer <a href=\"https:\/\/bulkgenetics.com\/de\/afghan-kush-early-harvest\/\"><strong>afghanischen Indica<\/strong><\/a> angereichert zu werden. <\/p>\n\n\n\n<p>Die Pflanze zeichnet sich durch ihre gro\u00dfen, tiefgr\u00fcnen Bl\u00e4tter aus, die manchmal in k\u00fchleren Temperaturen purpurne T\u00f6ne annehmen. Ihre Buds sind gro\u00df und dicht, bilden lange, kompakte Colas und sind mit einer Schicht aus harzigen Trichomen bedeckt, die ihnen einen fast kristallinen Glanz verleihen. Zus\u00e4tzlich kontrastieren die orangenen Stigmen, die die Bl\u00fcten schm\u00fccken, wunderbar mit dem Gr\u00fcn und Purpur der Bl\u00e4tter und machen jede Pflanze zu einem echten Spektakel.<\/p>\n\n\n\n<p>Matanuska ist bekannt f\u00fcr ihre nat\u00fcrliche Widerstandsf\u00e4higkeit gegen\u00fcber kalten Klimazonen, was sie ideal f\u00fcr den Anbau in Gebieten mit k\u00fchlen Herbsten macht. Sie gedeiht jedoch auch in warmen und sonnigen Klimazonen, wo sie ihr volles Potenzial entfalten kann. Diese Pflanze erreicht eine durchschnittliche H\u00f6he von 2,5 Metern und hat eine stark verzweigte und breite Struktur. Es ist ratsam, St\u00fctzen zu verwenden, damit die Zweige das Gewicht der Buds in der Endphase der Bl\u00fcte tragen k\u00f6nnen.<\/p>\n\n\n\n<h2 class=\"wp-block-heading\">Geschmack und Wirkung<\/h2>\n\n\n\n<p>Das Aroma von Matanuska ist eine wahre Explosion der Sinne. Beim \u00d6ffnen eines Glases ihrer Buds werden deine Sinne von einer kraftvollen Mischung aus Schokolade, Minze, Kiefer und Salbei \u00fcberflutet. Dieses komplexe Aromaprofil ist umh\u00fcllend und versetzt einen in die unber\u00fchrten Landschaften Alaskas.<\/p>\n\n\n\n<p>Auch der Geschmack von Matanuska l\u00e4sst nichts zu w\u00fcnschen \u00fcbrig. Jeder Zug enth\u00fcllt ein perfektes Gleichgewicht zwischen S\u00fc\u00dfe und Sch\u00e4rfe, mit Noten von Schokolade und Minze, die einen lang anhaltenden und angenehmen Nachgeschmack auf dem Gaumen hinterlassen. Diese Geschmackskombination macht den Konsum dieser Strain zu einem unvergesslichen Erlebnis f\u00fcr alle Cannabisliebhaber.<\/p>\n\n\n\n<p>Matanuska ist nicht nur ein Genuss f\u00fcr die Sinne, sondern erzeugt auch eine kraftvolle und energetische Wirkung. Mit einem THC-Gehalt zwischen 15 % und 20 % bietet diese Sorte einen starken und lang anhaltenden zerebralen High. Trotz ihrer Indica-Dominanz ist sie nicht \u00fcberm\u00e4\u00dfig entspannend, was sie zu einer perfekten Option f\u00fcr jede Tageszeit macht. Sie ist ideal f\u00fcr Tagesaktivit\u00e4ten und f\u00f6rdert Kreativit\u00e4t und geistige Klarheit.<\/p>\n\n\n\n<p>Zus\u00e4tzlich zu ihrem hohen THC-Gehalt enth\u00e4lt Matanuska niedrige CBD-Werte, die in der Regel unter 1 % liegen. Das bedeutet, dass, obwohl ihre therapeutischen Wirkungen bemerkenswert sind, ihr Hauptanreiz in ihrer F\u00e4higkeit liegt, Energie und eine positive Stimmung zu verleihen.<\/p>\n\n\n\n<h3 class=\"wp-block-heading\">Terpene von Matanuska<\/h3>\n\n\n\n<p>Die in Matanuska enthaltenen Terpene sind f\u00fcr ihr unverwechselbares Aroma und ihre zahlreichen Vorteile verantwortlich. Zu den prominentesten geh\u00f6ren:<\/p>\n\n\n\n<ul class=\"wp-block-list\">\n<li><strong>Myrcen:<\/strong> Mit einem erdigen und moschusartigen Aroma ist Myrcen eines der h\u00e4ufigsten Terpene im Cannabis. Es wird mit sedierenden und entspannenden Effekten in Verbindung gebracht, ideal zur Bek\u00e4mpfung von Schlaflosigkeit und Muskelkr\u00e4mpfen.<\/li>\n\n\n\n<li><strong>Pinene:<\/strong> Dieses Terpen verleiht ein frisches Kiefern-Aroma und ist bekannt f\u00fcr seine entz\u00fcndungshemmenden Eigenschaften und seine F\u00e4higkeit, das Ged\u00e4chtnis und die Konzentration zu verbessern.<\/li>\n\n\n\n<li><strong>Caryophyllen:<\/strong> Mit seinem Pfeffer- und Gew\u00fcrzaroma hat Caryophyllen entz\u00fcndungshemmende und schmerzlindernde Eigenschaften. Zudem interagiert es direkt mit dem Endocannabinoid-System und bietet zus\u00e4tzliche therapeutische Wirkungen.<\/li>\n\n\n\n<li><strong>Limonen:<\/strong> Dieses Terpen mit seinem Zitrusaroma ist bekannt f\u00fcr seine angstl\u00f6senden und antidepressiven Effekte. Es hilft, die Stimmung zu heben und Stress abzubauen.<\/li>\n<\/ul>\n\n\n\n<p>Die Kombination dieser Terpene verst\u00e4rkt nicht nur die Wirkungen von Matanuska, sondern verbessert auch ihren Geschmack und ihr Aroma und macht jede Sitzung zu einem vollst\u00e4ndigen und befriedigenden sensorischen Erlebnis.<\/p>\n\n\n\n<h2 class=\"wp-block-heading\">Ertrag und Bl\u00fctezeit<\/h2>\n\n\n\n<p>Die Produktion von Matanuska ist wirklich beeindruckend, sowohl im Innen- als auch im Au\u00dfenanbau. Diese Strain zeichnet sich durch ihre hohen Ertr\u00e4ge und ihre F\u00e4higkeit aus, sich an verschiedene Anbaubedingungen anzupassen, was jede Anstrengung lohnenswert macht.<\/p>\n\n\n\n<p>Im Innenbereich ist Matanuska eine Pflanze, die sich an jede Anbautechnik anpasst. Vom Wechsel des Photoperioden zur Bl\u00fctezeit betr\u00e4gt ihre Bl\u00fctezeit zwischen <strong>63 und 70 Tagen<\/strong>. W\u00e4hrend dieser Zeit werden die Ger\u00fcche ziemlich intensiv, daher wird empfohlen, einen guten Kohlefilter zu verwenden, um m\u00f6gliche Probleme zu vermeiden. Jeder Z\u00fcchter, selbst Anf\u00e4nger, kann erwarten, \u00fcber <strong>500 Gramm<\/strong> pro Quadratmeter mit einer 300-350W LED-Leuchte zu erzielen.<\/p>\n\n\n\n<p>Im Au\u00dfenbereich zeigt Matanuska ihr volles Potenzial. Wenn sie Anfang des Fr\u00fchlings gekeimt wird, kann diese Sorte eine durchschnittliche H\u00f6he von 2,5 Metern erreichen, sehr verzweigt und breit. Sie wird normalerweise zwischen <strong>Ende September und Anfang Oktober<\/strong> geerntet, wobei einige Ph\u00e4notypen bis Mitte Oktober reifen k\u00f6nnen. Unter optimalen Bedingungen k\u00f6nnen die Pflanzen zwischen <strong>800 und 1000 Gramm<\/strong> pro Pflanze produzieren. Bei milden Temperaturen neigen die Bl\u00e4tter und Bl\u00fcten dazu, sich zu verdunkeln und sehr auff\u00e4llige T\u00f6ne zu zeigen.<\/p>\n\n\n\n<p><strong>Kannst du dir eine Ernte so reichlich vorstellen, dass du nicht wei\u00dft, wo du all diese Buds aufbewahren sollst?<\/strong> Das ist es, was du von Matanuska erwarten kannst. Ihre hohe Produktion und einfache Kultivierung machen sie zu einer hervorragenden Wahl f\u00fcr Z\u00fcchter, die ihre Ernten ohne Komplikationen maximieren m\u00f6chten.<\/p>\n\n\n\n<h2 class=\"wp-block-heading\">Wie man Matanuska anbaut<\/h2>\n\n\n\n<p>Matanuska zu z\u00fcchten ist eine lohnende Erfahrung, sowohl f\u00fcr Anf\u00e4nger als auch f\u00fcr erfahrene Z\u00fcchter. Hier sind einige wesentliche Tipps, um das Beste aus dieser wunderbaren Strain herauszuholen.<\/p>\n\n\n\n<p><strong>Anbauschwierigkeit:<\/strong> Matanuska ist eine sehr einfach zu z\u00fcchtende Pflanze. Ihre nat\u00fcrliche Widerstandsf\u00e4higkeit und Anpassungsf\u00e4higkeit machen sie zu einer idealen Option f\u00fcr diejenigen, die in die Welt des Cannabisanbaus einsteigen. Dennoch wird ihr hoher Ertrag und ihre Qualit\u00e4t auch erfahrene Z\u00fcchter zufriedenstellen, die ihre Ernten maximieren m\u00f6chten.<\/p>\n\n\n\n<p><strong>Geeignetes Klima und Anbaubedingungen:<\/strong> Diese Strain gedeiht in warmen und sonnigen Klimazonen, aber dank ihrer Herkunft vertr\u00e4gt sie auch k\u00e4ltere Temperaturen gut. Im Au\u00dfenbereich wird empfohlen, die Samen Anfang des Fr\u00fchlings zu keimen, um die Wachstumsperiode optimal zu nutzen. Im Innenbereich passt sie sich verschiedenen Anbautechniken wie SCROG und SOG an und bietet Flexibilit\u00e4t f\u00fcr unterschiedliche Setups.<\/p>\n\n\n\n<p><strong>Widerstandsf\u00e4higkeit gegen Sch\u00e4dlinge und Krankheiten:<\/strong> Matanuska zeichnet sich durch ihre Robustheit und Widerstandsf\u00e4higkeit gegen Sch\u00e4dlinge und Krankheiten aus. Dennoch ist es immer ratsam, pr\u00e4ventive Ma\u00dfnahmen zu ergreifen, wie die Verwendung von hochwertigen Substraten und die Aufrechterhaltung einer guten Luftzirkulation in Innenkulturen. Diese Strain reagiert gut auf Beschneiden und das Leiten von \u00c4sten, was ihre Handhabung erleichtert und die Produktion von Buds maximiert.<\/p>\n\n\n\n<div style=\"height:50px\" aria-hidden=\"true\" class=\"wp-block-spacer uag-hide-mob\"><\/div>\n\n\n\n<div class=\"wp-block-columns is-layout-flex wp-container-core-columns-is-layout-28f84493 wp-block-columns-is-layout-flex\">\n<div class=\"wp-block-column is-layout-flow wp-block-column-is-layout-flow\">\n<p class=\"has-text-align-center has-medium-font-size\"><strong>Was wir am meisten m\u00f6gen<\/strong><\/p>\n\n\n\n<ul class=\"wp-block-list\">\n<li>Ihre einfache Kultivierung.<\/li>\n\n\n\n<li>Hohe Ertr\u00e4ge sowohl im Innen- als auch im Au\u00dfenbereich.<\/li>\n\n\n\n<li>Intensiver und komplexer Geschmack.<\/li>\n\n\n\n<li>Energische und stimulierende Effekte.<\/li>\n<\/ul>\n<\/div>\n\n\n\n<div class=\"wp-block-column is-layout-flow wp-block-column-is-layout-flow\">\n<p class=\"has-text-align-center has-medium-font-size\"><strong>Was wir am wenigsten m\u00f6gen<\/strong><\/p>\n\n\n\n<ul class=\"wp-block-list\">\n<li>W\u00e4hrend der Bl\u00fcte ziemlich geruchsintensiv.<\/li>\n\n\n\n<li>Erfordert im Au\u00dfenbereich St\u00fctzen aufgrund des Gewichts der Buds.<\/li>\n<\/ul>\n<\/div>\n<\/div>\n\n\n\n<div style=\"height:50px\" aria-hidden=\"true\" class=\"wp-block-spacer uag-hide-mob\"><\/div>\n\n\n\n<h2 class=\"wp-block-heading\">H\u00e4ufig gestellte Fragen<\/h2>\n\n\n\n<p>Nachfolgend findest du die Antworten auf die h\u00e4ufigsten Fragen von Z\u00fcchtern, die an dieser Strain interessiert sind:<\/p>\n\n\n<div id=\"rank-math-faq\" class=\"rank-math-block\">\n<div class=\"rank-math-list \">\n<div id=\"faq-question-1721900678187\" class=\"rank-math-list-item\">\n<h3 class=\"rank-math-question \">Ist Matanuska sativa oder indica?<\/h3>\n<div class=\"rank-math-answer \">\n\n<p>Matanuska ist \u00fcberwiegend eine Indica-Sorte, obwohl sie eine genetische Geschichte hat, die Sativa-Komponenten beinhaltet. Indicas sind bekannt f\u00fcr ihre entspannenden und sedativen Effekte, ideal f\u00fcr Ruhe und k\u00f6rperliche Entspannung. Andererseits neigen Sativas dazu, energetischer und stimulierender zu sein, perfekt f\u00fcr den Tag und kreative Aktivit\u00e4ten. Matanuska kombiniert das Beste aus beiden Welten und bietet ein ausgewogenes Erlebnis, das gleichzeitig energetisiert und entspannt.<\/p>\n\n<\/div>\n<\/div>\n<div id=\"faq-question-1721900679680\" class=\"rank-math-list-item\">\n<h3 class=\"rank-math-question \">Welche Kreuzung ist Matanuska?<\/h3>\n<div class=\"rank-math-answer \">\n\n<p>Matanuska ist eine Kreuzung aus einer Sativa aus Nordkalifornien und einer russischen Ruderalis, die sp\u00e4ter mit der Genetik einer afghanischen Indica angereichert wurde. Diese einzigartige Abstammung verleiht Matanuska ihre charakteristischen Eigenschaften in Bezug auf Geschmack und Wirkung.<\/p>\n\n<\/div>\n<\/div>\n<div id=\"faq-question-1663029074962\" class=\"rank-math-list-item\">\n<h3 class=\"rank-math-question \">Wann beginnt die Bl\u00fctezeit von Matanuska im Freien?<\/h3>\n<div class=\"rank-math-answer \">\n\n<p>Abh\u00e4ngig von der Anbaulage beginnt die Bl\u00fctezeit von Matanuska im Freien in der ersten Augusth\u00e4lfte. Eine oder zwei Wochen vorher zeigt sie bereits Anzeichen des bevorstehenden Phasenwechsels.<\/p>\n\n<\/div>\n<\/div>\n<div id=\"faq-question-1663029159933\" class=\"rank-math-list-item\">\n<h3 class=\"rank-math-question \">Wann sollte man Matanuska im Freien ernten?<\/h3>\n<div class=\"rank-math-answer \">\n\n<p>Im Freien wird Matanuska normalerweise zwischen Ende September und Anfang Oktober geerntet. Einige Ph\u00e4notypen k\u00f6nnen sich bis Mitte Oktober hinziehen. Diese Sorte vertr\u00e4gt den typischen Temperaturabfall im Herbst gut.<\/p>\n\n<\/div>\n<\/div>\n<div id=\"faq-question-1663029165861\" class=\"rank-math-list-item\">\n<h3 class=\"rank-math-question \">Wie baut man eine feminisierte Matanuska an?<\/h3>\n<div class=\"rank-math-answer \">\n\n<p>Matanuska ist sehr einfach anzubauen und liefert dankbare Ergebnisse. Sie passt sich sowohl an Innen- als auch Au\u00dfenbedingungen an, vertr\u00e4gt Beschnitt und das Leiten von \u00c4sten gut und reagiert positiv auf verschiedene Anbautechniken wie SCROG und SOG. Wir empfehlen die Verwendung von organischen D\u00fcngemitteln, um ihren Geschmack zu verbessern.<\/p>\n\n<\/div>\n<\/div>\n<div id=\"faq-question-1666780029954\" class=\"rank-math-list-item\">\n<h3 class=\"rank-math-question \">Welche Wirkungen hat Matanuska in gro\u00dfen Mengen?<\/h3>\n<div class=\"rank-math-answer \">\n\n<p>Die Wirkungen von Matanuska sind haupts\u00e4chlich energetisch und gesellig. Trotz ihrer Indica-Dominanz ist sie nicht \u00fcberm\u00e4\u00dfig entspannend, was sie perfekt f\u00fcr jede Tageszeit macht. Sie ist ideal, um Kreativit\u00e4t zu f\u00f6rdern und geistige Klarheit zu bieten, ohne Schl\u00e4frigkeit zu verursachen.<\/p>\n\n<\/div>\n<\/div>\n<div id=\"faq-question-1721900766457\" class=\"rank-math-list-item\">\n<h3 class=\"rank-math-question \">Wie schmeckt Matanuska?<\/h3>\n<div class=\"rank-math-answer \">\n\n<p>Der Geschmack von Matanuska ist komplex und k\u00f6stlich, mit Noten von Schokolade, Minze, Kiefer und Salbei. Diese Kombination von Aromen macht den Konsum dieser Sorte zu einem unvergesslichen sensorischen Erlebnis.<\/p>\n\n<\/div>\n<\/div>\n<div id=\"faq-question-1721900767564\" class=\"rank-math-list-item\">\n<h3 class=\"rank-math-question \">Wie hoch ist der Cannabinoidgehalt von Matanuska?<\/h3>\n<div class=\"rank-math-answer \">\n\n<p>Matanuska hat einen THC-Gehalt, der zwischen 15 % und 20 % schwankt, w\u00e4hrend ihr CBD-Gehalt niedrig ist, meist unter 1 %. Diese Zusammensetzung verleiht ihr ihre starken und energetischen Effekte.<\/p>\n\n<\/div>\n<\/div>\n<\/div>\n<\/div>","protected":false},"excerpt":{"rendered":"<p><b>Matanuska<\/b> bietet dir ein einzigartiges Erlebnis mit ihren <strong>hohen Ertr\u00e4gen und belebenden Effekten<\/strong>. Ideal f\u00fcr jede Tageszeit, kombiniert diese einfach zu kultivierende Sorte einen komplexen Geschmack mit einer revitalisierenden Potenz. Perfekt f\u00fcr Z\u00fcchter, die <strong>Qualit\u00e4t und Quantit\u00e4t<\/strong> ohne Komplikationen suchen.<\/p>\n","protected":false},"featured_media":17813,"comment_status":"open","ping_status":"closed","template":"","meta":{"_acf_changed":false,"inline_featured_image":false,"_uag_custom_page_level_css":""},"product_brand":[],"product_cat":[1097],"product_tag":[],"class_list":{"0":"post-17824","1":"product","2":"type-product","3":"status-publish","4":"has-post-thumbnail","6":"product_cat-feminisierte-cannabis-samen","8":"first","9":"instock","10":"taxable","11":"shipping-taxable","12":"purchasable","13":"product-type-simple"},"acf":[],"uagb_featured_image_src":{"full":["https:\/\/bulkgenetics.com\/wp-content\/uploads\/2023\/05\/Matanuska.jpg",1600,1600,false],"thumbnail":["https:\/\/bulkgenetics.com\/wp-content\/uploads\/2023\/05\/Matanuska-150x150.jpg",150,150,true],"medium":["https:\/\/bulkgenetics.com\/wp-content\/uploads\/2023\/05\/Matanuska-300x300.jpg",300,300,true],"medium_large":["https:\/\/bulkgenetics.com\/wp-content\/uploads\/2023\/05\/Matanuska-768x768.jpg",768,768,true],"large":["https:\/\/bulkgenetics.com\/wp-content\/uploads\/2023\/05\/Matanuska-1024x1024.jpg",1024,1024,true],"1536x1536":["https:\/\/bulkgenetics.com\/wp-content\/uploads\/2023\/05\/Matanuska-1536x1536.jpg",1536,1536,true],"2048x2048":["https:\/\/bulkgenetics.com\/wp-content\/uploads\/2023\/05\/Matanuska.jpg",1600,1600,false],"commercegurus-pdp-large":["https:\/\/bulkgenetics.com\/wp-content\/uploads\/2023\/05\/Matanuska-990x990.jpg",990,990,true],"commercegurus-plp-mobile":["https:\/\/bulkgenetics.com\/wp-content\/uploads\/2023\/05\/Matanuska-441x441.jpg",441,441,true],"cgkit_image_swatch":["https:\/\/bulkgenetics.com\/wp-content\/uploads\/2023\/05\/Matanuska-100x100.jpg",100,100,true],"woocommerce_thumbnail":["https:\/\/bulkgenetics.com\/wp-content\/uploads\/2023\/05\/Matanuska-300x300.jpg",300,300,true],"woocommerce_single":["https:\/\/bulkgenetics.com\/wp-content\/uploads\/2023\/05\/Matanuska-800x800.jpg",800,800,true],"woocommerce_gallery_thumbnail":["https:\/\/bulkgenetics.com\/wp-content\/uploads\/2023\/05\/Matanuska-150x150.jpg",150,150,true],"dgwt-wcas-product-suggestion":["https:\/\/bulkgenetics.com\/wp-content\/uploads\/2023\/05\/Matanuska-64x64.jpg",64,64,true]},"uagb_author_info":{"display_name":"Bruno Crespo","author_link":"https:\/\/bulkgenetics.com\/de\/author\/"},"uagb_comment_info":0,"uagb_excerpt":"Matanuska bietet dir ein einzigartiges Erlebnis mit ihren hohen Ertr\u00e4gen und belebenden Effekten. Ideal f\u00fcr jede Tageszeit, kombiniert diese einfach zu kultivierende Sorte einen komplexen Geschmack mit einer revitalisierenden Potenz. Perfekt f\u00fcr Z\u00fcchter, die Qualit\u00e4t und Quantit\u00e4t ohne Komplikationen suchen.","_links":{"self":[{"href":"https:\/\/bulkgenetics.com\/de\/wp-json\/wp\/v2\/product\/17824","targetHints":{"allow":["GET"]}}],"collection":[{"href":"https:\/\/bulkgenetics.com\/de\/wp-json\/wp\/v2\/product"}],"about":[{"href":"https:\/\/bulkgenetics.com\/de\/wp-json\/wp\/v2\/types\/product"}],"replies":[{"embeddable":true,"href":"https:\/\/bulkgenetics.com\/de\/wp-json\/wp\/v2\/comments?post=17824"}],"wp:featuredmedia":[{"embeddable":true,"href":"https:\/\/bulkgenetics.com\/de\/wp-json\/wp\/v2\/media\/17813"}],"wp:attachment":[{"href":"https:\/\/bulkgenetics.com\/de\/wp-json\/wp\/v2\/media?parent=17824"}],"wp:term":[{"taxonomy":"product_brand","embeddable":true,"href":"https:\/\/bulkgenetics.com\/de\/wp-json\/wp\/v2\/product_brand?post=17824"},{"taxonomy":"product_cat","embeddable":true,"href":"https:\/\/bulkgenetics.com\/de\/wp-json\/wp\/v2\/product_cat?post=17824"},{"taxonomy":"product_tag","embeddable":true,"href":"https:\/\/bulkgenetics.com\/de\/wp-json\/wp\/v2\/product_tag?post=17824"}],"curies":[{"name":"wp","href":"https:\/\/api.w.org\/{rel}","templated":true}]}}