{"id":18272,"date":"2023-06-22T16:11:27","date_gmt":"2023-06-22T14:11:27","guid":{"rendered":"https:\/\/bulkgenetics.com\/san-bacio-gelato\/"},"modified":"2024-10-08T01:08:52","modified_gmt":"2024-10-07T23:08:52","slug":"san-bacio-gelato","status":"publish","type":"product","link":"https:\/\/bulkgenetics.com\/de\/san-bacio-gelato\/","title":{"rendered":"San Bacio Gelato"},"content":{"rendered":"\n<p>San Bacio Gelato ist eine Sorte, die eine reiche Geschichte und ein beeindruckendes genetisches Erbe mit sich bringt. Diese Strain entstand aus einer Zusammenarbeit zwischen der renommierten Humboldt Seed Organization und dem gefeierten Z\u00fcchter Mario Guzm\u00e1n, auch bekannt als Sherbinski. San Bacio Gelato stammt aus der Kreuzung von <a href=\"https:\/\/bulkgenetics.com\/de\/sherbet\/\"><strong>Sunset Sherbet<\/strong><\/a> und <a href=\"https:\/\/bulkgenetics.com\/de\/girl-scout-cookies\/\"><strong>Thin Mint Cookies<\/strong><\/a> und kombiniert das Beste aus beiden Welten, um ein einzigartiges und unvergessliches Erlebnis zu bieten.<\/p>\n\n\n\n<p>Es handelt sich um eine robuste und buschige Pflanze mit einer \u00fcberwiegend Indica-Struktur, die sich in breiten Bl\u00e4ttern und festen Verzweigungen zeigt, die in alle Richtungen wachsen. Im Freien kann sie beeindruckende H\u00f6hen von bis zu 4 Metern erreichen, wenn sie nicht richtig kontrolliert wird.<\/p>\n\n\n\n<p>Die Buds von San Bacio Gelato sind ein wahres visuelles Wunder. Kompakt und dicht, sind sie besonders in den letzten Wochen der Bl\u00fctezeit mit Harz durchtr\u00e4nkt. Ihre Farben sind eine Mischung aus leuchtenden und dunklen Gr\u00fcnt\u00f6nen, tiefen Purpurt\u00f6nen und lebhaften orangefarbenen H\u00e4rchen, die alle von einer dichten Schicht Trichome bedeckt sind, die ihnen ein fast feuchtes Aussehen verleihen.<\/p>\n\n\n\n<h2 class=\"wp-block-heading\">Geschmack und Wirkung<\/h2>\n\n\n\n<p>Der Geschmack und das Aroma von San Bacio Gelato sind einfach unvergleichlich. Diese Sorte verstr\u00f6mt ein durchdringendes Aroma von Waldbeeren, Zimt und schwarzem Pfeffer, erg\u00e4nzt durch sanfte Noten von Zitronenschale, Kiefernholz und Erde. Einen Bud von San Bacio Gelato anzuz\u00fcnden ist wie das Genie\u00dfen eines exquisiten handgemachten italienischen Eises, ein sinnliches Erlebnis, das lange nach jedem Zug auf dem Gaumen bleibt.<\/p>\n\n\n\n<p>Der <strong>THC-Gehalt<\/strong> liegt zwischen <strong>20% und 25%<\/strong>, was eine bemerkenswerte Potenz garantiert, die besonders von unerfahrenen Konsumenten mit Respekt behandelt werden sollte. Der <strong>CBD-Gehalt<\/strong> ist niedrig, <strong>unter 1%<\/strong>, was die Wirkung des THC deutlicher sp\u00fcren l\u00e4sst.<\/p>\n\n\n\n<p>Die Effekte manifestieren sich schnell mit einer warmen Welle, die durch den K\u00f6rper str\u00f6mt und tiefe Entspannung sowie einen erh\u00f6hten mentalen Zustand bietet. Diese perfekte Balance zwischen K\u00f6rper und Geist ist ideal f\u00fcr kreative und soziale Momente sowie zur Entspannung nach einem langen Tag.<\/p>\n\n\n\n<h3 class=\"wp-block-heading\">Terpene von San Bacio Gelato<\/h3>\n\n\n\n<p>Die in San Bacio Gelato enthaltenen Terpene tragen nicht nur zu ihrem k\u00f6stlichen Geschmack und Aroma bei, sondern spielen auch eine entscheidende Rolle bei den therapeutischen Effekten dieser Sorte. Die Hauptterpene in San Bacio Gelato sind Caryophyllen, Limonen, Linalool, Humulen und Trans-Nerolidol.<\/p>\n\n\n\n<p><strong>Caryophyllen<\/strong>: Mit seinem w\u00fcrzigen und pfeffrigen Aroma ist dieses Terpen f\u00fcr seine entz\u00fcndungshemmenden und schmerzlindernden Eigenschaften bekannt und ideal zur Schmerzlinderung und Entz\u00fcndungsreduktion.<\/p>\n\n\n\n<p><strong>Limonen<\/strong>: Dieses zitrusartige Terpen bringt nicht nur ein erfrischendes Zitronenaroma mit sich, sondern hat auch anxiolytische und antidepressive Wirkungen, die helfen, die Stimmung zu heben und Stress zu reduzieren.<\/p>\n\n\n\n<p><strong>Linalool<\/strong>: Mit seinem sanften Lavendelduft ist Linalool f\u00fcr seine entspannenden und beruhigenden Eigenschaften bekannt, wodurch San Bacio Gelato eine perfekte Wahl zur Bek\u00e4mpfung von Angstzust\u00e4nden und Schlaflosigkeit ist.<\/p>\n\n\n\n<p><strong>Humulen<\/strong>: Dieses Terpen, das auch im Hopfen vorkommt, verleiht ein erdiges und holziges Aroma. Es ist bekannt f\u00fcr seine appetitz\u00fcgelnden und entz\u00fcndungshemmenden Eigenschaften.<\/p>\n\n\n\n<p><strong>Trans-Nerolidol<\/strong>: Mit einem Aroma, das an Tee und Blumen erinnert, hat dieses Terpen antioxidative und beruhigende Eigenschaften, die zu den beruhigenden und entspannenden Effekten von San Bacio Gelato beitragen.<\/p>\n\n\n\n<p>Dank dieser komplexen Kombination von Terpenen bietet San Bacio Gelato nicht nur ein einzigartiges sensorisches Erlebnis, sondern auch eine breite Palette therapeutischer Vorteile, die sie sowohl f\u00fcr den Freizeit- als auch f\u00fcr den medizinischen Gebrauch zu einer herausragenden Wahl machen.<\/p>\n\n\n\n<h2 class=\"wp-block-heading\">Ertrag und Bl\u00fctezeit<\/h2>\n\n\n\n<p>San Bacio Gelato ist eine Sorte, die nicht nur durch ihren Geschmack und ihre Wirkung besticht, sondern auch durch ihre hervorragende Leistung sowohl im Innen- als auch im Au\u00dfenanbau. Indoor hat diese Strain eine Bl\u00fctezeit von etwa <strong>60 bis 67 Tagen<\/strong>, was den Z\u00fcchtern erm\u00f6glicht, zwischen <strong>450 und 600 Gramm<\/strong> pro Quadratmeter zu ernten. Um die Produktion zu maximieren, wird empfohlen, Anbautechniken wie Beschneiden und Spalieren zu verwenden, die helfen, die Lichtausbeute zu optimieren und die dichte Struktur der Pflanze zu unterst\u00fctzen.<\/p>\n\n\n\n<p>Im Freien zeigt sie ihr volles Potenzial und passt sich gut an verschiedene klimatische Bedingungen an. Diese Pflanze ist vielseitig und widerstandsf\u00e4hig und vertr\u00e4gt sowohl trockene als auch feuchte Umgebungen. Die Erntezeit im Freien ist <strong>Mitte Oktober<\/strong>, mit einer Produktion, die unter optimalen Bedingungen bis zu <strong>3 Kilogramm pro Pflanze<\/strong> erreichen kann. Einige Ph\u00e4notypen k\u00f6nnen H\u00f6hen von <strong>bis zu 4 Metern<\/strong> erreichen, daher ist es wichtig, ihr Wachstum zu kontrollieren, wenn der Platz begrenzt ist.<\/p>\n\n\n\n<p>Dank ihrer Vitalit\u00e4t und Anpassungsf\u00e4higkeit ist San Bacio Gelato eine ideale Wahl f\u00fcr Z\u00fcchter, die eine Cannabissorte suchen, die hohe Ertr\u00e4ge liefert, ohne die Qualit\u00e4t zu opfern. Ihre beeindruckende Harzproduktion macht sie auch perfekt f\u00fcr die Herstellung von Extrakten und Konzentraten und garantiert ein au\u00dfergew\u00f6hnliches Konsumerlebnis.<\/p>\n\n\n\n<h2 class=\"wp-block-heading\">Wie man San Bacio Gelato anbaut<\/h2>\n\n\n\n<p>San Bacio Gelato ist eine Sorte, die, obwohl lohnend, den Z\u00fcchtern einige Herausforderungen stellen kann. Wir betrachten sie als mittelschwer anzubauen, daher ist sie sowohl f\u00fcr erfahrene Z\u00fcchter als auch f\u00fcr diejenigen geeignet, die bereit sind, zu lernen und Zeit in ihre Pflanzen zu investieren.<\/p>\n\n\n\n<p>Um die besten Ergebnisse zu erzielen, bevorzugt San Bacio Gelato ein mediterranes, gem\u00e4\u00dfigtes und sonniges Klima. Es ist wichtig, eine angemessene Ern\u00e4hrung bereitzustellen, insbesondere in Bezug auf Stickstoff, um ihre dunkelgr\u00fcne Farbe zu erhalten und ihre biologischen Funktionen zu unterst\u00fctzen. Dar\u00fcber hinaus zeigt diese Sorte eine gute Widerstandsf\u00e4higkeit gegen Sch\u00e4dlinge und Krankheiten, was ihre Handhabung unter verschiedenen Anbaubedingungen erleichtert.<\/p>\n\n\n\n<p>Was die Sch\u00e4dlings- und Krankheitsbek\u00e4mpfung betrifft, ist San Bacio Gelato ziemlich widerstandsf\u00e4hig, aber es wird immer empfohlen, eine st\u00e4ndige \u00dcberwachung zu gew\u00e4hrleisten und bei Bedarf vorbeugende Behandlungen durchzuf\u00fchren. Eine angemessene Bel\u00fcftung und das Entfernen von toten oder kranken Bl\u00e4ttern sind ebenfalls wesentliche Praktiken, um die Gesundheit der Pflanze zu erhalten.<\/p>\n\n\n\n<div style=\"height:50px\" aria-hidden=\"true\" class=\"wp-block-spacer uag-hide-mob\"><\/div>\n\n\n\n<div class=\"wp-block-columns is-layout-flex wp-container-core-columns-is-layout-28f84493 wp-block-columns-is-layout-flex\">\n<div class=\"wp-block-column is-layout-flow wp-block-column-is-layout-flow\">\n<p class=\"has-text-align-center has-medium-font-size\"><strong>Was uns am besten gef\u00e4llt<\/strong><\/p>\n\n\n\n<ul class=\"wp-block-list\">\n<li>Sehr einfach anzubauen.<\/li>\n\n\n\n<li>Hohe Produktion.<\/li>\n\n\n\n<li>Unglaubliches Terpenprofil.<\/li>\n<\/ul>\n<\/div>\n\n\n\n<div class=\"wp-block-column is-layout-flow wp-block-column-is-layout-flow\">\n<p class=\"has-text-align-center has-medium-font-size\"><strong>Was uns weniger gef\u00e4llt<\/strong><\/p>\n\n\n\n<ul class=\"wp-block-list\">\n<li>Im Freien kann sie zu einem Monster werden, wenn sie nicht kontrolliert wird.<\/li>\n\n\n\n<li>Sehr geruchsintensiv in der Bl\u00fctephase.<\/li>\n<\/ul>\n<\/div>\n<\/div>\n\n\n\n<div style=\"height:50px\" aria-hidden=\"true\" class=\"wp-block-spacer uag-hide-mob\"><\/div>\n\n\n\n<h2 class=\"wp-block-heading\">H\u00e4ufig gestellte Fragen<\/h2>\n\n\n\n<p>Im Folgenden findest du die Antworten auf die h\u00e4ufigsten Fragen, die Z\u00fcchter zu dieser Sorte stellen:<\/p>\n\n\n<div id=\"rank-math-faq\" class=\"rank-math-block\">\n<div class=\"rank-math-list \">\n<div id=\"faq-question-1721905127054\" class=\"rank-math-list-item\">\n<h3 class=\"rank-math-question \">Ist San Bacio Gelato sativa oder indica?<\/h3>\n<div class=\"rank-math-answer \">\n\n<p>San Bacio Gelato ist \u00fcberwiegend Indica, mit 75% Indica-Genetik und 25% Sativa. Indica-Sorten bieten in der Regel ein entspannenderes und beruhigenderes Erlebnis, perfekt zur Stresslinderung und k\u00f6rperlichen Entspannung. Im Gegensatz dazu sind Sativas f\u00fcr ihre energetisierenden und zerebralen Effekte bekannt, ideal f\u00fcr kreative und soziale Aktivit\u00e4ten. San Bacio Gelato kombiniert das Beste aus beiden Welten und bietet tiefe Entspannung mit einem Hauch von Euphorie und Kreativit\u00e4t.<\/p>\n\n<\/div>\n<\/div>\n<div id=\"faq-question-1721905130587\" class=\"rank-math-list-item\">\n<h3 class=\"rank-math-question \">Welche Kreuzung ist San Bacio Gelato?<\/h3>\n<div class=\"rank-math-answer \">\n\n<p>San Bacio Gelato ist das Ergebnis der Kreuzung von Sunset Sherbert und Thin Mint Cookies.<\/p>\n\n<\/div>\n<\/div>\n<div id=\"faq-question-1663029074962\" class=\"rank-math-list-item\">\n<h3 class=\"rank-math-question \">Wann beginnt San Bacio Gelato im Freien zu bl\u00fchen?<\/h3>\n<div class=\"rank-math-answer \">\n\n<p>Je nach Anbaubreite beginnt die Bl\u00fcte in der ersten Augusth\u00e4lfte.<\/p>\n\n<\/div>\n<\/div>\n<div id=\"faq-question-1663029159933\" class=\"rank-math-list-item\">\n<h3 class=\"rank-math-question \">Wann wird San Bacio Gelato im Freien geerntet?<\/h3>\n<div class=\"rank-math-answer \">\n\n<p>San Bacio Gelato wird im Freien Mitte Oktober geerntet, w\u00e4hrend die Bl\u00fctezeit in Innenr\u00e4umen etwa 60 bis 67 Tage betr\u00e4gt.<\/p>\n\n<\/div>\n<\/div>\n<div id=\"faq-question-1663029165861\" class=\"rank-math-list-item\">\n<h3 class=\"rank-math-question \">Wie baut man eine feminisierte San Bacio Gelato an?<\/h3>\n<div class=\"rank-math-answer \">\n\n<p>San Bacio Gelato gedeiht am besten in einem mediterranen, gem\u00e4\u00dfigten und sonnigen Klima. Sie ben\u00f6tigt eine angemessene Ern\u00e4hrung, insbesondere Stickstoff, und Techniken wie Beschneiden und Spalieren, um die Lichtausbeute zu optimieren. Sie ist widerstandsf\u00e4hig gegen Sch\u00e4dlinge und Krankheiten, aber es wird empfohlen, eine st\u00e4ndige \u00dcberwachung zu gew\u00e4hrleisten und vorbeugende Behandlungen durchzuf\u00fchren.<\/p>\n\n<\/div>\n<\/div>\n<div id=\"faq-question-1666780029954\" class=\"rank-math-list-item\">\n<h3 class=\"rank-math-question \">Welche Effekte hat San Bacio Gelato in gro\u00dfen Mengen?<\/h3>\n<div class=\"rank-math-answer \">\n\n<p>Die Effekte von San Bacio Gelato umfassen eine warme Welle der k\u00f6rperlichen Entspannung und einen erh\u00f6hten mentalen Zustand. Benutzer beschreiben ein Gef\u00fchl der Euphorie, das im Laufe der Zeit zunimmt, ideal f\u00fcr kreative und soziale Momente. Mit der Zeit stellt sich ein Zustand des Tr\u00e4umens und der Entspannung ein, der zum Schlaf f\u00fchren kann.<\/p>\n\n<\/div>\n<\/div>\n<div id=\"faq-question-1721905283060\" class=\"rank-math-list-item\">\n<h3 class=\"rank-math-question \">Wie schmeckt San Bacio Gelato?<\/h3>\n<div class=\"rank-math-answer \">\n\n<p>Der Geschmack von San Bacio Gelato ist eine komplexe und k\u00f6stliche Mischung aus Waldbeeren, Zimt, schwarzem Pfeffer, Zitronenschale, Kiefernholz und Erde. Beim Rauchen erlebt man ein Gef\u00fchl, das dem Genuss eines handgemachten italienischen Eises \u00e4hnelt.<\/p>\n\n<\/div>\n<\/div>\n<div id=\"faq-question-1721905338339\" class=\"rank-math-list-item\">\n<h3 class=\"rank-math-question \">Wie hoch ist der Cannabinoidgehalt von San Bacio Gelato?<\/h3>\n<div class=\"rank-math-answer \">\n\n<p>San Bacio Gelato hat einen THC-Gehalt, der zwischen 20% und 25% liegt, und einen niedrigen CBD-Gehalt von unter 1%.<\/p>\n\n<\/div>\n<\/div>\n<\/div>\n<\/div>","protected":false},"excerpt":{"rendered":"<p><b>San Bacio Gelato<\/b> ist die perfekte Sorte f\u00fcr diejenigen, die eine lohnende Anbauerfahrung und eine kr\u00e4ftige Ernte suchen. Mit einem exquisiten Aroma und <strong>tief entspannenden Effekten<\/strong> garantiert diese Strain Momente der Kreativit\u00e4t und Gelassenheit. Genie\u00dfe au\u00dfergew\u00f6hnliche Ertr\u00e4ge und einen unvergleichlichen Geschmack!<\/p>\n","protected":false},"featured_media":18264,"comment_status":"open","ping_status":"closed","template":"","meta":{"_acf_changed":false,"inline_featured_image":false,"_uag_custom_page_level_css":""},"product_brand":[],"product_cat":[1097,4113],"product_tag":[],"class_list":{"0":"post-18272","1":"product","2":"type-product","3":"status-publish","4":"has-post-thumbnail","6":"product_cat-feminisierte-cannabis-samen","7":"product_cat-cannabis-samen-unter-1-euro","9":"first","10":"instock","11":"sale","12":"taxable","13":"shipping-taxable","14":"purchasable","15":"product-type-simple"},"acf":[],"uagb_featured_image_src":{"full":["https:\/\/bulkgenetics.com\/wp-content\/uploads\/2023\/06\/san-bacio-gelato-weed-strain-1.jpg",1600,1600,false],"thumbnail":["https:\/\/bulkgenetics.com\/wp-content\/uploads\/2023\/06\/san-bacio-gelato-weed-strain-1-150x150.jpg",150,150,true],"medium":["https:\/\/bulkgenetics.com\/wp-content\/uploads\/2023\/06\/san-bacio-gelato-weed-strain-1-300x300.jpg",300,300,true],"medium_large":["https:\/\/bulkgenetics.com\/wp-content\/uploads\/2023\/06\/san-bacio-gelato-weed-strain-1-768x768.jpg",768,768,true],"large":["https:\/\/bulkgenetics.com\/wp-content\/uploads\/2023\/06\/san-bacio-gelato-weed-strain-1-1024x1024.jpg",1024,1024,true],"1536x1536":["https:\/\/bulkgenetics.com\/wp-content\/uploads\/2023\/06\/san-bacio-gelato-weed-strain-1-1536x1536.jpg",1536,1536,true],"2048x2048":["https:\/\/bulkgenetics.com\/wp-content\/uploads\/2023\/06\/san-bacio-gelato-weed-strain-1.jpg",1600,1600,false],"commercegurus-pdp-large":["https:\/\/bulkgenetics.com\/wp-content\/uploads\/2023\/06\/san-bacio-gelato-weed-strain-1-990x990.jpg",990,990,true],"commercegurus-plp-mobile":["https:\/\/bulkgenetics.com\/wp-content\/uploads\/2023\/06\/san-bacio-gelato-weed-strain-1-441x441.jpg",441,441,true],"cgkit_image_swatch":["https:\/\/bulkgenetics.com\/wp-content\/uploads\/2023\/06\/san-bacio-gelato-weed-strain-1-100x100.jpg",100,100,true],"woocommerce_thumbnail":["https:\/\/bulkgenetics.com\/wp-content\/uploads\/2023\/06\/san-bacio-gelato-weed-strain-1-300x300.jpg",300,300,true],"woocommerce_single":["https:\/\/bulkgenetics.com\/wp-content\/uploads\/2023\/06\/san-bacio-gelato-weed-strain-1-800x800.jpg",800,800,true],"woocommerce_gallery_thumbnail":["https:\/\/bulkgenetics.com\/wp-content\/uploads\/2023\/06\/san-bacio-gelato-weed-strain-1-150x150.jpg",150,150,true],"dgwt-wcas-product-suggestion":["https:\/\/bulkgenetics.com\/wp-content\/uploads\/2023\/06\/san-bacio-gelato-weed-strain-1-64x64.jpg",64,64,true]},"uagb_author_info":{"display_name":"Bruno Crespo","author_link":"https:\/\/bulkgenetics.com\/de\/author\/"},"uagb_comment_info":0,"uagb_excerpt":"San Bacio Gelato ist die perfekte Sorte f\u00fcr diejenigen, die eine lohnende Anbauerfahrung und eine kr\u00e4ftige Ernte suchen. Mit einem exquisiten Aroma und tief entspannenden Effekten garantiert diese Strain Momente der Kreativit\u00e4t und Gelassenheit. Genie\u00dfe au\u00dfergew\u00f6hnliche Ertr\u00e4ge und einen unvergleichlichen Geschmack!","_links":{"self":[{"href":"https:\/\/bulkgenetics.com\/de\/wp-json\/wp\/v2\/product\/18272","targetHints":{"allow":["GET"]}}],"collection":[{"href":"https:\/\/bulkgenetics.com\/de\/wp-json\/wp\/v2\/product"}],"about":[{"href":"https:\/\/bulkgenetics.com\/de\/wp-json\/wp\/v2\/types\/product"}],"replies":[{"embeddable":true,"href":"https:\/\/bulkgenetics.com\/de\/wp-json\/wp\/v2\/comments?post=18272"}],"wp:featuredmedia":[{"embeddable":true,"href":"https:\/\/bulkgenetics.com\/de\/wp-json\/wp\/v2\/media\/18264"}],"wp:attachment":[{"href":"https:\/\/bulkgenetics.com\/de\/wp-json\/wp\/v2\/media?parent=18272"}],"wp:term":[{"taxonomy":"product_brand","embeddable":true,"href":"https:\/\/bulkgenetics.com\/de\/wp-json\/wp\/v2\/product_brand?post=18272"},{"taxonomy":"product_cat","embeddable":true,"href":"https:\/\/bulkgenetics.com\/de\/wp-json\/wp\/v2\/product_cat?post=18272"},{"taxonomy":"product_tag","embeddable":true,"href":"https:\/\/bulkgenetics.com\/de\/wp-json\/wp\/v2\/product_tag?post=18272"}],"curies":[{"name":"wp","href":"https:\/\/api.w.org\/{rel}","templated":true}]}}