{"id":18291,"date":"2023-06-23T11:33:51","date_gmt":"2023-06-23T09:33:51","guid":{"rendered":"https:\/\/bulkgenetics.com\/?post_type=product&#038;p=18291"},"modified":"2024-10-08T01:08:52","modified_gmt":"2024-10-07T23:08:52","slug":"purple-kush-auto","status":"publish","type":"product","link":"https:\/\/bulkgenetics.com\/de\/purple-kush-auto\/","title":{"rendered":"Purple Kush Auto"},"content":{"rendered":"\n<p>Purple Kush Auto ist das Ergebnis einer sorgf\u00e4ltigen Kreuzung zwischen Purple Afghani x Hindu Kush mit Ruderalis. Diese genetische Kombination verleiht ihr eine 70%ige Indica-Dominanz, mit einer Prise Ruderalis, die ihre autoflowering Eigenschaften hinzuf\u00fcgt. Die Morphologie der Pflanze ist robust, mit einer verzweigten Struktur und kompakter H\u00f6he, was sie sehr handlich f\u00fcr verschiedene Anbaufl\u00e4chen macht.<\/p>\n\n\n\n<p>Die violetten und gr\u00fcnlichen Farbt\u00f6ne der Pflanze sind ein wahrer Augenschmaus, und sie ist besonders bekannt daf\u00fcr, diese Farben w\u00e4hrend ihres Wachstums zu entwickeln. Purple Kush Auto, kreiert von Buddha Seeds, hat sich einen besonderen Platz im Herzen der Z\u00fcchter und Verbraucher erobert, dank ihrer einfachen Kultivierung, ihrer beeindruckenden Farben und ihrem au\u00dfergew\u00f6hnlichen Terpenprofil.<\/p>\n\n\n\n<p>Unser Purple Kush Auto in Bulk wurde aus einem Elite-Klon ausgew\u00e4hlt, der sich durch eine hohe Produktion auszeichnet und dabei die Qualit\u00e4ten der urspr\u00fcnglichen Genetik von Buddha Seeds beibeh\u00e4lt.<\/p>\n\n\n\n<h2 class=\"wp-block-heading\">Wie man Purple Kush Auto anbaut<\/h2>\n\n\n\n<p>Purple Kush Auto ist bekannt daf\u00fcr, eine ziemlich einfache Marihuanasorte zu sein, die f\u00fcr Anbauer aller Erfahrungsstufen geeignet ist. Stelle sicher, dass du die notwendigen N\u00e4hrstoffe bereitstellst, ohne die Pflanze zu \u00fcberf\u00fcttern. Die Verwendung eines guten D\u00fcngemittels und das Befolgen der Herstellerempfehlungen sind gute Praktiken, die gute Ergebnisse garantieren. Dar\u00fcber hinaus k\u00f6nnen Bl\u00fctenstimulatoren dazu beitragen, die Knospenproduktion zu verbessern und eine h\u00f6here Ausbeute zu erzielen.<\/p>\n\n\n\n<p>Beim Anbau von Purple Kush Auto in Innenr\u00e4umen ist es wichtig, einen Beleuchtungszyklus von 20 Stunden Licht und 4 Stunden Dunkelheit bereitzustellen, um die Leistung zu maximieren. Die Pflanze gedeiht mit den richtigen N\u00e4hrstoffen, aber es ist wichtig, sie nicht zu \u00fcberf\u00fcttern.<\/p>\n\n\n\n<p>In Innenr\u00e4umen kann mit einer Produktion von bis zu 500 Gramm pro Quadratmeter gerechnet werden. Die Pflanze hat eine handliche Gr\u00f6\u00dfe, was sie ideal f\u00fcr den Anbau in Schr\u00e4nken macht. Es wird empfohlen, T\u00f6pfe mit einer geeigneten Gr\u00f6\u00dfe von mindestens 7 Litern zu verwenden, um eine gute Wurzelentwicklung zu erm\u00f6glichen.<\/p>\n\n\n\n<p>Im Freien kann Purple Kush Auto H\u00f6hen von bis zu 2 Metern erreichen und ist in der Lage, unter optimalen Bedingungen etwa 250 Gramm pro Pflanze zu produzieren. Die Anbausaison auf der Nordhalbkugel liegt zwischen April und Oktober, aber in w\u00e4rmeren Klimazonen ist es m\u00f6glich, sie das ganze Jahr \u00fcber anzubauen. Es ist entscheidend, ein geeignetes Klima zu nutzen und zu verhindern, dass die Pflanze Stress ausgesetzt wird, insbesondere in den ersten Wochen.<\/p>\n\n\n\n<p>Wenn du T\u00f6pfe verwendest, entscheide dich f\u00fcr gro\u00dfe Beh\u00e4lter mit mindestens 15 Litern Fassungsverm\u00f6gen. Wenn die Pflanze direkt im Boden angebaut wird, stelle sicher, dass der Boden gut bel\u00fcftet ist und eine gute Drainage hat. Zweifellos ist der Anbau im Boden die beste Option, wenn du ihr volles Potenzial entfalten m\u00f6chtest.<\/p>\n\n\n\n<p>Achte auf Sch\u00e4dlinge und Krankheiten. Verwende bei Bedarf organische Vorbeugungsmittel und stelle sicher, dass die Pflanze gut gegen alle Arten von Sch\u00e4dlingen gesch\u00fctzt ist. Da sie einen so schnellen Lebenszyklus hat, k\u00f6nnte jeder Sch\u00e4dling, der sich ansiedelt, negative Auswirkungen haben.<\/p>\n\n\n\n<h2 class=\"wp-block-heading\">Merkmale von Purple Kush Auto<\/h2>\n\n\n\n<p>Purple Kush Auto produziert dicke und dichte Knospen, die in einer gro\u00dfz\u00fcgigen Schicht aus Harz getr\u00e4nkt sind und eine auff\u00e4llige violette Farbe aufweisen. Ihr Terpenprofil bietet s\u00fc\u00dfe und fruchtige Aromen mit Noten von Sandelholz, Haschisch und erdigen T\u00f6nen sowie einem k\u00f6stlichen karamellisierten Hauch.<\/p>\n\n\n\n<p>Der THC-Gehalt von Purple Kush Auto ist mittel bis hoch, und seine Wirkungen sind \u00fcberwiegend k\u00f6rperlich und entspannend, ideal zur Bek\u00e4mpfung von Stress oder um nach einem langen Tag einen ruhigen Moment zu genie\u00dfen. Dar\u00fcber hinaus macht ihr schneller Lebenszyklus von 60-65 Tagen sie zu einer attraktiven Option f\u00fcr diejenigen, die schnelle Ergebnisse suchen.<\/p>\n\n\n\n<p>Zusammenfassend ist Purple Kush Auto von Buddha Seeds eine selbstbl\u00fchende Marihuanasorte, die sich durch ihre einfache Kultivierung, wundersch\u00f6ne Farben, k\u00f6stliche Aromen und entspannende Wirkungen auszeichnet. Wenn du nach einer Weed suchst, die alles hat, solltest du definitiv in Erw\u00e4gung ziehen, Purple Kush Auto in deinen Garten aufzunehmen.<\/p>\n\n\n\n<div style=\"height:50px\" aria-hidden=\"true\" class=\"wp-block-spacer uag-hide-mob\"><\/div>\n\n\n\n<div class=\"wp-block-columns is-layout-flex wp-container-core-columns-is-layout-28f84493 wp-block-columns-is-layout-flex\">\n<div class=\"wp-block-column is-layout-flow wp-block-column-is-layout-flow\">\n<p class=\"has-text-align-center has-medium-font-size\"><strong>Was wir am meisten m\u00f6gen<\/strong><\/p>\n\n\n\n<ul class=\"wp-block-list\">\n<li>Sehr einfach zu z\u00fcchten.<\/li>\n\n\n\n<li>Gro\u00dfe Produktion f\u00fcr eine autoflowering Sorte.<\/li>\n\n\n\n<li>Sie wird in nur 65 Tagen geerntet.<\/li>\n\n\n\n<li>Sehr entspannende und lang anhaltende Wirkung.<\/li>\n\n\n\n<li>Sein Preis.<\/li>\n<\/ul>\n<\/div>\n\n\n\n<div class=\"wp-block-column is-layout-flow wp-block-column-is-layout-flow\">\n<p class=\"has-text-align-center has-medium-font-size\"><strong>Was wir am wenigsten m\u00f6gen<\/strong><\/p>\n\n\n\n<ul class=\"wp-block-list\">\n<li>Sie braucht viel Sonne.<\/li>\n\n\n\n<li>Besondere Vorsicht ist im Hinblick auf Sch\u00e4dlinge geboten.<\/li>\n<\/ul>\n<\/div>\n<\/div>\n\n\n\n<div style=\"height:50px\" aria-hidden=\"true\" class=\"wp-block-spacer uag-hide-mob\"><\/div>\n\n\n\n<h2 class=\"wp-block-heading\">H\u00e4ufig gestellte Fragen<\/h2>\n\n\n\n<p>Im Folgenden findest du die Antworten auf die am h\u00e4ufigsten gestellten Fragen von Z\u00fcchtern, die sich f\u00fcr diese Genetik interessieren:<\/p>\n\n\n<div id=\"rank-math-faq\" class=\"rank-math-block\">\n<div class=\"rank-math-list \">\n<div id=\"faq-question-1663029074962\" class=\"rank-math-list-item\">\n<h3 class=\"rank-math-question \">Wann beginnt die Purple Kush Auto zu bl\u00fchen?<\/h3>\n<div class=\"rank-math-answer \">\n\n<p>Purple Kush Auto ist eine schnell bl\u00fchende Sorte. In der Regel beginnt sie ihre Bl\u00fctephase etwa drei bis vier Wochen nach der Keimung. Es ist jedoch wichtig zu beachten, dass verschiedene Faktoren wie Umwelt- und Anbaubedingungen die Zeit bis zum Beginn der Bl\u00fcte beeinflussen k\u00f6nnen.<\/p>\n\n<\/div>\n<\/div>\n<div id=\"faq-question-1663029159933\" class=\"rank-math-list-item\">\n<h3 class=\"rank-math-question \">Wie lange dauert es, Purple Kush Auto nach der Keimung zu ernten?<\/h3>\n<div class=\"rank-math-answer \">\n\n<p>Purple Kush Auto hat einen relativ kurzen kompletten Lebenszyklus. Von der Keimung bis zur Ernte dauert es in der Regel etwa 60-65 Tage. Das macht sie zu einer attraktiven Option f\u00fcr Z\u00fcchter, die eine schnell wachsende Sorte suchen.<\/p>\n\n<\/div>\n<\/div>\n<div id=\"faq-question-1663029165861\" class=\"rank-math-list-item\">\n<h3 class=\"rank-math-question \">Wie z\u00fcchte ich eine feminisierte Purple Kush Auto?<\/h3>\n<div class=\"rank-math-answer \">\n\n<p>Achten Sie auf einen angemessenen Lichtzyklus und m\u00e4\u00dfige Bew\u00e4sserung mit wichtigen N\u00e4hrstoffen. Halten Sie eine Temperatur zwischen 20 und 25 Grad Celsius und eine kontrollierte relative Luftfeuchtigkeit aufrecht. Kontrollieren Sie die Pflanze auf Sch\u00e4dlinge oder Krankheiten und ernten Sie, wenn die Trichome und Stempel ihr Optimum erreicht haben.<\/p>\n\n<\/div>\n<\/div>\n<div id=\"faq-question-1666780029954\" class=\"rank-math-list-item\">\n<h3 class=\"rank-math-question \">Was sind die Auswirkungen von Purple Kush Auto in gro\u00dfen Mengen?<\/h3>\n<div class=\"rank-math-answer \">\n\n<p>Purple Kush Auto ist f\u00fcr ihre entspannende und angenehme Wirkung bekannt. Mit einem mittelhohen THC-Gehalt k\u00f6nnen Nutzer ein Gef\u00fchl von leichter Euphorie erleben, gefolgt von k\u00f6rperlicher Entspannung. Sie ist ideal zum Stressabbau.<\/p>\n\n<\/div>\n<\/div>\n<\/div>\n<\/div>","protected":false},"excerpt":{"rendered":"<p>Purple Kush Auto ist eine beeindruckende selbstbl\u00fchende Marihuana-Sorte, die eine faszinierende Farbpalette mit unglaublichen Aromen und einer starken entspannenden Wirkung kombiniert. Perfekt f\u00fcr Liebhaber von violetten Sorten, ist diese Sorte ideal f\u00fcr alle Arten von Z\u00fcchtern und bietet gro\u00dfz\u00fcgige Ertr\u00e4ge sowohl im Innen- als auch im Au\u00dfenbereich. Ihre Wirkung ist entspannend und angenehm, ideal f\u00fcr jede Tageszeit. Kaufe jetzt deine Purple Kush Auto selbstbl\u00fchenden Samen zum besten Preis!<\/p>\n","protected":false},"featured_media":18285,"comment_status":"open","ping_status":"closed","template":"","meta":{"_acf_changed":false,"inline_featured_image":false,"_uag_custom_page_level_css":""},"product_brand":[],"product_cat":[2114],"product_tag":[],"class_list":{"0":"post-18291","1":"product","2":"type-product","3":"status-publish","4":"has-post-thumbnail","6":"product_cat-autoflowering-cannabis-samen","8":"first","9":"instock","10":"taxable","11":"shipping-taxable","12":"purchasable","13":"product-type-simple"},"acf":[],"uagb_featured_image_src":{"full":["https:\/\/bulkgenetics.com\/wp-content\/uploads\/2023\/06\/purple-kush-auto-weed-strain.jpg",1600,1600,false],"thumbnail":["https:\/\/bulkgenetics.com\/wp-content\/uploads\/2023\/06\/purple-kush-auto-weed-strain-150x150.jpg",150,150,true],"medium":["https:\/\/bulkgenetics.com\/wp-content\/uploads\/2023\/06\/purple-kush-auto-weed-strain-300x300.jpg",300,300,true],"medium_large":["https:\/\/bulkgenetics.com\/wp-content\/uploads\/2023\/06\/purple-kush-auto-weed-strain-768x768.jpg",768,768,true],"large":["https:\/\/bulkgenetics.com\/wp-content\/uploads\/2023\/06\/purple-kush-auto-weed-strain-1024x1024.jpg",1024,1024,true],"1536x1536":["https:\/\/bulkgenetics.com\/wp-content\/uploads\/2023\/06\/purple-kush-auto-weed-strain-1536x1536.jpg",1536,1536,true],"2048x2048":["https:\/\/bulkgenetics.com\/wp-content\/uploads\/2023\/06\/purple-kush-auto-weed-strain.jpg",1600,1600,false],"commercegurus-pdp-large":["https:\/\/bulkgenetics.com\/wp-content\/uploads\/2023\/06\/purple-kush-auto-weed-strain-990x990.jpg",990,990,true],"commercegurus-plp-mobile":["https:\/\/bulkgenetics.com\/wp-content\/uploads\/2023\/06\/purple-kush-auto-weed-strain-441x441.jpg",441,441,true],"cgkit_image_swatch":["https:\/\/bulkgenetics.com\/wp-content\/uploads\/2023\/06\/purple-kush-auto-weed-strain-100x100.jpg",100,100,true],"woocommerce_thumbnail":["https:\/\/bulkgenetics.com\/wp-content\/uploads\/2023\/06\/purple-kush-auto-weed-strain-300x300.jpg",300,300,true],"woocommerce_single":["https:\/\/bulkgenetics.com\/wp-content\/uploads\/2023\/06\/purple-kush-auto-weed-strain-800x800.jpg",800,800,true],"woocommerce_gallery_thumbnail":["https:\/\/bulkgenetics.com\/wp-content\/uploads\/2023\/06\/purple-kush-auto-weed-strain-150x150.jpg",150,150,true],"dgwt-wcas-product-suggestion":["https:\/\/bulkgenetics.com\/wp-content\/uploads\/2023\/06\/purple-kush-auto-weed-strain-64x64.jpg",64,64,true]},"uagb_author_info":{"display_name":"\u00c1ngel Flores","author_link":"https:\/\/bulkgenetics.com\/de\/author\/"},"uagb_comment_info":0,"uagb_excerpt":"Purple Kush Auto ist eine beeindruckende selbstbl\u00fchende Marihuana-Sorte, die eine faszinierende Farbpalette mit unglaublichen Aromen und einer starken entspannenden Wirkung kombiniert. Perfekt f\u00fcr Liebhaber von violetten Sorten, ist diese Sorte ideal f\u00fcr alle Arten von Z\u00fcchtern und bietet gro\u00dfz\u00fcgige Ertr\u00e4ge sowohl im Innen- als auch im Au\u00dfenbereich. Ihre Wirkung ist entspannend und angenehm, ideal f\u00fcr&hellip;","_links":{"self":[{"href":"https:\/\/bulkgenetics.com\/de\/wp-json\/wp\/v2\/product\/18291","targetHints":{"allow":["GET"]}}],"collection":[{"href":"https:\/\/bulkgenetics.com\/de\/wp-json\/wp\/v2\/product"}],"about":[{"href":"https:\/\/bulkgenetics.com\/de\/wp-json\/wp\/v2\/types\/product"}],"replies":[{"embeddable":true,"href":"https:\/\/bulkgenetics.com\/de\/wp-json\/wp\/v2\/comments?post=18291"}],"wp:featuredmedia":[{"embeddable":true,"href":"https:\/\/bulkgenetics.com\/de\/wp-json\/wp\/v2\/media\/18285"}],"wp:attachment":[{"href":"https:\/\/bulkgenetics.com\/de\/wp-json\/wp\/v2\/media?parent=18291"}],"wp:term":[{"taxonomy":"product_brand","embeddable":true,"href":"https:\/\/bulkgenetics.com\/de\/wp-json\/wp\/v2\/product_brand?post=18291"},{"taxonomy":"product_cat","embeddable":true,"href":"https:\/\/bulkgenetics.com\/de\/wp-json\/wp\/v2\/product_cat?post=18291"},{"taxonomy":"product_tag","embeddable":true,"href":"https:\/\/bulkgenetics.com\/de\/wp-json\/wp\/v2\/product_tag?post=18291"}],"curies":[{"name":"wp","href":"https:\/\/api.w.org\/{rel}","templated":true}]}}