{"id":18485,"date":"2023-07-11T14:05:26","date_gmt":"2023-07-11T12:05:26","guid":{"rendered":"https:\/\/bulkgenetics.com\/?post_type=product&#038;p=18485"},"modified":"2024-10-08T01:08:52","modified_gmt":"2024-10-07T23:08:52","slug":"strawberry-pie-auto","status":"publish","type":"product","link":"https:\/\/bulkgenetics.com\/de\/strawberry-pie-auto\/","title":{"rendered":"Strawberry Pie Auto"},"content":{"rendered":"\n<p>Die Sorte Strawberry Pie Auto, eine der meistgesuchten auf dem Markt f\u00fcr autoflowering Marihuanasamen, stammt aus der selektiven Zucht von Strawberry und Cherry Pie Auto, was zu einer \u00fcberwiegend Indica-dominanten Hybriden Cannabispflanze f\u00fchrt. Diese Sorte ist bekannt f\u00fcr ihre Robustheit w\u00e4hrend des Wachstums und ihre auff\u00e4lligen, dichten und gl\u00e4nzenden Bl\u00fcten aufgrund der gro\u00dfen Menge an Trichomen, die manchmal wie vom Mond gepfl\u00fcckt wirken.<\/p>\n\n\n\n<p>Diese Sorte hat sich in der Cannabisgemeinschaft einen Platz erobert, aufgrund ihrer starken k\u00f6rperlichen Wirkung, haupts\u00e4chlich Indica, und ihrer bemerkenswerten Harzproduktion, die sie zur idealen Wahl f\u00fcr die Herstellung hochwertiger Extrakte und Konzentrate macht.<\/p>\n\n\n\n<p>Unsere Strawberry Pie Auto wurde aus einem Eliteklon von FastBuds ausgew\u00e4hlt, der sich durch seine Produktion auszeichnet und dabei den s\u00fc\u00dfen Geschmack der Strawberry beibeh\u00e4lt.<\/p>\n\n\n\n<h2 class=\"wp-block-heading\">Wie man Strawberry Pie Auto anbaut<\/h2>\n\n\n\n<p>Der Anbau von Strawberry Pie Autoflower kann sowohl f\u00fcr Anf\u00e4nger als auch f\u00fcr erfahrene Z\u00fcchter eine lohnende Aufgabe sein. Diese Sorte kann sowohl drinnen als auch drau\u00dfen angebaut werden, obwohl f\u00fcr optimale Ergebnisse w\u00e4hrend des gesamten Wachstumszyklus optimale Bedingungen aufrechterhalten werden m\u00fcssen.<\/p>\n\n\n\n<p>Im Innenbereich haben Strawberry Pie Autoflower-Pflanzen eine Bl\u00fctezeit von 8 bis 10 Wochen und k\u00f6nnen etwa 400 bis 550 gr\/m2 produzieren. Es wird empfohlen, die Tagestemperaturen zwischen 20-27\u00b0C und die Nachttemperaturen zwischen 15-18\u00b0C zu halten. Die relative Luftfeuchtigkeit sollte w\u00e4hrend der vegetativen Phase bei etwa 55% -60% gehalten und w\u00e4hrend der Bl\u00fctephase auf 40% reduziert werden. F\u00fcr die Erntephase kann sie sogar auf 30% reduziert werden.<\/p>\n\n\n\n<p>Im Freien sollten die Z\u00fcchter in der n\u00f6rdlichen Hemisph\u00e4re ihre Cannabissamen im April pflanzen, um Mitte Juni ernten zu k\u00f6nnen, wobei eine weitere Ernte Ende August m\u00f6glich ist. Eine gesunde Strawberry Pie Autoflower-Pflanze kann etwa 80 &#8211; 150 gr\/Pflanze an Knospen produzieren. Es sollte immer nach einem Ort gesucht werden, an dem die Cannabispflanzen so viel Sonnenlicht wie m\u00f6glich erhalten.<\/p>\n\n\n\n<h2 class=\"wp-block-heading\">Eigenschaften der Strawberry Pie Auto<\/h2>\n\n\n\n<p>Die Strawberry Pie Autoflower ist bekannt f\u00fcr ihre kompakten, harten Bl\u00fcten, die mit Harz getr\u00e4nkt sind und oft aufgrund der Menge an Trichomen einen kristallinen Glanz aufweisen. Ihr Terpenprofil umfasst Alpha-Humulene, Alpha-Pinene, Beta-Caryophyllene, Limonene, Myrcene, Terpineol, Terpinolene, die f\u00fcr ihre angstl\u00f6senden, migr\u00e4nelindernden und schmerzlindernden Eigenschaften bekannt sind.<\/p>\n\n\n\n<p>Der Geschmack und das Aroma dieser Sorte k\u00f6nnen als perfekte Kombination aus Beeren- und Blumengeschmack beschrieben werden. Strawberry Pie Autoflower erzeugt einen k\u00f6stlichen und sanften Rauch, der eine breite Palette von Effekten bietet und ein starkes, entspannendes Erlebnis liefert.<\/p>\n\n\n\n<p>Die hohe THC-Produktion der Strawberry Pie Auto, die zwischen 24% und 26% liegt, bietet ein starkes und entspannendes Erlebnis. Aus all diesen Gr\u00fcnden haben sich die Samen der Strawberry Pie Auto als hervorragende Wahl unter den autoflowering Samen im Gro\u00dfhandel etabliert, da sie den Z\u00fcchtern eine robuste, produktive und leicht anzubauende Pflanze bieten.<\/p>\n\n\n\n<div style=\"height:50px\" aria-hidden=\"true\" class=\"wp-block-spacer uag-hide-mob\"><\/div>\n\n\n\n<div class=\"wp-block-columns is-layout-flex wp-container-core-columns-is-layout-28f84493 wp-block-columns-is-layout-flex\">\n<div class=\"wp-block-column is-layout-flow wp-block-column-is-layout-flow\">\n<p class=\"has-text-align-center has-medium-font-size\"><strong>Was wir am meisten m\u00f6gen<\/strong><\/p>\n\n\n\n<ul class=\"wp-block-list\">\n<li>Sehr einfach zu z\u00fcchten.<\/li>\n\n\n\n<li>Sein unglaublicher Erdbeer-M\u00fcrbekuchen-Geschmack.<\/li>\n\n\n\n<li>Sie wird in nur 65 Tagen geerntet.<\/li>\n\n\n\n<li>Sehr entspannende und gl\u00fcckliche Effekte.<\/li>\n\n\n\n<li>Sein Preis.<\/li>\n<\/ul>\n<\/div>\n\n\n\n<div class=\"wp-block-column is-layout-flow wp-block-column-is-layout-flow\">\n<p class=\"has-text-align-center has-medium-font-size\"><strong>Was wir am wenigsten m\u00f6gen<\/strong><\/p>\n\n\n\n<ul class=\"wp-block-list\">\n<li>In der Bl\u00fctezeit duftet sie sehr gut.<\/li>\n<\/ul>\n<\/div>\n<\/div>\n\n\n\n<div style=\"height:50px\" aria-hidden=\"true\" class=\"wp-block-spacer uag-hide-mob\"><\/div>\n\n\n\n<h2 class=\"wp-block-heading\">H\u00e4ufig gestellte Fragen<\/h2>\n\n\n\n<p>Im Folgenden findest du die Antworten auf die am h\u00e4ufigsten gestellten Fragen von Z\u00fcchtern, die sich f\u00fcr diese Genetik interessieren:<\/p>\n\n\n<div id=\"rank-math-faq\" class=\"rank-math-block\">\n<div class=\"rank-math-list \">\n<div id=\"faq-question-1663029074962\" class=\"rank-math-list-item\">\n<h3 class=\"rank-math-question \">Wann beginnt die Bl\u00fctezeit von Strawberry Pie Auto?<\/h3>\n<div class=\"rank-math-answer \">\n\n<p>Im Allgemeinen beginnt Strawberry Pie Auto etwa 4-6 Wochen nach der Keimung zu bl\u00fchen.<\/p>\n\n<\/div>\n<\/div>\n<div id=\"faq-question-1663029159933\" class=\"rank-math-list-item\">\n<h3 class=\"rank-math-question \">Wie lange dauert es, Strawberry Pie Auto nach der Keimung zu ernten?<\/h3>\n<div class=\"rank-math-answer \">\n\n<p>Die Gesamtzeit von der Keimung bis zur Ernte betr\u00e4gt bei Strawberry Pie Auto etwa 60-70 Tage. Dies schlie\u00dft die Keimung, das vegetative Wachstum und die Bl\u00fcte ein, was sie zu einer schnellen und effizienten Wahl f\u00fcr Anbauer macht.<\/p>\n\n<\/div>\n<\/div>\n<div id=\"faq-question-1663029165861\" class=\"rank-math-list-item\">\n<h3 class=\"rank-math-question \">Wie kann man Strawberry Pie Auto anbauen?<\/h3>\n<div class=\"rank-math-answer \">\n\n<p>Der Anbau von Strawberry Pie Auto kann sowohl im Innen- als auch im Au\u00dfenbereich erfolgen. Sie ist eine robuste Pflanze, die sich an eine Vielzahl von Anbaubedingungen anpassen kann, was sie sowohl f\u00fcr Anf\u00e4nger als auch f\u00fcr erfahrene Z\u00fcchter geeignet macht.<\/p>\n\n<\/div>\n<\/div>\n<div id=\"faq-question-1666780029954\" class=\"rank-math-list-item\">\n<h3 class=\"rank-math-question \">Was sind die Auswirkungen von Strawberry Pie Auto in gro\u00dfen Mengen?<\/h3>\n<div class=\"rank-math-answer \">\n\n<p>Die Wirkungen sind haupts\u00e4chlich k\u00f6rperlicher Natur, aber es gibt auch einen zerebralen Einfluss, der einen Zustand tiefer Entspannung und Wohlbefinden hervorruft.<\/p>\n\n<\/div>\n<\/div>\n<\/div>\n<\/div>","protected":false},"excerpt":{"rendered":"<p>Strawberry Pie Autoflower ist eine exquisite Cannabis-Sorte, die aus der Kreuzung von Strawberry und Cherry Pie Auto hervorgegangen ist, mit Indica-Dominanz, ber\u00fchmt f\u00fcr ihren hohen THC-Gehalt (24%-26%) und ihr unglaublich s\u00fc\u00dfes Erdbeeraroma. Diese Sorte ist bekannt f\u00fcr ihre starke entspannende Wirkung, zusammen mit einem euphorischen Gef\u00fchl, das dem Konsumenten ein unvergessliches Erlebnis beschert.<\/p>\n","protected":false},"featured_media":18476,"comment_status":"open","ping_status":"closed","template":"","meta":{"_acf_changed":false,"inline_featured_image":false,"_uag_custom_page_level_css":""},"product_brand":[],"product_cat":[2114],"product_tag":[],"class_list":{"0":"post-18485","1":"product","2":"type-product","3":"status-publish","4":"has-post-thumbnail","6":"product_cat-autoflowering-cannabis-samen","8":"first","9":"instock","10":"taxable","11":"shipping-taxable","12":"purchasable","13":"product-type-simple"},"acf":[],"uagb_featured_image_src":{"full":["https:\/\/bulkgenetics.com\/wp-content\/uploads\/2023\/07\/strawberry-pie-auto-weed-strain.jpg",1600,1600,false],"thumbnail":["https:\/\/bulkgenetics.com\/wp-content\/uploads\/2023\/07\/strawberry-pie-auto-weed-strain-150x150.jpg",150,150,true],"medium":["https:\/\/bulkgenetics.com\/wp-content\/uploads\/2023\/07\/strawberry-pie-auto-weed-strain-300x300.jpg",300,300,true],"medium_large":["https:\/\/bulkgenetics.com\/wp-content\/uploads\/2023\/07\/strawberry-pie-auto-weed-strain-768x768.jpg",768,768,true],"large":["https:\/\/bulkgenetics.com\/wp-content\/uploads\/2023\/07\/strawberry-pie-auto-weed-strain-1024x1024.jpg",1024,1024,true],"1536x1536":["https:\/\/bulkgenetics.com\/wp-content\/uploads\/2023\/07\/strawberry-pie-auto-weed-strain-1536x1536.jpg",1536,1536,true],"2048x2048":["https:\/\/bulkgenetics.com\/wp-content\/uploads\/2023\/07\/strawberry-pie-auto-weed-strain.jpg",1600,1600,false],"commercegurus-pdp-large":["https:\/\/bulkgenetics.com\/wp-content\/uploads\/2023\/07\/strawberry-pie-auto-weed-strain-990x990.jpg",990,990,true],"commercegurus-plp-mobile":["https:\/\/bulkgenetics.com\/wp-content\/uploads\/2023\/07\/strawberry-pie-auto-weed-strain-441x441.jpg",441,441,true],"cgkit_image_swatch":["https:\/\/bulkgenetics.com\/wp-content\/uploads\/2023\/07\/strawberry-pie-auto-weed-strain-100x100.jpg",100,100,true],"woocommerce_thumbnail":["https:\/\/bulkgenetics.com\/wp-content\/uploads\/2023\/07\/strawberry-pie-auto-weed-strain-300x300.jpg",300,300,true],"woocommerce_single":["https:\/\/bulkgenetics.com\/wp-content\/uploads\/2023\/07\/strawberry-pie-auto-weed-strain-800x800.jpg",800,800,true],"woocommerce_gallery_thumbnail":["https:\/\/bulkgenetics.com\/wp-content\/uploads\/2023\/07\/strawberry-pie-auto-weed-strain-150x150.jpg",150,150,true],"dgwt-wcas-product-suggestion":["https:\/\/bulkgenetics.com\/wp-content\/uploads\/2023\/07\/strawberry-pie-auto-weed-strain-64x64.jpg",64,64,true]},"uagb_author_info":{"display_name":"\u00c1ngel Flores","author_link":"https:\/\/bulkgenetics.com\/de\/author\/"},"uagb_comment_info":0,"uagb_excerpt":"Strawberry Pie Autoflower ist eine exquisite Cannabis-Sorte, die aus der Kreuzung von Strawberry und Cherry Pie Auto hervorgegangen ist, mit Indica-Dominanz, ber\u00fchmt f\u00fcr ihren hohen THC-Gehalt (24%-26%) und ihr unglaublich s\u00fc\u00dfes Erdbeeraroma. Diese Sorte ist bekannt f\u00fcr ihre starke entspannende Wirkung, zusammen mit einem euphorischen Gef\u00fchl, das dem Konsumenten ein unvergessliches Erlebnis beschert.","_links":{"self":[{"href":"https:\/\/bulkgenetics.com\/de\/wp-json\/wp\/v2\/product\/18485","targetHints":{"allow":["GET"]}}],"collection":[{"href":"https:\/\/bulkgenetics.com\/de\/wp-json\/wp\/v2\/product"}],"about":[{"href":"https:\/\/bulkgenetics.com\/de\/wp-json\/wp\/v2\/types\/product"}],"replies":[{"embeddable":true,"href":"https:\/\/bulkgenetics.com\/de\/wp-json\/wp\/v2\/comments?post=18485"}],"wp:featuredmedia":[{"embeddable":true,"href":"https:\/\/bulkgenetics.com\/de\/wp-json\/wp\/v2\/media\/18476"}],"wp:attachment":[{"href":"https:\/\/bulkgenetics.com\/de\/wp-json\/wp\/v2\/media?parent=18485"}],"wp:term":[{"taxonomy":"product_brand","embeddable":true,"href":"https:\/\/bulkgenetics.com\/de\/wp-json\/wp\/v2\/product_brand?post=18485"},{"taxonomy":"product_cat","embeddable":true,"href":"https:\/\/bulkgenetics.com\/de\/wp-json\/wp\/v2\/product_cat?post=18485"},{"taxonomy":"product_tag","embeddable":true,"href":"https:\/\/bulkgenetics.com\/de\/wp-json\/wp\/v2\/product_tag?post=18485"}],"curies":[{"name":"wp","href":"https:\/\/api.w.org\/{rel}","templated":true}]}}