{"id":19086,"date":"2023-08-29T10:12:10","date_gmt":"2023-08-29T08:12:10","guid":{"rendered":"https:\/\/bulkgenetics.com\/?post_type=product&#038;p=19086"},"modified":"2024-10-08T01:08:51","modified_gmt":"2024-10-07T23:08:51","slug":"mimosa-auto","status":"publish","type":"product","link":"https:\/\/bulkgenetics.com\/de\/mimosa-auto\/","title":{"rendered":"Mimosa Auto"},"content":{"rendered":"\n<p>An der Schnittstelle von \u00fcberlegener Genetik und au\u00dfergew\u00f6hnlichem Geschmack liegt Mimosa Auto. Geboren aus der Verbindung der ber\u00fchmten Purple Punch und der \u00fcppigen Familie Clementine, hat diese Sorte alles, um Ihre neue Lieblingssorte zu werden. Ihr genetisches Profil aus <b>65% Sativa, 30% Indica und 5% Ruderalis<\/b> garantiert eine starke Wirkung und unvergleichliche Anbaueinfachheit.<\/p>\n\n\n\n<p>Jeder Bud von Mimosa Auto ist ein Kunstwerk. Mit einem <strong>THC-Gehalt von<\/strong> <b>21%<\/b> ist es ebenso stark wie jede photoperiodische Sorte, die Sie finden k\u00f6nnen. Es ist darauf ausgelegt, Ihr aktives und soziales Leben zu erg\u00e4nzen, und bietet eine entspannende und kreative Wirkung. Aber das Erlebnis endet nicht hier; die Zitrusaromen von Limette, Orange und Zitrone, erg\u00e4nzt durch einen leichten Dieseltouch, machen es unvergleichlich.<\/p>\n\n\n\n<h2 class=\"wp-block-heading\">Wie man Mimosa Auto anbaut<\/h2>\n\n\n\n<p>Mimosa Auto ist nicht sehr anspruchsvoll in Bezug auf Bew\u00e4sserung und N\u00e4hrstoffe. Achten Sie also darauf, Ihre Pflanzen nicht zu \u00fcberd\u00fcngen und folgen Sie einem ausgewogenen N\u00e4hrstoffregime, um den Ertrag zu maximieren.<\/p>\n\n\n\n<p>Obwohl es eine widerstandsf\u00e4hige Pflanze ist, wird empfohlen, organische Pr\u00e4ventivmittel zu verwenden und eine saubere Umgebung zu erhalten, um die Entwicklung von Sch\u00e4dlingen und Krankheiten zu verhindern. F\u00fchren Sie regelm\u00e4\u00dfige Kontrollen durch, um Anzeichen von Befall zu erkennen.<\/p>\n\n\n\n<p>Diese Sorte ist sowohl beim Anbau als auch beim Konsum gro\u00dfz\u00fcgig. In Innenr\u00e4umen variiert ihre H\u00f6he zwischen 60 und 150 cm, was sie auch f\u00fcr kleinere R\u00e4ume perfekt macht. Mit einer Bl\u00fctezeit von 7-8 Wochen k\u00f6nnen Sie Ernten von <strong>bis zu<\/strong> <b>400g\/m\u00b2<\/b> erwarten.<\/p>\n\n\n\n<p>Wenn Sie sich f\u00fcr den Anbau im Freien entscheiden, kann die Pflanze eine H\u00f6he von bis zu 160 cm erreichen. Unter diesen Bedingungen k\u00f6nnen Sie nach 10 Wochen ab Keimung Ernten von <strong>bis zu 130g pro Pflanze<\/strong> erwarten. Der Schl\u00fcssel zu diesen Ertr\u00e4gen ist eine gute Luftzirkulation und ein gut gen\u00e4hrter Boden.<\/p>\n\n\n\n<h2 class=\"wp-block-heading\">Eigenschaften von Mimosa Auto<\/h2>\n\n\n\n<p>Es ist schwer, die physischen Qualit\u00e4ten dieser Pflanze zu \u00fcbersehen. Trotz ihrer Autoflowering-Eigenschaften zeigt Mimosa Auto eine robuste Pr\u00e4senz im Garten. Erwarten Sie einen hohen Hauptstamm mit k\u00fcrzeren Seitenzweigen und d\u00fcnnen F\u00e4cherbl\u00e4ttern, die Oranget\u00f6ne oder sogar dunkles Lila annehmen k\u00f6nnen.<\/p>\n\n\n\n<p>Es ist ideal f\u00fcr diejenigen, die hohe Ertr\u00e4ge ohne den Aufwand der Bewirtschaftung einer gro\u00dfen Pflanze suchen. Diese angeborene Vitalit\u00e4t der <b>Mimosa Auto<\/b> verleiht ihr zus\u00e4tzliche Widerstandsf\u00e4higkeit gegen\u00fcber schlechtem Wetter, Sch\u00e4dlingen und anderen Stressfaktoren, was sie auch f\u00fcr Anf\u00e4ngerz\u00fcchter geeignet macht. Mit diesen Eigenschaften ist es schwer, einen Grund zu finden, nicht in die Welt der Mimosa Auto einzutauchen.<\/p>\n\n\n\n<p>Diese Sorte ist bekannt f\u00fcr ihr Zitrus-Terpenprofil, das <strong>einen Geruch und Geschmack von Orange, Zitrone und tropischen Fr\u00fcchten<\/strong> bietet. Es ist ein Genuss f\u00fcr die Sinne, der das Konsumerlebnis besonders angenehm macht.<\/p>\n\n\n\n<p>Mimosa Auto ist ber\u00fchmt f\u00fcr ihre ausgewogenen Effekte, die eine <strong>sanfte Euphorie und Stresslinderung<\/strong> beinhalten. Sie ist ideal f\u00fcr die Tagesnutzung, da sie keine Schl\u00e4frigkeit verursacht.<\/p>\n\n\n\n<div style=\"height:50px\" aria-hidden=\"true\" class=\"wp-block-spacer uag-hide-mob\"><\/div>\n\n\n\n<div class=\"wp-block-columns is-layout-flex wp-container-core-columns-is-layout-28f84493 wp-block-columns-is-layout-flex\">\n<div class=\"wp-block-column is-layout-flow wp-block-column-is-layout-flow\">\n<p class=\"has-text-align-center has-medium-font-size\"><strong>Was wir am meisten m\u00f6gen<\/strong><\/p>\n\n\n\n<ul class=\"wp-block-list\">\n<li>Sehr einfach zu z\u00fcchten.<\/li>\n\n\n\n<li>Hohe Produktion.<\/li>\n\n\n\n<li>Ernte in nur 70 Tagen.<\/li>\n\n\n\n<li>Sehr entspannende und gl\u00fcckliche Effekte.<\/li>\n\n\n\n<li>Der Preis.<\/li>\n<\/ul>\n<\/div>\n\n\n\n<div class=\"wp-block-column is-layout-flow wp-block-column-is-layout-flow\">\n<p class=\"has-text-align-center has-medium-font-size\"><strong>Was uns am wenigsten gef\u00e4llt<\/strong><\/p>\n\n\n\n<ul class=\"wp-block-list\">\n<li>Sehr geruchsintensiv w\u00e4hrend der Bl\u00fcte.<\/li>\n<\/ul>\n<\/div>\n<\/div>\n\n\n\n<div style=\"height:50px\" aria-hidden=\"true\" class=\"wp-block-spacer uag-hide-mob\"><\/div>\n\n\n\n<h2 class=\"wp-block-heading\">H\u00e4ufig gestellte Fragen<\/h2>\n\n\n\n<p>Im Folgenden finden Sie Antworten auf die h\u00e4ufigsten Fragen, die sich Z\u00fcchter f\u00fcr diese Genetik interessieren:<\/p>\n\n\n<div id=\"rank-math-faq\" class=\"rank-math-block\">\n<div class=\"rank-math-list \">\n<div id=\"faq-question-1663029074962\" class=\"rank-math-list-item\">\n<h3 class=\"rank-math-question \">Wann beginnt Mimosa Auto zu bl\u00fchen?<\/h3>\n<div class=\"rank-math-answer \">\n\n<p>Die autoflowering Pflanzen von Mimosa Auto beginnen automatisch in der 3. Woche nach der Keimung zu bl\u00fchen.<\/p>\n\n<\/div>\n<\/div>\n<div id=\"faq-question-1663029159933\" class=\"rank-math-list-item\">\n<h3 class=\"rank-math-question \">Wie lange dauert es, eine Mimosa Auto seit der Keimung zu ernten?<\/h3>\n<div class=\"rank-math-answer \">\n\n<p>Mimosa Auto ist in der Regel in etwa 8-10 Wochen nach der Keimung zur Ernte bereit. Dies schlie\u00dft sowohl die vegetative als auch die Bl\u00fctephase ein.<\/p>\n\n<\/div>\n<\/div>\n<div id=\"faq-question-1663029165861\" class=\"rank-math-list-item\">\n<h3 class=\"rank-math-question \">Wie z\u00fcchtet man eine feminisierte Mimosa Auto?<\/h3>\n<div class=\"rank-math-answer \">\n\n<p>Es ist eine sehr einfach zu z\u00fcchtende Sorte. Sie m\u00fcssen lediglich qualitativ hochwertige N\u00e4hrstoffe bereitstellen, \u00dcberd\u00fcngung vermeiden und auf m\u00f6gliche Sch\u00e4dlinge achten.<\/p>\n\n<\/div>\n<\/div>\n<div id=\"faq-question-1666780029954\" class=\"rank-math-list-item\">\n<h3 class=\"rank-math-question \">Welche Effekte hat Mimosa Auto im Gro\u00dfhandel?<\/h3>\n<div class=\"rank-math-answer \">\n\n<p>Sie ist bekannt f\u00fcr ihr ausgewogenes Profil an Effekten, einschlie\u00dflich einer gem\u00e4\u00dfigten Euphorie und Stressabbau. Es ist eine ideale Sorte f\u00fcr den Tagesgebrauch, da sie keine Schl\u00e4frigkeit verursacht.<\/p>\n\n<\/div>\n<\/div>\n<\/div>\n<\/div>","protected":false},"excerpt":{"rendered":"<p>Mit einem beeindruckenden <strong>THC-Gehalt von 21%<\/strong> l\u00e4dt Mimosa Auto zu einem unvergleichlichen sinnlichen Erlebnis ein. Ihre <strong>unverwechselbaren Zitrusaromen<\/strong> werden Sie immer wieder zur\u00fcckkehren lassen. Diese Sorte ist ein genetisches Meisterwerk, das 65% Sativa, 30% Indica und 5% Ruderalis kombiniert. Ideal f\u00fcr den Tageskonsum, f\u00f6rdert sie eine erhebende Wirkung, die jede Aktivit\u00e4t erhellt. Und f\u00fcr die Z\u00fcchter verspricht sie au\u00dfergew\u00f6hnliche Ertr\u00e4ge in Rekordzeit. Suchen Sie nach der perfekten Balance zwischen <strong>Geschmack, Potenz und Anbausimpelheit<\/strong>? Suchen Sie nicht weiter; Mimosa Auto ist Ihre Wahl.<\/p>\n","protected":false},"featured_media":19081,"comment_status":"open","ping_status":"closed","template":"","meta":{"_acf_changed":false,"inline_featured_image":false,"_uag_custom_page_level_css":""},"product_brand":[],"product_cat":[2114],"product_tag":[],"class_list":{"0":"post-19086","1":"product","2":"type-product","3":"status-publish","4":"has-post-thumbnail","6":"product_cat-autoflowering-cannabis-samen","8":"first","9":"instock","10":"taxable","11":"shipping-taxable","12":"purchasable","13":"product-type-simple"},"acf":[],"uagb_featured_image_src":{"full":["https:\/\/bulkgenetics.com\/wp-content\/uploads\/2023\/08\/mimosa-auto-weed-strain.jpg",1600,1600,false],"thumbnail":["https:\/\/bulkgenetics.com\/wp-content\/uploads\/2023\/08\/mimosa-auto-weed-strain-150x150.jpg",150,150,true],"medium":["https:\/\/bulkgenetics.com\/wp-content\/uploads\/2023\/08\/mimosa-auto-weed-strain-300x300.jpg",300,300,true],"medium_large":["https:\/\/bulkgenetics.com\/wp-content\/uploads\/2023\/08\/mimosa-auto-weed-strain-768x768.jpg",768,768,true],"large":["https:\/\/bulkgenetics.com\/wp-content\/uploads\/2023\/08\/mimosa-auto-weed-strain-1024x1024.jpg",1024,1024,true],"1536x1536":["https:\/\/bulkgenetics.com\/wp-content\/uploads\/2023\/08\/mimosa-auto-weed-strain-1536x1536.jpg",1536,1536,true],"2048x2048":["https:\/\/bulkgenetics.com\/wp-content\/uploads\/2023\/08\/mimosa-auto-weed-strain.jpg",1600,1600,false],"commercegurus-pdp-large":["https:\/\/bulkgenetics.com\/wp-content\/uploads\/2023\/08\/mimosa-auto-weed-strain-990x990.jpg",990,990,true],"commercegurus-plp-mobile":["https:\/\/bulkgenetics.com\/wp-content\/uploads\/2023\/08\/mimosa-auto-weed-strain-441x441.jpg",441,441,true],"cgkit_image_swatch":["https:\/\/bulkgenetics.com\/wp-content\/uploads\/2023\/08\/mimosa-auto-weed-strain-100x100.jpg",100,100,true],"woocommerce_thumbnail":["https:\/\/bulkgenetics.com\/wp-content\/uploads\/2023\/08\/mimosa-auto-weed-strain-300x300.jpg",300,300,true],"woocommerce_single":["https:\/\/bulkgenetics.com\/wp-content\/uploads\/2023\/08\/mimosa-auto-weed-strain-800x800.jpg",800,800,true],"woocommerce_gallery_thumbnail":["https:\/\/bulkgenetics.com\/wp-content\/uploads\/2023\/08\/mimosa-auto-weed-strain-150x150.jpg",150,150,true],"dgwt-wcas-product-suggestion":["https:\/\/bulkgenetics.com\/wp-content\/uploads\/2023\/08\/mimosa-auto-weed-strain-64x64.jpg",64,64,true]},"uagb_author_info":{"display_name":"\u00c1ngel Flores","author_link":"https:\/\/bulkgenetics.com\/de\/author\/"},"uagb_comment_info":1,"uagb_excerpt":"Mit einem beeindruckenden THC-Gehalt von 21% l\u00e4dt Mimosa Auto zu einem unvergleichlichen sinnlichen Erlebnis ein. Ihre unverwechselbaren Zitrusaromen werden Sie immer wieder zur\u00fcckkehren lassen. Diese Sorte ist ein genetisches Meisterwerk, das 65% Sativa, 30% Indica und 5% Ruderalis kombiniert. Ideal f\u00fcr den Tageskonsum, f\u00f6rdert sie eine erhebende Wirkung, die jede Aktivit\u00e4t erhellt. Und f\u00fcr die&hellip;","_links":{"self":[{"href":"https:\/\/bulkgenetics.com\/de\/wp-json\/wp\/v2\/product\/19086","targetHints":{"allow":["GET"]}}],"collection":[{"href":"https:\/\/bulkgenetics.com\/de\/wp-json\/wp\/v2\/product"}],"about":[{"href":"https:\/\/bulkgenetics.com\/de\/wp-json\/wp\/v2\/types\/product"}],"replies":[{"embeddable":true,"href":"https:\/\/bulkgenetics.com\/de\/wp-json\/wp\/v2\/comments?post=19086"}],"wp:featuredmedia":[{"embeddable":true,"href":"https:\/\/bulkgenetics.com\/de\/wp-json\/wp\/v2\/media\/19081"}],"wp:attachment":[{"href":"https:\/\/bulkgenetics.com\/de\/wp-json\/wp\/v2\/media?parent=19086"}],"wp:term":[{"taxonomy":"product_brand","embeddable":true,"href":"https:\/\/bulkgenetics.com\/de\/wp-json\/wp\/v2\/product_brand?post=19086"},{"taxonomy":"product_cat","embeddable":true,"href":"https:\/\/bulkgenetics.com\/de\/wp-json\/wp\/v2\/product_cat?post=19086"},{"taxonomy":"product_tag","embeddable":true,"href":"https:\/\/bulkgenetics.com\/de\/wp-json\/wp\/v2\/product_tag?post=19086"}],"curies":[{"name":"wp","href":"https:\/\/api.w.org\/{rel}","templated":true}]}}