{"id":21921,"date":"2024-01-03T12:53:47","date_gmt":"2024-01-03T11:53:47","guid":{"rendered":"https:\/\/bulkgenetics.com\/?post_type=product&#038;p=21921"},"modified":"2024-10-08T01:08:50","modified_gmt":"2024-10-07T23:08:50","slug":"ghost-og","status":"publish","type":"product","link":"https:\/\/bulkgenetics.com\/de\/ghost-og\/","title":{"rendered":"Ghost OG"},"content":{"rendered":"\n<p>Ghost OG, auch bekannt als Ghost OG Kush, ist ein Name, der bei Experten und Neulingen gleicherma\u00dfen gut ankommt. Er ist bekannt f\u00fcr seine starke Wirkung und sein Zitrusaroma.<\/p>\n\n\n\n<p>Wenn du neugierig bist, was diese Sorte zum Liebling vieler Menschen macht, verraten wir dir hier, warum! Wir werden alles von seiner geheimnisvollen Herkunft bis hin zu Tipps f\u00fcr den Anbau aufschl\u00fcsseln, und glaub mir, du wirst nichts verpassen wollen.<\/p>\n\n\n\n<h2 class=\"wp-block-heading\">Urspr\u00fcnge und Genetik von Ghost OG<\/h2>\n\n\n\n<p>Lass uns ein bisschen tiefer graben und dar\u00fcber reden, woher Ghost OG kommt. Sie ist so etwas wie ein Mysterium, aber die meisten Leute denken, dass sie ein Ableger der urspr\u00fcnglichen OG Kush-Pflanze ist. Das bedeutet, dass sie wie ein Nachkomme dieser ber\u00fchmten Sorte ist und ihre starken Wurzeln von dort hat.<\/p>\n\n\n\n<p>Aber es ist nicht einfach ein OG Kush-Schnitt, sondern eine Kreuzung zwischen einer OG Kush und einer unbekannten Sorte, die Hindu Kush-DNA in ihren Genen hat.<\/p>\n\n\n\n<p>Diese Sorte ist nicht irgendeine Pflanze; sie hat etwas Besonderes in ihrer DNA! Dies ist ein indicadominierter Hybrid mit einem THC-Gehalt, der dich umhauen kann, wenn du nicht aufpasst.<\/p>\n\n\n\n<p>Und glaub mir, die Leute lieben diese Ghost OG Sorte f\u00fcr ihre unglaubliche Wirkung, ihren Geschmack und ihr zuverl\u00e4ssiges Wachstum. Setze diese Cannabissamen einfach in die Erde und du wirst sehen, wie sie ihre Magie entfalten, um dir erstklassige Knospen zu bescheren, ohne dass du dir zu viele Gedanken machen musst.<\/p>\n\n\n\n<h2 class=\"wp-block-heading\">Ghost OG Eigenschaften und Effekte<\/h2>\n\n\n\n<p>Ghost OG hat den Ruf, ziemlich stark zu sein. Er ist als Phantom OG Strain bekannt, weil er wirklich Potenz hat. Dieses Kraut sorgt daf\u00fcr, dass man sich entspannt und gl\u00fccklich f\u00fchlt, als w\u00fcrde man auf einer Wolke schweben oder so.<\/p>\n\n\n\n<p>Manche sagen, es hilft ihnen auch, besser zu schlafen, was toll ist, wenn jemand die ganze Nacht Schafe gez\u00e4hlt hat.<\/p>\n\n\n\n<p>Jetzt lass uns dar\u00fcber reden, wie diese Pflanze ihre Magie entfaltet. Es spielt auf gute Weise mit dem Verstand und l\u00e4sst die Sorgen weit weg erscheinen. Aber hey, immer mit der Ruhe! Wenn du zu viel davon nimmst, kann es sein, dass du am Sofa kleben bleibst.<\/p>\n\n\n\n<p>Auch wenn es dich entspannt, sei nicht \u00fcberrascht, wenn du am Ende \u00fcber fast alles lachen musst. Das ist eine der lustigen Wirkungen von Ghost OG, f\u00fcr die die Leute immer wieder zur\u00fcckkommen.<\/p>\n\n\n\n<h2 class=\"wp-block-heading\">Ghost OG Geschmacksprofil<\/h2>\n\n\n\n<p>Ghost OG hat einen Geschmack, der dich umhauen wird, nat\u00fcrlich auf die beste Art und Weise! Stell dir vor, du \u00f6ffnest diese klebrigen Knospen und die Luft ist erf\u00fcllt von einem frischen Zitrusaroma. Es ist, als ob man eine Orange direkt vor deiner Nase sch\u00e4lt.<\/p>\n\n\n\n<p>Wenn du ihn probierst, wirst du sp\u00fcren, wie die Aromen auf deiner Zunge tanzen: Kiefer und s\u00fc\u00dfe Zitrone mischen sich mit erdigen Noten, die dich an einen Spaziergang durch einen \u00fcppigen Wald erinnern.<\/p>\n\n\n\n<p>Die Leute regen sich oft dar\u00fcber auf, wie leicht es ist, dieses Kraut zu rauchen. Hier gibt es keine H\u00e4rte, nur k\u00fchlen, cremigen Rauch, der leicht runtergeht und einen so angenehmen Nachgeschmack hinterl\u00e4sst, als w\u00fcrdest du einen s\u00fc\u00dfen Kr\u00e4utertee schl\u00fcrfen.<\/p>\n\n\n\n<p>Wenn du also auf Geschmack stehst, hol dir Ghost OG und lass deine Geschmacksknospen ein bisschen Spa\u00df haben!<\/p>\n\n\n\n<h2 class=\"wp-block-heading\">Wie man Ghost OG anbaut<\/h2>\n\n\n\n<p>Bist du also bereit, Ghost OG anzubauen? Toll! Diese Pflanze liebt einen Platz, an dem sie sich ausstrecken kann. Bereite den Boden gut vor; er sollte gut drainieren, aber trotzdem genug Wasser speichern, damit deine Pflanzen nicht austrocknen. Au\u00dferdem muss das Substrat schwammig und durchl\u00fcftet sein, damit sich die Wurzeln gut ausbreiten k\u00f6nnen.<\/p>\n\n\n\n<p>Um maximale Ertr\u00e4ge zu garantieren, ist es wichtig, gute N\u00e4hrstoffe zu verwenden, vor allem ausreichend Stickstoff, damit die Pflanze in der vegetativen Phase wachsen kann.<\/p>\n\n\n\n<p>Lass uns \u00fcber den Belag reden, das gute Zeug. Schneide den oberen Teil des Hauptstammes ab, wenn deine Pflanze noch jung ist. So k\u00f6nnen mehr Zweige wachsen und das bedeutet mehr Knospen f\u00fcr die Ernte.  <\/p>\n\n\n\n<p>Apropos ernten: Geduld ist das A und O. Warte, bis die Knospen voll ausgereift sind, bevor du sie pfl\u00fcckst, es wird sich lohnen, das verspreche ich dir.  <\/p>\n\n\n\n<p>Denk daran, h\u00e4ufig nach Sch\u00e4dlingen zu suchen, denn sie k\u00f6nnen pl\u00f6tzlich auftauchen (kleine Wanzen!). Aber mit etwas Liebe und Pflege kannst du eine reiche Ernte dieser Sch\u00f6nheit erwarten.<\/p>\n\n\n\n<div style=\"height:50px\" aria-hidden=\"true\" class=\"wp-block-spacer uag-hide-mob\"><\/div>\n\n\n\n<div class=\"wp-block-columns is-layout-flex wp-container-core-columns-is-layout-28f84493 wp-block-columns-is-layout-flex\">\n<div class=\"wp-block-column is-layout-flow wp-block-column-is-layout-flow\">\n<p class=\"has-text-align-center has-medium-font-size\"><strong>Was wir am meisten m\u00f6gen<\/strong><\/p>\n\n\n\n<ul class=\"wp-block-list\">\n<li>Sehr einfach zu z\u00fcchten.<\/li>\n\n\n\n<li>Hohe Produktion.<\/li>\n\n\n\n<li>Leckerer Geschmack.<\/li>\n\n\n\n<li>Ideal zum Schlafen.<\/li>\n\n\n\n<li>Sein Preis.<\/li>\n<\/ul>\n<\/div>\n\n\n\n<div class=\"wp-block-column is-layout-flow wp-block-column-is-layout-flow\">\n<p class=\"has-text-align-center has-medium-font-size\"><strong>Was wir am wenigsten m\u00f6gen<\/strong><\/p>\n\n\n\n<ul class=\"wp-block-list\">\n<li>Sie ist nicht die beste Sorte f\u00fcr diejenigen, die nach psychoaktiven Effekten suchen.<\/li>\n\n\n\n<li>Narkotische Wirkung, wenn zu viel geraucht wird.<\/li>\n<\/ul>\n<\/div>\n<\/div>\n\n\n\n<div style=\"height:50px\" aria-hidden=\"true\" class=\"wp-block-spacer uag-hide-mob\"><\/div>\n\n\n\n<h2 class=\"wp-block-heading\">H\u00e4ufig gestellte Fragen<\/h2>\n\n\n\n<p>Im Folgenden findest du die Antworten auf die am h\u00e4ufigsten gestellten Fragen von Z\u00fcchtern, die an dieser Sorte interessiert sind:<\/p>\n\n\n<div id=\"rank-math-faq\" class=\"rank-math-block\">\n<div class=\"rank-math-list \">\n<div id=\"faq-question-1663029074962\" class=\"rank-math-list-item\">\n<h3 class=\"rank-math-question \">Wann beginnt die Ghost OG im Freien zu bl\u00fchen?<\/h3>\n<div class=\"rank-math-answer \">\n\n<p>Die Outdoor-Bl\u00fcte von Ghost OG beginnt normalerweise im Sp\u00e4tsommer oder Fr\u00fchherbst, je nach Klima. In der n\u00f6rdlichen Hemisph\u00e4re ist das normalerweise Ende August bis September, wenn die Tage k\u00fcrzer werden und der Pflanze signalisieren, dass es Zeit ist, mit der Bl\u00fctephase zu beginnen.<\/p>\n\n<\/div>\n<\/div>\n<div id=\"faq-question-1663029159933\" class=\"rank-math-list-item\">\n<h3 class=\"rank-math-question \">Wann schneidet man eine Ghost OG im Freien?<\/h3>\n<div class=\"rank-math-answer \">\n\n<p>Das Schneiden einer Ghost OG im Freien sollte erfolgen, wenn die Knospen reif sind, was in der Regel etwa 8-9 Wochen nach Beginn der Bl\u00fcte der Fall ist. Es ist wichtig, die Trichome auf den Knospen zu beobachten; wenn die meisten von ihnen milchig oder bernsteinfarben sind, ist dies der optimale Zeitpunkt f\u00fcr die Ernte, in der Regel Ende Oktober oder Anfang November auf der Nordhalbkugel.<\/p>\n\n<\/div>\n<\/div>\n<div id=\"faq-question-1663029165861\" class=\"rank-math-list-item\">\n<h3 class=\"rank-math-question \">Wie baut man eine feminisierte Ghost OG an?<\/h3>\n<div class=\"rank-math-answer \">\n\n<p>Um eine feminisierte Ghost OG anzubauen, solltest du zun\u00e4chst f\u00fcr eine stabile und kontrollierte Umgebung sorgen. Verwende einen gut durchl\u00e4ssigen, bel\u00fcfteten Boden und sorge f\u00fcr ein ausgewogenes Verh\u00e4ltnis von Feuchtigkeit und N\u00e4hrstoffen, wobei der Schwerpunkt auf Stickstoff w\u00e4hrend der Vegetationsphase und Phosphor und Kalium w\u00e4hrend der Bl\u00fctezeit liegt. Achte auf Sch\u00e4dlinge und Krankheiten und passe die Bedingungen bei Bedarf an, damit die Pflanze bis zur Ernte gesund bleibt.<\/p>\n\n<\/div>\n<\/div>\n<\/div>\n<\/div>","protected":false},"excerpt":{"rendered":"<p>Ghost OG, eine indicadominante Kreuzung aus einer OG Kush und einer geheimnisvollen Hindu Kush Linie. Sie zeichnet sich in der Cannabiswelt durch ihre potente Genetik und entspannende Wirkung aus. Diese Sorte ist ber\u00fchmt f\u00fcr ihre F\u00e4higkeit, Gl\u00fccksgef\u00fchle und tiefe Entspannung auszul\u00f6sen. Sie ist ideal f\u00fcr alle, die Stress abbauen wollen und eine Schlafhilfe suchen. Sein Geschmacksprofil ist ebenso beeindruckend und kombiniert Zitrus- und erdige Noten mit einem weichen, cremigen Rauch, der den Gaumen erfreut.<\/p>\n","protected":false},"featured_media":21903,"comment_status":"open","ping_status":"closed","template":"","meta":{"_acf_changed":false,"inline_featured_image":false,"_uag_custom_page_level_css":""},"product_brand":[],"product_cat":[1097],"product_tag":[],"class_list":{"0":"post-21921","1":"product","2":"type-product","3":"status-publish","4":"has-post-thumbnail","6":"product_cat-feminisierte-cannabis-samen","8":"first","9":"outofstock","10":"taxable","11":"shipping-taxable","12":"purchasable","13":"product-type-simple"},"acf":[],"uagb_featured_image_src":{"full":["https:\/\/bulkgenetics.com\/wp-content\/uploads\/2024\/01\/ghost-og-strain-weed-seeds.jpg",1600,1600,false],"thumbnail":["https:\/\/bulkgenetics.com\/wp-content\/uploads\/2024\/01\/ghost-og-strain-weed-seeds-150x150.jpg",150,150,true],"medium":["https:\/\/bulkgenetics.com\/wp-content\/uploads\/2024\/01\/ghost-og-strain-weed-seeds-300x300.jpg",300,300,true],"medium_large":["https:\/\/bulkgenetics.com\/wp-content\/uploads\/2024\/01\/ghost-og-strain-weed-seeds-768x768.jpg",768,768,true],"large":["https:\/\/bulkgenetics.com\/wp-content\/uploads\/2024\/01\/ghost-og-strain-weed-seeds-1024x1024.jpg",1024,1024,true],"1536x1536":["https:\/\/bulkgenetics.com\/wp-content\/uploads\/2024\/01\/ghost-og-strain-weed-seeds-1536x1536.jpg",1536,1536,true],"2048x2048":["https:\/\/bulkgenetics.com\/wp-content\/uploads\/2024\/01\/ghost-og-strain-weed-seeds.jpg",1600,1600,false],"commercegurus-pdp-large":["https:\/\/bulkgenetics.com\/wp-content\/uploads\/2024\/01\/ghost-og-strain-weed-seeds-990x990.jpg",990,990,true],"commercegurus-plp-mobile":["https:\/\/bulkgenetics.com\/wp-content\/uploads\/2024\/01\/ghost-og-strain-weed-seeds-441x441.jpg",441,441,true],"cgkit_image_swatch":["https:\/\/bulkgenetics.com\/wp-content\/uploads\/2024\/01\/ghost-og-strain-weed-seeds-100x100.jpg",100,100,true],"woocommerce_thumbnail":["https:\/\/bulkgenetics.com\/wp-content\/uploads\/2024\/01\/ghost-og-strain-weed-seeds-300x300.jpg",300,300,true],"woocommerce_single":["https:\/\/bulkgenetics.com\/wp-content\/uploads\/2024\/01\/ghost-og-strain-weed-seeds-800x800.jpg",800,800,true],"woocommerce_gallery_thumbnail":["https:\/\/bulkgenetics.com\/wp-content\/uploads\/2024\/01\/ghost-og-strain-weed-seeds-150x150.jpg",150,150,true],"dgwt-wcas-product-suggestion":["https:\/\/bulkgenetics.com\/wp-content\/uploads\/2024\/01\/ghost-og-strain-weed-seeds-64x64.jpg",64,64,true]},"uagb_author_info":{"display_name":"\u00c1ngel Flores","author_link":"https:\/\/bulkgenetics.com\/de\/author\/"},"uagb_comment_info":0,"uagb_excerpt":"Ghost OG, eine indicadominante Kreuzung aus einer OG Kush und einer geheimnisvollen Hindu Kush Linie. Sie zeichnet sich in der Cannabiswelt durch ihre potente Genetik und entspannende Wirkung aus. Diese Sorte ist ber\u00fchmt f\u00fcr ihre F\u00e4higkeit, Gl\u00fccksgef\u00fchle und tiefe Entspannung auszul\u00f6sen. Sie ist ideal f\u00fcr alle, die Stress abbauen wollen und eine Schlafhilfe suchen. Sein&hellip;","_links":{"self":[{"href":"https:\/\/bulkgenetics.com\/de\/wp-json\/wp\/v2\/product\/21921","targetHints":{"allow":["GET"]}}],"collection":[{"href":"https:\/\/bulkgenetics.com\/de\/wp-json\/wp\/v2\/product"}],"about":[{"href":"https:\/\/bulkgenetics.com\/de\/wp-json\/wp\/v2\/types\/product"}],"replies":[{"embeddable":true,"href":"https:\/\/bulkgenetics.com\/de\/wp-json\/wp\/v2\/comments?post=21921"}],"wp:featuredmedia":[{"embeddable":true,"href":"https:\/\/bulkgenetics.com\/de\/wp-json\/wp\/v2\/media\/21903"}],"wp:attachment":[{"href":"https:\/\/bulkgenetics.com\/de\/wp-json\/wp\/v2\/media?parent=21921"}],"wp:term":[{"taxonomy":"product_brand","embeddable":true,"href":"https:\/\/bulkgenetics.com\/de\/wp-json\/wp\/v2\/product_brand?post=21921"},{"taxonomy":"product_cat","embeddable":true,"href":"https:\/\/bulkgenetics.com\/de\/wp-json\/wp\/v2\/product_cat?post=21921"},{"taxonomy":"product_tag","embeddable":true,"href":"https:\/\/bulkgenetics.com\/de\/wp-json\/wp\/v2\/product_tag?post=21921"}],"curies":[{"name":"wp","href":"https:\/\/api.w.org\/{rel}","templated":true}]}}