{"id":22069,"date":"2024-01-16T14:27:25","date_gmt":"2024-01-16T13:27:25","guid":{"rendered":"https:\/\/bulkgenetics.com\/?post_type=product&#038;p=22069"},"modified":"2024-10-08T01:08:50","modified_gmt":"2024-10-07T23:08:50","slug":"apple-fritter-strain","status":"publish","type":"product","link":"https:\/\/bulkgenetics.com\/de\/apple-fritter-strain\/","title":{"rendered":"Apple Fritter Strain"},"content":{"rendered":"\n<p>Hast du Probleme, die perfekte Sorte f\u00fcr deinen Feierabend zu finden? Darf ich vorstellen: Apple Fritter, die Nachspeise unter den Cannabissorten, die f\u00fcr ihren s\u00fc\u00dfen Charme und ihre starke Wirkung bekannt ist. Hier findest du alle pikanten Details &#8211; vom zuckers\u00fc\u00dfen Geschmack bis hin zu Anbautipps, die dir helfen, diese verf\u00fchrerischen Knospen wie ein Profi anzubauen.<\/p>\n\n\n\n<p>Bleib dran, wir fangen gerade erst an, und glaub mir, du willst dieses Vergn\u00fcgen nicht verpassen!<\/p>\n\n\n\n<h2 class=\"wp-block-heading\">\u00dcbersicht \u00fcber den Apple Fritter Strain<\/h2>\n\n\n\n<p>Der Anbau deiner besten Cannabispflanze kann sich manchmal wie ein Schuss ins Blaue anf\u00fchlen, oder? Stell dir vor, du st\u00f6\u00dft auf eine Sorte, die nicht nur stark, sondern auch k\u00f6stlich aromatisch ist &#8211; das ist Apple Fritter. Mit seiner perfekten Balance aus Indica und Sativa verspricht dieser s\u00fc\u00dfe Hybrid eine Erfahrung, die so k\u00f6stlich ist wie ein Biss in ein warmes Geb\u00e4ck frisch aus dem Ofen.  <\/p>\n\n\n\n<p>Egal, ob du deinen Anbau verbessern willst oder einfach nur neugierig bist, warum Apple Fritter den Gaumen kitzelt und die Seele bes\u00e4nftigt &#8211; wir haben ein paar pikante Details f\u00fcr dich! Das darfst du nicht verpassen&#8230;<\/p>\n\n\n\n<h3 class=\"wp-block-heading\">Genetische Abstammung<\/h3>\n\n\n\n<p>Apple Fritter stammt von zwei tollen Eltern ab: Triangle Kush und Animal Mints. Das ist eine himmlische Kombination, ganz sicher! Diese beiden bringen das Beste aus beiden Welten mit &#8211; Triangle Kush gibt den klassischen, erdigen Kick, w\u00e4hrend Animal Mints einen s\u00fc\u00dfen Twist hinzuf\u00fcgt.<\/p>\n\n\n\n<p>Zusammen ergeben sie den Apple Fritter mit seiner umwerfenden Kraft und seinem k\u00f6stlichen Geschmack.<\/p>\n\n\n\n<p>Du hast Sour Apple auf der einen und Animal Cookies auf der anderen Seite &#8211; das macht diese Sorte so besonders. Es ist so, als w\u00fcrdest du in einen Apfelkuchen aus deiner Lieblingsb\u00e4ckerei bei\u00dfen, aber viel besser, denn er kann dich nach einem langen Arbeitstag abk\u00fchlen.<\/p>\n\n\n\n<p>Und ich kann dir sagen, dass die Z\u00fcchter diese Genetik lieben, denn sie wissen, dass ihre Pflanzen mit einer so erfolgreichen Kombination im R\u00fccken gut gedeihen werden.<\/p>\n\n\n\n<h3 class=\"wp-block-heading\">Stammesgeschichte<\/h3>\n\n\n\n<p>Lumpy&#8217;s Flowers, eine bekannte Cannabismarke aus Nordkalifornien, hat sich mit der Sorte Apple Fritter etwas Besonderes ausgedacht. Mit der Kreuzung von Sour Apple und Animal Cookies haben sie den Jackpot geknackt.<\/p>\n\n\n\n<p>Stell dir vor, dass diese Kombination eine gro\u00dfe Sache in der Weed-Welt ist &#8211; es ist, als w\u00fcrden sich zwei Superhelden zusammentun.<\/p>\n\n\n\n<p>Dieses Mash-up hat eine unvergessliche Knospe hervorgebracht, die ein Gleichgewicht zwischen s\u00fc\u00df und erdig schafft. Unter Kennern schlug es wegen seiner einzigartigen Mischung schnell Wellen. Auch die Landwirte wurden aufmerksam, denn wer w\u00fcrde nicht gerne seine eigene Ladung dieser schmackhaften Leckerei anbauen? Schnapp dir ein paar Samen, wenn du sie finden kannst, denn dieses Exemplar musst du behalten!<\/p>\n\n\n\n<h2 class=\"wp-block-heading\">Physikalische Merkmale von Apple Fritter Strain<\/h2>\n\n\n\n<p>Apple Fritter-Pflanzen sind echte Hingucker mit klobigen, stacheligen Knospen. Ihre Farben sind knallig &#8211; denk an tiefe Gr\u00fcnt\u00f6ne mit einem Hauch von Lila. Und diese Kristalle? Wie an einem frostigen Morgen in einem Obstgarten sind sie mit klebrigen Trichomen bedeckt, die im Licht glitzern.<\/p>\n\n\n\n<p>Die Bl\u00e4tter wickeln sich um die Knospe und machen sie dicht und z\u00e4h. Die Anbauer m\u00fcssen diese Sch\u00f6nheiten gut trimmen, um das Beste aus ihnen herauszuholen. Und wenn du genau hinsiehst, kannst du orangefarbene H\u00e4rchen entdecken, die der Pflanze das gewisse Etwas verleihen, wie Streusel auf einem Donut!<\/p>\n\n\n\n<h2 class=\"wp-block-heading\">Auswirkungen von Apple Fritter Strain<\/h2>\n\n\n\n<p>Hast du schon mal in eine Leckerei gebissen, die deine Geschmacksknospen in einen Wirbelsturm der Freude versetzt und dich mit einem k\u00fchlen Gef\u00fchl zur\u00fcckl\u00e4sst? Nun, die Sorte Apple Fritter ist so etwas wie das f\u00fcr dein Gehirn.<\/p>\n\n\n\n<p>Stell dir vor, dass du mit jedem Zug ein Gef\u00fchl der Euphorie auspackst &#8211; eingewickelt in eine kuschelige Decke der Entspannung. Aber pass auf, dass du es nicht \u00fcbertreibst, sonst k\u00f6nntest du dich auf einem One-Way-Trip nach Snoozeville wiederfinden.<\/p>\n\n\n\n<h3 class=\"wp-block-heading\">Gef\u00fchle<\/h3>\n\n\n\n<p>Lass uns dar\u00fcber reden, wie die Sorte Apple Fritter die Menschen f\u00fchlen l\u00e4sst. Dieses Gras hat den Ruf, die Stimmung zu heben und f\u00fcr Entspannung zu sorgen.<\/p>\n\n\n\n<ul class=\"wp-block-list\">\n<li>Nach dem Genuss einer Apple Fritter-Sorte f\u00fchlen sich die Menschen normalerweise sehr gut. Es ist wie eine Welle gl\u00fccklicher Energie, die deinen Tag besser machen kann.<\/li>\n\n\n\n<li>Die Wirkung der Sorte Apple Fritter umfasst eine gem\u00fctliche, entspannte Stimmung, die sich in deinem K\u00f6rper ausbreitet. Stell dir vor, du sinkst nach einem langen Tag in deinen Lieblingssessel &#8211; ja, so ist es.<\/li>\n\n\n\n<li>Diese Sch\u00f6nheit sorgt auch f\u00fcr Kichern und gute Laune. Du findest vielleicht alles ein bisschen lustiger, also ist es perfekt zum Chillen mit Freunden.<\/li>\n\n\n\n<li>Oft kommt ein kribbelndes Gef\u00fchl hinzu, das am Kopf beginnt und bis zu den Zehen reicht. Es ist, als ob du ein sanftes Summen im ganzen K\u00f6rper sp\u00fcrst.<\/li>\n\n\n\n<li>Wenn Stress und Sorgen deine Feinde sind, hat Apple Fritter dich im Griff. Seine indicadominierte Seite hilft, die Sorgen zu verdr\u00e4ngen und bringt stattdessen Ruhe.<\/li>\n\n\n\n<li>W\u00e4hrend du in diesem friedlichen Zustand schwebst, f\u00fchlt sich die Welt viel ruhiger an. Es geht nicht nur darum, entspannt zu sein; es geht darum, den Raum zum Durchatmen zu haben.<\/li>\n<\/ul>\n\n\n\n<h3 class=\"wp-block-heading\">Potenzielle Negative<\/h3>\n\n\n\n<p>Du bist also neugierig auf die Sorte Apple Fritter. Es ist ein Kraftpaket, ganz sicher! Aber auch die besten Sorten haben ihre Schattenseiten. Lass uns \u00fcber ein paar Dinge sprechen, die beim Anbau oder der Verwendung dieser Sorte vielleicht nicht so toll sind.<\/p>\n\n\n\n<ul class=\"wp-block-list\">\n<li>Ein hoher THC-Gehalt kann problematisch sein: Mit einem THC-Gehalt von etwa 25 % k\u00f6nnen Menschen, die Apple Fritter konsumieren, Paranoia oder Angstzust\u00e4nde versp\u00fcren. F\u00fcr Anbauer bedeutet das, dass sie ihren Kunden &#8211; vor allem Neulingen &#8211; klar machen m\u00fcssen, wie stark sie sind.<\/li>\n\n\n\n<li>Trockene Anf\u00e4lle voraus: H\u00e4ufige Probleme wie Mundtrockenheit und trockene Augen kommen mit der Sorte Apple Fritter auf dich zu. Halte etwas Wasser und Augentropfen bereit!<\/li>\n\n\n\n<li>Geh es langsam an, wenn du neu bist: Neue Nutzer\/innen sollten sich Apple Fritter vorsichtig n\u00e4hern, um eine \u00fcberw\u00e4ltigende Erfahrung zu vermeiden.<\/li>\n\n\n\n<li>Verabschiede dich von der Produktivit\u00e4t: Diese Sorte kann dazu f\u00fchren, dass sich manche Menschen sehr entspannt f\u00fchlen &#8211; vielleicht zu entspannt, was dazu f\u00fchrt, dass sie tags\u00fcber schl\u00e4frig und weniger aufmerksam werden.<\/li>\n\n\n\n<li>Wenn du empfindlich auf THC reagierst, solltest du es langsam angehen: Da die Sorte Apple Fritter so viel THC enth\u00e4lt, sollten Menschen mit einer geringen Toleranz langsam mit ihr anfangen, um unerw\u00fcnschte Wirkungen zu vermeiden.<\/li>\n<\/ul>\n\n\n\n<h2 class=\"wp-block-heading\">Geschmacksprofil von Apple Fritter Strain<\/h2>\n\n\n\n<p>Die Sorte Apple Fritter \u00fcberzeugt mit Aromen, die dich daran erinnern, dass du in einen frischen Apfelkuchen aus der B\u00e4ckerei bei\u00dft. Denke an s\u00fc\u00dfe \u00c4pfel und warme Gew\u00fcrze, alles verpackt in einem k\u00f6stlich teigigen Geschmack mit einem Hauch von Vanille.<\/p>\n\n\n\n<p>Es ist, als h\u00e4tten der Nachtisch und dein Lieblingsobst ein Baby bekommen &#8211; und Mann, schmeckt das gut!<\/p>\n\n\n\n<p>Wenn du sie anz\u00fcndest, erf\u00fcllt eine unglaubliche Karamellnote den Raum, die sich mit einer erdigen Note vermischt und dich erdet. Der Rauch? Glatt wie Butter. Und diese fruchtigen D\u00fcfte sind nicht nur Show &#8211; sie sind auch geschmacklich sehr \u00fcberzeugend.<\/p>\n\n\n\n<p>Du wirst verstehen, warum die Leute diesen Leckerbissen so gerne anbauen!<\/p>\n\n\n\n<h2 class=\"wp-block-heading\">Informationen zum Anbau von Apple Fritter Strain<\/h2>\n\n\n\n<p>Wenn du unbedingt wissen willst, wie schwierig es ist, deine eigene Charge der k\u00f6stlichen Sorte Apple Fritter anzubauen &#8211; oder wenn du von den Fr\u00fcchten tr\u00e4umst, die sie dir bringen k\u00f6nnte &#8211; dann bleib dran, denn wir gehen der Frage auf den Grund, wie diese Pflanze funktioniert und wie du sie zum Gedeihen bringen kannst.<\/p>\n\n\n\n<p>(Psst. Ich habe ein paar pikante Tipps, die du nicht verpassen solltest!)<\/p>\n\n\n\n<h3 class=\"wp-block-heading\">Wachsende Schwierigkeit<\/h3>\n\n\n\n<p>Der Anbau der Sorte Apple Fritter kann eine ziemliche Herausforderung sein. Es ist nicht die einfachste Pflanze da drau\u00dfen, wenn du also neu im Anbau bist, k\u00f6nnte dies deine F\u00e4higkeiten auf die Probe stellen. Aber lass dich davon nicht abschrecken! Mit etwas Geduld und guter Recherche wirst du den Dreh raus haben.<\/p>\n\n\n\n<p>Die Details, wie man dieses mittelgro\u00dfe Biest anpackt, sind rar. Ein bisschen Geheimniskr\u00e4merei hat noch niemandem geschadet, oder? Du wirst nicht allzu viel \u00fcber die Schwierigkeiten oder Tricks mit diesem Tier finden.<\/p>\n\n\n\n<p>Doch das macht den Erfolg nur umso s\u00fc\u00dfer. Wenn du bereits Erfahrung mit anderen Sorten hast, kannst du dieses Wissen nutzen und auf die Hinweise deiner Apple Fritter-Pflanzen achten, w\u00e4hrend sie wachsen. Denke daran, dass sich jede Anstrengung auszahlt, wenn die Erntezeit anbricht!<\/p>\n\n\n\n<h3 class=\"wp-block-heading\">Ertragspotenzial<\/h3>\n\n\n\n<p>Du hast also ein Auge auf die Sorte Apple Fritter geworfen und fragst dich, wie viel Geld du pro Strauch verdienen kannst? Gute Nachrichten &#8211; dieses Baby ist ein echter Geber. In Innenr\u00e4umen kann es bis zu 1,6 Unzen pro Quadratmeter stapeln.<\/p>\n\n\n\n<p>Das ist ein sch\u00f6ner Haufen Gr\u00fcn auf kleinem Raum! Und sieh dir das an: Wenn du sie sich drau\u00dfen ausstrecken l\u00e4sst, kann jede Pflanze noch mehr einnehmen, und manche Z\u00fcchter ziehen 14 bis 16 Unzen aus einer gl\u00fccklichen Pflanze.<\/p>\n\n\n\n<p>Mit solchen Zahlen ist Apple Fritter nicht nur ein Genuss f\u00fcr deine Sinne, sondern auch f\u00fcr deinen Geldbeutel. Kein Wunder, dass die Leute darauf brennen, die Samen der Apfelsorte Apfelkrapfen in die H\u00e4nde zu bekommen und mit dem Anbau zu beginnen.<\/p>\n\n\n\n<p>Jetzt lasst uns unsere H\u00fcte als G\u00e4rtnerinnen und G\u00e4rtner abnehmen und in der sozialen Szene vorbeischauen, um herauszufinden, wie beliebt dieses Kleinod bei den anderen Liebhabern ist.<\/p>\n\n\n\n<h2 class=\"wp-block-heading\">Apple Fritter Strain Beliebtheit in der Cannabis-Community<\/h2>\n\n\n\n<p>Die Leute m\u00f6gen die Sorte Apple Fritter sehr. Sein s\u00fc\u00dfer Geschmack und seine starke Wirkung machen ihn zu einem Favoriten. Anbauer und Nutzer lieben es, dass es dich entspannen kann, ohne dich zu schl\u00e4frig zu machen. Das liegt daran, dass sie sowohl Indica- als auch Sativa-Eigenschaften hat.<\/p>\n\n\n\n<p>Wenn die Leute Apple Fritter probieren, wollen sie oft mehr von dem Apfel- und Geb\u00e4ckgeschmack.<\/p>\n\n\n\n<p>Auch die Anbauer arbeiten gerne mit dieser Pflanze. Der Anbau ist nicht allzu schwierig, so dass sich auch neue Landwirte an der Aufzucht dieser gr\u00fcnen Sch\u00f6nheiten versuchen k\u00f6nnen. Und mit einer guten Menge an Knospen zur Erntezeit gibt es genug f\u00fcr alle! Die Pflege einer Apple-Fritter-Pflanze lohnt sich, denn du bekommst eine Menge Produkte f\u00fcr deine Bem\u00fchungen.<\/p>\n\n\n\n<div class=\"wp-block-columns is-layout-flex wp-container-core-columns-is-layout-28f84493 wp-block-columns-is-layout-flex\">\n\n<div class=\"wp-block-column is-layout-flow wp-block-column-is-layout-flow\" style=\"flex-basis:100%\">\n\n<p>\n\n\n<\/p>\n<div class=\"wp-block-columns\">\n<div class=\"wp-block-column\">\n<p class=\"has-text-align-center has-medium-font-size\"><strong>What we like the most<\/strong><\/p>\n<p>\n\n<\/p>\n<p>\n\n<\/p>\n<ul class=\"wp-block-list\">\n<li style=\"list-style-type: none;\">\n<ul>\n\n<li>Sehr m\u00e4chtig.<\/li>\n<p><\/p>\n\n<\/p>\n<p>\n\n<ul>\n<li style=\"list-style-type: none;\">\n<ul>\n<li>High yield.<\/li>\n<\/ul>\n<\/li>\n<\/ul>\n<p><\/p>\n\n<\/p>\n<p>\n\n<ul>\n<li style=\"list-style-type: none;\">\n<ul>\n<li>Leckerer s\u00fc\u00dfer Geschmack.<\/li>\n<\/ul>\n<\/li>\n<\/ul>\n<p><\/p>\n\n<\/p>\n<p>\n\n<ul>\n<li style=\"list-style-type: none;\">\n<ul>\n<li>Preis.<\/li>\n<\/ul>\n<\/li>\n<\/ul>\n<p><\/p>\n\n<\/p>\n<p>\n\n<\/p>\n<\/div>\n<p>\n\n<\/p>\n<p>\n\n<\/p>\n<div class=\"wp-block-column is-layout-flow wp-block-column-is-layout-flow\">\n\n<p class=\"has-text-align-center has-medium-font-size\"><strong>Was wir am wenigsten m\u00f6gen<\/strong><\/p>\n<p><\/p>\n\n<\/p>\n<p>\n\n<\/p>\n<ul class=\"wp-block-list\">\n<li style=\"list-style-type: none;\">\n<ul>\n\n<li>Diese Sorte ist nicht einfach anzubauen.<\/li>\n<p><\/p>\n\n<\/p>\n<p>\n\n<ul>\n<li style=\"list-style-type: none;\">\n<ul>\n<li>Nicht empfohlen f\u00fcr Raucher mit geringer THC-Toleranz.<\/li>\n<\/ul>\n<\/li>\n<\/ul>\n<p><\/p>\n\n<\/p>\n<p>\n\n<\/p>\n<\/div>\n<p>\n\n<\/p>\n<\/div>\n<p>\n\n\n\n<\/p>\n<div class=\"wp-block-spacer uag-hide-mob\" style=\"height: 50px;\" aria-hidden=\"true\">\u00a0<\/div>\n<p>\n\n\n\n<h2 class=\"wp-block-heading\">Frequently Asked Questions<\/h2>\n<p><\/p>\n\n\n\n<p><p>Im Folgenden findest du die Antworten auf die am h\u00e4ufigsten gestellten Fragen von Z\u00fcchtern, die an dieser Sorte interessiert sind:<\/p>\n<p><\/p><\/p>\n\n\n<div id=\"rank-math-faq\" class=\"rank-math-block\">\n<div class=\"rank-math-list \">\n<div id=\"faq-question-1663029074962\" class=\"rank-math-list-item\">\n<h3 class=\"rank-math-question \"><strong>Wann bl\u00fcht Apple Fritter im Innen- und Au\u00dfenbereich?<\/strong><\/h3>\n<div class=\"rank-math-answer \">\n\n<p>In Innenr\u00e4umen beginnt die Sorte Apple Fritter in der Regel etwa 8 bis 9 Wochen nach Beginn ihres Wachstumszyklus mit der Bl\u00fctephase. Es ist wichtig, die richtige Umgebung und einen kontrollierten Lichtzyklus zu schaffen, um die Bl\u00fcte einzuleiten.  <\/p>\n<p>Im Freien beginnt die Bl\u00fctezeit von Apple Fritter in der Regel im Sp\u00e4tsommer oder Fr\u00fchherbst, je nach geografischer Lage. Die Bl\u00fctezeit im Freien wird st\u00e4rker durch den nat\u00fcrlichen Zyklus von Licht und Dunkelheit beeinflusst, daher ist es wichtig, die lokalen klimatischen Bedingungen und die jahreszeitlichen Ver\u00e4nderungen zu ber\u00fccksichtigen.<\/p>\n\n<\/div>\n<\/div>\n<div id=\"faq-question-1663029159933\" class=\"rank-math-list-item\">\n<h3 class=\"rank-math-question \"><strong>Wann schneidet man einen Apple Fritter im Freien?<\/strong><\/h3>\n<div class=\"rank-math-answer \">\n\n<p>Die Ernte einer im Freiland angebauten Apple Fritter-Pflanze findet normalerweise Ende Oktober oder Anfang November statt, obwohl dieser Zeitpunkt je nach Wetter und standortspezifischen Anbaubedingungen variieren kann.  <\/p>\n<p>Es ist wichtig, die Anzeichen f\u00fcr die Reife der Pflanze zu beobachten, wie z. B. die Verdunkelung der Stempel und das Auftreten der Trichome (die kleinen Kristalle auf den Bl\u00fcten).  <\/p>\n<p>Die Trichome wechseln in der Regel von einer hellen Farbe zu einem bernsteinfarbenen Ton, was bedeutet, dass die Pflanze ihren Reifegrad erreicht hat und geerntet werden kann. Das Schneiden der Pflanze zum richtigen Zeitpunkt ist entscheidend, um die maximale Wirksamkeit und Qualit\u00e4t des Endprodukts zu gew\u00e4hrleisten.<\/p>\n\n<\/div>\n<\/div>\n<div id=\"faq-question-1663029165861\" class=\"rank-math-list-item\">\n<h3 class=\"rank-math-question \">Wonach riecht der Apple Fritter Strain?<\/h3>\n<div class=\"rank-math-answer \">\n\n<p>Der Geruch der Sorte Apple Fritter ist so, als w\u00fcrde man eine B\u00e4ckerei voller S\u00fc\u00dfigkeiten betreten. Stell dir das Aroma von frischen \u00c4pfeln vor, gemischt mit einem Hauch von Honig und dieser funky Note, die dich an Ziegen denken l\u00e4sst &#8211; ja, auch das hat sie!  <\/p>\n<p>Aber keine Sorge, es ist nicht nur ein Zuckerrausch; es gibt auch einige erdige D\u00fcfte, die sich unter den k\u00f6stlich s\u00fc\u00dfen Aromen verstecken und die Sache interessant machen. Es ist, als w\u00fcrde man einen gro\u00dfen Bissen von einem kalorienfreien Apfelkuchen nehmen.<\/p>\n\n<\/div>\n<\/div>\n<div id=\"faq-question-1666780029954\" class=\"rank-math-list-item\">\n<h3 class=\"rank-math-question \">Was sind die Auswirkungen von <strong>Apple Fritter<\/strong> in gro\u00dfen Mengen?<\/h3>\n<div class=\"rank-math-answer \">\n\n<p>Die Wirkung der Sorte Apple Fritter kann, wenn sie in gro\u00dfen Mengen konsumiert wird, ziemlich stark sein. Diese Sorte ist bekannt f\u00fcr ihre Ausgewogenheit zwischen Indica und Sativa, was bedeutet, dass sie sowohl ein entspannendes als auch ein euphorisches Erlebnis bieten kann.  <\/p>\n<p>Die Nutzer berichten oft von einem Gef\u00fchl tiefer Entspannung, begleitet von einer gehobenen Stimmung und manchmal von einem Kreativit\u00e4tsschub. Es ist jedoch wichtig zu bedenken, dass die Wirkung von Person zu Person unterschiedlich sein kann und dass der Konsum gro\u00dfer Mengen sowohl erw\u00fcnschte als auch unerw\u00fcnschte Wirkungen wie Angstzust\u00e4nde oder Paranoia bei manchen Konsumenten verst\u00e4rken kann.<\/p>\n\n<\/div>\n<\/div>\n<div id=\"faq-question-1705420383733\" class=\"rank-math-list-item\">\n<h3 class=\"rank-math-question \">Ist Apple Fritter eine Indica oder eine Sativa?<\/h3>\n<div class=\"rank-math-answer \">\n\n<p>Ich kann dir sagen, dass es das Beste aus beiden Welten ist. Diese Pflanze ist ein ausgewogener Hybrid, der genau in der Mitte zwischen 50% Indica und 50% Sativa aufgeteilt ist. Aber warte mal, manche w\u00fcrden sagen, dass sie ein bisschen mehr zu Indica tendiert.  <\/p>\n<p>Das hei\u00dft, wenn du dieses Juwel anbaust, kannst du dich auf eine Mischung aus entspannenden Vibes und einem energiegeladenen Rausch freuen, den du von deiner Ernte bekommst.<\/p>\n\n<\/div>\n<\/div>\n<\/div>\n<\/div>\n\n<\/p>\n<p><!-- \/wp:post-content --><\/div>\n<p><!-- \/wp:column --><\/div>\n<p><!-- \/wp:columns --><\/p>","protected":false},"excerpt":{"rendered":"<p>Apple Fritter Strain ist ein ausgewogener Hybrid aus 50% Indica und 50% Sativa. Sie zeichnet sich durch ihre au\u00dfergew\u00f6hnliche Genetik aus, die aus der Kreuzung von Sour Apple und Animal Cookies entstanden ist. Sein Geschmack ist eine k\u00f6stliche Mischung aus frischem Apfel, Honig und erdigen Noten, mit einem Aroma, das an Apfelkuchen und Karamell erinnert. Seine Wirkung kombiniert Entspannung und Euphorie, perfekt f\u00fcr eine Balance zwischen Entspannung und Kreativit\u00e4t. Im Innenbereich liefert sie eine beeindruckende Produktion von bis zu 550 Gramm pro Quadratmeter, w\u00e4hrend im Au\u00dfenbereich jede Pflanze bis zu 850 Gramm einbringen kann. Diese Sorte verf\u00fchrt nicht nur durch ihre Sinne, sondern auch durch ihre Seltenheit und ihre prestigetr\u00e4chtige Abstammung, was sie zu einer begehrten Wahl sowohl f\u00fcr Z\u00fcchter als auch f\u00fcr Verbraucher macht.<\/p>\n","protected":false},"featured_media":22059,"comment_status":"open","ping_status":"closed","template":"","meta":{"_acf_changed":false,"inline_featured_image":false,"_uag_custom_page_level_css":""},"product_brand":[],"product_cat":[1097],"product_tag":[],"class_list":{"0":"post-22069","1":"product","2":"type-product","3":"status-publish","4":"has-post-thumbnail","6":"product_cat-feminisierte-cannabis-samen","8":"first","9":"instock","10":"taxable","11":"shipping-taxable","12":"purchasable","13":"product-type-simple"},"acf":[],"uagb_featured_image_src":{"full":["https:\/\/bulkgenetics.com\/wp-content\/uploads\/2024\/01\/apple-fritter-strain-weed.jpg",1600,1600,false],"thumbnail":["https:\/\/bulkgenetics.com\/wp-content\/uploads\/2024\/01\/apple-fritter-strain-weed-150x150.jpg",150,150,true],"medium":["https:\/\/bulkgenetics.com\/wp-content\/uploads\/2024\/01\/apple-fritter-strain-weed-300x300.jpg",300,300,true],"medium_large":["https:\/\/bulkgenetics.com\/wp-content\/uploads\/2024\/01\/apple-fritter-strain-weed-768x768.jpg",768,768,true],"large":["https:\/\/bulkgenetics.com\/wp-content\/uploads\/2024\/01\/apple-fritter-strain-weed-1024x1024.jpg",1024,1024,true],"1536x1536":["https:\/\/bulkgenetics.com\/wp-content\/uploads\/2024\/01\/apple-fritter-strain-weed-1536x1536.jpg",1536,1536,true],"2048x2048":["https:\/\/bulkgenetics.com\/wp-content\/uploads\/2024\/01\/apple-fritter-strain-weed.jpg",1600,1600,false],"commercegurus-pdp-large":["https:\/\/bulkgenetics.com\/wp-content\/uploads\/2024\/01\/apple-fritter-strain-weed-990x990.jpg",990,990,true],"commercegurus-plp-mobile":["https:\/\/bulkgenetics.com\/wp-content\/uploads\/2024\/01\/apple-fritter-strain-weed-441x441.jpg",441,441,true],"cgkit_image_swatch":["https:\/\/bulkgenetics.com\/wp-content\/uploads\/2024\/01\/apple-fritter-strain-weed-100x100.jpg",100,100,true],"woocommerce_thumbnail":["https:\/\/bulkgenetics.com\/wp-content\/uploads\/2024\/01\/apple-fritter-strain-weed-300x300.jpg",300,300,true],"woocommerce_single":["https:\/\/bulkgenetics.com\/wp-content\/uploads\/2024\/01\/apple-fritter-strain-weed-800x800.jpg",800,800,true],"woocommerce_gallery_thumbnail":["https:\/\/bulkgenetics.com\/wp-content\/uploads\/2024\/01\/apple-fritter-strain-weed-150x150.jpg",150,150,true],"dgwt-wcas-product-suggestion":["https:\/\/bulkgenetics.com\/wp-content\/uploads\/2024\/01\/apple-fritter-strain-weed-64x64.jpg",64,64,true]},"uagb_author_info":{"display_name":"\u00c1ngel Flores","author_link":"https:\/\/bulkgenetics.com\/de\/author\/"},"uagb_comment_info":0,"uagb_excerpt":"Apple Fritter Strain ist ein ausgewogener Hybrid aus 50% Indica und 50% Sativa. Sie zeichnet sich durch ihre au\u00dfergew\u00f6hnliche Genetik aus, die aus der Kreuzung von Sour Apple und Animal Cookies entstanden ist. Sein Geschmack ist eine k\u00f6stliche Mischung aus frischem Apfel, Honig und erdigen Noten, mit einem Aroma, das an Apfelkuchen und Karamell erinnert.&hellip;","_links":{"self":[{"href":"https:\/\/bulkgenetics.com\/de\/wp-json\/wp\/v2\/product\/22069","targetHints":{"allow":["GET"]}}],"collection":[{"href":"https:\/\/bulkgenetics.com\/de\/wp-json\/wp\/v2\/product"}],"about":[{"href":"https:\/\/bulkgenetics.com\/de\/wp-json\/wp\/v2\/types\/product"}],"replies":[{"embeddable":true,"href":"https:\/\/bulkgenetics.com\/de\/wp-json\/wp\/v2\/comments?post=22069"}],"wp:featuredmedia":[{"embeddable":true,"href":"https:\/\/bulkgenetics.com\/de\/wp-json\/wp\/v2\/media\/22059"}],"wp:attachment":[{"href":"https:\/\/bulkgenetics.com\/de\/wp-json\/wp\/v2\/media?parent=22069"}],"wp:term":[{"taxonomy":"product_brand","embeddable":true,"href":"https:\/\/bulkgenetics.com\/de\/wp-json\/wp\/v2\/product_brand?post=22069"},{"taxonomy":"product_cat","embeddable":true,"href":"https:\/\/bulkgenetics.com\/de\/wp-json\/wp\/v2\/product_cat?post=22069"},{"taxonomy":"product_tag","embeddable":true,"href":"https:\/\/bulkgenetics.com\/de\/wp-json\/wp\/v2\/product_tag?post=22069"}],"curies":[{"name":"wp","href":"https:\/\/api.w.org\/{rel}","templated":true}]}}