{"id":22250,"date":"2024-02-06T10:51:09","date_gmt":"2024-02-06T09:51:09","guid":{"rendered":"https:\/\/bulkgenetics.com\/?post_type=product&#038;p=22250"},"modified":"2024-10-08T01:08:50","modified_gmt":"2024-10-07T23:08:50","slug":"rainbow-chip-strain","status":"publish","type":"product","link":"https:\/\/bulkgenetics.com\/de\/rainbow-chip-strain\/","title":{"rendered":"Rainbow Chip"},"content":{"rendered":"\n<p>Stell dir vor, du kreuzt zwei Titanen der Cannabiswelt und erh\u00e4ltst ein genetisches Meisterwerk. Dies ist der <strong>Rainbow Chip Strain<\/strong>, das Ergebnis einer Kreuzung zwischen <strong>Sunset Sherbert<\/strong> und <strong>Mint Chocolate Chip<\/strong>, erschaffen von den Genetikern von Exotic Genetix.  <\/p>\n\n\n\n<p>Rainbow Chip ist Teil der 2018er Mint Chocolate Chip-Reihe und hat den Terpeneinfluss und das kr\u00e4ftige Wachstum von Mint Chocolate Chip geerbt, gemischt mit dem s\u00fc\u00dfen Einfluss von Sunset Sherbert.  <\/p>\n\n\n\n<p>Das Ergebnis ist ein unbeschreiblich k\u00f6stlicher Geschmack, eine Sorte, die sich durch ihre perfekte Balance zwischen Sativa und Indica (50%\/50%) auszeichnet und jedem Hybrid-Liebhaber eine einzigartige Erfahrung verspricht.<\/p>\n\n\n\n<h2 class=\"wp-block-heading\">Bl\u00fctezeit<\/h2>\n\n\n\n<p>Mit einer Bl\u00fctezeit von <strong>56 bis 63 Tagen<\/strong> ist <strong>Rainbow Chip<\/strong> eine wahre Freude f\u00fcr die Anbauer. Sie ist etwa in der zweiten Oktoberwoche erntereif, ideal f\u00fcr diejenigen, die ihren Anbau genau planen.  <\/p>\n\n\n\n<p>Diese feminisierte und f\u00fcr Innenr\u00e4ume optimierte Pflanze garantiert eine feminisierte Ernte, die den Prozess vereinfacht und die Ertr\u00e4ge im Innenbereich auf bis zu <strong>450 g pro Quadratmeter<\/strong> erh\u00f6ht.  <\/p>\n\n\n\n<p>Ihre dichten, mittelgro\u00dfen Knospen sind waldgr\u00fcn mit violetten Schichten gef\u00e4rbt und mit undurchsichtigen Kristallen besetzt, die ihr ein cremiges Aussehen verleihen und mit kurzen, lockigen, bernsteinfarbenen Haaren verziert sind.<\/p>\n\n\n\n<p><strong>Rainbow Chip<\/strong> w\u00e4chst am besten bei feuchten und etwas warmen Temperaturen und reagiert gut auf h\u00e4ufiges Beschneiden, was f\u00fcr erfahrenere G\u00e4rtner geeignet ist.  <\/p>\n\n\n\n<p>Trotzdem ist er auch f\u00fcr Anf\u00e4nger zug\u00e4nglich und verspricht einen Anbau, der genauso lohnend ist wie seine Ernte.<\/p>\n\n\n\n<h2 class=\"wp-block-heading\">Auswirkungen von Rainbow Chip Strain<\/h2>\n\n\n\n<p>Die Wirkung von <strong>Rainbow Chip<\/strong> ist eine Achterbahn der Gef\u00fchle, die fast sofort nach dem Ausatmen beginnt. Es erf\u00fcllt deinen Geist mit einem schweren Kribbeln, das sich schnell in deinem K\u00f6rper ausbreitet.  <\/p>\n\n\n\n<p>Du wirst dich motiviert und energiegeladen f\u00fchlen, mit einem Gef\u00fchl der Euphorie und Konzentration, das schnell gesellschaftsf\u00e4hig wird, perfekt f\u00fcr jede kreative Situation oder Unterhaltung.  <\/p>\n\n\n\n<p>Mit einem THC-Gehalt von <strong>20-22%<\/strong> und einem <strong>CBD-Gehalt von 1-2%<\/strong> ist es eine beliebte Wahl f\u00fcr alle, die Linderung bei chronischem Stress, PTBS, Depressionen, chronischer M\u00fcdigkeit und ADS oder ADHS suchen.<\/p>\n\n\n\n<p>Das Aromaprofil von <strong>Rainbow Chip Strain<\/strong> ist so komplex wie seine Genetik und bietet eine Mischung aus s\u00fc\u00dfer Schokolade, minzigen Kr\u00e4utern und sauren Zitrusfr\u00fcchten.  <\/p>\n\n\n\n<p>Diese Kombination von Aromen ist tief in der Tradition verwurzelt und bietet ein einzigartiges multisensorisches Erlebnis. Sein Aroma, fruchtig und s\u00fc\u00df mit krautigen Schokoladenuntert\u00f6nen, erinnert an eine Schale Minz-Schokoladeneis.<\/p>\n\n\n\n<p>Verbraucher beschreiben <strong>Rainbow Chip<\/strong> als eine psychoaktive Potenz, die sanft einsetzt, aber schnell an Intensit\u00e4t zunimmt und Schmerzen, Depressionen, \u00c4ngste, Stress und M\u00fcdigkeit lindert.  <\/p>\n\n\n\n<p>In Rezensionen wird sie als der neue Samstagabend-Liebling und als wirksames Mittel gegen Stimmungsschwankungen bezeichnet. Diese Sorte ist nicht nur ein Genuss f\u00fcr die Sinne, sondern auch ein Verb\u00fcndeter f\u00fcr das geistige und k\u00f6rperliche Wohlbefinden.<\/p>\n\n\n\n<p>Von unkontrollierbarem Lachen bis hin zu inspirierender Kreativit\u00e4t &#8211; <strong>Rainbow Chip Strain<\/strong> wird von den Nutzern f\u00fcr seine erhebende und euphorisierende Wirkung gelobt, was ihn zu einem Muss f\u00fcr Fans von hochwertigen Cannabis-Erlebnissen und Liebhabern einzigartiger Geschmacksrichtungen macht.  <\/p>\n\n\n\n<p>Egal, ob es darum geht, deine Stimmung zu heben oder deine Kreativit\u00e4t anzukurbeln, Rainbow Chip ist ein Muss f\u00fcr deine Sammlung.<\/p>\n\n\n\n<h2 class=\"wp-block-heading\">Wie man Rainbow Chip anbaut<\/h2>\n\n\n\n<p>Aus unserer Erfahrung heraus ist einer der besten Tipps, die wir <strong>Rainbow Chip<\/strong> Z\u00fcchtern geben k\u00f6nnen, auf die Luftfeuchtigkeit und Temperatur zu achten. Diese Sorte gedeiht in etwas w\u00e4rmeren Klimazonen mit guter Luftfeuchtigkeit.  <\/p>\n\n\n\n<p>Untersch\u00e4tze auch nicht die Macht des Beschneidens. Diese Pflanze reagiert au\u00dfergew\u00f6hnlich gut auf Topping und LST (Low Stress Training), Techniken, die deinen Ertrag erheblich steigern und die Lichteinwirkung auf die unteren Knospen verbessern k\u00f6nnen.<\/p>\n\n\n\n<p>Wir von Bulk Genetics sind der festen \u00dcberzeugung, dass eine informierte Ernte eine erfolgreiche Ernte ist. Deshalb ermutigen wir dich, deine Anbaupraktiken auf die spezifischen Bed\u00fcrfnisse von Rainbow Chip abzustimmen, um das Beste aus deiner Ernte herauszuholen.<\/p>\n\n\n\n<h2 class=\"wp-block-heading\">Bewertungen von Rainbow Chip<\/h2>\n\n\n\n<p>Die Sorte <strong>Rainbow Chip<\/strong> hat die Cannabis-Community mit ihrem einzigartigen Profil und ihrer ausgewogenen Wirkung in ihren Bann gezogen, und nicht wenige haben ihre Erfahrungen geteilt. Hier sind einige der herausragendsten Meinungen derjenigen, die diese au\u00dfergew\u00f6hnliche Sorte probiert haben:<\/p>\n\n\n\n<p>&#8220;Rainbow Chip ist eine wahre Achterbahn der Gef\u00fchle. Vom ersten Zug an versetzt sie dich in einen Zustand der Euphorie und Kreativit\u00e4t, den ich mit keiner anderen Sorte erlebt habe. Sie ist perfekt f\u00fcr Tage mit einer kreativen Blockade oder wenn du einen Schub an positiver Energie brauchst. Au\u00dferdem ist der Geschmack unglaublich &#8211; es ist, als w\u00fcrde man sein Lieblingsdessert essen, nur ohne die Kalorien.&#8221;<\/p>\n\n\n\n<p>&#8220;Ich arbeite in einem Grow Room und Rainbow Chip ist buchst\u00e4blich einer meiner Favoriten. Ich rauche sie als Pre-Roll, w\u00e4hrend ich dies schreibe. Es ist eine gro\u00dfartige Sorte f\u00fcr morgens oder abends, besonders wenn du Hausaufgaben machen musst. Mach Musik an, z\u00fcnde dir Rainbow Chip an und ehe du dich versiehst, hast du alles erledigt und l\u00e4chelst von einem Ohr zum anderen. F\u00fcr jemanden, der an einer bipolaren St\u00f6rung leidet, hilft diese Sorte wirklich, mich gl\u00fccklich und locker zu halten.<\/p>\n\n\n\n<p>&#8220;Diese Sorte ist nicht von dieser Welt! Ein echter psychoaktiver Wirbelwind. Sie ist eine von denen, die dich langsam aber sicher umhauen, und wenn du es am wenigsten erwartest, bist du auf Wolke sieben. Es hat mir bei meinen Schmerzen, Depressionen und \u00c4ngsten sehr geholfen. Sie hat einen Geschmack und ein Aroma, das dich packt, etwas zitrusartig, erdig, s\u00fc\u00df und sanft. Rainbow Chip ist definitiv die Sorte meiner Wahl f\u00fcr entspannte N\u00e4chte.&#8221;<\/p>\n\n\n\n<p>&#8220;Was f\u00fcr ein Trip mit Rainbow Chip! Ich halte mich f\u00fcr einen erfahrenen Raucher und diese Sorte hat mich angenehm \u00fcberrascht. Sie ist von Anfang an stark, wie eine Achterbahnfahrt mit hoher Intensit\u00e4t. Das Beste daran ist ihre F\u00e4higkeit, Kreativit\u00e4t und gute Laune zu wecken, was sie zum perfekten Begleiter f\u00fcr k\u00fcnstlerische Projekte oder einfach zum Lachen macht. Auf jeden Fall eine einzigartige Erfahrung, die ich jedem empfehlen w\u00fcrde.&#8221;<\/p>\n\n\n\n<p>Diese Meinungen spiegeln die Vielfalt der Erfahrungen und den positiven Einfluss wider, den Rainbow Chip auf das Leben seiner Verbraucherinnen und Verbraucher hat. Von der Linderung medizinischer Beschwerden bis hin zu inspirierenden Momenten der Kreativit\u00e4t und Freude hat sich diese Sorte einen besonderen Platz in den Herzen der Gemeinschaft verdient.<\/p>\n\n\n\n<div style=\"height:50px\" aria-hidden=\"true\" class=\"wp-block-spacer uag-hide-mob\"><\/div>\n\n\n\n<div class=\"wp-block-columns is-layout-flex wp-container-core-columns-is-layout-28f84493 wp-block-columns-is-layout-flex\">\n<div class=\"wp-block-column is-layout-flow wp-block-column-is-layout-flow\">\n<p class=\"has-text-align-center has-medium-font-size\"><strong>Was wir am meisten m\u00f6gen<\/strong><\/p>\n\n\n\n<ul class=\"wp-block-list\">\n<li>Seine ausgewogene Wirkung verbindet Euphorie und Kreativit\u00e4t mit Energie und Konzentration.<\/li>\n\n\n\n<li>Das einzigartige Geschmacks- und Aromaprofil, das an ein Minzschokoladendessert erinnert.<\/li>\n\n\n\n<li>Seine Vielseitigkeit ist sowohl f\u00fcr den Freizeit- als auch f\u00fcr den medizinischen Gebrauch geeignet und behandelt alles von Stress bis M\u00fcdigkeit.<\/li>\n\n\n\n<li>Die Sch\u00f6nheit der Knospen mit ihren gr\u00fcnen und violetten Farbt\u00f6nen, die mit Trichomen bedeckt sind.<\/li>\n<\/ul>\n<\/div>\n\n\n\n<div class=\"wp-block-column is-layout-flow wp-block-column-is-layout-flow\">\n<p class=\"has-text-align-center has-medium-font-size\"><strong>Was wir am wenigsten m\u00f6gen<\/strong><\/p>\n\n\n\n<ul class=\"wp-block-list\">\n<li>Die Notwendigkeit, die Luftfeuchtigkeit genau zu kontrollieren, um Schimmelprobleme zu vermeiden.<\/li>\n\n\n\n<li>Kann fortschrittlichere Anbautechniken wie Topping und LST erfordern, um die Ertr\u00e4ge zu maximieren.<\/li>\n<\/ul>\n<\/div>\n<\/div>\n\n\n\n<div style=\"height:50px\" aria-hidden=\"true\" class=\"wp-block-spacer uag-hide-mob\"><\/div>\n\n\n\n<h2 class=\"wp-block-heading\">H\u00e4ufig gestellte Fragen<\/h2>\n\n\n\n<p>Im Folgenden findest du die Antworten auf die am h\u00e4ufigsten gestellten Fragen von Z\u00fcchtern, die an dieser Sorte interessiert sind:<\/p>\n\n\n<div id=\"rank-math-faq\" class=\"rank-math-block\">\n<div class=\"rank-math-list \">\n<div id=\"faq-question-1663029074962\" class=\"rank-math-list-item\">\n<h3 class=\"rank-math-question \">Ist Rainbow Chip eine Sativa oder eine Indica?<\/h3>\n<div class=\"rank-math-answer \">\n\n<p>Rainbow Chip ist eine perfekt ausgewogene Hybridsorte mit 50% Sativa- und 50% Indica-Genetik. Das bedeutet, dass sie das Beste aus beiden Welten vereint: die Energie und Kreativit\u00e4t, die man normalerweise mit Sativas assoziiert, zusammen mit der entspannenden und beruhigenden Wirkung, die f\u00fcr Indicas charakteristisch ist.  <\/p>\n\n<\/div>\n<\/div>\n<div id=\"faq-question-1663029159933\" class=\"rank-math-list-item\">\n<h3 class=\"rank-math-question \">Wie hoch ist der THC- und CBD-Gehalt von Rainbow Chip?<\/h3>\n<div class=\"rank-math-answer \">\n\n<p>Rainbow Chip zeichnet sich durch seinen hohen THC-Gehalt von 20-22% und einen CBD-Gehalt von 1-2% aus. Diese Kombination bietet ein perfektes Gleichgewicht zwischen euphorisierenden und entspannenden Effekten, was sie sowohl f\u00fcr den Freizeitgebrauch als auch f\u00fcr die therapeutische Anwendung ideal macht und hilft, Krankheiten wie chronischen Stress, PTBS, Depression und M\u00fcdigkeit zu behandeln.<\/p>\n\n<\/div>\n<\/div>\n<div id=\"faq-question-1663029165861\" class=\"rank-math-list-item\">\n<h3 class=\"rank-math-question \">Wie ist das Aroma und der Geschmack von Rainbow Chip?<\/h3>\n<div class=\"rank-math-answer \">\n\n<p>Das Aroma von Rainbow Chip ist s\u00fc\u00df und fruchtig, mit einem Unterton von Schokolade und Minze, \u00e4hnlich wie bei einer Sch\u00fcssel Schokoladen-Minz-Eiscreme. Geschmacklich bietet sie ein komplexes und reichhaltiges Erlebnis, das s\u00fc\u00dfe Schokolade mit minzigen Kr\u00e4utern und einem Hauch von sauren Zitrusfr\u00fcchten kombiniert und jeden Zug zu einem einzigartigen sensorischen Erlebnis macht.<\/p>\n\n<\/div>\n<\/div>\n<div id=\"faq-question-1666780029954\" class=\"rank-math-list-item\">\n<h3 class=\"rank-math-question \">Welche Auswirkungen kann ich von der Einnahme von Rainbow Chip erwarten?<\/h3>\n<div class=\"rank-math-answer \">\n\n<p>Wenn du Rainbow Chip konsumierst, kannst du eine Welle der Motivation und Energie erwarten, die von einem Gef\u00fchl der Euphorie und Konzentration begleitet wird. Diese Effekte werden schnell sozial und kreativ und eignen sich hervorragend f\u00fcr k\u00fcnstlerische Aktivit\u00e4ten, geselliges Beisammensein oder einfach nur zum Spa\u00df haben.<\/p>\n\n<\/div>\n<\/div>\n<div id=\"faq-question-1707214670345\" class=\"rank-math-list-item\">\n<h3 class=\"rank-math-question \">Ist Rainbow Chip f\u00fcr Anbauneulinge geeignet?<\/h3>\n<div class=\"rank-math-answer \">\n\n<p>Rainbow Chip ist eine relativ leicht zug\u00e4ngliche Sorte f\u00fcr Anbauneulinge, da sie sehr widerstandsf\u00e4hig ist und leicht auf verschiedene Anbautechniken anspricht. Sie profitiert jedoch sehr von Schnitt- und Erziehungsmethoden wie dem Low Stress Training (LST), die etwas mehr Erfahrung oder Forschung seitens des Anbaubetriebes erfordern k\u00f6nnen.<\/p>\n\n<\/div>\n<\/div>\n<\/div>\n<\/div>","protected":false},"excerpt":{"rendered":"<p>Rainbow Chip ist eine ausgewogene Hybridsorte mit einem <strong>einzigartigen Geschmacks- und Aromaprofil<\/strong>. Mit einem potenten <strong>THC-Gehalt von 20-22%<\/strong> verspricht diese Sorte ein<strong> euphorisches und kreatives Erlebnis<\/strong>, perfekt um deinen Tag zu beleben oder deine entspannenden Momente zu bereichern. Rainbow Chip eignet sich sowohl f\u00fcr Anf\u00e4nger als auch f\u00fcr erfahrene Z\u00fcchter und ist die perfekte Wahl f\u00fcr alle, die das Beste an Geschmack, Wirkung und Ertrag suchen.<\/p>\n","protected":false},"featured_media":22234,"comment_status":"open","ping_status":"closed","template":"","meta":{"_acf_changed":false,"inline_featured_image":false,"_uag_custom_page_level_css":""},"product_brand":[],"product_cat":[1097],"product_tag":[],"class_list":{"0":"post-22250","1":"product","2":"type-product","3":"status-publish","4":"has-post-thumbnail","6":"product_cat-feminisierte-cannabis-samen","8":"first","9":"instock","10":"taxable","11":"shipping-taxable","12":"purchasable","13":"product-type-simple"},"acf":[],"uagb_featured_image_src":{"full":["https:\/\/bulkgenetics.com\/wp-content\/uploads\/2024\/02\/rainbow-chip-weed-strain.jpg",1600,1600,false],"thumbnail":["https:\/\/bulkgenetics.com\/wp-content\/uploads\/2024\/02\/rainbow-chip-weed-strain-150x150.jpg",150,150,true],"medium":["https:\/\/bulkgenetics.com\/wp-content\/uploads\/2024\/02\/rainbow-chip-weed-strain-300x300.jpg",300,300,true],"medium_large":["https:\/\/bulkgenetics.com\/wp-content\/uploads\/2024\/02\/rainbow-chip-weed-strain-768x768.jpg",768,768,true],"large":["https:\/\/bulkgenetics.com\/wp-content\/uploads\/2024\/02\/rainbow-chip-weed-strain-1024x1024.jpg",1024,1024,true],"1536x1536":["https:\/\/bulkgenetics.com\/wp-content\/uploads\/2024\/02\/rainbow-chip-weed-strain-1536x1536.jpg",1536,1536,true],"2048x2048":["https:\/\/bulkgenetics.com\/wp-content\/uploads\/2024\/02\/rainbow-chip-weed-strain.jpg",1600,1600,false],"commercegurus-pdp-large":["https:\/\/bulkgenetics.com\/wp-content\/uploads\/2024\/02\/rainbow-chip-weed-strain-990x990.jpg",990,990,true],"commercegurus-plp-mobile":["https:\/\/bulkgenetics.com\/wp-content\/uploads\/2024\/02\/rainbow-chip-weed-strain-441x441.jpg",441,441,true],"cgkit_image_swatch":["https:\/\/bulkgenetics.com\/wp-content\/uploads\/2024\/02\/rainbow-chip-weed-strain-100x100.jpg",100,100,true],"woocommerce_thumbnail":["https:\/\/bulkgenetics.com\/wp-content\/uploads\/2024\/02\/rainbow-chip-weed-strain-300x300.jpg",300,300,true],"woocommerce_single":["https:\/\/bulkgenetics.com\/wp-content\/uploads\/2024\/02\/rainbow-chip-weed-strain-800x800.jpg",800,800,true],"woocommerce_gallery_thumbnail":["https:\/\/bulkgenetics.com\/wp-content\/uploads\/2024\/02\/rainbow-chip-weed-strain-150x150.jpg",150,150,true],"dgwt-wcas-product-suggestion":["https:\/\/bulkgenetics.com\/wp-content\/uploads\/2024\/02\/rainbow-chip-weed-strain-64x64.jpg",64,64,true]},"uagb_author_info":{"display_name":"\u00c1ngel Flores","author_link":"https:\/\/bulkgenetics.com\/de\/author\/"},"uagb_comment_info":0,"uagb_excerpt":"Rainbow Chip ist eine ausgewogene Hybridsorte mit einem einzigartigen Geschmacks- und Aromaprofil. Mit einem potenten THC-Gehalt von 20-22% verspricht diese Sorte ein euphorisches und kreatives Erlebnis, perfekt um deinen Tag zu beleben oder deine entspannenden Momente zu bereichern. Rainbow Chip eignet sich sowohl f\u00fcr Anf\u00e4nger als auch f\u00fcr erfahrene Z\u00fcchter und ist die perfekte Wahl&hellip;","_links":{"self":[{"href":"https:\/\/bulkgenetics.com\/de\/wp-json\/wp\/v2\/product\/22250","targetHints":{"allow":["GET"]}}],"collection":[{"href":"https:\/\/bulkgenetics.com\/de\/wp-json\/wp\/v2\/product"}],"about":[{"href":"https:\/\/bulkgenetics.com\/de\/wp-json\/wp\/v2\/types\/product"}],"replies":[{"embeddable":true,"href":"https:\/\/bulkgenetics.com\/de\/wp-json\/wp\/v2\/comments?post=22250"}],"wp:featuredmedia":[{"embeddable":true,"href":"https:\/\/bulkgenetics.com\/de\/wp-json\/wp\/v2\/media\/22234"}],"wp:attachment":[{"href":"https:\/\/bulkgenetics.com\/de\/wp-json\/wp\/v2\/media?parent=22250"}],"wp:term":[{"taxonomy":"product_brand","embeddable":true,"href":"https:\/\/bulkgenetics.com\/de\/wp-json\/wp\/v2\/product_brand?post=22250"},{"taxonomy":"product_cat","embeddable":true,"href":"https:\/\/bulkgenetics.com\/de\/wp-json\/wp\/v2\/product_cat?post=22250"},{"taxonomy":"product_tag","embeddable":true,"href":"https:\/\/bulkgenetics.com\/de\/wp-json\/wp\/v2\/product_tag?post=22250"}],"curies":[{"name":"wp","href":"https:\/\/api.w.org\/{rel}","templated":true}]}}