{"id":22398,"date":"2024-02-15T12:55:19","date_gmt":"2024-02-15T11:55:19","guid":{"rendered":"https:\/\/bulkgenetics.com\/?post_type=product&#038;p=22398"},"modified":"2024-10-08T01:08:50","modified_gmt":"2024-10-07T23:08:50","slug":"banana-hammock","status":"publish","type":"product","link":"https:\/\/bulkgenetics.com\/de\/banana-hammock\/","title":{"rendered":"Banana Hammock"},"content":{"rendered":"\n<p>Tauche ein in die exotische Welt der <strong>Banana Hammock Strain<\/strong>, einer Sorte mit einer beneidenswerten genetischen Abstammung, die aus der Verbindung von <strong>Grape God<\/strong> und <strong>Mandarin Sunset<\/strong> hervorgegangen ist. Diese urspr\u00fcnglich aus Colorado stammende und von den Experten von Ethos Genetics gez\u00fcchtete Sorte hat mit ihrem tropischen Aromaprofil und ihrer beruhigenden Wirkung die Herzen der Kenner erobert. Es ist eine Einladung, die S\u00fc\u00dfe von Honig und Fr\u00fcchten bei jedem Einatmen zu erleben, perfekt f\u00fcr die Momente der Entspannung am Ende des Tages.<\/p>\n\n\n\n<p>Die <strong>Banana Hammock-Pflanze<\/strong> ist ein Kunstwerk der Natur. Ihre dichten, pfefferf\u00f6rmigen Knospen zeigen eine leuchtende Farbpalette, die von dunkelgr\u00fcnen und violetten T\u00f6nen dominiert wird. Bernsteinfarbene Stempel und eine gro\u00dfz\u00fcgige Schicht aus kristallinen Trichomen versprechen ein einzigartiges Erlebnis. Die feminisierten <strong>Samen<\/strong> von <strong>Banana Hammock<\/strong> sorgen f\u00fcr gro\u00dfz\u00fcgige Ernten, vor allem im Freien, wo sie in der Umarmung der Sonne gedeiht.<\/p>\n\n\n\n<h2 class=\"wp-block-heading\">Bl\u00fctezeit<\/h2>\n\n\n\n<p>Der Lebenszyklus der <strong>Banana Hammock Strain<\/strong> gipfelt in einer Bl\u00fctephase von 8 bis 9 Wochen, nach der sie bereit ist, ihre wertvollen Fr\u00fcchte anzubieten. Wenn du im Freiland anbaust, solltest du dir Mitte Oktober vormerken, denn dann ist dieses Juwel auf seinem H\u00f6hepunkt und bereit f\u00fcr die Ernte. Ihre Anpassungsf\u00e4higkeit an die Umwelt macht sie sowohl f\u00fcr Anf\u00e4nger als auch f\u00fcr erfahrene Z\u00fcchter zu einer brauchbaren Option, solange extreme Bew\u00e4sserung und Feuchtigkeit vermieden werden, um Pilzbefall in Schach zu halten.<\/p>\n\n\n\n<p>Der Anbau von Banana Hammock, sowohl im Innen- als auch im Au\u00dfenbereich, ist eine lohnende Erfahrung f\u00fcr jeden Z\u00fcchter. In Innenr\u00e4umen zeigt diese indica-dominante Sorte ihre Flexibilit\u00e4t und F\u00e4higkeit, sich an begrenzte R\u00e4ume anzupassen, und produziert etwa 600 gr\/m\u00b2 dank Anbaumethoden wie SOG und SCROG, die die Lichtexposition maximieren und ein gleichm\u00e4\u00dfigeres Wachstum f\u00f6rdern. Im Freien offenbart Banana Hammock in voller Pracht unter der Sonne sein Potenzial mit Ernten, die in optimalen Bedingungen bis zu 800 gr pro Pflanze erreichen k\u00f6nnen.<\/p>\n\n\n\n<h2 class=\"wp-block-heading\">Auswirkungen der Bananenh\u00e4ngematte<\/h2>\n\n\n\n<p>Die Wirkung der <strong><strong>Banana Hammock<\/strong><\/strong> ist eine Ode an die Ruhe, ideal, um den Kopf frei zu bekommen und den K\u00f6rper mit tiefer Entspannung zu beruhigen. Die anf\u00e4ngliche Euphorie weicht einer angenehmen Ruhe, die alle negativen Gedanken ausl\u00f6scht und sie durch ein dauerhaftes Wohlbefinden ersetzt. Mit einem THC-Gehalt von 22% bis 27% ist diese Sorte besonders f\u00fcr erfahrene Cannabiskenner zu empfehlen, die nach einer wirksamen Linderung von Stress, Angstzust\u00e4nden oder Schlaflosigkeit suchen.<\/p>\n\n\n\n<p>Das Aroma ist eine weitere St\u00e4rke der <strong>Banana Hammock Strain<\/strong>. Das Bouquet kombiniert die Frische von feuchter Erde mit dominanten Noten von tropischen Fr\u00fcchten und Honig. Dieses Terpenprofil, angef\u00fchrt von Myrcen, spricht nicht nur die Sinne an, sondern bietet auch therapeutische Eigenschaften, die bei der Behandlung von verschiedenen Krankheiten gesch\u00e4tzt werden.<\/p>\n\n\n\n<p>Diejenigen, die <strong>Banana Hammock<\/strong> probiert haben, betonen \u00fcbereinstimmend, dass es den Nutzer in einen Zustand fast sofortiger Gelassenheit versetzt, begleitet von einer S\u00fc\u00dfe, die am Gaumen verweilt. Die Erfahrung wird oft als eine Reise zu einer Oase des Friedens beschrieben, bei der man sich nur von den Empfindungen, die diese Vielfalt hervorruft, mitrei\u00dfen lassen muss.<\/p>\n\n\n\n<p>Wir von <strong>Bulk Genetics<\/strong> sind stolz darauf, <strong>Banana Hammock-Samen<\/strong> anbieten zu k\u00f6nnen, eine Auswahl, die nicht nur verspricht, deinen Garten zu versch\u00f6nern, sondern auch dein Repertoire an Cannabis-Erfahrungen zu bereichern. Egal, ob du ein erfahrener Grower auf der Suche nach neuen Sensationen bist oder ein Amateur, der die entspannenden Tiefen des Marihuanas erkunden m\u00f6chte, <strong>Banana Hammock<\/strong> ist bereit, deine Erwartungen zu erf\u00fcllen und zu \u00fcbertreffen.<\/p>\n\n\n\n<h2 class=\"wp-block-heading\">Wie man Banana Hammock Strain anbaut<\/h2>\n\n\n\n<p>Wir freuen uns, unsere Erfahrungen und unser Wissen \u00fcber den Anbau von <strong>Banana Hammock<\/strong> zu teilen, einer Sorte, die mit der richtigen Pflege zu einem echten Schmuckst\u00fcck in deinem Garten wird. Zun\u00e4chst ist es wichtig, f\u00fcr eine stabile Umgebung zu sorgen und extreme Luftfeuchtigkeit und Bew\u00e4sserung zu vermeiden, da dies das Risiko von Pilzbefall, einem h\u00e4ufigen Feind dieser Sorte, erh\u00f6hen k\u00f6nnte.  <\/p>\n\n\n\n<p>Die <strong><strong>Banana Hammock<\/strong><\/strong> bevorzugt offene R\u00e4ume, in denen sie sich in der Sonne ausstrecken kann, aber sie f\u00fchlt sich auch in Innenr\u00e4umen wohl, wenn Platz und Licht richtig eingesetzt werden.<\/p>\n\n\n\n<p>Wir empfehlen die SOG- (Sea of Green) und SCROG-Techniken (Screen of Green), um den Platz und die Lichteinwirkung f\u00fcr jede Pflanze zu optimieren. Ein R\u00fcckschnitt um die f\u00fcnfte Vegetationswoche herum kann ein buschigeres Wachstum f\u00f6rdern und die Knospenproduktion erh\u00f6hen.  <\/p>\n\n\n\n<p>Obwohl diese Sorte nicht w\u00e4hlerisch ist, wenn es um N\u00e4hrstoffe geht, ist es wichtig, sie klug einzusetzen, um eine \u00dcberd\u00fcngung zu vermeiden. Mit diesen Methoden wird <strong>Banana Hammock<\/strong> ihr volles Potenzial entfalten und dich mit dichten und harzigen Knospen belohnen.<\/p>\n\n\n\n<h2 class=\"wp-block-heading\">Bewertungen von Banana Hammock<\/h2>\n\n\n\n<p>Die Erfahrungen derer, die das Vergn\u00fcgen hatten, <strong>Banana Hammock<\/strong> anzubauen und zu genie\u00dfen, sprechen f\u00fcr sich. Hier sind einige der Meinungen, die wir bei Leafly f\u00fcr dich zusammengestellt haben.<\/p>\n\n\n\n<blockquote class=\"wp-block-quote is-layout-flow wp-block-quote-is-layout-flow\">\n<p>&#8220;Nachdem ich Banana Hammock in meinem Garten angebaut habe, kann ich sagen, dass sie eine meiner Lieblingssorten ist. Nicht nur wegen der dichten und harzigen Knospen, die sie produziert, sondern auch wegen des tropischen Fruchtaromas, das den ganzen Raum erf\u00fcllt. Ganz zu schweigen von der Wirkung! Pure Entspannung, die dich in einen Zustand unvergleichlichen Wohlbefindens versetzt&#8221;.<\/p>\n<\/blockquote>\n\n\n\n<blockquote class=\"wp-block-quote is-layout-flow wp-block-quote-is-layout-flow\">\n<p>&#8220;Als Cannabis-Fan bin ich immer auf der Suche nach einzigartigen Geschmacksrichtungen, und Banana Hammock hat mich nicht entt\u00e4uscht. Der subtile Hauch von Honig mit dem tropischen Hintergrund hat mich \u00fcberzeugt. Au\u00dferdem hilft es mir wie kein anderes gegen Schlaflosigkeit.&#8221;<\/p>\n<\/blockquote>\n\n\n\n<blockquote class=\"wp-block-quote is-layout-flow wp-block-quote-is-layout-flow\">\n<p>&#8220;Unglaublich! Das ist das richtige Wort, um die Erfahrung mit Banana Hammock zu beschreiben. Vom Anbau, der ein ziemlich freundlicher Prozess war, bis zu dem Moment, in dem ich es probiert habe. Die Wirkung ist genau das, was ich brauche, um nach einem hektischen Tag zu entspannen&#8221;.<\/p>\n<\/blockquote>\n\n\n\n<blockquote class=\"wp-block-quote is-layout-flow wp-block-quote-is-layout-flow\">\n<p>&#8220;Die Bananenh\u00e4ngematte ist ein Wunder. Ich benutze sie, um Stress und \u00c4ngste abzubauen, und die Wirkung tritt fast sofort ein. Au\u00dferdem ist der Geschmack k\u00f6stlich, ganz anders als alles, was ich bisher probiert habe. Sie wird auf jeden Fall eine Konstante in meinem Garten sein.<\/p>\n<\/blockquote>\n\n\n\n<p>Diese Meinungen sind nur ein Beispiel daf\u00fcr, wie <strong>Banana Hammock<\/strong> das Leben von vielen Menschen positiv beeinflusst hat. Seine einzigartige Kombination aus Aroma, Geschmack und Wirkung macht ihn zur ersten Wahl f\u00fcr alle, die Qualit\u00e4t und ein unvergessliches Erlebnis suchen. Wenn du mit dem Gedanken spielst, es auszuprobieren, stellen diese Erfahrungen sicher, dass du eine gute Entscheidung triffst.<\/p>\n\n\n\n<div style=\"height:50px\" aria-hidden=\"true\" class=\"wp-block-spacer uag-hide-mob\"><\/div>\n\n\n\n<div class=\"wp-block-columns is-layout-flex wp-container-core-columns-is-layout-28f84493 wp-block-columns-is-layout-flex\">\n<div class=\"wp-block-column is-layout-flow wp-block-column-is-layout-flow\">\n<p class=\"has-text-align-center has-medium-font-size\"><strong>Was wir am meisten m\u00f6gen<\/strong><\/p>\n\n\n\n<ul class=\"wp-block-list\">\n<li>Sein k\u00f6stliches Aroma von tropischen Fr\u00fcchten und Honig.<\/li>\n\n\n\n<li>Entspannende und euphorische Wirkung, perfekt f\u00fcr das Ende des Tages.<\/li>\n\n\n\n<li>M\u00e4\u00dfige Resistenz gegen Sch\u00e4dlinge und Krankheiten, was den Anbau erleichtert.<\/li>\n\n\n\n<li>Gro\u00dfz\u00fcgige Ertr\u00e4ge sowohl im Innen- als auch im Au\u00dfenbereich.<\/li>\n<\/ul>\n<\/div>\n\n\n\n<div class=\"wp-block-column is-layout-flow wp-block-column-is-layout-flow\">\n<p class=\"has-text-align-center has-medium-font-size\"><strong>Was wir am wenigsten m\u00f6gen<\/strong><\/p>\n\n\n\n<ul class=\"wp-block-list\">\n<li>Er muss sorgf\u00e4ltig gepflegt werden, um \u00fcberm\u00e4\u00dfige Feuchtigkeit und Pilzbefall zu vermeiden.<\/li>\n\n\n\n<li>Der THC-Gehalt kann variieren, sodass der Konsum je nach Toleranz angepasst werden muss.<\/li>\n<\/ul>\n<\/div>\n<\/div>\n\n\n\n<div style=\"height:50px\" aria-hidden=\"true\" class=\"wp-block-spacer uag-hide-mob\"><\/div>\n\n\n\n<h2 class=\"wp-block-heading\">H\u00e4ufig gestellte Fragen<\/h2>\n\n\n\n<p>Im Folgenden findest du die Antworten auf die am h\u00e4ufigsten gestellten Fragen von Z\u00fcchtern, die an dieser Sorte interessiert sind:<\/p>\n\n\n<div id=\"rank-math-faq\" class=\"rank-math-block\">\n<div class=\"rank-math-list \">\n<div id=\"faq-question-1663029074962\" class=\"rank-math-list-item\">\n<h3 class=\"rank-math-question \">Ist Banana Hammock eine Sativa oder eine Indica?<\/h3>\n<div class=\"rank-math-answer \">\n\n<p>Banana Hammock ist \u00fcberwiegend eine <strong>Indica-Sorte<\/strong> mit einer genetischen Zusammensetzung von 70% Indica und 30% Sativa. Diese Indica-Dominanz f\u00fchrt zu entspannenden und beruhigenden Effekten, die f\u00fcr Indica-Sorten charakteristisch sind und sich ideal zur Entspannung und zum Stressabbau eignen.<\/p>\n\n<\/div>\n<\/div>\n<div id=\"faq-question-1663029159933\" class=\"rank-math-list-item\">\n<h3 class=\"rank-math-question \">Wie hoch ist der THC-Gehalt von Banana Hammock?<\/h3>\n<div class=\"rank-math-answer \">\n\n<p>Der THC-Gehalt von Banana Hammock schwankt zwischen beeindruckenden 22% und 25%, was sie in den Bereich der hochpotenten Sorten einordnet. Diese THC-Konzentration ist f\u00fcr die starke entspannende und euphorisierende Wirkung verantwortlich und macht sie ideal f\u00fcr erfahrene Konsumenten oder solche mit einer hohen THC-Toleranz.<\/p>\n\n<\/div>\n<\/div>\n<div id=\"faq-question-1663029165861\" class=\"rank-math-list-item\">\n<h3 class=\"rank-math-question \">Ist Banana Hammock f\u00fcr Anbauanf\u00e4nger geeignet?<\/h3>\n<div class=\"rank-math-answer \">\n\n<p>Obwohl die Banana Hammock f\u00fcr Anbauneulinge eine Herausforderung sein kann, weil sie empfindlich auf extreme Bedingungen wie zu viel Wasser oder hohe Luftfeuchtigkeit reagiert, ist sie dennoch eine praktikable Option. Wenn du auf die Wachstumsumgebung achtest und sorgf\u00e4ltig mit Feuchtigkeit und N\u00e4hrstoffen umgehst, k\u00f6nnen selbst Anf\u00e4nger erfolgreiche Ernten erzielen. Um sein Potenzial zu maximieren, werden Anbautechniken wie SOG und SCROG empfohlen.<\/p>\n\n<\/div>\n<\/div>\n<div id=\"faq-question-1666780029954\" class=\"rank-math-list-item\">\n<h3 class=\"rank-math-question \">Welche Aromen und Geschmacksrichtungen bietet Banana Hammock?<\/h3>\n<div class=\"rank-math-answer \">\n\n<p>Banana Hammock zeichnet sich durch sein au\u00dfergew\u00f6hnlich s\u00fc\u00dfes und tropisches Geschmacks- und Aromaprofil aus. Die Nutzer k\u00f6nnen sich auf dominante Noten von tropischen Fr\u00fcchten und Honig freuen, die durch frische, erdige Untert\u00f6ne erg\u00e4nzt werden. Dieses Terpenprofil macht das Rauchen oder Verdampfen von Banana Hammock nicht nur zu einem Vergn\u00fcgen, sondern tr\u00e4gt auch zu seiner therapeutischen Wirkung bei, insbesondere bei der Linderung von Angst und Stress.<\/p>\n\n<\/div>\n<\/div>\n<div id=\"faq-question-1707999646542\" class=\"rank-math-list-item\">\n<h3 class=\"rank-math-question \">Welchen Einfluss hat das Klima auf den Anbau von Banana Hammock?<br><\/h3>\n<div class=\"rank-math-answer \">\n\n<p>Die Bananen-H\u00e4ngematte gedeiht in gem\u00e4\u00dfigten Klimabedingungen und bevorzugt eine Umgebung, in der die Luftfeuchtigkeit genau kontrolliert werden kann. Wegen seiner Anf\u00e4lligkeit f\u00fcr Pilzbefall ist es wichtig, \u00fcberm\u00e4\u00dfige Feuchtigkeit zu vermeiden. Obwohl diese Sorte sowohl drinnen als auch drau\u00dfen angebaut werden kann, m\u00fcssen sich die Anbauer dieser Bed\u00fcrfnisse bewusst sein, um eine reiche und gesunde Ernte zu gew\u00e4hrleisten.<\/p>\n\n<\/div>\n<\/div>\n<\/div>\n<\/div>","protected":false},"excerpt":{"rendered":"<p><b>Banana Hammock Strain <\/b>l\u00e4sst dich mit seinem <strong>au\u00dfergew\u00f6hnlichen Frucht- und Honiggeschmacksprofil<\/strong> in eine tropische Oase eintauchen. Mit einem starken <strong>THC-Gehalt von 22-25%<\/strong> verspricht diese indicadominierte Sorte eine <strong>tief entspannende Wirkung und lang anhaltende Euphorie<\/strong>. Ideal f\u00fcr Verbraucher, die am Ende des Tages Ruhe und eine s\u00fc\u00dfe Flucht suchen.<\/p>\n","protected":false},"featured_media":22382,"comment_status":"open","ping_status":"closed","template":"","meta":{"_acf_changed":false,"inline_featured_image":false,"_uag_custom_page_level_css":""},"product_brand":[],"product_cat":[1097],"product_tag":[],"class_list":{"0":"post-22398","1":"product","2":"type-product","3":"status-publish","4":"has-post-thumbnail","6":"product_cat-feminisierte-cannabis-samen","8":"first","9":"instock","10":"taxable","11":"shipping-taxable","12":"purchasable","13":"product-type-simple"},"acf":[],"uagb_featured_image_src":{"full":["https:\/\/bulkgenetics.com\/wp-content\/uploads\/2024\/02\/banana-hammock-strain-weed.jpg",1600,1600,false],"thumbnail":["https:\/\/bulkgenetics.com\/wp-content\/uploads\/2024\/02\/banana-hammock-strain-weed-150x150.jpg",150,150,true],"medium":["https:\/\/bulkgenetics.com\/wp-content\/uploads\/2024\/02\/banana-hammock-strain-weed-300x300.jpg",300,300,true],"medium_large":["https:\/\/bulkgenetics.com\/wp-content\/uploads\/2024\/02\/banana-hammock-strain-weed-768x768.jpg",768,768,true],"large":["https:\/\/bulkgenetics.com\/wp-content\/uploads\/2024\/02\/banana-hammock-strain-weed-1024x1024.jpg",1024,1024,true],"1536x1536":["https:\/\/bulkgenetics.com\/wp-content\/uploads\/2024\/02\/banana-hammock-strain-weed-1536x1536.jpg",1536,1536,true],"2048x2048":["https:\/\/bulkgenetics.com\/wp-content\/uploads\/2024\/02\/banana-hammock-strain-weed.jpg",1600,1600,false],"commercegurus-pdp-large":["https:\/\/bulkgenetics.com\/wp-content\/uploads\/2024\/02\/banana-hammock-strain-weed-990x990.jpg",990,990,true],"commercegurus-plp-mobile":["https:\/\/bulkgenetics.com\/wp-content\/uploads\/2024\/02\/banana-hammock-strain-weed-441x441.jpg",441,441,true],"cgkit_image_swatch":["https:\/\/bulkgenetics.com\/wp-content\/uploads\/2024\/02\/banana-hammock-strain-weed-100x100.jpg",100,100,true],"woocommerce_thumbnail":["https:\/\/bulkgenetics.com\/wp-content\/uploads\/2024\/02\/banana-hammock-strain-weed-300x300.jpg",300,300,true],"woocommerce_single":["https:\/\/bulkgenetics.com\/wp-content\/uploads\/2024\/02\/banana-hammock-strain-weed-800x800.jpg",800,800,true],"woocommerce_gallery_thumbnail":["https:\/\/bulkgenetics.com\/wp-content\/uploads\/2024\/02\/banana-hammock-strain-weed-150x150.jpg",150,150,true],"dgwt-wcas-product-suggestion":["https:\/\/bulkgenetics.com\/wp-content\/uploads\/2024\/02\/banana-hammock-strain-weed-64x64.jpg",64,64,true]},"uagb_author_info":{"display_name":"\u00c1ngel Flores","author_link":"https:\/\/bulkgenetics.com\/de\/author\/"},"uagb_comment_info":0,"uagb_excerpt":"Banana Hammock Strain l\u00e4sst dich mit seinem au\u00dfergew\u00f6hnlichen Frucht- und Honiggeschmacksprofil in eine tropische Oase eintauchen. Mit einem starken THC-Gehalt von 22-25% verspricht diese indicadominierte Sorte eine tief entspannende Wirkung und lang anhaltende Euphorie. Ideal f\u00fcr Verbraucher, die am Ende des Tages Ruhe und eine s\u00fc\u00dfe Flucht suchen.","_links":{"self":[{"href":"https:\/\/bulkgenetics.com\/de\/wp-json\/wp\/v2\/product\/22398","targetHints":{"allow":["GET"]}}],"collection":[{"href":"https:\/\/bulkgenetics.com\/de\/wp-json\/wp\/v2\/product"}],"about":[{"href":"https:\/\/bulkgenetics.com\/de\/wp-json\/wp\/v2\/types\/product"}],"replies":[{"embeddable":true,"href":"https:\/\/bulkgenetics.com\/de\/wp-json\/wp\/v2\/comments?post=22398"}],"wp:featuredmedia":[{"embeddable":true,"href":"https:\/\/bulkgenetics.com\/de\/wp-json\/wp\/v2\/media\/22382"}],"wp:attachment":[{"href":"https:\/\/bulkgenetics.com\/de\/wp-json\/wp\/v2\/media?parent=22398"}],"wp:term":[{"taxonomy":"product_brand","embeddable":true,"href":"https:\/\/bulkgenetics.com\/de\/wp-json\/wp\/v2\/product_brand?post=22398"},{"taxonomy":"product_cat","embeddable":true,"href":"https:\/\/bulkgenetics.com\/de\/wp-json\/wp\/v2\/product_cat?post=22398"},{"taxonomy":"product_tag","embeddable":true,"href":"https:\/\/bulkgenetics.com\/de\/wp-json\/wp\/v2\/product_tag?post=22398"}],"curies":[{"name":"wp","href":"https:\/\/api.w.org\/{rel}","templated":true}]}}