{"id":22489,"date":"2024-02-26T11:31:34","date_gmt":"2024-02-26T10:31:34","guid":{"rendered":"https:\/\/bulkgenetics.com\/?post_type=product&#038;p=22489"},"modified":"2025-12-29T10:15:29","modified_gmt":"2025-12-29T09:15:29","slug":"mint-chocolate-chip","status":"publish","type":"product","link":"https:\/\/bulkgenetics.com\/de\/mint-chocolate-chip\/","title":{"rendered":"Mint Chocolate Chip"},"content":{"rendered":"\n<p>Stell dir eine perfekte Kreuzung aus der aromatischen Intensit\u00e4t von Thin Mint Cookies und der vibrierenden Energie von Green Ribbon BX vor, und du hast <strong>Mint Chocolate Chip<\/strong>, eine Sorte, die die Kunst und die Wissenschaft des Cannabisanbaus in Einklang bringt. Dieser 50\/50-Hybrid ist ein Beweis f\u00fcr die Kreativit\u00e4t der Cannabisgenetik und bietet ein ebenso komplexes Geschmacks- und Wirkungsprofil wie seine Abstammung. Mint Chocolate Chip hat seine Wurzeln in der Innovation und ist ein Genuss f\u00fcr die Sinne, f\u00fcr alle, die die Feinheiten einer guten Mischung sch\u00e4tzen.<\/p>\n\n\n\n<p>Morphologisch macht diese Pflanze ihrem Namen alle Ehre: Sie hat runde, dunkelgr\u00fcne Knospen, die mit orangefarbenen Haaren und gl\u00e4nzenden, kristallinen Trichomen geschm\u00fcckt sind. Sie ist ein <strong>mittelgro\u00dfer bis gro\u00dfer Ertragsbringer<\/strong>, der kr\u00e4ftig an einem robusten, mehrst\u00e4mmigen Busch w\u00e4chst und mittlere bis gro\u00dfe H\u00f6hen erreicht.  <\/p>\n\n\n\n<h2 class=\"wp-block-heading\">Bl\u00fctezeit<\/h2>\n\n\n\n<p>W\u00e4hrend dieser Zeit verwandelt sich die Pflanze und zeigt die ganze Sch\u00f6nheit ihrer dichten und harzigen Knospen. Die Bl\u00fctezeit liegt zwischen <strong>56 und 63 Tagen<\/strong>. Danach belohnt sie die Anbauer mit dichten, harzigen Knospen, die ein berauschendes Aroma von minzigem Schokoladeneis verstr\u00f6men.<\/p>\n\n\n\n<p>Diese Sorte ist eine ausgezeichnete Wahl f\u00fcr alle, die einen gro\u00dfz\u00fcgigen Ertrag ohne endloses Warten suchen. Die Geduld wird mit einer Ernte belohnt, die das Auge ebenso erfreut wie den Gaumen.<\/p>\n\n\n\n<p>Die Produktion von Mint Chocolate Chip weckt das Interesse sowohl von Anf\u00e4ngern als auch von erfahrenen Anbauern aufgrund ihres beeindruckenden Ertrags in sowohl Innen- als auch Au\u00dfenanlagen. In kontrollierten Innenr\u00e4umen sticht diese Sorte durch ihre F\u00e4higkeit hervor, bis zu <strong>600 Gramm pro Quadratmeter zu produzieren<\/strong>. Diese Zahl spiegelt nicht nur die Dichte und Qualit\u00e4t ihrer Knospen wider, sondern auch die Anpassungsf\u00e4higkeit von Mint Chocolate Chip an verschiedene Anbautechniken, von SOG bis SCROG, um jeden Zentimeter Raum maximal auszunutzen.<\/p>\n\n\n\n<p>Im Freien verwandelt sich Mint Chocolate Chip in einen wahren Riesen, mit Ertr\u00e4gen, die <strong>1000 Gramm pro Pflanze<\/strong> erreichen k\u00f6nnen. Diese beeindruckende Zahl ist auf ihr kr\u00e4ftiges Wachstum und Robustheit zur\u00fcckzuf\u00fchren, Eigenschaften, die von ihren genetischen Vorfahren geerbt wurden. Der Erfolg im Au\u00dfenanbau h\u00e4ngt von g\u00fcnstigen Klimabedingungen und aufmerksamer Pflege ab, aber die Anstrengung lohnt sich. Die Gro\u00dfz\u00fcgigkeit von Mint Chocolate Chip bei der Ernte ist ein Zeugnis f\u00fcr ihre au\u00dfergew\u00f6hnliche Qualit\u00e4t und das Potenzial, eine lohnende und ertragreiche Anbauerfahrung zu bieten, was sie zu einer bevorzugten Wahl f\u00fcr diejenigen macht, die nicht nur Geschmack und Wirkung, sondern auch F\u00fclle in ihrer Produktion suchen.<\/p>\n\n\n\n<h2 class=\"wp-block-heading\">Auswirkungen der Mint Chocolate Chip Strain<\/h2>\n\n\n\n<p>Die Wirkung von Mint Chocolate Chip ist eine Achterbahn der Gef\u00fchle, die mit einem <strong>hohen Ma\u00df an Energie<\/strong> und Motivation beginnt und zu Kreativit\u00e4t und Konzentration einl\u00e4dt. W\u00e4hrend sich dein Geist erhebt, sinkt dein K\u00f6rper in eine tiefe, fast beruhigende Entspannung, die sich perfekt zur Linderung von chronischen Schmerzen, Kopfschmerzen, Appetitlosigkeit, Depressionen und chronischer M\u00fcdigkeit eignet. Mit einem THC-Gehalt von \u00fcber 18% verspricht diese Sorte eine Reise voller kontrastreicher Empfindungen, die ein Gleichgewicht zwischen geistiger Euphorie und k\u00f6rperlicher Ruhe aufrechterh\u00e4lt.<\/p>\n\n\n\n<p><strong>Kundenrezensionen<\/strong> best\u00e4tigen die Magie der Mint Chocolate Chip. Von entspannenden Gl\u00fccksgef\u00fchlen bis hin zu Anf\u00e4llen von Kreativit\u00e4t und Konversation &#8211; diese Sorte zeichnet sich sowohl durch ihr komplexes Profil als auch durch ihre Vielseitigkeit in der Wirkung aus. Wenn du diese Samen bei Bulk Genetics kreuzt, hast du die einmalige Gelegenheit, eine der faszinierendsten und befriedigendsten Sorten auf dem Markt zu erleben.<\/p>\n\n\n\n<h2 class=\"wp-block-heading\">Wie man Mint Chocolate Chip anbaut<\/h2>\n\n\n\n<p>Wir teilen gerne unsere Ratschl\u00e4ge und Meinungen zum Anbau von Mint Chocolate Chip, einer Sorte, die wir f\u00fcr ihre Ausgewogenheit und Reichhaltigkeit lieben. Der Anbau dieses Juwels ist eine lohnende Erfahrung, vor allem wenn du einige wichtige Empfehlungen befolgst. Zun\u00e4chst einmal ist es wichtig, daran zu denken, dass Mint Chocolate Chip sowohl drinnen als auch drau\u00dfen gedeiht, was ihr eine Flexibilit\u00e4t verleiht, die sie f\u00fcr verschiedene Arten von Z\u00fcchtern zug\u00e4nglich macht. Sie sch\u00e4tzt ein gem\u00e4\u00dfigtes Klima und l\u00e4sst sich am besten durch Beschneiden und Erziehungsma\u00dfnahmen zu einem robusten Wachstum und einer optimalen Produktion anregen.<\/p>\n\n\n\n<p>In Innenr\u00e4umen solltest du f\u00fcr ausreichende Beleuchtung und eine gute Bel\u00fcftung sorgen, um die ideale Umgebung f\u00fcr die Tiere nachzuahmen. Aufgrund des kr\u00e4ftigen Wuchses ist es ratsam, den Strauch fr\u00fchzeitig zu stutzen, damit er dichter und \u00fcberschaubarer wird. Diese Sorte zeigt eine bemerkenswerte Resistenz gegen Sch\u00e4dlinge und Krankheiten, aber es ist immer ratsam, saubere Anbaupraktiken einzuhalten, um unangenehme \u00dcberraschungen zu vermeiden.<\/p>\n\n\n\n<p>Die Belohnung f\u00fcr deine Bem\u00fchungen wird eine gro\u00dfz\u00fcgige Ernte von dichten, harzigen Knospen sein, deren Ertr\u00e4ge dich \u00fcberraschen werden. Obwohl Mint Chocolate Chip nicht der w\u00e4hlerischste ist, kann ein wenig Sorgfalt und Aufmerksamkeit deine Ernte auf die n\u00e4chste Stufe bringen. H\u00f6re auf deine Pflanze und sie wird dich zu einem Anbau f\u00fchren, der so k\u00f6stlich ist, wie sein Name vermuten l\u00e4sst.<\/p>\n\n\n\n<h2 class=\"wp-block-heading\">Bewertungen von Mint Chocolate Chip<\/h2>\n\n\n\n<p>Wir haben f\u00fcr dich bei Leafly einige Erfahrungen derjenigen zusammengetragen, die das Vergn\u00fcgen hatten, diese Sorte anzubauen und zu genie\u00dfen.<\/p>\n\n\n\n<blockquote class=\"wp-block-quote is-layout-flow wp-block-quote-is-layout-flow\">\n<p>&#8220;Mint Chocolate Chip ist eine Offenbarung. Sein Minzschokoladengeschmack ist so authentisch, dass er mich jedes Mal, wenn ich ihn esse, in meine Lieblingseisdiele versetzt. Au\u00dferdem ist die Balance aus geistiger Energie und k\u00f6rperlicher Entspannung einfach perfekt f\u00fcr jede Tageszeit.&#8221;<\/p>\n<\/blockquote>\n\n\n\n<blockquote class=\"wp-block-quote is-layout-flow wp-block-quote-is-layout-flow\">\n<p>&#8220;Diese Sorte hat mich tief beeindruckt. Mint Chocolate Chip hat nicht nur ein au\u00dfergew\u00f6hnliches Geschmacksprofil, sondern ihre ausgewogene Wirkung hilft mir, produktiv und dennoch entspannt zu bleiben. Sie ist mein neuer Favorit f\u00fcr kreative Sessions.&#8221;<\/p>\n<\/blockquote>\n\n\n\n<blockquote class=\"wp-block-quote is-layout-flow wp-block-quote-is-layout-flow\">\n<p>&#8220;Ich habe schon viele Sorten ausprobiert, aber nur wenige wie Mint Chocolate Chip. Seine schnelle und lang anhaltende Wirkung ist ideal f\u00fcr meine Schmerzlinderung. Und dieser Geschmack&#8230; es ist wie ein Dessert ohne Kalorien. Ich werde es auf jeden Fall wieder anbauen.&#8221;<\/p>\n<\/blockquote>\n\n\n\n<blockquote class=\"wp-block-quote is-layout-flow wp-block-quote-is-layout-flow\">\n<p>&#8220;Mint Chocolate Chip von Bulk Genetics ist ein Muss f\u00fcr Liebhaber einzigartiger Geschmacksrichtungen. Das Aroma, das beim Rauchen den Raum f\u00fcllt, ist unglaublich. Tolle Vielfalt.&#8221;<\/p>\n<\/blockquote>\n\n\n\n<blockquote class=\"wp-block-quote is-layout-flow wp-block-quote-is-layout-flow\">\n<p>&#8220;Erstaunlich, wie eine Pflanze so viel bieten kann. Mint Chocolate Chip vereint mit ihren 50% Indica und 50% Sativa das Beste aus beiden Welten. Sie versetzt mich in einen perfekten Zustand des Wohlbefindens. Sie ist meine bevorzugte Sorte f\u00fcr die Wochenenden.&#8221;<\/p>\n<\/blockquote>\n\n\n\n<div style=\"height:50px\" aria-hidden=\"true\" class=\"wp-block-spacer uag-hide-mob\"><\/div>\n\n\n\n<div class=\"wp-block-columns is-layout-flex wp-container-core-columns-is-layout-28f84493 wp-block-columns-is-layout-flex\">\n<div class=\"wp-block-column is-layout-flow wp-block-column-is-layout-flow\">\n<p class=\"has-text-align-center has-medium-font-size\"><strong>Was wir am meisten m\u00f6gen<\/strong><\/p>\n\n\n\n<ul class=\"wp-block-list\">\n<li>Die perfekte Balance zwischen entspannender und anregender Wirkung, ideal f\u00fcr jede Tageszeit.<\/li>\n\n\n\n<li>Das einzigartige Geschmacksprofil, das Noten von Minze, Schokolade und einen Hauch von Erdigkeit vereint, bietet ein unvergleichliches sensorisches Erlebnis.<\/li>\n\n\n\n<li>Die Sch\u00f6nheit seiner Knospen, mit einem visuell beeindruckenden Erscheinungsbild, das auf den ersten Blick Qualit\u00e4t verspricht.<\/li>\n<\/ul>\n<\/div>\n\n\n\n<div class=\"wp-block-column is-layout-flow wp-block-column-is-layout-flow\">\n<p class=\"has-text-align-center has-medium-font-size\"><strong>Was wir am wenigsten m\u00f6gen<\/strong><\/p>\n\n\n\n<ul class=\"wp-block-list\">\n<li>Die Notwendigkeit spezieller Anbautechniken, um ihr Potenzial zu maximieren, was f\u00fcr Anf\u00e4nger eine Herausforderung sein kann.<\/li>\n\n\n\n<li>Obwohl sie sehr widerstandsf\u00e4hig gegen Sch\u00e4dlinge und Krankheiten ist, ist eine vorbeugende Pflege unerl\u00e4sslich, um eine erfolgreiche Ernte zu gew\u00e4hrleisten.<\/li>\n\n\n\n<li>Es ist keine Sorte, die zum Schlafen geeignet ist.<\/li>\n<\/ul>\n<\/div>\n<\/div>\n\n\n\n<div style=\"height:50px\" aria-hidden=\"true\" class=\"wp-block-spacer uag-hide-mob\"><\/div>\n\n\n\n<h2 class=\"wp-block-heading\">H\u00e4ufig gestellte Fragen<\/h2>\n\n\n\n<p>Im Folgenden findest du die Antworten auf die am h\u00e4ufigsten gestellten Fragen von Z\u00fcchtern, die an dieser Sorte interessiert sind:<\/p>\n\n\n<div id=\"rank-math-faq\" class=\"rank-math-block\">\n<div class=\"rank-math-list \">\n<div id=\"faq-question-1663029074962\" class=\"rank-math-list-item\">\n<h3 class=\"rank-math-question \">Ist Mint Chocolate Chip eine Sativa oder eine Indica?<\/h3>\n<div class=\"rank-math-answer \">\n\n<p>Mint Chocolate Chip ist ein perfekt ausbalancierter Hybrid, der zu 50% aus Indica und zu 50% aus Sativa besteht. Das bedeutet, dass sie das Beste aus beiden Welten vereint: die Energie und Kreativit\u00e4t, die man normalerweise mit Sativas assoziiert, zusammen mit der tiefen k\u00f6rperlichen Entspannung, die typisch f\u00fcr Indicas ist. Sativa-Sorten sind eher anregend und werden f\u00fcr den Tagesgebrauch bevorzugt, w\u00e4hrend Indicas f\u00fcr ihre entspannende Wirkung bekannt sind und sich ideal f\u00fcr den Nachtgebrauch eignen. Mint Chocolate Chip bietet ein einzigartiges Erlebnis, das dank seiner genetischen Ausgewogenheit zu jeder Tageszeit genossen werden kann.<\/p>\n\n<\/div>\n<\/div>\n<div id=\"faq-question-1663029159933\" class=\"rank-math-list-item\">\n<h3 class=\"rank-math-question \">Wann ist die Bl\u00fctezeit von Mint Chocolate Chip?<\/h3>\n<div class=\"rank-math-answer \">\n\n<p>Die Bl\u00fctezeit von Mint Chocolate Chip betr\u00e4gt etwa 56 bis 63 Tage. Diese relativ kurze Zeitspanne ist ideal f\u00fcr Erzeuger, die eine schnelle Fruchtfolge anstreben, ohne die Qualit\u00e4t oder Potenz der Knospen zu beeintr\u00e4chtigen.<\/p>\n\n<\/div>\n<\/div>\n<div id=\"faq-question-1663029165861\" class=\"rank-math-list-item\">\n<h3 class=\"rank-math-question \">Welche Wirkungen kann ich von Mint Chocolate Chip erwarten?<\/h3>\n<div class=\"rank-math-answer \">\n\n<p>Die Wirkung von Mint Chocolate Chip ist eine ausgewogene Mischung aus geistiger Stimulation und k\u00f6rperlicher Entspannung. Am Anfang kannst du einen Schub an Energie und Kreativit\u00e4t erwarten, gefolgt von einem Gef\u00fchl der Ruhe und des k\u00f6rperlichen Wohlbefindens. Sie ist ideal f\u00fcr alle, die Stress, Depressionen und Schmerzen lindern und gleichzeitig ein gewisses Ma\u00df an Aktivit\u00e4t beibehalten wollen.<\/p>\n\n<\/div>\n<\/div>\n<div id=\"faq-question-1666780029954\" class=\"rank-math-list-item\">\n<h3 class=\"rank-math-question \">Wie hoch ist der THC-Gehalt von Mint Chocolate Chip?<\/h3>\n<div class=\"rank-math-answer \">\n\n<p>Mint Chocolate Chip hat einen THC-Gehalt zwischen 18% und 23%. Dieses Sortiment garantiert ein starkes und befriedigendes Erlebnis f\u00fcr die Konsumenten und eignet sich sowohl f\u00fcr den Freizeitgebrauch als auch f\u00fcr therapeutische Zwecke.<\/p>\n\n<\/div>\n<\/div>\n<div id=\"faq-question-1708944055308\" class=\"rank-math-list-item\">\n<h3 class=\"rank-math-question \">Wie schwierig ist es, Mint Chocolate Chip anzubauen?<\/h3>\n<div class=\"rank-math-answer \">\n\n<p>Der Anbau von Mint Chocolate Chip ist mittelschwer, so dass sie sowohl von Anf\u00e4ngern als auch von erfahrenen Z\u00fcchtern angebaut werden kann. Er sch\u00e4tzt kontrollierte Anbaubedingungen und Schnitttechniken, um die Produktion zu maximieren, aber seine Widerstandsf\u00e4higkeit gegen Sch\u00e4dlinge und Krankheiten tr\u00e4gt zu einer allgemein lohnenden Anbauerfahrung bei.<\/p>\n\n<\/div>\n<\/div>\n<\/div>\n<\/div>","protected":false},"excerpt":{"rendered":"<p><b>Mint Chocolate Chip <\/b>ist die perfekte Balance zwischen Geschmack und Wirkung. Diese Hybridsorte, die aus der Kreuzung von Thin Mint Cookies und Green Ribbon BX entstanden ist, zeichnet sich durch ihren <strong>einzigartigen minzigen Schokoladengeschmack<\/strong> und eine Wirkung aus, die <strong>geistige Energie mit k\u00f6rperlicher Entspannung verbindet<\/strong>. Ideal f\u00fcr diejenigen, die ein intensives und befriedigendes Erlebnis suchen, mit<strong> einfachem Anbau und gro\u00dfz\u00fcgigen Ertr\u00e4gen<\/strong>.<\/p>\n","protected":false},"featured_media":22479,"comment_status":"open","ping_status":"closed","template":"","meta":{"_acf_changed":false,"inline_featured_image":false,"_uag_custom_page_level_css":""},"product_brand":[],"product_cat":[1097,4113],"product_tag":[],"class_list":{"0":"post-22489","1":"product","2":"type-product","3":"status-publish","4":"has-post-thumbnail","6":"product_cat-feminisierte-cannabis-samen","7":"product_cat-cannabis-samen-unter-1-euro","9":"first","10":"instock","11":"sale","12":"taxable","13":"shipping-taxable","14":"purchasable","15":"product-type-simple"},"acf":[],"uagb_featured_image_src":{"full":["https:\/\/bulkgenetics.com\/wp-content\/uploads\/2024\/02\/mint-chocolate-chip-strain-weed.jpg",1600,1600,false],"thumbnail":["https:\/\/bulkgenetics.com\/wp-content\/uploads\/2024\/02\/mint-chocolate-chip-strain-weed-150x150.jpg",150,150,true],"medium":["https:\/\/bulkgenetics.com\/wp-content\/uploads\/2024\/02\/mint-chocolate-chip-strain-weed-300x300.jpg",300,300,true],"medium_large":["https:\/\/bulkgenetics.com\/wp-content\/uploads\/2024\/02\/mint-chocolate-chip-strain-weed-768x768.jpg",768,768,true],"large":["https:\/\/bulkgenetics.com\/wp-content\/uploads\/2024\/02\/mint-chocolate-chip-strain-weed-1024x1024.jpg",1024,1024,true],"1536x1536":["https:\/\/bulkgenetics.com\/wp-content\/uploads\/2024\/02\/mint-chocolate-chip-strain-weed-1536x1536.jpg",1536,1536,true],"2048x2048":["https:\/\/bulkgenetics.com\/wp-content\/uploads\/2024\/02\/mint-chocolate-chip-strain-weed.jpg",1600,1600,false],"commercegurus-pdp-large":["https:\/\/bulkgenetics.com\/wp-content\/uploads\/2024\/02\/mint-chocolate-chip-strain-weed-990x990.jpg",990,990,true],"commercegurus-plp-mobile":["https:\/\/bulkgenetics.com\/wp-content\/uploads\/2024\/02\/mint-chocolate-chip-strain-weed-441x441.jpg",441,441,true],"cgkit_image_swatch":["https:\/\/bulkgenetics.com\/wp-content\/uploads\/2024\/02\/mint-chocolate-chip-strain-weed-100x100.jpg",100,100,true],"woocommerce_thumbnail":["https:\/\/bulkgenetics.com\/wp-content\/uploads\/2024\/02\/mint-chocolate-chip-strain-weed-300x300.jpg",300,300,true],"woocommerce_single":["https:\/\/bulkgenetics.com\/wp-content\/uploads\/2024\/02\/mint-chocolate-chip-strain-weed-800x800.jpg",800,800,true],"woocommerce_gallery_thumbnail":["https:\/\/bulkgenetics.com\/wp-content\/uploads\/2024\/02\/mint-chocolate-chip-strain-weed-150x150.jpg",150,150,true],"dgwt-wcas-product-suggestion":["https:\/\/bulkgenetics.com\/wp-content\/uploads\/2024\/02\/mint-chocolate-chip-strain-weed-64x64.jpg",64,64,true]},"uagb_author_info":{"display_name":"\u00c1ngel Flores","author_link":"https:\/\/bulkgenetics.com\/de\/author\/"},"uagb_comment_info":1,"uagb_excerpt":"Mint Chocolate Chip ist die perfekte Balance zwischen Geschmack und Wirkung. Diese Hybridsorte, die aus der Kreuzung von Thin Mint Cookies und Green Ribbon BX entstanden ist, zeichnet sich durch ihren einzigartigen minzigen Schokoladengeschmack und eine Wirkung aus, die geistige Energie mit k\u00f6rperlicher Entspannung verbindet. Ideal f\u00fcr diejenigen, die ein intensives und befriedigendes Erlebnis suchen,&hellip;","_links":{"self":[{"href":"https:\/\/bulkgenetics.com\/de\/wp-json\/wp\/v2\/product\/22489","targetHints":{"allow":["GET"]}}],"collection":[{"href":"https:\/\/bulkgenetics.com\/de\/wp-json\/wp\/v2\/product"}],"about":[{"href":"https:\/\/bulkgenetics.com\/de\/wp-json\/wp\/v2\/types\/product"}],"replies":[{"embeddable":true,"href":"https:\/\/bulkgenetics.com\/de\/wp-json\/wp\/v2\/comments?post=22489"}],"wp:featuredmedia":[{"embeddable":true,"href":"https:\/\/bulkgenetics.com\/de\/wp-json\/wp\/v2\/media\/22479"}],"wp:attachment":[{"href":"https:\/\/bulkgenetics.com\/de\/wp-json\/wp\/v2\/media?parent=22489"}],"wp:term":[{"taxonomy":"product_brand","embeddable":true,"href":"https:\/\/bulkgenetics.com\/de\/wp-json\/wp\/v2\/product_brand?post=22489"},{"taxonomy":"product_cat","embeddable":true,"href":"https:\/\/bulkgenetics.com\/de\/wp-json\/wp\/v2\/product_cat?post=22489"},{"taxonomy":"product_tag","embeddable":true,"href":"https:\/\/bulkgenetics.com\/de\/wp-json\/wp\/v2\/product_tag?post=22489"}],"curies":[{"name":"wp","href":"https:\/\/api.w.org\/{rel}","templated":true}]}}