{"id":22665,"date":"2024-03-05T11:13:52","date_gmt":"2024-03-05T10:13:52","guid":{"rendered":"https:\/\/bulkgenetics.com\/?post_type=product&#038;p=22665"},"modified":"2024-10-08T01:08:49","modified_gmt":"2024-10-07T23:08:49","slug":"biodiesel-auto","status":"publish","type":"product","link":"https:\/\/bulkgenetics.com\/de\/biodiesel-auto\/","title":{"rendered":"Biodiesel Auto"},"content":{"rendered":"\n<p>Stell dir eine meisterhafte Kreuzung zwischen zwei Giganten vor: Auto Diesel und Auto Critical. Das ist <strong>Biodiesel Auto<\/strong>, eine autoflowering Sorte, die das Beste aus beiden Welten vereint: die Potenz und die intensiven Diesel- und Zitrusaromen ihrer Vorg\u00e4ngerinnen.  <\/p>\n\n\n\n<p>Diese Sorte wurde sorgf\u00e4ltig ausgew\u00e4hlt, um auch den anspruchsvollsten Cannabis-Enthusiasten ein unvergleichliches Erlebnis zu bieten.<\/p>\n\n\n\n<p>Egal, ob es um den einfachen Anbau, die Widerstandsf\u00e4higkeit oder die au\u00dfergew\u00f6hnlichen Aromen und Wirkungen geht, Biodiesel Auto ist eine Sorte, die einen Ehrenplatz in deiner Marihuana-Samensammlung verdient hat.  <strong>Bulk Genetics<\/strong> ist stolz darauf, diese Hanfsamen anbieten zu k\u00f6nnen und l\u00e4dt dich ein, das Potenzial einer Pflanze zu entdecken, die zweifellos viel mehr ist als die Summe ihrer Teile.<\/p>\n\n\n\n<p>Die Kundenrezensionen best\u00e4tigen nur, was wir bereits wissen: Biodiesel Auto ist eine Sorte, die niemanden gleichg\u00fcltig l\u00e4sst. Mit ihrer Ausgewogenheit zwischen Produktion, Wirkung und Aromen nimmt sie einen herausragenden Platz im Katalog von <strong>Bulk Genetics<\/strong> ein und ist eine beliebte Wahl f\u00fcr alle, die Qualit\u00e4t und Leistung ohne Kompromisse suchen.<\/p>\n\n\n\n<h2 class=\"wp-block-heading\">Bl\u00fctezeit und Produktion<\/h2>\n\n\n\n<p>Mit einem vollen Lebenszyklus von nur <strong>60 bis 70 Tagen<\/strong> ist Biodiesel Auto ein Star in Sachen Geschwindigkeit und Effizienz. In Innenr\u00e4umen erreicht er eine moderate H\u00f6he von 80-120 cm, w\u00e4hrend er im Freien bis zu 1,6 Meter hoch wird und seine beeindruckende Pr\u00e4senz zeigt.  <\/p>\n\n\n\n<p>Lass dich von der kompakten Gr\u00f6\u00dfe nicht t\u00e4uschen; diese Pflanze ist ein produktiver Produzent, der unter optimalen Wachstumsbedingungen bis zu <strong>500 g\/m\u00b2<\/strong> erreicht. Die in Harz gebadeten und mit THC gef\u00fcllten Knospen sind ein wahrer Augenschmaus.<\/p>\n\n\n\n<h2 class=\"wp-block-heading\">Wirkung und Aroma von Biodiesel Auto<\/h2>\n\n\n\n<p>Sein THC-Gehalt von <strong>17%<\/strong> garantiert eine starke, aber ausgewogene Wirkung, die eine zerebrale Aktivierung hervorruft, die sanft in ein Gef\u00fchl der tiefen Entspannung \u00fcbergeht. Perfekt f\u00fcr die Momente, in denen du abschalten und deine Aktivit\u00e4ten mit neuer Energie fortsetzen musst.<\/p>\n\n\n\n<p>Biodiesel Auto wird dich mit seinem <strong>intensiven Aroma von Diesel, Orangen und s\u00fc\u00dfen Zitrusfr\u00fcchten<\/strong> verf\u00fchren, ein Erbe seiner Diesel-Abstammung, das ein einzigartiges sensorisches Erlebnis verspricht.  <\/p>\n\n\n\n<h2 class=\"wp-block-heading\">Wie man Auto-Biodiesel anbaut<\/h2>\n\n\n\n<p>Der Anbau ist einfach und stellt keine besonderen Anforderungen, abgesehen von der Grundpflege, was sie zu einem idealen Kandidaten f\u00fcr diejenigen macht, die gerade erst in die Welt des Cannabisanbaus einsteigen.<\/p>\n\n\n\n<p>Die Widerstandsf\u00e4higkeit von Biodiesel Auto gegen Sch\u00e4dlinge und Krankheiten ist bemerkenswert und macht ihn zu einer zuverl\u00e4ssigen Wahl f\u00fcr Anf\u00e4nger und erfahrene Anbauer. Sie passt sich an verschiedene Klimazonen an, bevorzugt aber gem\u00e4\u00dfigte Klimazonen, um ihr volles Potenzial zu entfalten.  <\/p>\n\n\n\n<p>Wir bei <strong>Bulk Genetics<\/strong> glauben, dass der Erfolg beim Anbau von Biodiesel Auto von der Liebe zum Detail abh\u00e4ngt. Wir teilen gerne unser Wissen und unsere Erfahrung, damit auch du eine reiche und hochwertige Ernte genie\u00dfen kannst. Hier sind einige Tipps, die dir helfen, das Beste aus diesen Samen herauszuholen:<\/p>\n\n\n\n<p>W\u00e4hle zun\u00e4chst den richtigen Ort. Obwohl Biodiesel Auto robust und vielseitig ist, gedeiht es vor allem in gem\u00e4\u00dfigten Klimazonen und unter direkter Sonneneinstrahlung. In Innenr\u00e4umen solltest du einen Lichtzyklus von 20 Stunden an und 4 Stunden aus f\u00fcr die gesamte Pflanze vorsehen.<\/p>\n\n\n\n<p>Was den Boden angeht, so bevorzugt sie einen n\u00e4hrstoffreichen Boden mit guter Drainage. Eine leichte Stickstoffzufuhr zu Beginn und eine Erh\u00f6hung von Kalium und Phosphor w\u00e4hrend der Bl\u00fcte f\u00f6rdern die Entwicklung harziger und aromatischer Knospen. Vergiss nicht, nicht umzupflanzen; es ist besser, sich von Anfang an f\u00fcr einen festen Standort zu entscheiden, um die Pflanze nicht zu stressen.<\/p>\n\n\n\n<p>Im Freien solltest du jeder Pflanze genug Platz zum Wachsen geben, damit sich die Wurzeln optimal entwickeln k\u00f6nnen und die Pflanzen gr\u00f6\u00dfer und produktiver werden. Das Geheimnis liegt in der Einfachheit: grundlegende Pflege und kontinuierliche Beobachtung, um sicherzustellen, dass jedes Exemplar sein volles Potenzial erreicht.<\/p>\n\n\n\n<div style=\"height:50px\" aria-hidden=\"true\" class=\"wp-block-spacer uag-hide-mob\"><\/div>\n\n\n\n<div class=\"wp-block-columns is-layout-flex wp-container-core-columns-is-layout-28f84493 wp-block-columns-is-layout-flex\">\n<div class=\"wp-block-column is-layout-flow wp-block-column-is-layout-flow\">\n<p class=\"has-text-align-center has-medium-font-size\"><strong>Was wir am meisten m\u00f6gen<\/strong><\/p>\n\n\n\n<ul class=\"wp-block-list\">\n<li>Ihre Widerstandsf\u00e4higkeit gegen Sch\u00e4dlinge und Krankheiten macht sie sowohl f\u00fcr Anf\u00e4nger als auch f\u00fcr Experten ideal.<\/li>\n\n\n\n<li>Das zitrusartige und s\u00fc\u00dfe Aroma seiner Knospen verspricht ein unvergessliches sensorisches Erlebnis.<\/li>\n\n\n\n<li>Die Schnelligkeit seines Lebenszyklus, die es dir erm\u00f6glicht, deine Ernte in nur 60 bis 70 Tagen zu genie\u00dfen.<\/li>\n<\/ul>\n<\/div>\n\n\n\n<div class=\"wp-block-column is-layout-flow wp-block-column-is-layout-flow\">\n<p class=\"has-text-align-center has-medium-font-size\"><strong>Was wir am wenigsten m\u00f6gen<\/strong><\/p>\n\n\n\n<ul class=\"wp-block-list\">\n<li>Obwohl sie gegen Sch\u00e4dlinge resistent ist, kann ihr intensives Aroma zus\u00e4tzliche Ma\u00dfnahmen erfordern, um in Freilandkulturen keine unerw\u00fcnschte Aufmerksamkeit zu erregen.<\/li>\n\n\n\n<li>Anbauer, die auf der Suche nach extrem potenten Effekten sind, werden den 17%igen THC-Gehalt vielleicht als moderat, aber perfekt f\u00fcr einen ausgewogenen t\u00e4glichen Gebrauch empfinden.<\/li>\n<\/ul>\n<\/div>\n<\/div>\n\n\n\n<div style=\"height:50px\" aria-hidden=\"true\" class=\"wp-block-spacer uag-hide-mob\"><\/div>\n\n\n\n<h2 class=\"wp-block-heading\">H\u00e4ufig gestellte Fragen<\/h2>\n\n\n\n<p>Im Folgenden findest du die Antworten auf die am h\u00e4ufigsten gestellten Fragen von Z\u00fcchtern, die sich f\u00fcr diese Genetik interessieren:<\/p>\n\n\n<div id=\"rank-math-faq\" class=\"rank-math-block\">\n<div class=\"rank-math-list \">\n<div id=\"faq-question-1663029074962\" class=\"rank-math-list-item\">\n<h3 class=\"rank-math-question \">Ist Biodiesel Auto sativa oder indica?<\/h3>\n<div class=\"rank-math-answer \">\n\n<p>Biodiesel Auto ist eine <strong>Indica-dominante<\/strong> Sorte, die aus einer sorgf\u00e4ltigen genetischen Selektion zwischen Auto Diesel und Auto Critical hervorgegangen ist. Diese Kreuzung hat eine Sorte hervorgebracht, die die besten Qualit\u00e4ten ihrer Vorfahren beibeh\u00e4lt und eine Struktur und Wirkung aufweist, die n\u00e4her an der von Indicas liegt und sich durch ein Gef\u00fchl tiefer Entspannung und k\u00f6rperlichen Wohlbefindens auszeichnet.<\/p>\n\n<\/div>\n<\/div>\n<div id=\"faq-question-1663029159933\" class=\"rank-math-list-item\">\n<h3 class=\"rank-math-question \">Wie hoch ist der THC- und CBD-Gehalt von Biodiesel Auto?<\/h3>\n<div class=\"rank-math-answer \">\n\n<p>Biodiesel Auto hat einen THC-Gehalt von <strong>17%<\/strong> und liegt damit im mittleren bis hohen Bereich der Potenz, ideal f\u00fcr Konsumenten, die eine ausgewogene Wirkung suchen, ohne \u00fcberw\u00e4ltigend zu sein. Der CBD-Gehalt dieser Sorte liegt bei etwa <strong>0,1 %<\/strong>, was die psychoaktive Wirkung von THC verst\u00e4rkt und gleichzeitig das Gleichgewicht mit den leichten therapeutischen Eigenschaften aufrechterh\u00e4lt.<\/p>\n\n<\/div>\n<\/div>\n<div id=\"faq-question-1663029165861\" class=\"rank-math-list-item\">\n<h3 class=\"rank-math-question \">Wie lange dauert es, bis Biodiesel Auto bl\u00fcht?<\/h3>\n<div class=\"rank-math-answer \">\n\n<p>Einer der gro\u00dfen Vorteile von Biodiesel Auto ist sein schneller Lebenszyklus. Von der Keimung bis zur Ernte vollendet diese Sorte ihren Zyklus in <strong>60-70 Tagen<\/strong>. Das macht ihn zu einer au\u00dfergew\u00f6hnlichen Wahl f\u00fcr Landwirte, die Effizienz und Schnelligkeit suchen, ohne Abstriche bei Qualit\u00e4t und Ertrag zu machen.<\/p>\n\n<\/div>\n<\/div>\n<div id=\"faq-question-1666780029954\" class=\"rank-math-list-item\">\n<h3 class=\"rank-math-question \">Ist Biodiesel Auto f\u00fcr Anbauanf\u00e4nger geeignet?<\/h3>\n<div class=\"rank-math-answer \">\n\n<p>Auf jeden Fall, ja. Dank seiner Resistenz gegen Sch\u00e4dlinge und Krankheiten sowie seiner Anpassungsf\u00e4higkeit an unterschiedliche klimatische Bedingungen ist Biodiesel Auto eine ausgezeichnete Wahl f\u00fcr Anf\u00e4nger im Cannabisanbau.  <\/p>\n\n<\/div>\n<\/div>\n<div id=\"faq-question-1709634641130\" class=\"rank-math-list-item\">\n<h3 class=\"rank-math-question \">Wie l\u00e4sst sich die Produktion von Auto-Biodiesel maximieren?<\/h3>\n<div class=\"rank-math-answer \">\n\n<p>Um maximale Ertr\u00e4ge von Biodiesel Auto zu erzielen, empfehlen wir, sie unter optimalen Bedingungen anzubauen und dabei besonders auf Licht, Platz und N\u00e4hrstoffe zu achten. In Innenr\u00e4umen verwendet sie einen Lichtzyklus von 20 Stunden f\u00fcr den gesamten Zyklus. Achte auf einen n\u00e4hrstoffreichen Boden und erw\u00e4ge eine leichte Stickstoffzufuhr zu Beginn und eine Erh\u00f6hung von Kalium und Phosphor w\u00e4hrend der Bl\u00fctezeit.<\/p>\n\n<\/div>\n<\/div>\n<\/div>\n<\/div>","protected":false},"excerpt":{"rendered":"<p>Unser <strong>Biodiesel Auto<\/strong> ist die perfekte Wahl f\u00fcr alle, die eine au\u00dfergew\u00f6hnliche Kombination aus Geschwindigkeit, Widerstandsf\u00e4higkeit und intensiven Zitrusaromen suchen. Mit einem Lebenszyklus von nur 60-70 Tagen und einem bemerkenswerten Ertrag von bis zu 500 g\/m\u00b2 verspricht diese autoflowering Sorte sowohl Anf\u00e4ngern als auch erfahrenen Z\u00fcchtern eine ausgewogene Wirkung und einen \u00fcppigen Orangengeschmack mit einem Hauch von Diesel zu liefern.<\/p>\n","protected":false},"featured_media":22673,"comment_status":"open","ping_status":"closed","template":"","meta":{"_acf_changed":false,"inline_featured_image":false,"_uag_custom_page_level_css":""},"product_brand":[],"product_cat":[2114,4113],"product_tag":[],"class_list":{"0":"post-22665","1":"product","2":"type-product","3":"status-publish","4":"has-post-thumbnail","6":"product_cat-autoflowering-cannabis-samen","7":"product_cat-cannabis-samen-unter-1-euro","9":"first","10":"instock","11":"sale","12":"taxable","13":"shipping-taxable","14":"purchasable","15":"product-type-simple"},"acf":[],"uagb_featured_image_src":{"full":["https:\/\/bulkgenetics.com\/wp-content\/uploads\/2024\/03\/biodiesel-auto-3.jpg",1600,1600,false],"thumbnail":["https:\/\/bulkgenetics.com\/wp-content\/uploads\/2024\/03\/biodiesel-auto-3-150x150.jpg",150,150,true],"medium":["https:\/\/bulkgenetics.com\/wp-content\/uploads\/2024\/03\/biodiesel-auto-3-300x300.jpg",300,300,true],"medium_large":["https:\/\/bulkgenetics.com\/wp-content\/uploads\/2024\/03\/biodiesel-auto-3-768x768.jpg",768,768,true],"large":["https:\/\/bulkgenetics.com\/wp-content\/uploads\/2024\/03\/biodiesel-auto-3-1024x1024.jpg",1024,1024,true],"1536x1536":["https:\/\/bulkgenetics.com\/wp-content\/uploads\/2024\/03\/biodiesel-auto-3-1536x1536.jpg",1536,1536,true],"2048x2048":["https:\/\/bulkgenetics.com\/wp-content\/uploads\/2024\/03\/biodiesel-auto-3.jpg",1600,1600,false],"commercegurus-pdp-large":["https:\/\/bulkgenetics.com\/wp-content\/uploads\/2024\/03\/biodiesel-auto-3-990x990.jpg",990,990,true],"commercegurus-plp-mobile":["https:\/\/bulkgenetics.com\/wp-content\/uploads\/2024\/03\/biodiesel-auto-3-441x441.jpg",441,441,true],"cgkit_image_swatch":["https:\/\/bulkgenetics.com\/wp-content\/uploads\/2024\/03\/biodiesel-auto-3-100x100.jpg",100,100,true],"woocommerce_thumbnail":["https:\/\/bulkgenetics.com\/wp-content\/uploads\/2024\/03\/biodiesel-auto-3-300x300.jpg",300,300,true],"woocommerce_single":["https:\/\/bulkgenetics.com\/wp-content\/uploads\/2024\/03\/biodiesel-auto-3-800x800.jpg",800,800,true],"woocommerce_gallery_thumbnail":["https:\/\/bulkgenetics.com\/wp-content\/uploads\/2024\/03\/biodiesel-auto-3-150x150.jpg",150,150,true],"dgwt-wcas-product-suggestion":["https:\/\/bulkgenetics.com\/wp-content\/uploads\/2024\/03\/biodiesel-auto-3-64x64.jpg",64,64,true]},"uagb_author_info":{"display_name":"\u00c1ngel Flores","author_link":"https:\/\/bulkgenetics.com\/de\/author\/"},"uagb_comment_info":0,"uagb_excerpt":"Unser Biodiesel Auto ist die perfekte Wahl f\u00fcr alle, die eine au\u00dfergew\u00f6hnliche Kombination aus Geschwindigkeit, Widerstandsf\u00e4higkeit und intensiven Zitrusaromen suchen. Mit einem Lebenszyklus von nur 60-70 Tagen und einem bemerkenswerten Ertrag von bis zu 500 g\/m\u00b2 verspricht diese autoflowering Sorte sowohl Anf\u00e4ngern als auch erfahrenen Z\u00fcchtern eine ausgewogene Wirkung und einen \u00fcppigen Orangengeschmack mit einem&hellip;","_links":{"self":[{"href":"https:\/\/bulkgenetics.com\/de\/wp-json\/wp\/v2\/product\/22665","targetHints":{"allow":["GET"]}}],"collection":[{"href":"https:\/\/bulkgenetics.com\/de\/wp-json\/wp\/v2\/product"}],"about":[{"href":"https:\/\/bulkgenetics.com\/de\/wp-json\/wp\/v2\/types\/product"}],"replies":[{"embeddable":true,"href":"https:\/\/bulkgenetics.com\/de\/wp-json\/wp\/v2\/comments?post=22665"}],"wp:featuredmedia":[{"embeddable":true,"href":"https:\/\/bulkgenetics.com\/de\/wp-json\/wp\/v2\/media\/22673"}],"wp:attachment":[{"href":"https:\/\/bulkgenetics.com\/de\/wp-json\/wp\/v2\/media?parent=22665"}],"wp:term":[{"taxonomy":"product_brand","embeddable":true,"href":"https:\/\/bulkgenetics.com\/de\/wp-json\/wp\/v2\/product_brand?post=22665"},{"taxonomy":"product_cat","embeddable":true,"href":"https:\/\/bulkgenetics.com\/de\/wp-json\/wp\/v2\/product_cat?post=22665"},{"taxonomy":"product_tag","embeddable":true,"href":"https:\/\/bulkgenetics.com\/de\/wp-json\/wp\/v2\/product_tag?post=22665"}],"curies":[{"name":"wp","href":"https:\/\/api.w.org\/{rel}","templated":true}]}}