{"id":22788,"date":"2024-03-11T11:29:31","date_gmt":"2024-03-11T10:29:31","guid":{"rendered":"https:\/\/bulkgenetics.com\/?post_type=product&#038;p=22788"},"modified":"2024-10-08T01:08:49","modified_gmt":"2024-10-07T23:08:49","slug":"blueberry-cheesecake","status":"publish","type":"product","link":"https:\/\/bulkgenetics.com\/de\/blueberry-cheesecake\/","title":{"rendered":"Blueberry Cheesecake"},"content":{"rendered":"\n<h2 class=\"wp-block-heading\">Blueberry Cheesecake St\u00e4mme Info<\/h2>\n\n\n\n<p><strong>Blueberry Cheesecake<\/strong>, auch bekannt als Blue Cheesecake, ist eine Sorte, die das Beste aus zwei Welten vereint: die Potenz von Cheese mit der S\u00fc\u00dfe von Blueberry. Diese genetische Kreuzung hat einen feminisierten, indicadominierten Samen hervorgebracht, der deine Sinne auf eine Reise voller ausgewogener Geschmacksrichtungen, Aromen und Effekte mitzunehmen verspricht.  <\/p>\n\n\n\n<p>Blueberry Cheesecake ist das Ergebnis eines sorgf\u00e4ltigen Selektionsprozesses. Sie ist der Nachkomme eines kr\u00e4ftigen Blueberry-Ph\u00e4notyps und einer potenten Cheese und bietet dir ein unvergleichliches Cannabis-Erlebnis.<\/p>\n\n\n\n<p>Unser <strong>Blueberry Cheesecake <\/strong>ist von h\u00f6chster Qualit\u00e4t. Durch sorgf\u00e4ltige Auswahl und Z\u00fcchtung stellen wir sicher, dass jedes Saatgut das Potenzial hat, sich zu einer au\u00dfergew\u00f6hnlichen Pflanze zu entwickeln, die das Beste in Bezug auf Aroma, Geschmack und Wirkung liefert. Wir laden sowohl professionelle als auch Hobbyz\u00fcchter dazu ein, das einzigartige Potenzial dieser Sorte zu entdecken, ein Juwel in der Cannabiswelt, das selbst die anspruchsvollsten Gaumen zu befriedigen verspricht.<\/p>\n\n\n\n<h2 class=\"wp-block-heading\">Wirkung und Geschmack von Blue Cheesecake<\/h2>\n\n\n\n<p>Das Blueberry Cheesecake-Erlebnis ist so reichhaltig und komplex wie der Geschmack. Beim ersten Kontakt umh\u00fcllt dich ein intensiv fruchtiges und cremiges Aroma mit K\u00e4senoten, die neugierig machen. Der Geschmack bleibt seinem Namen treu und verbindet auf wunderbare Weise s\u00fc\u00dfe Beeren mit einem Hauch von K\u00e4se.  <\/p>\n\n\n\n<p>Die Wirkung ist ebenso beeindruckend: eine ausgewogene Euphorie, die den Geist anregt und gleichzeitig den K\u00f6rper entspannt, ideal um Schmerzen und Stress zu lindern und den Appetit anzuregen. Der THC-Gehalt liegt bei mittleren 20%, was es dir erm\u00f6glicht, die Vorteile zu genie\u00dfen, ohne \u00fcberw\u00e4ltigt zu werden, und eine perfekte Balance zwischen Entspannung und geistiger Klarheit zu halten.<\/p>\n\n\n\n<h2 class=\"wp-block-heading\">Bl\u00fctezeit und Produktion<\/h2>\n\n\n\n<p>Mit einer Bl\u00fctezeit von nur <strong>7 bis 9 Wochen<\/strong> wird Blueberry Cheesecake dich nicht lange warten lassen, um ihre Fr\u00fcchte zu genie\u00dfen. Diese Sorte eignet sich sowohl f\u00fcr den Innen- als auch f\u00fcr den Au\u00dfenanbau. Sie zeichnet sich durch ihre Anpassungsf\u00e4higkeit an verschiedene Klimazonen aus und verspricht einen hohen Ertrag.  <\/p>\n\n\n\n<p>Im Innenbereich kannst du mit Ertr\u00e4gen von bis zu <strong>600 g\/m\u00b2<\/strong> rechnen, w\u00e4hrend du im Au\u00dfenbereich <strong>550-500 g<\/strong> pro Pflanze erzielen kannst. Ihre Widerstandsf\u00e4higkeit und einfache Kultivierung machen sie perfekt f\u00fcr Anbauer aller Niveaus, von Anf\u00e4ngern bis zu erfahrenen Z\u00fcchtern.<\/p>\n\n\n\n<h2 class=\"wp-block-heading\">Wie man Blueberry Cheesecake anbaut<\/h2>\n\n\n\n<p>Wir von Bulk Genetics m\u00f6chten dir ein paar Tipps geben, damit deine Erfahrung mit dem Anbau von <strong>Blueberry Cheesecake<\/strong> ein Erfolg wird. Diese Sorte ist f\u00fcr ihre <strong>einfache Kultivierung<\/strong> bekannt, was sie sowohl f\u00fcr Anf\u00e4nger als auch f\u00fcr erfahrene Z\u00fcchter ideal macht.<\/p>\n\n\n\n<p>Die Robustheit der Blaubeere Cheesecake gegen Sch\u00e4dlinge und Krankheiten und ihre Vielseitigkeit, in fast jedem Klima zu gedeihen, machen sie zu einer zuverl\u00e4ssigen Wahl f\u00fcr Anbauer. Egal, ob du drinnen anbaust oder dich lieber nach drau\u00dfen wagst, diese Sorte wird deinen Bed\u00fcrfnissen gerecht und zeigt eine beeindruckende Widerstandsf\u00e4higkeit und einfache Handhabung. Verbraucher und Z\u00fcchter gleicherma\u00dfen loben die Zuverl\u00e4ssigkeit und die gleichbleibenden Ergebnisse, die Blueberry Cheesecake zu einer wertvollen Erg\u00e4nzung f\u00fcr jede Cannabis-Samensammlung machen.<\/p>\n\n\n\n<p>Blueberry Cheesecake ist sowohl f\u00fcr den Innen- als auch f\u00fcr den Au\u00dfenbereich wunderbar geeignet. Wenn du dich f\u00fcr den Anbau im Haus entscheidest, empfehlen wir dir, f\u00fcr eine angemessene Luftfeuchtigkeit und Temperatur zu sorgen. Ein Temperaturbereich von 20-26\u00b0C am Tag und etwas k\u00fchler in der Nacht f\u00f6rdert die optimale Entwicklung. Au\u00dferdem solltest du T\u00f6pfe verwenden, die eine gute Drainage erm\u00f6glichen, um Staun\u00e4sse im Substrat zu vermeiden.<\/p>\n\n\n\n<p>Im Freien gedeiht Blueberry Cheesecake mit viel Sonnenlicht. Achte darauf, dass du sie an einem Ort pflanzt, an dem sie mindestens 6 Stunden direktes Licht pro Tag erh\u00e4lt. Sie ist resistent gegen klimatische Schwankungen, freut sich aber immer \u00fcber ein wenig Schutz in den k\u00e4ltesten N\u00e4chten. Wenn die Erntezeit gegen Ende September oder Oktober naht, kannst du dich darauf vorbereiten, die reichhaltigen Fr\u00fcchte voller Geschmack und Kraft zu ernten.<\/p>\n\n\n\n<p>In beiden F\u00e4llen raten wir dir, die unteren Bl\u00e4tter zu beschneiden, um die Luftzirkulation und den Lichteinfall in den unteren Bereichen der Pflanze zu verbessern. Dies verhindert nicht nur das Auftreten von Schimmel, sondern f\u00f6rdert auch einen h\u00f6heren Ertrag an Knospen in den oberen Teilen der Pflanze.<\/p>\n\n\n\n<div style=\"height:50px\" aria-hidden=\"true\" class=\"wp-block-spacer uag-hide-mob\"><\/div>\n\n\n\n<div class=\"wp-block-columns is-layout-flex wp-container-core-columns-is-layout-28f84493 wp-block-columns-is-layout-flex\">\n<div class=\"wp-block-column is-layout-flow wp-block-column-is-layout-flow\">\n<p class=\"has-text-align-center has-medium-font-size\"><strong>Was wir am meisten m\u00f6gen<\/strong><\/p>\n\n\n\n<ul class=\"wp-block-list\">\n<li>Sein einzigartiger Geschmack und sein Aroma erinnern wirklich an ein Blaubeer-K\u00e4se-Dessert.<\/li>\n\n\n\n<li>Die Einfachheit des Anbaus macht sie zu einer ausgezeichneten Wahl f\u00fcr Anbauer aller Stufen.<\/li>\n\n\n\n<li>Die ausgewogenen Effekte, die es bietet, sind perfekt, um sie zu jeder Zeit des Tages zu genie\u00dfen.<\/li>\n\n\n\n<li>Die gro\u00dfz\u00fcgige Produktion sowohl drinnen als auch drau\u00dfen.<\/li>\n<\/ul>\n<\/div>\n\n\n\n<div class=\"wp-block-column is-layout-flow wp-block-column-is-layout-flow\">\n<p class=\"has-text-align-center has-medium-font-size\"><strong>Was wir am wenigsten m\u00f6gen<\/strong><\/p>\n\n\n\n<ul class=\"wp-block-list\">\n<li>Die Notwendigkeit einer Geruchskontrolle w\u00e4hrend der Bl\u00fctezeit aufgrund des intensiven, stechenden Aromas.<\/li>\n\n\n\n<li>Das (wenn auch kurze) Warten auf die Ernte, denn wir sind immer darauf bedacht, ihre Fr\u00fcchte zu genie\u00dfen.<\/li>\n<\/ul>\n<\/div>\n<\/div>\n\n\n\n<div style=\"height:50px\" aria-hidden=\"true\" class=\"wp-block-spacer uag-hide-mob\"><\/div>\n\n\n\n<h2 class=\"wp-block-heading\">H\u00e4ufig gestellte Fragen<\/h2>\n\n\n\n<p>Im Folgenden findest du die Antworten auf die am h\u00e4ufigsten gestellten Fragen von Z\u00fcchtern, die an dieser Sorte interessiert sind:<\/p>\n\n\n<div id=\"rank-math-faq\" class=\"rank-math-block\">\n<div class=\"rank-math-list \">\n<div id=\"faq-question-1663029074962\" class=\"rank-math-list-item\">\n<h3 class=\"rank-math-question \">Ist Blueberry Cheesecake eine Sativa oder eine Indica?<\/h3>\n<div class=\"rank-math-answer \">\n\n<p>Blueberry Cheesecake ist \u00fcberwiegend eine <strong>Indica-Sorte<\/strong>. Indica-Pflanzen sind in der Regel kompakter und suchender und bieten eine entspannende und beruhigende Wirkung, ideal f\u00fcr den Feierabend. Sativas haben dagegen eher eine anregende und zerebrale Wirkung. Obwohl Blueberry Cheesecake indicadominiert ist, sorgt ihre Sativa-Kreuzung f\u00fcr ein einzigartiges Gleichgewicht, das dank ihrer Sativa-Seite eine anregende Wirkung hat, aber die entspannende Potenz ihrer Indica-Genetik beibeh\u00e4lt.<\/p>\n\n<\/div>\n<\/div>\n<div id=\"faq-question-1663029159933\" class=\"rank-math-list-item\">\n<h3 class=\"rank-math-question \">Wie hoch ist der THC-Gehalt von Blueberry Cheesecake?<\/h3>\n<div class=\"rank-math-answer \">\n\n<p>Blueberry Cheesecake hat einen mittleren THC-Gehalt von etwa 20%. Das bedeutet, dass es eine ausgewogene, intensive, aber kontrollierbare Wirkung erzeugt, die sowohl f\u00fcr Anf\u00e4nger als auch f\u00fcr erfahrene Nutzer ideal ist. Die Erfahrung ist nicht \u00fcberw\u00e4ltigend, sondern bietet eine perfekte Balance zwischen Entspannung und geistiger Klarheit.<\/p>\n\n<\/div>\n<\/div>\n<div id=\"faq-question-1663029165861\" class=\"rank-math-list-item\">\n<h3 class=\"rank-math-question \">Wie lange dauert es, bis der Blueberry Cheesecake bl\u00fcht?<\/h3>\n<div class=\"rank-math-answer \">\n\n<p>Die Bl\u00fctezeit von Blueberry Cheesecake ist in <strong>7 bis 9 Wochen<\/strong> abgeschlossen. Diese Geschwindigkeit macht es zu einer attraktiven Option f\u00fcr Landwirte, die in relativ kurzer Zeit Ergebnisse sehen wollen, ohne Kompromisse bei der Qualit\u00e4t oder Quantit\u00e4t der Ernte einzugehen.<\/p>\n\n<\/div>\n<\/div>\n<div id=\"faq-question-1666780029954\" class=\"rank-math-list-item\">\n<h3 class=\"rank-math-question \">Wie schwierig ist es, Blueberry Cheesecake anzubauen?<\/h3>\n<div class=\"rank-math-answer \">\n\n<p>Nein, ganz im Gegenteil. Blueberry Cheesecake ist bekannt f\u00fcr seinen <strong>einfachen Anbau<\/strong>. Diese Sorte passt sich sowohl drinnen als auch drau\u00dfen gut an und zeigt eine hohe Widerstandsf\u00e4higkeit gegen verschiedene klimatische Bedingungen und Sch\u00e4dlinge. Seine Vielseitigkeit und Robustheit machen ihn ideal f\u00fcr Anbauer aller Niveaus, vom Anf\u00e4nger bis zum Experten.<\/p>\n\n<\/div>\n<\/div>\n<div id=\"faq-question-1710158428684\" class=\"rank-math-list-item\">\n<h3 class=\"rank-math-question \">Ist Blueberry Cheesecake gut f\u00fcr Anf\u00e4nger?<\/h3>\n<div class=\"rank-math-answer \">\n\n<p>Auf jeden Fall, ja. Dank ihres einfachen Anbaus und ihrer Widerstandsf\u00e4higkeit ist Blueberry Cheesecake eine ausgezeichnete Wahl f\u00fcr Anf\u00e4nger in der Welt des Cannabisanbaus. Sie bietet eine gute Balance zwischen einfacher Handhabung, gro\u00dfz\u00fcgigen Ertr\u00e4gen und angenehmer Wirkung, was sie zu einer sehr lohnenden Sorte f\u00fcr Anf\u00e4nger macht.<\/p>\n\n<\/div>\n<\/div>\n<\/div>\n<\/div>","protected":false},"excerpt":{"rendered":"<p><b>Blueberry Cheesecake <\/b>vereint das Beste aus zwei Ikonen: der s\u00fc\u00dfe Geschmack der Blueberry und die Potenz von Cheese. Dieser indicadominierte Hybrid verspricht ein einzigartiges Erlebnis, mit einem unverwechselbaren Geschmack und einer ausgewogenen Wirkung. Sie ist perfekt f\u00fcr Anbauer aller Stufen und bietet eine gro\u00dfz\u00fcgige Ernte und einen problemlosen Anbau. Entdecke die perfekte Balance zwischen Geschmack und Potenz!<\/p>\n","protected":false},"featured_media":22777,"comment_status":"open","ping_status":"closed","template":"","meta":{"_acf_changed":false,"inline_featured_image":false,"_uag_custom_page_level_css":""},"product_brand":[],"product_cat":[1097],"product_tag":[],"class_list":{"0":"post-22788","1":"product","2":"type-product","3":"status-publish","4":"has-post-thumbnail","6":"product_cat-feminisierte-cannabis-samen","8":"first","9":"instock","10":"sale","11":"taxable","12":"shipping-taxable","13":"purchasable","14":"product-type-simple"},"acf":[],"uagb_featured_image_src":{"full":["https:\/\/bulkgenetics.com\/wp-content\/uploads\/2024\/03\/blueberry-cheesecake-weed-strain.jpg",1600,1600,false],"thumbnail":["https:\/\/bulkgenetics.com\/wp-content\/uploads\/2024\/03\/blueberry-cheesecake-weed-strain-150x150.jpg",150,150,true],"medium":["https:\/\/bulkgenetics.com\/wp-content\/uploads\/2024\/03\/blueberry-cheesecake-weed-strain-300x300.jpg",300,300,true],"medium_large":["https:\/\/bulkgenetics.com\/wp-content\/uploads\/2024\/03\/blueberry-cheesecake-weed-strain-768x768.jpg",768,768,true],"large":["https:\/\/bulkgenetics.com\/wp-content\/uploads\/2024\/03\/blueberry-cheesecake-weed-strain-1024x1024.jpg",1024,1024,true],"1536x1536":["https:\/\/bulkgenetics.com\/wp-content\/uploads\/2024\/03\/blueberry-cheesecake-weed-strain-1536x1536.jpg",1536,1536,true],"2048x2048":["https:\/\/bulkgenetics.com\/wp-content\/uploads\/2024\/03\/blueberry-cheesecake-weed-strain.jpg",1600,1600,false],"commercegurus-pdp-large":["https:\/\/bulkgenetics.com\/wp-content\/uploads\/2024\/03\/blueberry-cheesecake-weed-strain-990x990.jpg",990,990,true],"commercegurus-plp-mobile":["https:\/\/bulkgenetics.com\/wp-content\/uploads\/2024\/03\/blueberry-cheesecake-weed-strain-441x441.jpg",441,441,true],"cgkit_image_swatch":["https:\/\/bulkgenetics.com\/wp-content\/uploads\/2024\/03\/blueberry-cheesecake-weed-strain-100x100.jpg",100,100,true],"woocommerce_thumbnail":["https:\/\/bulkgenetics.com\/wp-content\/uploads\/2024\/03\/blueberry-cheesecake-weed-strain-300x300.jpg",300,300,true],"woocommerce_single":["https:\/\/bulkgenetics.com\/wp-content\/uploads\/2024\/03\/blueberry-cheesecake-weed-strain-800x800.jpg",800,800,true],"woocommerce_gallery_thumbnail":["https:\/\/bulkgenetics.com\/wp-content\/uploads\/2024\/03\/blueberry-cheesecake-weed-strain-150x150.jpg",150,150,true],"dgwt-wcas-product-suggestion":["https:\/\/bulkgenetics.com\/wp-content\/uploads\/2024\/03\/blueberry-cheesecake-weed-strain-64x64.jpg",64,64,true]},"uagb_author_info":{"display_name":"\u00c1ngel Flores","author_link":"https:\/\/bulkgenetics.com\/de\/author\/"},"uagb_comment_info":0,"uagb_excerpt":"Blueberry Cheesecake vereint das Beste aus zwei Ikonen: der s\u00fc\u00dfe Geschmack der Blueberry und die Potenz von Cheese. Dieser indicadominierte Hybrid verspricht ein einzigartiges Erlebnis, mit einem unverwechselbaren Geschmack und einer ausgewogenen Wirkung. Sie ist perfekt f\u00fcr Anbauer aller Stufen und bietet eine gro\u00dfz\u00fcgige Ernte und einen problemlosen Anbau. Entdecke die perfekte Balance zwischen Geschmack&hellip;","_links":{"self":[{"href":"https:\/\/bulkgenetics.com\/de\/wp-json\/wp\/v2\/product\/22788","targetHints":{"allow":["GET"]}}],"collection":[{"href":"https:\/\/bulkgenetics.com\/de\/wp-json\/wp\/v2\/product"}],"about":[{"href":"https:\/\/bulkgenetics.com\/de\/wp-json\/wp\/v2\/types\/product"}],"replies":[{"embeddable":true,"href":"https:\/\/bulkgenetics.com\/de\/wp-json\/wp\/v2\/comments?post=22788"}],"wp:featuredmedia":[{"embeddable":true,"href":"https:\/\/bulkgenetics.com\/de\/wp-json\/wp\/v2\/media\/22777"}],"wp:attachment":[{"href":"https:\/\/bulkgenetics.com\/de\/wp-json\/wp\/v2\/media?parent=22788"}],"wp:term":[{"taxonomy":"product_brand","embeddable":true,"href":"https:\/\/bulkgenetics.com\/de\/wp-json\/wp\/v2\/product_brand?post=22788"},{"taxonomy":"product_cat","embeddable":true,"href":"https:\/\/bulkgenetics.com\/de\/wp-json\/wp\/v2\/product_cat?post=22788"},{"taxonomy":"product_tag","embeddable":true,"href":"https:\/\/bulkgenetics.com\/de\/wp-json\/wp\/v2\/product_tag?post=22788"}],"curies":[{"name":"wp","href":"https:\/\/api.w.org\/{rel}","templated":true}]}}