{"id":22909,"date":"2024-03-19T13:38:00","date_gmt":"2024-03-19T12:38:00","guid":{"rendered":"https:\/\/bulkgenetics.com\/?post_type=product&#038;p=22909"},"modified":"2024-10-08T01:08:49","modified_gmt":"2024-10-07T23:08:49","slug":"g13","status":"publish","type":"product","link":"https:\/\/bulkgenetics.com\/de\/g13\/","title":{"rendered":"G13"},"content":{"rendered":"\n<p>Das Eintauchen in die Welt von <strong>G13<\/strong> ist wie ein Spionageroman, dessen Handlung so verworren ist wie seine genetische Geschichte. Vor dem Hintergrund von Geheimnissen und Legenden bietet <strong>G13<\/strong> eine hollywoodreife Erz\u00e4hlung.  <\/p>\n\n<p>Diese indicadominierte Sorte soll aus den F\u00e4ngen eines Regierungslabors in Mississippi, USA, befreit worden sein, was zu einer Legende gef\u00fchrt hat, die sie zu einer der faszinierendsten Sorten gemacht hat. Obwohl sie von einem Mythos umwoben ist, sind ihre Potenz und Qualit\u00e4t keine Fiktion und machen sie zu einer beliebten Sorte f\u00fcr Anbauer und Konsumenten gleicherma\u00dfen.<\/p>\n\n<p>Trotz seiner geheimnisvollen Aura und der Fabeln, die sich um seine Herkunft ranken, ist eines sicher: G13 hat sich fest im Pantheon der gro\u00dfen Cannabissorten etabliert, sowohl wegen seiner einzigartigen Geschichte als auch wegen seiner unbestrittenen Qualit\u00e4t. Diejenigen, die das Privileg hatten, sie anzubauen und zu konsumieren, sprechen von einer transformativen Erfahrung, die durch Knospen gekennzeichnet ist, die ebenso stark in ihrer Wirkung wie in ihrem Geschmack sind. Es ist kein Wunder, dass G13 einen besonderen Platz in den Herzen der Cannabis-Enthusiasten einnimmt und in Foren und Anbaugemeinschaften immer wieder f\u00fcr Gespr\u00e4chsstoff und Bewunderung sorgt.<\/p>\n\n<p>Wir von <strong>Bulk Genetics<\/strong> sind stolz darauf, dir die Sorte <strong>G13<\/strong> anbieten zu k\u00f6nnen, damit du die Legende aus erster Hand erleben kannst. Jedes Saatgut ist ein Versprechen f\u00fcr Qualit\u00e4t, Kraft und eine faszinierende Geschichte, die darauf wartet, entdeckt zu werden.  <\/p>\n\n<h2 class=\"wp-block-heading\">Wirkung und Geschmack<\/h2>\n\n<p><strong>G13<\/strong> ist ein Meister in der Kunst, die Sinne zu verf\u00fchren, und bietet einen Geschmack, der eine sensorische Reise f\u00fcr sich ist. Mit jedem Zug erlebst du eine Verschmelzung von <strong>s\u00fc\u00dfen, fruchtigen und erdigen Noten<\/strong>, die in einem <strong>Hauch von Mandarine<\/strong> gipfelt, der auf deinem Gaumen tanzt.  <\/p>\n\n<p>Aber es ist nicht nur der Geschmack, der die Herzen erobert, auch die Wirkung ist beeindruckend. Stell dir vor, wie eine Welle der Freude und Euphorie \u00fcber dich hinwegfegt und deine Stimmung hebt, w\u00e4hrend eine tiefe Entspannung dich in einen Zustand der Ruhe und Zufriedenheit versetzt. Mit einem <strong>THC-Gehalt von 20% bis 24%<\/strong> bietet diese Indica einen unvergleichlich gl\u00fcckseligen und entspannenden Trip.<\/p>\n\n<h2 class=\"wp-block-heading\">Produktion und Bl\u00fctezeit<\/h2>\n\n<p>G13 ist nicht nur gro\u00dfz\u00fcgig in der Wirkung und im Geschmack, sondern auch reichhaltig im Ertrag. Im Heiligtum deines Grow-Raums zeigt diese Pflanze eine spektakul\u00e4re hybride Wucht, bl\u00fcht schnell und liefert eine Ernte, die eine wahre Schatztruhe aus klebrigem Harz und dichten Buds ist.  <strong>Mit einer Bl\u00fctezeit von 8 bis 9 Wochen<\/strong> wird die Geduld Ende Oktober mehr als belohnt, wenn die Pflanzen ihren H\u00f6hepunkt erreicht haben und bereit sind, geerntet zu werden, sowohl im Haus als auch im Freien.<\/p>\n\n<p>Die Sorte G13 zeichnet sich nicht nur durch ihre Geschichte und Potenz aus, sondern auch durch ihre herausragende Produktion mit Ertr\u00e4gen von <strong>bis zu 600 Gramm pro Quadratmeter<\/strong> im Innenbereich und bis zu <strong>1100 Gramm pro Pflanze im Au\u00dfenbereich<\/strong>. Diese beeindruckenden Zahlen machen ihn zur ersten Wahl f\u00fcr Hobby- und Profianbauer und versprechen eine reiche Ernte, die ihrem Ruf gerecht wird. Wenn du dich f\u00fcr G13 von Bulk Genetics entscheidest, wirst du dich auf ein Wachstumsabenteuer einlassen, das alle Erwartungen mit wirklich au\u00dfergew\u00f6hnlichen Ergebnissen \u00fcbertreffen wird. <\/p>\n\n<h2 class=\"wp-block-heading\">Wie man G13 anbaut<\/h2>\n\n<p>Wir bei Bulk Genetics sind der Meinung, dass der Anbau von <strong>G13<\/strong> eine einzigartige Erfahrung ist, die sich f\u00fcr alle lohnt, die sich auf dieses Abenteuer einlassen. Um sicherzustellen, dass jeder Anbauer, ob Anf\u00e4nger oder erfahren, den Prozess genie\u00dfen und die besten Ergebnisse erzielen kann, teilen wir mit dir unsere Tipps und Meinungen zum Anbau dieser Legende.<\/p>\n\n<p>Die Morphologie von G13 zeigt eine mittelhohe, robuste und widerstandsf\u00e4hige Pflanze, die sich an verschiedene Klimabedingungen anpassen kann, obwohl sie ihre maximale Pracht unter einer kontrollierten Photoperiode zeigt. Diese hybride Kraft bezieht sich nicht nur auf ihre physische St\u00e4rke, sondern auch auf ihre F\u00e4higkeit, Sch\u00e4dlingen und Krankheiten zu widerstehen, was ihren Anbau zu einer mittelschweren Aufgabe macht, die sowohl f\u00fcr Anf\u00e4nger als auch f\u00fcr erfahrene Z\u00fcchter, die eine lohnende Herausforderung suchen, geeignet ist.<\/p>\n\n<p>Erstens ist es wichtig, auf die Wachstumsumgebung zu achten. Die G13 mit ihrer hybriden Wuchskraft eignet sich sowohl f\u00fcr drinnen als auch f\u00fcr drau\u00dfen, liebt aber R\u00e4ume, in denen sie atmen und sich ausdehnen kann. In Innenr\u00e4umen solltest du f\u00fcr ein angemessenes Bel\u00fcftungssystem sorgen, damit frische Luft zirkulieren kann und die Luftfeuchtigkeit kontrolliert wird. Suche dir einen Standort im Freien, der Schutz vor extremen Wetterbedingungen und ausreichend direktem Sonnenlicht bietet.<\/p>\n\n<p>Die Ern\u00e4hrung spielt eine entscheidende Rolle bei der Entwicklung von G13. Eine ausgewogene D\u00fcngung f\u00f6rdert sein kr\u00e4ftiges Wachstum und die Produktion der begehrten harzigen Knospen. Spare nicht an der Qualit\u00e4t des Bodens und der N\u00e4hrstoffe; dein G13 wird es dir danken.<\/p>\n\n<p>Was den Schwierigkeitsgrad des Anbaus angeht, stufen wir G13 als mittelschwer ein. Das bedeutet, dass einige Aspekte der Pflege dieser Pflanzen zwar Aufmerksamkeit und Sorgfalt erfordern, aber mit ein wenig Hingabe und dem Befolgen unserer Empfehlungen solltest du ohne Probleme zurechtkommen. Vor allem w\u00e4hrend der 8-9-w\u00f6chigen Bl\u00fctezeit ist Geduld gefragt, aber wir versichern dir, dass sich das Warten auf jeden Fall lohnt.<\/p>\n\n<p>Nicht zuletzt ist es wichtig, auf den Schnitt und das Training deiner Pflanzen zu achten. Techniken wie Topping und LST (Low Stress Training) k\u00f6nnen sehr vorteilhaft sein, um die Produktion zu steigern und das Licht besser in die unteren Bereiche der Pflanze eindringen zu lassen.<\/p>\n\n<div style=\"height:50px\" aria-hidden=\"true\" class=\"wp-block-spacer uag-hide-mob\"><\/div>\n\n<div class=\"wp-block-columns is-layout-flex wp-container-core-columns-is-layout-28f84493 wp-block-columns-is-layout-flex\">\n<div class=\"wp-block-column is-layout-flow wp-block-column-is-layout-flow\">\n<p class=\"has-text-align-center has-medium-font-size\"><strong>Was wir am meisten m\u00f6gen<\/strong><\/p>\n\n\n\n<ul class=\"wp-block-list\">\n<li>Seine legend\u00e4re Geschichte, die jeder Ernte einen Hauch von Geheimnis verleiht.<\/li>\n\n\n\n<li>Die Potenz und die Qualit\u00e4t der Knospen, mit einem einzigartigen Geschmacksprofil und einer starken, entspannenden Wirkung.<\/li>\n\n\n\n<li>Die F\u00fclle seiner Produktion, sowohl drinnen als auch drau\u00dfen, macht ihn zu einer kosteneffizienten Wahl f\u00fcr Anbauer aller Stufen.<\/li>\n\n\n\n<li>Sein Preis.<\/li>\n<\/ul>\n<\/div>\n\n\n\n<div class=\"wp-block-column is-layout-flow wp-block-column-is-layout-flow\">\n<p class=\"has-text-align-center has-medium-font-size\"><strong>Was wir am wenigsten m\u00f6gen<\/strong><\/p>\n\n\n\n<ul class=\"wp-block-list\">\n<li>Das Ma\u00df an Aufmerksamkeit und Pflege, das sie erfordert, ist f\u00fcr Anf\u00e4nger ohne Geduld nicht geeignet.<\/li>\n\n\n\n<li>Sie ist nicht die beste Sorte f\u00fcr diejenigen, die nach psychoaktiven Effekten suchen.<\/li>\n<\/ul>\n<\/div>\n<\/div>\n\n<div style=\"height:50px\" aria-hidden=\"true\" class=\"wp-block-spacer uag-hide-mob\"><\/div>\n\n<h2 class=\"wp-block-heading\">H\u00e4ufig gestellte Fragen<\/h2>\n\n<p>Im Folgenden findest du die Antworten auf die am h\u00e4ufigsten gestellten Fragen von Z\u00fcchtern, die an dieser Sorte interessiert sind:<\/p>\n<div id=\"rank-math-faq\" class=\"rank-math-block\">\n<div class=\"rank-math-list \">\n<div id=\"faq-question-1663029074962\" class=\"rank-math-list-item\">\n<h3 class=\"rank-math-question \">Ist die G13 eine Sativa oder eine Indica?<\/h3>\n<div class=\"rank-math-answer \">\n\n<p><strong>G13<\/strong> ist \u00fcberwiegend eine <strong>Indica-Sorte<\/strong> mit einem Anteil von 70% Indica und 30% Sativa in ihrem Erbgut. Das bedeutet, dass sie eher entspannende und beruhigende Wirkungen hat, die typisch f\u00fcr Indicas sind, wie Stressabbau, Muskelentspannung und Schlaff\u00f6rderung.<\/p>\n\n<\/div>\n<\/div>\n<div id=\"faq-question-1663029159933\" class=\"rank-math-list-item\">\n<h3 class=\"rank-math-question \">Wie hoch ist der THC-Gehalt von G13?<\/h3>\n<div class=\"rank-math-answer \">\n\n<p>G13 zeichnet sich durch seinen hohen THC-Gehalt aus, der zwischen 20% und 24% liegt. Diese hohe THC-Konzentration tr\u00e4gt zu seiner starken und lang anhaltenden Wirkung bei, die sowohl f\u00fcr Freizeit- als auch f\u00fcr medizinische Konsumenten ein intensives Erlebnis bietet. Es ist ideal f\u00fcr alle, die Schmerzlinderung, tiefe Entspannung oder Hilfe bei Schlaflosigkeit suchen.<\/p>\n\n<\/div>\n<\/div>\n<div id=\"faq-question-1663029165861\" class=\"rank-math-list-item\">\n<h3 class=\"rank-math-question \">Wie lange dauert es, bis G13 bl\u00fcht?<\/h3>\n<div class=\"rank-math-answer \">\n\n<p>G13 hat eine relativ schnelle Bl\u00fctezeit f\u00fcr eine Indica, etwa 8 bis 9 Wochen. Dieser Bl\u00fctezyklus erm\u00f6glicht es den Z\u00fcchtern, in einer angemessenen Zeitspanne reiche Ernten zu erzielen, ohne dass die Qualit\u00e4t oder Potenz der Knospen darunter leidet. Wenn du deine Ernte planst, solltest du diese Zeit ber\u00fccksichtigen, um sicherzustellen, dass deine Pflanzen in dieser wichtigen Phase die n\u00f6tige Pflege und Aufmerksamkeit erhalten.<\/p>\n\n<\/div>\n<\/div>\n<div id=\"faq-question-1666780029954\" class=\"rank-math-list-item\">\n<h3 class=\"rank-math-question \">Ist es schwierig, G13 anzubauen?<\/h3>\n<div class=\"rank-math-answer \">\n\n<p>Der Anbau von G13 hat einen mittleren Schwierigkeitsgrad, was bedeutet, dass er sowohl Anf\u00e4ngern mit ein wenig \u00dcbung und Hingabe als auch erfahrenen Z\u00fcchtern, die ihre Techniken perfektionieren wollen, zug\u00e4nglich ist. Die Pflanze zeigt eine beeindruckende Wuchskraft und passt sich gut an eine Vielzahl von Wachstumsbedingungen an, sowohl drinnen als auch drau\u00dfen. Um sein Potenzial zu maximieren und eine reiche Ernte zu sichern, ist es jedoch ratsam, besonders auf die F\u00fctterung, den Schnitt und die Umweltbedingungen zu achten.<\/p>\n\n<\/div>\n<\/div>\n<div id=\"faq-question-1710855356653\" class=\"rank-math-list-item\">\n<h3 class=\"rank-math-question \"><h3>Was sind die Auswirkungen von G13?<\/h3><\/h3>\n<div class=\"rank-math-answer \">\n\n<p>G13 ist bekannt f\u00fcr seine tief entspannende und euphorisierende Wirkung. Zuerst kann sie den Geist mit einem Gef\u00fchl der Freude und Euphorie erheben, gefolgt von einer intensiven Entspannung, die den K\u00f6rper in Beschlag nimmt und Ruhe und Wohlbefinden f\u00f6rdert. Aufgrund seines hohen THC-Gehalts kann er auch Schl\u00e4frigkeit hervorrufen, was ihn ideal f\u00fcr den n\u00e4chtlichen Konsum macht. Es ist perfekt f\u00fcr alle, die Stress, \u00c4ngste oder chronische Schmerzen abbauen oder sich am Ende des Tages einfach nur entspannen wollen.<\/p>\n\n<\/div>\n<\/div>\n<\/div>\n<\/div>","protected":false},"excerpt":{"rendered":"<p><b>G13<\/b>, die legend\u00e4re Indica, die in jedem Samen Geheimnis und Potenz vereint. Mit einer <strong>leicht euphorischen und entspannenden Wirkung<\/strong> und <strong>Aromen, die die Essenz von s\u00fc\u00dfen und erdigen Noten mit einem Hauch von Mandarine einfangen<\/strong>, verspricht dir diese Sorte eine einzigartige Anbauerfahrung und eine <strong>reiche Ernte<\/strong>. Perfekt f\u00fcr Z\u00fcchter, die Qualit\u00e4t und hohe Ertr\u00e4ge suchen.<\/p>\n","protected":false},"featured_media":22893,"comment_status":"open","ping_status":"closed","template":"","meta":{"_acf_changed":false,"inline_featured_image":false,"_uag_custom_page_level_css":""},"product_brand":[],"product_cat":[1097],"product_tag":[],"class_list":{"0":"post-22909","1":"product","2":"type-product","3":"status-publish","4":"has-post-thumbnail","6":"product_cat-feminisierte-cannabis-samen","8":"first","9":"instock","10":"taxable","11":"shipping-taxable","12":"purchasable","13":"product-type-simple"},"acf":[],"uagb_featured_image_src":{"full":["https:\/\/bulkgenetics.com\/wp-content\/uploads\/2024\/03\/g13-strain-weed-feminized.jpg",1600,1600,false],"thumbnail":["https:\/\/bulkgenetics.com\/wp-content\/uploads\/2024\/03\/g13-strain-weed-feminized-150x150.jpg",150,150,true],"medium":["https:\/\/bulkgenetics.com\/wp-content\/uploads\/2024\/03\/g13-strain-weed-feminized-300x300.jpg",300,300,true],"medium_large":["https:\/\/bulkgenetics.com\/wp-content\/uploads\/2024\/03\/g13-strain-weed-feminized-768x768.jpg",768,768,true],"large":["https:\/\/bulkgenetics.com\/wp-content\/uploads\/2024\/03\/g13-strain-weed-feminized-1024x1024.jpg",1024,1024,true],"1536x1536":["https:\/\/bulkgenetics.com\/wp-content\/uploads\/2024\/03\/g13-strain-weed-feminized-1536x1536.jpg",1536,1536,true],"2048x2048":["https:\/\/bulkgenetics.com\/wp-content\/uploads\/2024\/03\/g13-strain-weed-feminized.jpg",1600,1600,false],"commercegurus-pdp-large":["https:\/\/bulkgenetics.com\/wp-content\/uploads\/2024\/03\/g13-strain-weed-feminized-990x990.jpg",990,990,true],"commercegurus-plp-mobile":["https:\/\/bulkgenetics.com\/wp-content\/uploads\/2024\/03\/g13-strain-weed-feminized-441x441.jpg",441,441,true],"cgkit_image_swatch":["https:\/\/bulkgenetics.com\/wp-content\/uploads\/2024\/03\/g13-strain-weed-feminized-100x100.jpg",100,100,true],"woocommerce_thumbnail":["https:\/\/bulkgenetics.com\/wp-content\/uploads\/2024\/03\/g13-strain-weed-feminized-300x300.jpg",300,300,true],"woocommerce_single":["https:\/\/bulkgenetics.com\/wp-content\/uploads\/2024\/03\/g13-strain-weed-feminized-800x800.jpg",800,800,true],"woocommerce_gallery_thumbnail":["https:\/\/bulkgenetics.com\/wp-content\/uploads\/2024\/03\/g13-strain-weed-feminized-150x150.jpg",150,150,true],"dgwt-wcas-product-suggestion":["https:\/\/bulkgenetics.com\/wp-content\/uploads\/2024\/03\/g13-strain-weed-feminized-64x64.jpg",64,64,true]},"uagb_author_info":{"display_name":"\u00c1ngel Flores","author_link":"https:\/\/bulkgenetics.com\/de\/author\/"},"uagb_comment_info":0,"uagb_excerpt":"G13, die legend\u00e4re Indica, die in jedem Samen Geheimnis und Potenz vereint. Mit einer leicht euphorischen und entspannenden Wirkung und Aromen, die die Essenz von s\u00fc\u00dfen und erdigen Noten mit einem Hauch von Mandarine einfangen, verspricht dir diese Sorte eine einzigartige Anbauerfahrung und eine reiche Ernte. Perfekt f\u00fcr Z\u00fcchter, die Qualit\u00e4t und hohe Ertr\u00e4ge suchen.","_links":{"self":[{"href":"https:\/\/bulkgenetics.com\/de\/wp-json\/wp\/v2\/product\/22909","targetHints":{"allow":["GET"]}}],"collection":[{"href":"https:\/\/bulkgenetics.com\/de\/wp-json\/wp\/v2\/product"}],"about":[{"href":"https:\/\/bulkgenetics.com\/de\/wp-json\/wp\/v2\/types\/product"}],"replies":[{"embeddable":true,"href":"https:\/\/bulkgenetics.com\/de\/wp-json\/wp\/v2\/comments?post=22909"}],"wp:featuredmedia":[{"embeddable":true,"href":"https:\/\/bulkgenetics.com\/de\/wp-json\/wp\/v2\/media\/22893"}],"wp:attachment":[{"href":"https:\/\/bulkgenetics.com\/de\/wp-json\/wp\/v2\/media?parent=22909"}],"wp:term":[{"taxonomy":"product_brand","embeddable":true,"href":"https:\/\/bulkgenetics.com\/de\/wp-json\/wp\/v2\/product_brand?post=22909"},{"taxonomy":"product_cat","embeddable":true,"href":"https:\/\/bulkgenetics.com\/de\/wp-json\/wp\/v2\/product_cat?post=22909"},{"taxonomy":"product_tag","embeddable":true,"href":"https:\/\/bulkgenetics.com\/de\/wp-json\/wp\/v2\/product_tag?post=22909"}],"curies":[{"name":"wp","href":"https:\/\/api.w.org\/{rel}","templated":true}]}}