{"id":23441,"date":"2024-04-09T17:27:38","date_gmt":"2024-04-09T15:27:38","guid":{"rendered":"https:\/\/bulkgenetics.com\/?post_type=product&#038;p=23441"},"modified":"2024-10-08T01:08:49","modified_gmt":"2024-10-07T23:08:49","slug":"lemon-cookies","status":"publish","type":"product","link":"https:\/\/bulkgenetics.com\/de\/lemon-cookies\/","title":{"rendered":"Lemon Cookies"},"content":{"rendered":"\n<p>Lemon Cookies ist eine Sorte, die sich durch ihre au\u00dfergew\u00f6hnliche Abstammung und ihr unvergleichliches Geschmacks- und Aromaprofil von der Masse abhebt. Diese Pflanze, die aus der Kreuzung von Lemon Haze und <a href=\"https:\/\/bulkgenetics.com\/es\/girl-scout-cookies\/\" data-type=\"product\" data-id=\"7488\">Girl Scout Cookies<\/a> entstanden ist, ist eine Ode an die Liebhaber einzigartiger Sinneserfahrungen, die die S\u00e4ure von Zitrusfr\u00fcchten mit der S\u00fc\u00dfe von Keksen zu einer Kombination verschmelzen, die dich immer wieder zur\u00fcckkommen l\u00e4sst.<\/p>\n\n<p>Mit einer ausgewogenen Genetik, die zu 50% aus einer Indica und zu 50% aus einer Sativa besteht, bietet Lemon Cookies eine robuste Pflanzenstruktur und gro\u00dfz\u00fcgige Ertr\u00e4ge. Die dichten, harzreichen Knospen sind ein optisches Spektakel mit ihrem Mosaik aus leuchtenden Farben und einer Schicht aus Trichomen, die einer glitzernden Glasur \u00e4hnelt. Was die Ertr\u00e4ge angeht, ist diese Sorte kein Spielverderber: Im Innenbereich kann sie bis zu <strong>550 Gramm pro Quadratmeter<\/strong> und im Freien bis zu <strong>1 kg pro Pflanze<\/strong> erreichen.<\/p>\n\n<h2 class=\"wp-block-heading\">Wirkung und Geschmack<\/h2>\n\n<p>Das Erlebnis, Lemon Cookies zu probieren, ist wie ein Spaziergang durch einen bl\u00fchenden Zitronenhain. Seine intensiven Aromen von Zitrone, Weihrauch und Gew\u00fcrzen umh\u00fcllen dich, w\u00e4hrend der erste Kontakt am Gaumen eine Symphonie von Aromen offenbart, die S\u00fc\u00dfe, Zitrusfr\u00fcchte und Gew\u00fcrze in perfekter Harmonie verbinden.  <\/p>\n\n<p>Und es ist nicht nur ein Genuss f\u00fcr die Sinne, sondern seine Wirkung ist ebenso beeindruckend. Mach dich auf eine Welle der Euphorie und des Gl\u00fccks gefasst, gefolgt von einer tiefen Entspannung, die deinen K\u00f6rper beruhigt, ohne dass du v\u00f6llig am Sofa kleben bleibst. Mit einem THC-Gehalt von <strong>21% bis 28%<\/strong> ist diese Sorte ideal, um nach einem langen Tag zu entspannen und entspannte soziale Momente zu genie\u00dfen.<\/p>\n\n<h2 class=\"wp-block-heading\">Bl\u00fctezeit<\/h2>\n\n<p>Geduld ist eine Tugend, besonders wenn es um den Anbau von Lemon Cookies geht. Diese Sch\u00f6nheit ben\u00f6tigt <strong>9 bis 10 Wochen Bl\u00fctezeit<\/strong>, um ihren H\u00f6hepunkt zu erreichen. Auch wenn der Weg bis zur Ernte lang erscheint, ist das Endergebnis das Warten wert und bietet eine F\u00fclle von Knospen, die ein wahres Fest f\u00fcr die Sinne sind. Sein starkes Aroma w\u00e4hrend der Bl\u00fctezeit kann jedoch Aufmerksamkeit erregen, daher empfehlen wir den Einsatz von Geruchsfiltern f\u00fcr diejenigen Anbauer, die sich unauff\u00e4llig verhalten wollen.<\/p>\n\n<p>In den Rezensionen derjenigen, die bereits das Vergn\u00fcgen hatten, Lemon Cookies anzubauen und zu konsumieren, ist die Zufriedenheit gro\u00df. Die Verbraucher loben ihn f\u00fcr seine ausgewogene und genussvolle Wirkung sowie sein einzigartiges Geschmacksprofil. Die Anbauer ihrerseits betonen die Gro\u00dfz\u00fcgigkeit ihrer Ernten und die Sch\u00f6nheit ihrer Pflanzen, was Lemon Cookies zu einem aufsteigenden Stern in der Gemeinschaft der <strong>Hanfsamen<\/strong> macht.<\/p>\n\n<p>Egal, ob du ein erfahrener G\u00e4rtner bist, der seine Sammlung erweitern will, oder ein Amateur, der etwas Neues und Aufregendes ausprobieren m\u00f6chte, Lemon Cookies wird eine leuchtende Bereicherung f\u00fcr deinen Garten sein. Verpasse nicht die Gelegenheit, mit dieser au\u00dfergew\u00f6hnlichen Sorte zu experimentieren, die jetzt bei Bulk Genetics, dem weltweit gr\u00f6\u00dften Shop f\u00fcr Hanfsamen, erh\u00e4ltlich ist.<\/p>\n\n<h2 class=\"wp-block-heading\">Wie man Zitronenpl\u00e4tzchen anbaut<\/h2>\n\n<p>Lemon Cookies k\u00f6nnen als m\u00e4\u00dfig schwierig im Anbau gelten. Obwohl die Pflanze Anf\u00e4ngern viel verzeiht, braucht es erfahrene H\u00e4nde, um das Beste aus ihr herauszuholen. Dies und ihre Resistenz gegen Sch\u00e4dlinge und Krankheiten machen sie zu einer attraktiven Option f\u00fcr Anbauneulinge und Veteranen, die mit einer Sorte experimentieren wollen, die sowohl Qualit\u00e4t als auch Quantit\u00e4t verspricht.<\/p>\n\n<p>Wir von Bulk Genetics glauben, dass der Erfolg beim Anbau von <strong>Lemon Cookies<\/strong> darin liegt, deine einzigartigen Bed\u00fcrfnisse zu verstehen und zu respektieren. Deshalb m\u00f6chten wir dir einige Tipps geben, die wir im Laufe der Jahre gesammelt haben, damit du das Beste aus diesen Samen herausholen kannst. Zun\u00e4chst solltest du bedenken, dass Lemon Cookies f\u00fcr Anf\u00e4nger zwar relativ fehlerverzeihend ist, aber um sein volles Potenzial auszusch\u00f6pfen, ist etwas Erfahrung erforderlich. Hier sind unsere Empfehlungen:<\/p>\n\n<ul class=\"wp-block-list\">\n<li>Verwende Geruchsfilter: Lemon Cookies ist f\u00fcr sein intensives Aroma w\u00e4hrend der Bl\u00fctezeit bekannt. Um Probleme zu vermeiden, vor allem in Innenr\u00e4umen, raten wir dir, Geruchsfilter zu installieren.<\/li>\n\n\n\n<li>Klimakontrolle: Diese Pflanze mag ein m\u00e4\u00dfig warmes und trockenes Klima. Sorge f\u00fcr eine gute Luftzirkulation und vermeide \u00fcberm\u00e4\u00dfige Feuchtigkeit, um Schimmelprobleme zu vermeiden.<\/li>\n\n\n\n<li>Ausgewogene Ern\u00e4hrung: Obwohl sie sehr widerstandsf\u00e4hig ist, reagiert sie gut auf eine ausgewogene Ern\u00e4hrung. \u00dcbertreibe es nicht mit den N\u00e4hrstoffen; befolge die spezifischen Empfehlungen f\u00fcr Hybridsorten.<\/li>\n\n\n\n<li>Beschneiden und Erziehen: Um die Produktion zu maximieren, solltest du nicht z\u00f6gern, Beschneidungs- und Erziehungsmethoden anzuwenden. Das verbessert nicht nur die Luftzirkulation und die Lichteinwirkung, sondern f\u00f6rdert auch ein robusteres Wachstum und eine h\u00f6here Knospenproduktion.<\/li>\n<\/ul>\n\n<p>Wenn du diese Tipps befolgst und dich sowohl auf die Qualit\u00e4ten als auch auf die Herausforderungen einl\u00e4sst, kann der Anbau von Lemon Cookies zu einer lohnenden und sehr befriedigenden Erfahrung werden. Wir von Bulk Genetics unterst\u00fctzen dich bei jedem Schritt und sorgen daf\u00fcr, dass du alles genie\u00dfen kannst, was diese au\u00dfergew\u00f6hnliche Sorte zu bieten hat.<\/p>\n\n<div style=\"height:50px\" aria-hidden=\"true\" class=\"wp-block-spacer uag-hide-mob\"><\/div>\n\n<div class=\"wp-block-columns is-layout-flex wp-container-core-columns-is-layout-28f84493 wp-block-columns-is-layout-flex\">\n<div class=\"wp-block-column is-layout-flow wp-block-column-is-layout-flow\">\n<p class=\"has-text-align-center has-medium-font-size\"><strong>Was wir am meisten m\u00f6gen<\/strong><\/p>\n\n\n\n<ul class=\"wp-block-list\">\n<li>Seine ausgewogene Wirkung verbindet Euphorie und Entspannung, ohne jemanden gleichg\u00fcltig zu lassen.<\/li>\n\n\n\n<li>Der intensive Duft und Geschmack, der an frisch gebackene Zitronenkekse erinnert.<\/li>\n\n\n\n<li>Die Gro\u00dfz\u00fcgigkeit der Produktion, sowohl drinnen als auch drau\u00dfen.<\/li>\n\n\n\n<li>Sein Preis.<\/li>\n<\/ul>\n<\/div>\n\n\n\n<div class=\"wp-block-column is-layout-flow wp-block-column-is-layout-flow\">\n<p class=\"has-text-align-center has-medium-font-size\"><strong>Was wir am wenigsten m\u00f6gen<\/strong><\/p>\n\n\n\n<ul class=\"wp-block-list\">\n<li>Die Notwendigkeit der Verwendung von Geruchsfiltern aufgrund ihres starken Aromas w\u00e4hrend der Bl\u00fctezeit.<\/li>\n\n\n\n<li>Das Fachwissen, das erforderlich ist, um ihr volles Produktionspotenzial auszusch\u00f6pfen.<\/li>\n<\/ul>\n<\/div>\n<\/div>\n\n<div style=\"height:50px\" aria-hidden=\"true\" class=\"wp-block-spacer uag-hide-mob\"><\/div>\n\n<h2 class=\"wp-block-heading\">FAQ \u00fcber Lemon Cookies<\/h2>\n\n<p>Im Folgenden findest du die Antworten auf die am h\u00e4ufigsten gestellten Fragen von Z\u00fcchtern, die an dieser Sorte interessiert sind:<\/p>\n<div id=\"rank-math-faq\" class=\"rank-math-block\">\n<div class=\"rank-math-list \">\n<div id=\"faq-question-1663029074962\" class=\"rank-math-list-item\">\n<h3 class=\"rank-math-question \">Ist Lemon Cookies eine Sativa oder eine Indica?<\/h3>\n<div class=\"rank-math-answer \">\n\n<p>Lemon Cookies ist ein perfekt ausbalancierter Hybrid mit 50% Sativa- und 50% Indica-Genetik. Das bedeutet, dass sie das Beste aus beiden Welten bietet: die hohe Energie und Kreativit\u00e4t, die man mit Sativas assoziiert, zusammen mit der tiefen k\u00f6rperlichen Entspannung, die f\u00fcr Indicas charakteristisch ist.<\/p>\n\n<\/div>\n<\/div>\n<div id=\"faq-question-1663029159933\" class=\"rank-math-list-item\">\n<h3 class=\"rank-math-question \">Wie hoch ist der THC-Gehalt von Lemon Cookies?<\/h3>\n<div class=\"rank-math-answer \">\n\n<p>Lemon Cookies zeichnet sich durch seinen hohen THC-Gehalt aus, der zwischen 21% und 28% liegt. Diese Potenz macht es besonders wirksam f\u00fcr diejenigen, die Linderung bei Beschwerden wie Stimmungsschwankungen, Entz\u00fcndungen, Depressionen, chronischem Stress, Schlaflosigkeit und chronischer M\u00fcdigkeit suchen. Ihr hoher THC-Gehalt tr\u00e4gt ebenfalls zu ihrer euphorisierenden und entspannenden Wirkung bei, was diese Sorte zu einer beliebten Wahl unter erfahrenen Konsumenten macht.<\/p>\n\n<\/div>\n<\/div>\n<div id=\"faq-question-1663029165861\" class=\"rank-math-list-item\">\n<h3 class=\"rank-math-question \">Wie riechen und schmecken die Zitronenpl\u00e4tzchen?<\/h3>\n<div class=\"rank-math-answer \">\n\n<p>Das Geschmacks- und Aromaprofil von Lemon Cookies ist so einzigartig, wie der Name schon sagt. Diese Sorte kombiniert reiche Zitrus- und s\u00fc\u00dfe Noten, die an Zitronengeb\u00e4ck erinnern, mit w\u00fcrzigen und leicht kr\u00e4uterigen Nuancen. Wenn die Knospen aufgebrochen und verbrannt werden, werden erdige, scharfe Zitrusaromen freigesetzt, mit einem nussigen Unterton, der sowohl erfrischend als auch sehr befriedigend ist.<\/p>\n\n<\/div>\n<\/div>\n<div id=\"faq-question-1666780029954\" class=\"rank-math-list-item\">\n<h3 class=\"rank-math-question \">Wie lange dauert es, bis die Lemon Cookies bl\u00fchen?<\/h3>\n<div class=\"rank-math-answer \">\n\n<p>Lemon Cookies ben\u00f6tigt eine Bl\u00fctezeit von 9 bis 10 Wochen, um ihr volles Potenzial zu erreichen. Diese Bl\u00fctezeit ist ziemlich typisch f\u00fcr Hybridsorten und erm\u00f6glicht es den Z\u00fcchtern, mit Anbautechniken zu experimentieren, die die Knospenproduktion und die Potenz optimieren k\u00f6nnen.<\/p>\n\n<\/div>\n<\/div>\n<div id=\"faq-question-1712677814887\" class=\"rank-math-list-item\">\n<h3 class=\"rank-math-question \">Ist Lemon Cookies f\u00fcr Anbauneulinge geeignet?<\/h3>\n<div class=\"rank-math-answer \">\n\n<p>Lemon Cookies verzeiht zwar die \u00fcblichen Anf\u00e4ngerfehler, aber in den H\u00e4nden erfahrener Z\u00fcchter gl\u00e4nzt sie wirklich. Um das maximale Potenzial aus deiner Produktion und der Knospenqualit\u00e4t herauszuholen, ist es ratsam, Vorkenntnisse \u00fcber Anbautechniken, Klimamanagement und Pflanzenern\u00e4hrung zu haben. Mit der richtigen Pflege und der Befolgung unserer Ratschl\u00e4ge k\u00f6nnen Neulinge jedoch mehr als zufriedenstellende Ergebnisse erwarten.<\/p>\n\n<\/div>\n<\/div>\n<\/div>\n<\/div>","protected":false},"excerpt":{"rendered":"<p><b>Lemon Cookies <\/b>ist zweifelsohne ein Juwel in unserem Katalog, das die kreative Energie von Lemon Haze mit der unwiderstehlichen S\u00fc\u00dfe von Girl Scout Cookies zu einem einzigartigen Erlebnis verbindet. Mit einer perfekten Balance aus 50% Sativa und 50% Indica verspricht diese Sorte eine <strong>euphorische und entspannende Wirkung<\/strong> mit einem <strong>unvergesslichen Geschmack<\/strong>. Baue diese au\u00dfergew\u00f6hnliche Genetik an und erhalte gro\u00dfz\u00fcgige Ernten und fesselnde Aromen!<\/p>\n","protected":false},"featured_media":23407,"comment_status":"open","ping_status":"closed","template":"","meta":{"_acf_changed":false,"inline_featured_image":false,"_uag_custom_page_level_css":""},"product_brand":[],"product_cat":[1097],"product_tag":[],"class_list":{"0":"post-23441","1":"product","2":"type-product","3":"status-publish","4":"has-post-thumbnail","6":"product_cat-feminisierte-cannabis-samen","8":"first","9":"instock","10":"taxable","11":"shipping-taxable","12":"purchasable","13":"product-type-simple"},"acf":[],"uagb_featured_image_src":{"full":["https:\/\/bulkgenetics.com\/wp-content\/uploads\/2024\/04\/lemon-cookies-strain-weed-seeds.jpg",1600,1600,false],"thumbnail":["https:\/\/bulkgenetics.com\/wp-content\/uploads\/2024\/04\/lemon-cookies-strain-weed-seeds-150x150.jpg",150,150,true],"medium":["https:\/\/bulkgenetics.com\/wp-content\/uploads\/2024\/04\/lemon-cookies-strain-weed-seeds-300x300.jpg",300,300,true],"medium_large":["https:\/\/bulkgenetics.com\/wp-content\/uploads\/2024\/04\/lemon-cookies-strain-weed-seeds-768x768.jpg",768,768,true],"large":["https:\/\/bulkgenetics.com\/wp-content\/uploads\/2024\/04\/lemon-cookies-strain-weed-seeds-1024x1024.jpg",1024,1024,true],"1536x1536":["https:\/\/bulkgenetics.com\/wp-content\/uploads\/2024\/04\/lemon-cookies-strain-weed-seeds-1536x1536.jpg",1536,1536,true],"2048x2048":["https:\/\/bulkgenetics.com\/wp-content\/uploads\/2024\/04\/lemon-cookies-strain-weed-seeds.jpg",1600,1600,false],"commercegurus-pdp-large":["https:\/\/bulkgenetics.com\/wp-content\/uploads\/2024\/04\/lemon-cookies-strain-weed-seeds-990x990.jpg",990,990,true],"commercegurus-plp-mobile":["https:\/\/bulkgenetics.com\/wp-content\/uploads\/2024\/04\/lemon-cookies-strain-weed-seeds-441x441.jpg",441,441,true],"cgkit_image_swatch":["https:\/\/bulkgenetics.com\/wp-content\/uploads\/2024\/04\/lemon-cookies-strain-weed-seeds-100x100.jpg",100,100,true],"woocommerce_thumbnail":["https:\/\/bulkgenetics.com\/wp-content\/uploads\/2024\/04\/lemon-cookies-strain-weed-seeds-300x300.jpg",300,300,true],"woocommerce_single":["https:\/\/bulkgenetics.com\/wp-content\/uploads\/2024\/04\/lemon-cookies-strain-weed-seeds-800x800.jpg",800,800,true],"woocommerce_gallery_thumbnail":["https:\/\/bulkgenetics.com\/wp-content\/uploads\/2024\/04\/lemon-cookies-strain-weed-seeds-150x150.jpg",150,150,true],"dgwt-wcas-product-suggestion":["https:\/\/bulkgenetics.com\/wp-content\/uploads\/2024\/04\/lemon-cookies-strain-weed-seeds-64x64.jpg",64,64,true]},"uagb_author_info":{"display_name":"\u00c1ngel Flores","author_link":"https:\/\/bulkgenetics.com\/de\/author\/"},"uagb_comment_info":0,"uagb_excerpt":"Lemon Cookies ist zweifelsohne ein Juwel in unserem Katalog, das die kreative Energie von Lemon Haze mit der unwiderstehlichen S\u00fc\u00dfe von Girl Scout Cookies zu einem einzigartigen Erlebnis verbindet. Mit einer perfekten Balance aus 50% Sativa und 50% Indica verspricht diese Sorte eine euphorische und entspannende Wirkung mit einem unvergesslichen Geschmack. Baue diese au\u00dfergew\u00f6hnliche Genetik&hellip;","_links":{"self":[{"href":"https:\/\/bulkgenetics.com\/de\/wp-json\/wp\/v2\/product\/23441","targetHints":{"allow":["GET"]}}],"collection":[{"href":"https:\/\/bulkgenetics.com\/de\/wp-json\/wp\/v2\/product"}],"about":[{"href":"https:\/\/bulkgenetics.com\/de\/wp-json\/wp\/v2\/types\/product"}],"replies":[{"embeddable":true,"href":"https:\/\/bulkgenetics.com\/de\/wp-json\/wp\/v2\/comments?post=23441"}],"wp:featuredmedia":[{"embeddable":true,"href":"https:\/\/bulkgenetics.com\/de\/wp-json\/wp\/v2\/media\/23407"}],"wp:attachment":[{"href":"https:\/\/bulkgenetics.com\/de\/wp-json\/wp\/v2\/media?parent=23441"}],"wp:term":[{"taxonomy":"product_brand","embeddable":true,"href":"https:\/\/bulkgenetics.com\/de\/wp-json\/wp\/v2\/product_brand?post=23441"},{"taxonomy":"product_cat","embeddable":true,"href":"https:\/\/bulkgenetics.com\/de\/wp-json\/wp\/v2\/product_cat?post=23441"},{"taxonomy":"product_tag","embeddable":true,"href":"https:\/\/bulkgenetics.com\/de\/wp-json\/wp\/v2\/product_tag?post=23441"}],"curies":[{"name":"wp","href":"https:\/\/api.w.org\/{rel}","templated":true}]}}