{"id":23854,"date":"2024-04-25T12:40:47","date_gmt":"2024-04-25T10:40:47","guid":{"rendered":"https:\/\/bulkgenetics.com\/?post_type=product&#038;p=23854"},"modified":"2024-10-08T01:08:48","modified_gmt":"2024-10-07T23:08:48","slug":"oreoz-x-spritzer","status":"publish","type":"product","link":"https:\/\/bulkgenetics.com\/de\/oreoz-x-spritzer\/","title":{"rendered":"Oreoz x Spritzer"},"content":{"rendered":"\n<p>Stell dir eine Kreuzung vor, bei der Potenz und Einzigartigkeit zusammenkommen und eine Sorte entsteht, die der Traum eines jeden Cannabisliebhabers ist. Das ist genau das, was du mit <strong>Oreoz x Spritzer<\/strong> bekommst, eine gewagte genetische Kombination, die das Beste aus beiden Welten vereint: die Intensit\u00e4t von Oreoz und die Raffinesse von Spritzer.<\/p>\n\n\n\n<p>Oreoz, bekannt f\u00fcr seine Knospen, die wie kleine Felsen aus dunkler Schokolade aussehen, stammt von der robusten Genetik von Secret Weapon und Cookies and Cream ab, w\u00e4hrend Spritzer mit ihrem Erbe von Runtz, Grape Pie und MAC f\u00fcr ihren hohen THC-Gehalt und ihre Knospen bekannt ist, die wie kleine Kunstwerke aussehen. Diese Kombination ergibt eine mittelgro\u00dfe, robuste und widerstandsf\u00e4hige Pflanze, die sich sowohl f\u00fcr Anf\u00e4nger als auch f\u00fcr erfahrene Anbauer eignet.<\/p>\n\n\n\n<h2 class=\"wp-block-heading\">Wirkung und Geschmack<\/h2>\n\n\n\n<p>Das Treffen zwischen Oreoz und Sprizter ist nicht nur ein Fest f\u00fcr die Augen, sondern auch f\u00fcr den Gaumen. Die Verbraucher beschreiben den Geschmack als einen Tanz von Bitterschokolade mit einem Hauch von Beeren und einem Zitrus-Finish, alles umh\u00fcllt von einem dichten, cremigen Rauch.<\/p>\n\n\n\n<p>Aber was die <strong>Oreoz x Spritzer Samen<\/strong> wirklich auszeichnet, ist ihre starke Wirkung. Mit einem THC-Gehalt von bis zu 32% bietet diese Sorte ein euphorisches und tief entspannendes Erlebnis &#8211; perfekt, um den Tag zu beenden und Momente der Ruhe und des Wohlbefindens willkommen zu hei\u00dfen.<\/p>\n\n\n\n<h2 class=\"wp-block-heading\">Produktion und Bl\u00fctezeit<\/h2>\n\n\n\n<p>Oreoz x Spritzer ist eine Sorte, die sowohl im Innen- als auch im Au\u00dfenbereich gro\u00dfz\u00fcgige Ertr\u00e4ge liefert. In einer kontrollierten Indoor-Umgebung k\u00f6nnen die Anbauer mit bis zu 550 Gramm pro Quadratmeter rechnen, wenn sie Techniken wie LST oder ScrOG nutzen, um das Licht auf alle Knospen zu maximieren.  <\/p>\n\n\n\n<p>Im Freien breitet sich diese robuste Sorte freier aus und erreicht beeindruckende Ertr\u00e4ge von bis zu 1 kg pro Pflanze, besonders in gem\u00e4\u00dfigten Klimazonen, die ihren idealen Lebensraum simulieren. Diese \u00fcppige Produktion macht ihn zu einer ausgezeichneten Wahl f\u00fcr alle, die ein Gleichgewicht zwischen Quantit\u00e4t und Qualit\u00e4t ihrer Ernte suchen.<\/p>\n\n\n\n<p>Diese Pflanze ist ein Spektakel w\u00e4hrend ihrer Bl\u00fctephase, die bei optimalen Bedingungen in Innenr\u00e4umen 8-9 Wochen dauert. Im Freiland k\u00f6nnen die Landwirte Anfang Oktober mit der Ernte rechnen. Seine Knospen sind dicht und \u00fcppig mit Trichomen bedeckt, ein visuelles Zeugnis f\u00fcr seine Potenz. Au\u00dferdem ist sie aufgrund ihrer Widerstandsf\u00e4higkeit gegen Sch\u00e4dlinge und Krankheiten eine gute Wahl f\u00fcr alle, die in ihrem Cannabisgarten Zuverl\u00e4ssigkeit suchen.<\/p>\n\n\n\n<h2 class=\"wp-block-heading\">Wie man Oreoz x Spritzer anbaut<\/h2>\n\n\n\n<p>Wir bei Bulk Genetics glauben, dass die Bereitstellung der besten Informationen f\u00fcr unsere Anbauer der Schl\u00fcssel zum Erfolg ist. Der Anbau von Oreoz x Spritzer kann eine lohnende Erfahrung sein, wenn du ein paar wichtige Tipps beachtest. Erstens bevorzugt diese Sorte eine gut beleuchtete und kontrollierte Umgebung. Wenn du dich f\u00fcr einen Indoor-Anbau entscheidest, solltest du darauf achten, dass du w\u00e4hrend der Vegetationsphase mindestens 20 Stunden Licht hast, um ein kr\u00e4ftiges Wachstum zu f\u00f6rdern.<\/p>\n\n\n\n<p>Die <strong>Oreoz x Spritzer Samen<\/strong> sind ein dankbarer Z\u00fcchter, der sich sowohl an warme als auch an gem\u00e4\u00dfigte Klimazonen anpasst. Diese Widerstandsf\u00e4higkeit bedeutet weniger Sorgen f\u00fcr den Anbauer und garantiert einen gro\u00dfz\u00fcgigen Ertrag, solange seine Grundbed\u00fcrfnisse nach Licht, N\u00e4hrstoffen und Wasser beachtet werden. Seine Vielseitigkeit in verschiedenen Anbautechniken wie LST oder ScrOG erm\u00f6glicht es, den Ertrag zu maximieren und das Wachstum zu kontrollieren, was besonders auf begrenztem Raum n\u00fctzlich ist.<\/p>\n\n\n\n<p>Wir halten es f\u00fcr wichtig, ein n\u00e4hrstoffreiches Substrat zu verwenden, das aus reifem Kompost, Wurmkot, Lehm und Vermiculit besteht. Diese Kombination verbessert die Drainage und verhindert die Auswaschung von N\u00e4hrstoffen, die f\u00fcr die Erhaltung der Pflanzengesundheit wichtig sind. W\u00e4hrend der Bl\u00fctezeit, die in der Regel 8-9 Wochen dauert, empfehlen wir eine feuchtigkeitsregulierte Umgebung, um Schimmel zu vermeiden, besonders kurz vor der Ernte.<\/p>\n\n\n\n<p>Was die Trainingstechniken angeht, so reagiert Oreoz x Spritzer au\u00dfergew\u00f6hnlich gut auf LST (Low Stress Training) und ScrOG (Screen of Green). Diese Techniken helfen nicht nur dabei, die H\u00f6he der Pflanze zu kontrollieren, sondern maximieren auch die Lichteinwirkung auf die Knospen und erh\u00f6hen so ihr Produktionspotenzial. Mach dir keine Sorgen, wenn du das noch nicht kennst. Die Robustheit von Oreoz x Spritzer verzeiht dir einige Anf\u00e4ngerfehler.<\/p>\n\n\n\n<div style=\"height:50px\" aria-hidden=\"true\" class=\"wp-block-spacer uag-hide-mob\"><\/div>\n\n\n\n<div class=\"wp-block-columns is-layout-flex wp-container-core-columns-is-layout-28f84493 wp-block-columns-is-layout-flex\">\n<div class=\"wp-block-column is-layout-flow wp-block-column-is-layout-flow\">\n<p class=\"has-text-align-center has-medium-font-size\"><strong>Was wir am meisten m\u00f6gen<\/strong><\/p>\n\n\n\n<ul class=\"wp-block-list\">\n<li>Ihre erstaunliche Widerstandsf\u00e4higkeit gegen Sch\u00e4dlinge und Krankheiten macht den Anbau einfach.<\/li>\n\n\n\n<li>Das komplexe Aroma- und Geschmacksprofil, das Noten von Bitterschokolade mit Beeren und einem Hauch von Zitrusfr\u00fcchten kombiniert.<\/li>\n\n\n\n<li>Die starke und lang anhaltende Wirkung ist perfekt zum Entspannen nach einem langen Tag.<\/li>\n\n\n\n<li>Die Dichte und Qualit\u00e4t der Knospen, die ein optisches Spektakel voller Trichome sind.<\/li>\n<\/ul>\n<\/div>\n\n\n\n<div class=\"wp-block-column is-layout-flow wp-block-column-is-layout-flow\">\n<p class=\"has-text-align-center has-medium-font-size\"><strong>Was wir am wenigsten m\u00f6gen<\/strong><\/p>\n\n\n\n<ul class=\"wp-block-list\">\n<li>Die Notwendigkeit einer strengen Feuchtigkeitskontrolle w\u00e4hrend der Bl\u00fcte, um Schimmelprobleme zu vermeiden.<\/li>\n\n\n\n<li>Dass deine Pflanzen vielleicht etwas anspruchsvoller sind, was Licht und N\u00e4hrstoffe angeht, was etwas mehr Aufmerksamkeit und Erfahrung erfordert.<\/li>\n<\/ul>\n<\/div>\n<\/div>\n\n\n\n<div style=\"height:50px\" aria-hidden=\"true\" class=\"wp-block-spacer uag-hide-mob\"><\/div>\n\n\n\n<h2 class=\"wp-block-heading\">H\u00e4ufig gestellte Fragen<\/h2>\n\n\n\n<p>Im Folgenden findest du die Antworten auf die am h\u00e4ufigsten gestellten Fragen von Z\u00fcchtern, die an dieser Sorte interessiert sind:<\/p>\n\n\n<div id=\"rank-math-faq\" class=\"rank-math-block\">\n<div class=\"rank-math-list \">\n<div id=\"faq-question-1663029074962\" class=\"rank-math-list-item\">\n<h3 class=\"rank-math-question \">Ist die Oreoz x Spritzer eine Sativa oder eine Indica?<\/h3>\n<div class=\"rank-math-answer \">\n\n<p>Oreoz x Spritzer ist \u00fcberwiegend eine Indica-Sorte. Das spiegelt sich in seiner kompakten Struktur und seiner tief entspannenden Wirkung wider. Indica-Sorten, wie Oreoz x Spritzer, sind tendenziell k\u00fcrzer und buschiger, ideal f\u00fcr den Anbau auf kleinem Raum. Au\u00dferdem haben diese Sorten oft eine entspannende und beruhigende Wirkung, die f\u00fcr die n\u00e4chtliche Entspannung sehr begehrt ist. Sativas hingegen sind in der Regel gr\u00f6\u00dfer, haben eine l\u00e4ngere Bl\u00fctezeit und eine anregendere und zerebrale Wirkung, ideal f\u00fcr den Konsum am Tag.<\/p>\n\n<\/div>\n<\/div>\n<div id=\"faq-question-1663029159933\" class=\"rank-math-list-item\">\n<h3 class=\"rank-math-question \">Welche THC-Werte kann Oreoz x Spritzer erreichen?<\/h3>\n<div class=\"rank-math-answer \">\n\n<p>Die Sorte Oreoz x Spritzer ist f\u00fcr ihren hohen THC-Gehalt bekannt, der unter optimalen Anbaubedingungen bis zu 32% erreichen kann. Das macht es besonders potent und geeignet f\u00fcr Konsumenten mit hoher THC-Toleranz, die nach einer starken und lang anhaltenden Wirkung suchen.<\/p>\n\n<\/div>\n<\/div>\n<div id=\"faq-question-1663029165861\" class=\"rank-math-list-item\">\n<h3 class=\"rank-math-question \">Wie lange bl\u00fcht die Oreoz x Spritzer?<\/h3>\n<div class=\"rank-math-answer \">\n\n<p>Oreoz x Spritzer schlie\u00dft ihren Bl\u00fctezyklus in der Regel in etwa 8-9 Wochen ab, wenn sie im Innenbereich angebaut wird. Im Freiland k\u00f6nnen die Landwirte Anfang Oktober mit der Ernte rechnen. Diese relativ kurze Bl\u00fctezeit ist ideal f\u00fcr Z\u00fcchter, die schnelle Ergebnisse sehen wollen, ohne Kompromisse bei Qualit\u00e4t oder Potenz einzugehen.<\/p>\n\n<\/div>\n<\/div>\n<div id=\"faq-question-1666780029954\" class=\"rank-math-list-item\">\n<h3 class=\"rank-math-question \">Ist Oreoz x Spritzer f\u00fcr Anbauanf\u00e4nger geeignet?<\/h3>\n<div class=\"rank-math-answer \">\n\n<p>Obwohl Oreoz x Spritzer resistent gegen Sch\u00e4dlinge und Krankheiten ist, erfordert ihr Anbau eine sorgf\u00e4ltige Kontrolle der Bedingungen, vor allem in Bezug auf Licht und Feuchtigkeit. Das kann f\u00fcr Anbauneulinge eine Herausforderung darstellen. Mit der n\u00f6tigen Sorgfalt und dem Befolgen unserer Anbauempfehlungen k\u00f6nnen aber auch Anf\u00e4nger mit dieser Sorte erfolgreich sein.<\/p>\n\n<\/div>\n<\/div>\n<div id=\"faq-question-1713349304979\" class=\"rank-math-list-item\">\n<h3 class=\"rank-math-question \">Wie sollte ich Oreoz x Spritzer-Samen lagern, um ihre Lebensf\u00e4higkeit zu gew\u00e4hrleisten?<\/h3>\n<div class=\"rank-math-answer \">\n\n<p>Um die Lebensf\u00e4higkeit der Oreoz x Spritzer-Samen zu erhalten, ist es wichtig, sie an einem k\u00fchlen, trockenen Ort zu lagern. Konstant niedrige Temperaturen und eine geringe Luftfeuchtigkeit sind wichtig, um die Haltbarkeit des Saatguts zu verl\u00e4ngern. Wir empfehlen, sie in einem luftdichten Beh\u00e4lter zu lagern, eventuell im K\u00fchlschrank, wenn du sie nicht sofort anbauen willst.<\/p>\n\n<\/div>\n<\/div>\n<\/div>\n<\/div>","protected":false},"excerpt":{"rendered":"<p><b>Oreoz x Spritzer<\/b> sticht in jedem Garten mit ihren <strong>beeindruckenden Ertr\u00e4gen<\/strong> und <strong>THC-Werten von bis zu 32%<\/strong> hervor. Diese Sorte ist ideal f\u00fcr Z\u00fcchter, die sowohl drinnen als auch drau\u00dfen hohe Ertr\u00e4ge erzielen wollen. Sie garantiert ein <strong>unglaubliches Erlebnis<\/strong> und <strong>k\u00f6stliche Aromen<\/strong>, die auch die anspruchsvollsten Gaumen zufriedenstellen.<\/p>\n","protected":false},"featured_media":23837,"comment_status":"open","ping_status":"closed","template":"","meta":{"_acf_changed":false,"inline_featured_image":false,"_uag_custom_page_level_css":""},"product_brand":[],"product_cat":[1097],"product_tag":[],"class_list":{"0":"post-23854","1":"product","2":"type-product","3":"status-publish","4":"has-post-thumbnail","6":"product_cat-feminisierte-cannabis-samen","8":"first","9":"instock","10":"taxable","11":"shipping-taxable","12":"purchasable","13":"product-type-simple"},"acf":[],"uagb_featured_image_src":{"full":["https:\/\/bulkgenetics.com\/wp-content\/uploads\/2024\/04\/oreoz-x-spritzer-strain-seeds.jpg",1600,1600,false],"thumbnail":["https:\/\/bulkgenetics.com\/wp-content\/uploads\/2024\/04\/oreoz-x-spritzer-strain-seeds-150x150.jpg",150,150,true],"medium":["https:\/\/bulkgenetics.com\/wp-content\/uploads\/2024\/04\/oreoz-x-spritzer-strain-seeds-300x300.jpg",300,300,true],"medium_large":["https:\/\/bulkgenetics.com\/wp-content\/uploads\/2024\/04\/oreoz-x-spritzer-strain-seeds-768x768.jpg",768,768,true],"large":["https:\/\/bulkgenetics.com\/wp-content\/uploads\/2024\/04\/oreoz-x-spritzer-strain-seeds-1024x1024.jpg",1024,1024,true],"1536x1536":["https:\/\/bulkgenetics.com\/wp-content\/uploads\/2024\/04\/oreoz-x-spritzer-strain-seeds-1536x1536.jpg",1536,1536,true],"2048x2048":["https:\/\/bulkgenetics.com\/wp-content\/uploads\/2024\/04\/oreoz-x-spritzer-strain-seeds.jpg",1600,1600,false],"commercegurus-pdp-large":["https:\/\/bulkgenetics.com\/wp-content\/uploads\/2024\/04\/oreoz-x-spritzer-strain-seeds-990x990.jpg",990,990,true],"commercegurus-plp-mobile":["https:\/\/bulkgenetics.com\/wp-content\/uploads\/2024\/04\/oreoz-x-spritzer-strain-seeds-441x441.jpg",441,441,true],"cgkit_image_swatch":["https:\/\/bulkgenetics.com\/wp-content\/uploads\/2024\/04\/oreoz-x-spritzer-strain-seeds-100x100.jpg",100,100,true],"woocommerce_thumbnail":["https:\/\/bulkgenetics.com\/wp-content\/uploads\/2024\/04\/oreoz-x-spritzer-strain-seeds-300x300.jpg",300,300,true],"woocommerce_single":["https:\/\/bulkgenetics.com\/wp-content\/uploads\/2024\/04\/oreoz-x-spritzer-strain-seeds-800x800.jpg",800,800,true],"woocommerce_gallery_thumbnail":["https:\/\/bulkgenetics.com\/wp-content\/uploads\/2024\/04\/oreoz-x-spritzer-strain-seeds-150x150.jpg",150,150,true],"dgwt-wcas-product-suggestion":["https:\/\/bulkgenetics.com\/wp-content\/uploads\/2024\/04\/oreoz-x-spritzer-strain-seeds-64x64.jpg",64,64,true]},"uagb_author_info":{"display_name":"\u00c1ngel Flores","author_link":"https:\/\/bulkgenetics.com\/de\/author\/"},"uagb_comment_info":0,"uagb_excerpt":"Oreoz x Spritzer sticht in jedem Garten mit ihren beeindruckenden Ertr\u00e4gen und THC-Werten von bis zu 32% hervor. Diese Sorte ist ideal f\u00fcr Z\u00fcchter, die sowohl drinnen als auch drau\u00dfen hohe Ertr\u00e4ge erzielen wollen. Sie garantiert ein unglaubliches Erlebnis und k\u00f6stliche Aromen, die auch die anspruchsvollsten Gaumen zufriedenstellen.","_links":{"self":[{"href":"https:\/\/bulkgenetics.com\/de\/wp-json\/wp\/v2\/product\/23854","targetHints":{"allow":["GET"]}}],"collection":[{"href":"https:\/\/bulkgenetics.com\/de\/wp-json\/wp\/v2\/product"}],"about":[{"href":"https:\/\/bulkgenetics.com\/de\/wp-json\/wp\/v2\/types\/product"}],"replies":[{"embeddable":true,"href":"https:\/\/bulkgenetics.com\/de\/wp-json\/wp\/v2\/comments?post=23854"}],"wp:featuredmedia":[{"embeddable":true,"href":"https:\/\/bulkgenetics.com\/de\/wp-json\/wp\/v2\/media\/23837"}],"wp:attachment":[{"href":"https:\/\/bulkgenetics.com\/de\/wp-json\/wp\/v2\/media?parent=23854"}],"wp:term":[{"taxonomy":"product_brand","embeddable":true,"href":"https:\/\/bulkgenetics.com\/de\/wp-json\/wp\/v2\/product_brand?post=23854"},{"taxonomy":"product_cat","embeddable":true,"href":"https:\/\/bulkgenetics.com\/de\/wp-json\/wp\/v2\/product_cat?post=23854"},{"taxonomy":"product_tag","embeddable":true,"href":"https:\/\/bulkgenetics.com\/de\/wp-json\/wp\/v2\/product_tag?post=23854"}],"curies":[{"name":"wp","href":"https:\/\/api.w.org\/{rel}","templated":true}]}}