{"id":24020,"date":"2024-04-30T11:52:03","date_gmt":"2024-04-30T09:52:03","guid":{"rendered":"https:\/\/bulkgenetics.com\/?post_type=product&#038;p=24020"},"modified":"2024-10-08T01:08:48","modified_gmt":"2024-10-07T23:08:48","slug":"gary-payton-og","status":"publish","type":"product","link":"https:\/\/bulkgenetics.com\/de\/gary-payton-og\/","title":{"rendered":"Gary Payton OG"},"content":{"rendered":"\n<p><strong>Gary Payton OG<\/strong>, eine Sorte, die nach einer Basketballlegende benannt wurde, ist in der Cannabiswelt nicht weniger legend\u00e4r. Diese Genetik ist eine Kreuzung aus der preisgekr\u00f6nten Gary Payton und der ber\u00fchmten OG Kush.<\/p>\n\n<p>Die urspr\u00fcngliche Gary Payton entstand aus einer Zusammenarbeit zwischen Cookies und Kenny Dumetz von Powerzzzup Genetics und ist eine der begehrtesten <strong>Marihuanasamen<\/strong>. Gary Payton ist das Ergebnis einer Kreuzung aus The Y und Snowman und hat sich mit mehreren Auszeichnungen bei Cannabis-Wettbewerben einen Ehrenplatz verdient, darunter der erste Platz beim Errl Cup in Arizona 2022 und der zweite Platz beim Emerald Cup im selben Jahr.<\/p>\n\n<p>Die <strong>Gary Payton x OG Kush<\/strong> hat eine robuste und kompakte Struktur. Trotz ihrer sativadominierten Genetik ist es ihre Indica-Seite, die in der Morphologie die F\u00fchrung \u00fcbernimmt und ein Muster aus gro\u00dfen, dichten F\u00e4cherbl\u00e4ttern bietet. Ihre spektakul\u00e4re Farbpalette, in der sich Gr\u00fcn- und Violettt\u00f6ne mit einer auff\u00e4lligen Decke aus orangefarbenen Bl\u00fctenstempeln vermischen, l\u00e4sst jede Knospe wie ein kleines Kunstwerk aussehen.<\/p>\n\n<p>Die Nutzer beschreiben die Knospen als kompakt und voller Trichome, die ein ebenso angenehmes visuelles Erlebnis bieten wie ihre Wirkung. Die perfekt getrockneten Knospen f\u00fchlen sich weich an und sind frei von \u00fcberm\u00e4\u00dfiger Feuchtigkeit, was einen hervorragenden Rauch und einen unvergleichlichen Geschmack garantiert. Diejenigen, die das Vergn\u00fcgen hatten, ihn zu probieren, beschreiben ihn als einen ihrer Favoriten, da er eine ideale Balance zwischen zerebraler Euphorie und entspannender k\u00f6rperlicher Entspannung bietet.<\/p>\n\n<h2 class=\"wp-block-heading\">Geschmack und Wirkung<\/h2>\n\n<p>Das <strong>Gary Payton OG<\/strong> ist ein Fest f\u00fcr die Sinne. Sein einzigartiges Aroma kann dich an frisch gebackene Kekse erinnern, dank einer faszinierenden Kombination von Terpenen wie Bisabolol und Humulen. Der Geschmack ist ebenso unverwechselbar und erinnert an s\u00fc\u00dfe und fruchtige Noten, mit einer besonderen Reminiszenz an Melone und einem Unterton, den manche mit dem beliebten Runtz S1 vergleichen.<\/p>\n\n<p>Was die Wirkung angeht, so wird diese Sorte f\u00fcr ihre F\u00e4higkeit gelobt, einen ausgewogenen Rausch zu erzeugen. <strong>Gary Payton x OG Kush<\/strong> ist ideal f\u00fcr jede Tageszeit. Sie beginnt ihre Magie mit einer klaren und euphorischen mentalen Wirkung, gefolgt von einer tiefen Entspannung, die bald den K\u00f6rper erfasst. Mit einem THC-Gehalt von etwa 23% bietet diese Sorte ein starkes, aber \u00fcberschaubares Erlebnis mit fast keinem CBD, was sie sowohl f\u00fcr Anf\u00e4nger (in Ma\u00dfen) als auch f\u00fcr Veteranen auf der Suche nach einem vollen und genussvollen Erlebnis perfekt macht.<\/p>\n\n<h2 class=\"wp-block-heading\">Produktion und Bl\u00fctezeit<\/h2>\n\n<p><strong>Gary Payton OG Kush<\/strong> zeichnet sich nicht nur durch seine Qualit\u00e4t, sondern auch durch seinen Ertrag aus. Im Innenbereich reagiert diese Sorte au\u00dfergew\u00f6hnlich gut auf Trainingstechniken wie den apikalen Beschnitt, um die Knospenproduktion zu maximieren. Unter optimalen Bedingungen kann sie <strong>Ertr\u00e4ge von bis zu 500 g\/m\u00b2<\/strong> erzielen. Ihre Bl\u00fctezeit ist mit 8 bis 9 Wochen relativ kurz, was sie zu einer attraktiven Option f\u00fcr alle macht, die auf der Suche nach Effizienz sind, ohne auf Qualit\u00e4t verzichten zu m\u00fcssen.<\/p>\n\n<p>Im Freien ist die <strong>Gary Payton OG<\/strong> am besten f\u00fcr warme und feuchte Klimazonen geeignet, \u00e4hnlich wie in ihrer Heimat. Obwohl es weniger Informationen \u00fcber den Anbau im Freien als im Haus gibt, entwickelt sie typischerweise eine h\u00f6here, buschigere Struktur, die f\u00fcr Sativas charakteristisch ist, und liefert reiche Ernten. Die Anbauer k\u00f6nnen mit einer Ernte Anfang Oktober rechnen, wobei die Ertr\u00e4ge bis zu <strong>850 g pro Pflanze<\/strong> betragen k\u00f6nnen.<\/p>\n\n<p>Diese Vielseitigkeit in verschiedenen Anbauumgebungen, gepaart mit ihrem attraktiven Bl\u00fcte- und Produktionsprofil, macht <strong>Gary Payton OG<\/strong> zu einer ausgezeichneten Wahl sowohl f\u00fcr Anf\u00e4nger als auch f\u00fcr erfahrene Anbauer, die ihren Ertrag maximieren wollen, ohne Kompromisse bei der Qualit\u00e4t des Endprodukts einzugehen.<\/p>\n\n<h2 class=\"wp-block-heading\">Wie man Gary Payton OG anbaut<\/h2>\n\n<p>Aus unserer Erfahrung k\u00f6nnen wir sagen, dass der Anbau von <strong>Gary Payton OG<\/strong> recht g\u00fcnstig ist. Diese Sorte hat einen geringen bis mittleren Schwierigkeitsgrad, was sie sowohl f\u00fcr Anf\u00e4nger als auch f\u00fcr erfahrene Anbauer ideal macht. Sie sch\u00e4tzt vor allem warmes und feuchtes Klima, was auf ihre tropische Genetik zur\u00fcckzuf\u00fchren ist.<\/p>\n\n<p>Was die Widerstandsf\u00e4higkeit angeht, so zeigt Gary Payton OG eine gute Anpassungsf\u00e4higkeit an g\u00e4ngige Sch\u00e4dlinge und Krankheiten. Es ist jedoch wichtig, die Luftfeuchtigkeit richtig zu kontrollieren, vor allem in Innenr\u00e4umen, um Schimmelbildung zu vermeiden. Angemessene Bel\u00fcftung und ein sorgf\u00e4ltiger Umgang mit der Entlaubung tragen dazu bei, ein optimales Umfeld f\u00fcr ihre Entwicklung zu erhalten.<\/p>\n\n<h2 class=\"wp-block-heading\">Gary Payton OG&#8217;s Ansichten<\/h2>\n\n<blockquote class=\"wp-block-quote is-layout-flow wp-block-quote-is-layout-flow\">\n<p>&#8220;Seit ich Gary Payton OG ausprobiert habe, ist sie mein Favorit f\u00fcr gesellige Runden. Der Rausch ist gerade stark genug, um mich euphorisch zu machen, aber nicht \u00fcberm\u00e4chtig &#8211; und der s\u00fc\u00dfe Geschmack ist unvergesslich!&#8221;<\/p>\n<\/blockquote>\n\n<blockquote class=\"wp-block-quote is-layout-flow wp-block-quote-is-layout-flow\">\n<p>&#8220;Als Anbauer war ich beeindruckt davon, wie pflegeleicht die Gary Payton OG ist. Sie ist nicht nur widerstandsf\u00e4hig und pflegeleicht, sondern produziert auch dichte, harzige Knospen. Die Qualit\u00e4t und Quantit\u00e4t der Ernte erstaunt mich immer wieder.&#8221;<\/p>\n<\/blockquote>\n\n<blockquote class=\"wp-block-quote is-layout-flow wp-block-quote-is-layout-flow\">\n<p>&#8220;Das Aroma ist das erste, was dich fesselt; es ist, als w\u00fcrdest du eine B\u00e4ckerei betreten. Aber es ist die entspannende, lang anhaltende Wirkung, die Gary Payton OG zu einem Star macht. Es ist meine ideale Wahl, um nach einem langen Arbeitstag zu entspannen.&#8221;<\/p>\n<\/blockquote>\n\n<div style=\"height:50px\" aria-hidden=\"true\" class=\"wp-block-spacer uag-hide-mob\"><\/div>\n\n<div class=\"wp-block-columns is-layout-flex wp-container-core-columns-is-layout-28f84493 wp-block-columns-is-layout-flex\">\n<div class=\"wp-block-column is-layout-flow wp-block-column-is-layout-flow\">\n<p class=\"has-text-align-center has-medium-font-size\"><strong>Was wir am meisten m\u00f6gen<\/strong><\/p>\n\n\n\n<ul class=\"wp-block-list\">\n<li>Seine ausgewogene euphorisierende und entspannende Wirkung ist ideal f\u00fcr jede Tageszeit.<\/li>\n\n\n\n<li>Das einzigartige und komplexe Geschmacksprofil mit s\u00fc\u00dfen und erdigen Noten, die die Essenz der vorherrschenden Terpene einfangen.<\/li>\n\n\n\n<li>Einfacher Anbau mit kurzer Bl\u00fctezeit und Anpassungsf\u00e4higkeit an verschiedene Anbautechniken.<\/li>\n<\/ul>\n<\/div>\n\n\n\n<div class=\"wp-block-column is-layout-flow wp-block-column-is-layout-flow\">\n<p class=\"has-text-align-center has-medium-font-size\"><strong>Was wir am wenigsten m\u00f6gen<\/strong><\/p>\n\n\n\n<ul class=\"wp-block-list\">\n<li>Sie brauchen ein sorgf\u00e4ltiges Feuchtigkeitsmanagement, das ein wenig mehr Aufmerksamkeit erfordert, um Pilzprobleme zu vermeiden.<\/li>\n\n\n\n<li>Das Management ihres vertikalen Wachstums auf begrenztem Raum erfordert Trainingstechniken, um ihre Entwicklung zu optimieren.<\/li>\n<\/ul>\n<\/div>\n<\/div>\n\n<div style=\"height:50px\" aria-hidden=\"true\" class=\"wp-block-spacer uag-hide-mob\"><\/div>\n\n<h2 class=\"wp-block-heading\">H\u00e4ufig gestellte Fragen \u00fcber Gary Payton OG<br\/><\/h2>\n\n<p>Im Folgenden findest du die Antworten auf die am h\u00e4ufigsten gestellten Fragen von Z\u00fcchtern, die an dieser Sorte interessiert sind:<\/p>\n<div id=\"rank-math-faq\" class=\"rank-math-block\">\n<div class=\"rank-math-list \">\n<div id=\"faq-question-1663029074962\" class=\"rank-math-list-item\">\n<h3 class=\"rank-math-question \">Ist Gary Payton OG eine Sativa oder eine Indica?<\/h3>\n<div class=\"rank-math-answer \">\n\n<p><strong>Gary Payton OG<\/strong> ist technisch gesehen ein Hybrid, aber seine Struktur und Wirkung sind indica-dominant. Indica-Pflanzen sind eher kompakt und buschig, ideal f\u00fcr alle, die wenig Platz haben. Au\u00dferdem ist die Indica-Wirkung im Allgemeinen entspannender und beruhigender, perfekt f\u00fcr den Stressabbau und eine erholsame Nachtruhe. Sativas hingegen wachsen eher in die H\u00f6he und haben eine energetisierende und zerebrale Wirkung, die sich besser f\u00fcr den Tag oder kreative Aktivit\u00e4ten eignet.<\/p>\n\n<\/div>\n<\/div>\n<div id=\"faq-question-1663029159933\" class=\"rank-math-list-item\">\n<h3 class=\"rank-math-question \">Wie lange dauert die Bl\u00fctezeit von Gary Payton OG?<\/h3>\n<div class=\"rank-math-answer \">\n\n<p>In Innenr\u00e4umen ist die Gary Payton OG in der Regel nach etwa 8-9 Wochen mit der Bl\u00fcte fertig. Im Freilandanbau k\u00f6nnen die Erzeuger mit einer Ernte Anfang Oktober rechnen und so die idealen Wetterbedingungen nutzen, um ihr Potenzial zu maximieren.<\/p>\n\n<\/div>\n<\/div>\n<div id=\"faq-question-1663029165861\" class=\"rank-math-list-item\">\n<h3 class=\"rank-math-question \">Wie viel kann ich von Gary Payton OG erwarten?<\/h3>\n<div class=\"rank-math-answer \">\n\n<p>Im Innenanbau kann Gary Payton OG bis zu 500 g\/m\u00b2 produzieren. Im Freien kann sie unter den richtigen Bedingungen bis zu 850 g pro Pflanze erbringen. Diese Ertr\u00e4ge sind ein Zeichen f\u00fcr seine genetische Robustheit und seine F\u00e4higkeit, eine F\u00fclle von dichten, harzigen Knospen zu entwickeln.<\/p>\n\n<\/div>\n<\/div>\n<div id=\"faq-question-1666780029954\" class=\"rank-math-list-item\">\n<h3 class=\"rank-math-question \">Welche Anbautechniken werden f\u00fcr Gary Payton OG empfohlen?<\/h3>\n<div class=\"rank-math-answer \">\n\n<p>Wir empfehlen Erziehungsmethoden wie LST (Low Stress Training) und apikales Beschneiden, um das Wachstum zu kontrollieren und die Knospenproduktion zu maximieren. Diese Techniken helfen nicht nur dabei, die Pflanze auf einer \u00fcberschaubaren Gr\u00f6\u00dfe zu halten, vor allem in kleineren R\u00e4umen, sondern k\u00f6nnen auch den Ertrag der Knospen deutlich erh\u00f6hen.<\/p>\n\n<\/div>\n<\/div>\n<div id=\"faq-question-1713349304979\" class=\"rank-math-list-item\">\n<h3 class=\"rank-math-question \">Ist Gary Payton OG f\u00fcr Anbauneulinge geeignet?<\/h3>\n<div class=\"rank-math-answer \">\n\n<p>Auf jeden Fall ist diese Sorte ziemlich tolerant und einfach zu handhaben, was sie ideal f\u00fcr diejenigen macht, die gerade erst in die Welt des Cannabisanbaus einsteigen. Aber wie bei jeder Pflanze gilt auch hier, dass die richtige Pflege und Aufmerksamkeit die Ergebnisse deutlich verbessern.<\/p>\n\n<\/div>\n<\/div>\n<\/div>\n<\/div>","protected":false},"excerpt":{"rendered":"<p><b>Gary Payton OG<\/b> ist eine erhabene Kreuzung zwischen der preisgekr\u00f6nten Gary Payton und der weltber\u00fchmten OG Kush. Diese Sorte wird dich mit ihrem <strong>Geschmack nach frisch gebackenem Geb\u00e4ck und milden fruchtigen Noten<\/strong> begeistern. Mit einer ausgewogenen Wirkung, die<strong> Euphorie und Entspannung<\/strong> kombiniert, und einem <strong>gro\u00dfz\u00fcgigen Ertrag<\/strong> ist Gary Payton OG die ideale Wahl f\u00fcr jeden Cannabis-Liebhaber.<\/p>\n","protected":false},"featured_media":24003,"comment_status":"open","ping_status":"closed","template":"","meta":{"_acf_changed":false,"inline_featured_image":false,"_uag_custom_page_level_css":""},"product_brand":[],"product_cat":[1097],"product_tag":[],"class_list":{"0":"post-24020","1":"product","2":"type-product","3":"status-publish","4":"has-post-thumbnail","6":"product_cat-feminisierte-cannabis-samen","8":"first","9":"instock","10":"taxable","11":"shipping-taxable","12":"purchasable","13":"product-type-simple"},"acf":[],"uagb_featured_image_src":{"full":["https:\/\/bulkgenetics.com\/wp-content\/uploads\/2024\/04\/gary-payton-og-strain-feminized-seeds-1.jpg",1600,1600,false],"thumbnail":["https:\/\/bulkgenetics.com\/wp-content\/uploads\/2024\/04\/gary-payton-og-strain-feminized-seeds-1-150x150.jpg",150,150,true],"medium":["https:\/\/bulkgenetics.com\/wp-content\/uploads\/2024\/04\/gary-payton-og-strain-feminized-seeds-1-300x300.jpg",300,300,true],"medium_large":["https:\/\/bulkgenetics.com\/wp-content\/uploads\/2024\/04\/gary-payton-og-strain-feminized-seeds-1-768x768.jpg",768,768,true],"large":["https:\/\/bulkgenetics.com\/wp-content\/uploads\/2024\/04\/gary-payton-og-strain-feminized-seeds-1-1024x1024.jpg",1024,1024,true],"1536x1536":["https:\/\/bulkgenetics.com\/wp-content\/uploads\/2024\/04\/gary-payton-og-strain-feminized-seeds-1-1536x1536.jpg",1536,1536,true],"2048x2048":["https:\/\/bulkgenetics.com\/wp-content\/uploads\/2024\/04\/gary-payton-og-strain-feminized-seeds-1.jpg",1600,1600,false],"commercegurus-pdp-large":["https:\/\/bulkgenetics.com\/wp-content\/uploads\/2024\/04\/gary-payton-og-strain-feminized-seeds-1-990x990.jpg",990,990,true],"commercegurus-plp-mobile":["https:\/\/bulkgenetics.com\/wp-content\/uploads\/2024\/04\/gary-payton-og-strain-feminized-seeds-1-441x441.jpg",441,441,true],"cgkit_image_swatch":["https:\/\/bulkgenetics.com\/wp-content\/uploads\/2024\/04\/gary-payton-og-strain-feminized-seeds-1-100x100.jpg",100,100,true],"woocommerce_thumbnail":["https:\/\/bulkgenetics.com\/wp-content\/uploads\/2024\/04\/gary-payton-og-strain-feminized-seeds-1-300x300.jpg",300,300,true],"woocommerce_single":["https:\/\/bulkgenetics.com\/wp-content\/uploads\/2024\/04\/gary-payton-og-strain-feminized-seeds-1-800x800.jpg",800,800,true],"woocommerce_gallery_thumbnail":["https:\/\/bulkgenetics.com\/wp-content\/uploads\/2024\/04\/gary-payton-og-strain-feminized-seeds-1-150x150.jpg",150,150,true],"dgwt-wcas-product-suggestion":["https:\/\/bulkgenetics.com\/wp-content\/uploads\/2024\/04\/gary-payton-og-strain-feminized-seeds-1-64x64.jpg",64,64,true]},"uagb_author_info":{"display_name":"\u00c1ngel Flores","author_link":"https:\/\/bulkgenetics.com\/de\/author\/"},"uagb_comment_info":0,"uagb_excerpt":"Gary Payton OG ist eine erhabene Kreuzung zwischen der preisgekr\u00f6nten Gary Payton und der weltber\u00fchmten OG Kush. Diese Sorte wird dich mit ihrem Geschmack nach frisch gebackenem Geb\u00e4ck und milden fruchtigen Noten begeistern. Mit einer ausgewogenen Wirkung, die Euphorie und Entspannung kombiniert, und einem gro\u00dfz\u00fcgigen Ertrag ist Gary Payton OG die ideale Wahl f\u00fcr jeden&hellip;","_links":{"self":[{"href":"https:\/\/bulkgenetics.com\/de\/wp-json\/wp\/v2\/product\/24020","targetHints":{"allow":["GET"]}}],"collection":[{"href":"https:\/\/bulkgenetics.com\/de\/wp-json\/wp\/v2\/product"}],"about":[{"href":"https:\/\/bulkgenetics.com\/de\/wp-json\/wp\/v2\/types\/product"}],"replies":[{"embeddable":true,"href":"https:\/\/bulkgenetics.com\/de\/wp-json\/wp\/v2\/comments?post=24020"}],"wp:featuredmedia":[{"embeddable":true,"href":"https:\/\/bulkgenetics.com\/de\/wp-json\/wp\/v2\/media\/24003"}],"wp:attachment":[{"href":"https:\/\/bulkgenetics.com\/de\/wp-json\/wp\/v2\/media?parent=24020"}],"wp:term":[{"taxonomy":"product_brand","embeddable":true,"href":"https:\/\/bulkgenetics.com\/de\/wp-json\/wp\/v2\/product_brand?post=24020"},{"taxonomy":"product_cat","embeddable":true,"href":"https:\/\/bulkgenetics.com\/de\/wp-json\/wp\/v2\/product_cat?post=24020"},{"taxonomy":"product_tag","embeddable":true,"href":"https:\/\/bulkgenetics.com\/de\/wp-json\/wp\/v2\/product_tag?post=24020"}],"curies":[{"name":"wp","href":"https:\/\/api.w.org\/{rel}","templated":true}]}}