{"id":24190,"date":"2024-05-08T12:00:13","date_gmt":"2024-05-08T10:00:13","guid":{"rendered":"https:\/\/bulkgenetics.com\/?post_type=product&#038;p=24190"},"modified":"2024-10-08T01:08:47","modified_gmt":"2024-10-07T23:08:47","slug":"rainbow-sherbet-11-x-og-kush","status":"publish","type":"product","link":"https:\/\/bulkgenetics.com\/de\/rainbow-sherbet-11-x-og-kush\/","title":{"rendered":"Rainbow Sherbet 11 x OG Kush"},"content":{"rendered":"\n<p><strong>Rainbow Sherbet 11 x OG Kush<\/strong> hat ihren Ursprung in einer magischen Kreuzung zwischen dem <strong>Rainbow Sherbet 11 Strain<\/strong> und dem legend\u00e4ren<strong> <a href=\"https:\/\/bulkgenetics.com\/de\/og-kush\/\" data-type=\"product\" data-id=\"146\">OG Kush<\/a><\/strong>. Diese Vereinigung der Linien hat zu einer robusten Pflanze gef\u00fchrt, die das Beste aus beiden Welten in sich vereint und den heutigen genetischen Reichtum von Cannabis verk\u00f6rpert. Von <strong>Rainbow Sherbet 11<\/strong>, auch bekannt als <strong>RS11<\/strong>, hat es sein <strong>einzigartiges Geschmacksprofil<\/strong> und seine <strong>ausgewogene Wirkung<\/strong> geerbt.<\/p>\n\n\n\n<p><strong>Rainbow Sherbet #11 x OG Kush<\/strong> ist bei den Z\u00fcchtern wegen ihrer beeindruckenden Ertr\u00e4ge beliebt, die sie von ihrer OG Kush-Seite geerbt hat und die im Innenbereich <strong>600 g\/m\u00b2<\/strong> und im Freien bis zu <strong>900 g pro Pflanze<\/strong> erreichen. Au\u00dferdem ist er aufgrund seiner Resistenz gegen Schimmel und Sch\u00e4dlinge die ideale Wahl f\u00fcr Anbauer aller Stufen.<\/p>\n\n\n\n<p><strong>Rainbow Sherbet 11 x OG Kush<\/strong> ist eine ausgezeichnete Wahl f\u00fcr alle, die eine leicht anbaubare Sorte, hohe Ertr\u00e4ge und ein k\u00f6stliches Geschmacksprofil mit ausgewogener Wirkung suchen. Diese <strong>zu 70% indicadominierte<\/strong> Hybride bl\u00fcht stark und bietet dichte, kompakte Knospen, die mit blaugr\u00fcnen Farbt\u00f6nen und orangefarbenen Stempeln bedeckt sind, die wie Juwelen aus einer Decke aus kristallinen Trichomen herausragen.<\/p>\n\n\n\n<h2 class=\"wp-block-heading\">Geschmack und Wirkung<\/h2>\n\n\n\n<p>Wenn du <strong>Rainbow Sherbet 11 x OG Kush<\/strong> probierst, begibst du dich auf eine Reise der Sinne. Seine s\u00fc\u00dfen und fruchtigen Aromen erinnern an eine Symphonie aus <strong>Beeren<\/strong> und <strong>Kirschen<\/strong>, umh\u00fcllt von einer Wolke aus <strong>Honig<\/strong> und einem Hauch von <strong>Zitrusfr\u00fcchten<\/strong>, die den Gaumen umschmeicheln. Jeder Atemzug ist eine warme Umarmung aus s\u00fc\u00dfen und erdigen Nuancen, erg\u00e4nzt durch ein w\u00fcrziges Aroma, das <strong>Pfeffer<\/strong> und <strong>Kiefer<\/strong> mit Noten von <strong>saurer Zitrone<\/strong> und <strong>Diesel<\/strong> vermischt. Stell dir einen herbstlichen Wald nach dem Regen vor, umh\u00fcllt von einem berauschenden Parf\u00fcm.<\/p>\n\n\n\n<p>Was die Wirkung angeht, entt\u00e4uscht diese Sorte nicht. Mit einem <strong>THC-Gehalt<\/strong> von <strong>mehr als 30 %<\/strong> versetzt es dich in einen Zustand tiefer Entspannung, der bald in ein <strong>zerebrales High aus kreativer Energie<\/strong> und <strong>Gl\u00fcck<\/strong> umschl\u00e4gt. Sie ist perfekt f\u00fcr Momente der Besinnung und h\u00fcllt dich in eine Decke der Ruhe, w\u00e4hrend sie den Geist klar und wach h\u00e4lt. Seine starke Wirkung ist ideal, um <strong>Stress<\/strong>, <strong>Depressionen<\/strong> und <strong>chronische Schmerzen<\/strong> zu bek\u00e4mpfen und wirkt wie ein Bollwerk der Ruhe und Gelassenheit inmitten des Sturms der Angst.<\/p>\n\n\n\n<h2 class=\"wp-block-heading\">Produktion und Bl\u00fctezeit<\/h2>\n\n\n\n<p><strong>Rainbow Sherbet 11 x OG Kush<\/strong> gl\u00e4nzt mit einem hohen Ertrag. In Innenr\u00e4umen kann sie dank ihres OG Kush-Erbes mit der richtigen Technik bis zu <strong>600 g\/m\u00b2<\/strong> liefern. Im Freien ist diese Sorte ein wahrer Kraftprotz und erreicht unter optimalen Bedingungen bis zu <strong>900 Gramm pro Pflanze<\/strong>, vor allem in warmen, sonnigen Klimazonen.<\/p>\n\n\n\n<p>Was die Bl\u00fctezeit angeht, erweist sich diese Sorte als schnell und effizient. Im Innenbereich schlie\u00dft <strong>Rainbow Sherbet 11 x OG Kush<\/strong> ihren Zyklus in etwa <strong>63 Tagen<\/strong> ab, was sie zu einer ausgezeichneten Wahl f\u00fcr Z\u00fcchter macht, die eine schnelle Rendite anstreben. Im Freien ist sie Mitte bis Ende <strong>Oktober<\/strong> erntereif, mit dichten, harzigen Knospen, die eine unvergessliche sensorische Reise versprechen.<\/p>\n\n\n\n<h2 class=\"wp-block-heading\">Wie man Rainbow Sherbet 11 x OG Kush anbaut<\/h2>\n\n\n\n<p>Wir von Bulk Genetics halten <strong>Rainbow Sherbet 11 x OG Kush<\/strong> f\u00fcr m\u00e4\u00dfig schwierig anzubauen, so dass sie sowohl f\u00fcr Anf\u00e4nger als auch f\u00fcr erfahrene Z\u00fcchter geeignet ist. Um die Produktion und die Qualit\u00e4t zu maximieren, empfehlen wir jedoch einen R\u00fcckschnitt sowie die richtige F\u00fctterung mit hochwertigen N\u00e4hrstoffen.<\/p>\n\n\n\n<p>Diese Sorte gedeiht in warmen, sonnigen Klimazonen, passt sich aber auch gut an kontrollierte Innenr\u00e4ume an. Es ist wichtig, einen guten Feuchtigkeitshaushalt und eine ausreichende Bel\u00fcftung aufrechtzuerhalten, um die Entwicklung von Schimmel und Krankheiten zu verhindern. Die genetische Robustheit von <strong>Rainbow Sherbet 11 x OG Kush<\/strong> verleiht ihr auch eine ausgezeichnete Resistenz gegen g\u00e4ngige Sch\u00e4dlinge und Krankheiten, was sie insgesamt leicht zu handhaben macht.<\/p>\n\n\n\n<div style=\"height:50px\" aria-hidden=\"true\" class=\"wp-block-spacer uag-hide-mob\"><\/div>\n\n\n\n<div class=\"wp-block-columns is-layout-flex wp-container-core-columns-is-layout-28f84493 wp-block-columns-is-layout-flex\">\n<div class=\"wp-block-column is-layout-flow wp-block-column-is-layout-flow\">\n<p class=\"has-text-align-center has-medium-font-size\"><strong>Was wir am meisten m\u00f6gen<\/strong><\/p>\n\n\n\n<ul class=\"wp-block-list\">\n<li>Seine beeindruckende Produktion von dichten und harzigen Knospen.<\/li>\n\n\n\n<li>Inh\u00e4rente Resistenz gegen Sch\u00e4dlinge und Krankheiten, die den Bedarf an chemischen Mitteln reduziert.<\/li>\n<\/ul>\n<\/div>\n\n\n\n<div class=\"wp-block-column is-layout-flow wp-block-column-is-layout-flow\">\n<p class=\"has-text-align-center has-medium-font-size\"><strong>Was wir am wenigsten m\u00f6gen<\/strong><\/p>\n\n\n\n<ul class=\"wp-block-list\">\n<li>Man muss st\u00e4ndig auf das Klima und die Feuchtigkeit achten, besonders in weniger idealen Regionen.<\/li>\n\n\n\n<li>Der m\u00e4\u00dfige Schwierigkeitsgrad des Anbaus kann Anf\u00e4nger ohne Vorkenntnisse abschrecken.<\/li>\n<\/ul>\n<\/div>\n<\/div>\n\n\n\n<div style=\"height:50px\" aria-hidden=\"true\" class=\"wp-block-spacer uag-hide-mob\"><\/div>\n\n\n\n<h2 class=\"wp-block-heading\">H\u00e4ufig gestellte Fragen<\/h2>\n\n\n\n<p>Im Folgenden findest du die Antworten auf die am h\u00e4ufigsten gestellten Fragen von Z\u00fcchtern, die an dieser Sorte interessiert sind:<\/p>\n\n\n<div id=\"rank-math-faq\" class=\"rank-math-block\">\n<div class=\"rank-math-list \">\n<div id=\"faq-question-1663029074962\" class=\"rank-math-list-item\">\n<h3 class=\"rank-math-question \">Ist Rainbow Sherbet 11 x OG Kush eine Sativa oder eine Indica?<\/h3>\n<div class=\"rank-math-answer \">\n\n<p><strong>Rainbow Sherbet 11 x OG Kush<\/strong> ist ein Hybrid mit <strong>70% Indica-<\/strong> und 30% <strong>Sativa-Dominanz<\/strong>. Das bedeutet, dass sie das Beste aus beiden Welten bietet, indem sie den zerebralen, erhebenden Rausch der Sativas mit dem entspannenden, beruhigenden K\u00f6rpergef\u00fchl der Indicas kombiniert.  <\/p>\n\n<\/div>\n<\/div>\n<div id=\"faq-question-1663029159933\" class=\"rank-math-list-item\">\n<h3 class=\"rank-math-question \">Wie hoch ist der THC- und CBD-Gehalt von Rainbow Sherbet 11 x OG Kush?<\/h3>\n<div class=\"rank-math-answer \">\n\n<p>Der <strong>THC-Gehalt<\/strong> von <strong>Rainbow Sherbet 11 x OG Kush<\/strong> liegt bei \u00fcber <strong>30%<\/strong> und bietet eine starke Wirkung, sowohl k\u00f6rperlich als auch geistig. Der <strong>CBD-Gehalt<\/strong> dieser Sorte ist gering, was zu den \u00fcberwiegend psychoaktiven Wirkungen beitr\u00e4gt.<\/p>\n\n<\/div>\n<\/div>\n<div id=\"faq-question-1663029165861\" class=\"rank-math-list-item\">\n<h3 class=\"rank-math-question \">Wie lange dauert es, bis Rainbow Sherbet 11 x OG Kush bl\u00fcht?<\/h3>\n<div class=\"rank-math-answer \">\n\n<p>Im Innenanbau ben\u00f6tigt <strong>Rainbow Sherbet 11 x OG Kush<\/strong> etwa <strong>63 Tage<\/strong>, um ihren Bl\u00fctezyklus abzuschlie\u00dfen. Im Freilandanbau ist sie <strong>Mitte bis Ende Oktober<\/strong> erntereif.<\/p>\n\n<\/div>\n<\/div>\n<div id=\"faq-question-1666780029954\" class=\"rank-math-list-item\">\n<h3 class=\"rank-math-question \">Ist Rainbow Sherbet 11 x OG Kush resistent gegen Sch\u00e4dlinge und Krankheiten?<\/h3>\n<div class=\"rank-math-answer \">\n\n<p>Ja, <strong>Rainbow Sherbet 11 x OG Kush<\/strong> zeigt eine ausgezeichnete Resistenz gegen h\u00e4ufige Sch\u00e4dlinge und Krankheiten wie Spinnmilben und Schimmel. Wir empfehlen jedoch, immer f\u00fcr eine gute Bel\u00fcftung und Feuchtigkeitskontrolle zu sorgen, um ein gesundes Wachstum zu gew\u00e4hrleisten.<\/p>\n\n<\/div>\n<\/div>\n<\/div>\n<\/div>","protected":false},"excerpt":{"rendered":"<p><b>Rainbow Sherbet 11 x OG Kush<\/b> vereint das Beste von <b>Rainbow Sherbet 11<\/b> und <b>OG Kush<\/b> und bietet einen starken <b>THC-Gehalt von 30%<\/b> mit dichten Knospen, <strong>s\u00fc\u00dfen und fruchtigen Aromen<\/strong> und einem ausgewogenen Rausch, der <strong>k\u00f6rperliche Entspannung mit geistiger Kreativit\u00e4t<\/strong> verbindet. Entdecke dieses wahre Wunderwerk!<\/p>\n","protected":false},"featured_media":24173,"comment_status":"open","ping_status":"closed","template":"","meta":{"_acf_changed":false,"inline_featured_image":false,"_uag_custom_page_level_css":""},"product_brand":[],"product_cat":[1097],"product_tag":[],"class_list":{"0":"post-24190","1":"product","2":"type-product","3":"status-publish","4":"has-post-thumbnail","6":"product_cat-feminisierte-cannabis-samen","8":"first","9":"instock","10":"taxable","11":"shipping-taxable","12":"purchasable","13":"product-type-simple"},"acf":[],"uagb_featured_image_src":{"full":["https:\/\/bulkgenetics.com\/wp-content\/uploads\/2024\/05\/rainbow-sherbet-11-x-og-kush-weed-strain.jpg",1600,1600,false],"thumbnail":["https:\/\/bulkgenetics.com\/wp-content\/uploads\/2024\/05\/rainbow-sherbet-11-x-og-kush-weed-strain-150x150.jpg",150,150,true],"medium":["https:\/\/bulkgenetics.com\/wp-content\/uploads\/2024\/05\/rainbow-sherbet-11-x-og-kush-weed-strain-300x300.jpg",300,300,true],"medium_large":["https:\/\/bulkgenetics.com\/wp-content\/uploads\/2024\/05\/rainbow-sherbet-11-x-og-kush-weed-strain-768x768.jpg",768,768,true],"large":["https:\/\/bulkgenetics.com\/wp-content\/uploads\/2024\/05\/rainbow-sherbet-11-x-og-kush-weed-strain-1024x1024.jpg",1024,1024,true],"1536x1536":["https:\/\/bulkgenetics.com\/wp-content\/uploads\/2024\/05\/rainbow-sherbet-11-x-og-kush-weed-strain-1536x1536.jpg",1536,1536,true],"2048x2048":["https:\/\/bulkgenetics.com\/wp-content\/uploads\/2024\/05\/rainbow-sherbet-11-x-og-kush-weed-strain.jpg",1600,1600,false],"commercegurus-pdp-large":["https:\/\/bulkgenetics.com\/wp-content\/uploads\/2024\/05\/rainbow-sherbet-11-x-og-kush-weed-strain-990x990.jpg",990,990,true],"commercegurus-plp-mobile":["https:\/\/bulkgenetics.com\/wp-content\/uploads\/2024\/05\/rainbow-sherbet-11-x-og-kush-weed-strain-441x441.jpg",441,441,true],"cgkit_image_swatch":["https:\/\/bulkgenetics.com\/wp-content\/uploads\/2024\/05\/rainbow-sherbet-11-x-og-kush-weed-strain-100x100.jpg",100,100,true],"woocommerce_thumbnail":["https:\/\/bulkgenetics.com\/wp-content\/uploads\/2024\/05\/rainbow-sherbet-11-x-og-kush-weed-strain-300x300.jpg",300,300,true],"woocommerce_single":["https:\/\/bulkgenetics.com\/wp-content\/uploads\/2024\/05\/rainbow-sherbet-11-x-og-kush-weed-strain-800x800.jpg",800,800,true],"woocommerce_gallery_thumbnail":["https:\/\/bulkgenetics.com\/wp-content\/uploads\/2024\/05\/rainbow-sherbet-11-x-og-kush-weed-strain-150x150.jpg",150,150,true],"dgwt-wcas-product-suggestion":["https:\/\/bulkgenetics.com\/wp-content\/uploads\/2024\/05\/rainbow-sherbet-11-x-og-kush-weed-strain-64x64.jpg",64,64,true]},"uagb_author_info":{"display_name":"\u00c1ngel Flores","author_link":"https:\/\/bulkgenetics.com\/de\/author\/"},"uagb_comment_info":0,"uagb_excerpt":"Rainbow Sherbet 11 x OG Kush vereint das Beste von Rainbow Sherbet 11 und OG Kush und bietet einen starken THC-Gehalt von 30% mit dichten Knospen, s\u00fc\u00dfen und fruchtigen Aromen und einem ausgewogenen Rausch, der k\u00f6rperliche Entspannung mit geistiger Kreativit\u00e4t verbindet. Entdecke dieses wahre Wunderwerk!","_links":{"self":[{"href":"https:\/\/bulkgenetics.com\/de\/wp-json\/wp\/v2\/product\/24190","targetHints":{"allow":["GET"]}}],"collection":[{"href":"https:\/\/bulkgenetics.com\/de\/wp-json\/wp\/v2\/product"}],"about":[{"href":"https:\/\/bulkgenetics.com\/de\/wp-json\/wp\/v2\/types\/product"}],"replies":[{"embeddable":true,"href":"https:\/\/bulkgenetics.com\/de\/wp-json\/wp\/v2\/comments?post=24190"}],"wp:featuredmedia":[{"embeddable":true,"href":"https:\/\/bulkgenetics.com\/de\/wp-json\/wp\/v2\/media\/24173"}],"wp:attachment":[{"href":"https:\/\/bulkgenetics.com\/de\/wp-json\/wp\/v2\/media?parent=24190"}],"wp:term":[{"taxonomy":"product_brand","embeddable":true,"href":"https:\/\/bulkgenetics.com\/de\/wp-json\/wp\/v2\/product_brand?post=24190"},{"taxonomy":"product_cat","embeddable":true,"href":"https:\/\/bulkgenetics.com\/de\/wp-json\/wp\/v2\/product_cat?post=24190"},{"taxonomy":"product_tag","embeddable":true,"href":"https:\/\/bulkgenetics.com\/de\/wp-json\/wp\/v2\/product_tag?post=24190"}],"curies":[{"name":"wp","href":"https:\/\/api.w.org\/{rel}","templated":true}]}}