{"id":24324,"date":"2024-05-15T13:32:16","date_gmt":"2024-05-15T11:32:16","guid":{"rendered":"https:\/\/bulkgenetics.com\/?post_type=product&#038;p=24324"},"modified":"2024-10-08T01:08:47","modified_gmt":"2024-10-07T23:08:47","slug":"cherry-punch","status":"publish","type":"product","link":"https:\/\/bulkgenetics.com\/de\/cherry-punch\/","title":{"rendered":"Cherry Punch"},"content":{"rendered":"\n<p><strong>Cherry Punch<\/strong> ist eine Marihuanasorte, die ihre Wurzeln in der Genetik von zwei starken Sorten hat: <strong>Cherry AK-47<\/strong> und <strong>Purple Punch F2<\/strong>. Dieser Sativa-Indica-Hybrid (50\/50) macht keine halben Sachen, wenn es um Geschmack und Wirkung geht. Auch bekannt als Black Cherry Punch, ist diese Sorte <strong>eine echte Kirschexplosion mit jedem Zug<\/strong>.<\/p>\n\n\n\n<p>Diese Pflanze zeichnet sich durch ihre dichten, runden, mintgr\u00fcnen Knospen mit violetten und orangen Farbt\u00f6nen aus. Auch die Bl\u00e4tter haben tief violette Farbt\u00f6ne, die einen auff\u00e4lligen Kontrast zu den d\u00fcnnen bernsteinfarbenen Haaren und einer Schicht winziger, leuchtend wei\u00dfer Trichome bilden. Sie ist eine Pflanze, die ohne Zweifel in jeder Kultur die Aufmerksamkeit auf sich zieht.<\/p>\n\n\n\n<p>Die Konsumenten von Cherry Punch loben oft sein <strong>reichhaltiges und fruchtiges Aroma<\/strong> mit einem Hauch von Skunk und betonen auch seinen s\u00fc\u00dfen und komplexen Geschmack. Das Aussehen ihrer Knospen und die perfekte Balance zwischen Sativa und Indica machen sie zu einem Favoriten f\u00fcr Anf\u00e4nger und erfahrene Z\u00fcchter gleicherma\u00dfen.<\/p>\n\n\n\n<h2 class=\"wp-block-heading\">Geschmack und Wirkung<\/h2>\n\n\n\n<p>Der <strong>Geschmack<\/strong> von Cherry Punch ist eine Reise f\u00fcr die Sinne. Stell dir eine Mischung aus Kirsch-, Trauben- und Blaubeerbonbons vor, alles mit einem Hauch von Skunk, der mit jedem Zug intensiver wird. Einige Nutzer haben seinen Geschmack als \u00e4hnlich wie Kool-Aid beschrieben, mit frischen und fruchtigen Noten, die unwiderstehlich sind.<\/p>\n\n\n\n<p>Das <strong>Aroma<\/strong> ist ebenso beeindruckend, mit starken Noten von sauren und s\u00fc\u00dfen Beeren. Beim R\u00e4uchern setzt Cherry Punch ein Aroma frei, das sowohl stechend als auch k\u00f6stlich fruchtig ist und die Atmosph\u00e4re mit einem Duft erf\u00fcllt, der zum Entspannen und Genie\u00dfen einl\u00e4dt.<\/p>\n\n\n\n<p>Was die <strong>Effekte<\/strong> angeht, entt\u00e4uscht Cherry Punch nicht. Mit einem <strong>THC-Gehalt von 23-24%<\/strong> liefert diese Sorte einen schnellen Kick der Euphorie und des zerebralen Wohlbefindens, der dich in einen gl\u00fcckseligen, unkonzentrierten Geisteszustand versetzt. Es ist ideal f\u00fcr alle, die Stress und \u00c4ngste abbauen wollen, oder einfach f\u00fcr alle, die einen unbeschwerten Tag genie\u00dfen wollen. Die k\u00f6rperliche Entspannung, die dieses mentale High begleitet, h\u00e4lt dich in der Spur, w\u00e4hrend du einen leichten Hungeranfall genie\u00dft.<\/p>\n\n\n\n<p>Cherry Punch kann auch ein Verb\u00fcndeter bei der Bek\u00e4mpfung von <strong>Depressionen, Augendruck und Schlaflosigkeit<\/strong> sein. Die Kombination aus geistiger Klarheit und k\u00f6rperlicher Entspannung hilft dabei, einzuschlafen und den Stress des Alltags zu lindern &#8211; die perfekte Wahl f\u00fcr einen Wellness-Nachmittag oder ein erholsames Nickerchen.<\/p>\n\n\n\n<h2 class=\"wp-block-heading\">Produktion und Bl\u00fctezeit<\/h2>\n\n\n\n<p><strong>Cherry Punch<\/strong> zeichnet sich nicht nur durch ihren Geschmack und ihre Wirkung aus, sondern auch durch ihre gro\u00dfz\u00fcgigen Ertr\u00e4ge und ihre kurze Bl\u00fctezeit, was sie zu einer ausgezeichneten Wahl f\u00fcr Anbauer aller Stufen macht.<\/p>\n\n\n\n<p><strong>Im Innenbereich<\/strong> kann Cherry Punch bis zu <strong>500 Gramm pro Quadratmeter<\/strong> erbringen und bietet eine reiche Ernte an dichten, harzigen Knospen. Die Bl\u00fctezeit in Innenr\u00e4umen betr\u00e4gt etwa <strong>8-9 Wochen<\/strong>, so dass die Z\u00fcchter schnelle und effiziente Ergebnisse erzielen k\u00f6nnen.<\/p>\n\n\n\n<p>F\u00fcr diejenigen, die den Anbau <strong>im Freien<\/strong> bevorzugen, kann Cherry Punch mit einem Ertrag von bis zu <strong>900 Gramm pro Pflanze<\/strong> angenehm \u00fcberraschen. Diese Sorte bl\u00fcht im Freiland je nach Klima und Anbaubedingungen etwa Mitte bis Ende Oktober. Die Pflanze ist gut an verschiedene Anbautechniken angepasst, wie z. B. das Beschneiden oder Pf\u00e4hlen, um ihr Ertragspotenzial zu maximieren.<\/p>\n\n\n\n<p>Dank des einfachen Anbaus und der beeindruckenden Ertr\u00e4ge ist Cherry Punch die ideale Wahl sowohl f\u00fcr kommerzielle Anbauer, die ihre Produktion maximieren wollen, als auch f\u00fcr Hobbyg\u00e4rtner, die eine reiche, qualitativ hochwertige Ernte genie\u00dfen wollen.<\/p>\n\n\n\n<h2 class=\"wp-block-heading\">Wie man Kirschkerne anbaut<\/h2>\n\n\n\n<p>Beim Anbau von Cherry Punch empfehlen wir, einige besondere Merkmale dieser Sorte zu beachten, um den besten Ertrag und die beste Qualit\u00e4t der Ernte zu gew\u00e4hrleisten.<\/p>\n\n\n\n<p>Cherry Punch ist eine pflegeleichte Pflanze, die sowohl f\u00fcr Anf\u00e4nger als auch f\u00fcr erfahrene Z\u00fcchter geeignet ist. Seine robuste Struktur und seine allgemeine St\u00e4rke machen ihn zu einer zuverl\u00e4ssigen Wahl in jedem Garten.<\/p>\n\n\n\n<p>Diese Sorte gedeiht in gem\u00e4\u00dfigten und sonnigen Klimazonen. In Innenr\u00e4umen profitiert sie von einer kontrollierten Umgebung mit guter Luftzirkulation und konstanten Temperaturen zwischen 20-26\u00b0C. Um ihr Potenzial zu maximieren, empfehlen wir, sie zu beschneiden und zu staken, um die Lichtdurchl\u00e4ssigkeit zu verbessern und die schweren Knospen w\u00e4hrend der Bl\u00fcte zu unterst\u00fctzen.<\/p>\n\n\n\n<p>Cherry Punch zeigt eine bemerkenswerte Widerstandsf\u00e4higkeit gegen g\u00e4ngige Cannabissch\u00e4dlinge und -krankheiten, was sie f\u00fcr viele Anbauer zu einem unschlagbaren Produkt macht. Aber wie bei jeder Pflanze hilft eine saubere und gut bel\u00fcftete Umgebung, Probleme zu vermeiden und gesunde Pflanzen zu erhalten.<\/p>\n\n\n\n<div style=\"height:50px\" aria-hidden=\"true\" class=\"wp-block-spacer uag-hide-mob\"><\/div>\n\n\n\n<div class=\"wp-block-columns is-layout-flex wp-container-core-columns-is-layout-28f84493 wp-block-columns-is-layout-flex\">\n<div class=\"wp-block-column is-layout-flow wp-block-column-is-layout-flow\">\n<p class=\"has-text-align-center has-medium-font-size\"><strong>Was wir am meisten m\u00f6gen<\/strong><\/p>\n\n\n\n<ul class=\"wp-block-list\">\n<li>Er hat einen s\u00fc\u00dfen und fruchtigen Geschmack mit einem Hauch von Kirsche und Skunk.<\/li>\n\n\n\n<li>Die ausgewogene Mischung aus geistigen und k\u00f6rperlichen Effekten.<\/li>\n\n\n\n<li>Hohe Produktion sowohl im Innen- als auch im Au\u00dfenbereich.<\/li>\n\n\n\n<li>Einfacher Anbau und Sch\u00e4dlingsresistenz.<\/li>\n<\/ul>\n<\/div>\n\n\n\n<div class=\"wp-block-column is-layout-flow wp-block-column-is-layout-flow\">\n<p class=\"has-text-align-center has-medium-font-size\"><strong>Was wir am wenigsten m\u00f6gen<\/strong><\/p>\n\n\n\n<ul class=\"wp-block-list\">\n<li>Der stechende Geruch kann eine Herausforderung f\u00fcr die Tarnung sein.<\/li>\n\n\n\n<li>Es kann zu starkem Hunger f\u00fchren, was vielleicht nicht f\u00fcr jeden ideal ist.<\/li>\n<\/ul>\n<\/div>\n<\/div>\n\n\n\n<div style=\"height:50px\" aria-hidden=\"true\" class=\"wp-block-spacer uag-hide-mob\"><\/div>\n\n\n\n<h2 class=\"wp-block-heading\">H\u00e4ufig gestellte Fragen<\/h2>\n\n\n\n<p>Im Folgenden findest du die Antworten auf die am h\u00e4ufigsten gestellten Fragen von Z\u00fcchtern, die an dieser Sorte interessiert sind:<\/p>\n\n\n<div id=\"rank-math-faq\" class=\"rank-math-block\">\n<div class=\"rank-math-list \">\n<div id=\"faq-question-1663029074962\" class=\"rank-math-list-item\">\n<h3 class=\"rank-math-question \">Ist Cherry Punch eine Indica oder eine Sativa?<\/h3>\n<div class=\"rank-math-answer \">\n\n<p>Cherry Punch ist eine ausgewogene 50% Sativa\/50% Indica-Hybridsorte, die das Beste aus beiden Welten vereint und ein umfassendes Erlebnis bietet, das den Geist erhebt und den K\u00f6rper entspannt.<\/p>\n\n<\/div>\n<\/div>\n<div id=\"faq-question-1663029159933\" class=\"rank-math-list-item\">\n<h3 class=\"rank-math-question \">Wie hoch ist der THC- und CBD-Gehalt von Cherry Punch?<\/h3>\n<div class=\"rank-math-answer \">\n\n<p>Cherry Punch hat einen hohen THC-Gehalt, der zwischen 23% und 24% liegt. Diese starke Konzentration sorgt f\u00fcr eine euphorisierende und entspannende Wirkung. Der CBD-Gehalt ist minimal, was bedeutet, dass die Wirkung eher psychoaktiv als therapeutisch ist.<\/p>\n\n<\/div>\n<\/div>\n<div id=\"faq-question-1663029165861\" class=\"rank-math-list-item\">\n<h3 class=\"rank-math-question \">Wie schmeckt und riecht der Kirschpunsch?<\/h3>\n<div class=\"rank-math-answer \">\n\n<p>Der Geschmack von Cherry Punch ist eine s\u00fc\u00dfe und fruchtige Mischung aus Kirsche, Traube und Blaubeere, mit einem Hauch von Skunk. Sein Aroma ist ebenso komplex, mit Noten von sauren und s\u00fc\u00dfen Beeren, die die Luft mit einem intensiven und k\u00f6stlichen Duft erf\u00fcllen.<\/p>\n\n<\/div>\n<\/div>\n<div id=\"faq-question-1666780029954\" class=\"rank-math-list-item\">\n<h3 class=\"rank-math-question \">Ist Cherry Punch f\u00fcr Anbauanf\u00e4nger geeignet?<\/h3>\n<div class=\"rank-math-answer \">\n\n<p>Ja, Cherry Punch ist eine leicht anbaubare Sorte, ideal f\u00fcr Anf\u00e4nger. Ihre Resistenz gegen Sch\u00e4dlinge und Krankheiten sowie ihre F\u00e4higkeit, sich an verschiedene Anbautechniken anzupassen, machen sie zu einer ausgezeichneten Wahl f\u00fcr diejenigen, die gerade erst in die Welt des Cannabisanbaus einsteigen.<\/p>\n\n<\/div>\n<\/div>\n<div id=\"faq-question-1713349304979\" class=\"rank-math-list-item\">\n<h3 class=\"rank-math-question \">Wann bl\u00fcht die Cherry Punch?<\/h3>\n<div class=\"rank-math-answer \">\n\n<p>Im Innenbereich hat Cherry Punch eine Bl\u00fctezeit von etwa 8-9 Wochen. Im Freien bl\u00fcht sie Mitte bis Ende Oktober, je nach Klima und Wachstumsbedingungen.<\/p>\n\n<\/div>\n<\/div>\n<div id=\"faq-question-1713349338638\" class=\"rank-math-list-item\">\n<h3 class=\"rank-math-question \">Welche klimatischen Bedingungen sind f\u00fcr den Anbau von Cherry Punch am besten geeignet?<\/h3>\n<div class=\"rank-math-answer \">\n\n<p>Cherry Punch gedeiht in gem\u00e4\u00dfigten, sonnigen Klimazonen. Eine konstante Temperatur zwischen 20-26\u00b0C und eine gute Luftzirkulation sind der Schl\u00fcssel zu einer optimalen Ernte.<\/p>\n\n<\/div>\n<\/div>\n<\/div>\n<\/div>","protected":false},"excerpt":{"rendered":"<p><b>Cherry Punch<\/b> bietet mit ihrer ausgewogenen Hybridgenetik (50% Sativa\/50% Indica) eine Explosion von<strong> fruchtigem Kirschgeschmack und potenten Wirkungen<\/strong>. Diese <strong>leicht anbaubare<\/strong> Sorte ist ideal, um Stress und \u00c4ngste abzubauen und verspricht sowohl drinnen als auch drau\u00dfen <strong>reiche Ernten<\/strong>. Entdecke seine unwiderstehliche Mischung aus Kirsche und skunk!<\/p>\n","protected":false},"featured_media":24308,"comment_status":"open","ping_status":"closed","template":"","meta":{"_acf_changed":false,"inline_featured_image":false,"_uag_custom_page_level_css":""},"product_brand":[],"product_cat":[1097],"product_tag":[],"class_list":{"0":"post-24324","1":"product","2":"type-product","3":"status-publish","4":"has-post-thumbnail","6":"product_cat-feminisierte-cannabis-samen","8":"first","9":"instock","10":"taxable","11":"shipping-taxable","12":"purchasable","13":"product-type-simple"},"acf":[],"uagb_featured_image_src":{"full":["https:\/\/bulkgenetics.com\/wp-content\/uploads\/2024\/05\/cherry-punch-strain-weed-feminized-seeds.jpg",1600,1600,false],"thumbnail":["https:\/\/bulkgenetics.com\/wp-content\/uploads\/2024\/05\/cherry-punch-strain-weed-feminized-seeds-150x150.jpg",150,150,true],"medium":["https:\/\/bulkgenetics.com\/wp-content\/uploads\/2024\/05\/cherry-punch-strain-weed-feminized-seeds-300x300.jpg",300,300,true],"medium_large":["https:\/\/bulkgenetics.com\/wp-content\/uploads\/2024\/05\/cherry-punch-strain-weed-feminized-seeds-768x768.jpg",768,768,true],"large":["https:\/\/bulkgenetics.com\/wp-content\/uploads\/2024\/05\/cherry-punch-strain-weed-feminized-seeds-1024x1024.jpg",1024,1024,true],"1536x1536":["https:\/\/bulkgenetics.com\/wp-content\/uploads\/2024\/05\/cherry-punch-strain-weed-feminized-seeds-1536x1536.jpg",1536,1536,true],"2048x2048":["https:\/\/bulkgenetics.com\/wp-content\/uploads\/2024\/05\/cherry-punch-strain-weed-feminized-seeds.jpg",1600,1600,false],"commercegurus-pdp-large":["https:\/\/bulkgenetics.com\/wp-content\/uploads\/2024\/05\/cherry-punch-strain-weed-feminized-seeds-990x990.jpg",990,990,true],"commercegurus-plp-mobile":["https:\/\/bulkgenetics.com\/wp-content\/uploads\/2024\/05\/cherry-punch-strain-weed-feminized-seeds-441x441.jpg",441,441,true],"cgkit_image_swatch":["https:\/\/bulkgenetics.com\/wp-content\/uploads\/2024\/05\/cherry-punch-strain-weed-feminized-seeds-100x100.jpg",100,100,true],"woocommerce_thumbnail":["https:\/\/bulkgenetics.com\/wp-content\/uploads\/2024\/05\/cherry-punch-strain-weed-feminized-seeds-300x300.jpg",300,300,true],"woocommerce_single":["https:\/\/bulkgenetics.com\/wp-content\/uploads\/2024\/05\/cherry-punch-strain-weed-feminized-seeds-800x800.jpg",800,800,true],"woocommerce_gallery_thumbnail":["https:\/\/bulkgenetics.com\/wp-content\/uploads\/2024\/05\/cherry-punch-strain-weed-feminized-seeds-150x150.jpg",150,150,true],"dgwt-wcas-product-suggestion":["https:\/\/bulkgenetics.com\/wp-content\/uploads\/2024\/05\/cherry-punch-strain-weed-feminized-seeds-64x64.jpg",64,64,true]},"uagb_author_info":{"display_name":"\u00c1ngel Flores","author_link":"https:\/\/bulkgenetics.com\/de\/author\/"},"uagb_comment_info":0,"uagb_excerpt":"Cherry Punch bietet mit ihrer ausgewogenen Hybridgenetik (50% Sativa\/50% Indica) eine Explosion von fruchtigem Kirschgeschmack und potenten Wirkungen. Diese leicht anbaubare Sorte ist ideal, um Stress und \u00c4ngste abzubauen und verspricht sowohl drinnen als auch drau\u00dfen reiche Ernten. Entdecke seine unwiderstehliche Mischung aus Kirsche und skunk!","_links":{"self":[{"href":"https:\/\/bulkgenetics.com\/de\/wp-json\/wp\/v2\/product\/24324","targetHints":{"allow":["GET"]}}],"collection":[{"href":"https:\/\/bulkgenetics.com\/de\/wp-json\/wp\/v2\/product"}],"about":[{"href":"https:\/\/bulkgenetics.com\/de\/wp-json\/wp\/v2\/types\/product"}],"replies":[{"embeddable":true,"href":"https:\/\/bulkgenetics.com\/de\/wp-json\/wp\/v2\/comments?post=24324"}],"wp:featuredmedia":[{"embeddable":true,"href":"https:\/\/bulkgenetics.com\/de\/wp-json\/wp\/v2\/media\/24308"}],"wp:attachment":[{"href":"https:\/\/bulkgenetics.com\/de\/wp-json\/wp\/v2\/media?parent=24324"}],"wp:term":[{"taxonomy":"product_brand","embeddable":true,"href":"https:\/\/bulkgenetics.com\/de\/wp-json\/wp\/v2\/product_brand?post=24324"},{"taxonomy":"product_cat","embeddable":true,"href":"https:\/\/bulkgenetics.com\/de\/wp-json\/wp\/v2\/product_cat?post=24324"},{"taxonomy":"product_tag","embeddable":true,"href":"https:\/\/bulkgenetics.com\/de\/wp-json\/wp\/v2\/product_tag?post=24324"}],"curies":[{"name":"wp","href":"https:\/\/api.w.org\/{rel}","templated":true}]}}