{"id":24426,"date":"2024-05-20T12:29:24","date_gmt":"2024-05-20T10:29:24","guid":{"rendered":"https:\/\/bulkgenetics.com\/?post_type=product&#038;p=24426"},"modified":"2024-10-08T01:08:47","modified_gmt":"2024-10-07T23:08:47","slug":"rainmaker","status":"publish","type":"product","link":"https:\/\/bulkgenetics.com\/de\/rainmaker\/","title":{"rendered":"Rainmaker"},"content":{"rendered":"\n<p>Die <strong>Rainmaker<\/strong> ist ein echtes Juwel, das sehr ber\u00fchmt f\u00fcr seine Potenz, seinen Geschmack und seinen beeindruckenden Ertrag ist. Diese Sorte, die in Colorado geboren wurde, ist das Ergebnis der Kreuzung von <strong>Citral Skunk<\/strong> mit <strong>Mandarin Sunset<\/strong>, wodurch eine Genetik entstand, die die Herzen und K\u00f6pfe aller Arten von Z\u00fcchtern erobert.<\/p>\n\n\n\n<p>Die Pflanzen der <strong>Rainmaker<\/strong> wachsen mit sehr gutem Wuchs und k\u00f6nnen eine betr\u00e4chtliche H\u00f6he erreichen, was sie ideal f\u00fcr den Au\u00dfenbereich macht. Die Knospen sind von einem tiefen Waldgr\u00fcn, rund und dicht, geschm\u00fcckt mit einer gro\u00dfen Menge an klebrigen und gl\u00e4nzenden Harzkristallen. Zarte orangefarbene Haare vervollst\u00e4ndigen dieses perfekte Bild. Z\u00fcchter, die das Gl\u00fcck hatten, diese <strong>Samen<\/strong> zu pflanzen, berichten von gro\u00dfen Pflanzen und au\u00dfergew\u00f6hnlichen Ertr\u00e4gen, mit Ernten, die das Auge und den Geist erfreuen.<\/p>\n\n\n\n<h2 class=\"wp-block-heading\">Geschmack und Wirkung<\/h2>\n\n\n\n<p>Die <strong>Rainmaker<\/strong> besticht durch ein charakteristisches Terpenprofil, das von starken Noten von <strong><a href=\"https:\/\/bulkgenetics.com\/de\/skunk-1\/\">Skunk<\/a><\/strong>, <strong>Zitrusfr\u00fcchten<\/strong> und <strong>K\u00e4se<\/strong> dominiert wird. Diese intensiven Aromen vereinen sich zu einem einzigartigen Erlebnis, ideal f\u00fcr Liebhaber komplexer Aromen aus der alten Schule.<\/p>\n\n\n\n<p>Beim Konsum erzeugt die <strong>Rainmaker<\/strong> Sorte eine Wirkung, die zuerst im Kopf zu sp\u00fcren ist und eine Euphorie und Gl\u00fcckseligkeit ausl\u00f6st, die schwer zu verbergen ist. Dieser Rausch wird von einem tiefen Gef\u00fchl der Entspannung begleitet, perfekt f\u00fcr den Nachmittag oder Abend. Au\u00dferdem induziert sie einen heftigen Hunger und eine Schl\u00e4frigkeit, die dazu einladen, Snacks zur Hand und ein Bett in der N\u00e4he zu haben.<\/p>\n\n\n\n<p>Die Intensit\u00e4t dieser Effekte kann variieren, da ihr <strong>THC<\/strong>-Gehalt zwischen 17% und 32% schwankt, was sie sowohl f\u00fcr gelegentliche Nutzer als auch f\u00fcr die erfahrensten geeignet macht. Das <strong>CBD<\/strong> ist in minimalen Mengen vorhanden, sodass das THC der unangefochtene Protagonist des Erlebnisses bleibt. Als medizinisches Marihuana berichten die Konsumenten von Vorteilen bei der Behandlung von Depressionen, Schmerzen oder Angstzust\u00e4nden.<\/p>\n\n\n\n<h2 class=\"wp-block-heading\">Produktion und Bl\u00fctezeit<\/h2>\n\n\n\n<p>Die <strong>Rainmaker<\/strong> zeichnet sich nicht nur durch ihre starken Effekte und ihren unvergleichlichen Geschmack aus, sondern auch durch ihre gro\u00dfartige Produktion. In Innenr\u00e4umen kann diese Sorte mehr als 700 Gramm pro m\u00b2 produzieren, was sie zu einer ausgezeichneten Wahl f\u00fcr diejenigen macht, die die h\u00f6chsten Ertr\u00e4ge anstreben.<\/p>\n\n\n\n<p>Z\u00fcchter, die sich entscheiden, <strong>Rainmaker Samen<\/strong> im Freien zu pflanzen, werden ebenfalls mit robusten Pflanzen und reichlich Bl\u00fcten belohnt, die mehr als ein Kilo pro Pflanze \u00fcbersteigen k\u00f6nnen. Es sollte beachtet werden, dass diese Pflanzen ziemlich hoch wachsen k\u00f6nnen und ausreichend Platz und Sonne ben\u00f6tigen, um sich voll zu entwickeln.<\/p>\n\n\n\n<p>Was die Bl\u00fctezeit betrifft, so ist die <strong>Rainmaker<\/strong> relativ schnell. In Innenr\u00e4umen liegt ihre Bl\u00fctezeit je nach Ph\u00e4notyp zwischen 55 und 70 Tagen. Im Freien sind die Pflanzen in der Regel zwischen Ende September und Anfang Oktober erntebereit, abh\u00e4ngig von Klima und Anbaubedingungen.<\/p>\n\n\n\n<p>Wenn du planst, diese <strong>Cannabissorte<\/strong> anzubauen, solltest du ihre Gr\u00f6\u00dfe und ihren Platzbedarf ber\u00fccksichtigen. Sie ist nicht die beste Wahl f\u00fcr beengte R\u00e4ume oder niedrige Decken. Mit der richtigen Pflege und optimalen Bedingungen wird diese Sorte jedoch mit dichten, harzigen Knospen von au\u00dfergew\u00f6hnlicher Qualit\u00e4t belohnen.<\/p>\n\n\n\n<h2 class=\"wp-block-heading\">Wie man Rainmaker anbaut<\/h2>\n\n\n\n<p>Der Anbau der <strong>Rainmaker<\/strong> ist eine lohnende Erfahrung f\u00fcr Z\u00fcchter aller Niveaus, obwohl sie aufgrund ihrer Gr\u00f6\u00dfe und ihres Wachstums f\u00fcr Anf\u00e4nger einige Herausforderungen darstellen kann. Diese Sorte ist ideal f\u00fcr diejenigen, die etwas Erfahrung im Cannabisanbau haben und bereit sind, eine schnell wachsende und reichlich gedeihende Pflanze zu handhaben.<\/p>\n\n\n\n<p>F\u00fcr die besten Ergebnisse empfehlen wir, die <strong>Rainmaker<\/strong> in einem warmen und sonnigen Klima anzubauen. Diese Sorte gedeiht unter Bedingungen, in denen sie viel Licht erhalten kann, sei es drinnen mit Lampen oder drau\u00dfen unter direkter Sonneneinstrahlung. Stelle sicher, dass du gen\u00fcgend vertikalen Platz hast, da die Pflanzen ziemlich hoch wachsen k\u00f6nnen.<\/p>\n\n\n\n<p>Die <strong>Rainmaker<\/strong> ist ziemlich resistent gegen Sch\u00e4dlinge und Krankheiten, was ihre Handhabung in verschiedenen Umgebungen erleichtert. Wie bei jedem Anbau ist es jedoch wichtig, gute Hygienema\u00dfnahmen und \u00dcberwachung zu praktizieren, um m\u00f6gliche Probleme zu verhindern. Halte den Anbaubereich sauber und gut bel\u00fcftet, \u00fcberpr\u00fcfe regelm\u00e4\u00dfig die Pflanzen auf Anzeichen von Stress oder Befall und verwende Pr\u00e4ventivma\u00dfnahmen wie Kaliseife, Neem\u00f6l oder Diatomeenerde.<\/p>\n\n\n\n<div class=\"wp-block-columns is-layout-flex wp-container-core-columns-is-layout-28f84493 wp-block-columns-is-layout-flex\">\n<div class=\"wp-block-column is-layout-flow wp-block-column-is-layout-flow\">\n<p class=\"has-text-align-center has-medium-font-size\"><strong>Was wir am meisten m\u00f6gen<\/strong><\/p>\n\n\n\n<ul class=\"wp-block-list\">\n<li>Reiche und schnelle Produktion.<\/li>\n\n\n\n<li>Einzigartiges und komplexes Geschmacksprofil mit Noten von Skunk, Zitrusfr\u00fcchten und K\u00e4se.<\/li>\n\n\n\n<li>Starke und ausgewogene Effekte, die Gl\u00fcck und Entspannung bieten.<\/li>\n\n\n\n<li>Hohe Resistenz gegen Sch\u00e4dlinge und Krankheiten.<\/li>\n<\/ul>\n<\/div>\n\n\n\n<div class=\"wp-block-column is-layout-flow wp-block-column-is-layout-flow\">\n<p class=\"has-text-align-center has-medium-font-size\"><strong>Was uns weniger gef\u00e4llt<\/strong><\/p>\n\n\n\n<ul class=\"wp-block-list\">\n<li>Erhebliche Gr\u00f6\u00dfe, nicht geeignet f\u00fcr enge R\u00e4ume.<\/li>\n\n\n\n<li>Starker Geschmack und Aroma, die nicht jedermanns Sache sind.<\/li>\n<\/ul>\n<\/div>\n<\/div>\n\n\n\n<div style=\"height:50px\" aria-hidden=\"true\" class=\"wp-block-spacer uag-hide-mob\"><\/div>\n\n\n\n<h2 class=\"wp-block-heading\">H\u00e4ufig gestellte Fragen<\/h2>\n\n\n\n<p>Im Folgenden findest du die Antworten auf die h\u00e4ufigsten Fragen, die Z\u00fcchter zu dieser Sorte haben:<\/p>\n\n\n<div id=\"rank-math-faq\" class=\"rank-math-block\">\n<div class=\"rank-math-list \">\n<div id=\"faq-question-1663029074962\" class=\"rank-math-list-item\">\n<h3 class=\"rank-math-question \">Ist Rainmaker sativa oder indica?<\/h3>\n<div class=\"rank-math-answer \">\n\n<p>Rainmaker ist eine Hybridsorte, die das perfekte Gleichgewicht zwischen Indica und Sativa bietet und ein umfassendes Erlebnis erm\u00f6glicht, das zu jeder Tageszeit genossen werden kann.<\/p>\n\n<\/div>\n<\/div>\n<div id=\"faq-question-1663029159933\" class=\"rank-math-list-item\">\n<h3 class=\"rank-math-question \">Wie hoch ist der THC-Gehalt von Rainmaker?<\/h3>\n<div class=\"rank-math-answer \">\n\n<p>Der THC-Gehalt von Rainmaker kann erheblich variieren, von 17% bis 32%, abh\u00e4ngig vom Ph\u00e4notyp und den Anbaubedingungen. Dies macht sie sowohl f\u00fcr gelegentliche Nutzer als auch f\u00fcr erfahrenere Konsumenten geeignet, die ein intensiveres Erlebnis suchen.<\/p>\n\n<\/div>\n<\/div>\n<div id=\"faq-question-1663029165861\" class=\"rank-math-list-item\">\n<h3 class=\"rank-math-question \">Wie lange dauert es, bis Rainmaker bl\u00fcht?<\/h3>\n<div class=\"rank-math-answer \">\n\n<p>Rainmaker hat eine relativ kurze Bl\u00fctezeit, zwischen 55 und 70 Tagen in Innenr\u00e4umen. Im Freien sind die Pflanzen in der Regel zwischen Ende September und Anfang Oktober erntereif. Diese schnelle Bl\u00fctezeit, zusammen mit ihrem hohen Ertrag, macht sie zu einer attraktiven Option f\u00fcr Z\u00fcchter, die h\u00e4ufige und reichliche Ernten suchen.<\/p>\n\n<\/div>\n<\/div>\n<div id=\"faq-question-1666780029954\" class=\"rank-math-list-item\">\n<h3 class=\"rank-math-question \">Welches Klima ist ideal f\u00fcr den Anbau von Rainmaker?<\/h3>\n<div class=\"rank-math-answer \">\n\n<p>Rainmaker gedeiht besonders gut in warmen und sonnigen Klimazonen. Wenn du dich entscheidest, sie im Freien anzubauen, stelle sicher, dass sie gen\u00fcgend Sonnenstunden und Platz zum Wachsen hat, da sie eine betr\u00e4chtliche H\u00f6he erreichen kann. In Innenr\u00e4umen, sorge f\u00fcr ausreichend Licht und halte eine gut bel\u00fcftete Umgebung aufrecht, um Feuchtigkeitsprobleme und Sch\u00e4dlinge zu vermeiden.<\/p>\n\n<\/div>\n<\/div>\n<div id=\"faq-question-1713349304979\" class=\"rank-math-list-item\">\n<h3 class=\"rank-math-question \">Welche Geschmacksrichtungen und Aromen hat Rainmaker?<\/h3>\n<div class=\"rank-math-answer \">\n\n<p>Rainmaker zeichnet sich durch ihr einzigartiges Terpenprofil aus, mit dominanten Noten von Skunk, Zitrusfr\u00fcchten und K\u00e4se. Dieses Geschmacks- und Aromaprofil ist intensiv und komplex und bietet ein reichhaltiges sensorisches Erlebnis, das von Liebhabern von Sorten mit starken und markanten Aromen sehr gesch\u00e4tzt wird.<\/p>\n\n<\/div>\n<\/div>\n<div id=\"faq-question-1716197778573\" class=\"rank-math-list-item\">\n<h3 class=\"rank-math-question \">Ist Rainmaker resistent gegen Sch\u00e4dlinge und Krankheiten?<\/h3>\n<div class=\"rank-math-answer \">\n\n<p>Ja, Rainmaker ist ziemlich resistent gegen Sch\u00e4dlinge und Krankheiten, was sie in verschiedenen Anbaubedingungen leichter handhabbar macht. Es ist jedoch immer wichtig, gute Hygienema\u00dfnahmen beizubehalten und t\u00e4gliche Kontrollen durchzuf\u00fchren, um sicherzustellen, dass die Pflanzen gesund und frei von Problemen bleiben.<\/p>\n\n<\/div>\n<\/div>\n<\/div>\n<\/div>","protected":false},"excerpt":{"rendered":"<p><b>Rainmaker<\/b> ist eine potente Indica\/Sativa-Sorte, die die besten Eigenschaften von Citral Skunk und Mandarin Sunset kombiniert. Mit einem <strong>THC-Gehalt von bis zu 32%<\/strong> und einem einzigartigen Geschmack nach <strong>Skunk, Zitrusfr\u00fcchten und K\u00e4se<\/strong> ist diese ertragreiche Pflanze ideal f\u00fcr diejenigen, die <strong>reiche Ernten und euphorische sowie entspannende Effekte<\/strong> suchen.<\/p>\n","protected":false},"featured_media":24545,"comment_status":"open","ping_status":"closed","template":"","meta":{"_acf_changed":false,"inline_featured_image":false,"_uag_custom_page_level_css":""},"product_brand":[],"product_cat":[1097],"product_tag":[],"class_list":{"0":"post-24426","1":"product","2":"type-product","3":"status-publish","4":"has-post-thumbnail","6":"product_cat-feminisierte-cannabis-samen","8":"first","9":"instock","10":"taxable","11":"shipping-taxable","12":"purchasable","13":"product-type-simple"},"acf":[],"uagb_featured_image_src":{"full":["https:\/\/bulkgenetics.com\/wp-content\/uploads\/2024\/05\/rainmaker-strain-weed-feminized-seeds.jpg",1600,1600,false],"thumbnail":["https:\/\/bulkgenetics.com\/wp-content\/uploads\/2024\/05\/rainmaker-strain-weed-feminized-seeds-150x150.jpg",150,150,true],"medium":["https:\/\/bulkgenetics.com\/wp-content\/uploads\/2024\/05\/rainmaker-strain-weed-feminized-seeds-300x300.jpg",300,300,true],"medium_large":["https:\/\/bulkgenetics.com\/wp-content\/uploads\/2024\/05\/rainmaker-strain-weed-feminized-seeds-768x768.jpg",768,768,true],"large":["https:\/\/bulkgenetics.com\/wp-content\/uploads\/2024\/05\/rainmaker-strain-weed-feminized-seeds-1024x1024.jpg",1024,1024,true],"1536x1536":["https:\/\/bulkgenetics.com\/wp-content\/uploads\/2024\/05\/rainmaker-strain-weed-feminized-seeds-1536x1536.jpg",1536,1536,true],"2048x2048":["https:\/\/bulkgenetics.com\/wp-content\/uploads\/2024\/05\/rainmaker-strain-weed-feminized-seeds.jpg",1600,1600,false],"commercegurus-pdp-large":["https:\/\/bulkgenetics.com\/wp-content\/uploads\/2024\/05\/rainmaker-strain-weed-feminized-seeds-990x990.jpg",990,990,true],"commercegurus-plp-mobile":["https:\/\/bulkgenetics.com\/wp-content\/uploads\/2024\/05\/rainmaker-strain-weed-feminized-seeds-441x441.jpg",441,441,true],"cgkit_image_swatch":["https:\/\/bulkgenetics.com\/wp-content\/uploads\/2024\/05\/rainmaker-strain-weed-feminized-seeds-100x100.jpg",100,100,true],"woocommerce_thumbnail":["https:\/\/bulkgenetics.com\/wp-content\/uploads\/2024\/05\/rainmaker-strain-weed-feminized-seeds-300x300.jpg",300,300,true],"woocommerce_single":["https:\/\/bulkgenetics.com\/wp-content\/uploads\/2024\/05\/rainmaker-strain-weed-feminized-seeds-800x800.jpg",800,800,true],"woocommerce_gallery_thumbnail":["https:\/\/bulkgenetics.com\/wp-content\/uploads\/2024\/05\/rainmaker-strain-weed-feminized-seeds-150x150.jpg",150,150,true],"dgwt-wcas-product-suggestion":["https:\/\/bulkgenetics.com\/wp-content\/uploads\/2024\/05\/rainmaker-strain-weed-feminized-seeds-64x64.jpg",64,64,true]},"uagb_author_info":{"display_name":"\u00c1ngel Flores","author_link":"https:\/\/bulkgenetics.com\/de\/author\/"},"uagb_comment_info":0,"uagb_excerpt":"Rainmaker ist eine potente Indica\/Sativa-Sorte, die die besten Eigenschaften von Citral Skunk und Mandarin Sunset kombiniert. Mit einem THC-Gehalt von bis zu 32% und einem einzigartigen Geschmack nach Skunk, Zitrusfr\u00fcchten und K\u00e4se ist diese ertragreiche Pflanze ideal f\u00fcr diejenigen, die reiche Ernten und euphorische sowie entspannende Effekte suchen.","_links":{"self":[{"href":"https:\/\/bulkgenetics.com\/de\/wp-json\/wp\/v2\/product\/24426","targetHints":{"allow":["GET"]}}],"collection":[{"href":"https:\/\/bulkgenetics.com\/de\/wp-json\/wp\/v2\/product"}],"about":[{"href":"https:\/\/bulkgenetics.com\/de\/wp-json\/wp\/v2\/types\/product"}],"replies":[{"embeddable":true,"href":"https:\/\/bulkgenetics.com\/de\/wp-json\/wp\/v2\/comments?post=24426"}],"wp:featuredmedia":[{"embeddable":true,"href":"https:\/\/bulkgenetics.com\/de\/wp-json\/wp\/v2\/media\/24545"}],"wp:attachment":[{"href":"https:\/\/bulkgenetics.com\/de\/wp-json\/wp\/v2\/media?parent=24426"}],"wp:term":[{"taxonomy":"product_brand","embeddable":true,"href":"https:\/\/bulkgenetics.com\/de\/wp-json\/wp\/v2\/product_brand?post=24426"},{"taxonomy":"product_cat","embeddable":true,"href":"https:\/\/bulkgenetics.com\/de\/wp-json\/wp\/v2\/product_cat?post=24426"},{"taxonomy":"product_tag","embeddable":true,"href":"https:\/\/bulkgenetics.com\/de\/wp-json\/wp\/v2\/product_tag?post=24426"}],"curies":[{"name":"wp","href":"https:\/\/api.w.org\/{rel}","templated":true}]}}