{"id":24461,"date":"2024-05-20T15:49:48","date_gmt":"2024-05-20T13:49:48","guid":{"rendered":"https:\/\/bulkgenetics.com\/?post_type=product&#038;p=24461"},"modified":"2024-10-08T01:04:10","modified_gmt":"2024-10-07T23:04:10","slug":"g13-auto","status":"publish","type":"product","link":"https:\/\/bulkgenetics.com\/de\/g13-auto\/","title":{"rendered":"G13 Auto"},"content":{"rendered":"\n<p>Die <strong>G13 Auto<\/strong> ist ein Wunderwerk der Cannabisanbaugenetik, das aus einer Kreuzung zwischen der legend\u00e4ren afghanischen <strong><a href=\"https:\/\/bulkgenetics.com\/de\/g13\/\">G13<\/a><\/strong> und einer Ruderalis hervorgegangen ist. Diese magische Mischung hat eine \u00fcberwiegend indica-dominante autoflowering Sorte hervorgebracht, die sowohl durch ihren Geschmack als auch durch ihre starken Effekte besticht. Die G13, bekannt f\u00fcr ihren mysteri\u00f6sen Ursprung, Verschw\u00f6rungsgeschichten und ihre Verbindung zum FBI und zur CIA, wird in ihrer autoflowering Version zu einem noch zug\u00e4nglicheren Juwel.<\/p>\n\n\n\n<p>Dies ist eine kompakte und robuste Pflanze, die mit einer soliden Struktur w\u00e4chst und H\u00f6hen von 80 bis 120 cm erreicht. Ihre Bl\u00fcten sind sehr dicht und mit einer gl\u00e4nzenden Harzschicht bedeckt, die ihnen ein fast mond\u00e4hnliches Aussehen verleiht, als w\u00e4ren sie mit Kristallen \u00fcbers\u00e4t. Die Bl\u00fcten der <strong>G13 Auto<\/strong> sind eine visuelle Sinfonie aus tiefen Gr\u00fcnt\u00f6nen und einigen violetten Akzenten, die sich in einem Meer von funkelnden Trichomen abheben.<\/p>\n\n\n\n<h2 class=\"wp-block-heading\">Geschmack und Wirkung<\/h2>\n\n\n\n<p>Beim \u00d6ffnen eines Glases <strong>G13 Auto<\/strong> str\u00f6mt eine Explosion fruchtiger, krautiger und s\u00fc\u00dfer Aromen in die Sinne. Es ist wie ein Garten der K\u00f6stlichkeiten mit einem Hauch von frischer Minze und wilden Blumen. Das Rauchen dieser Sorte ist eine sanfte und angenehme Erfahrung, ein Rauch, der den Gaumen mit einer fruchtigen S\u00fc\u00dfe und einem krautigen Nachgeschmack streichelt, der in Erinnerung bleibt.<\/p>\n\n\n\n<p>Mit einem <strong>THC-Gehalt von 22% bis 24%<\/strong> verspricht die <strong>G13 Auto<\/strong> eine sehr potente und langanhaltende Reise. Der anf\u00e4ngliche Rausch ist fr\u00f6hlich und gespr\u00e4chig, ideal zum Sozialisieren oder einfach f\u00fcr eine gute Unterhaltung. Wenn sich die Wirkung setzt, h\u00fcllt eine Welle tiefer Entspannung den K\u00f6rper ein, perfekt zum Abschalten nach einem langen Tag. Es ist eine Sorte, die zu Gl\u00fcck und Gelassenheit einl\u00e4dt und jeden Moment in eine entspannende und angenehme Erfahrung verwandelt.<\/p>\n\n\n\n<p>Die <strong>G13 Auto<\/strong> ist nicht nur eine Option f\u00fcr Liebhaber des Geschmacks, sondern auch f\u00fcr diejenigen, die therapeutische Wirkungen suchen. Terpene wie <em>Borneol<\/em> und <em>Terpineol<\/em> f\u00fcgen zus\u00e4tzliche Eigenschaften hinzu und helfen bei Schlaflosigkeit, Schmerzen und Arthritis.<\/p>\n\n\n\n<h2 class=\"wp-block-heading\">Produktion und Bl\u00fctezeit<\/h2>\n\n\n\n<p>Die <strong>G13 Auto<\/strong> ist auch eine Meisterin der Produktion. Z\u00fcchter k\u00f6nnen sowohl drinnen als auch drau\u00dfen gro\u00dfz\u00fcgige und qualitativ sehr hochwertige Ernten erwarten.<\/p>\n\n\n\n<p>In Innenr\u00e4umen bl\u00fcht diese autoflowering Sorte in Rekordzeit von 8 bis 10 Wochen. Unter optimalen Bedingungen, wie angemessener Beleuchtung und kontrollierter Umgebung, kann die <strong>G13 Auto<\/strong> zwischen 450 und 500 Gramm Bl\u00fcten pro Quadratmeter produzieren. Mit den richtigen Anbautechniken, wie der Verwendung hochwertiger Substrate und der Aufrechterhaltung einer idealen relativen Luftfeuchtigkeit, k\u00f6nnen die Ertr\u00e4ge maximiert werden.<\/p>\n\n\n\n<p>Im Freien zeigt die <strong>G13 Auto<\/strong> ebenfalls ihre beeindruckende Produktionskapazit\u00e4t. Wenn sie in den Fr\u00fchlings- und Sommermonaten unter optimalen Bedingungen gepflanzt wird, kann jede Pflanze etwa 100 Gramm produzieren. Dank ihrer robusten und kompakten Natur ist diese Sorte perfekt f\u00fcr Z\u00fcchter, die ihre Au\u00dfenbereiche optimal nutzen m\u00f6chten.<\/p>\n\n\n\n<h2 class=\"wp-block-heading\">Wie man die G13 Auto anbaut<\/h2>\n\n\n\n<p>Die <strong>G13 Auto<\/strong> ist eine relativ einfach zu kultivierende Sorte, perfekt sowohl f\u00fcr Anf\u00e4nger als auch f\u00fcr erfahrene Z\u00fcchter. Sie ist ziemlich widerstandsf\u00e4hig und erfordert keine besondere Aufmerksamkeit, obwohl sie, wie jede andere Pflanze, auf die richtige Pflege am besten reagiert.<\/p>\n\n\n\n<p>Um die besten Ergebnisse zu erzielen, ist es wichtig, sie in einem gem\u00e4\u00dfigten und sonnigen Klima anzubauen. Beim Indoor-Anbau sollte eine angemessene Beleuchtung sichergestellt werden, vorzugsweise mit einem Lichtzyklus von 18\/6 oder 20\/4, um die Produktion zu maximieren. Im Freien bl\u00fcht die Pflanze am besten, wenn sie so viele Sonnenstunden wie m\u00f6glich erh\u00e4lt. Es ist auch entscheidend, w\u00e4hrend der vegetativen Phase eine relative Luftfeuchtigkeit von 55%-60% zu halten, diese w\u00e4hrend der Bl\u00fctezeit auf etwa 40% zu reduzieren und sie zur Erntezeit auf 30% zu senken.<\/p>\n\n\n\n<p>Die <strong>G13 Auto<\/strong> ist bekannt f\u00fcr ihre gute Resistenz gegen Sch\u00e4dlinge und Krankheiten, was sie zu einer idealen Wahl f\u00fcr diejenigen macht, die eine robuste und einfach zu handhabende Pflanze suchen. Dennoch empfehlen wir, auf Anzeichen von Problemen zu achten und vorbeugend zu behandeln, um eine gesunde und reichliche Ernte zu gew\u00e4hrleisten.<\/p>\n\n\n\n<p><strong>Was uns an der G13 Auto am meisten gef\u00e4llt:<\/strong><\/p>\n\n\n\n<ul class=\"wp-block-list\">\n<li>Au\u00dfergew\u00f6hnlich s\u00fc\u00dfer und fruchtiger Geschmack.<\/li>\n\n\n\n<li>Starke und entspannende Effekte mit hohem THC-Gehalt.<\/li>\n\n\n\n<li>Einfacher Anbau, ideal f\u00fcr Anf\u00e4nger.<\/li>\n\n\n\n<li>Widerstandsf\u00e4higkeit gegen Sch\u00e4dlinge und Krankheiten.<\/li>\n\n\n\n<li>Reichliche Ernten sowohl im Innen- als auch im Au\u00dfenbereich.<\/li>\n<\/ul>\n\n\n\n<p><strong>Was uns an der G13 Auto am wenigsten gef\u00e4llt:<\/strong><\/p>\n\n\n\n<ul class=\"wp-block-list\">\n<li>Kann eine sorgf\u00e4ltige Kontrolle der Luftfeuchtigkeit erfordern.<\/li>\n\n\n\n<li>Da sie eine kompakte Pflanze ist, kann sie eine gute Raumnutzung im Innenbereich erfordern.<\/li>\n<\/ul>\n\n\n\n<div style=\"height:50px\" aria-hidden=\"true\" class=\"wp-block-spacer uag-hide-mob\"><\/div>\n\n\n\n<div class=\"wp-block-columns is-layout-flex wp-container-core-columns-is-layout-28f84493 wp-block-columns-is-layout-flex\">\n<div class=\"wp-block-column is-layout-flow wp-block-column-is-layout-flow\">\n<p class=\"has-text-align-center has-medium-font-size\"><strong>Was uns am meisten gef\u00e4llt<\/strong><\/p>\n\n\n\n<ul class=\"wp-block-list\">\n<li>Au\u00dfergew\u00f6hnlich s\u00fc\u00dfer und fruchtiger Geschmack.<\/li>\n\n\n\n<li>Starke und entspannende Effekte mit hohem THC-Gehalt.<\/li>\n\n\n\n<li>Einfacher Anbau, ideal f\u00fcr Anf\u00e4nger.<\/li>\n\n\n\n<li>Widerstandsf\u00e4higkeit gegen Sch\u00e4dlinge und Krankheiten.<\/li>\n\n\n\n<li>Reichliche Ernten sowohl im Innen- als auch im Au\u00dfenbereich.<\/li>\n<\/ul>\n<\/div>\n\n\n\n<div class=\"wp-block-column is-layout-flow wp-block-column-is-layout-flow\">\n<p class=\"has-text-align-center has-medium-font-size\"><strong>Was uns am wenigsten gef\u00e4llt<\/strong><\/p>\n\n\n\n<ul class=\"wp-block-list\">\n<li>Kann eine sorgf\u00e4ltige Kontrolle der Luftfeuchtigkeit erfordern.<\/li>\n\n\n\n<li>Da sie eine kompakte Pflanze ist, kann sie eine gute Raumnutzung im Innenbereich erfordern.<\/li>\n<\/ul>\n<\/div>\n<\/div>\n\n\n\n<div style=\"height:50px\" aria-hidden=\"true\" class=\"wp-block-spacer uag-hide-mob\"><\/div>\n\n\n\n<h2 class=\"wp-block-heading\">H\u00e4ufig gestellte Fragen<\/h2>\n\n\n\n<p>Nachfolgend finden Sie die Antworten auf die h\u00e4ufigsten Fragen, die Z\u00fcchter zu dieser Genetik haben:<\/p>\n\n\n<div id=\"rank-math-faq\" class=\"rank-math-block\">\n<div class=\"rank-math-list \">\n<div id=\"faq-question-1663029074962\" class=\"rank-math-list-item\">\n<h3 class=\"rank-math-question \">Ist G13 Auto eine Sativa oder Indica?<\/h3>\n<div class=\"rank-math-answer \">\n\n<p>G13 Auto ist \u00fcberwiegend Indica mit entspannenden und sedierenden Effekten, ideal f\u00fcr das Ende des Tages. Es ist eine Sorte mit afghanischen Genen.<\/p>\n\n<\/div>\n<\/div>\n<div id=\"faq-question-1663029159933\" class=\"rank-math-list-item\">\n<h3 class=\"rank-math-question \">Wie lange dauert die Bl\u00fctezeit der G13 Auto?<\/h3>\n<div class=\"rank-math-answer \">\n\n<p>G13 Auto hat eine schnelle Bl\u00fctezeit und wird in insgesamt 8-10 Wochen geerntet. Dieser kurze Lebenszyklus erm\u00f6glicht es den Z\u00fcchtern, mehrere Ernten pro Jahr zu erzielen und jede Anbausaison optimal zu nutzen.<\/p>\n\n<\/div>\n<\/div>\n<div id=\"faq-question-1663029165861\" class=\"rank-math-list-item\">\n<h3 class=\"rank-math-question \">Wie viel Licht ben\u00f6tigt die G13 Auto?<\/h3>\n<div class=\"rank-math-answer \">\n\n<p>Um die Produktion zu maximieren, empfehlen wir einen Lichtzyklus von 18\/6 oder 20\/4 in Innenr\u00e4umen. Die G13 Auto kann mit nur 12 Stunden Licht pro Tag wachsen und bl\u00fchen, aber mehr Lichtstunden f\u00fchren in der Regel zu h\u00f6heren Ertr\u00e4gen und robusteren Pflanzen.<\/p>\n\n<\/div>\n<\/div>\n<div id=\"faq-question-1666780029954\" class=\"rank-math-list-item\">\n<h3 class=\"rank-math-question \">Welchen Geschmack und welches Aroma hat die G13 Auto?<\/h3>\n<div class=\"rank-math-answer \">\n\n<p>G13 Auto hat ein einzigartiges Geschmacksprofil, das fruchtige, krautige und s\u00fc\u00dfe Noten kombiniert. Ihr Aroma ist ebenso bezaubernd und erf\u00fcllt den Raum mit einem frischen, blumigen Duft, der durch Minznoten und einen s\u00fc\u00dfen Hintergrund erg\u00e4nzt wird, der die Sinne erfreut.<\/p>\n\n<\/div>\n<\/div>\n<div id=\"faq-question-1716216065739\" class=\"rank-math-list-item\">\n<h3 class=\"rank-math-question \">Wie keimen die Samen der G13 Auto?<\/h3>\n<div class=\"rank-math-answer \">\n\n<p>Um die Samen der G13 Auto zu keimen, empfehlen wir die K\u00fcchenpapiermethode. Legen Sie die Samen zwischen zwei feuchte K\u00fcchenpapierbl\u00e4tter und halten Sie sie an einem warmen und dunklen Ort. \u00dcberpr\u00fcfen Sie alle 4-6 Stunden, um sicherzustellen, dass das Papier feucht bleibt. Innerhalb von 24 bis 72 Stunden sollten Ihre Samen keimen und pflanzbereit sein.<\/p>\n\n<\/div>\n<\/div>\n<\/div>\n<\/div>","protected":false},"excerpt":{"rendered":"<p><b>G13 Auto<\/b> bietet ein unvergleichliches Erlebnis mit ihrer Mischung aus <strong>fruchtigen, krautigen und s\u00fc\u00dfen Aromen<\/strong> und ihrer starken entspannenden Wirkung. Mit einem <strong>THC-Gehalt von 22%-24%<\/strong> und schnellen Ernten in <strong>8-10 Wochen<\/strong> ist diese autoflowering Sorte perfekt f\u00fcr Anf\u00e4nger und erfahrene Z\u00fcchter.<\/p>\n","protected":false},"featured_media":24679,"comment_status":"open","ping_status":"closed","template":"","meta":{"_acf_changed":false,"inline_featured_image":false,"_uag_custom_page_level_css":""},"product_brand":[],"product_cat":[2114],"product_tag":[],"class_list":{"0":"post-24461","1":"product","2":"type-product","3":"status-publish","4":"has-post-thumbnail","6":"product_cat-autoflowering-cannabis-samen","8":"first","9":"instock","10":"taxable","11":"shipping-taxable","12":"purchasable","13":"product-type-simple"},"acf":[],"uagb_featured_image_src":{"full":["https:\/\/bulkgenetics.com\/wp-content\/uploads\/2024\/05\/g13-auto-autoflowering-seeds.jpg",1600,1600,false],"thumbnail":["https:\/\/bulkgenetics.com\/wp-content\/uploads\/2024\/05\/g13-auto-autoflowering-seeds-150x150.jpg",150,150,true],"medium":["https:\/\/bulkgenetics.com\/wp-content\/uploads\/2024\/05\/g13-auto-autoflowering-seeds-300x300.jpg",300,300,true],"medium_large":["https:\/\/bulkgenetics.com\/wp-content\/uploads\/2024\/05\/g13-auto-autoflowering-seeds-768x768.jpg",768,768,true],"large":["https:\/\/bulkgenetics.com\/wp-content\/uploads\/2024\/05\/g13-auto-autoflowering-seeds-1024x1024.jpg",1024,1024,true],"1536x1536":["https:\/\/bulkgenetics.com\/wp-content\/uploads\/2024\/05\/g13-auto-autoflowering-seeds-1536x1536.jpg",1536,1536,true],"2048x2048":["https:\/\/bulkgenetics.com\/wp-content\/uploads\/2024\/05\/g13-auto-autoflowering-seeds.jpg",1600,1600,false],"commercegurus-pdp-large":["https:\/\/bulkgenetics.com\/wp-content\/uploads\/2024\/05\/g13-auto-autoflowering-seeds-990x990.jpg",990,990,true],"commercegurus-plp-mobile":["https:\/\/bulkgenetics.com\/wp-content\/uploads\/2024\/05\/g13-auto-autoflowering-seeds-441x441.jpg",441,441,true],"cgkit_image_swatch":["https:\/\/bulkgenetics.com\/wp-content\/uploads\/2024\/05\/g13-auto-autoflowering-seeds-100x100.jpg",100,100,true],"woocommerce_thumbnail":["https:\/\/bulkgenetics.com\/wp-content\/uploads\/2024\/05\/g13-auto-autoflowering-seeds-300x300.jpg",300,300,true],"woocommerce_single":["https:\/\/bulkgenetics.com\/wp-content\/uploads\/2024\/05\/g13-auto-autoflowering-seeds-800x800.jpg",800,800,true],"woocommerce_gallery_thumbnail":["https:\/\/bulkgenetics.com\/wp-content\/uploads\/2024\/05\/g13-auto-autoflowering-seeds-150x150.jpg",150,150,true],"dgwt-wcas-product-suggestion":["https:\/\/bulkgenetics.com\/wp-content\/uploads\/2024\/05\/g13-auto-autoflowering-seeds-64x64.jpg",64,64,true]},"uagb_author_info":{"display_name":"\u00c1ngel Flores","author_link":"https:\/\/bulkgenetics.com\/de\/author\/"},"uagb_comment_info":0,"uagb_excerpt":"G13 Auto bietet ein unvergleichliches Erlebnis mit ihrer Mischung aus fruchtigen, krautigen und s\u00fc\u00dfen Aromen und ihrer starken entspannenden Wirkung. Mit einem THC-Gehalt von 22%-24% und schnellen Ernten in 8-10 Wochen ist diese autoflowering Sorte perfekt f\u00fcr Anf\u00e4nger und erfahrene Z\u00fcchter.","_links":{"self":[{"href":"https:\/\/bulkgenetics.com\/de\/wp-json\/wp\/v2\/product\/24461","targetHints":{"allow":["GET"]}}],"collection":[{"href":"https:\/\/bulkgenetics.com\/de\/wp-json\/wp\/v2\/product"}],"about":[{"href":"https:\/\/bulkgenetics.com\/de\/wp-json\/wp\/v2\/types\/product"}],"replies":[{"embeddable":true,"href":"https:\/\/bulkgenetics.com\/de\/wp-json\/wp\/v2\/comments?post=24461"}],"wp:featuredmedia":[{"embeddable":true,"href":"https:\/\/bulkgenetics.com\/de\/wp-json\/wp\/v2\/media\/24679"}],"wp:attachment":[{"href":"https:\/\/bulkgenetics.com\/de\/wp-json\/wp\/v2\/media?parent=24461"}],"wp:term":[{"taxonomy":"product_brand","embeddable":true,"href":"https:\/\/bulkgenetics.com\/de\/wp-json\/wp\/v2\/product_brand?post=24461"},{"taxonomy":"product_cat","embeddable":true,"href":"https:\/\/bulkgenetics.com\/de\/wp-json\/wp\/v2\/product_cat?post=24461"},{"taxonomy":"product_tag","embeddable":true,"href":"https:\/\/bulkgenetics.com\/de\/wp-json\/wp\/v2\/product_tag?post=24461"}],"curies":[{"name":"wp","href":"https:\/\/api.w.org\/{rel}","templated":true}]}}