{"id":24467,"date":"2024-05-20T15:14:07","date_gmt":"2024-05-20T13:14:07","guid":{"rendered":"https:\/\/bulkgenetics.com\/?post_type=product&#038;p=24467"},"modified":"2024-10-08T01:08:46","modified_gmt":"2024-10-07T23:08:46","slug":"amnesia-lemon-auto","status":"publish","type":"product","link":"https:\/\/bulkgenetics.com\/de\/amnesia-lemon-auto\/","title":{"rendered":"Amnesia Lemon Auto"},"content":{"rendered":"\n<p>Die <strong>Amnesia Lemon Auto<\/strong> ist ein genetisches Wunder, das durch die Kreuzung einer Mutterpflanze <strong><a href=\"https:\/\/bulkgenetics.com\/de\/amnesia-lemon\/\">Amnesia Lemon<\/a><\/strong>, die den <strong>Cannabis Cup<\/strong> 2004 gewonnen hat, und einer Ruderalis, die die Anbauzeit auf ein Minimum reduziert, entstanden ist.<\/p>\n\n\n\n<p>Die Pflanzen der <strong>Amnesia Lemon Auto<\/strong> sind kr\u00e4ftig und robust, ideal sowohl f\u00fcr Anf\u00e4nger als auch f\u00fcr erfahrene Z\u00fcchter. Im Freien k\u00f6nnen diese Sch\u00f6nheiten \u00fcber 1,2 Meter hoch werden und nehmen eine Tannenbaumstruktur mit einer langen Hauptcola und starken Seitenzweigen an. Ihre Knospen sind gro\u00df, dicht und voller Harz und verstr\u00f6men ein unwiderstehliches Zitronenaroma.<\/p>\n\n\n\n<p>Im Innenbereich ist ihr Wachstum dank ihres <strong>Skunk<\/strong>-Erbes besser handhabbar, obwohl Sie immer noch einige Trainingstechniken wie <strong>SCROG<\/strong> oder <strong>Super Cropping<\/strong> ben\u00f6tigen, um ihre H\u00f6he zu kontrollieren. Z\u00fcchter lieben sie nicht nur wegen ihrer einfachen Kultivierung, sondern auch wegen ihres hohen Ertrags. Im Freien k\u00f6nnen die Ertr\u00e4ge leicht \u00fcber 120 Gramm pro Pflanze liegen, w\u00e4hrend sie im Innenbereich zwischen 500 und 550 Gramm pro Quadratmeter liegen.<\/p>\n\n\n\n<h2 class=\"wp-block-heading\">Geschmack und Wirkung<\/h2>\n\n\n\n<p>Der Geschmack der <strong>Amnesia Lemon Auto<\/strong> ist eine Zitrusexplosion im Gaumen. Ihre Knospen verstr\u00f6men ein intensives Zitronenaroma, gemischt mit Noten von frischen Kr\u00e4utern, Sandelholz und s\u00fc\u00dfen Bonbons. Beim Rauchen \u00fcbersetzt sich diese Symphonie der Aromen in ein unvergessliches Erlebnis, bei dem die Zitrone der unbestrittene Protagonist ist.<\/p>\n\n\n\n<p>Die Wirkungen dieser Sorte sind stark und ausgewogen. Mit einem <strong>THC<\/strong>-Gehalt von 12% bis 15% und fast keinem <strong>CBD<\/strong> bietet die <strong>Amnesia Lemon Auto<\/strong> einen psychoaktiven, fr\u00f6hlichen und bis zu einem gewissen Grad psychedelischen Beginn. Sie ist ideal f\u00fcr kreative Momente oder zum sozialen Austausch, da sie ein Gef\u00fchl von Euphorie und Energie induziert. Im Laufe der Zeit werden die Wirkungen entspannender und sorgen f\u00fcr eine k\u00f6rperliche Ruhe, die helfen kann, Muskelverspannungen und Stress zu lindern.<\/p>\n\n\n\n<p>Die Konsumenten sch\u00e4tzen diese Sorte sehr, da sie die k\u00f6rperlichen und geistigen Wirkungen ausbalancieren kann und so einen produktiven Nachmittag gefolgt von einem ruhigen Abend erm\u00f6glicht.<\/p>\n\n\n\n<h2 class=\"wp-block-heading\">Ertrag und Bl\u00fctezeit<\/h2>\n\n\n\n<p>Die <strong>Amnesia Lemon Auto<\/strong> ist eine sehr ertragreiche Sorte, sowohl im Innen- als auch im Au\u00dfenanbau. Im Freien kann diese Pflanze in einigen F\u00e4llen \u00fcber 120 cm hoch werden und zeigt eine robuste und kr\u00e4ftige Struktur. Die Ertr\u00e4ge k\u00f6nnen bei den gr\u00f6\u00dften Exemplaren \u00fcber 120 Gramm liegen.<\/p>\n\n\n\n<p>Im Innenbereich ist diese Sorte ebenso beeindruckend. Obwohl ihr <strong>Sativa<\/strong>-Erbe auf ein unkontrollierbares Wachstum hinweisen k\u00f6nnte, machen ihre <strong>Skunk<\/strong>-Gene sie anpassungsf\u00e4higer an begrenzte R\u00e4ume. Mit den richtigen Trainingstechniken bleibt ihre H\u00f6he beherrschbar. Die Ertr\u00e4ge im Innenbereich liegen normalerweise bei <strong>500-550 Gramm pro Quadratmeter<\/strong>, eine mehr als respektable Menge f\u00fcr jeden Z\u00fcchter.<\/p>\n\n\n\n<p>Was die Bl\u00fctezeit betrifft, ist die <strong>Amnesia Lemon Auto<\/strong> strain ziemlich schnell. Nach einer kurzen Wachstumsphase von 3-4 Wochen wird sie eine explosive Bl\u00fctephase beginnen und in insgesamt 12 Wochen bereit sein. Im Freien sind in Regionen mit trockenen Herbsten bis zu 3 aufeinanderfolgende Ernten m\u00f6glich.<\/p>\n\n\n\n<h2 class=\"wp-block-heading\">Wie man Amnesia Lemon Auto anbaut<\/h2>\n\n\n\n<p>Die <strong>Amnesia Lemon Auto<\/strong> ist eine der dankbarsten und einfachsten Sorten zu kultivieren. Sie ist ideal sowohl f\u00fcr Anf\u00e4nger als auch f\u00fcr erfahrene Z\u00fcchter. Ihre Widerstandsf\u00e4higkeit und Anpassungsf\u00e4higkeit machen sie zu einer vielseitigen Option f\u00fcr jede Art von Anbau.<\/p>\n\n\n\n<p>Um die besten Ergebnisse zu erzielen, empfehlen wir, sie in einem warmen und sonnigen Klima anzubauen, in einem Topf von mindestens 20 Litern und mit einem n\u00e4hrstoffreichen Substrat. Im Innenbereich ist es wichtig, ihr Wachstum mit Trainingstechniken zu kontrollieren, um sie handhabbar zu halten und eine gute Produktion zu gew\u00e4hrleisten.<\/p>\n\n\n\n<p>Einer der gr\u00f6\u00dften Vorteile der <strong>Amnesia Lemon Auto<\/strong> ist ihre Widerstandsf\u00e4higkeit gegen Sch\u00e4dlinge und Krankheiten. Mit der grundlegenden Pflege jedes Cannabisanbaus \u2013 gute Beleuchtung, ausreichende Wassermenge und hochwertige N\u00e4hrstoffe \u2013 wird diese Sorte ohne gr\u00f6\u00dfere Probleme gedeihen.<\/p>\n\n\n\n<p>Die Ernte ist schnell und gro\u00dfz\u00fcgig, was sie zu einer ausgezeichneten Wahl f\u00fcr diejenigen macht, die in kurzer Zeit hohe Ertr\u00e4ge suchen. Ihr genetisches Erbe verleiht ihr eine Robustheit, die nicht viel vom Z\u00fcchter verlangt, sodass man sich auf den Genuss des Prozesses und die Fr\u00fcchte seiner Arbeit konzentrieren kann.<\/p>\n\n\n\n<div style=\"height:50px\" aria-hidden=\"true\" class=\"wp-block-spacer uag-hide-mob\"><\/div>\n\n\n\n<div class=\"wp-block-columns is-layout-flex wp-container-core-columns-is-layout-28f84493 wp-block-columns-is-layout-flex\">\n<div class=\"wp-block-column is-layout-flow wp-block-column-is-layout-flow\">\n<p class=\"has-text-align-center has-medium-font-size\"><strong>Was uns am meisten gef\u00e4llt<\/strong><\/p>\n\n\n\n<ul class=\"wp-block-list\">\n<li>S\u00fc\u00dfer und fruchtiger Geschmack mit Kirsch- und Zitrusnoten.<\/li>\n\n\n\n<li>Starke und ausgewogene Effekte, ideal f\u00fcr Freizeit- und medizinischen Gebrauch.<\/li>\n\n\n\n<li>Ernte in 12 Wochen.<\/li>\n\n\n\n<li>Sehr entspannende und fr\u00f6hliche Effekte.<\/li>\n\n\n\n<li>Resistenz gegen N\u00e4hrstoffschwankungen und einfache Manik\u00fcre.<\/li>\n<\/ul>\n<\/div>\n\n\n\n<div class=\"wp-block-column is-layout-flow wp-block-column-is-layout-flow\">\n<p class=\"has-text-align-center has-medium-font-size\"><strong>Was uns am wenigsten gef\u00e4llt<\/strong><\/p>\n\n\n\n<ul class=\"wp-block-list\">\n<li>K\u00f6nnte etwas Erfahrung erfordern, um ihr volles Ertragspotenzial auszusch\u00f6pfen.<\/li>\n\n\n\n<li>Ben\u00f6tigt ein warmes und sonniges Klima, um im Freien ihre beste Leistung zu erbringen.<\/li>\n<\/ul>\n<\/div>\n<\/div>\n\n\n\n<div style=\"height:50px\" aria-hidden=\"true\" class=\"wp-block-spacer uag-hide-mob\"><\/div>\n\n\n\n<h2 class=\"wp-block-heading\">H\u00e4ufig gestellte Fragen<\/h2>\n\n\n\n<p>Nachfolgend finden Sie die Antworten auf die am h\u00e4ufigsten gestellten Fragen von Z\u00fcchtern, die an dieser Genetik interessiert sind:<\/p>\n\n\n<div id=\"rank-math-faq\" class=\"rank-math-block\">\n<div class=\"rank-math-list \">\n<div id=\"faq-question-1663029074962\" class=\"rank-math-list-item\">\n<h3 class=\"rank-math-question \">Ist Amnesia Lemon Auto Sativa oder Indica?<\/h3>\n<div class=\"rank-math-answer \">\n\n<p>Amnesia Lemon Auto ist ein Hybrid mit einer klaren Sativa-Dominanz, ideal f\u00fcr den t\u00e4glichen Gebrauch und kreative Aktivit\u00e4ten. Sie bietet eine ausgewogene Wirkung, die mit einer Sativa-Euphorie beginnt und mit einer Indica-Entspannung endet.<\/p>\n\n<\/div>\n<\/div>\n<div id=\"faq-question-1663029159933\" class=\"rank-math-list-item\">\n<h3 class=\"rank-math-question \">Wie hoch ist der THC-Gehalt von Amnesia Lemon Auto?<\/h3>\n<div class=\"rank-math-answer \">\n\n<p>Amnesia Lemon Auto hat einen <strong>THC<\/strong>-Gehalt, der zwischen 12% und 15% schwankt. Diese Menge sorgt f\u00fcr starke und ausgewogene Effekte, die ausreichend f\u00fcr ein intensives, aber handhabbares psychoaktives Erlebnis sind.<\/p>\n\n<\/div>\n<\/div>\n<div id=\"faq-question-1663029165861\" class=\"rank-math-list-item\">\n<h3 class=\"rank-math-question \">Wie lange dauert es, Amnesia Lemon Auto zu ernten?<\/h3>\n<div class=\"rank-math-answer \">\n\n<p>Amnesia Lemon Auto hat eine sehr schnelle Bl\u00fctezeit von etwa 8-9 Wochen. Insgesamt ist sie etwa 12 Wochen nach dem Pflanzdatum bereit f\u00fcr die Ernte.<\/p>\n\n<\/div>\n<\/div>\n<div id=\"faq-question-1666780029954\" class=\"rank-math-list-item\">\n<h3 class=\"rank-math-question \">Wie hoch ist der Ertrag von Amnesia Lemon Auto im Innen- und Au\u00dfenbereich?<\/h3>\n<div class=\"rank-math-answer \">\n\n<p>Amnesia Lemon Auto ist eine sehr ertragreiche Pflanze. Im Innenbereich kann sie bis zu 600 Gramm pro Quadratmeter produzieren, w\u00e4hrend sie im Au\u00dfenbereich zwischen 100 und 125 Gramm pro Pflanze liefern kann, vorausgesetzt, sie erh\u00e4lt ausreichendes Licht und N\u00e4hrstoffe.<\/p>\n\n<\/div>\n<\/div>\n<div id=\"faq-question-1716211116381\" class=\"rank-math-list-item\">\n<h3 class=\"rank-math-question \">Ist es schwierig, Amnesia Lemon Auto anzubauen?<\/h3>\n<div class=\"rank-math-answer \">\n\n<p>Nein, <strong>Amnesia Lemon Auto<\/strong> ist sehr einfach zu kultivieren. Sie ist widerstandsf\u00e4hig und erfordert keine intensive Pflege, was sie ideal f\u00fcr Anf\u00e4nger und erfahrene Z\u00fcchter macht. Sie braucht nur Sonne, Wasser und N\u00e4hrstoffe, um zu gedeihen.<\/p>\n\n<\/div>\n<\/div>\n<div id=\"faq-question-1716211133532\" class=\"rank-math-list-item\">\n<h3 class=\"rank-math-question \">Wie ist der Geschmack und das Aroma von Amnesia Lemon Auto?<\/h3>\n<div class=\"rank-math-answer \">\n\n<p>Der Geschmack und das Aroma der <strong>Amnesia Lemon Auto<\/strong> sind intensiv zitrusartig, mit dominanten Zitronennoten. Au\u00dferdem gibt es Ankl\u00e4nge an frische Kr\u00e4uter, Sandelholz und s\u00fc\u00dfe Bonbons, was ein komplexes und angenehmes sensorisches Erlebnis schafft.<\/p>\n\n<\/div>\n<\/div>\n<\/div>\n<\/div>","protected":false},"excerpt":{"rendered":"<p><b>Amnesia Lemon Auto<\/b> ist die perfekte Wahl f\u00fcr diejenigen, die eine einfache und reichliche Ernte in <strong>weniger als 12 Wochen<\/strong> suchen. Mit einem intensiven <strong>Zitronengeschmack und ausgewogenen Effekten<\/strong> zeichnet sich diese Sorte durch ihre Kraft, Widerstandsf\u00e4higkeit und Produktion von harzigen Knospen aus. Nutzen Sie dieses zitronige Wunder!<\/p>\n","protected":false},"featured_media":24663,"comment_status":"open","ping_status":"closed","template":"","meta":{"_acf_changed":false,"inline_featured_image":false,"_uag_custom_page_level_css":""},"product_brand":[],"product_cat":[2114],"product_tag":[],"class_list":{"0":"post-24467","1":"product","2":"type-product","3":"status-publish","4":"has-post-thumbnail","6":"product_cat-autoflowering-cannabis-samen","8":"first","9":"instock","10":"taxable","11":"shipping-taxable","12":"purchasable","13":"product-type-simple"},"acf":[],"uagb_featured_image_src":{"full":["https:\/\/bulkgenetics.com\/wp-content\/uploads\/2024\/05\/amnesia-lemon-auto-autoflowering-cannabis-seeds.jpg",1600,1600,false],"thumbnail":["https:\/\/bulkgenetics.com\/wp-content\/uploads\/2024\/05\/amnesia-lemon-auto-autoflowering-cannabis-seeds-150x150.jpg",150,150,true],"medium":["https:\/\/bulkgenetics.com\/wp-content\/uploads\/2024\/05\/amnesia-lemon-auto-autoflowering-cannabis-seeds-300x300.jpg",300,300,true],"medium_large":["https:\/\/bulkgenetics.com\/wp-content\/uploads\/2024\/05\/amnesia-lemon-auto-autoflowering-cannabis-seeds-768x768.jpg",768,768,true],"large":["https:\/\/bulkgenetics.com\/wp-content\/uploads\/2024\/05\/amnesia-lemon-auto-autoflowering-cannabis-seeds-1024x1024.jpg",1024,1024,true],"1536x1536":["https:\/\/bulkgenetics.com\/wp-content\/uploads\/2024\/05\/amnesia-lemon-auto-autoflowering-cannabis-seeds-1536x1536.jpg",1536,1536,true],"2048x2048":["https:\/\/bulkgenetics.com\/wp-content\/uploads\/2024\/05\/amnesia-lemon-auto-autoflowering-cannabis-seeds.jpg",1600,1600,false],"commercegurus-pdp-large":["https:\/\/bulkgenetics.com\/wp-content\/uploads\/2024\/05\/amnesia-lemon-auto-autoflowering-cannabis-seeds-990x990.jpg",990,990,true],"commercegurus-plp-mobile":["https:\/\/bulkgenetics.com\/wp-content\/uploads\/2024\/05\/amnesia-lemon-auto-autoflowering-cannabis-seeds-441x441.jpg",441,441,true],"cgkit_image_swatch":["https:\/\/bulkgenetics.com\/wp-content\/uploads\/2024\/05\/amnesia-lemon-auto-autoflowering-cannabis-seeds-100x100.jpg",100,100,true],"woocommerce_thumbnail":["https:\/\/bulkgenetics.com\/wp-content\/uploads\/2024\/05\/amnesia-lemon-auto-autoflowering-cannabis-seeds-300x300.jpg",300,300,true],"woocommerce_single":["https:\/\/bulkgenetics.com\/wp-content\/uploads\/2024\/05\/amnesia-lemon-auto-autoflowering-cannabis-seeds-800x800.jpg",800,800,true],"woocommerce_gallery_thumbnail":["https:\/\/bulkgenetics.com\/wp-content\/uploads\/2024\/05\/amnesia-lemon-auto-autoflowering-cannabis-seeds-150x150.jpg",150,150,true],"dgwt-wcas-product-suggestion":["https:\/\/bulkgenetics.com\/wp-content\/uploads\/2024\/05\/amnesia-lemon-auto-autoflowering-cannabis-seeds-64x64.jpg",64,64,true]},"uagb_author_info":{"display_name":"\u00c1ngel Flores","author_link":"https:\/\/bulkgenetics.com\/de\/author\/"},"uagb_comment_info":0,"uagb_excerpt":"Amnesia Lemon Auto ist die perfekte Wahl f\u00fcr diejenigen, die eine einfache und reichliche Ernte in weniger als 12 Wochen suchen. Mit einem intensiven Zitronengeschmack und ausgewogenen Effekten zeichnet sich diese Sorte durch ihre Kraft, Widerstandsf\u00e4higkeit und Produktion von harzigen Knospen aus. Nutzen Sie dieses zitronige Wunder!","_links":{"self":[{"href":"https:\/\/bulkgenetics.com\/de\/wp-json\/wp\/v2\/product\/24467","targetHints":{"allow":["GET"]}}],"collection":[{"href":"https:\/\/bulkgenetics.com\/de\/wp-json\/wp\/v2\/product"}],"about":[{"href":"https:\/\/bulkgenetics.com\/de\/wp-json\/wp\/v2\/types\/product"}],"replies":[{"embeddable":true,"href":"https:\/\/bulkgenetics.com\/de\/wp-json\/wp\/v2\/comments?post=24467"}],"wp:featuredmedia":[{"embeddable":true,"href":"https:\/\/bulkgenetics.com\/de\/wp-json\/wp\/v2\/media\/24663"}],"wp:attachment":[{"href":"https:\/\/bulkgenetics.com\/de\/wp-json\/wp\/v2\/media?parent=24467"}],"wp:term":[{"taxonomy":"product_brand","embeddable":true,"href":"https:\/\/bulkgenetics.com\/de\/wp-json\/wp\/v2\/product_brand?post=24467"},{"taxonomy":"product_cat","embeddable":true,"href":"https:\/\/bulkgenetics.com\/de\/wp-json\/wp\/v2\/product_cat?post=24467"},{"taxonomy":"product_tag","embeddable":true,"href":"https:\/\/bulkgenetics.com\/de\/wp-json\/wp\/v2\/product_tag?post=24467"}],"curies":[{"name":"wp","href":"https:\/\/api.w.org\/{rel}","templated":true}]}}