{"id":24470,"date":"2024-05-20T13:26:50","date_gmt":"2024-05-20T11:26:50","guid":{"rendered":"https:\/\/bulkgenetics.com\/?post_type=product&#038;p=24470"},"modified":"2024-10-08T01:08:47","modified_gmt":"2024-10-07T23:08:47","slug":"purple-thai","status":"publish","type":"product","link":"https:\/\/bulkgenetics.com\/de\/purple-thai\/","title":{"rendered":"Purple Thai"},"content":{"rendered":"\n<p><strong>Purple Thai<\/strong> ist eine legend\u00e4re Sorte, auch bekannt als Oregon Purple Thai. Sie kombiniert das Beste aus zwei der ber\u00fchmtesten Sativa-Genetiken, n\u00e4mlich <strong>Oaxacan Gold<\/strong> und <strong>Chocolate Thai<\/strong> (aus einer Kreuzung von Chocolate Thai x <a href=\"https:\/\/bulkgenetics.com\/de\/cannalope-haze\/\">Cannalope Haze<\/a> entstand die Chocolope). Dieses sativadominierte Hybrid (80 % Sativa \/ 20 % Indica) bietet eine einzigartige und starke Erfahrung, die sowohl Z\u00fcchter als auch erfahrene Konsumenten anzieht.<\/p>\n\n\n\n<p>Die Pflanzen der Purple Thai zeichnen sich durch ihre gro\u00dfen, luftigen Bl\u00fcten aus, die typisch f\u00fcr gute Sativas sind. Sie haben eine waldgr\u00fcne Farbe mit dunklen violetten Nuancen, die das Auge fesseln. Die Bl\u00fcten haben die Form von Popcorn, bedeckt mit einer dicken Schicht wei\u00dfer und milchiger Trichome, die ihnen ein frostiges Aussehen verleihen. Kleine, intensiv orangefarbene H\u00e4rchen ragen zwischen den minzgr\u00fcnen Bl\u00e4ttern hervor und vervollst\u00e4ndigen das beeindruckende visuelle Spektakel.<\/p>\n\n\n\n<h2 class=\"wp-block-heading\">Geschmack und Wirkung<\/h2>\n\n\n\n<p>Das Aroma der <strong>Purple Thai<\/strong> ist eine k\u00f6stliche Mischung aus Erde und Beeren mit einem \u00fcberraschenden Hauch von Kaffee und Schokolade. Beim Brechen der Bl\u00fcten entfaltet sich ein starker schokoladiger Kaffeegeruch, der ihren exquisiten Geschmack vorwegnimmt. Beim Konsum erinnert der Geschmack von N\u00fcssen und Schokolade mit einem Hauch von Kaffee an einen Haselnussmilchkaffee mit Schokoladensirup. Beim Verdampfen kann man zudem einen feinen w\u00fcrzigen Beerengeschmack wahrnehmen, der ihrem Profil eine weitere Komplexit\u00e4tsschicht hinzuf\u00fcgt.<\/p>\n\n\n\n<p>Die Wirkung der Purple Thai ist ebenso beeindruckend wie ihr Geschmack. Mit einem THC-Gehalt von 20 % bis 23 % setzt der Rausch fast sofort ein und sorgt f\u00fcr einen schwindelerregenden, psychedelischen H\u00f6henflug. Dieser energetische und motivierende Schub kann f\u00fcr Anf\u00e4nger \u00fcberw\u00e4ltigend sein, aber f\u00fcr erfahrene Konsumenten \u00f6ffnet er die T\u00fcr zu Kreativit\u00e4t und Euphorie. Sie ist ideal zur Behandlung von chronischer M\u00fcdigkeit, moderater Depression, chronischen Schmerzen und Stress, wird jedoch nicht f\u00fcr Personen mit einer Neigung zu Angstzust\u00e4nden oder PTBS empfohlen.<\/p>\n\n\n\n<h2 class=\"wp-block-heading\">Ertrag und Bl\u00fctezeit<\/h2>\n\n\n\n<p>Die <strong>Purple Thai<\/strong> ist eine Sorte, die nicht nur durch ihre Wirkung und ihren Geschmack beeindruckt, sondern auch durch ihren hervorragenden Ertrag. In Innenr\u00e4umen hat diese Pflanze eine Bl\u00fctezeit von etwa 11 bis 13 Wochen. W\u00e4hrend dieser Zeit entwickelt sie dichte und harzige Bl\u00fcten mit wundersch\u00f6nen violetten T\u00f6nen, die bei milden Temperaturen noch intensiver werden.<\/p>\n\n\n\n<p>Beim Anbau im Freien bevorzugt die Purple Thai tropische und warme Klimazonen mit etwas Feuchtigkeit. Die Ernte ist in der Regel Ende Oktober bereit, zu diesem Zeitpunkt zeigen die Pflanzen ihre volle Pracht mit gro\u00dfen, luftigen Bl\u00fcten, die charakteristisch f\u00fcr diese Sorte sind. Unter optimalen Bedingungen k\u00f6nnen die Z\u00fcchter mit einer \u00fcberdurchschnittlichen Ernte rechnen, was die Purple Thai zu einer attraktiven Wahl f\u00fcr diejenigen macht, die eine hohe Produktion suchen.<\/p>\n\n\n\n<h2 class=\"wp-block-heading\">Wie man Purple Thai anbaut<\/h2>\n\n\n\n<p><strong>Purple Thai<\/strong> Strain ist eine relativ einfach zu kultivierende Sorte, was sie zu einer hervorragenden Wahl f\u00fcr Z\u00fcchter mit mittlerem Erfahrungsniveau macht. Sie erfordert etwas Erfahrung, um ihr volles Potenzial auszusch\u00f6pfen, belohnt aber mit einem reichlichen Ertrag und hochwertigen Bl\u00fcten. F\u00fcr diejenigen, die eine robuste und produktive Pflanze suchen, ist die Purple Thai eine Wahl, die nicht entt\u00e4uscht.<\/p>\n\n\n\n<p>Diese Sorte bevorzugt tropische und warme Klimazonen mit etwas Feuchtigkeit, um zu gedeihen. In Innenr\u00e4umen ist es wichtig, eine kontrollierte Umgebung mit guter Bel\u00fcftung und konstanten Temperaturen aufrechtzuerhalten, um die bestm\u00f6gliche Entwicklung zu gew\u00e4hrleisten. Im Freien passt sich die Purple Thai gut an warme und sonnige Klimazonen an und bl\u00fcht in ihrer vollen Pracht, wenn die Bedingungen optimal sind.<\/p>\n\n\n\n<p>Die Widerstandsf\u00e4higkeit der Purple Thai gegen Sch\u00e4dlinge und Krankheiten ist bemerkenswert. Obwohl keine Pflanze v\u00f6llig immun ist, hat diese Sorte eine gute nat\u00fcrliche Widerstandsf\u00e4higkeit, die den Anbau erleichtert und die h\u00e4ufigen Probleme minimiert, die andere Sorten betreffen k\u00f6nnen. Trotzdem empfehlen wir, die Pflanzen genau zu \u00fcberwachen und gesunde Anbaupraktiken beizubehalten, um potenzielle Probleme zu verhindern.<\/p>\n\n\n\n<div class=\"wp-block-columns is-layout-flex wp-container-core-columns-is-layout-28f84493 wp-block-columns-is-layout-flex\">\n<div class=\"wp-block-column is-layout-flow wp-block-column-is-layout-flow\">\n<p class=\"has-text-align-center has-medium-font-size\"><strong>Was wir am meisten m\u00f6gen<\/strong><\/p>\n\n\n\n<ul class=\"wp-block-list\">\n<li>Hohe THC-Werte, die eine starke und euphorische Erfahrung bieten.<\/li>\n\n\n\n<li>Einzigartiger Geschmack von Schokolade und N\u00fcssen mit Ankl\u00e4ngen von Kaffee und Gew\u00fcrzen.<\/li>\n\n\n\n<li>Hervorragender Ertrag sowohl drinnen als auch drau\u00dfen.<\/li>\n\n\n\n<li>Nat\u00fcrliche Resistenz gegen Sch\u00e4dlinge und Krankheiten.<\/li>\n<\/ul>\n<\/div>\n\n\n\n<div class=\"wp-block-column is-layout-flow wp-block-column-is-layout-flow\">\n<p class=\"has-text-align-center has-medium-font-size\"><strong>Was wir am wenigsten m\u00f6gen<\/strong><\/p>\n\n\n\n<ul class=\"wp-block-list\">\n<li>K\u00f6nnte f\u00fcr Anf\u00e4nger zu stark sein.<\/li>\n\n\n\n<li>Ben\u00f6tigt ein warmes und feuchtes Klima, um ihr volles Potenzial im Freien zu erreichen.<\/li>\n<\/ul>\n<\/div>\n<\/div>\n\n\n\n<div style=\"height:50px\" aria-hidden=\"true\" class=\"wp-block-spacer uag-hide-mob\"><\/div>\n\n\n\n<h2 class=\"wp-block-heading\">H\u00e4ufig gestellte Fragen<\/h2>\n\n\n\n<p>Im Folgenden findest du die Antworten auf die h\u00e4ufigsten Fragen, die von Z\u00fcchtern, die an dieser Sorte interessiert sind, gestellt werden:<\/p>\n\n\n<div id=\"rank-math-faq\" class=\"rank-math-block\">\n<div class=\"rank-math-list \">\n<div id=\"faq-question-1663029074962\" class=\"rank-math-list-item\">\n<h3 class=\"rank-math-question \">Ist Purple Thai eine Sativa oder Indica?<\/h3>\n<div class=\"rank-math-answer \">\n\n<p>Purple Thai ist eine sativadominierte Sorte, mit einem Verh\u00e4ltnis von 80% Sativa und 20% Indica. Sativas bieten in der Regel einen energetischen und kreativen, zerebralen Rausch, ideal f\u00fcr diejenigen, die eine stimulierende und euphorische Erfahrung suchen.<\/p>\n\n<\/div>\n<\/div>\n<div id=\"faq-question-1663029159933\" class=\"rank-math-list-item\">\n<h3 class=\"rank-math-question \">Wie hoch ist der THC- und CBD-Gehalt von Purple Thai?<\/h3>\n<div class=\"rank-math-answer \">\n\n<p>Purple Thai hat einen hohen THC-Gehalt, der zwischen 20 % und 23 % variiert und starke psychoaktive Effekte bietet. Der CBD-Gehalt ist sehr niedrig, was bedeutet, dass ihre medizinischen Wirkungen eher auf die Linderung von M\u00fcdigkeit, Depression und chronischen Schmerzen ausgerichtet sind. Sie ist nicht ideal f\u00fcr diejenigen, die eine hohe CBD-Konzentration zur Behandlung spezifischer Beschwerden suchen.<\/p>\n\n<\/div>\n<\/div>\n<div id=\"faq-question-1663029165861\" class=\"rank-math-list-item\">\n<h3 class=\"rank-math-question \">Wie lange dauert die Bl\u00fctezeit von Purple Thai?<\/h3>\n<div class=\"rank-math-answer \">\n\n<p>Im Innenbereich hat Purple Thai eine Bl\u00fctezeit von etwa 11 bis 13 Wochen. Im Freien ist die Pflanze Ende Oktober erntereif. Diese Bl\u00fctezeit ist angemessen und erm\u00f6glicht es den Z\u00fcchtern, eine reichliche und hochwertige Ernte zu erzielen.<\/p>\n\n<\/div>\n<\/div>\n<div id=\"faq-question-1666780029954\" class=\"rank-math-list-item\">\n<h3 class=\"rank-math-question \">Welche klimatischen Bedingungen sind ideal f\u00fcr den Anbau von Purple Thai?<\/h3>\n<div class=\"rank-math-answer \">\n\n<p>Purple Thai gedeiht in warmen und feuchten Klimazonen, \u00e4hnlich den tropischen. Im Freien ist es am besten, sie in Regionen mit viel Sonne und moderaten bis hohen Temperaturen anzubauen. Im Innenbereich ist es entscheidend, eine kontrollierte Umgebung mit guter Bel\u00fcftung und stabilen Temperaturen aufrechtzuerhalten, um ein optimales Wachstum zu gew\u00e4hrleisten.<\/p>\n\n<\/div>\n<\/div>\n<div id=\"faq-question-1713349304979\" class=\"rank-math-list-item\">\n<h3 class=\"rank-math-question \">Ist Purple Thai f\u00fcr Anf\u00e4nger geeignet?<\/h3>\n<div class=\"rank-math-answer \">\n\n<p>Obwohl Purple Thai relativ einfach zu kultivieren ist, machen ihre Potenz und spezifischen Klimaanforderungen sie besser geeignet f\u00fcr Z\u00fcchter mit mittlerem Erfahrungsniveau. Anf\u00e4nger k\u00f6nnen mit dieser Sorte erfolgreich sein, wenn sie auf die Anbaubedingungen achten und bereit sind, \u00fcber den richtigen Umgang mit der Pflanze zu lernen.<\/p>\n\n<\/div>\n<\/div>\n<div id=\"faq-question-1716197778573\" class=\"rank-math-list-item\">\n<h3 class=\"rank-math-question \">Welche Art von Effekten kann ich beim Konsum von Purple Thai erwarten?<\/h3>\n<div class=\"rank-math-answer \">\n\n<p>Purple Thai bietet eine starke und euphorische Erfahrung, mit einem fast sofortigen, zerebralen Rausch, der energetisierend und motivierend ist. Sie ist ideal, um Kreativit\u00e4t zu f\u00f6rdern und soziale Aktivit\u00e4ten zu genie\u00dfen. Aufgrund ihres hohen THC-Gehalts kann sie jedoch f\u00fcr Anf\u00e4nger \u00fcberw\u00e4ltigend sein und wird nicht f\u00fcr Personen mit einer Neigung zu Angstzust\u00e4nden oder PTBS empfohlen.<\/p>\n\n<\/div>\n<\/div>\n<\/div>\n<\/div>","protected":false},"excerpt":{"rendered":"<p><b>Purple Thai<\/b> ist eine potente, sativadominierte Sorte mit einem <strong>THC-Gehalt von 20-23%<\/strong>, ideal f\u00fcr Liebhaber einzigartiger Schokoladen- und Nussaromen. Genie\u00dfe ein <strong>energetisierendes und kreatives High<\/strong>, das dich in die Wolken hebt. Perfekt f\u00fcr den Anbau in warmen Klimazonen und f\u00fcr reiche Ernten!<\/p>\n","protected":false},"featured_media":24642,"comment_status":"open","ping_status":"closed","template":"","meta":{"_acf_changed":false,"inline_featured_image":false,"_uag_custom_page_level_css":""},"product_brand":[],"product_cat":[1097],"product_tag":[],"class_list":{"0":"post-24470","1":"product","2":"type-product","3":"status-publish","4":"has-post-thumbnail","6":"product_cat-feminisierte-cannabis-samen","8":"first","9":"instock","10":"taxable","11":"shipping-taxable","12":"purchasable","13":"product-type-simple"},"acf":[],"uagb_featured_image_src":{"full":["https:\/\/bulkgenetics.com\/wp-content\/uploads\/2024\/05\/purple-thai-strain-feminized-seeds.jpg",1600,1600,false],"thumbnail":["https:\/\/bulkgenetics.com\/wp-content\/uploads\/2024\/05\/purple-thai-strain-feminized-seeds-150x150.jpg",150,150,true],"medium":["https:\/\/bulkgenetics.com\/wp-content\/uploads\/2024\/05\/purple-thai-strain-feminized-seeds-300x300.jpg",300,300,true],"medium_large":["https:\/\/bulkgenetics.com\/wp-content\/uploads\/2024\/05\/purple-thai-strain-feminized-seeds-768x768.jpg",768,768,true],"large":["https:\/\/bulkgenetics.com\/wp-content\/uploads\/2024\/05\/purple-thai-strain-feminized-seeds-1024x1024.jpg",1024,1024,true],"1536x1536":["https:\/\/bulkgenetics.com\/wp-content\/uploads\/2024\/05\/purple-thai-strain-feminized-seeds-1536x1536.jpg",1536,1536,true],"2048x2048":["https:\/\/bulkgenetics.com\/wp-content\/uploads\/2024\/05\/purple-thai-strain-feminized-seeds.jpg",1600,1600,false],"commercegurus-pdp-large":["https:\/\/bulkgenetics.com\/wp-content\/uploads\/2024\/05\/purple-thai-strain-feminized-seeds-990x990.jpg",990,990,true],"commercegurus-plp-mobile":["https:\/\/bulkgenetics.com\/wp-content\/uploads\/2024\/05\/purple-thai-strain-feminized-seeds-441x441.jpg",441,441,true],"cgkit_image_swatch":["https:\/\/bulkgenetics.com\/wp-content\/uploads\/2024\/05\/purple-thai-strain-feminized-seeds-100x100.jpg",100,100,true],"woocommerce_thumbnail":["https:\/\/bulkgenetics.com\/wp-content\/uploads\/2024\/05\/purple-thai-strain-feminized-seeds-300x300.jpg",300,300,true],"woocommerce_single":["https:\/\/bulkgenetics.com\/wp-content\/uploads\/2024\/05\/purple-thai-strain-feminized-seeds-800x800.jpg",800,800,true],"woocommerce_gallery_thumbnail":["https:\/\/bulkgenetics.com\/wp-content\/uploads\/2024\/05\/purple-thai-strain-feminized-seeds-150x150.jpg",150,150,true],"dgwt-wcas-product-suggestion":["https:\/\/bulkgenetics.com\/wp-content\/uploads\/2024\/05\/purple-thai-strain-feminized-seeds-64x64.jpg",64,64,true]},"uagb_author_info":{"display_name":"\u00c1ngel Flores","author_link":"https:\/\/bulkgenetics.com\/de\/author\/"},"uagb_comment_info":0,"uagb_excerpt":"Purple Thai ist eine potente, sativadominierte Sorte mit einem THC-Gehalt von 20-23%, ideal f\u00fcr Liebhaber einzigartiger Schokoladen- und Nussaromen. Genie\u00dfe ein energetisierendes und kreatives High, das dich in die Wolken hebt. Perfekt f\u00fcr den Anbau in warmen Klimazonen und f\u00fcr reiche Ernten!","_links":{"self":[{"href":"https:\/\/bulkgenetics.com\/de\/wp-json\/wp\/v2\/product\/24470","targetHints":{"allow":["GET"]}}],"collection":[{"href":"https:\/\/bulkgenetics.com\/de\/wp-json\/wp\/v2\/product"}],"about":[{"href":"https:\/\/bulkgenetics.com\/de\/wp-json\/wp\/v2\/types\/product"}],"replies":[{"embeddable":true,"href":"https:\/\/bulkgenetics.com\/de\/wp-json\/wp\/v2\/comments?post=24470"}],"wp:featuredmedia":[{"embeddable":true,"href":"https:\/\/bulkgenetics.com\/de\/wp-json\/wp\/v2\/media\/24642"}],"wp:attachment":[{"href":"https:\/\/bulkgenetics.com\/de\/wp-json\/wp\/v2\/media?parent=24470"}],"wp:term":[{"taxonomy":"product_brand","embeddable":true,"href":"https:\/\/bulkgenetics.com\/de\/wp-json\/wp\/v2\/product_brand?post=24470"},{"taxonomy":"product_cat","embeddable":true,"href":"https:\/\/bulkgenetics.com\/de\/wp-json\/wp\/v2\/product_cat?post=24470"},{"taxonomy":"product_tag","embeddable":true,"href":"https:\/\/bulkgenetics.com\/de\/wp-json\/wp\/v2\/product_tag?post=24470"}],"curies":[{"name":"wp","href":"https:\/\/api.w.org\/{rel}","templated":true}]}}