{"id":24760,"date":"2024-06-06T09:32:36","date_gmt":"2024-06-06T07:32:36","guid":{"rendered":"https:\/\/bulkgenetics.com\/?post_type=product&#038;p=24760"},"modified":"2024-10-08T01:04:08","modified_gmt":"2024-10-07T23:04:08","slug":"cereal-milk-auto","status":"publish","type":"product","link":"https:\/\/bulkgenetics.com\/de\/cereal-milk-auto\/","title":{"rendered":"Cereal Milk Auto"},"content":{"rendered":"\n<p>Die <strong>Cereal Milk Auto<\/strong> ist ein Cannabissorte, die aus einer au\u00dfergew\u00f6hnlichen genetischen Kombination hervorgegangen ist: <strong>Y Life<\/strong> (Cookies x Cherry Pie), <strong>Snowman<\/strong> und <strong>Ruderalis<\/strong>. Dieser Kreuzung entsteht ein perfekt ausbalancierter autoflowering Hybrid, ein wahres Juwel sowohl f\u00fcr Anf\u00e4nger als auch f\u00fcr erfahrene Grower. Mit einem THC-Gehalt von <strong>18%<\/strong> bis <strong>23%<\/strong> und einem <strong>1%<\/strong> CBD bietet diese Strain ein intensives, aber besser handhabbares Erlebnis als ihre Schwester <strong><a href=\"https:\/\/bulkgenetics.com\/de\/cereal-milk\/\">Cereal Milk<\/a><\/strong>.<\/p>\n\n\n\n<p>Die Morphologie der Cereal Milk Auto Pflanze ist robust und kompakt, mit \u00c4sten, die dicht mit harzigen, dichten Buds bedeckt sind. Die Buds haben einen olivgr\u00fcnen Farbton, geschm\u00fcckt mit dunkelorangenen Stempeln und einer dicken Schicht kristalliner Trichome, die ihnen einen gl\u00e4nzenden Schimmer verleihen. Dieses harzige Aussehen ist nicht nur optisch ansprechend, sondern weist auch auf ihre hohe Potenz und Qualit\u00e4t hin. Zudem erleichtert ihre kompakte Struktur den Anbau in Innenr\u00e4umen.<\/p>\n\n\n\n<h2 class=\"wp-block-heading\">Geschmack und Wirkung<\/h2>\n\n\n\n<p>Stell dir vor, du wachst mit dem s\u00fc\u00dfen und cremigen Geschmack einer Sch\u00fcssel Fr\u00fchst\u00fccksmilch auf, kombiniert mit fruchtigen Noten und einem leichten Kr\u00e4utermantel. Das ist die Erfahrung, die die <strong>Cereal Milk Auto<\/strong> bietet. Ihr Aroma ist ebenso fesselnd, mit s\u00fc\u00dfen und fruchtigen Noten, die zu einem zweiten Schnuppern einladen.<\/p>\n\n\n\n<p>Der Rausch, den sie bietet, ist sowohl euphorisch als auch belebend, hebt die Stimmung und den Geist. W\u00e4hrend der Wirkung entwickelt sich eine Welle der Entspannung, die dich in einen Zustand der Ruhe versetzt, ohne Schl\u00e4frigkeit zu verursachen. Perfekt zur Linderung von Stress und chronischen Schmerzen, ist diese Strain ideal sowohl f\u00fcr den Freizeitgebrauch als auch f\u00fcr medizinische Zwecke. Mit einem <strong>18-23%<\/strong> THC und einem <strong>1%<\/strong> CBD bietet sie eine ideale Balance f\u00fcr eine geistige Stimulation und eine sp\u00fcrbare k\u00f6rperliche Erleichterung.<\/p>\n\n\n\n<h3 class=\"wp-block-heading\">Terpene der Cereal Milk Auto<\/h3>\n\n\n\n<p>Die <strong>Cereal Milk Auto<\/strong> sticht nicht nur durch ihre potente Wirkung hervor, sondern auch durch ihr Terpenprofil, das sowohl ihr Aroma als auch ihre therapeutischen Vorteile bereichert. Zu den prominentesten Terpenen dieser Strain geh\u00f6ren:<\/p>\n\n\n\n<ul class=\"wp-block-list\">\n<li><strong>Alpha Cedrene<\/strong>: Verleiht ein holziges und frisches Aroma, das an Zedernw\u00e4lder erinnert, und bietet entz\u00fcndungshemmende und beruhigende Eigenschaften.<\/li>\n\n\n\n<li><strong>Alpha-Terpineol<\/strong>: Mit seinem blumigen und subtil zitrischen Duft ist es bekannt f\u00fcr seine entspannenden und angstl\u00f6senden Effekte, ideal zur Stressreduktion.<\/li>\n\n\n\n<li><strong>Borneol<\/strong>: Mit seinem mentholartigen und frischen Geruch verbessert es nicht nur den Geschmack, sondern bietet auch schmerzlindernde und sedative Effekte, was bei der Linderung von Schmerzen und Muskelverspannungen hilfreich ist.<\/li>\n\n\n\n<li><strong>Humulene<\/strong>: Mit seinem hopfenartigen und kr\u00e4uterigen Aroma f\u00fcgt es dem Aromaprofil der Cereal Milk eine erdige Note hinzu und ist bekannt f\u00fcr seine entz\u00fcndungshemmenden und appetitz\u00fcgelnden Eigenschaften.<\/li>\n<\/ul>\n\n\n\n<p>Diese Terpene bereichern nicht nur die sensorische Erfahrung beim Konsum der <strong>Cereal Milk Auto<\/strong>, sondern verst\u00e4rken auch ihre medizinischen Vorteile, bieten umfassende Erleichterung und ein angenehmes Erlebnis.<\/p>\n\n\n\n<h2 class=\"wp-block-heading\">Ertrag und Bl\u00fctezeit<\/h2>\n\n\n\n<p>Die <strong>Cereal Milk Auto<\/strong> beeindruckt nicht nur durch ihren Geschmack und ihre Wirkung, sondern auch durch ihren gro\u00dfz\u00fcgigen Ertrag. In Indoor-Kulturen kann diese Strain etwa <strong>400-500 Gramm<\/strong> pro Quadratmeter produzieren. F\u00fcr Outdoor-Grower k\u00f6nnen gut gepflegte Pflanzen zwischen <strong>100-150 Gramm<\/strong> pro Pflanze liefern, was eine reiche Ernte f\u00fcr die engagiertesten Z\u00fcchter bietet.<\/p>\n\n\n\n<p>Die Bl\u00fctezeit der <strong>Cereal Milk Auto<\/strong> ist relativ kurz, was sie zu einer attraktiven Wahl f\u00fcr diejenigen macht, die schnelle Ergebnisse suchen. Insgesamt kann sie in 9-10 Wochen geerntet werden, und im Freien k\u00f6nnen w\u00e4hrend der Fr\u00fchlings- und Sommermonate bis zu 3 aufeinanderfolgende Ernten durchgef\u00fchrt werden.<\/p>\n\n\n\n<p>Dank ihres genetischen Gleichgewichts bietet die <strong>Cereal Milk Auto<\/strong> eine Kombination aus Robustheit und hohem Ertrag, die jeden Anbauzyklus lohnenswert macht. Ob drinnen oder drau\u00dfen angebaut, diese Strain verspricht den Growern Zufriedenheit mit ihrem exzellenten Ertrag und der Qualit\u00e4t ihrer Buds.<\/p>\n\n\n\n<h2 class=\"wp-block-heading\">Wie man Cereal Milk Auto anbaut<\/h2>\n\n\n\n<p>Die <strong>Cereal Milk Auto<\/strong> ist eine Sorte, die sich relativ leicht anbauen l\u00e4sst, was sie sowohl f\u00fcr Anf\u00e4nger als auch f\u00fcr erfahrene Grower zug\u00e4nglich macht. Ihre nat\u00fcrliche Widerstandsf\u00e4higkeit und robuste Struktur erm\u00f6glichen beeindruckende Ergebnisse bei richtiger Pflege.<\/p>\n\n\n\n<p>F\u00fcr die besten Ergebnisse sollte ein warmes und stabiles Klima bereitgestellt werden. Diese Strain gedeiht bei Tagestemperaturen zwischen <strong>20\u2103-27\u2103<\/strong> und etwas k\u00fchleren Nachttemperaturen. Es ist wichtig, die relative Luftfeuchtigkeit w\u00e4hrend der vegetativen Phase bei etwa <strong>55%-60%<\/strong> zu halten und sie w\u00e4hrend der Bl\u00fcte auf <strong>40%<\/strong> zu senken.<\/p>\n\n\n\n<p>Die Pflanzen erreichen eine maximale H\u00f6he, die selten \u00fcber <strong>120-130 cm<\/strong> hinausgeht, was sie auch f\u00fcr Grower, die diskret bleiben m\u00f6chten, sehr geeignet macht.<\/p>\n\n\n\n<p>Die <strong>Cereal Milk Auto<\/strong> zeigt eine gute Widerstandsf\u00e4higkeit gegen\u00fcber Sch\u00e4dlingen und h\u00e4ufigen Krankheiten, was die Pflege erleichtert und uns erm\u00f6glicht, uns auf die Optimierung ihres Wachstums zu konzentrieren. Dennoch ist es immer ratsam, unsere Pflanzen genau zu beobachten und bei Bedarf vorbeugende Ma\u00dfnahmen zu ergreifen.<\/p>\n\n\n\n<div style=\"height:50px\" aria-hidden=\"true\" class=\"wp-block-spacer uag-hide-mob\"><\/div>\n\n\n\n<div class=\"wp-block-columns is-layout-flex wp-container-core-columns-is-layout-28f84493 wp-block-columns-is-layout-flex\">\n<div class=\"wp-block-column is-layout-flow wp-block-column-is-layout-flow\">\n<p class=\"has-text-align-center has-medium-font-size\"><strong>Was wir am meisten m\u00f6gen<\/strong><\/p>\n\n\n\n<ul class=\"wp-block-list\">\n<li>Ihr s\u00fc\u00dfer und cremiger Geschmack mit fruchtigen und kr\u00e4uterigen Noten.<\/li>\n\n\n\n<li>Die ausgewogene Kombination aus Euphorie und Entspannung.<\/li>\n\n\n\n<li>Der hohe Ertrag sowohl drinnen als auch drau\u00dfen.<\/li>\n\n\n\n<li>Ihre Widerstandsf\u00e4higkeit gegen Sch\u00e4dlinge und Krankheiten.<\/li>\n<\/ul>\n<\/div>\n\n\n\n<div class=\"wp-block-column is-layout-flow wp-block-column-is-layout-flow\">\n<p class=\"has-text-align-center has-medium-font-size\"><strong>Was wir weniger m\u00f6gen<\/strong><\/p>\n\n\n\n<ul class=\"wp-block-list\">\n<li>Erfordert eine pr\u00e4zise Feuchtigkeitskontrolle, um Schimmelprobleme zu vermeiden.<\/li>\n\n\n\n<li>Ihre moderate H\u00f6he kann im Au\u00dfenanbau zus\u00e4tzlichen Platz erfordern.<\/li>\n<\/ul>\n<\/div>\n<\/div>\n\n\n\n<div style=\"height:50px\" aria-hidden=\"true\" class=\"wp-block-spacer uag-hide-mob\"><\/div>\n\n\n\n<h2 class=\"wp-block-heading\">H\u00e4ufig gestellte Fragen<\/h2>\n\n\n\n<p>Im Folgenden findest du Antworten auf die h\u00e4ufigsten Fragen von Growern, die an dieser Genetik interessiert sind:<\/p>\n\n\n<div id=\"rank-math-faq\" class=\"rank-math-block\">\n<div class=\"rank-math-list \">\n<div id=\"faq-question-1663029074962\" class=\"rank-math-list-item\">\n<h3 class=\"rank-math-question \">Ist Cereal Milk Auto sativa oder indica?<\/h3>\n<div class=\"rank-math-answer \">\n\n<p>Die <strong>Cereal Milk Auto<\/strong> ist ein perfekt ausgewogener Hybrid, der zu etwa <strong>50% Sativa<\/strong> und <strong>50% Indica<\/strong> besteht. Das bedeutet, dass sie das Beste aus beiden Welten kombiniert, indem sie sowohl die Energie und Euphorie der Sativas als auch die Entspannung und Ruhe der Indicas bietet. Sativa-Sorten sind in der Regel stimulierend und geistig anregend, ideal f\u00fcr Tagesaktivit\u00e4ten, w\u00e4hrend Indicas eher entspannend und k\u00f6rperlich beruhigend wirken, perfekt f\u00fcr den Abend. Die <strong>Cereal Milk Auto<\/strong> bietet ein ausgewogenes Erlebnis, das zu jeder Tageszeit ideal ist.<\/p>\n\n<\/div>\n<\/div>\n<div id=\"faq-question-1663029159933\" class=\"rank-math-list-item\">\n<h3 class=\"rank-math-question \">Wie lange dauert es, eine Cereal Milk von der Keimung bis zur Ernte zu kultivieren?<\/h3>\n<div class=\"rank-math-answer \">\n\n<p>Die <strong>Cereal Milk Auto<\/strong> hat eine sehr kurze Bl\u00fctezeit. Insgesamt dauert es 9-10 Wochen von der Keimung bis zur Ernte. Diese schnelle Bl\u00fctezeit macht sie zu einer attraktiven Option f\u00fcr Grower, die eine schnelle Ernte ohne Qualit\u00e4tseinbu\u00dfen suchen.<\/p>\n\n<\/div>\n<\/div>\n<div id=\"faq-question-1663029165861\" class=\"rank-math-list-item\">\n<h3 class=\"rank-math-question \">Welche Ertr\u00e4ge kann ich von Cereal Milk Auto erwarten?<\/h3>\n<div class=\"rank-math-answer \">\n\n<p>In Innenr\u00e4umen kann die <strong>Cereal Milk Auto<\/strong> etwa <strong>400-500 Gramm<\/strong> pro Quadratmeter produzieren. Im Freien k\u00f6nnen gut gepflegte Pflanzen zwischen <strong>100-150 Gramm<\/strong> pro Pflanze liefern. Diese Zahlen spiegeln ihren gro\u00dfz\u00fcgigen Ertrag wider und machen diese Sorte zu einer lohnenden Wahl f\u00fcr jeden Grower.<\/p>\n\n<\/div>\n<\/div>\n<div id=\"faq-question-1666780029954\" class=\"rank-math-list-item\">\n<h3 class=\"rank-math-question \">Welche Wirkungen hat die Cereal Milk Auto?<\/h3>\n<div class=\"rank-math-answer \">\n\n<p>Die <strong>Cereal Milk Auto<\/strong> bietet eine Kombination aus euphorischen und entspannenden Wirkungen. Ihr THC-Gehalt von <strong>18-23%<\/strong> sorgt f\u00fcr eine starke geistige Stimulation, w\u00e4hrend ihr <strong>1%<\/strong> CBD hilft, den Effekt auszugleichen und ein Gef\u00fchl von Ruhe und Wohlbefinden zu bieten, ohne Schl\u00e4frigkeit zu verursachen. Sie ist perfekt zur Linderung von Stress und chronischen Schmerzen geeignet.<\/p>\n\n<\/div>\n<\/div>\n<\/div>\n<\/div>","protected":false},"excerpt":{"rendered":"<p><b>Cereal Milk Auto<\/b> ist die perfekte Wahl f\u00fcr Grower, die eine <strong>schnelle und reichliche Ernte<\/strong> mit einem unvergleichlichen Geschmack suchen. Mit einem einzigartigen Terpenprofil und einem<strong> perfekten Gleichgewicht zwischen Sativa und Indica<\/strong> garantiert diese Sorte ein vollst\u00e4ndiges und befriedigendes sensorisches Erlebnis.<\/p>\n","protected":false},"featured_media":25105,"comment_status":"open","ping_status":"closed","template":"","meta":{"_acf_changed":false,"inline_featured_image":false,"_uag_custom_page_level_css":""},"product_brand":[],"product_cat":[2114],"product_tag":[],"class_list":{"0":"post-24760","1":"product","2":"type-product","3":"status-publish","4":"has-post-thumbnail","6":"product_cat-autoflowering-cannabis-samen","8":"first","9":"instock","10":"taxable","11":"shipping-taxable","12":"purchasable","13":"product-type-simple"},"acf":[],"uagb_featured_image_src":{"full":["https:\/\/bulkgenetics.com\/wp-content\/uploads\/2024\/06\/cereal-milk-auto-autoflowering-seeds.jpg",1600,1600,false],"thumbnail":["https:\/\/bulkgenetics.com\/wp-content\/uploads\/2024\/06\/cereal-milk-auto-autoflowering-seeds-150x150.jpg",150,150,true],"medium":["https:\/\/bulkgenetics.com\/wp-content\/uploads\/2024\/06\/cereal-milk-auto-autoflowering-seeds-300x300.jpg",300,300,true],"medium_large":["https:\/\/bulkgenetics.com\/wp-content\/uploads\/2024\/06\/cereal-milk-auto-autoflowering-seeds-768x768.jpg",768,768,true],"large":["https:\/\/bulkgenetics.com\/wp-content\/uploads\/2024\/06\/cereal-milk-auto-autoflowering-seeds-1024x1024.jpg",1024,1024,true],"1536x1536":["https:\/\/bulkgenetics.com\/wp-content\/uploads\/2024\/06\/cereal-milk-auto-autoflowering-seeds-1536x1536.jpg",1536,1536,true],"2048x2048":["https:\/\/bulkgenetics.com\/wp-content\/uploads\/2024\/06\/cereal-milk-auto-autoflowering-seeds.jpg",1600,1600,false],"commercegurus-pdp-large":["https:\/\/bulkgenetics.com\/wp-content\/uploads\/2024\/06\/cereal-milk-auto-autoflowering-seeds-990x990.jpg",990,990,true],"commercegurus-plp-mobile":["https:\/\/bulkgenetics.com\/wp-content\/uploads\/2024\/06\/cereal-milk-auto-autoflowering-seeds-441x441.jpg",441,441,true],"cgkit_image_swatch":["https:\/\/bulkgenetics.com\/wp-content\/uploads\/2024\/06\/cereal-milk-auto-autoflowering-seeds-100x100.jpg",100,100,true],"woocommerce_thumbnail":["https:\/\/bulkgenetics.com\/wp-content\/uploads\/2024\/06\/cereal-milk-auto-autoflowering-seeds-300x300.jpg",300,300,true],"woocommerce_single":["https:\/\/bulkgenetics.com\/wp-content\/uploads\/2024\/06\/cereal-milk-auto-autoflowering-seeds-800x800.jpg",800,800,true],"woocommerce_gallery_thumbnail":["https:\/\/bulkgenetics.com\/wp-content\/uploads\/2024\/06\/cereal-milk-auto-autoflowering-seeds-150x150.jpg",150,150,true],"dgwt-wcas-product-suggestion":["https:\/\/bulkgenetics.com\/wp-content\/uploads\/2024\/06\/cereal-milk-auto-autoflowering-seeds-64x64.jpg",64,64,true]},"uagb_author_info":{"display_name":"Bruno Crespo","author_link":"https:\/\/bulkgenetics.com\/de\/author\/"},"uagb_comment_info":0,"uagb_excerpt":"Cereal Milk Auto ist die perfekte Wahl f\u00fcr Grower, die eine schnelle und reichliche Ernte mit einem unvergleichlichen Geschmack suchen. Mit einem einzigartigen Terpenprofil und einem perfekten Gleichgewicht zwischen Sativa und Indica garantiert diese Sorte ein vollst\u00e4ndiges und befriedigendes sensorisches Erlebnis.","_links":{"self":[{"href":"https:\/\/bulkgenetics.com\/de\/wp-json\/wp\/v2\/product\/24760","targetHints":{"allow":["GET"]}}],"collection":[{"href":"https:\/\/bulkgenetics.com\/de\/wp-json\/wp\/v2\/product"}],"about":[{"href":"https:\/\/bulkgenetics.com\/de\/wp-json\/wp\/v2\/types\/product"}],"replies":[{"embeddable":true,"href":"https:\/\/bulkgenetics.com\/de\/wp-json\/wp\/v2\/comments?post=24760"}],"wp:featuredmedia":[{"embeddable":true,"href":"https:\/\/bulkgenetics.com\/de\/wp-json\/wp\/v2\/media\/25105"}],"wp:attachment":[{"href":"https:\/\/bulkgenetics.com\/de\/wp-json\/wp\/v2\/media?parent=24760"}],"wp:term":[{"taxonomy":"product_brand","embeddable":true,"href":"https:\/\/bulkgenetics.com\/de\/wp-json\/wp\/v2\/product_brand?post=24760"},{"taxonomy":"product_cat","embeddable":true,"href":"https:\/\/bulkgenetics.com\/de\/wp-json\/wp\/v2\/product_cat?post=24760"},{"taxonomy":"product_tag","embeddable":true,"href":"https:\/\/bulkgenetics.com\/de\/wp-json\/wp\/v2\/product_tag?post=24760"}],"curies":[{"name":"wp","href":"https:\/\/api.w.org\/{rel}","templated":true}]}}