{"id":24771,"date":"2024-06-06T10:35:10","date_gmt":"2024-06-06T08:35:10","guid":{"rendered":"https:\/\/bulkgenetics.com\/?post_type=product&#038;p=24771"},"modified":"2024-10-08T01:04:08","modified_gmt":"2024-10-07T23:04:08","slug":"sherbet-auto","status":"publish","type":"product","link":"https:\/\/bulkgenetics.com\/de\/sherbet-auto\/","title":{"rendered":"Sunset Sherbet Auto"},"content":{"rendered":"\n<h2 class=\"wp-block-heading\">Sunset Sherbet Auto Sorten info<\/h2>\n\n\n\n<p>Sunset Sherbet Auto ist die schnellste Version der <strong><a href=\"https:\/\/bulkgenetics.com\/de\/sherbet\/\">Sherbert<\/a><\/strong> (Girl Scout Cookies x Pink Panties), eine Sorte, die ein einzigartiges Erlebnis verspricht. Diese autoflowering-Sorte ist ideal sowohl f\u00fcr Anf\u00e4nger als auch f\u00fcr erfahrene Z\u00fcchter und bietet einfache Anbaueigenschaften sowie eine schnelle Bl\u00fctezeit zu jeder Jahreszeit.<\/p>\n\n\n\n<p>Die Pflanzen der Sunset Sherbet Auto zeichnen sich durch ihre robuste und kompakte Struktur aus. Mit einer H\u00f6he von bis zu 1,5 Metern produziert diese Indica-dominante Sch\u00f6nheit dichte und harzige Knospen, die mit einer gl\u00e4nzenden Schicht Trichome \u00fcberzogen sind, die wie aus einem Mondtraum erscheinen. Diese Knospen, in einem lebhaften Gr\u00fcn mit orangefarbenen Akzenten, sind ein wahres Naturkunstwerk.<\/p>\n\n\n\n<h2 class=\"wp-block-heading\">Geschmack und Wirkung<\/h2>\n\n\n\n<p>Das Aroma und der Geschmack der Sunset Sherbet Auto sind ein sensorisches Vergn\u00fcgen. Beim \u00d6ffnen eines Glases ihrer Knospen entfaltet sich ein zitrusartiger und fruchtiger Duft, der den Raum erf\u00fcllt. Beim Inhalieren hinterl\u00e4sst der sanfte und cremige Rauch einen s\u00fc\u00dfen und erfrischenden Nachgeschmack, wie eine Explosion tropischer Fr\u00fcchte auf dem Gaumen.<\/p>\n\n\n\n<p>Mit einem THC-Gehalt von 18% bis 23% und einem niedrigen CBD-Gehalt von 0,5% bietet Sherbet Auto eine perfekte Balance zwischen Potenz und Wohlbefinden. Die Wirkung ist sofort sp\u00fcrbar: eine Welle kreativer Energie und Euphorie, die sich langsam in eine tiefe k\u00f6rperliche Entspannung verwandelt. Ideal f\u00fcr den Konsum am Ende des Tages, hilft diese Sorte dabei, Stress und Sorgen hinter sich zu lassen und bietet ein langanhaltendes Gef\u00fchl von Frieden und Gl\u00fcck.<\/p>\n\n\n\n<h3 class=\"wp-block-heading\">Terpene der Sunset Sherbet Auto<\/h3>\n\n\n\n<p>Sherbet Auto besticht durch ihr beeindruckendes Terpenprofil, das Alpha-Humulen, Beta-Caryophyllen, Limonen und Myrcen umfasst. Diese Terpene tragen nicht nur zu ihrem unvergleichlichen Geschmack und Aroma bei, sondern haben auch therapeutische Vorteile.<\/p>\n\n\n\n<p>Alpha-Humulen und Beta-Caryophyllen sind bekannt f\u00fcr ihre entz\u00fcndungshemmenden und schmerzlindernden Eigenschaften, was Sherbet Auto zu einer ausgezeichneten Wahl f\u00fcr Menschen mit Arthritis und chronischen Schmerzen macht. Limonen verleiht einen belebenden Zitrus-Touch und ist bekannt f\u00fcr seine antidepressive und angstl\u00f6sende Wirkung, w\u00e4hrend Myrcen die Sedierung verst\u00e4rkt und bei Schlaflosigkeit hilft.<\/p>\n\n\n\n<p>Diese Terpene wirken synergetisch und erzeugen einen &#8220;Entourage-Effekt&#8221;, der die medizinischen und freizeitlichen Vorteile von Sherbet Auto maximiert. Es ist mehr als nur ein einfacher Cannabissamen; es ist ein Tor zu einem umfassenden sensorischen und therapeutischen Erlebnis.<\/p>\n\n\n\n<h2 class=\"wp-block-heading\">Ertrag und Bl\u00fctezeit<\/h2>\n\n\n\n<p>Sherbet Auto ist nicht nur ein Genuss f\u00fcr die Sinne, sondern auch ein Geschenk f\u00fcr Z\u00fcchter dank ihres gro\u00dfz\u00fcgigen Ertrags und ihres schnellen Lebenszyklus. Diese autoflowering-Sorte ist bekannt f\u00fcr ihre zuverl\u00e4ssigen Ertr\u00e4ge sowohl im Innen- als auch im Au\u00dfenanbau, was sie zu einer vielseitigen und zug\u00e4nglichen Option f\u00fcr alle Erfahrungsstufen macht.<\/p>\n\n\n\n<p>Im Innenanbau kann Sherbet Auto zwischen 450 und 500 Gramm pro Quadratmeter produzieren, was in kontrollierten R\u00e4umen eine reichliche Ernte erm\u00f6glicht. Ihre Bl\u00fctezeit ist bemerkenswert schnell und betr\u00e4gt nur 9 bis 10 Wochen von der Keimung bis zur Ernte. Dies erm\u00f6glicht es den Z\u00fcchtern, das ganze Jahr \u00fcber mehrere Ernten zu erzielen und so die Produktion in kleinen R\u00e4umen zu maximieren.<\/p>\n\n\n\n<p>Im Freien, unter geeigneten Bedingungen, kann Sherbet Auto zwischen 100 und 150 Gramm pro Pflanze produzieren. Diese Sorte passt sich gut an verschiedene Klimazonen an, bl\u00fcht kr\u00e4ftig unter der Sonne und nutzt jeden Strahl, um dichte und harzige Knospen zu produzieren. Die Pflanzenh\u00f6he kann bis zu 1,3 Meter erreichen, was eine gute Menge an Knospen pro Pflanze gew\u00e4hrleistet.<\/p>\n\n\n\n<p>Der schnelle Lebenszyklus der Sherbet Auto bleibt auch im Freien erhalten, mit einer Gesamtkulturdauer von 9 bis 10 Wochen. Dies erm\u00f6glicht es den Z\u00fcchtern in k\u00e4lteren Klimazonen, die Sch\u00f6nwetterperioden zu nutzen und dennoch eine reiche und potente Ernte zu erzielen.<\/p>\n\n\n\n<p>Die Kombination aus hohem Ertrag und schneller Bl\u00fctezeit macht Sherbet Auto zu einer bevorzugten Wahl unter den Z\u00fcchtern, die Effizienz und Qualit\u00e4t ohne Kompromisse suchen. Egal, ob Sie in einem kleinen Schrank oder in einem gro\u00dfen Garten im Freien anbauen, diese Sorte wird Sie mit \u00fcppigen Knospen und einem sehr lohnenden Anbauerlebnis belohnen.<\/p>\n\n\n\n<h2 class=\"wp-block-heading\">Wie man Sherbet Auto anbaut<\/h2>\n\n\n\n<p>Der Anbau von Sherbet Auto ist sehr einfach, selbst f\u00fcr diejenigen, die neu in der Welt des Cannabisanbaus sind. Diese Sorte zeichnet sich durch ihre einfache Anbaueigenschaften aus, dank ihrer autoflowering-Natur und ihrer Robustheit. Hier sind einige Tipps, um sicherzustellen, dass du die besten Ergebnisse erzielst:<\/p>\n\n\n\n<p>In Bezug auf die Anbauschwierigkeit ist Sherbet Auto m\u00e4\u00dfig leicht zu handhaben. Ihre Widerstandsf\u00e4higkeit und Anpassungsf\u00e4higkeit machen sie perfekt f\u00fcr Anf\u00e4nger und erfahrene Z\u00fcchter. Sie ben\u00f6tigt kein spezielles Lichtregime, was den Prozess vereinfacht und mehr Flexibilit\u00e4t im Anbau erm\u00f6glicht.<\/p>\n\n\n\n<p>Um den maximalen Ertrag zu erzielen, ist es entscheidend, ihr die richtigen klimatischen Bedingungen zu bieten. Sherbet Auto gedeiht in warmen und sonnigen Klimazonen, kann sich aber auch an gem\u00e4\u00dfigtere Klimazonen anpassen. Eine Tagestemperatur zwischen 20-26\u00b0C und eine leicht niedrigere Nachttemperatur gew\u00e4hrleisten optimales Wachstum. Au\u00dferdem hilft es, die relative Luftfeuchtigkeit w\u00e4hrend der vegetativen Phase bei etwa 55-60% und w\u00e4hrend der Bl\u00fctephase bei etwa 40% zu halten, um Probleme mit Schimmel und Pilzen zu vermeiden.<\/p>\n\n\n\n<p>Unsere Erfahrung hat gezeigt, dass Sherbet Auto ziemlich resistent gegen g\u00e4ngige Sch\u00e4dlinge und Krankheiten ist. Trotzdem empfehlen wir, stets eine saubere Umgebung zu bewahren und die Pflanzen regelm\u00e4\u00dfig auf Anzeichen von Befall zu \u00fcberpr\u00fcfen. Die Verwendung von organischen Produkten und nachhaltigen Anbaumethoden sch\u00fctzt nicht nur deine Pflanzen, sondern verbessert auch die Endqualit\u00e4t des Produkts.<\/p>\n\n\n\n<div style=\"height:50px\" aria-hidden=\"true\" class=\"wp-block-spacer uag-hide-mob\"><\/div>\n\n\n\n<div class=\"wp-block-columns is-layout-flex wp-container-core-columns-is-layout-28f84493 wp-block-columns-is-layout-flex\">\n<div class=\"wp-block-column is-layout-flow wp-block-column-is-layout-flow\">\n<p class=\"has-text-align-center has-medium-font-size\"><strong>Was wir lieben<\/strong><\/p>\n\n\n\n<ul class=\"wp-block-list\">\n<li><strong>Einfacher Anbau:<\/strong> Perfekt f\u00fcr Anf\u00e4nger und Experten.<\/li>\n\n\n\n<li><strong>Schnelle Bl\u00fctezeit:<\/strong> Ernte in nur 8-10 Wochen.<\/li>\n\n\n\n<li><strong>Hohe Ertr\u00e4ge:<\/strong> Gro\u00dfz\u00fcgige Ernten sowohl drinnen als auch drau\u00dfen.<\/li>\n\n\n\n<li><strong>Resistenz gegen Sch\u00e4dlinge:<\/strong> Weniger Sorgen \u00fcber Krankheiten und Sch\u00e4dlinge.<\/li>\n\n\n\n<li><strong>Hervorragender Geschmack und Aroma:<\/strong> Unwiderstehliche Zitrus- und Fruchtnoten.<\/li>\n<\/ul>\n<\/div>\n\n\n\n<div class=\"wp-block-column is-layout-flow wp-block-column-is-layout-flow\">\n<p class=\"has-text-align-center has-medium-font-size\"><strong>Was uns weniger gef\u00e4llt<\/strong><\/p>\n\n\n\n<ul class=\"wp-block-list\">\n<li><strong>Mittlere H\u00f6he:<\/strong> K\u00f6nnte f\u00fcr extrem kleine R\u00e4ume nicht ideal sein.<\/li>\n\n\n\n<li><strong>Notwendigkeit der Feuchtigkeitskontrolle:<\/strong> Erfordert besondere Aufmerksamkeit, um Schimmel w\u00e4hrend der Bl\u00fcte zu vermeiden.<\/li>\n<\/ul>\n<\/div>\n<\/div>\n\n\n\n<div style=\"height:50px\" aria-hidden=\"true\" class=\"wp-block-spacer uag-hide-mob\"><\/div>\n\n\n\n<h2 class=\"wp-block-heading\">H\u00e4ufig gestellte Fragen<\/h2>\n\n\n\n<p>Hier findest du die Antworten auf die h\u00e4ufigsten Fragen, die Z\u00fcchter zu dieser Genetik haben:<\/p>\n\n\n<div id=\"rank-math-faq\" class=\"rank-math-block\">\n<div class=\"rank-math-list \">\n<div id=\"faq-question-1663029074962\" class=\"rank-math-list-item\">\n<h3 class=\"rank-math-question \">Ist Sherbet Auto sativa oder indica?<\/h3>\n<div class=\"rank-math-answer \">\n\n<p>Sherbet Auto ist \u00fcberwiegend indica mit einem genetischen Profil von etwa 85% indica und 15% sativa. Indica-Sorten bieten in der Regel eine entspannendere und sedierende Wirkung, ideal f\u00fcr Ruhe und Entspannung. Indica-Pflanzen neigen dazu, kompakter und robuster zu sein, was sie perfekt f\u00fcr den Anbau in kleinen R\u00e4umen macht. Sativas hingegen sorgen meist f\u00fcr eine energisierendere und stimulierendere Wirkung und tendieren dazu, gr\u00f6\u00dfer und schlanker zu wachsen. Sherbet Auto kombiniert das Beste aus beiden Welten und bietet eine entspannende k\u00f6rperliche Wirkung mit einem Hauch von Kreativit\u00e4t und Energie.<\/p>\n\n<\/div>\n<\/div>\n<div id=\"faq-question-1663029159933\" class=\"rank-math-list-item\">\n<h3 class=\"rank-math-question \">Wie hoch ist der THC- und CBD-Gehalt von Sherbet Auto?<\/h3>\n<div class=\"rank-math-answer \">\n\n<p>Sherbet Auto hat einen THC-Gehalt, der zwischen 18% und 23% liegt, was eine starke und ausgewogene Wirkung bietet. Der CBD-Gehalt ist niedrig, etwa bei 0,5%, was die Wirkung des THC erg\u00e4nzt, ohne \u00fcberm\u00e4\u00dfige Sedierung zu verursachen. Diese Kombination macht Sherbet Auto ideal f\u00fcr diejenigen, die Stress, Schmerzen und Angst lindern m\u00f6chten und gleichzeitig ein Gef\u00fchl von Gl\u00fcck und Entspannung genie\u00dfen wollen.<\/p>\n\n<\/div>\n<\/div>\n<div id=\"faq-question-1663029165861\" class=\"rank-math-list-item\">\n<h3 class=\"rank-math-question \">Wie lange dauert die Bl\u00fctezeit von Sherbet Auto?<\/h3>\n<div class=\"rank-math-answer \">\n\n<p>Sherbet Auto hat eine schnelle Bl\u00fctezeit und ist in nur 8 bis 10 Wochen nach der Keimung erntereif. Diese Eigenschaft erm\u00f6glicht es den Z\u00fcchtern, mehrere Ernten pro Jahr zu erzielen und so ihre Produktion sowohl im Innen- als auch im Au\u00dfenbereich zu maximieren.<\/p>\n\n<\/div>\n<\/div>\n<div id=\"faq-question-1666780029954\" class=\"rank-math-list-item\">\n<h3 class=\"rank-math-question \">Welchen Geschmack und welches Aroma hat Sherbet Auto?<\/h3>\n<div class=\"rank-math-answer \">\n\n<p>Das Geschmacks- und Aromaprofil von Sherbet Auto ist eine k\u00f6stliche Mischung aus Zitrus- und Fruchtnoten. Beim Inhalieren kann man einen sanften und cremigen Rauch genie\u00dfen, der einen s\u00fc\u00dfen und erfrischenden Nachgeschmack hinterl\u00e4sst, \u00e4hnlich einer Explosion tropischer Fr\u00fcchte. Dieses sensorische Profil macht sie zu einer sehr gesch\u00e4tzten Sorte bei Konsumenten, die ein au\u00dfergew\u00f6hnliches Geschmackserlebnis suchen.<\/p>\n\n<\/div>\n<\/div>\n<\/div>\n<\/div>","protected":false},"excerpt":{"rendered":"<p><b>Sherbet Auto<\/b> bietet ein einzigartiges sensorisches Erlebnis mit ihren <strong>zitrus- und fruchtigen Aromen<\/strong>. Diese Indica-dominante Sorte ist einfach anzubauen, bl\u00fcht in 8-10 Wochen und produziert reichlich harzige Knospen. Ideal zur <strong>Linderung von Stress und Schmerzen<\/strong>, ist sie perfekt f\u00fcr Z\u00fcchter aller Erfahrungsstufen.<\/p>\n","protected":false},"featured_media":25264,"comment_status":"open","ping_status":"closed","template":"","meta":{"_acf_changed":false,"inline_featured_image":false,"_uag_custom_page_level_css":""},"product_brand":[],"product_cat":[2114],"product_tag":[],"class_list":{"0":"post-24771","1":"product","2":"type-product","3":"status-publish","4":"has-post-thumbnail","6":"product_cat-autoflowering-cannabis-samen","8":"first","9":"instock","10":"taxable","11":"shipping-taxable","12":"purchasable","13":"product-type-simple"},"acf":[],"uagb_featured_image_src":{"full":["https:\/\/bulkgenetics.com\/wp-content\/uploads\/2024\/06\/sherbet-auto-autoflowering-cannabis-seeds-1.jpg",1600,1600,false],"thumbnail":["https:\/\/bulkgenetics.com\/wp-content\/uploads\/2024\/06\/sherbet-auto-autoflowering-cannabis-seeds-1-150x150.jpg",150,150,true],"medium":["https:\/\/bulkgenetics.com\/wp-content\/uploads\/2024\/06\/sherbet-auto-autoflowering-cannabis-seeds-1-300x300.jpg",300,300,true],"medium_large":["https:\/\/bulkgenetics.com\/wp-content\/uploads\/2024\/06\/sherbet-auto-autoflowering-cannabis-seeds-1-768x768.jpg",768,768,true],"large":["https:\/\/bulkgenetics.com\/wp-content\/uploads\/2024\/06\/sherbet-auto-autoflowering-cannabis-seeds-1-1024x1024.jpg",1024,1024,true],"1536x1536":["https:\/\/bulkgenetics.com\/wp-content\/uploads\/2024\/06\/sherbet-auto-autoflowering-cannabis-seeds-1-1536x1536.jpg",1536,1536,true],"2048x2048":["https:\/\/bulkgenetics.com\/wp-content\/uploads\/2024\/06\/sherbet-auto-autoflowering-cannabis-seeds-1.jpg",1600,1600,false],"commercegurus-pdp-large":["https:\/\/bulkgenetics.com\/wp-content\/uploads\/2024\/06\/sherbet-auto-autoflowering-cannabis-seeds-1-990x990.jpg",990,990,true],"commercegurus-plp-mobile":["https:\/\/bulkgenetics.com\/wp-content\/uploads\/2024\/06\/sherbet-auto-autoflowering-cannabis-seeds-1-441x441.jpg",441,441,true],"cgkit_image_swatch":["https:\/\/bulkgenetics.com\/wp-content\/uploads\/2024\/06\/sherbet-auto-autoflowering-cannabis-seeds-1-100x100.jpg",100,100,true],"woocommerce_thumbnail":["https:\/\/bulkgenetics.com\/wp-content\/uploads\/2024\/06\/sherbet-auto-autoflowering-cannabis-seeds-1-300x300.jpg",300,300,true],"woocommerce_single":["https:\/\/bulkgenetics.com\/wp-content\/uploads\/2024\/06\/sherbet-auto-autoflowering-cannabis-seeds-1-800x800.jpg",800,800,true],"woocommerce_gallery_thumbnail":["https:\/\/bulkgenetics.com\/wp-content\/uploads\/2024\/06\/sherbet-auto-autoflowering-cannabis-seeds-1-150x150.jpg",150,150,true],"dgwt-wcas-product-suggestion":["https:\/\/bulkgenetics.com\/wp-content\/uploads\/2024\/06\/sherbet-auto-autoflowering-cannabis-seeds-1-64x64.jpg",64,64,true]},"uagb_author_info":{"display_name":"\u00c1ngel Flores","author_link":"https:\/\/bulkgenetics.com\/de\/author\/"},"uagb_comment_info":0,"uagb_excerpt":"Sherbet Auto bietet ein einzigartiges sensorisches Erlebnis mit ihren zitrus- und fruchtigen Aromen. Diese Indica-dominante Sorte ist einfach anzubauen, bl\u00fcht in 8-10 Wochen und produziert reichlich harzige Knospen. Ideal zur Linderung von Stress und Schmerzen, ist sie perfekt f\u00fcr Z\u00fcchter aller Erfahrungsstufen.","_links":{"self":[{"href":"https:\/\/bulkgenetics.com\/de\/wp-json\/wp\/v2\/product\/24771","targetHints":{"allow":["GET"]}}],"collection":[{"href":"https:\/\/bulkgenetics.com\/de\/wp-json\/wp\/v2\/product"}],"about":[{"href":"https:\/\/bulkgenetics.com\/de\/wp-json\/wp\/v2\/types\/product"}],"replies":[{"embeddable":true,"href":"https:\/\/bulkgenetics.com\/de\/wp-json\/wp\/v2\/comments?post=24771"}],"wp:featuredmedia":[{"embeddable":true,"href":"https:\/\/bulkgenetics.com\/de\/wp-json\/wp\/v2\/media\/25264"}],"wp:attachment":[{"href":"https:\/\/bulkgenetics.com\/de\/wp-json\/wp\/v2\/media?parent=24771"}],"wp:term":[{"taxonomy":"product_brand","embeddable":true,"href":"https:\/\/bulkgenetics.com\/de\/wp-json\/wp\/v2\/product_brand?post=24771"},{"taxonomy":"product_cat","embeddable":true,"href":"https:\/\/bulkgenetics.com\/de\/wp-json\/wp\/v2\/product_cat?post=24771"},{"taxonomy":"product_tag","embeddable":true,"href":"https:\/\/bulkgenetics.com\/de\/wp-json\/wp\/v2\/product_tag?post=24771"}],"curies":[{"name":"wp","href":"https:\/\/api.w.org\/{rel}","templated":true}]}}