{"id":24898,"date":"2024-06-07T14:52:21","date_gmt":"2024-06-07T12:52:21","guid":{"rendered":"https:\/\/bulkgenetics.com\/?post_type=product&#038;p=24898"},"modified":"2024-10-08T01:04:06","modified_gmt":"2024-10-07T23:04:06","slug":"lemon-cake","status":"publish","type":"product","link":"https:\/\/bulkgenetics.com\/de\/lemon-cake\/","title":{"rendered":"Lemon Cake"},"content":{"rendered":"\n<h2 class=\"wp-block-heading\">Lemon Cake Strain Infos<\/h2>\n\n\n\n<p>Die <strong>Lemon Cake<\/strong>, auch bekannt als <em>Lemon Cheesecake<\/em>, ist eine sativadominierte Strain mit beeindruckender Genetik. Sie wurde aus einer Kreuzung der klassischen <em><strong><a href=\"https:\/\/bulkgenetics.com\/de\/?attachment_id=11772\">Lemon Skunk<\/a><\/strong><\/em> und <em><strong><a href=\"https:\/\/bulkgenetics.com\/de\/cheese\/\">Cheese<\/a><\/strong><\/em> erschaffen und bietet ein lebhaftes und belebendes Erlebnis. Ihre dunkelgr\u00fcnen Buds mit verstreuten bernsteinfarbenen Haaren sind von einer dichten Schicht wei\u00dfer, kristallklarer Trichome bedeckt, die ihr ein frostiges und appetitliches Aussehen verleihen.<\/p>\n\n\n\n<h2 class=\"wp-block-heading\">Geschmack und Wirkung<\/h2>\n\n\n\n<p>Das Aroma der <strong>Lemon Cake<\/strong> ist eine Explosion der Sinne, die dich auf eine sensorische Reise mitnimmt. Beim \u00d6ffnen eines Beutels umh\u00fcllt dich ein moschusartiger und durchdringender Geruch, mit einer Mischung aus cremigem K\u00e4se und einem Hauch von saurer Zitrone. Beim Rauchen wird der Geschmack weniger scharf und s\u00fc\u00dfer, als ob du eine echte Zitronentorte genie\u00dfen w\u00fcrdest, mit erdigen und nussigen Untert\u00f6nen, die ihm Tiefe verleihen.<\/p>\n\n\n\n<p>Mit einem THC-Gehalt von 20% bis 23% ist diese Strain nichts f\u00fcr schwache Nerven. Schon ab dem ersten Zug wirst du eine Welle kreativer Energie sp\u00fcren, die dich dazu bringt, jedes Projekt mit erstaunlicher Klarheit und Fokus zu verwirklichen. Euphorie und Gl\u00fcck erf\u00fcllen deinen Geist, w\u00e4hrend dein K\u00f6rper von jeglichem Schmerz oder Unwohlsein befreit wird. Die <strong>Lemon Cake<\/strong> ist perfekt zur Behandlung von chronischer M\u00fcdigkeit, Migr\u00e4ne, Stimmungsschwankungen und Depressionen.<\/p>\n\n\n\n<h3 class=\"wp-block-heading\">Terpene der Lemon Cake<\/h3>\n\n\n\n<p>Die <strong>Lemon Cake<\/strong> ist reich an Terpenen, die nicht nur zu ihrem einzigartigen Aroma und Geschmack beitragen, sondern auch eine Vielzahl von therapeutischen Vorteilen bieten.<\/p>\n\n\n\n<p>Das <strong>Myrcen<\/strong> ist das dominante Terpen, bekannt f\u00fcr sein krautiges Aroma und seine F\u00e4higkeit, eine beruhigende und entspannende Wirkung zu erzeugen, die hilft, Stress und Angst abzubauen. Das <strong>Caryophyllen<\/strong> mit seinem w\u00fcrzigen und pfeffrigen Aroma wirkt als starkes entz\u00fcndungshemmendes und schmerzlinderndes Mittel, ideal zur Linderung chronischer Schmerzen.<\/p>\n\n\n\n<p>Das <strong>Limonen<\/strong>, verantwortlich f\u00fcr das erfrischende Zitrusaroma, verbessert die Stimmung und bek\u00e4mpft Depressionen, indem es ein Gef\u00fchl von Wohlbefinden und Gl\u00fcck vermittelt. Diese Terpene wirken zusammen, um ein komplexes und zufriedenstellendes Erlebnis zu bieten, sowohl im Geschmack als auch in der Wirkung.<\/p>\n\n\n\n<h2 class=\"wp-block-heading\">Ertrag und Bl\u00fctezeit<\/h2>\n\n\n\n<p>Die <strong>Lemon Cake<\/strong> ist eine Strain, die nicht nur durch ihre Wirkungen und Aromen hervorsticht, sondern auch durch ihren gro\u00dfz\u00fcgigen Ertrag. Sowohl im Innen- als auch im Au\u00dfenbereich belohnt diese Strain die Grower mit reichhaltigen und hochwertigen Ernten.<\/p>\n\n\n\n<p>In Innenr\u00e4umen hat die Lemon Cake eine Bl\u00fctezeit von 9 bis 10 Wochen. W\u00e4hrend dieser Zeit entwickeln die Pflanzen lange und dichte Buds, die von einer dicken Schicht Trichome bedeckt sind. Unter optimalen Bedingungen kann man einen Ertrag von <strong>600 bis 700 Gramm pro Quadratmeter<\/strong> erwarten, was sie zu einer ausgezeichneten Wahl f\u00fcr diejenigen macht, die ihren Ertrag in einem kontrollierten Raum maximieren m\u00f6chten.<\/p>\n\n\n\n<p>Im Freien k\u00f6nnen die Lemon Cake Pflanzen eine H\u00f6he von 2 bis 2,5 Metern erreichen und sind Mitte Oktober erntebereit. Unter Sonneneinstrahlung k\u00f6nnen diese Pflanzen bis zu <strong>800 Gramm pro Pflanze<\/strong> produzieren. Die direkte Sonneneinstrahlung f\u00f6rdert die Trichomproduktion und verst\u00e4rkt die einzigartigen Aromen und Geschmacksrichtungen dieser Strain.<\/p>\n\n\n\n<p>Die Robustheit der Lemon Cake und ihre Resistenz gegen Sch\u00e4dlinge und h\u00e4ufige Krankheiten machen sie zu einer attraktiven Wahl f\u00fcr Anf\u00e4nger und erfahrene Grower. Ihre F\u00e4higkeit, sich an verschiedene Anbaubedingungen anzupassen, zusammen mit ihrem beeindruckenden Ertrag und der relativ kurzen Bl\u00fctezeit, sorgt f\u00fcr eine lohnende und erfolgreiche Anbauerfahrung.<\/p>\n\n\n\n<h2 class=\"wp-block-heading\">Wie Man Lemon Cake Anbaut<\/h2>\n\n\n\n<p>Beim Anbau von <strong>Lemon Cake<\/strong> begegnet man einer Strain, die relativ einfach zu handhaben ist, was sie zu einer ausgezeichneten Wahl f\u00fcr Anf\u00e4nger und erfahrene Grower macht. Diese Strain erfordert keine extrem spezifischen Pflege, aber wie bei allen Cannabispflanzen kann die Aufmerksamkeit f\u00fcr Details einen gro\u00dfen Unterschied in der Qualit\u00e4t und Quantit\u00e4t der Ernte ausmachen.<\/p>\n\n\n\n<p>F\u00fcr beste Ergebnisse empfehlen wir, Lemon Cake in einem gem\u00e4\u00dfigten bis warmen Klima anzubauen, mit Tagestemperaturen zwischen 20\u00b0C und 26\u00b0C. Diese Strain passt sich gut sowohl an Innen- als auch an Au\u00dfenanbau an. In Innenr\u00e4umen ist es wichtig, eine gute Luftzirkulation aufrechtzuerhalten und die Luftfeuchtigkeit zu kontrollieren, um Probleme mit Schimmel und Pilzen zu vermeiden. Im Freien bevorzugt sie ein halbtrockenes und mediterranes Klima.<\/p>\n\n\n\n<p>Lemon Cake zeigt eine bemerkenswerte Resistenz gegen Sch\u00e4dlinge und h\u00e4ufige Krankheiten, was den Bedarf an chemischen Eingriffen reduziert und die Handhabung des Anbaus erleichtert. Es ist jedoch immer ratsam, eine st\u00e4ndige \u00dcberwachung durchzuf\u00fchren, um die optimale Gesundheit der Pflanzen zu gew\u00e4hrleisten.<\/p>\n\n\n\n<div class=\"wp-block-columns is-layout-flex wp-container-core-columns-is-layout-28f84493 wp-block-columns-is-layout-flex\">\n<div class=\"wp-block-column is-layout-flow wp-block-column-is-layout-flow\">\n<p class=\"has-text-align-center has-medium-font-size\"><strong>Was wir am meisten m\u00f6gen<\/strong><\/p>\n\n\n\n<ul class=\"wp-block-list\">\n<li>Reicher Ertrag sowohl im Innen- als auch im Au\u00dfenbereich.<\/li>\n\n\n\n<li>Komplexer und k\u00f6stlicher Geschmack und Aroma, mit Zitrus- und K\u00e4senoten.<\/li>\n\n\n\n<li>Energiegeladene und kreative Effekte, die die Stimmung heben.<\/li>\n\n\n\n<li>Einfacher Anbau und Sch\u00e4dlingsresistenz.<\/li>\n<\/ul>\n<\/div>\n\n\n\n<div class=\"wp-block-column is-layout-flow wp-block-column-is-layout-flow\">\n<p class=\"has-text-align-center has-medium-font-size\"><strong>Was wir weniger m\u00f6gen<\/strong><\/p>\n\n\n\n<ul class=\"wp-block-list\">\n<li>Der Rauch kann etwas rau f\u00fcr Lunge und Nebenh\u00f6hlen sein.<\/li>\n\n\n\n<li>Die Intensit\u00e4t des Aromas kann bei diskreten Anbauvorhaben schwer zu handhaben sein.<\/li>\n<\/ul>\n<\/div>\n<\/div>\n\n\n\n<div style=\"height:50px\" aria-hidden=\"true\" class=\"wp-block-spacer uag-hide-mob\"><\/div>\n\n\n\n<h2 class=\"wp-block-heading\">H\u00e4ufig gestellte Fragen<\/h2>\n\n\n\n<p>Nachfolgend findest du die Antworten auf die h\u00e4ufigsten Fragen, die von Growern gestellt werden, die an dieser Strain interessiert sind:<\/p>\n\n\n<div id=\"rank-math-faq\" class=\"rank-math-block\">\n<div class=\"rank-math-list \">\n<div id=\"faq-question-1663029074962\" class=\"rank-math-list-item\">\n<h3 class=\"rank-math-question \">Ist Lemon Cake sativa oder indica?<\/h3>\n<div class=\"rank-math-answer \">\n\n<p><strong>Lemon Cake<\/strong> ist eine \u00fcberwiegend sativa-dominante Strain, mit 70% sativa und 30% indica Genetik. Sativa-Strains sind bekannt f\u00fcr ihre energetisierenden und zerebralen Effekte, ideal um die Stimmung zu verbessern und die Kreativit\u00e4t zu f\u00f6rdern. Im Gegensatz dazu bieten indicas oft eine entspannendere und k\u00f6rperliche Wirkung, perfekt zur Schmerzlinderung und zur F\u00f6rderung des Schlafs. Mit Lemon Cake kannst du ein lebendiges und stimulierendes Erlebnis erwarten, ideal f\u00fcr den Tagesgebrauch.<\/p>\n\n<\/div>\n<\/div>\n<div id=\"faq-question-1663029159933\" class=\"rank-math-list-item\">\n<h3 class=\"rank-math-question \">Wie hoch ist der THC- und CBD-Gehalt von Lemon Cake?<\/h3>\n<div class=\"rank-math-answer \">\n\n<p>Lemon Cake hat einen THC-Gehalt von 20% bis 23%, was sie zu einer ziemlich starken Strain macht. Der CBD-Gehalt ist sehr niedrig, meist nahe 0%, was bedeutet, dass die psychoaktiven Effekte des THC dominieren und ein intensives und langanhaltendes Erlebnis bieten.<\/p>\n\n<\/div>\n<\/div>\n<div id=\"faq-question-1663029165861\" class=\"rank-math-list-item\">\n<h3 class=\"rank-math-question \">Wie lange dauert die Bl\u00fctezeit von Lemon Cake?<\/h3>\n<div class=\"rank-math-answer \">\n\n<p>Die Bl\u00fctezeit von Lemon Cake betr\u00e4gt 9 bis 10 Wochen, wenn sie im Innenbereich angebaut wird. F\u00fcr Outdoor-Grower ist die Ernte in der Regel Mitte Oktober bereit, abh\u00e4ngig vom Klima und den Anbaubedingungen.<\/p>\n\n<\/div>\n<\/div>\n<div id=\"faq-question-1666780029954\" class=\"rank-math-list-item\">\n<h3 class=\"rank-math-question \">Wie hoch ist der Ertrag von Lemon Cake im Innen- und Au\u00dfenbereich?<\/h3>\n<div class=\"rank-math-answer \">\n\n<p>Im Innenbereich kann Lemon Cake zwischen 600 und 700 Gramm pro Quadratmeter produzieren. Im Au\u00dfenbereich kann der Ertrag bis zu 800 Gramm pro Pflanze erreichen, abh\u00e4ngig von den Anbaubedingungen und der Pflege.<\/p>\n\n<\/div>\n<\/div>\n<\/div>\n<\/div>","protected":false},"excerpt":{"rendered":"<p><b>Lemon Cake<\/b> ist eine sativadominierte Strain mit einem starken THC-Gehalt von <strong>20-23%<\/strong>. Genie\u00dfe ihren k\u00f6stlichen <strong>Zitrus- und K\u00e4segeschmack<\/strong> und erlebe eine unvergleichliche kreative Energie. Ideal f\u00fcr diejenigen, die ihre Stimmung und Produktivit\u00e4t verbessern m\u00f6chten. Mach sie dir noch heute zu eigen!<\/p>\n","protected":false},"featured_media":26306,"comment_status":"open","ping_status":"closed","template":"","meta":{"_acf_changed":false,"inline_featured_image":false,"_uag_custom_page_level_css":""},"product_brand":[],"product_cat":[1097],"product_tag":[],"class_list":{"0":"post-24898","1":"product","2":"type-product","3":"status-publish","4":"has-post-thumbnail","6":"product_cat-feminisierte-cannabis-samen","8":"first","9":"instock","10":"taxable","11":"shipping-taxable","12":"purchasable","13":"product-type-simple"},"acf":[],"uagb_featured_image_src":{"full":["https:\/\/bulkgenetics.com\/wp-content\/uploads\/2024\/06\/lemon-cake-strain-feminized-cannabis-seeds.jpg",1600,1600,false],"thumbnail":["https:\/\/bulkgenetics.com\/wp-content\/uploads\/2024\/06\/lemon-cake-strain-feminized-cannabis-seeds-150x150.jpg",150,150,true],"medium":["https:\/\/bulkgenetics.com\/wp-content\/uploads\/2024\/06\/lemon-cake-strain-feminized-cannabis-seeds-300x300.jpg",300,300,true],"medium_large":["https:\/\/bulkgenetics.com\/wp-content\/uploads\/2024\/06\/lemon-cake-strain-feminized-cannabis-seeds-768x768.jpg",768,768,true],"large":["https:\/\/bulkgenetics.com\/wp-content\/uploads\/2024\/06\/lemon-cake-strain-feminized-cannabis-seeds-1024x1024.jpg",1024,1024,true],"1536x1536":["https:\/\/bulkgenetics.com\/wp-content\/uploads\/2024\/06\/lemon-cake-strain-feminized-cannabis-seeds-1536x1536.jpg",1536,1536,true],"2048x2048":["https:\/\/bulkgenetics.com\/wp-content\/uploads\/2024\/06\/lemon-cake-strain-feminized-cannabis-seeds.jpg",1600,1600,false],"commercegurus-pdp-large":["https:\/\/bulkgenetics.com\/wp-content\/uploads\/2024\/06\/lemon-cake-strain-feminized-cannabis-seeds-990x990.jpg",990,990,true],"commercegurus-plp-mobile":["https:\/\/bulkgenetics.com\/wp-content\/uploads\/2024\/06\/lemon-cake-strain-feminized-cannabis-seeds-441x441.jpg",441,441,true],"cgkit_image_swatch":["https:\/\/bulkgenetics.com\/wp-content\/uploads\/2024\/06\/lemon-cake-strain-feminized-cannabis-seeds-100x100.jpg",100,100,true],"woocommerce_thumbnail":["https:\/\/bulkgenetics.com\/wp-content\/uploads\/2024\/06\/lemon-cake-strain-feminized-cannabis-seeds-300x300.jpg",300,300,true],"woocommerce_single":["https:\/\/bulkgenetics.com\/wp-content\/uploads\/2024\/06\/lemon-cake-strain-feminized-cannabis-seeds-800x800.jpg",800,800,true],"woocommerce_gallery_thumbnail":["https:\/\/bulkgenetics.com\/wp-content\/uploads\/2024\/06\/lemon-cake-strain-feminized-cannabis-seeds-150x150.jpg",150,150,true],"dgwt-wcas-product-suggestion":["https:\/\/bulkgenetics.com\/wp-content\/uploads\/2024\/06\/lemon-cake-strain-feminized-cannabis-seeds-64x64.jpg",64,64,true]},"uagb_author_info":{"display_name":"Bruno Crespo","author_link":"https:\/\/bulkgenetics.com\/de\/author\/"},"uagb_comment_info":0,"uagb_excerpt":"Lemon Cake ist eine sativadominierte Strain mit einem starken THC-Gehalt von 20-23%. Genie\u00dfe ihren k\u00f6stlichen Zitrus- und K\u00e4segeschmack und erlebe eine unvergleichliche kreative Energie. Ideal f\u00fcr diejenigen, die ihre Stimmung und Produktivit\u00e4t verbessern m\u00f6chten. Mach sie dir noch heute zu eigen!","_links":{"self":[{"href":"https:\/\/bulkgenetics.com\/de\/wp-json\/wp\/v2\/product\/24898","targetHints":{"allow":["GET"]}}],"collection":[{"href":"https:\/\/bulkgenetics.com\/de\/wp-json\/wp\/v2\/product"}],"about":[{"href":"https:\/\/bulkgenetics.com\/de\/wp-json\/wp\/v2\/types\/product"}],"replies":[{"embeddable":true,"href":"https:\/\/bulkgenetics.com\/de\/wp-json\/wp\/v2\/comments?post=24898"}],"wp:featuredmedia":[{"embeddable":true,"href":"https:\/\/bulkgenetics.com\/de\/wp-json\/wp\/v2\/media\/26306"}],"wp:attachment":[{"href":"https:\/\/bulkgenetics.com\/de\/wp-json\/wp\/v2\/media?parent=24898"}],"wp:term":[{"taxonomy":"product_brand","embeddable":true,"href":"https:\/\/bulkgenetics.com\/de\/wp-json\/wp\/v2\/product_brand?post=24898"},{"taxonomy":"product_cat","embeddable":true,"href":"https:\/\/bulkgenetics.com\/de\/wp-json\/wp\/v2\/product_cat?post=24898"},{"taxonomy":"product_tag","embeddable":true,"href":"https:\/\/bulkgenetics.com\/de\/wp-json\/wp\/v2\/product_tag?post=24898"}],"curies":[{"name":"wp","href":"https:\/\/api.w.org\/{rel}","templated":true}]}}