{"id":28553,"date":"2024-09-24T11:47:42","date_gmt":"2024-09-24T09:47:42","guid":{"rendered":"https:\/\/bulkgenetics.com\/?post_type=product&#038;p=28553"},"modified":"2024-10-08T01:04:04","modified_gmt":"2024-10-07T23:04:04","slug":"mimosa","status":"publish","type":"product","link":"https:\/\/bulkgenetics.com\/de\/mimosa\/","title":{"rendered":"Mimosa"},"content":{"rendered":"\n<h2 class=\"wp-block-heading\">Mimosa Strain Info<\/h2>\n\n\n\n<p><strong>Mimosa<\/strong> ist wie dieser fruchtige Cocktail, der morgens die Laune hebt, aber ohne Alkohol, daf\u00fcr mit einem Cannabistwist, der niemanden gleichg\u00fcltig l\u00e4sst. Diese Strain entsteht aus der Fusion von <strong><a href=\"https:\/\/bulkgenetics.com\/de\/purple-punch\/\">Purple Punch<\/a><\/strong> und <strong>Clementine<\/strong>, zwei Giganten der Cannabiswelt, die zusammenkommen, um ein Juwel der Tangie-Familie zu kreieren. Ihre Genetik definiert sie als Hybride mit <strong>70% Sativa<\/strong> und <strong>30% Indica<\/strong>, ideal f\u00fcr diejenigen, die eine Energieexplosion suchen, ohne das Gleichgewicht und die Ruhe zu verlieren.<\/p>\n\n\n\n<p>Die Sch\u00f6pfer dieses Wunders haben das Rezept perfektioniert, bis sie die Version <strong>Mimosa v6<\/strong> erreicht haben, eine raffinierte Weiterentwicklung, die nicht nur den Tag erhellt, sondern auch Preise bei Wettbewerben wie der <strong>Karma Cup<\/strong> f\u00fcr ihre spektakul\u00e4re Sativa-Wirkung gewonnen hat. Mit einem THC-Gehalt, der bis zu 30% erreichen kann, ist Mimosa keine gew\u00f6hnliche Strain. Sie ist kraftvoll, freudig und hat diesen Funken, der den Tag perfekt starten l\u00e4sst.<\/p>\n\n\n\n<p>Optisch ist Mimosa eine Sch\u00f6nheit. Ihre Bl\u00fcten sind klein, dicht und tief olivgr\u00fcn, geschm\u00fcckt mit intensiven <strong>orangen Haaren<\/strong> und einer dicken Schicht aus <strong>wei\u00dfen Trichomen<\/strong>, die ihr das frostige Aussehen verleihen, das so charakteristisch f\u00fcr diese Strain ist. Sie sieht nicht nur sch\u00f6n aus, sondern duftet auch fantastisch. Schon beim \u00d6ffnen des Glases wird man von einem <strong>s\u00fc\u00dfen und zitrusartigen Aroma<\/strong> \u00fcberflutet, das an eine frisch gepresste Mimosa erinnert, mit einem Hauch von Beeren beim Ausatmen, was jeden Zug zu einem Gourmet-Erlebnis macht.<\/p>\n\n\n\n<p>Z\u00fcchter, die das Vergn\u00fcgen hatten, Mimosa zu ernten, heben ihre <strong>leichte Anbaubarkeit<\/strong> und ihr <strong>schnelles Wachstum<\/strong> hervor. Ihre Bl\u00fcten, obwohl nicht so kompakt wie die anderer Strains, stechen durch ihren Geschmack und den starken Effekt hervor, den sie bei jedem Zug erzeugen. &#8220;Die beste Tageszeit-Strain!&#8221; sagen diejenigen, die sie probiert haben, w\u00e4hrend andere versichern, dass sie sie &#8220;von Ohr zu Ohr&#8221; l\u00e4cheln l\u00e4sst, nach nur wenigen Bongz\u00fcgen.<\/p>\n\n\n\n<h2 class=\"wp-block-heading\">Mimosa Morphologie<\/h2>\n\n\n\n<p>Die <strong>Mimosa<\/strong>-Pflanze ist ein wahres visuelles Meisterwerk in der Cannabiswelt. Mit einer vorwiegend Sativa-Struktur w\u00e4chst sie hoch und schlank, ideal f\u00fcr diejenigen, die gerne Pflanzen z\u00fcchten, die sowohl im Innen- als auch im Au\u00dfenbereich gro\u00dfe H\u00f6hen erreichen. Im Innenbereich kann sie bis zu <strong>90 cm<\/strong> hoch werden, w\u00e4hrend sie im Au\u00dfenbereich unter optimalen Bedingungen eine beeindruckende H\u00f6he von <strong>2,2 Metern<\/strong> erreichen und au\u00dfergew\u00f6hnliche Ertr\u00e4ge liefern kann.<\/p>\n\n\n\n<p>Ihre Bl\u00e4tter sind in einem lebendigen Gr\u00fcn gehalten und haben eine l\u00e4ngliche Struktur, typisch f\u00fcr Sativa-Strains, mit einem moderaten Internodienabstand, der f\u00fcr gute Bel\u00fcftung und Lichtdurchdringung in alle Ecken sorgt. Dieses Detail ist entscheidend, um Feuchtigkeitsprobleme zu vermeiden und die Bl\u00fctenproduktion zu maximieren.<\/p>\n\n\n\n<p>Die Bl\u00fcten von Mimosa sind dicht, kompakt, aber dennoch reichlich vorhanden, und zeichnen sich durch eine tiefe <strong>olivgr\u00fcne<\/strong> Farbe aus, die perfekt mit den <strong>dunkelorangenen Stempeln<\/strong> kontrastiert, die zwischen den Trichomen hervortreten. Diese Trichome bilden eine gl\u00e4nzende Schicht, die den Bl\u00fcten ein frostiges Aussehen verleiht, als w\u00e4ren sie von einer feinen Zuckerschicht \u00fcberzogen, was auf ihre <strong>hohe THC-Konzentration<\/strong> hinweist.<\/p>\n\n\n\n<p>Diese robuste und visuell ansprechende Struktur macht sie zu einer Pflanze, die nicht nur in ihren Effekten stark, sondern auch sch\u00f6n anzusehen ist, ideal f\u00fcr Z\u00fcchter, die sowohl Ertrag als auch \u00c4sthetik in ihren Cannabisanlagen sch\u00e4tzen.<\/p>\n\n\n\n<h2 class=\"wp-block-heading\">Geschmack und Effekte<\/h2>\n\n\n\n<p><strong>Mimosa<\/strong> ist ein wahres Fest f\u00fcr die Sinne. Vom ersten Moment an, in dem man sie riecht, wird man in ein Zitrusparadies transportiert, wo sich die Aromen von <strong>frischer Orange<\/strong> und <strong>tropischen Fr\u00fcchten<\/strong> mit einer s\u00fc\u00dfen Note von Beeren vermischen. Es ist, als w\u00fcrde man an einem sonnigen Morgen mit einem Glas Mimosa aufwachen, aber in der Cannabisversion. Beim Ausatmen rundet ein sanfter Hauch von <strong>Blumen und Kr\u00e4utern<\/strong> das Erlebnis ab, hinterl\u00e4sst einen frischen und langanhaltenden Nachgeschmack im Mund und l\u00e4dt zu einem weiteren Zug ein.<\/p>\n\n\n\n<p>Der <strong>Geschmack<\/strong> ist eine Explosion von saftigen Zitrusfr\u00fcchten mit einem s\u00e4uerlichen Hauch, der an Grapefruit erinnert, ausgeglichen durch die S\u00fc\u00dfe von Trauben und Beeren. Jeder Zug ist eine sensorische Reise, bei der die <strong>Terpene<\/strong> in perfekter Harmonie spielen, um ein k\u00f6stliches Erlebnis zu bieten, das auch die anspruchsvollsten Gaumen nicht entt\u00e4uscht. Mimosa ist die Strain, die jeden Zug zu einem besonderen Moment macht, fast wie ein Toast.<\/p>\n\n\n\n<p>Und was die Effekte angeht, bleibt <strong>Mimosa<\/strong> nicht zur\u00fcck. Mit einem <strong>THC-Gehalt von 24% bis 30%<\/strong> ist diese Strain pure Energie. Schon nach den ersten Minuten wird man von einer Welle der Euphorie umh\u00fcllt, die jede Spur von Negativit\u00e4t aufl\u00f6st. &#8220;Sie brachte mich von Ohr zu Ohr zum L\u00e4cheln&#8221;, kommentieren diejenigen, die sie probiert haben, und das zu Recht. Es ist die Art von Gras, die einen mit Optimismus erf\u00fcllt, aus der Lethargie rei\u00dft und den n\u00f6tigen Schub gibt, um den Tag in bester Laune anzugehen.<\/p>\n\n\n\n<p>W\u00e4hrend der Effekt fortschreitet, begleiten einen geistige Klarheit und Konzentration, was sie zu einer perfekten Wahl f\u00fcr kreative oder soziale Aufgaben macht. Kein Wunder, dass viele sie w\u00e4hlen, um gute Zeiten mit Freunden zu teilen oder den Geist bei allt\u00e4glichen Aktivit\u00e4ten zu befreien. In h\u00f6heren Dosen kann sie den K\u00f6rper entspannen, ohne einen auszuknocken, und hinterl\u00e4sst einen in einem Zustand der Gelassenheit, der zur Entspannung einl\u00e4dt, ohne die Kontrolle zu verlieren.<\/p>\n\n\n\n<p><strong>Mimosa<\/strong> hat einen niedrigen <strong>CBD<\/strong>-Gehalt, normalerweise unter <strong>1%<\/strong>, sodass die Effekte \u00fcberwiegend psychoaktiv sind. Sie ist perfekt f\u00fcr diejenigen, die nach einem emotionalen und physischen High suchen, ideal zur Bek\u00e4mpfung von <strong>Stress, Depressionen und M\u00fcdigkeit<\/strong>, jedoch mit der Warnung, dass sie in gro\u00dfen Dosen eine tiefe Entspannung hervorrufen kann, die einen m\u00f6glicherweise auf der Couch festklebt.<\/p>\n\n\n\n<p>Mit Mimosa ist jeder Zug eine Einladung zum L\u00e4cheln, sich leicht und voller Energie zu f\u00fchlen. Es ist der Funke, der deinen Tag entz\u00fcndet und Sorgen in einem Cocktail aus Gl\u00fcck und Wohlbefinden aufl\u00f6st.<\/p>\n\n\n\n<h3 class=\"wp-block-heading\">Terpene<\/h3>\n\n\n\n<p>Die sensorische Erfahrung von <strong>Mimosa<\/strong> wird stark von ihrem <strong>Terpenprofil<\/strong> gepr\u00e4gt, das nicht nur ihr Aroma und ihren Geschmack definiert, sondern auch ihre Effekte verst\u00e4rkt. Zu den Hauptterpenen, die in dieser Strain zu finden sind, geh\u00f6ren:<\/p>\n\n\n\n<ul class=\"wp-block-list\">\n<li><strong>Myrcen:<\/strong> Dies ist eines der h\u00e4ufigsten Terpene in Mimosa und verantwortlich f\u00fcr ihr leicht erdiges und fruchtiges Aroma. Myrcen f\u00fcgt einen Hauch von <strong>Kr\u00e4utern<\/strong> und <strong>feuchter Erde<\/strong> hinzu, \u00e4hnlich dem Geruch von reifen Mangos oder frischem Thymian. Neben seiner Rolle im Aroma ist dieses Terpen f\u00fcr seine entspannenden und beruhigenden Eigenschaften bekannt, die helfen, Stress abzubauen und die k\u00f6rperliche Entspannung zu f\u00f6rdern, insbesondere bei h\u00f6heren Dosen.<\/li>\n\n\n\n<li><strong>Pinene:<\/strong> Wie der Name schon sagt, hat dieses Terpen einen charakteristischen <strong>frischen Kiefernduft<\/strong>, der das Gef\u00fchl hervorruft, durch W\u00e4lder nach einem leichten Regen zu gehen. Pinene verleiht Mimosa nicht nur Frische, sondern hat auch <strong>entz\u00fcndungshemmende<\/strong> und <strong>bronchienerweiternde<\/strong> Wirkungen, die helfen k\u00f6nnen, die geistige Klarheit und die Atemkapazit\u00e4t zu verbessern. Seine Anwesenheit verst\u00e4rkt die Fokus- und Klarheitseffekte, die viele Mimosa-Konsumenten erleben.<\/li>\n\n\n\n<li><strong>Caryophyllen:<\/strong> Dieses Terpen ist bekannt f\u00fcr seinen <strong>w\u00fcrzigen<\/strong> und <strong>holzigen<\/strong> Geschmack, \u00e4hnlich wie schwarzer Pfeffer oder Nelken. In Mimosa f\u00fcgt es Tiefe zum Geschmack hinzu und kontrastiert perfekt mit den s\u00fc\u00dfen und zitrusartigen T\u00f6nen. Das Interessanteste an Caryophyllen ist seine F\u00e4higkeit, mit den Endocannabinoid-Rezeptoren zu interagieren, was ihm <strong>entz\u00fcndungshemmende<\/strong> und <strong>schmerzlindernde<\/strong> Eigenschaften verleiht. Es ist ideal f\u00fcr diejenigen, die nach Erleichterung bei Muskelschmerzen oder Entz\u00fcndungen suchen.<\/li>\n<\/ul>\n\n\n\n<p>Diese Terpene arbeiten zusammen, um das einzigartige Profil von Mimosa zu schaffen, das nicht nur ihr Aroma und ihren Geschmack verbessert, sondern auch die <strong>euphorischen und energetisierenden Effekte<\/strong> verst\u00e4rkt, die sie bei den Konsumenten so beliebt machen. Jedes tr\u00e4gt seinen speziellen Touch bei, sodass jeder Zug zu einem reichen und komplexen Erlebnis wird, perfekt f\u00fcr diejenigen, die mehr als nur THC in ihrem Cannabis suchen.<\/p>\n\n\n\n<h2 class=\"wp-block-heading\">Produktion und Bl\u00fctezeit<\/h2>\n\n\n\n<p><strong>Mimosa<\/strong> ist eine Strain, die nicht nur mit ihren Effekten und ihrem Geschmack beeindruckt, sondern auch mit ihrer gro\u00dfz\u00fcgigen <strong>Produktion<\/strong>, sowohl im Innen- als auch im Au\u00dfenbereich. F\u00fcr diejenigen, die ihre Ernte maximieren m\u00f6chten, ist diese Strain eine ausgezeichnete Wahl.<\/p>\n\n\n\n<p>Im <strong>Indoor-Anbau<\/strong> kann Mimosa bis zu <strong>700 Gramm pro Quadratmeter<\/strong> Ertrag liefern, was sie zu einer sehr rentablen Strain f\u00fcr Z\u00fcchter macht, die \u00fcber ausreichend Platz und optimale Bedingungen verf\u00fcgen. Ihre <strong>Bl\u00fctezeit<\/strong> ist relativ kurz und liegt zwischen <strong>65 und 70 Tagen<\/strong>. Das macht sie ideal f\u00fcr diejenigen, die in einem moderaten Zeitrahmen Ergebnisse erzielen m\u00f6chten, ohne die Qualit\u00e4t der Ernte zu beeintr\u00e4chtigen.<\/p>\n\n\n\n<p>Im <strong>Freilandanbau<\/strong> erreicht Mimosa ebenfalls ihre H\u00f6chstleistung und kann beeindruckende Ertr\u00e4ge von bis zu <strong>2000 Gramm pro Pflanze<\/strong> erzielen, abh\u00e4ngig von den klimatischen Bedingungen und der Pflege. Diese Pflanze bevorzugt warme, sonnige Klimazonen, und unter optimalen Bedingungen kann sie bis zu <strong>2,2 Meter<\/strong> hoch wachsen. Der <strong>Erntezeitpunkt<\/strong> im Freien liegt normalerweise Mitte bis Ende <strong>Oktober<\/strong>, was sie zu einer ausgezeichneten Wahl f\u00fcr diejenigen macht, die in Regionen mit langen, milden Herbsten anbauen.<\/p>\n\n\n\n<p>Mit Mimosa, egal ob Sie sich f\u00fcr den Anbau im Innen- oder Au\u00dfenbereich entscheiden, finden Sie eine dankbare Pflanze, die harzige und geschmackvolle Bl\u00fcten in gro\u00dfz\u00fcgigen Mengen liefert. Dar\u00fcber hinaus erm\u00f6glicht ihre <strong>relativ kurze Bl\u00fctezeit<\/strong> den Z\u00fcchtern, reiche Ernten zu genie\u00dfen, ohne lange Wartezeiten in Kauf nehmen zu m\u00fcssen.<\/p>\n\n\n\n<h2 class=\"wp-block-heading\">Wie man Mimosa anbaut<\/h2>\n\n\n\n<p>Wenn es um den Anbau von <strong>Mimosa<\/strong> geht, haben wir es mit einer Strain zu tun, die trotz ihrer Potenz relativ leicht zu handhaben ist, sowohl f\u00fcr Anf\u00e4nger als auch f\u00fcr erfahrene Z\u00fcchter. Diese Pflanze reagiert gut auf verschiedene Anbautechniken und bietet spektakul\u00e4re Ertr\u00e4ge, wenn sie die richtige Pflege erh\u00e4lt. Im Folgenden werden einige wichtige Aspekte erl\u00e4utert, um das Beste aus dieser Strain herauszuholen, sowohl im Innen- als auch im Au\u00dfenbereich.<\/p>\n\n\n\n<h3 class=\"wp-block-heading\">Anbauschwierigkeit<\/h3>\n\n\n\n<p>Der Anbau von Mimosa stellt keine gro\u00dfen Schwierigkeiten dar, was sie f\u00fcr alle Arten von Z\u00fcchtern zug\u00e4nglich macht. Ihr schnelles und kr\u00e4ftiges Wachstum macht es einfach, die Pflanze zu handhaben, und es sind keine fortgeschrittenen Techniken erforderlich, um gute Ergebnisse zu erzielen. Wie bei jeder Pflanze k\u00f6nnen jedoch durch Schnitt- oder Trainingsmethoden wie <strong>topping<\/strong> oder <strong>LST (Low Stress Training)<\/strong> die Ertr\u00e4ge gesteigert werden, indem ihre H\u00f6he kontrolliert und eine buschigere, produktivere Struktur gef\u00f6rdert wird.<\/p>\n\n\n\n<h3 class=\"wp-block-heading\">Geeignetes Klima und Anbaubedingungen<\/h3>\n\n\n\n<p>Mimosa bevorzugt warme, sonnige Klimazonen, wenn sie im Freien angebaut wird. Es ist wichtig, sicherzustellen, dass sie viel direktes Sonnenlicht erh\u00e4lt, um ihre Produktion dichter, harziger Bl\u00fcten zu steigern. Die optimalen Temperaturen liegen zwischen <strong>21 \u00baC und 29 \u00baC<\/strong> w\u00e4hrend des Tages, und wir sollten versuchen, zu verhindern, dass die Nachttemperaturen zu stark abfallen. Beim Innenanbau ist es entscheidend, eine kontrollierte Temperatur und Luftfeuchtigkeit aufrechtzuerhalten, insbesondere in der Bl\u00fctephase, in der eine ideale Luftfeuchtigkeit von <strong>40%-50%<\/strong> notwendig ist, um Schimmelprobleme zu vermeiden.<\/p>\n\n\n\n<p>Im Au\u00dfenbereich empfehlen wir, im Fr\u00fchling zu pflanzen, damit die Pflanze den gesamten warmen und sonnigen Zyklus vor der Ernte, die im Oktober erfolgt, nutzen kann. In k\u00fchleren oder gem\u00e4\u00dfigteren Klimazonen kann man den Anbau im Gew\u00e4chshaus in Betracht ziehen, um Mimosa vor Witterungseinfl\u00fcssen zu sch\u00fctzen und die Anbausaison zu verl\u00e4ngern.<\/p>\n\n\n\n<h3 class=\"wp-block-heading\">Resistenz gegen Sch\u00e4dlinge und Krankheiten<\/h3>\n\n\n\n<p>Eines der Merkmale, das wir an Mimosa am meisten sch\u00e4tzen, ist ihre gute Resistenz gegen Sch\u00e4dlinge und Krankheiten. Dank ihrer robusten Struktur und ihrer gut ausbalancierten Genetik vertr\u00e4gt diese Pflanze vielf\u00e4ltige Anbaubedingungen gut. Wie jede Pflanze ist sie jedoch nicht immun gegen Risiken. Wir empfehlen, eine gute Bel\u00fcftung und eine saubere Umgebung aufrechtzuerhalten, um Probleme mit <strong>Milben, Blattl\u00e4usen<\/strong> oder <strong>Mehltau<\/strong> zu vermeiden, die auftreten k\u00f6nnen, wenn die Luftfeuchtigkeit zu hoch ist.<\/p>\n\n\n\n<p>Um sie im Au\u00dfenbereich vor m\u00f6glichen Sch\u00e4dlingen zu sch\u00fctzen, ist es immer eine gute Idee, nat\u00fcrliche Insektizide wie <strong>Neem\u00f6l<\/strong> zu verwenden oder n\u00fctzliche Insekten wie Marienk\u00e4fer einzuf\u00fchren, um ein nat\u00fcrliches Gleichgewicht im Garten zu gew\u00e4hrleisten. Mit der richtigen Pflege ist Mimosa eine widerstandsf\u00e4hige Pflanze, die in den meisten F\u00e4llen mit einer reichlichen und hochwertigen Ernte belohnt.<\/p>\n\n\n\n<div class=\"wp-block-columns is-layout-flex wp-container-core-columns-is-layout-28f84493 wp-block-columns-is-layout-flex\">\n<div class=\"wp-block-column is-layout-flow wp-block-column-is-layout-flow\">\n<p class=\"has-text-align-center has-medium-font-size\"><strong>Was wir am meisten m\u00f6gen<\/strong><\/p>\n\n\n\n<ul class=\"wp-block-list\">\n<li>Ihr Zitrus- und Fruchtprofil ist unvergleichlich, mit tropischen Noten, die jeden Zug zu einem Genuss machen.<\/li>\n\n\n\n<li>Perfekt, um den Tag mit guter Laune und geistiger Klarheit zu beginnen.<\/li>\n\n\n\n<li>Sowohl im Innen- als auch im Au\u00dfenbereich bietet Mimosa gro\u00dfz\u00fcgige Ertr\u00e4ge.<\/li>\n\n\n\n<li>Ihre robuste Struktur und ihr schnelles Wachstum machen sie f\u00fcr Z\u00fcchter aller Erfahrungsstufen zug\u00e4nglich.<\/li>\n\n\n\n<li>Sie ist eine starke Pflanze, die den Herausforderungen des Anbaus gut standh\u00e4lt.<\/li>\n<\/ul>\n<\/div>\n\n\n\n<div class=\"wp-block-column is-layout-flow wp-block-column-is-layout-flow\">\n<p class=\"has-text-align-center has-medium-font-size\"><strong>Was wir am wenigsten m\u00f6gen<\/strong><\/p>\n\n\n\n<ul class=\"wp-block-list\">\n<li>In der Bl\u00fctephase erfordert sie Aufmerksamkeit, um Schimmelprobleme zu vermeiden.<\/li>\n\n\n\n<li>Sie kann eine gro\u00dfe Gr\u00f6\u00dfe erreichen, was in kleinen oder diskreten R\u00e4umen eine Herausforderung darstellen kann.<\/li>\n<\/ul>\n<\/div>\n<\/div>\n\n\n\n<div style=\"height:50px\" aria-hidden=\"true\" class=\"wp-block-spacer uag-hide-mob\"><\/div>\n\n\n\n<h2 class=\"wp-block-heading\">H\u00e4ufig gestellte Fragen<\/h2>\n\n\n\n<p>Im Folgenden findest du die Antworten auf die am h\u00e4ufigsten gestellten Fragen von Z\u00fcchtern, die an dieser Sorte interessiert sind:<\/p>\n\n\n\n<div class=\"wp-block-rank-math-faq-block\"><div class=\"rank-math-faq-item\"><h3 class=\"rank-math-question\">Ist Mimosa sativa oder indica?<br\/><\/h3><div class=\"rank-math-answer\"><strong>Mimosa<\/strong> ist eine \u00fcberwiegend <strong>sativa<\/strong>-dominierte Sorte, mit <strong>70% Sativa-Genetik<\/strong> und <strong>30% Indica<\/strong>. Das bedeutet, dass ihre Effekte in der Regel energetisierend, euphorisierend und klar sind, perfekt f\u00fcr den Tag oder kreative Aktivit\u00e4ten. <br\/><\/div><\/div><div class=\"rank-math-faq-item\"><h3 class=\"rank-math-question\">Wie hoch ist der THC-Gehalt in Mimosa?<br\/><\/h3><div class=\"rank-math-answer\">Der <strong>THC<\/strong>-Gehalt in Mimosa kann zwischen <strong>24% und 30%<\/strong> liegen, was sie zu einer hochpotenten Sorte macht. Dieser THC-Gehalt macht sie ideal f\u00fcr erfahrene Nutzer, die intensive und langanhaltende Effekte suchen. Wir empfehlen, mit kleinen Dosen zu beginnen, wenn du nicht an starke Sorten gew\u00f6hnt bist.  <br\/><\/div><\/div><div class=\"rank-math-faq-item\"><h3 class=\"rank-math-question\">Ist Mimosa eine gute Option f\u00fcr Anf\u00e4nger?<br\/><\/h3><div class=\"rank-math-answer\">Ja, <strong>Mimosa<\/strong> ist eine ausgezeichnete Wahl f\u00fcr Anf\u00e4nger. Ihr kr\u00e4ftiges Wachstum und ihre gute Resistenz gegen Sch\u00e4dlinge machen sie zu einer leicht zu handhabenden Pflanze mit gro\u00dfz\u00fcgigen Ertr\u00e4gen, ohne dass fortgeschrittene Anbautechniken erforderlich sind. Zudem hat sie einen relativ kurzen Bl\u00fctezyklus, was eine schnelle Ernte erm\u00f6glicht.  <br\/><\/div><\/div><div class=\"rank-math-faq-item\"><h3 class=\"rank-math-question\">Wie lange braucht Mimosa, um zu bl\u00fchen?<br\/><\/h3><div class=\"rank-math-answer\">Die Bl\u00fctezeit von <strong>Mimosa<\/strong> betr\u00e4gt im Innenbereich <strong>65 bis 70 Tage<\/strong>. Wenn sie im Freien angebaut wird, ist sie normalerweise Mitte bis Ende <strong>Oktober<\/strong> erntereif. Dieser m\u00e4\u00dfig schnelle Bl\u00fctezyklus ist ideal f\u00fcr diejenigen, die effiziente Ergebnisse suchen, ohne die Qualit\u00e4t der Ernte zu beeintr\u00e4chtigen.  <br\/><\/div><\/div><div class=\"rank-math-faq-item\"><h3 class=\"rank-math-question\">Welches ist das beste Klima, um Mimosa anzubauen?<br\/><\/h3><div class=\"rank-math-answer\">Mimosa gedeiht am besten in <strong>warmen, sonnigen Klimazonen<\/strong>, wo sie das volle Potenzial des direkten Sonnenlichts aussch\u00f6pfen kann. Im Innenbereich ist es wichtig, eine kontrollierte Temperatur zwischen <strong>21\u00baC und 29\u00baC<\/strong> sowie eine moderate Luftfeuchtigkeit aufrechtzuerhalten, um die besten Ergebnisse zu erzielen. Wenn du im Freien anbaust, stelle sicher, dass die Pflanze gen\u00fcgend Platz und Licht hat, um ihr volles Potenzial zu erreichen.  <br\/><\/div><\/div><div class=\"rank-math-faq-item\"><h3 class=\"rank-math-question\">Wie schmeckt Mimosa?<br\/><\/h3><div class=\"rank-math-answer\">Der Geschmack von <strong>Mimosa<\/strong> ist eine k\u00f6stliche Kombination aus <strong>frischen Zitrusfr\u00fcchten<\/strong>, mit Noten von <strong>Orange, Grapefruit<\/strong> und einem Hauch von <strong>s\u00fc\u00dfen Beeren<\/strong>. Jeder Zug bietet ein perfektes Gleichgewicht zwischen S\u00fc\u00dfe und S\u00e4ure, was es zu einem unvergesslichen Geschmackserlebnis macht. Ihr Aroma, das an eine frisch gepresste Mimosa erinnert, hebt das Erlebnis auf die n\u00e4chste Stufe.  <\/div><\/div><\/div>\n","protected":false},"excerpt":{"rendered":"<p><b>Mimosa<\/b> ist eine dominante Sativa-Sorte, bekannt f\u00fcr ihre starke <b>energetisierende Wirkung<\/b> und ihren <b>unglaublichen Zitrusgeschmack<\/b> von Orange und Beeren. Mit bis zu <b>30% THC<\/b> und einer gro\u00dfz\u00fcgigen Produktion sowohl im Innen- als auch im Au\u00dfenbereich ist sie perfekt f\u00fcr diejenigen, die ein positives und vitalisierendes High suchen.<\/p>\n","protected":false},"featured_media":28546,"comment_status":"open","ping_status":"closed","template":"","meta":{"_acf_changed":false,"inline_featured_image":false,"_uag_custom_page_level_css":""},"product_brand":[],"product_cat":[1097],"product_tag":[],"class_list":{"0":"post-28553","1":"product","2":"type-product","3":"status-publish","4":"has-post-thumbnail","6":"product_cat-feminisierte-cannabis-samen","8":"first","9":"instock","10":"taxable","11":"shipping-taxable","12":"purchasable","13":"product-type-simple"},"acf":[],"uagb_featured_image_src":{"full":["https:\/\/bulkgenetics.com\/wp-content\/uploads\/2024\/09\/mimosa-strain-feminized-cannabis-seeds.jpg",1600,1600,false],"thumbnail":["https:\/\/bulkgenetics.com\/wp-content\/uploads\/2024\/09\/mimosa-strain-feminized-cannabis-seeds-150x150.jpg",150,150,true],"medium":["https:\/\/bulkgenetics.com\/wp-content\/uploads\/2024\/09\/mimosa-strain-feminized-cannabis-seeds-300x300.jpg",300,300,true],"medium_large":["https:\/\/bulkgenetics.com\/wp-content\/uploads\/2024\/09\/mimosa-strain-feminized-cannabis-seeds-768x768.jpg",768,768,true],"large":["https:\/\/bulkgenetics.com\/wp-content\/uploads\/2024\/09\/mimosa-strain-feminized-cannabis-seeds-1024x1024.jpg",1024,1024,true],"1536x1536":["https:\/\/bulkgenetics.com\/wp-content\/uploads\/2024\/09\/mimosa-strain-feminized-cannabis-seeds-1536x1536.jpg",1536,1536,true],"2048x2048":["https:\/\/bulkgenetics.com\/wp-content\/uploads\/2024\/09\/mimosa-strain-feminized-cannabis-seeds.jpg",1600,1600,false],"commercegurus-pdp-large":["https:\/\/bulkgenetics.com\/wp-content\/uploads\/2024\/09\/mimosa-strain-feminized-cannabis-seeds-990x990.jpg",990,990,true],"commercegurus-plp-mobile":["https:\/\/bulkgenetics.com\/wp-content\/uploads\/2024\/09\/mimosa-strain-feminized-cannabis-seeds-441x441.jpg",441,441,true],"cgkit_image_swatch":["https:\/\/bulkgenetics.com\/wp-content\/uploads\/2024\/09\/mimosa-strain-feminized-cannabis-seeds-100x100.jpg",100,100,true],"woocommerce_thumbnail":["https:\/\/bulkgenetics.com\/wp-content\/uploads\/2024\/09\/mimosa-strain-feminized-cannabis-seeds-300x300.jpg",300,300,true],"woocommerce_single":["https:\/\/bulkgenetics.com\/wp-content\/uploads\/2024\/09\/mimosa-strain-feminized-cannabis-seeds-800x800.jpg",800,800,true],"woocommerce_gallery_thumbnail":["https:\/\/bulkgenetics.com\/wp-content\/uploads\/2024\/09\/mimosa-strain-feminized-cannabis-seeds-150x150.jpg",150,150,true],"dgwt-wcas-product-suggestion":["https:\/\/bulkgenetics.com\/wp-content\/uploads\/2024\/09\/mimosa-strain-feminized-cannabis-seeds-64x64.jpg",64,64,true]},"uagb_author_info":{"display_name":"\u00c1ngel Flores","author_link":"https:\/\/bulkgenetics.com\/de\/author\/"},"uagb_comment_info":0,"uagb_excerpt":"Mimosa ist eine dominante Sativa-Sorte, bekannt f\u00fcr ihre starke energetisierende Wirkung und ihren unglaublichen Zitrusgeschmack von Orange und Beeren. Mit bis zu 30% THC und einer gro\u00dfz\u00fcgigen Produktion sowohl im Innen- als auch im Au\u00dfenbereich ist sie perfekt f\u00fcr diejenigen, die ein positives und vitalisierendes High suchen.","_links":{"self":[{"href":"https:\/\/bulkgenetics.com\/de\/wp-json\/wp\/v2\/product\/28553","targetHints":{"allow":["GET"]}}],"collection":[{"href":"https:\/\/bulkgenetics.com\/de\/wp-json\/wp\/v2\/product"}],"about":[{"href":"https:\/\/bulkgenetics.com\/de\/wp-json\/wp\/v2\/types\/product"}],"replies":[{"embeddable":true,"href":"https:\/\/bulkgenetics.com\/de\/wp-json\/wp\/v2\/comments?post=28553"}],"wp:featuredmedia":[{"embeddable":true,"href":"https:\/\/bulkgenetics.com\/de\/wp-json\/wp\/v2\/media\/28546"}],"wp:attachment":[{"href":"https:\/\/bulkgenetics.com\/de\/wp-json\/wp\/v2\/media?parent=28553"}],"wp:term":[{"taxonomy":"product_brand","embeddable":true,"href":"https:\/\/bulkgenetics.com\/de\/wp-json\/wp\/v2\/product_brand?post=28553"},{"taxonomy":"product_cat","embeddable":true,"href":"https:\/\/bulkgenetics.com\/de\/wp-json\/wp\/v2\/product_cat?post=28553"},{"taxonomy":"product_tag","embeddable":true,"href":"https:\/\/bulkgenetics.com\/de\/wp-json\/wp\/v2\/product_tag?post=28553"}],"curies":[{"name":"wp","href":"https:\/\/api.w.org\/{rel}","templated":true}]}}